{"id":205634,"date":"2023-05-10T14:01:46","date_gmt":"2023-05-10T12:01:46","guid":{"rendered":"https:\/\/marktxxl.de\/markt\/produkt\/ohrstoepsel-wiederverwendbare-ohrenstoepsel-zur-gehoerschutz-32-39db-weiche-silikon-zum-schallschutz-schlaf-geraeuschunterdrueckung-fuer-arbeit-reisen-schiessstand-motorrad-schlaf-schnarchenschw\/"},"modified":"2023-05-10T14:01:46","modified_gmt":"2023-05-10T12:01:46","slug":"ohrstoepsel-wiederverwendbare-ohrenstoepsel-zur-gehoerschutz-32-39db-weiche-silikon-zum-schallschutz-schlaf-geraeuschunterdrueckung-fuer-arbeit-reisen-schiessstand-motorrad-schlaf-schnarchenschw","status":"publish","type":"product","link":"https:\/\/marktxxl.de\/markt\/produkt\/ohrstoepsel-wiederverwendbare-ohrenstoepsel-zur-gehoerschutz-32-39db-weiche-silikon-zum-schallschutz-schlaf-geraeuschunterdrueckung-fuer-arbeit-reisen-schiessstand-motorrad-schlaf-schnarchenschw\/","title":{"rendered":"Ohrst\u00f6psel, Wiederverwendbare Ohrenst\u00f6psel zur Geh\u00f6rschutz 32-39dB Weiche Silikon zum Schallschutz Schlaf Ger\u00e4uschunterdr\u00fcckung f\u00fcr Arbeit, Reisen, Schie\u00dfstand, Motorrad, Schlaf Schnarchen(Schwarz)"},"content":{"rendered":"<p>LONG TAIL: Das Long-Tail-Design ist einfach zu tragen und vermeidet direkten Kontakt mit dem In-Ear-Teil der Schlaf-Ohrh\u00f6rer, um die Gesundheit Ihres Geh\u00f6rgangs zu sch\u00fctzen.<br \/>\nSUPERWEICHE W\u00c4HLEN &#8211; Die wiederverwendbaren Ohrst\u00f6psel aus medizinischem Silikon sind weich und flexibel und verursachen auch bei langem Tragen keine Schmerzen.<br \/>\nWENIGER L\u00c4RM, WENIGER UNTERBRECHUNGEN &#8211; Die Ohrst\u00f6psel bildet eine Abdichtung zwischen Ihrem Ohr Geh\u00f6rgang und St\u00f6psel und d\u00e4mpfen Ger\u00e4usche von au\u00dfen gut.<br \/>\nGANZT\u00c4GIGER KOMFORT &#8211; Mit dem ergonomische Design des Geh\u00f6rschutzes ist beim Tragen praktisch nicht wahrnehmbar. Bequem auch f\u00fcr Seitenschl\u00e4fer. Die Ohrst\u00f6psel erm\u00f6glichen es Ihnen, sich auf die Seite zu legen, ohne so viel Druck auf Ihre Ohren auszu\u00fcben<br \/>\nEINFACH ZU TRAGEN &#8211; Die Ohrst\u00f6psel mit Etui im \u200b\u200bTaschenformat sind leicht und lassen sich \u00fcberall hin mitnehmen. Es ist ein Muss f\u00fcr Musiker, Flugzeugdruckbeschwerden, Jagd, Festival usw.<br \/>\n<div class=\"main-cross-sell\" data-asin=\"B0BW8ZV65X\">\n\n\t<div class=\"WooZone-cross-sell-loader\">\n\t\t<div>\n\t\t\t<div id=\"floatingBarsG\">\n\t\t\t\t<div class=\"blockG\" id=\"rotateG_01\"><\/div>\n\t\t\t\t<div class=\"blockG\" id=\"rotateG_02\"><\/div>\n\t\t\t\t<div class=\"blockG\" id=\"rotateG_03\"><\/div>\n\t\t\t\t<div class=\"blockG\" id=\"rotateG_04\"><\/div>\n\t\t\t\t<div class=\"blockG\" id=\"rotateG_05\"><\/div>\n\t\t\t\t<div class=\"blockG\" id=\"rotateG_06\"><\/div>\n\t\t\t\t<div class=\"blockG\" id=\"rotateG_07\"><\/div>\n\t\t\t\t<div class=\"blockG\" id=\"rotateG_08\"><\/div>\n\t\t\t<\/div>\n\t\t\t<div class=\"WooZone-cross-sell-loader-text\"><\/div>\n\t\t<\/div>\n\t<\/div>\n\n\t\t\n<\/div>\n<div style=\"clear:both;\"><\/div><\/p>\n","protected":false},"excerpt":{"rendered":"<p>LONG TAIL: Das Long-Tail-Design ist einfach zu tragen und vermeidet direkten Kontakt mit dem In-Ear-Teil der Schlaf-Ohrh\u00f6rer, um die Gesundheit Ihres Geh\u00f6rgangs zu sch\u00fctzen.<br \/>\nSUPERWEICHE W\u00c4HLEN &#8211; Die wiederverwendbaren Ohrst\u00f6psel aus medizinischem Silikon sind weich und flexibel und verursachen auch bei langem Tragen keine Schmerzen.<br \/>\nWENIGER L\u00c4RM, WENIGER UNTERBRECHUNGEN &#8211; Die Ohrst\u00f6psel bildet eine Abdichtung zwischen Ihrem Ohr Geh\u00f6rgang und St\u00f6psel und d\u00e4mpfen Ger\u00e4usche von au\u00dfen gut.<\/p>\n","protected":false},"featured_media":205635,"comment_status":"open","ping_status":"closed","template":"","meta":[],"product_brand":[],"product_cat":[566,5846],"product_tag":[],"class_list":{"0":"post-205634","1":"product","2":"type-product","3":"status-publish","4":"has-post-thumbnail","6":"product_cat-drogerie-koerperpflege","7":"product_cat-medizin-erste-hilfe","8":"pa_binding-badartikel","9":"pa_brand-bandxin","10":"pa_color-mattes-schwarz","11":"pa_manufacturer-bandxin","12":"pa_model-ohrstoepsel-01","13":"pa_size-1-stueck-1er-pack","15":"first","16":"instock","17":"shipping-taxable","18":"purchasable","19":"product-type-simple","20":"customify-col","21":"product-has-gallery"},"yoast_head":"<!-- This site is optimized with the Yoast SEO plugin v27.4 - https:\/\/yoast.com\/product\/yoast-seo-wordpress\/ -->\n<title>Ohrst\u00f6psel, Wiederverwendbare Ohrenst\u00f6psel zur Geh\u00f6rschutz 32-39dB Weiche Silikon zum Schallschutz Schlaf Ger\u00e4uschunterdr\u00fcckung f\u00fcr Arbeit, Reisen, Schie\u00dfstand, Motorrad, Schlaf Schnarchen(Schwarz) - Markt-XXL<\/title>\n<meta name=\"description\" content=\"Markt-XXL Ohrst\u00f6psel, Wiederverwendbare Ohrenst\u00f6psel zur Geh\u00f6rschutz 32-39dB Weiche Silikon zum Schallschutz Schlaf Ger\u00e4uschunterdr\u00fcckung f\u00fcr Arbeit, Reisen, Schie\u00dfstand, Motorrad, Schlaf Schnarchen(Schwarz)\" \/>\n<meta name=\"robots\" content=\"index, follow, max-snippet:-1, max-image-preview:large, max-video-preview:-1\" \/>\n<link rel=\"canonical\" href=\"https:\/\/marktxxl.de\/markt\/produkt\/ohrstoepsel-wiederverwendbare-ohrenstoepsel-zur-gehoerschutz-32-39db-weiche-silikon-zum-schallschutz-schlaf-geraeuschunterdrueckung-fuer-arbeit-reisen-schiessstand-motorrad-schlaf-schnarchenschw\/\" \/>\n<meta property=\"og:locale\" content=\"de_DE\" \/>\n<meta property=\"og:type\" content=\"article\" \/>\n<meta property=\"og:title\" content=\"Ohrst\u00f6psel, Wiederverwendbare Ohrenst\u00f6psel zur Geh\u00f6rschutz 32-39dB Weiche Silikon zum Schallschutz Schlaf Ger\u00e4uschunterdr\u00fcckung f\u00fcr Arbeit, Reisen, Schie\u00dfstand, Motorrad, Schlaf Schnarchen(Schwarz) - Markt-XXL\" \/>\n<meta property=\"og:description\" content=\"Markt-XXL Ohrst\u00f6psel, Wiederverwendbare Ohrenst\u00f6psel zur Geh\u00f6rschutz 32-39dB Weiche Silikon zum Schallschutz Schlaf Ger\u00e4uschunterdr\u00fcckung f\u00fcr Arbeit, Reisen, Schie\u00dfstand, Motorrad, Schlaf Schnarchen(Schwarz)\" \/>\n<meta property=\"og:url\" content=\"https:\/\/marktxxl.de\/markt\/produkt\/ohrstoepsel-wiederverwendbare-ohrenstoepsel-zur-gehoerschutz-32-39db-weiche-silikon-zum-schallschutz-schlaf-geraeuschunterdrueckung-fuer-arbeit-reisen-schiessstand-motorrad-schlaf-schnarchenschw\/\" \/>\n<meta property=\"og:site_name\" content=\"Markt-XXL\" \/>\n<meta name=\"twitter:card\" content=\"summary_large_image\" \/>\n<meta name=\"twitter:label1\" content=\"Gesch\u00e4tzte Lesezeit\" \/>\n\t<meta name=\"twitter:data1\" content=\"1\u00a0Minute\" \/>\n<script type=\"application\/ld+json\" class=\"yoast-schema-graph\">{\"@context\":\"https:\\\/\\\/schema.org\",\"@graph\":[{\"@type\":\"WebPage\",\"@id\":\"https:\\\/\\\/marktxxl.de\\\/markt\\\/produkt\\\/ohrstoepsel-wiederverwendbare-ohrenstoepsel-zur-gehoerschutz-32-39db-weiche-silikon-zum-schallschutz-schlaf-geraeuschunterdrueckung-fuer-arbeit-reisen-schiessstand-motorrad-schlaf-schnarchenschw\\\/\",\"url\":\"https:\\\/\\\/marktxxl.de\\\/markt\\\/produkt\\\/ohrstoepsel-wiederverwendbare-ohrenstoepsel-zur-gehoerschutz-32-39db-weiche-silikon-zum-schallschutz-schlaf-geraeuschunterdrueckung-fuer-arbeit-reisen-schiessstand-motorrad-schlaf-schnarchenschw\\\/\",\"name\":\"Ohrst\u00f6psel, Wiederverwendbare Ohrenst\u00f6psel zur Geh\u00f6rschutz 32-39dB Weiche Silikon zum Schallschutz Schlaf Ger\u00e4uschunterdr\u00fcckung f\u00fcr Arbeit, Reisen, Schie\u00dfstand, Motorrad, Schlaf Schnarchen(Schwarz) - Markt-XXL\",\"isPartOf\":{\"@id\":\"https:\\\/\\\/marktxxl.de\\\/markt\\\/#website\"},\"primaryImageOfPage\":{\"@id\":\"https:\\\/\\\/marktxxl.de\\\/markt\\\/produkt\\\/ohrstoepsel-wiederverwendbare-ohrenstoepsel-zur-gehoerschutz-32-39db-weiche-silikon-zum-schallschutz-schlaf-geraeuschunterdrueckung-fuer-arbeit-reisen-schiessstand-motorrad-schlaf-schnarchenschw\\\/#primaryimage\"},\"image\":{\"@id\":\"https:\\\/\\\/marktxxl.de\\\/markt\\\/produkt\\\/ohrstoepsel-wiederverwendbare-ohrenstoepsel-zur-gehoerschutz-32-39db-weiche-silikon-zum-schallschutz-schlaf-geraeuschunterdrueckung-fuer-arbeit-reisen-schiessstand-motorrad-schlaf-schnarchenschw\\\/#primaryimage\"},\"thumbnailUrl\":\"https:\\\/\\\/m.media-amazon.com\\\/images\\\/I\\\/41KXpeAquQL._SL500_.jpg\",\"datePublished\":\"2023-05-10T12:01:46+00:00\",\"description\":\"Markt-XXL Ohrst\u00f6psel, Wiederverwendbare Ohrenst\u00f6psel zur Geh\u00f6rschutz 32-39dB Weiche Silikon zum Schallschutz Schlaf Ger\u00e4uschunterdr\u00fcckung f\u00fcr Arbeit, Reisen, Schie\u00dfstand, Motorrad, Schlaf Schnarchen(Schwarz)\",\"breadcrumb\":{\"@id\":\"https:\\\/\\\/marktxxl.de\\\/markt\\\/produkt\\\/ohrstoepsel-wiederverwendbare-ohrenstoepsel-zur-gehoerschutz-32-39db-weiche-silikon-zum-schallschutz-schlaf-geraeuschunterdrueckung-fuer-arbeit-reisen-schiessstand-motorrad-schlaf-schnarchenschw\\\/#breadcrumb\"},\"inLanguage\":\"de\",\"potentialAction\":[{\"@type\":\"ReadAction\",\"target\":[\"https:\\\/\\\/marktxxl.de\\\/markt\\\/produkt\\\/ohrstoepsel-wiederverwendbare-ohrenstoepsel-zur-gehoerschutz-32-39db-weiche-silikon-zum-schallschutz-schlaf-geraeuschunterdrueckung-fuer-arbeit-reisen-schiessstand-motorrad-schlaf-schnarchenschw\\\/\"]}]},{\"@type\":\"ImageObject\",\"inLanguage\":\"de\",\"@id\":\"https:\\\/\\\/marktxxl.de\\\/markt\\\/produkt\\\/ohrstoepsel-wiederverwendbare-ohrenstoepsel-zur-gehoerschutz-32-39db-weiche-silikon-zum-schallschutz-schlaf-geraeuschunterdrueckung-fuer-arbeit-reisen-schiessstand-motorrad-schlaf-schnarchenschw\\\/#primaryimage\",\"url\":\"https:\\\/\\\/m.media-amazon.com\\\/images\\\/I\\\/41KXpeAquQL._SL500_.jpg\",\"contentUrl\":\"https:\\\/\\\/m.media-amazon.com\\\/images\\\/I\\\/41KXpeAquQL._SL500_.jpg\",\"width\":500,\"height\":500},{\"@type\":\"BreadcrumbList\",\"@id\":\"https:\\\/\\\/marktxxl.de\\\/markt\\\/produkt\\\/ohrstoepsel-wiederverwendbare-ohrenstoepsel-zur-gehoerschutz-32-39db-weiche-silikon-zum-schallschutz-schlaf-geraeuschunterdrueckung-fuer-arbeit-reisen-schiessstand-motorrad-schlaf-schnarchenschw\\\/#breadcrumb\",\"itemListElement\":[{\"@type\":\"ListItem\",\"position\":1,\"name\":\"Startseite\",\"item\":\"https:\\\/\\\/marktxxl.de\\\/markt\\\/\"},{\"@type\":\"ListItem\",\"position\":2,\"name\":\"Markt\",\"item\":\"https:\\\/\\\/marktxxl.de\\\/markt\\\/\"},{\"@type\":\"ListItem\",\"position\":3,\"name\":\"Ohrst\u00f6psel, Wiederverwendbare Ohrenst\u00f6psel zur Geh\u00f6rschutz 32-39dB Weiche Silikon zum Schallschutz Schlaf Ger\u00e4uschunterdr\u00fcckung f\u00fcr Arbeit, Reisen, Schie\u00dfstand, Motorrad, Schlaf Schnarchen(Schwarz)\"}]},{\"@type\":\"WebSite\",\"@id\":\"https:\\\/\\\/marktxxl.de\\\/markt\\\/#website\",\"url\":\"https:\\\/\\\/marktxxl.de\\\/markt\\\/\",\"name\":\"Markt-XXL\",\"description\":\"Ihr Markt Online\",\"publisher\":{\"@id\":\"https:\\\/\\\/marktxxl.de\\\/markt\\\/#organization\"},\"potentialAction\":[{\"@type\":\"SearchAction\",\"target\":{\"@type\":\"EntryPoint\",\"urlTemplate\":\"https:\\\/\\\/marktxxl.de\\\/markt\\\/?s={search_term_string}\"},\"query-input\":{\"@type\":\"PropertyValueSpecification\",\"valueRequired\":true,\"valueName\":\"search_term_string\"}}],\"inLanguage\":\"de\"},{\"@type\":\"Organization\",\"@id\":\"https:\\\/\\\/marktxxl.de\\\/markt\\\/#organization\",\"name\":\"Markt-XXL\",\"url\":\"https:\\\/\\\/marktxxl.de\\\/markt\\\/\",\"logo\":{\"@type\":\"ImageObject\",\"inLanguage\":\"de\",\"@id\":\"https:\\\/\\\/marktxxl.de\\\/markt\\\/#\\\/schema\\\/logo\\\/image\\\/\",\"url\":\"https:\\\/\\\/marktxxl.de\\\/markt\\\/wp-content\\\/uploads\\\/sites\\\/3\\\/2020\\\/12\\\/logo.png\",\"contentUrl\":\"https:\\\/\\\/marktxxl.de\\\/markt\\\/wp-content\\\/uploads\\\/sites\\\/3\\\/2020\\\/12\\\/logo.png\",\"width\":200,\"height\":70,\"caption\":\"Markt-XXL\"},\"image\":{\"@id\":\"https:\\\/\\\/marktxxl.de\\\/markt\\\/#\\\/schema\\\/logo\\\/image\\\/\"}}]}<\/script>\n<!-- \/ Yoast SEO plugin. -->","yoast_head_json":{"title":"Ohrst\u00f6psel, Wiederverwendbare Ohrenst\u00f6psel zur Geh\u00f6rschutz 32-39dB Weiche Silikon zum Schallschutz Schlaf Ger\u00e4uschunterdr\u00fcckung f\u00fcr Arbeit, Reisen, Schie\u00dfstand, Motorrad, Schlaf Schnarchen(Schwarz) - Markt-XXL","description":"Markt-XXL Ohrst\u00f6psel, Wiederverwendbare Ohrenst\u00f6psel zur Geh\u00f6rschutz 32-39dB Weiche Silikon zum Schallschutz Schlaf Ger\u00e4uschunterdr\u00fcckung f\u00fcr Arbeit, Reisen, Schie\u00dfstand, Motorrad, Schlaf Schnarchen(Schwarz)","robots":{"index":"index","follow":"follow","max-snippet":"max-snippet:-1","max-image-preview":"max-image-preview:large","max-video-preview":"max-video-preview:-1"},"canonical":"https:\/\/marktxxl.de\/markt\/produkt\/ohrstoepsel-wiederverwendbare-ohrenstoepsel-zur-gehoerschutz-32-39db-weiche-silikon-zum-schallschutz-schlaf-geraeuschunterdrueckung-fuer-arbeit-reisen-schiessstand-motorrad-schlaf-schnarchenschw\/","og_locale":"de_DE","og_type":"article","og_title":"Ohrst\u00f6psel, Wiederverwendbare Ohrenst\u00f6psel zur Geh\u00f6rschutz 32-39dB Weiche Silikon zum Schallschutz Schlaf Ger\u00e4uschunterdr\u00fcckung f\u00fcr Arbeit, Reisen, Schie\u00dfstand, Motorrad, Schlaf Schnarchen(Schwarz) - Markt-XXL","og_description":"Markt-XXL Ohrst\u00f6psel, Wiederverwendbare Ohrenst\u00f6psel zur Geh\u00f6rschutz 32-39dB Weiche Silikon zum Schallschutz Schlaf Ger\u00e4uschunterdr\u00fcckung f\u00fcr Arbeit, Reisen, Schie\u00dfstand, Motorrad, Schlaf Schnarchen(Schwarz)","og_url":"https:\/\/marktxxl.de\/markt\/produkt\/ohrstoepsel-wiederverwendbare-ohrenstoepsel-zur-gehoerschutz-32-39db-weiche-silikon-zum-schallschutz-schlaf-geraeuschunterdrueckung-fuer-arbeit-reisen-schiessstand-motorrad-schlaf-schnarchenschw\/","og_site_name":"Markt-XXL","twitter_card":"summary_large_image","twitter_misc":{"Gesch\u00e4tzte Lesezeit":"1\u00a0Minute"},"schema":{"@context":"https:\/\/schema.org","@graph":[{"@type":"WebPage","@id":"https:\/\/marktxxl.de\/markt\/produkt\/ohrstoepsel-wiederverwendbare-ohrenstoepsel-zur-gehoerschutz-32-39db-weiche-silikon-zum-schallschutz-schlaf-geraeuschunterdrueckung-fuer-arbeit-reisen-schiessstand-motorrad-schlaf-schnarchenschw\/","url":"https:\/\/marktxxl.de\/markt\/produkt\/ohrstoepsel-wiederverwendbare-ohrenstoepsel-zur-gehoerschutz-32-39db-weiche-silikon-zum-schallschutz-schlaf-geraeuschunterdrueckung-fuer-arbeit-reisen-schiessstand-motorrad-schlaf-schnarchenschw\/","name":"Ohrst\u00f6psel, Wiederverwendbare Ohrenst\u00f6psel zur Geh\u00f6rschutz 32-39dB Weiche Silikon zum Schallschutz Schlaf Ger\u00e4uschunterdr\u00fcckung f\u00fcr Arbeit, Reisen, Schie\u00dfstand, Motorrad, Schlaf Schnarchen(Schwarz) - Markt-XXL","isPartOf":{"@id":"https:\/\/marktxxl.de\/markt\/#website"},"primaryImageOfPage":{"@id":"https:\/\/marktxxl.de\/markt\/produkt\/ohrstoepsel-wiederverwendbare-ohrenstoepsel-zur-gehoerschutz-32-39db-weiche-silikon-zum-schallschutz-schlaf-geraeuschunterdrueckung-fuer-arbeit-reisen-schiessstand-motorrad-schlaf-schnarchenschw\/#primaryimage"},"image":{"@id":"https:\/\/marktxxl.de\/markt\/produkt\/ohrstoepsel-wiederverwendbare-ohrenstoepsel-zur-gehoerschutz-32-39db-weiche-silikon-zum-schallschutz-schlaf-geraeuschunterdrueckung-fuer-arbeit-reisen-schiessstand-motorrad-schlaf-schnarchenschw\/#primaryimage"},"thumbnailUrl":"https:\/\/m.media-amazon.com\/images\/I\/41KXpeAquQL._SL500_.jpg","datePublished":"2023-05-10T12:01:46+00:00","description":"Markt-XXL Ohrst\u00f6psel, Wiederverwendbare Ohrenst\u00f6psel zur Geh\u00f6rschutz 32-39dB Weiche Silikon zum Schallschutz Schlaf Ger\u00e4uschunterdr\u00fcckung f\u00fcr Arbeit, Reisen, Schie\u00dfstand, Motorrad, Schlaf Schnarchen(Schwarz)","breadcrumb":{"@id":"https:\/\/marktxxl.de\/markt\/produkt\/ohrstoepsel-wiederverwendbare-ohrenstoepsel-zur-gehoerschutz-32-39db-weiche-silikon-zum-schallschutz-schlaf-geraeuschunterdrueckung-fuer-arbeit-reisen-schiessstand-motorrad-schlaf-schnarchenschw\/#breadcrumb"},"inLanguage":"de","potentialAction":[{"@type":"ReadAction","target":["https:\/\/marktxxl.de\/markt\/produkt\/ohrstoepsel-wiederverwendbare-ohrenstoepsel-zur-gehoerschutz-32-39db-weiche-silikon-zum-schallschutz-schlaf-geraeuschunterdrueckung-fuer-arbeit-reisen-schiessstand-motorrad-schlaf-schnarchenschw\/"]}]},{"@type":"ImageObject","inLanguage":"de","@id":"https:\/\/marktxxl.de\/markt\/produkt\/ohrstoepsel-wiederverwendbare-ohrenstoepsel-zur-gehoerschutz-32-39db-weiche-silikon-zum-schallschutz-schlaf-geraeuschunterdrueckung-fuer-arbeit-reisen-schiessstand-motorrad-schlaf-schnarchenschw\/#primaryimage","url":"https:\/\/m.media-amazon.com\/images\/I\/41KXpeAquQL._SL500_.jpg","contentUrl":"https:\/\/m.media-amazon.com\/images\/I\/41KXpeAquQL._SL500_.jpg","width":500,"height":500},{"@type":"BreadcrumbList","@id":"https:\/\/marktxxl.de\/markt\/produkt\/ohrstoepsel-wiederverwendbare-ohrenstoepsel-zur-gehoerschutz-32-39db-weiche-silikon-zum-schallschutz-schlaf-geraeuschunterdrueckung-fuer-arbeit-reisen-schiessstand-motorrad-schlaf-schnarchenschw\/#breadcrumb","itemListElement":[{"@type":"ListItem","position":1,"name":"Startseite","item":"https:\/\/marktxxl.de\/markt\/"},{"@type":"ListItem","position":2,"name":"Markt","item":"https:\/\/marktxxl.de\/markt\/"},{"@type":"ListItem","position":3,"name":"Ohrst\u00f6psel, Wiederverwendbare Ohrenst\u00f6psel zur Geh\u00f6rschutz 32-39dB Weiche Silikon zum Schallschutz Schlaf Ger\u00e4uschunterdr\u00fcckung f\u00fcr Arbeit, Reisen, Schie\u00dfstand, Motorrad, Schlaf Schnarchen(Schwarz)"}]},{"@type":"WebSite","@id":"https:\/\/marktxxl.de\/markt\/#website","url":"https:\/\/marktxxl.de\/markt\/","name":"Markt-XXL","description":"Ihr Markt Online","publisher":{"@id":"https:\/\/marktxxl.de\/markt\/#organization"},"potentialAction":[{"@type":"SearchAction","target":{"@type":"EntryPoint","urlTemplate":"https:\/\/marktxxl.de\/markt\/?s={search_term_string}"},"query-input":{"@type":"PropertyValueSpecification","valueRequired":true,"valueName":"search_term_string"}}],"inLanguage":"de"},{"@type":"Organization","@id":"https:\/\/marktxxl.de\/markt\/#organization","name":"Markt-XXL","url":"https:\/\/marktxxl.de\/markt\/","logo":{"@type":"ImageObject","inLanguage":"de","@id":"https:\/\/marktxxl.de\/markt\/#\/schema\/logo\/image\/","url":"https:\/\/marktxxl.de\/markt\/wp-content\/uploads\/sites\/3\/2020\/12\/logo.png","contentUrl":"https:\/\/marktxxl.de\/markt\/wp-content\/uploads\/sites\/3\/2020\/12\/logo.png","width":200,"height":70,"caption":"Markt-XXL"},"image":{"@id":"https:\/\/marktxxl.de\/markt\/#\/schema\/logo\/image\/"}}]}},"_links":{"self":[{"href":"https:\/\/marktxxl.de\/markt\/wp-json\/wp\/v2\/product\/205634","targetHints":{"allow":["GET"]}}],"collection":[{"href":"https:\/\/marktxxl.de\/markt\/wp-json\/wp\/v2\/product"}],"about":[{"href":"https:\/\/marktxxl.de\/markt\/wp-json\/wp\/v2\/types\/product"}],"replies":[{"embeddable":true,"href":"https:\/\/marktxxl.de\/markt\/wp-json\/wp\/v2\/comments?post=205634"}],"wp:featuredmedia":[{"embeddable":true,"href":"https:\/\/marktxxl.de\/markt\/wp-json\/wp\/v2\/media\/205635"}],"wp:attachment":[{"href":"https:\/\/marktxxl.de\/markt\/wp-json\/wp\/v2\/media?parent=205634"}],"wp:term":[{"taxonomy":"product_brand","embeddable":true,"href":"https:\/\/marktxxl.de\/markt\/wp-json\/wp\/v2\/product_brand?post=205634"},{"taxonomy":"product_cat","embeddable":true,"href":"https:\/\/marktxxl.de\/markt\/wp-json\/wp\/v2\/product_cat?post=205634"},{"taxonomy":"product_tag","embeddable":true,"href":"https:\/\/marktxxl.de\/markt\/wp-json\/wp\/v2\/product_tag?post=205634"}],"curies":[{"name":"wp","href":"https:\/\/api.w.org\/{rel}","templated":true}]}}