{"id":205625,"date":"2023-05-10T14:01:37","date_gmt":"2023-05-10T12:01:37","guid":{"rendered":"https:\/\/marktxxl.de\/markt\/produkt\/ohrstoepsel-3-paar-wiederverwendbare-silikon-ohrstoepsel-zum-schlafen-ohrenstoepsel-gehoerschutz-perfekt-fuer-schlafen-schnarchen-lernen-konzerte-flugzeug\/"},"modified":"2023-05-10T14:01:37","modified_gmt":"2023-05-10T12:01:37","slug":"ohrstoepsel-3-paar-wiederverwendbare-silikon-ohrstoepsel-zum-schlafen-ohrenstoepsel-gehoerschutz-perfekt-fuer-schlafen-schnarchen-lernen-konzerte-flugzeug","status":"publish","type":"product","link":"https:\/\/marktxxl.de\/markt\/produkt\/ohrstoepsel-3-paar-wiederverwendbare-silikon-ohrstoepsel-zum-schlafen-ohrenstoepsel-gehoerschutz-perfekt-fuer-schlafen-schnarchen-lernen-konzerte-flugzeug\/","title":{"rendered":"Ohrst\u00f6psel, 3 Paar Wiederverwendbare Silikon Ohrst\u00f6psel zum Schlafen Ohrenst\u00f6psel Geh\u00f6rschutz Perfekt f\u00fcr Schlafen, Schnarchen, Lernen, Konzerte, Flugzeug"},"content":{"rendered":"<p>\u3010Hervorragende Ger\u00e4uschunterdr\u00fcckung\u3011 Diese ger\u00e4uschunterdr\u00fcckenden Ohrst\u00f6psel sind mit speziellen akustischen Filtern ausgestattet, um sch\u00e4dliche Dezibelpegel zu reduzieren und Ihre Ohren an lauten Orten zu sch\u00fctzen. Die dreischichtige Schirmstruktur reduziert die L\u00e4rmbelastung des Trommelfells um das Dreifache und passt sich bequem dem Geh\u00f6rgang an.<br \/>\n\u3010Wiederverwendbar und waschbar\u3011 Unsere ger\u00e4uschunterdr\u00fcckenden Ohrst\u00f6psel Geh\u00f6rschutz zum L\u00e4rm Reduktion sind aus hochwertigem Silikonmaterial gefertigt, leicht zu reinigen, wiederverwendbar, nicht leicht zu besch\u00e4digen und bieten ein hervorragendes Preis-Leistungs-Verh\u00e4ltnis.<br \/>\n\u3010Super Komfort\u3011 Immer noch beunruhigt von den unbequemen Kopfh\u00f6rern? Das ultraweiche Silikonmaterial sorgt daf\u00fcr, dass unsere ger\u00e4uschunterdr\u00fcckenden Ohrst\u00f6psel sehr angenehm zu tragen sind, und die ergonomische Konstruktion h\u00e4lt die Ohrst\u00f6psel fest an Ihren Ohren und f\u00e4llt nicht leicht ab. Jedes Paar Ohrst\u00f6psel wiegt nur 1,6 Gramm, wodurch der Druck auf die Ohren reduziert wird und sie f\u00fcr langfristiges Tragen geeignet sind.<br \/>\n\u3010Praktisch und tragbar\u3011 Ausgestattet mit einer separaten tragbaren Silikon-Aufbewahrungsbox, k\u00f6nnen Sie unsere ger\u00e4uschunterdr\u00fcckenden Ohrst\u00f6psel jederzeit bequem bei sich tragen. Es ist sehr bequem, die Geh\u00f6rschutz Ohrst\u00f6psel jederzeit herauszunehmen und mitzunehmen.<br \/>\n\u3010Mehrfachverwendung\u3011 Multifunktionale Ohrst\u00f6psel mit Ger\u00e4uschunterdr\u00fcckung: Musiker-Ohrst\u00f6psel, Geh\u00f6rschutz vor L\u00e4rm bei der Arbeit, Ger\u00e4uschreduzierung zum Schlafen, Bau-Geh\u00f6rschutz, Motorrad-Ohrst\u00f6psel, Konzert-Ohrst\u00f6psel, Meditation, Schallblockierung, Lernen, Fokus, Schlagzeuger, Raves, Sport Veranstaltungen, Fitnesskurse, laute Arbeitsumgebungen oder Personen mit L\u00e4rmempfindlichkeit.<br \/>\n<div class=\"main-cross-sell\" data-asin=\"B0BZ88ZF7D\">\n\n\t<div class=\"WooZone-cross-sell-loader\">\n\t\t<div>\n\t\t\t<div id=\"floatingBarsG\">\n\t\t\t\t<div class=\"blockG\" id=\"rotateG_01\"><\/div>\n\t\t\t\t<div class=\"blockG\" id=\"rotateG_02\"><\/div>\n\t\t\t\t<div class=\"blockG\" id=\"rotateG_03\"><\/div>\n\t\t\t\t<div class=\"blockG\" id=\"rotateG_04\"><\/div>\n\t\t\t\t<div class=\"blockG\" id=\"rotateG_05\"><\/div>\n\t\t\t\t<div class=\"blockG\" id=\"rotateG_06\"><\/div>\n\t\t\t\t<div class=\"blockG\" id=\"rotateG_07\"><\/div>\n\t\t\t\t<div class=\"blockG\" id=\"rotateG_08\"><\/div>\n\t\t\t<\/div>\n\t\t\t<div class=\"WooZone-cross-sell-loader-text\"><\/div>\n\t\t<\/div>\n\t<\/div>\n\n\t\t\n<\/div>\n<div style=\"clear:both;\"><\/div><\/p>\n","protected":false},"excerpt":{"rendered":"<p>\u3010Hervorragende Ger\u00e4uschunterdr\u00fcckung\u3011 Diese ger\u00e4uschunterdr\u00fcckenden Ohrst\u00f6psel sind mit speziellen akustischen Filtern ausgestattet, um sch\u00e4dliche Dezibelpegel zu reduzieren und Ihre Ohren an lauten Orten zu sch\u00fctzen. Die dreischichtige Schirmstruktur reduziert die L\u00e4rmbelastung des Trommelfells um das Dreifache und passt sich bequem dem Geh\u00f6rgang an.<br \/>\n\u3010Wiederverwendbar und waschbar\u3011 Unsere ger\u00e4uschunterdr\u00fcckenden Ohrst\u00f6psel Geh\u00f6rschutz zum L\u00e4rm Reduktion sind aus hochwertigem Silikonmaterial gefertigt, leicht zu reinigen, wiederverwendbar, nicht leicht zu besch\u00e4digen und bieten ein hervorragendes Preis-Leistungs-Verh\u00e4ltnis.<br \/>\n\u3010Super Komfort\u3011 Immer noch beunruhigt von den unbequemen Kopfh\u00f6rern? Das ultraweiche Silikonmaterial sorgt daf\u00fcr, dass unsere ger\u00e4uschunterdr\u00fcckenden Ohrst\u00f6psel sehr angenehm zu tragen sind, und die ergonomische Konstruktion h\u00e4lt die Ohrst\u00f6psel fest an Ihren Ohren und f\u00e4llt nicht leicht ab. Jedes Paar Ohrst\u00f6psel wiegt nur 1,6 Gramm, wodurch der Druck auf die Ohren reduziert wird und sie f\u00fcr langfristiges Tragen geeignet sind.<\/p>\n","protected":false},"featured_media":205626,"comment_status":"open","ping_status":"closed","template":"","meta":[],"product_brand":[],"product_cat":[566,5846],"product_tag":[],"class_list":{"0":"post-205625","1":"product","2":"type-product","3":"status-publish","4":"has-post-thumbnail","6":"product_cat-drogerie-koerperpflege","7":"product_cat-medizin-erste-hilfe","8":"pa_binding-badartikel","9":"pa_brand-bandxin","10":"pa_color-schwarz","11":"pa_manufacturer-bandxin","12":"pa_model-ohrstoepsel-6-paar","13":"pa_size-6-paar","15":"first","16":"instock","17":"shipping-taxable","18":"purchasable","19":"product-type-simple","20":"customify-col","21":"product-has-gallery"},"yoast_head":"<!-- This site is optimized with the Yoast SEO plugin v27.4 - https:\/\/yoast.com\/product\/yoast-seo-wordpress\/ -->\n<title>Ohrst\u00f6psel, 3 Paar Wiederverwendbare Silikon Ohrst\u00f6psel zum Schlafen Ohrenst\u00f6psel Geh\u00f6rschutz Perfekt f\u00fcr Schlafen, Schnarchen, Lernen, Konzerte, Flugzeug - Markt-XXL<\/title>\n<meta name=\"description\" content=\"Markt-XXL Ohrst\u00f6psel, 3 Paar Wiederverwendbare Silikon Ohrst\u00f6psel zum Schlafen Ohrenst\u00f6psel Geh\u00f6rschutz Perfekt f\u00fcr Schlafen, Schnarchen, Lernen, Konzerte, Flugzeug\" \/>\n<meta name=\"robots\" content=\"index, follow, max-snippet:-1, max-image-preview:large, max-video-preview:-1\" \/>\n<link rel=\"canonical\" href=\"https:\/\/marktxxl.de\/markt\/produkt\/ohrstoepsel-3-paar-wiederverwendbare-silikon-ohrstoepsel-zum-schlafen-ohrenstoepsel-gehoerschutz-perfekt-fuer-schlafen-schnarchen-lernen-konzerte-flugzeug\/\" \/>\n<meta property=\"og:locale\" content=\"de_DE\" \/>\n<meta property=\"og:type\" content=\"article\" \/>\n<meta property=\"og:title\" content=\"Ohrst\u00f6psel, 3 Paar Wiederverwendbare Silikon Ohrst\u00f6psel zum Schlafen Ohrenst\u00f6psel Geh\u00f6rschutz Perfekt f\u00fcr Schlafen, Schnarchen, Lernen, Konzerte, Flugzeug - Markt-XXL\" \/>\n<meta property=\"og:description\" content=\"Markt-XXL Ohrst\u00f6psel, 3 Paar Wiederverwendbare Silikon Ohrst\u00f6psel zum Schlafen Ohrenst\u00f6psel Geh\u00f6rschutz Perfekt f\u00fcr Schlafen, Schnarchen, Lernen, Konzerte, Flugzeug\" \/>\n<meta property=\"og:url\" content=\"https:\/\/marktxxl.de\/markt\/produkt\/ohrstoepsel-3-paar-wiederverwendbare-silikon-ohrstoepsel-zum-schlafen-ohrenstoepsel-gehoerschutz-perfekt-fuer-schlafen-schnarchen-lernen-konzerte-flugzeug\/\" \/>\n<meta property=\"og:site_name\" content=\"Markt-XXL\" \/>\n<meta name=\"twitter:card\" content=\"summary_large_image\" \/>\n<meta name=\"twitter:label1\" content=\"Gesch\u00e4tzte Lesezeit\" \/>\n\t<meta name=\"twitter:data1\" content=\"1\u00a0Minute\" \/>\n<script type=\"application\/ld+json\" class=\"yoast-schema-graph\">{\"@context\":\"https:\\\/\\\/schema.org\",\"@graph\":[{\"@type\":\"WebPage\",\"@id\":\"https:\\\/\\\/marktxxl.de\\\/markt\\\/produkt\\\/ohrstoepsel-3-paar-wiederverwendbare-silikon-ohrstoepsel-zum-schlafen-ohrenstoepsel-gehoerschutz-perfekt-fuer-schlafen-schnarchen-lernen-konzerte-flugzeug\\\/\",\"url\":\"https:\\\/\\\/marktxxl.de\\\/markt\\\/produkt\\\/ohrstoepsel-3-paar-wiederverwendbare-silikon-ohrstoepsel-zum-schlafen-ohrenstoepsel-gehoerschutz-perfekt-fuer-schlafen-schnarchen-lernen-konzerte-flugzeug\\\/\",\"name\":\"Ohrst\u00f6psel, 3 Paar Wiederverwendbare Silikon Ohrst\u00f6psel zum Schlafen Ohrenst\u00f6psel Geh\u00f6rschutz Perfekt f\u00fcr Schlafen, Schnarchen, Lernen, Konzerte, Flugzeug - Markt-XXL\",\"isPartOf\":{\"@id\":\"https:\\\/\\\/marktxxl.de\\\/markt\\\/#website\"},\"primaryImageOfPage\":{\"@id\":\"https:\\\/\\\/marktxxl.de\\\/markt\\\/produkt\\\/ohrstoepsel-3-paar-wiederverwendbare-silikon-ohrstoepsel-zum-schlafen-ohrenstoepsel-gehoerschutz-perfekt-fuer-schlafen-schnarchen-lernen-konzerte-flugzeug\\\/#primaryimage\"},\"image\":{\"@id\":\"https:\\\/\\\/marktxxl.de\\\/markt\\\/produkt\\\/ohrstoepsel-3-paar-wiederverwendbare-silikon-ohrstoepsel-zum-schlafen-ohrenstoepsel-gehoerschutz-perfekt-fuer-schlafen-schnarchen-lernen-konzerte-flugzeug\\\/#primaryimage\"},\"thumbnailUrl\":\"https:\\\/\\\/m.media-amazon.com\\\/images\\\/I\\\/41qs5OlUspL._SL500_.jpg\",\"datePublished\":\"2023-05-10T12:01:37+00:00\",\"description\":\"Markt-XXL Ohrst\u00f6psel, 3 Paar Wiederverwendbare Silikon Ohrst\u00f6psel zum Schlafen Ohrenst\u00f6psel Geh\u00f6rschutz Perfekt f\u00fcr Schlafen, Schnarchen, Lernen, Konzerte, Flugzeug\",\"breadcrumb\":{\"@id\":\"https:\\\/\\\/marktxxl.de\\\/markt\\\/produkt\\\/ohrstoepsel-3-paar-wiederverwendbare-silikon-ohrstoepsel-zum-schlafen-ohrenstoepsel-gehoerschutz-perfekt-fuer-schlafen-schnarchen-lernen-konzerte-flugzeug\\\/#breadcrumb\"},\"inLanguage\":\"de\",\"potentialAction\":[{\"@type\":\"ReadAction\",\"target\":[\"https:\\\/\\\/marktxxl.de\\\/markt\\\/produkt\\\/ohrstoepsel-3-paar-wiederverwendbare-silikon-ohrstoepsel-zum-schlafen-ohrenstoepsel-gehoerschutz-perfekt-fuer-schlafen-schnarchen-lernen-konzerte-flugzeug\\\/\"]}]},{\"@type\":\"ImageObject\",\"inLanguage\":\"de\",\"@id\":\"https:\\\/\\\/marktxxl.de\\\/markt\\\/produkt\\\/ohrstoepsel-3-paar-wiederverwendbare-silikon-ohrstoepsel-zum-schlafen-ohrenstoepsel-gehoerschutz-perfekt-fuer-schlafen-schnarchen-lernen-konzerte-flugzeug\\\/#primaryimage\",\"url\":\"https:\\\/\\\/m.media-amazon.com\\\/images\\\/I\\\/41qs5OlUspL._SL500_.jpg\",\"contentUrl\":\"https:\\\/\\\/m.media-amazon.com\\\/images\\\/I\\\/41qs5OlUspL._SL500_.jpg\",\"width\":500,\"height\":500},{\"@type\":\"BreadcrumbList\",\"@id\":\"https:\\\/\\\/marktxxl.de\\\/markt\\\/produkt\\\/ohrstoepsel-3-paar-wiederverwendbare-silikon-ohrstoepsel-zum-schlafen-ohrenstoepsel-gehoerschutz-perfekt-fuer-schlafen-schnarchen-lernen-konzerte-flugzeug\\\/#breadcrumb\",\"itemListElement\":[{\"@type\":\"ListItem\",\"position\":1,\"name\":\"Startseite\",\"item\":\"https:\\\/\\\/marktxxl.de\\\/markt\\\/\"},{\"@type\":\"ListItem\",\"position\":2,\"name\":\"Markt\",\"item\":\"https:\\\/\\\/marktxxl.de\\\/markt\\\/\"},{\"@type\":\"ListItem\",\"position\":3,\"name\":\"Ohrst\u00f6psel, 3 Paar Wiederverwendbare Silikon Ohrst\u00f6psel zum Schlafen Ohrenst\u00f6psel Geh\u00f6rschutz Perfekt f\u00fcr Schlafen, Schnarchen, Lernen, Konzerte, Flugzeug\"}]},{\"@type\":\"WebSite\",\"@id\":\"https:\\\/\\\/marktxxl.de\\\/markt\\\/#website\",\"url\":\"https:\\\/\\\/marktxxl.de\\\/markt\\\/\",\"name\":\"Markt-XXL\",\"description\":\"Ihr Markt Online\",\"publisher\":{\"@id\":\"https:\\\/\\\/marktxxl.de\\\/markt\\\/#organization\"},\"potentialAction\":[{\"@type\":\"SearchAction\",\"target\":{\"@type\":\"EntryPoint\",\"urlTemplate\":\"https:\\\/\\\/marktxxl.de\\\/markt\\\/?s={search_term_string}\"},\"query-input\":{\"@type\":\"PropertyValueSpecification\",\"valueRequired\":true,\"valueName\":\"search_term_string\"}}],\"inLanguage\":\"de\"},{\"@type\":\"Organization\",\"@id\":\"https:\\\/\\\/marktxxl.de\\\/markt\\\/#organization\",\"name\":\"Markt-XXL\",\"url\":\"https:\\\/\\\/marktxxl.de\\\/markt\\\/\",\"logo\":{\"@type\":\"ImageObject\",\"inLanguage\":\"de\",\"@id\":\"https:\\\/\\\/marktxxl.de\\\/markt\\\/#\\\/schema\\\/logo\\\/image\\\/\",\"url\":\"https:\\\/\\\/marktxxl.de\\\/markt\\\/wp-content\\\/uploads\\\/sites\\\/3\\\/2020\\\/12\\\/logo.png\",\"contentUrl\":\"https:\\\/\\\/marktxxl.de\\\/markt\\\/wp-content\\\/uploads\\\/sites\\\/3\\\/2020\\\/12\\\/logo.png\",\"width\":200,\"height\":70,\"caption\":\"Markt-XXL\"},\"image\":{\"@id\":\"https:\\\/\\\/marktxxl.de\\\/markt\\\/#\\\/schema\\\/logo\\\/image\\\/\"}}]}<\/script>\n<!-- \/ Yoast SEO plugin. -->","yoast_head_json":{"title":"Ohrst\u00f6psel, 3 Paar Wiederverwendbare Silikon Ohrst\u00f6psel zum Schlafen Ohrenst\u00f6psel Geh\u00f6rschutz Perfekt f\u00fcr Schlafen, Schnarchen, Lernen, Konzerte, Flugzeug - Markt-XXL","description":"Markt-XXL Ohrst\u00f6psel, 3 Paar Wiederverwendbare Silikon Ohrst\u00f6psel zum Schlafen Ohrenst\u00f6psel Geh\u00f6rschutz Perfekt f\u00fcr Schlafen, Schnarchen, Lernen, Konzerte, Flugzeug","robots":{"index":"index","follow":"follow","max-snippet":"max-snippet:-1","max-image-preview":"max-image-preview:large","max-video-preview":"max-video-preview:-1"},"canonical":"https:\/\/marktxxl.de\/markt\/produkt\/ohrstoepsel-3-paar-wiederverwendbare-silikon-ohrstoepsel-zum-schlafen-ohrenstoepsel-gehoerschutz-perfekt-fuer-schlafen-schnarchen-lernen-konzerte-flugzeug\/","og_locale":"de_DE","og_type":"article","og_title":"Ohrst\u00f6psel, 3 Paar Wiederverwendbare Silikon Ohrst\u00f6psel zum Schlafen Ohrenst\u00f6psel Geh\u00f6rschutz Perfekt f\u00fcr Schlafen, Schnarchen, Lernen, Konzerte, Flugzeug - Markt-XXL","og_description":"Markt-XXL Ohrst\u00f6psel, 3 Paar Wiederverwendbare Silikon Ohrst\u00f6psel zum Schlafen Ohrenst\u00f6psel Geh\u00f6rschutz Perfekt f\u00fcr Schlafen, Schnarchen, Lernen, Konzerte, Flugzeug","og_url":"https:\/\/marktxxl.de\/markt\/produkt\/ohrstoepsel-3-paar-wiederverwendbare-silikon-ohrstoepsel-zum-schlafen-ohrenstoepsel-gehoerschutz-perfekt-fuer-schlafen-schnarchen-lernen-konzerte-flugzeug\/","og_site_name":"Markt-XXL","twitter_card":"summary_large_image","twitter_misc":{"Gesch\u00e4tzte Lesezeit":"1\u00a0Minute"},"schema":{"@context":"https:\/\/schema.org","@graph":[{"@type":"WebPage","@id":"https:\/\/marktxxl.de\/markt\/produkt\/ohrstoepsel-3-paar-wiederverwendbare-silikon-ohrstoepsel-zum-schlafen-ohrenstoepsel-gehoerschutz-perfekt-fuer-schlafen-schnarchen-lernen-konzerte-flugzeug\/","url":"https:\/\/marktxxl.de\/markt\/produkt\/ohrstoepsel-3-paar-wiederverwendbare-silikon-ohrstoepsel-zum-schlafen-ohrenstoepsel-gehoerschutz-perfekt-fuer-schlafen-schnarchen-lernen-konzerte-flugzeug\/","name":"Ohrst\u00f6psel, 3 Paar Wiederverwendbare Silikon Ohrst\u00f6psel zum Schlafen Ohrenst\u00f6psel Geh\u00f6rschutz Perfekt f\u00fcr Schlafen, Schnarchen, Lernen, Konzerte, Flugzeug - Markt-XXL","isPartOf":{"@id":"https:\/\/marktxxl.de\/markt\/#website"},"primaryImageOfPage":{"@id":"https:\/\/marktxxl.de\/markt\/produkt\/ohrstoepsel-3-paar-wiederverwendbare-silikon-ohrstoepsel-zum-schlafen-ohrenstoepsel-gehoerschutz-perfekt-fuer-schlafen-schnarchen-lernen-konzerte-flugzeug\/#primaryimage"},"image":{"@id":"https:\/\/marktxxl.de\/markt\/produkt\/ohrstoepsel-3-paar-wiederverwendbare-silikon-ohrstoepsel-zum-schlafen-ohrenstoepsel-gehoerschutz-perfekt-fuer-schlafen-schnarchen-lernen-konzerte-flugzeug\/#primaryimage"},"thumbnailUrl":"https:\/\/m.media-amazon.com\/images\/I\/41qs5OlUspL._SL500_.jpg","datePublished":"2023-05-10T12:01:37+00:00","description":"Markt-XXL Ohrst\u00f6psel, 3 Paar Wiederverwendbare Silikon Ohrst\u00f6psel zum Schlafen Ohrenst\u00f6psel Geh\u00f6rschutz Perfekt f\u00fcr Schlafen, Schnarchen, Lernen, Konzerte, Flugzeug","breadcrumb":{"@id":"https:\/\/marktxxl.de\/markt\/produkt\/ohrstoepsel-3-paar-wiederverwendbare-silikon-ohrstoepsel-zum-schlafen-ohrenstoepsel-gehoerschutz-perfekt-fuer-schlafen-schnarchen-lernen-konzerte-flugzeug\/#breadcrumb"},"inLanguage":"de","potentialAction":[{"@type":"ReadAction","target":["https:\/\/marktxxl.de\/markt\/produkt\/ohrstoepsel-3-paar-wiederverwendbare-silikon-ohrstoepsel-zum-schlafen-ohrenstoepsel-gehoerschutz-perfekt-fuer-schlafen-schnarchen-lernen-konzerte-flugzeug\/"]}]},{"@type":"ImageObject","inLanguage":"de","@id":"https:\/\/marktxxl.de\/markt\/produkt\/ohrstoepsel-3-paar-wiederverwendbare-silikon-ohrstoepsel-zum-schlafen-ohrenstoepsel-gehoerschutz-perfekt-fuer-schlafen-schnarchen-lernen-konzerte-flugzeug\/#primaryimage","url":"https:\/\/m.media-amazon.com\/images\/I\/41qs5OlUspL._SL500_.jpg","contentUrl":"https:\/\/m.media-amazon.com\/images\/I\/41qs5OlUspL._SL500_.jpg","width":500,"height":500},{"@type":"BreadcrumbList","@id":"https:\/\/marktxxl.de\/markt\/produkt\/ohrstoepsel-3-paar-wiederverwendbare-silikon-ohrstoepsel-zum-schlafen-ohrenstoepsel-gehoerschutz-perfekt-fuer-schlafen-schnarchen-lernen-konzerte-flugzeug\/#breadcrumb","itemListElement":[{"@type":"ListItem","position":1,"name":"Startseite","item":"https:\/\/marktxxl.de\/markt\/"},{"@type":"ListItem","position":2,"name":"Markt","item":"https:\/\/marktxxl.de\/markt\/"},{"@type":"ListItem","position":3,"name":"Ohrst\u00f6psel, 3 Paar Wiederverwendbare Silikon Ohrst\u00f6psel zum Schlafen Ohrenst\u00f6psel Geh\u00f6rschutz Perfekt f\u00fcr Schlafen, Schnarchen, Lernen, Konzerte, Flugzeug"}]},{"@type":"WebSite","@id":"https:\/\/marktxxl.de\/markt\/#website","url":"https:\/\/marktxxl.de\/markt\/","name":"Markt-XXL","description":"Ihr Markt Online","publisher":{"@id":"https:\/\/marktxxl.de\/markt\/#organization"},"potentialAction":[{"@type":"SearchAction","target":{"@type":"EntryPoint","urlTemplate":"https:\/\/marktxxl.de\/markt\/?s={search_term_string}"},"query-input":{"@type":"PropertyValueSpecification","valueRequired":true,"valueName":"search_term_string"}}],"inLanguage":"de"},{"@type":"Organization","@id":"https:\/\/marktxxl.de\/markt\/#organization","name":"Markt-XXL","url":"https:\/\/marktxxl.de\/markt\/","logo":{"@type":"ImageObject","inLanguage":"de","@id":"https:\/\/marktxxl.de\/markt\/#\/schema\/logo\/image\/","url":"https:\/\/marktxxl.de\/markt\/wp-content\/uploads\/sites\/3\/2020\/12\/logo.png","contentUrl":"https:\/\/marktxxl.de\/markt\/wp-content\/uploads\/sites\/3\/2020\/12\/logo.png","width":200,"height":70,"caption":"Markt-XXL"},"image":{"@id":"https:\/\/marktxxl.de\/markt\/#\/schema\/logo\/image\/"}}]}},"_links":{"self":[{"href":"https:\/\/marktxxl.de\/markt\/wp-json\/wp\/v2\/product\/205625","targetHints":{"allow":["GET"]}}],"collection":[{"href":"https:\/\/marktxxl.de\/markt\/wp-json\/wp\/v2\/product"}],"about":[{"href":"https:\/\/marktxxl.de\/markt\/wp-json\/wp\/v2\/types\/product"}],"replies":[{"embeddable":true,"href":"https:\/\/marktxxl.de\/markt\/wp-json\/wp\/v2\/comments?post=205625"}],"wp:featuredmedia":[{"embeddable":true,"href":"https:\/\/marktxxl.de\/markt\/wp-json\/wp\/v2\/media\/205626"}],"wp:attachment":[{"href":"https:\/\/marktxxl.de\/markt\/wp-json\/wp\/v2\/media?parent=205625"}],"wp:term":[{"taxonomy":"product_brand","embeddable":true,"href":"https:\/\/marktxxl.de\/markt\/wp-json\/wp\/v2\/product_brand?post=205625"},{"taxonomy":"product_cat","embeddable":true,"href":"https:\/\/marktxxl.de\/markt\/wp-json\/wp\/v2\/product_cat?post=205625"},{"taxonomy":"product_tag","embeddable":true,"href":"https:\/\/marktxxl.de\/markt\/wp-json\/wp\/v2\/product_tag?post=205625"}],"curies":[{"name":"wp","href":"https:\/\/api.w.org\/{rel}","templated":true}]}}