{"id":205603,"date":"2023-05-10T14:01:12","date_gmt":"2023-05-10T12:01:12","guid":{"rendered":"https:\/\/marktxxl.de\/markt\/produkt\/ohrenschmalz-entferner-otoskop-wifi-ohrenreiniger-1296p-ultraduenne-hd-drahtlos-ip67-wasserdicht-ohrreiniger-mit-3-5mm-linse-und-6-leds-fuer-erwachsene-kinder-und-haustier-ios-android-weiss\/"},"modified":"2023-05-10T14:01:12","modified_gmt":"2023-05-10T12:01:12","slug":"ohrenschmalz-entferner-otoskop-wifi-ohrenreiniger-1296p-ultraduenne-hd-drahtlos-ip67-wasserdicht-ohrreiniger-mit-3-5mm-linse-und-6-leds-fuer-erwachsene-kinder-und-haustier-ios-android-weiss","status":"publish","type":"product","link":"https:\/\/marktxxl.de\/markt\/produkt\/ohrenschmalz-entferner-otoskop-wifi-ohrenreiniger-1296p-ultraduenne-hd-drahtlos-ip67-wasserdicht-ohrreiniger-mit-3-5mm-linse-und-6-leds-fuer-erwachsene-kinder-und-haustier-ios-android-weiss\/","title":{"rendered":"Ohrenschmalz Entferner Otoskop, WiFi Ohrenreiniger, 1296P Ultrad\u00fcnne HD Drahtlos IP67 Wasserdicht ohrreiniger mit 3.5mm Linse und 6 LEDs, f\u00fcr Erwachsene, Kinder und Haustier, ios\/Android (Wei\u00df)"},"content":{"rendered":"<p>\u30101296P HD Pixel, 360\u00b0 Weitwinkel\u3011Das ohrenschmalz entferner 1296P HD Pixel und ein 360\u00b0 Weitwinkelobjektiv, das ein breiteres Sichtfeld schaffen kann. Die Otoskopkamera kann deutlich in den Geh\u00f6rgang sehen. Hilft, den Geh\u00f6rgang ohne regelm\u00e4\u00dfige Arztbesuche zu reinigen. Die In-Ear-Kamera verbindet sich drahtlos \u00fcber WLAN, zeigt und kann hochaufl\u00f6sende Fotos und Videos \u00fcber Ihr Telefon aufnehmen und aufzeichnen.<br \/>\n\u3010Sicher, Komfortabel\u3011Die 3,0 mm ultrad\u00fcnne ohrreiniger passt sich perfekt der Struktur des Geh\u00f6rgangs an und erleichtert das Eindringen in den Geh\u00f6rgang. Der Silikon-Ohrl\u00f6ffel zerkratzt den Geh\u00f6rgang nicht.Der Ohrenreiniger verwendet nimmt rotierende Metallohrst\u00fccke auf, die fest verschraubt werden k\u00f6nnen, um ein Herunterfallen zu verhindern.Ein-Knopf-Start, das Bild ist klar und ear cleaner.<br \/>\n\u3010IP67 Wasserdichtes\u3011Das Objektiv unserer ohrenreiniger ohrenschmalz entferner hat den wasserdichten Schutzgrad IP67. Bei der t\u00e4glichen Reinigung kann es mit Wasser gewaschen oder mit Alkohol abgewischt werden.<br \/>\n\u3010Kompatibilit\u00e4t, Schnelles Aufladen\u3011Das ohrreiniger unterst\u00fctzt mehrere Ger\u00e4te, iOS- und Android-Systeme, Tablets usw.ohrreiniger f\u00fcr erwachsene kann zur Ohruntersuchung und Ohrreinigung verwendet werden, auch geeignet zur \u00dcberpr\u00fcfung von Mund, Haut, Haaren, Nase usw. Auch f\u00fcr Kleinkinder und Haustiere geeignet.Der Otoskop-Ohrreiniger hat eine lange Standby-Zeit und eine schnelle Aufladung. Es wird empfohlen, das Otoskop vor dem ersten Gebrauch vollst\u00e4ndig aufzuladen.<br \/>\n\u3010Einfach zu bedienen\u3011Scannen Sie einfach den QR-Code in der Bedienungsanleitung, um die &#8220;APP&#8221; herunterzuladen und das Ger\u00e4t \u00fcber WIFI zu verbinden. Unser ohrreiniger mit kamera ist eine gute Wahl f\u00fcr Anf\u00e4nger. Wir bieten 24 Stunden Kundenservice, bitte kontaktieren Sie uns, wenn Sie Fragen haben.<br \/>\n<div class=\"main-cross-sell\" data-asin=\"B0BXKWSJG7\">\n\n\t<div class=\"WooZone-cross-sell-loader\">\n\t\t<div>\n\t\t\t<div id=\"floatingBarsG\">\n\t\t\t\t<div class=\"blockG\" id=\"rotateG_01\"><\/div>\n\t\t\t\t<div class=\"blockG\" id=\"rotateG_02\"><\/div>\n\t\t\t\t<div class=\"blockG\" id=\"rotateG_03\"><\/div>\n\t\t\t\t<div class=\"blockG\" id=\"rotateG_04\"><\/div>\n\t\t\t\t<div class=\"blockG\" id=\"rotateG_05\"><\/div>\n\t\t\t\t<div class=\"blockG\" id=\"rotateG_06\"><\/div>\n\t\t\t\t<div class=\"blockG\" id=\"rotateG_07\"><\/div>\n\t\t\t\t<div class=\"blockG\" id=\"rotateG_08\"><\/div>\n\t\t\t<\/div>\n\t\t\t<div class=\"WooZone-cross-sell-loader-text\"><\/div>\n\t\t<\/div>\n\t<\/div>\n\n\t\t\n<\/div>\n<div style=\"clear:both;\"><\/div><\/p>\n","protected":false},"excerpt":{"rendered":"<p>\u30101296P HD Pixel, 360\u00b0 Weitwinkel\u3011Das ohrenschmalz entferner 1296P HD Pixel und ein 360\u00b0 Weitwinkelobjektiv, das ein breiteres Sichtfeld schaffen kann. Die Otoskopkamera kann deutlich in den Geh\u00f6rgang sehen. Hilft, den Geh\u00f6rgang ohne regelm\u00e4\u00dfige Arztbesuche zu reinigen. Die In-Ear-Kamera verbindet sich drahtlos \u00fcber WLAN, zeigt und kann hochaufl\u00f6sende Fotos und Videos \u00fcber Ihr Telefon aufnehmen und aufzeichnen.<br \/>\n\u3010Sicher, Komfortabel\u3011Die 3,0 mm ultrad\u00fcnne ohrreiniger passt sich perfekt der Struktur des Geh\u00f6rgangs an und erleichtert das Eindringen in den Geh\u00f6rgang. Der Silikon-Ohrl\u00f6ffel zerkratzt den Geh\u00f6rgang nicht.Der Ohrenreiniger verwendet nimmt rotierende Metallohrst\u00fccke auf, die fest verschraubt werden k\u00f6nnen, um ein Herunterfallen zu verhindern.Ein-Knopf-Start, das Bild ist klar und ear cleaner.<br \/>\n\u3010IP67 Wasserdichtes\u3011Das Objektiv unserer ohrenreiniger ohrenschmalz entferner hat den wasserdichten Schutzgrad IP67. Bei der t\u00e4glichen Reinigung kann es mit Wasser gewaschen oder mit Alkohol abgewischt werden.<\/p>\n","protected":false},"featured_media":205604,"comment_status":"open","ping_status":"closed","template":"","meta":[],"product_brand":[],"product_cat":[566,5908],"product_tag":[],"class_list":{"0":"post-205603","1":"product","2":"type-product","3":"status-publish","4":"has-post-thumbnail","6":"product_cat-drogerie-koerperpflege","7":"product_cat-medizinische-geraete-verbrauchsmaterialien","8":"pa_brand-mfjuns","9":"pa_color-weiss","10":"pa_height-0-216535-zoll","11":"pa_length-0-31496-zoll","12":"pa_manufacturer-mfjuns","13":"pa_model-yobcam","14":"pa_size-s","15":"pa_warranty-mit-einer-garantie-von-einem-jahr-oder-sogar-laenger-zoegern-sie-nicht-uns-zu-kontaktieren-wenn-sie-fragen-haben","16":"pa_weight-0-000220462262-pfund","17":"pa_width-0-11811-zoll","19":"first","20":"instock","21":"shipping-taxable","22":"purchasable","23":"product-type-simple","24":"customify-col","25":"product-has-gallery"},"yoast_head":"<!-- This site is optimized with the Yoast SEO plugin v27.4 - https:\/\/yoast.com\/product\/yoast-seo-wordpress\/ -->\n<title>Ohrenschmalz Entferner Otoskop, WiFi Ohrenreiniger, 1296P Ultrad\u00fcnne HD Drahtlos IP67 Wasserdicht ohrreiniger mit 3.5mm Linse und 6 LEDs, f\u00fcr Erwachsene, Kinder und Haustier, ios\/Android (Wei\u00df) - Markt-XXL<\/title>\n<meta name=\"description\" content=\"Markt-XXL Ohrenschmalz Entferner Otoskop, WiFi Ohrenreiniger, 1296P Ultrad\u00fcnne HD Drahtlos IP67 Wasserdicht ohrreiniger mit 3.5mm Linse und 6 LEDs, f\u00fcr Erwachsene, Kinder und Haustier, ios\/Android (Wei\u00df)\" \/>\n<meta name=\"robots\" content=\"index, follow, max-snippet:-1, max-image-preview:large, max-video-preview:-1\" \/>\n<link rel=\"canonical\" href=\"https:\/\/marktxxl.de\/markt\/produkt\/ohrenschmalz-entferner-otoskop-wifi-ohrenreiniger-1296p-ultraduenne-hd-drahtlos-ip67-wasserdicht-ohrreiniger-mit-3-5mm-linse-und-6-leds-fuer-erwachsene-kinder-und-haustier-ios-android-weiss\/\" \/>\n<meta property=\"og:locale\" content=\"de_DE\" \/>\n<meta property=\"og:type\" content=\"article\" \/>\n<meta property=\"og:title\" content=\"Ohrenschmalz Entferner Otoskop, WiFi Ohrenreiniger, 1296P Ultrad\u00fcnne HD Drahtlos IP67 Wasserdicht ohrreiniger mit 3.5mm Linse und 6 LEDs, f\u00fcr Erwachsene, Kinder und Haustier, ios\/Android (Wei\u00df) - Markt-XXL\" \/>\n<meta property=\"og:description\" content=\"Markt-XXL Ohrenschmalz Entferner Otoskop, WiFi Ohrenreiniger, 1296P Ultrad\u00fcnne HD Drahtlos IP67 Wasserdicht ohrreiniger mit 3.5mm Linse und 6 LEDs, f\u00fcr Erwachsene, Kinder und Haustier, ios\/Android (Wei\u00df)\" \/>\n<meta property=\"og:url\" content=\"https:\/\/marktxxl.de\/markt\/produkt\/ohrenschmalz-entferner-otoskop-wifi-ohrenreiniger-1296p-ultraduenne-hd-drahtlos-ip67-wasserdicht-ohrreiniger-mit-3-5mm-linse-und-6-leds-fuer-erwachsene-kinder-und-haustier-ios-android-weiss\/\" \/>\n<meta property=\"og:site_name\" content=\"Markt-XXL\" \/>\n<meta name=\"twitter:card\" content=\"summary_large_image\" \/>\n<meta name=\"twitter:label1\" content=\"Gesch\u00e4tzte Lesezeit\" \/>\n\t<meta name=\"twitter:data1\" content=\"1\u00a0Minute\" \/>\n<script type=\"application\/ld+json\" class=\"yoast-schema-graph\">{\"@context\":\"https:\\\/\\\/schema.org\",\"@graph\":[{\"@type\":\"WebPage\",\"@id\":\"https:\\\/\\\/marktxxl.de\\\/markt\\\/produkt\\\/ohrenschmalz-entferner-otoskop-wifi-ohrenreiniger-1296p-ultraduenne-hd-drahtlos-ip67-wasserdicht-ohrreiniger-mit-3-5mm-linse-und-6-leds-fuer-erwachsene-kinder-und-haustier-ios-android-weiss\\\/\",\"url\":\"https:\\\/\\\/marktxxl.de\\\/markt\\\/produkt\\\/ohrenschmalz-entferner-otoskop-wifi-ohrenreiniger-1296p-ultraduenne-hd-drahtlos-ip67-wasserdicht-ohrreiniger-mit-3-5mm-linse-und-6-leds-fuer-erwachsene-kinder-und-haustier-ios-android-weiss\\\/\",\"name\":\"Ohrenschmalz Entferner Otoskop, WiFi Ohrenreiniger, 1296P Ultrad\u00fcnne HD Drahtlos IP67 Wasserdicht ohrreiniger mit 3.5mm Linse und 6 LEDs, f\u00fcr Erwachsene, Kinder und Haustier, ios\\\/Android (Wei\u00df) - Markt-XXL\",\"isPartOf\":{\"@id\":\"https:\\\/\\\/marktxxl.de\\\/markt\\\/#website\"},\"primaryImageOfPage\":{\"@id\":\"https:\\\/\\\/marktxxl.de\\\/markt\\\/produkt\\\/ohrenschmalz-entferner-otoskop-wifi-ohrenreiniger-1296p-ultraduenne-hd-drahtlos-ip67-wasserdicht-ohrreiniger-mit-3-5mm-linse-und-6-leds-fuer-erwachsene-kinder-und-haustier-ios-android-weiss\\\/#primaryimage\"},\"image\":{\"@id\":\"https:\\\/\\\/marktxxl.de\\\/markt\\\/produkt\\\/ohrenschmalz-entferner-otoskop-wifi-ohrenreiniger-1296p-ultraduenne-hd-drahtlos-ip67-wasserdicht-ohrreiniger-mit-3-5mm-linse-und-6-leds-fuer-erwachsene-kinder-und-haustier-ios-android-weiss\\\/#primaryimage\"},\"thumbnailUrl\":\"https:\\\/\\\/m.media-amazon.com\\\/images\\\/I\\\/41CAjRFArTL._SL500_.jpg\",\"datePublished\":\"2023-05-10T12:01:12+00:00\",\"description\":\"Markt-XXL Ohrenschmalz Entferner Otoskop, WiFi Ohrenreiniger, 1296P Ultrad\u00fcnne HD Drahtlos IP67 Wasserdicht ohrreiniger mit 3.5mm Linse und 6 LEDs, f\u00fcr Erwachsene, Kinder und Haustier, ios\\\/Android (Wei\u00df)\",\"breadcrumb\":{\"@id\":\"https:\\\/\\\/marktxxl.de\\\/markt\\\/produkt\\\/ohrenschmalz-entferner-otoskop-wifi-ohrenreiniger-1296p-ultraduenne-hd-drahtlos-ip67-wasserdicht-ohrreiniger-mit-3-5mm-linse-und-6-leds-fuer-erwachsene-kinder-und-haustier-ios-android-weiss\\\/#breadcrumb\"},\"inLanguage\":\"de\",\"potentialAction\":[{\"@type\":\"ReadAction\",\"target\":[\"https:\\\/\\\/marktxxl.de\\\/markt\\\/produkt\\\/ohrenschmalz-entferner-otoskop-wifi-ohrenreiniger-1296p-ultraduenne-hd-drahtlos-ip67-wasserdicht-ohrreiniger-mit-3-5mm-linse-und-6-leds-fuer-erwachsene-kinder-und-haustier-ios-android-weiss\\\/\"]}]},{\"@type\":\"ImageObject\",\"inLanguage\":\"de\",\"@id\":\"https:\\\/\\\/marktxxl.de\\\/markt\\\/produkt\\\/ohrenschmalz-entferner-otoskop-wifi-ohrenreiniger-1296p-ultraduenne-hd-drahtlos-ip67-wasserdicht-ohrreiniger-mit-3-5mm-linse-und-6-leds-fuer-erwachsene-kinder-und-haustier-ios-android-weiss\\\/#primaryimage\",\"url\":\"https:\\\/\\\/m.media-amazon.com\\\/images\\\/I\\\/41CAjRFArTL._SL500_.jpg\",\"contentUrl\":\"https:\\\/\\\/m.media-amazon.com\\\/images\\\/I\\\/41CAjRFArTL._SL500_.jpg\",\"width\":444,\"height\":500},{\"@type\":\"BreadcrumbList\",\"@id\":\"https:\\\/\\\/marktxxl.de\\\/markt\\\/produkt\\\/ohrenschmalz-entferner-otoskop-wifi-ohrenreiniger-1296p-ultraduenne-hd-drahtlos-ip67-wasserdicht-ohrreiniger-mit-3-5mm-linse-und-6-leds-fuer-erwachsene-kinder-und-haustier-ios-android-weiss\\\/#breadcrumb\",\"itemListElement\":[{\"@type\":\"ListItem\",\"position\":1,\"name\":\"Startseite\",\"item\":\"https:\\\/\\\/marktxxl.de\\\/markt\\\/\"},{\"@type\":\"ListItem\",\"position\":2,\"name\":\"Markt\",\"item\":\"https:\\\/\\\/marktxxl.de\\\/markt\\\/\"},{\"@type\":\"ListItem\",\"position\":3,\"name\":\"Ohrenschmalz Entferner Otoskop, WiFi Ohrenreiniger, 1296P Ultrad\u00fcnne HD Drahtlos IP67 Wasserdicht ohrreiniger mit 3.5mm Linse und 6 LEDs, f\u00fcr Erwachsene, Kinder und Haustier, ios\\\/Android (Wei\u00df)\"}]},{\"@type\":\"WebSite\",\"@id\":\"https:\\\/\\\/marktxxl.de\\\/markt\\\/#website\",\"url\":\"https:\\\/\\\/marktxxl.de\\\/markt\\\/\",\"name\":\"Markt-XXL\",\"description\":\"Ihr Markt Online\",\"publisher\":{\"@id\":\"https:\\\/\\\/marktxxl.de\\\/markt\\\/#organization\"},\"potentialAction\":[{\"@type\":\"SearchAction\",\"target\":{\"@type\":\"EntryPoint\",\"urlTemplate\":\"https:\\\/\\\/marktxxl.de\\\/markt\\\/?s={search_term_string}\"},\"query-input\":{\"@type\":\"PropertyValueSpecification\",\"valueRequired\":true,\"valueName\":\"search_term_string\"}}],\"inLanguage\":\"de\"},{\"@type\":\"Organization\",\"@id\":\"https:\\\/\\\/marktxxl.de\\\/markt\\\/#organization\",\"name\":\"Markt-XXL\",\"url\":\"https:\\\/\\\/marktxxl.de\\\/markt\\\/\",\"logo\":{\"@type\":\"ImageObject\",\"inLanguage\":\"de\",\"@id\":\"https:\\\/\\\/marktxxl.de\\\/markt\\\/#\\\/schema\\\/logo\\\/image\\\/\",\"url\":\"https:\\\/\\\/marktxxl.de\\\/markt\\\/wp-content\\\/uploads\\\/sites\\\/3\\\/2020\\\/12\\\/logo.png\",\"contentUrl\":\"https:\\\/\\\/marktxxl.de\\\/markt\\\/wp-content\\\/uploads\\\/sites\\\/3\\\/2020\\\/12\\\/logo.png\",\"width\":200,\"height\":70,\"caption\":\"Markt-XXL\"},\"image\":{\"@id\":\"https:\\\/\\\/marktxxl.de\\\/markt\\\/#\\\/schema\\\/logo\\\/image\\\/\"}}]}<\/script>\n<!-- \/ Yoast SEO plugin. -->","yoast_head_json":{"title":"Ohrenschmalz Entferner Otoskop, WiFi Ohrenreiniger, 1296P Ultrad\u00fcnne HD Drahtlos IP67 Wasserdicht ohrreiniger mit 3.5mm Linse und 6 LEDs, f\u00fcr Erwachsene, Kinder und Haustier, ios\/Android (Wei\u00df) - Markt-XXL","description":"Markt-XXL Ohrenschmalz Entferner Otoskop, WiFi Ohrenreiniger, 1296P Ultrad\u00fcnne HD Drahtlos IP67 Wasserdicht ohrreiniger mit 3.5mm Linse und 6 LEDs, f\u00fcr Erwachsene, Kinder und Haustier, ios\/Android (Wei\u00df)","robots":{"index":"index","follow":"follow","max-snippet":"max-snippet:-1","max-image-preview":"max-image-preview:large","max-video-preview":"max-video-preview:-1"},"canonical":"https:\/\/marktxxl.de\/markt\/produkt\/ohrenschmalz-entferner-otoskop-wifi-ohrenreiniger-1296p-ultraduenne-hd-drahtlos-ip67-wasserdicht-ohrreiniger-mit-3-5mm-linse-und-6-leds-fuer-erwachsene-kinder-und-haustier-ios-android-weiss\/","og_locale":"de_DE","og_type":"article","og_title":"Ohrenschmalz Entferner Otoskop, WiFi Ohrenreiniger, 1296P Ultrad\u00fcnne HD Drahtlos IP67 Wasserdicht ohrreiniger mit 3.5mm Linse und 6 LEDs, f\u00fcr Erwachsene, Kinder und Haustier, ios\/Android (Wei\u00df) - Markt-XXL","og_description":"Markt-XXL Ohrenschmalz Entferner Otoskop, WiFi Ohrenreiniger, 1296P Ultrad\u00fcnne HD Drahtlos IP67 Wasserdicht ohrreiniger mit 3.5mm Linse und 6 LEDs, f\u00fcr Erwachsene, Kinder und Haustier, ios\/Android (Wei\u00df)","og_url":"https:\/\/marktxxl.de\/markt\/produkt\/ohrenschmalz-entferner-otoskop-wifi-ohrenreiniger-1296p-ultraduenne-hd-drahtlos-ip67-wasserdicht-ohrreiniger-mit-3-5mm-linse-und-6-leds-fuer-erwachsene-kinder-und-haustier-ios-android-weiss\/","og_site_name":"Markt-XXL","twitter_card":"summary_large_image","twitter_misc":{"Gesch\u00e4tzte Lesezeit":"1\u00a0Minute"},"schema":{"@context":"https:\/\/schema.org","@graph":[{"@type":"WebPage","@id":"https:\/\/marktxxl.de\/markt\/produkt\/ohrenschmalz-entferner-otoskop-wifi-ohrenreiniger-1296p-ultraduenne-hd-drahtlos-ip67-wasserdicht-ohrreiniger-mit-3-5mm-linse-und-6-leds-fuer-erwachsene-kinder-und-haustier-ios-android-weiss\/","url":"https:\/\/marktxxl.de\/markt\/produkt\/ohrenschmalz-entferner-otoskop-wifi-ohrenreiniger-1296p-ultraduenne-hd-drahtlos-ip67-wasserdicht-ohrreiniger-mit-3-5mm-linse-und-6-leds-fuer-erwachsene-kinder-und-haustier-ios-android-weiss\/","name":"Ohrenschmalz Entferner Otoskop, WiFi Ohrenreiniger, 1296P Ultrad\u00fcnne HD Drahtlos IP67 Wasserdicht ohrreiniger mit 3.5mm Linse und 6 LEDs, f\u00fcr Erwachsene, Kinder und Haustier, ios\/Android (Wei\u00df) - Markt-XXL","isPartOf":{"@id":"https:\/\/marktxxl.de\/markt\/#website"},"primaryImageOfPage":{"@id":"https:\/\/marktxxl.de\/markt\/produkt\/ohrenschmalz-entferner-otoskop-wifi-ohrenreiniger-1296p-ultraduenne-hd-drahtlos-ip67-wasserdicht-ohrreiniger-mit-3-5mm-linse-und-6-leds-fuer-erwachsene-kinder-und-haustier-ios-android-weiss\/#primaryimage"},"image":{"@id":"https:\/\/marktxxl.de\/markt\/produkt\/ohrenschmalz-entferner-otoskop-wifi-ohrenreiniger-1296p-ultraduenne-hd-drahtlos-ip67-wasserdicht-ohrreiniger-mit-3-5mm-linse-und-6-leds-fuer-erwachsene-kinder-und-haustier-ios-android-weiss\/#primaryimage"},"thumbnailUrl":"https:\/\/m.media-amazon.com\/images\/I\/41CAjRFArTL._SL500_.jpg","datePublished":"2023-05-10T12:01:12+00:00","description":"Markt-XXL Ohrenschmalz Entferner Otoskop, WiFi Ohrenreiniger, 1296P Ultrad\u00fcnne HD Drahtlos IP67 Wasserdicht ohrreiniger mit 3.5mm Linse und 6 LEDs, f\u00fcr Erwachsene, Kinder und Haustier, ios\/Android (Wei\u00df)","breadcrumb":{"@id":"https:\/\/marktxxl.de\/markt\/produkt\/ohrenschmalz-entferner-otoskop-wifi-ohrenreiniger-1296p-ultraduenne-hd-drahtlos-ip67-wasserdicht-ohrreiniger-mit-3-5mm-linse-und-6-leds-fuer-erwachsene-kinder-und-haustier-ios-android-weiss\/#breadcrumb"},"inLanguage":"de","potentialAction":[{"@type":"ReadAction","target":["https:\/\/marktxxl.de\/markt\/produkt\/ohrenschmalz-entferner-otoskop-wifi-ohrenreiniger-1296p-ultraduenne-hd-drahtlos-ip67-wasserdicht-ohrreiniger-mit-3-5mm-linse-und-6-leds-fuer-erwachsene-kinder-und-haustier-ios-android-weiss\/"]}]},{"@type":"ImageObject","inLanguage":"de","@id":"https:\/\/marktxxl.de\/markt\/produkt\/ohrenschmalz-entferner-otoskop-wifi-ohrenreiniger-1296p-ultraduenne-hd-drahtlos-ip67-wasserdicht-ohrreiniger-mit-3-5mm-linse-und-6-leds-fuer-erwachsene-kinder-und-haustier-ios-android-weiss\/#primaryimage","url":"https:\/\/m.media-amazon.com\/images\/I\/41CAjRFArTL._SL500_.jpg","contentUrl":"https:\/\/m.media-amazon.com\/images\/I\/41CAjRFArTL._SL500_.jpg","width":444,"height":500},{"@type":"BreadcrumbList","@id":"https:\/\/marktxxl.de\/markt\/produkt\/ohrenschmalz-entferner-otoskop-wifi-ohrenreiniger-1296p-ultraduenne-hd-drahtlos-ip67-wasserdicht-ohrreiniger-mit-3-5mm-linse-und-6-leds-fuer-erwachsene-kinder-und-haustier-ios-android-weiss\/#breadcrumb","itemListElement":[{"@type":"ListItem","position":1,"name":"Startseite","item":"https:\/\/marktxxl.de\/markt\/"},{"@type":"ListItem","position":2,"name":"Markt","item":"https:\/\/marktxxl.de\/markt\/"},{"@type":"ListItem","position":3,"name":"Ohrenschmalz Entferner Otoskop, WiFi Ohrenreiniger, 1296P Ultrad\u00fcnne HD Drahtlos IP67 Wasserdicht ohrreiniger mit 3.5mm Linse und 6 LEDs, f\u00fcr Erwachsene, Kinder und Haustier, ios\/Android (Wei\u00df)"}]},{"@type":"WebSite","@id":"https:\/\/marktxxl.de\/markt\/#website","url":"https:\/\/marktxxl.de\/markt\/","name":"Markt-XXL","description":"Ihr Markt Online","publisher":{"@id":"https:\/\/marktxxl.de\/markt\/#organization"},"potentialAction":[{"@type":"SearchAction","target":{"@type":"EntryPoint","urlTemplate":"https:\/\/marktxxl.de\/markt\/?s={search_term_string}"},"query-input":{"@type":"PropertyValueSpecification","valueRequired":true,"valueName":"search_term_string"}}],"inLanguage":"de"},{"@type":"Organization","@id":"https:\/\/marktxxl.de\/markt\/#organization","name":"Markt-XXL","url":"https:\/\/marktxxl.de\/markt\/","logo":{"@type":"ImageObject","inLanguage":"de","@id":"https:\/\/marktxxl.de\/markt\/#\/schema\/logo\/image\/","url":"https:\/\/marktxxl.de\/markt\/wp-content\/uploads\/sites\/3\/2020\/12\/logo.png","contentUrl":"https:\/\/marktxxl.de\/markt\/wp-content\/uploads\/sites\/3\/2020\/12\/logo.png","width":200,"height":70,"caption":"Markt-XXL"},"image":{"@id":"https:\/\/marktxxl.de\/markt\/#\/schema\/logo\/image\/"}}]}},"_links":{"self":[{"href":"https:\/\/marktxxl.de\/markt\/wp-json\/wp\/v2\/product\/205603","targetHints":{"allow":["GET"]}}],"collection":[{"href":"https:\/\/marktxxl.de\/markt\/wp-json\/wp\/v2\/product"}],"about":[{"href":"https:\/\/marktxxl.de\/markt\/wp-json\/wp\/v2\/types\/product"}],"replies":[{"embeddable":true,"href":"https:\/\/marktxxl.de\/markt\/wp-json\/wp\/v2\/comments?post=205603"}],"wp:featuredmedia":[{"embeddable":true,"href":"https:\/\/marktxxl.de\/markt\/wp-json\/wp\/v2\/media\/205604"}],"wp:attachment":[{"href":"https:\/\/marktxxl.de\/markt\/wp-json\/wp\/v2\/media?parent=205603"}],"wp:term":[{"taxonomy":"product_brand","embeddable":true,"href":"https:\/\/marktxxl.de\/markt\/wp-json\/wp\/v2\/product_brand?post=205603"},{"taxonomy":"product_cat","embeddable":true,"href":"https:\/\/marktxxl.de\/markt\/wp-json\/wp\/v2\/product_cat?post=205603"},{"taxonomy":"product_tag","embeddable":true,"href":"https:\/\/marktxxl.de\/markt\/wp-json\/wp\/v2\/product_tag?post=205603"}],"curies":[{"name":"wp","href":"https:\/\/api.w.org\/{rel}","templated":true}]}}