{"id":205403,"date":"2023-05-10T13:01:09","date_gmt":"2023-05-10T11:01:09","guid":{"rendered":"https:\/\/marktxxl.de\/markt\/produkt\/gesichtshaarentferner-fuer-frauen-wiederaufladbarer-augenbrauenrasierer-2-in-1-augenbrauen-trimmer-und-gesichtsrasierer-haarentfernungsvorrichtung-fuer-augenbrauen-peach-fuzz-lippen-arme-mit-licht\/"},"modified":"2023-05-10T13:01:09","modified_gmt":"2023-05-10T11:01:09","slug":"gesichtshaarentferner-fuer-frauen-wiederaufladbarer-augenbrauenrasierer-2-in-1-augenbrauen-trimmer-und-gesichtsrasierer-haarentfernungsvorrichtung-fuer-augenbrauen-peach-fuzz-lippen-arme-mit-licht","status":"publish","type":"product","link":"https:\/\/marktxxl.de\/markt\/produkt\/gesichtshaarentferner-fuer-frauen-wiederaufladbarer-augenbrauenrasierer-2-in-1-augenbrauen-trimmer-und-gesichtsrasierer-haarentfernungsvorrichtung-fuer-augenbrauen-peach-fuzz-lippen-arme-mit-licht\/","title":{"rendered":"Gesichtshaarentferner f\u00fcr Frauen, Wiederaufladbarer Augenbrauenrasierer, 2 in 1 Augenbrauen Trimmer und Gesichtsrasierer, Haarentfernungsvorrichtung f\u00fcr Augenbrauen Peach Fuzz Lippen Arme mit Licht"},"content":{"rendered":"<p>\u3010Sanft und Schmerzfrei\u3011 Der 2-in-1 Haarentferner f\u00fcr Frauen ist perfekt f\u00fcr die t\u00e4gliche Haarentfernung im Gesicht geeignet und speziell f\u00fcr Augenbrauen, Ober- und Unterlippe, Wangen, Kinn und Hals konzipiert. Die kreisf\u00f6rmige Bewegungstechnik des Gesichtsepilierers entfernt selbst feinste Haare sanft und hinterl\u00e4sst die Haut glatt und komfortabel.<br \/>\n\u3010Hochwirksam &amp; Pr\u00e4zise\u3011Sagen Sie auf Wiedersehen zu den Beulen und Irritationen, die durch herk\u00f6mmliche Rasier- und Zupfmethoden verursacht werden. Dieser Augenbrauentrimmer f\u00fcr Damen ist sicher f\u00fcr Frauen mit hypoallergener Haut und entfernt Haare pr\u00e4zise und sanft, ohne Schnitte oder Schmerzen zu verursachen.<br \/>\n\u3010Glatt &amp; Komfortabel\u3011Der elektrische Rasierer f\u00fcr Damen zieht das Haar nicht aus der Wurzel, sondern kommt der Haut nah, ohne Irritationen zu verursachen. Der Gesichtsrasierer f\u00fcr Frauen ist ein idealer Begleiter f\u00fcr die t\u00e4gliche Sch\u00f6nheitspflege.<br \/>\n\u3010Aufgewerteter Typ-C wiederaufladbar mit LED-Licht\u3011Das schlanke Design des Ger\u00e4ts zusammen mit der integrierten LED-Lichtfunktion erleichtert das Sehen jeder Kurve und jedes Winkels Ihres Gesichts, um sicherzustellen, dass Sie keine Stelle verpassen. Dieser vielseitige Haarentferner f\u00fcr Frauen kann \u00fcberall verwendet werden und sorgt f\u00fcr ein glatteres Make-up-Ergebnis als je zuvor.<br \/>\n\u3010Lebenslange Garantie\u3011Unser Augenbrauenformer und Gesichtshaarentferner wird mit einer problemlosen 60-t\u00e4gigen R\u00fcckgaberecht und lebenslanger Garantie f\u00fcr etwaige Produktfehler geliefert. Unser freundliches Kundensupport-Team ist immer bereit, Ihnen zu helfen, und wir bem\u00fchen uns, die hochwertigsten Produkte wie den Gesichtsepilierer f\u00fcr Damen Testsieger und den besten Service f\u00fcr Ihre Bed\u00fcrfnisse zu bieten.<br \/>\n<div class=\"main-cross-sell\" data-asin=\"B0BNL134KP\">\n\n\t<div class=\"WooZone-cross-sell-loader\">\n\t\t<div>\n\t\t\t<div id=\"floatingBarsG\">\n\t\t\t\t<div class=\"blockG\" id=\"rotateG_01\"><\/div>\n\t\t\t\t<div class=\"blockG\" id=\"rotateG_02\"><\/div>\n\t\t\t\t<div class=\"blockG\" id=\"rotateG_03\"><\/div>\n\t\t\t\t<div class=\"blockG\" id=\"rotateG_04\"><\/div>\n\t\t\t\t<div class=\"blockG\" id=\"rotateG_05\"><\/div>\n\t\t\t\t<div class=\"blockG\" id=\"rotateG_06\"><\/div>\n\t\t\t\t<div class=\"blockG\" id=\"rotateG_07\"><\/div>\n\t\t\t\t<div class=\"blockG\" id=\"rotateG_08\"><\/div>\n\t\t\t<\/div>\n\t\t\t<div class=\"WooZone-cross-sell-loader-text\"><\/div>\n\t\t<\/div>\n\t<\/div>\n\n\t\t\n<\/div>\n<div style=\"clear:both;\"><\/div><\/p>\n","protected":false},"excerpt":{"rendered":"<p>\u3010Sanft und Schmerzfrei\u3011 Der 2-in-1 Haarentferner f\u00fcr Frauen ist perfekt f\u00fcr die t\u00e4gliche Haarentfernung im Gesicht geeignet und speziell f\u00fcr Augenbrauen, Ober- und Unterlippe, Wangen, Kinn und Hals konzipiert. Die kreisf\u00f6rmige Bewegungstechnik des Gesichtsepilierers entfernt selbst feinste Haare sanft und hinterl\u00e4sst die Haut glatt und komfortabel.<br \/>\n\u3010Hochwirksam &amp; Pr\u00e4zise\u3011Sagen Sie auf Wiedersehen zu den Beulen und Irritationen, die durch herk\u00f6mmliche Rasier- und Zupfmethoden verursacht werden. Dieser Augenbrauentrimmer f\u00fcr Damen ist sicher f\u00fcr Frauen mit hypoallergener Haut und entfernt Haare pr\u00e4zise und sanft, ohne Schnitte oder Schmerzen zu verursachen.<br \/>\n\u3010Glatt &amp; Komfortabel\u3011Der elektrische Rasierer f\u00fcr Damen zieht das Haar nicht aus der Wurzel, sondern kommt der Haut nah, ohne Irritationen zu verursachen. Der Gesichtsrasierer f\u00fcr Frauen ist ein idealer Begleiter f\u00fcr die t\u00e4gliche Sch\u00f6nheitspflege.<\/p>\n","protected":false},"featured_media":205404,"comment_status":"open","ping_status":"closed","template":"","meta":[],"product_brand":[],"product_cat":[566,6190],"product_tag":[],"class_list":{"0":"post-205403","1":"product","2":"type-product","3":"status-publish","4":"has-post-thumbnail","6":"product_cat-drogerie-koerperpflege","7":"product_cat-rasur-enthaarung","8":"pa_brand-kaphio","9":"pa_manufacturer-kaphio","10":"pa_model-ka-003","12":"first","13":"instock","14":"sale","15":"shipping-taxable","16":"purchasable","17":"product-type-simple","18":"customify-col","19":"product-has-gallery"},"yoast_head":"<!-- This site is optimized with the Yoast SEO plugin v27.4 - https:\/\/yoast.com\/product\/yoast-seo-wordpress\/ -->\n<title>Gesichtshaarentferner f\u00fcr Frauen, Wiederaufladbarer Augenbrauenrasierer, 2 in 1 Augenbrauen Trimmer und Gesichtsrasierer, Haarentfernungsvorrichtung f\u00fcr Augenbrauen Peach Fuzz Lippen Arme mit Licht - Markt-XXL<\/title>\n<meta name=\"description\" content=\"Markt-XXL Gesichtshaarentferner f\u00fcr Frauen, Wiederaufladbarer Augenbrauenrasierer, 2 in 1 Augenbrauen Trimmer und Gesichtsrasierer, Haarentfernungsvorrichtung f\u00fcr Augenbrauen Peach Fuzz Lippen Arme mit Licht\" \/>\n<meta name=\"robots\" content=\"index, follow, max-snippet:-1, max-image-preview:large, max-video-preview:-1\" \/>\n<link rel=\"canonical\" href=\"https:\/\/marktxxl.de\/markt\/produkt\/gesichtshaarentferner-fuer-frauen-wiederaufladbarer-augenbrauenrasierer-2-in-1-augenbrauen-trimmer-und-gesichtsrasierer-haarentfernungsvorrichtung-fuer-augenbrauen-peach-fuzz-lippen-arme-mit-licht\/\" \/>\n<meta property=\"og:locale\" content=\"de_DE\" \/>\n<meta property=\"og:type\" content=\"article\" \/>\n<meta property=\"og:title\" content=\"Gesichtshaarentferner f\u00fcr Frauen, Wiederaufladbarer Augenbrauenrasierer, 2 in 1 Augenbrauen Trimmer und Gesichtsrasierer, Haarentfernungsvorrichtung f\u00fcr Augenbrauen Peach Fuzz Lippen Arme mit Licht - Markt-XXL\" \/>\n<meta property=\"og:description\" content=\"Markt-XXL Gesichtshaarentferner f\u00fcr Frauen, Wiederaufladbarer Augenbrauenrasierer, 2 in 1 Augenbrauen Trimmer und Gesichtsrasierer, Haarentfernungsvorrichtung f\u00fcr Augenbrauen Peach Fuzz Lippen Arme mit Licht\" \/>\n<meta property=\"og:url\" content=\"https:\/\/marktxxl.de\/markt\/produkt\/gesichtshaarentferner-fuer-frauen-wiederaufladbarer-augenbrauenrasierer-2-in-1-augenbrauen-trimmer-und-gesichtsrasierer-haarentfernungsvorrichtung-fuer-augenbrauen-peach-fuzz-lippen-arme-mit-licht\/\" \/>\n<meta property=\"og:site_name\" content=\"Markt-XXL\" \/>\n<meta name=\"twitter:card\" content=\"summary_large_image\" \/>\n<meta name=\"twitter:label1\" content=\"Gesch\u00e4tzte Lesezeit\" \/>\n\t<meta name=\"twitter:data1\" content=\"1\u00a0Minute\" \/>\n<script type=\"application\/ld+json\" class=\"yoast-schema-graph\">{\"@context\":\"https:\\\/\\\/schema.org\",\"@graph\":[{\"@type\":\"WebPage\",\"@id\":\"https:\\\/\\\/marktxxl.de\\\/markt\\\/produkt\\\/gesichtshaarentferner-fuer-frauen-wiederaufladbarer-augenbrauenrasierer-2-in-1-augenbrauen-trimmer-und-gesichtsrasierer-haarentfernungsvorrichtung-fuer-augenbrauen-peach-fuzz-lippen-arme-mit-licht\\\/\",\"url\":\"https:\\\/\\\/marktxxl.de\\\/markt\\\/produkt\\\/gesichtshaarentferner-fuer-frauen-wiederaufladbarer-augenbrauenrasierer-2-in-1-augenbrauen-trimmer-und-gesichtsrasierer-haarentfernungsvorrichtung-fuer-augenbrauen-peach-fuzz-lippen-arme-mit-licht\\\/\",\"name\":\"Gesichtshaarentferner f\u00fcr Frauen, Wiederaufladbarer Augenbrauenrasierer, 2 in 1 Augenbrauen Trimmer und Gesichtsrasierer, Haarentfernungsvorrichtung f\u00fcr Augenbrauen Peach Fuzz Lippen Arme mit Licht - Markt-XXL\",\"isPartOf\":{\"@id\":\"https:\\\/\\\/marktxxl.de\\\/markt\\\/#website\"},\"primaryImageOfPage\":{\"@id\":\"https:\\\/\\\/marktxxl.de\\\/markt\\\/produkt\\\/gesichtshaarentferner-fuer-frauen-wiederaufladbarer-augenbrauenrasierer-2-in-1-augenbrauen-trimmer-und-gesichtsrasierer-haarentfernungsvorrichtung-fuer-augenbrauen-peach-fuzz-lippen-arme-mit-licht\\\/#primaryimage\"},\"image\":{\"@id\":\"https:\\\/\\\/marktxxl.de\\\/markt\\\/produkt\\\/gesichtshaarentferner-fuer-frauen-wiederaufladbarer-augenbrauenrasierer-2-in-1-augenbrauen-trimmer-und-gesichtsrasierer-haarentfernungsvorrichtung-fuer-augenbrauen-peach-fuzz-lippen-arme-mit-licht\\\/#primaryimage\"},\"thumbnailUrl\":\"https:\\\/\\\/m.media-amazon.com\\\/images\\\/I\\\/51aJcLmpdGL._SL500_.jpg\",\"datePublished\":\"2023-05-10T11:01:09+00:00\",\"description\":\"Markt-XXL Gesichtshaarentferner f\u00fcr Frauen, Wiederaufladbarer Augenbrauenrasierer, 2 in 1 Augenbrauen Trimmer und Gesichtsrasierer, Haarentfernungsvorrichtung f\u00fcr Augenbrauen Peach Fuzz Lippen Arme mit Licht\",\"breadcrumb\":{\"@id\":\"https:\\\/\\\/marktxxl.de\\\/markt\\\/produkt\\\/gesichtshaarentferner-fuer-frauen-wiederaufladbarer-augenbrauenrasierer-2-in-1-augenbrauen-trimmer-und-gesichtsrasierer-haarentfernungsvorrichtung-fuer-augenbrauen-peach-fuzz-lippen-arme-mit-licht\\\/#breadcrumb\"},\"inLanguage\":\"de\",\"potentialAction\":[{\"@type\":\"ReadAction\",\"target\":[\"https:\\\/\\\/marktxxl.de\\\/markt\\\/produkt\\\/gesichtshaarentferner-fuer-frauen-wiederaufladbarer-augenbrauenrasierer-2-in-1-augenbrauen-trimmer-und-gesichtsrasierer-haarentfernungsvorrichtung-fuer-augenbrauen-peach-fuzz-lippen-arme-mit-licht\\\/\"]}]},{\"@type\":\"ImageObject\",\"inLanguage\":\"de\",\"@id\":\"https:\\\/\\\/marktxxl.de\\\/markt\\\/produkt\\\/gesichtshaarentferner-fuer-frauen-wiederaufladbarer-augenbrauenrasierer-2-in-1-augenbrauen-trimmer-und-gesichtsrasierer-haarentfernungsvorrichtung-fuer-augenbrauen-peach-fuzz-lippen-arme-mit-licht\\\/#primaryimage\",\"url\":\"https:\\\/\\\/m.media-amazon.com\\\/images\\\/I\\\/51aJcLmpdGL._SL500_.jpg\",\"contentUrl\":\"https:\\\/\\\/m.media-amazon.com\\\/images\\\/I\\\/51aJcLmpdGL._SL500_.jpg\",\"width\":500,\"height\":500},{\"@type\":\"BreadcrumbList\",\"@id\":\"https:\\\/\\\/marktxxl.de\\\/markt\\\/produkt\\\/gesichtshaarentferner-fuer-frauen-wiederaufladbarer-augenbrauenrasierer-2-in-1-augenbrauen-trimmer-und-gesichtsrasierer-haarentfernungsvorrichtung-fuer-augenbrauen-peach-fuzz-lippen-arme-mit-licht\\\/#breadcrumb\",\"itemListElement\":[{\"@type\":\"ListItem\",\"position\":1,\"name\":\"Startseite\",\"item\":\"https:\\\/\\\/marktxxl.de\\\/markt\\\/\"},{\"@type\":\"ListItem\",\"position\":2,\"name\":\"Markt\",\"item\":\"https:\\\/\\\/marktxxl.de\\\/markt\\\/\"},{\"@type\":\"ListItem\",\"position\":3,\"name\":\"Gesichtshaarentferner f\u00fcr Frauen, Wiederaufladbarer Augenbrauenrasierer, 2 in 1 Augenbrauen Trimmer und Gesichtsrasierer, Haarentfernungsvorrichtung f\u00fcr Augenbrauen Peach Fuzz Lippen Arme mit Licht\"}]},{\"@type\":\"WebSite\",\"@id\":\"https:\\\/\\\/marktxxl.de\\\/markt\\\/#website\",\"url\":\"https:\\\/\\\/marktxxl.de\\\/markt\\\/\",\"name\":\"Markt-XXL\",\"description\":\"Ihr Markt Online\",\"publisher\":{\"@id\":\"https:\\\/\\\/marktxxl.de\\\/markt\\\/#organization\"},\"potentialAction\":[{\"@type\":\"SearchAction\",\"target\":{\"@type\":\"EntryPoint\",\"urlTemplate\":\"https:\\\/\\\/marktxxl.de\\\/markt\\\/?s={search_term_string}\"},\"query-input\":{\"@type\":\"PropertyValueSpecification\",\"valueRequired\":true,\"valueName\":\"search_term_string\"}}],\"inLanguage\":\"de\"},{\"@type\":\"Organization\",\"@id\":\"https:\\\/\\\/marktxxl.de\\\/markt\\\/#organization\",\"name\":\"Markt-XXL\",\"url\":\"https:\\\/\\\/marktxxl.de\\\/markt\\\/\",\"logo\":{\"@type\":\"ImageObject\",\"inLanguage\":\"de\",\"@id\":\"https:\\\/\\\/marktxxl.de\\\/markt\\\/#\\\/schema\\\/logo\\\/image\\\/\",\"url\":\"https:\\\/\\\/marktxxl.de\\\/markt\\\/wp-content\\\/uploads\\\/sites\\\/3\\\/2020\\\/12\\\/logo.png\",\"contentUrl\":\"https:\\\/\\\/marktxxl.de\\\/markt\\\/wp-content\\\/uploads\\\/sites\\\/3\\\/2020\\\/12\\\/logo.png\",\"width\":200,\"height\":70,\"caption\":\"Markt-XXL\"},\"image\":{\"@id\":\"https:\\\/\\\/marktxxl.de\\\/markt\\\/#\\\/schema\\\/logo\\\/image\\\/\"}}]}<\/script>\n<!-- \/ Yoast SEO plugin. -->","yoast_head_json":{"title":"Gesichtshaarentferner f\u00fcr Frauen, Wiederaufladbarer Augenbrauenrasierer, 2 in 1 Augenbrauen Trimmer und Gesichtsrasierer, Haarentfernungsvorrichtung f\u00fcr Augenbrauen Peach Fuzz Lippen Arme mit Licht - Markt-XXL","description":"Markt-XXL Gesichtshaarentferner f\u00fcr Frauen, Wiederaufladbarer Augenbrauenrasierer, 2 in 1 Augenbrauen Trimmer und Gesichtsrasierer, Haarentfernungsvorrichtung f\u00fcr Augenbrauen Peach Fuzz Lippen Arme mit Licht","robots":{"index":"index","follow":"follow","max-snippet":"max-snippet:-1","max-image-preview":"max-image-preview:large","max-video-preview":"max-video-preview:-1"},"canonical":"https:\/\/marktxxl.de\/markt\/produkt\/gesichtshaarentferner-fuer-frauen-wiederaufladbarer-augenbrauenrasierer-2-in-1-augenbrauen-trimmer-und-gesichtsrasierer-haarentfernungsvorrichtung-fuer-augenbrauen-peach-fuzz-lippen-arme-mit-licht\/","og_locale":"de_DE","og_type":"article","og_title":"Gesichtshaarentferner f\u00fcr Frauen, Wiederaufladbarer Augenbrauenrasierer, 2 in 1 Augenbrauen Trimmer und Gesichtsrasierer, Haarentfernungsvorrichtung f\u00fcr Augenbrauen Peach Fuzz Lippen Arme mit Licht - Markt-XXL","og_description":"Markt-XXL Gesichtshaarentferner f\u00fcr Frauen, Wiederaufladbarer Augenbrauenrasierer, 2 in 1 Augenbrauen Trimmer und Gesichtsrasierer, Haarentfernungsvorrichtung f\u00fcr Augenbrauen Peach Fuzz Lippen Arme mit Licht","og_url":"https:\/\/marktxxl.de\/markt\/produkt\/gesichtshaarentferner-fuer-frauen-wiederaufladbarer-augenbrauenrasierer-2-in-1-augenbrauen-trimmer-und-gesichtsrasierer-haarentfernungsvorrichtung-fuer-augenbrauen-peach-fuzz-lippen-arme-mit-licht\/","og_site_name":"Markt-XXL","twitter_card":"summary_large_image","twitter_misc":{"Gesch\u00e4tzte Lesezeit":"1\u00a0Minute"},"schema":{"@context":"https:\/\/schema.org","@graph":[{"@type":"WebPage","@id":"https:\/\/marktxxl.de\/markt\/produkt\/gesichtshaarentferner-fuer-frauen-wiederaufladbarer-augenbrauenrasierer-2-in-1-augenbrauen-trimmer-und-gesichtsrasierer-haarentfernungsvorrichtung-fuer-augenbrauen-peach-fuzz-lippen-arme-mit-licht\/","url":"https:\/\/marktxxl.de\/markt\/produkt\/gesichtshaarentferner-fuer-frauen-wiederaufladbarer-augenbrauenrasierer-2-in-1-augenbrauen-trimmer-und-gesichtsrasierer-haarentfernungsvorrichtung-fuer-augenbrauen-peach-fuzz-lippen-arme-mit-licht\/","name":"Gesichtshaarentferner f\u00fcr Frauen, Wiederaufladbarer Augenbrauenrasierer, 2 in 1 Augenbrauen Trimmer und Gesichtsrasierer, Haarentfernungsvorrichtung f\u00fcr Augenbrauen Peach Fuzz Lippen Arme mit Licht - Markt-XXL","isPartOf":{"@id":"https:\/\/marktxxl.de\/markt\/#website"},"primaryImageOfPage":{"@id":"https:\/\/marktxxl.de\/markt\/produkt\/gesichtshaarentferner-fuer-frauen-wiederaufladbarer-augenbrauenrasierer-2-in-1-augenbrauen-trimmer-und-gesichtsrasierer-haarentfernungsvorrichtung-fuer-augenbrauen-peach-fuzz-lippen-arme-mit-licht\/#primaryimage"},"image":{"@id":"https:\/\/marktxxl.de\/markt\/produkt\/gesichtshaarentferner-fuer-frauen-wiederaufladbarer-augenbrauenrasierer-2-in-1-augenbrauen-trimmer-und-gesichtsrasierer-haarentfernungsvorrichtung-fuer-augenbrauen-peach-fuzz-lippen-arme-mit-licht\/#primaryimage"},"thumbnailUrl":"https:\/\/m.media-amazon.com\/images\/I\/51aJcLmpdGL._SL500_.jpg","datePublished":"2023-05-10T11:01:09+00:00","description":"Markt-XXL Gesichtshaarentferner f\u00fcr Frauen, Wiederaufladbarer Augenbrauenrasierer, 2 in 1 Augenbrauen Trimmer und Gesichtsrasierer, Haarentfernungsvorrichtung f\u00fcr Augenbrauen Peach Fuzz Lippen Arme mit Licht","breadcrumb":{"@id":"https:\/\/marktxxl.de\/markt\/produkt\/gesichtshaarentferner-fuer-frauen-wiederaufladbarer-augenbrauenrasierer-2-in-1-augenbrauen-trimmer-und-gesichtsrasierer-haarentfernungsvorrichtung-fuer-augenbrauen-peach-fuzz-lippen-arme-mit-licht\/#breadcrumb"},"inLanguage":"de","potentialAction":[{"@type":"ReadAction","target":["https:\/\/marktxxl.de\/markt\/produkt\/gesichtshaarentferner-fuer-frauen-wiederaufladbarer-augenbrauenrasierer-2-in-1-augenbrauen-trimmer-und-gesichtsrasierer-haarentfernungsvorrichtung-fuer-augenbrauen-peach-fuzz-lippen-arme-mit-licht\/"]}]},{"@type":"ImageObject","inLanguage":"de","@id":"https:\/\/marktxxl.de\/markt\/produkt\/gesichtshaarentferner-fuer-frauen-wiederaufladbarer-augenbrauenrasierer-2-in-1-augenbrauen-trimmer-und-gesichtsrasierer-haarentfernungsvorrichtung-fuer-augenbrauen-peach-fuzz-lippen-arme-mit-licht\/#primaryimage","url":"https:\/\/m.media-amazon.com\/images\/I\/51aJcLmpdGL._SL500_.jpg","contentUrl":"https:\/\/m.media-amazon.com\/images\/I\/51aJcLmpdGL._SL500_.jpg","width":500,"height":500},{"@type":"BreadcrumbList","@id":"https:\/\/marktxxl.de\/markt\/produkt\/gesichtshaarentferner-fuer-frauen-wiederaufladbarer-augenbrauenrasierer-2-in-1-augenbrauen-trimmer-und-gesichtsrasierer-haarentfernungsvorrichtung-fuer-augenbrauen-peach-fuzz-lippen-arme-mit-licht\/#breadcrumb","itemListElement":[{"@type":"ListItem","position":1,"name":"Startseite","item":"https:\/\/marktxxl.de\/markt\/"},{"@type":"ListItem","position":2,"name":"Markt","item":"https:\/\/marktxxl.de\/markt\/"},{"@type":"ListItem","position":3,"name":"Gesichtshaarentferner f\u00fcr Frauen, Wiederaufladbarer Augenbrauenrasierer, 2 in 1 Augenbrauen Trimmer und Gesichtsrasierer, Haarentfernungsvorrichtung f\u00fcr Augenbrauen Peach Fuzz Lippen Arme mit Licht"}]},{"@type":"WebSite","@id":"https:\/\/marktxxl.de\/markt\/#website","url":"https:\/\/marktxxl.de\/markt\/","name":"Markt-XXL","description":"Ihr Markt Online","publisher":{"@id":"https:\/\/marktxxl.de\/markt\/#organization"},"potentialAction":[{"@type":"SearchAction","target":{"@type":"EntryPoint","urlTemplate":"https:\/\/marktxxl.de\/markt\/?s={search_term_string}"},"query-input":{"@type":"PropertyValueSpecification","valueRequired":true,"valueName":"search_term_string"}}],"inLanguage":"de"},{"@type":"Organization","@id":"https:\/\/marktxxl.de\/markt\/#organization","name":"Markt-XXL","url":"https:\/\/marktxxl.de\/markt\/","logo":{"@type":"ImageObject","inLanguage":"de","@id":"https:\/\/marktxxl.de\/markt\/#\/schema\/logo\/image\/","url":"https:\/\/marktxxl.de\/markt\/wp-content\/uploads\/sites\/3\/2020\/12\/logo.png","contentUrl":"https:\/\/marktxxl.de\/markt\/wp-content\/uploads\/sites\/3\/2020\/12\/logo.png","width":200,"height":70,"caption":"Markt-XXL"},"image":{"@id":"https:\/\/marktxxl.de\/markt\/#\/schema\/logo\/image\/"}}]}},"_links":{"self":[{"href":"https:\/\/marktxxl.de\/markt\/wp-json\/wp\/v2\/product\/205403","targetHints":{"allow":["GET"]}}],"collection":[{"href":"https:\/\/marktxxl.de\/markt\/wp-json\/wp\/v2\/product"}],"about":[{"href":"https:\/\/marktxxl.de\/markt\/wp-json\/wp\/v2\/types\/product"}],"replies":[{"embeddable":true,"href":"https:\/\/marktxxl.de\/markt\/wp-json\/wp\/v2\/comments?post=205403"}],"wp:featuredmedia":[{"embeddable":true,"href":"https:\/\/marktxxl.de\/markt\/wp-json\/wp\/v2\/media\/205404"}],"wp:attachment":[{"href":"https:\/\/marktxxl.de\/markt\/wp-json\/wp\/v2\/media?parent=205403"}],"wp:term":[{"taxonomy":"product_brand","embeddable":true,"href":"https:\/\/marktxxl.de\/markt\/wp-json\/wp\/v2\/product_brand?post=205403"},{"taxonomy":"product_cat","embeddable":true,"href":"https:\/\/marktxxl.de\/markt\/wp-json\/wp\/v2\/product_cat?post=205403"},{"taxonomy":"product_tag","embeddable":true,"href":"https:\/\/marktxxl.de\/markt\/wp-json\/wp\/v2\/product_tag?post=205403"}],"curies":[{"name":"wp","href":"https:\/\/api.w.org\/{rel}","templated":true}]}}