{"id":205275,"date":"2023-05-10T11:55:37","date_gmt":"2023-05-10T09:55:37","guid":{"rendered":"https:\/\/marktxxl.de\/markt\/produkt\/rshtech-aluminium-usb-3-0-externe-festplattengehaeuse-2535-usb-3-0-sata-festplatte-gehaeuse-fuer-ssd-hdd-mit-24w-netzteil-2-in-1-usb-datenkabel-unterstuetzt-uasp-automatische\/"},"modified":"2023-05-10T11:55:37","modified_gmt":"2023-05-10T09:55:37","slug":"rshtech-aluminium-usb-3-0-externe-festplattengehaeuse-2535-usb-3-0-sata-festplatte-gehaeuse-fuer-ssd-hdd-mit-24w-netzteil-2-in-1-usb-datenkabel-unterstuetzt-uasp-automatische","status":"publish","type":"product","link":"https:\/\/marktxxl.de\/markt\/produkt\/rshtech-aluminium-usb-3-0-externe-festplattengehaeuse-2535-usb-3-0-sata-festplatte-gehaeuse-fuer-ssd-hdd-mit-24w-netzteil-2-in-1-usb-datenkabel-unterstuetzt-uasp-automatische\/","title":{"rendered":"RSHTECH Aluminium USB 3.0 Externe Festplattengeh\u00e4use 2,5&#8221;&amp;3,5&#8221; USB 3.0 SATA Festplatte Geh\u00e4use f\u00fcr SSD &amp; HDD, mit 24W Netzteil, 2-in-1 USB Datenkabel, unterst\u00fctzt UASP, Automatische Schlaffunktion"},"content":{"rendered":"<p>\u3010Sichere und Stabile Daten\u00fcbertragung\u3011Aluminium H\u00fclle, leicht und tragbar, schnelle W\u00e4rmeableitung! ASM1153E Master-Chip macht die \u00dcbertragung stabiler. Daten\u00fcbertragungsraten bis zu 5 Gbit \/ s. UASP wird unterst\u00fctzt und um die UASP-Beschleunigungsfunktion zu erreichen, \u00fcberpr\u00fcfen Sie zun\u00e4chst, ob Ihr Computer das UASP-Protokoll unterst\u00fctzt oder nicht. Abw\u00e4rtskompatibel mit USB 2.0.<br \/>\n\u3010Automatische Schlaffunktion\u3011Die 3,5 zoll Festplatten Geh\u00e4use SATA aktiviert den Ruhemodus nach 10 Minuten Inaktivit\u00e4t automatisch. Der mechanische Schalter ist sicherer und langes Dr\u00fccken von 3 Sekunden zum Ausschalten, kann ein fehlerhaftes Herunterfahren vermeiden und wirksamer Schutz Ihrer Festplatte. Zwei LED-Anzeigen zeigen den Stromstatus (rot) und den Aktivit\u00e4tsstatus der Festplatte (blau) an.<br \/>\n\u30102-in-1-Hybrid-Datenkabel \u3011Wird mit einem 100 cm langen 2-in-1-Hybridkabel (Typ-A und Typ-C) geliefert, das mit einer Vielzahl von Ger\u00e4ten kompatibel ist. Die 3,5 zoll aluminium external sata geh\u00e4use ist leicht und leicht zu tragen. Unterst\u00fctzt Hot Plug, Plug and Play, es muss kein Treiber installiert werden. Die High-End-silbergraue SATA 3,5 zoll aluminium festplatte geh\u00e4use eignet sich sehr gut f\u00fcr Gesch\u00e4ftsb\u00fcros.<br \/>\n\u3010\u00dcberspannungsschutz Ger\u00e4te\u3011Die Festplattengeh\u00e4use mit einem unabh\u00e4ngigen 12V \/ 2A Netzteil sorgt f\u00fcr einen geringeren Stromverbrauch, eine stabilere \u00dcbertragung und einen Mehrfachschutz f\u00fcr Ihre 2,5 &amp; 3,5 zoll festplatte. Integrierte Sicherheitsvorkehrungen verhindern \u00dcberspannung, Leckstr\u00f6me, Kurzschl\u00fcsse und Spitzenspannung, garantieren eine sicherere Daten\u00fcbertragung und den Zugriff auf die Festplatte.<br \/>\n\u3010Breite Kompatibilit\u00e4t\u3011RSHTECH Aluminium Externes Festplatte Geh\u00e4use SATA unterst\u00fctzt alle 2,5 &amp; 3,5 zoll SATA I \/ II \/ III SSD und HDD, kompatibel mit Windows 2000 \/ XP \/ VISTA \/ Windows 7\/8\/10 \/ Linux \/ Mac 9.0 oder h\u00f6her, PS4, PS4 Pro, Xbox 360 und Xbox One.<br \/>\n<div class=\"main-cross-sell\" data-asin=\"B0BXP35891\">\n\n\t<div class=\"WooZone-cross-sell-loader\">\n\t\t<div>\n\t\t\t<div id=\"floatingBarsG\">\n\t\t\t\t<div class=\"blockG\" id=\"rotateG_01\"><\/div>\n\t\t\t\t<div class=\"blockG\" id=\"rotateG_02\"><\/div>\n\t\t\t\t<div class=\"blockG\" id=\"rotateG_03\"><\/div>\n\t\t\t\t<div class=\"blockG\" id=\"rotateG_04\"><\/div>\n\t\t\t\t<div class=\"blockG\" id=\"rotateG_05\"><\/div>\n\t\t\t\t<div class=\"blockG\" id=\"rotateG_06\"><\/div>\n\t\t\t\t<div class=\"blockG\" id=\"rotateG_07\"><\/div>\n\t\t\t\t<div class=\"blockG\" id=\"rotateG_08\"><\/div>\n\t\t\t<\/div>\n\t\t\t<div class=\"WooZone-cross-sell-loader-text\"><\/div>\n\t\t<\/div>\n\t<\/div>\n\n\t\t\n<\/div>\n<div style=\"clear:both;\"><\/div><\/p>\n","protected":false},"excerpt":{"rendered":"<p>\u3010Sichere und Stabile Daten\u00fcbertragung\u3011Aluminium H\u00fclle, leicht und tragbar, schnelle W\u00e4rmeableitung! ASM1153E Master-Chip macht die \u00dcbertragung stabiler. Daten\u00fcbertragungsraten bis zu 5 Gbit \/ s. UASP wird unterst\u00fctzt und um die UASP-Beschleunigungsfunktion zu erreichen, \u00fcberpr\u00fcfen Sie zun\u00e4chst, ob Ihr Computer das UASP-Protokoll unterst\u00fctzt oder nicht. Abw\u00e4rtskompatibel mit USB 2.0.<br \/>\n\u3010Automatische Schlaffunktion\u3011Die 3,5 zoll Festplatten Geh\u00e4use SATA aktiviert den Ruhemodus nach 10 Minuten Inaktivit\u00e4t automatisch. Der mechanische Schalter ist sicherer und langes Dr\u00fccken von 3 Sekunden zum Ausschalten, kann ein fehlerhaftes Herunterfahren vermeiden und wirksamer Schutz Ihrer Festplatte. Zwei LED-Anzeigen zeigen den Stromstatus (rot) und den Aktivit\u00e4tsstatus der Festplatte (blau) an.<br \/>\n\u30102-in-1-Hybrid-Datenkabel \u3011Wird mit einem 100 cm langen 2-in-1-Hybridkabel (Typ-A und Typ-C) geliefert, das mit einer Vielzahl von Ger\u00e4ten kompatibel ist. Die 3,5 zoll aluminium external sata geh\u00e4use ist leicht und leicht zu tragen. Unterst\u00fctzt Hot Plug, Plug and Play, es muss kein Treiber installiert werden. Die High-End-silbergraue SATA 3,5 zoll aluminium festplatte geh\u00e4use eignet sich sehr gut f\u00fcr Gesch\u00e4ftsb\u00fcros.<\/p>\n","protected":false},"featured_media":205276,"comment_status":"open","ping_status":"closed","template":"","meta":[],"product_brand":[],"product_cat":[863],"product_tag":[],"class_list":{"0":"post-205275","1":"product","2":"type-product","3":"status-publish","4":"has-post-thumbnail","6":"product_cat-computer-zubehoer","7":"pa_brand-rshtech","8":"pa_color-silbergrau","9":"pa_manufacturer-shenzhen-rong-sheng-hui-electronics-co-ltd","10":"pa_warranty-18-monate","12":"first","13":"instock","14":"shipping-taxable","15":"purchasable","16":"product-type-simple","17":"customify-col","18":"product-has-gallery"},"yoast_head":"<!-- This site is optimized with the Yoast SEO plugin v27.4 - https:\/\/yoast.com\/product\/yoast-seo-wordpress\/ -->\n<title>RSHTECH Aluminium USB 3.0 Externe Festplattengeh\u00e4use 2,5&#039;&#039;&amp;3,5&#039;&#039; USB 3.0 SATA Festplatte Geh\u00e4use f\u00fcr SSD &amp; HDD, mit 24W Netzteil, 2-in-1 USB Datenkabel, unterst\u00fctzt UASP, Automatische Schlaffunktion - Markt-XXL<\/title>\n<meta name=\"description\" content=\"Markt-XXL RSHTECH Aluminium USB 3.0 Externe Festplattengeh\u00e4use 2,5&#039;&#039;&amp;3,5&#039;&#039; USB 3.0 SATA Festplatte Geh\u00e4use f\u00fcr SSD &amp; HDD, mit 24W Netzteil, 2-in-1 USB Datenkabel, unterst\u00fctzt UASP, Automatische Schlaffunktion\" \/>\n<meta name=\"robots\" content=\"index, follow, max-snippet:-1, max-image-preview:large, max-video-preview:-1\" \/>\n<link rel=\"canonical\" href=\"https:\/\/marktxxl.de\/markt\/produkt\/rshtech-aluminium-usb-3-0-externe-festplattengehaeuse-2535-usb-3-0-sata-festplatte-gehaeuse-fuer-ssd-hdd-mit-24w-netzteil-2-in-1-usb-datenkabel-unterstuetzt-uasp-automatische\/\" \/>\n<meta property=\"og:locale\" content=\"de_DE\" \/>\n<meta property=\"og:type\" content=\"article\" \/>\n<meta property=\"og:title\" content=\"RSHTECH Aluminium USB 3.0 Externe Festplattengeh\u00e4use 2,5&#039;&#039;&amp;3,5&#039;&#039; USB 3.0 SATA Festplatte Geh\u00e4use f\u00fcr SSD &amp; HDD, mit 24W Netzteil, 2-in-1 USB Datenkabel, unterst\u00fctzt UASP, Automatische Schlaffunktion - Markt-XXL\" \/>\n<meta property=\"og:description\" content=\"Markt-XXL RSHTECH Aluminium USB 3.0 Externe Festplattengeh\u00e4use 2,5&#039;&#039;&amp;3,5&#039;&#039; USB 3.0 SATA Festplatte Geh\u00e4use f\u00fcr SSD &amp; HDD, mit 24W Netzteil, 2-in-1 USB Datenkabel, unterst\u00fctzt UASP, Automatische Schlaffunktion\" \/>\n<meta property=\"og:url\" content=\"https:\/\/marktxxl.de\/markt\/produkt\/rshtech-aluminium-usb-3-0-externe-festplattengehaeuse-2535-usb-3-0-sata-festplatte-gehaeuse-fuer-ssd-hdd-mit-24w-netzteil-2-in-1-usb-datenkabel-unterstuetzt-uasp-automatische\/\" \/>\n<meta property=\"og:site_name\" content=\"Markt-XXL\" \/>\n<meta name=\"twitter:card\" content=\"summary_large_image\" \/>\n<meta name=\"twitter:label1\" content=\"Gesch\u00e4tzte Lesezeit\" \/>\n\t<meta name=\"twitter:data1\" content=\"1\u00a0Minute\" \/>\n<script type=\"application\/ld+json\" class=\"yoast-schema-graph\">{\"@context\":\"https:\\\/\\\/schema.org\",\"@graph\":[{\"@type\":\"WebPage\",\"@id\":\"https:\\\/\\\/marktxxl.de\\\/markt\\\/produkt\\\/rshtech-aluminium-usb-3-0-externe-festplattengehaeuse-2535-usb-3-0-sata-festplatte-gehaeuse-fuer-ssd-hdd-mit-24w-netzteil-2-in-1-usb-datenkabel-unterstuetzt-uasp-automatische\\\/\",\"url\":\"https:\\\/\\\/marktxxl.de\\\/markt\\\/produkt\\\/rshtech-aluminium-usb-3-0-externe-festplattengehaeuse-2535-usb-3-0-sata-festplatte-gehaeuse-fuer-ssd-hdd-mit-24w-netzteil-2-in-1-usb-datenkabel-unterstuetzt-uasp-automatische\\\/\",\"name\":\"RSHTECH Aluminium USB 3.0 Externe Festplattengeh\u00e4use 2,5''&amp;3,5'' USB 3.0 SATA Festplatte Geh\u00e4use f\u00fcr SSD &amp; HDD, mit 24W Netzteil, 2-in-1 USB Datenkabel, unterst\u00fctzt UASP, Automatische Schlaffunktion - Markt-XXL\",\"isPartOf\":{\"@id\":\"https:\\\/\\\/marktxxl.de\\\/markt\\\/#website\"},\"primaryImageOfPage\":{\"@id\":\"https:\\\/\\\/marktxxl.de\\\/markt\\\/produkt\\\/rshtech-aluminium-usb-3-0-externe-festplattengehaeuse-2535-usb-3-0-sata-festplatte-gehaeuse-fuer-ssd-hdd-mit-24w-netzteil-2-in-1-usb-datenkabel-unterstuetzt-uasp-automatische\\\/#primaryimage\"},\"image\":{\"@id\":\"https:\\\/\\\/marktxxl.de\\\/markt\\\/produkt\\\/rshtech-aluminium-usb-3-0-externe-festplattengehaeuse-2535-usb-3-0-sata-festplatte-gehaeuse-fuer-ssd-hdd-mit-24w-netzteil-2-in-1-usb-datenkabel-unterstuetzt-uasp-automatische\\\/#primaryimage\"},\"thumbnailUrl\":\"https:\\\/\\\/m.media-amazon.com\\\/images\\\/I\\\/41JZ6ncUSsL._SL500_.jpg\",\"datePublished\":\"2023-05-10T09:55:37+00:00\",\"description\":\"Markt-XXL RSHTECH Aluminium USB 3.0 Externe Festplattengeh\u00e4use 2,5''&amp;3,5'' USB 3.0 SATA Festplatte Geh\u00e4use f\u00fcr SSD &amp; HDD, mit 24W Netzteil, 2-in-1 USB Datenkabel, unterst\u00fctzt UASP, Automatische Schlaffunktion\",\"breadcrumb\":{\"@id\":\"https:\\\/\\\/marktxxl.de\\\/markt\\\/produkt\\\/rshtech-aluminium-usb-3-0-externe-festplattengehaeuse-2535-usb-3-0-sata-festplatte-gehaeuse-fuer-ssd-hdd-mit-24w-netzteil-2-in-1-usb-datenkabel-unterstuetzt-uasp-automatische\\\/#breadcrumb\"},\"inLanguage\":\"de\",\"potentialAction\":[{\"@type\":\"ReadAction\",\"target\":[\"https:\\\/\\\/marktxxl.de\\\/markt\\\/produkt\\\/rshtech-aluminium-usb-3-0-externe-festplattengehaeuse-2535-usb-3-0-sata-festplatte-gehaeuse-fuer-ssd-hdd-mit-24w-netzteil-2-in-1-usb-datenkabel-unterstuetzt-uasp-automatische\\\/\"]}]},{\"@type\":\"ImageObject\",\"inLanguage\":\"de\",\"@id\":\"https:\\\/\\\/marktxxl.de\\\/markt\\\/produkt\\\/rshtech-aluminium-usb-3-0-externe-festplattengehaeuse-2535-usb-3-0-sata-festplatte-gehaeuse-fuer-ssd-hdd-mit-24w-netzteil-2-in-1-usb-datenkabel-unterstuetzt-uasp-automatische\\\/#primaryimage\",\"url\":\"https:\\\/\\\/m.media-amazon.com\\\/images\\\/I\\\/41JZ6ncUSsL._SL500_.jpg\",\"contentUrl\":\"https:\\\/\\\/m.media-amazon.com\\\/images\\\/I\\\/41JZ6ncUSsL._SL500_.jpg\",\"width\":500,\"height\":500},{\"@type\":\"BreadcrumbList\",\"@id\":\"https:\\\/\\\/marktxxl.de\\\/markt\\\/produkt\\\/rshtech-aluminium-usb-3-0-externe-festplattengehaeuse-2535-usb-3-0-sata-festplatte-gehaeuse-fuer-ssd-hdd-mit-24w-netzteil-2-in-1-usb-datenkabel-unterstuetzt-uasp-automatische\\\/#breadcrumb\",\"itemListElement\":[{\"@type\":\"ListItem\",\"position\":1,\"name\":\"Startseite\",\"item\":\"https:\\\/\\\/marktxxl.de\\\/markt\\\/\"},{\"@type\":\"ListItem\",\"position\":2,\"name\":\"Markt\",\"item\":\"https:\\\/\\\/marktxxl.de\\\/markt\\\/\"},{\"@type\":\"ListItem\",\"position\":3,\"name\":\"RSHTECH Aluminium USB 3.0 Externe Festplattengeh\u00e4use 2,5&#8221;&amp;3,5&#8221; USB 3.0 SATA Festplatte Geh\u00e4use f\u00fcr SSD &amp; HDD, mit 24W Netzteil, 2-in-1 USB Datenkabel, unterst\u00fctzt UASP, Automatische Schlaffunktion\"}]},{\"@type\":\"WebSite\",\"@id\":\"https:\\\/\\\/marktxxl.de\\\/markt\\\/#website\",\"url\":\"https:\\\/\\\/marktxxl.de\\\/markt\\\/\",\"name\":\"Markt-XXL\",\"description\":\"Ihr Markt Online\",\"publisher\":{\"@id\":\"https:\\\/\\\/marktxxl.de\\\/markt\\\/#organization\"},\"potentialAction\":[{\"@type\":\"SearchAction\",\"target\":{\"@type\":\"EntryPoint\",\"urlTemplate\":\"https:\\\/\\\/marktxxl.de\\\/markt\\\/?s={search_term_string}\"},\"query-input\":{\"@type\":\"PropertyValueSpecification\",\"valueRequired\":true,\"valueName\":\"search_term_string\"}}],\"inLanguage\":\"de\"},{\"@type\":\"Organization\",\"@id\":\"https:\\\/\\\/marktxxl.de\\\/markt\\\/#organization\",\"name\":\"Markt-XXL\",\"url\":\"https:\\\/\\\/marktxxl.de\\\/markt\\\/\",\"logo\":{\"@type\":\"ImageObject\",\"inLanguage\":\"de\",\"@id\":\"https:\\\/\\\/marktxxl.de\\\/markt\\\/#\\\/schema\\\/logo\\\/image\\\/\",\"url\":\"https:\\\/\\\/marktxxl.de\\\/markt\\\/wp-content\\\/uploads\\\/sites\\\/3\\\/2020\\\/12\\\/logo.png\",\"contentUrl\":\"https:\\\/\\\/marktxxl.de\\\/markt\\\/wp-content\\\/uploads\\\/sites\\\/3\\\/2020\\\/12\\\/logo.png\",\"width\":200,\"height\":70,\"caption\":\"Markt-XXL\"},\"image\":{\"@id\":\"https:\\\/\\\/marktxxl.de\\\/markt\\\/#\\\/schema\\\/logo\\\/image\\\/\"}}]}<\/script>\n<!-- \/ Yoast SEO plugin. -->","yoast_head_json":{"title":"RSHTECH Aluminium USB 3.0 Externe Festplattengeh\u00e4use 2,5''&amp;3,5'' USB 3.0 SATA Festplatte Geh\u00e4use f\u00fcr SSD &amp; HDD, mit 24W Netzteil, 2-in-1 USB Datenkabel, unterst\u00fctzt UASP, Automatische Schlaffunktion - Markt-XXL","description":"Markt-XXL RSHTECH Aluminium USB 3.0 Externe Festplattengeh\u00e4use 2,5''&amp;3,5'' USB 3.0 SATA Festplatte Geh\u00e4use f\u00fcr SSD &amp; HDD, mit 24W Netzteil, 2-in-1 USB Datenkabel, unterst\u00fctzt UASP, Automatische Schlaffunktion","robots":{"index":"index","follow":"follow","max-snippet":"max-snippet:-1","max-image-preview":"max-image-preview:large","max-video-preview":"max-video-preview:-1"},"canonical":"https:\/\/marktxxl.de\/markt\/produkt\/rshtech-aluminium-usb-3-0-externe-festplattengehaeuse-2535-usb-3-0-sata-festplatte-gehaeuse-fuer-ssd-hdd-mit-24w-netzteil-2-in-1-usb-datenkabel-unterstuetzt-uasp-automatische\/","og_locale":"de_DE","og_type":"article","og_title":"RSHTECH Aluminium USB 3.0 Externe Festplattengeh\u00e4use 2,5''&amp;3,5'' USB 3.0 SATA Festplatte Geh\u00e4use f\u00fcr SSD &amp; HDD, mit 24W Netzteil, 2-in-1 USB Datenkabel, unterst\u00fctzt UASP, Automatische Schlaffunktion - Markt-XXL","og_description":"Markt-XXL RSHTECH Aluminium USB 3.0 Externe Festplattengeh\u00e4use 2,5''&amp;3,5'' USB 3.0 SATA Festplatte Geh\u00e4use f\u00fcr SSD &amp; HDD, mit 24W Netzteil, 2-in-1 USB Datenkabel, unterst\u00fctzt UASP, Automatische Schlaffunktion","og_url":"https:\/\/marktxxl.de\/markt\/produkt\/rshtech-aluminium-usb-3-0-externe-festplattengehaeuse-2535-usb-3-0-sata-festplatte-gehaeuse-fuer-ssd-hdd-mit-24w-netzteil-2-in-1-usb-datenkabel-unterstuetzt-uasp-automatische\/","og_site_name":"Markt-XXL","twitter_card":"summary_large_image","twitter_misc":{"Gesch\u00e4tzte Lesezeit":"1\u00a0Minute"},"schema":{"@context":"https:\/\/schema.org","@graph":[{"@type":"WebPage","@id":"https:\/\/marktxxl.de\/markt\/produkt\/rshtech-aluminium-usb-3-0-externe-festplattengehaeuse-2535-usb-3-0-sata-festplatte-gehaeuse-fuer-ssd-hdd-mit-24w-netzteil-2-in-1-usb-datenkabel-unterstuetzt-uasp-automatische\/","url":"https:\/\/marktxxl.de\/markt\/produkt\/rshtech-aluminium-usb-3-0-externe-festplattengehaeuse-2535-usb-3-0-sata-festplatte-gehaeuse-fuer-ssd-hdd-mit-24w-netzteil-2-in-1-usb-datenkabel-unterstuetzt-uasp-automatische\/","name":"RSHTECH Aluminium USB 3.0 Externe Festplattengeh\u00e4use 2,5''&amp;3,5'' USB 3.0 SATA Festplatte Geh\u00e4use f\u00fcr SSD &amp; HDD, mit 24W Netzteil, 2-in-1 USB Datenkabel, unterst\u00fctzt UASP, Automatische Schlaffunktion - Markt-XXL","isPartOf":{"@id":"https:\/\/marktxxl.de\/markt\/#website"},"primaryImageOfPage":{"@id":"https:\/\/marktxxl.de\/markt\/produkt\/rshtech-aluminium-usb-3-0-externe-festplattengehaeuse-2535-usb-3-0-sata-festplatte-gehaeuse-fuer-ssd-hdd-mit-24w-netzteil-2-in-1-usb-datenkabel-unterstuetzt-uasp-automatische\/#primaryimage"},"image":{"@id":"https:\/\/marktxxl.de\/markt\/produkt\/rshtech-aluminium-usb-3-0-externe-festplattengehaeuse-2535-usb-3-0-sata-festplatte-gehaeuse-fuer-ssd-hdd-mit-24w-netzteil-2-in-1-usb-datenkabel-unterstuetzt-uasp-automatische\/#primaryimage"},"thumbnailUrl":"https:\/\/m.media-amazon.com\/images\/I\/41JZ6ncUSsL._SL500_.jpg","datePublished":"2023-05-10T09:55:37+00:00","description":"Markt-XXL RSHTECH Aluminium USB 3.0 Externe Festplattengeh\u00e4use 2,5''&amp;3,5'' USB 3.0 SATA Festplatte Geh\u00e4use f\u00fcr SSD &amp; HDD, mit 24W Netzteil, 2-in-1 USB Datenkabel, unterst\u00fctzt UASP, Automatische Schlaffunktion","breadcrumb":{"@id":"https:\/\/marktxxl.de\/markt\/produkt\/rshtech-aluminium-usb-3-0-externe-festplattengehaeuse-2535-usb-3-0-sata-festplatte-gehaeuse-fuer-ssd-hdd-mit-24w-netzteil-2-in-1-usb-datenkabel-unterstuetzt-uasp-automatische\/#breadcrumb"},"inLanguage":"de","potentialAction":[{"@type":"ReadAction","target":["https:\/\/marktxxl.de\/markt\/produkt\/rshtech-aluminium-usb-3-0-externe-festplattengehaeuse-2535-usb-3-0-sata-festplatte-gehaeuse-fuer-ssd-hdd-mit-24w-netzteil-2-in-1-usb-datenkabel-unterstuetzt-uasp-automatische\/"]}]},{"@type":"ImageObject","inLanguage":"de","@id":"https:\/\/marktxxl.de\/markt\/produkt\/rshtech-aluminium-usb-3-0-externe-festplattengehaeuse-2535-usb-3-0-sata-festplatte-gehaeuse-fuer-ssd-hdd-mit-24w-netzteil-2-in-1-usb-datenkabel-unterstuetzt-uasp-automatische\/#primaryimage","url":"https:\/\/m.media-amazon.com\/images\/I\/41JZ6ncUSsL._SL500_.jpg","contentUrl":"https:\/\/m.media-amazon.com\/images\/I\/41JZ6ncUSsL._SL500_.jpg","width":500,"height":500},{"@type":"BreadcrumbList","@id":"https:\/\/marktxxl.de\/markt\/produkt\/rshtech-aluminium-usb-3-0-externe-festplattengehaeuse-2535-usb-3-0-sata-festplatte-gehaeuse-fuer-ssd-hdd-mit-24w-netzteil-2-in-1-usb-datenkabel-unterstuetzt-uasp-automatische\/#breadcrumb","itemListElement":[{"@type":"ListItem","position":1,"name":"Startseite","item":"https:\/\/marktxxl.de\/markt\/"},{"@type":"ListItem","position":2,"name":"Markt","item":"https:\/\/marktxxl.de\/markt\/"},{"@type":"ListItem","position":3,"name":"RSHTECH Aluminium USB 3.0 Externe Festplattengeh\u00e4use 2,5&#8221;&amp;3,5&#8221; USB 3.0 SATA Festplatte Geh\u00e4use f\u00fcr SSD &amp; HDD, mit 24W Netzteil, 2-in-1 USB Datenkabel, unterst\u00fctzt UASP, Automatische Schlaffunktion"}]},{"@type":"WebSite","@id":"https:\/\/marktxxl.de\/markt\/#website","url":"https:\/\/marktxxl.de\/markt\/","name":"Markt-XXL","description":"Ihr Markt Online","publisher":{"@id":"https:\/\/marktxxl.de\/markt\/#organization"},"potentialAction":[{"@type":"SearchAction","target":{"@type":"EntryPoint","urlTemplate":"https:\/\/marktxxl.de\/markt\/?s={search_term_string}"},"query-input":{"@type":"PropertyValueSpecification","valueRequired":true,"valueName":"search_term_string"}}],"inLanguage":"de"},{"@type":"Organization","@id":"https:\/\/marktxxl.de\/markt\/#organization","name":"Markt-XXL","url":"https:\/\/marktxxl.de\/markt\/","logo":{"@type":"ImageObject","inLanguage":"de","@id":"https:\/\/marktxxl.de\/markt\/#\/schema\/logo\/image\/","url":"https:\/\/marktxxl.de\/markt\/wp-content\/uploads\/sites\/3\/2020\/12\/logo.png","contentUrl":"https:\/\/marktxxl.de\/markt\/wp-content\/uploads\/sites\/3\/2020\/12\/logo.png","width":200,"height":70,"caption":"Markt-XXL"},"image":{"@id":"https:\/\/marktxxl.de\/markt\/#\/schema\/logo\/image\/"}}]}},"_links":{"self":[{"href":"https:\/\/marktxxl.de\/markt\/wp-json\/wp\/v2\/product\/205275","targetHints":{"allow":["GET"]}}],"collection":[{"href":"https:\/\/marktxxl.de\/markt\/wp-json\/wp\/v2\/product"}],"about":[{"href":"https:\/\/marktxxl.de\/markt\/wp-json\/wp\/v2\/types\/product"}],"replies":[{"embeddable":true,"href":"https:\/\/marktxxl.de\/markt\/wp-json\/wp\/v2\/comments?post=205275"}],"wp:featuredmedia":[{"embeddable":true,"href":"https:\/\/marktxxl.de\/markt\/wp-json\/wp\/v2\/media\/205276"}],"wp:attachment":[{"href":"https:\/\/marktxxl.de\/markt\/wp-json\/wp\/v2\/media?parent=205275"}],"wp:term":[{"taxonomy":"product_brand","embeddable":true,"href":"https:\/\/marktxxl.de\/markt\/wp-json\/wp\/v2\/product_brand?post=205275"},{"taxonomy":"product_cat","embeddable":true,"href":"https:\/\/marktxxl.de\/markt\/wp-json\/wp\/v2\/product_cat?post=205275"},{"taxonomy":"product_tag","embeddable":true,"href":"https:\/\/marktxxl.de\/markt\/wp-json\/wp\/v2\/product_tag?post=205275"}],"curies":[{"name":"wp","href":"https:\/\/api.w.org\/{rel}","templated":true}]}}