{"id":205265,"date":"2023-05-10T11:55:29","date_gmt":"2023-05-10T09:55:29","guid":{"rendered":"https:\/\/marktxxl.de\/markt\/produkt\/usb-wlan-stick-fuer-pc-1300mbps-usb-3-0-wlan-adapter-pc-2-4ghz-5-8ghz-dual-band-internet-stick-mit-2-x-5dbi-antenna-fuer-pc-desktop-laptop-kompatibel-mit-windows-11-10-8-7-vista-xp-mac-os\/"},"modified":"2023-05-10T11:55:29","modified_gmt":"2023-05-10T09:55:29","slug":"usb-wlan-stick-fuer-pc-1300mbps-usb-3-0-wlan-adapter-pc-2-4ghz-5-8ghz-dual-band-internet-stick-mit-2-x-5dbi-antenna-fuer-pc-desktop-laptop-kompatibel-mit-windows-11-10-8-7-vista-xp-mac-os","status":"publish","type":"product","link":"https:\/\/marktxxl.de\/markt\/produkt\/usb-wlan-stick-fuer-pc-1300mbps-usb-3-0-wlan-adapter-pc-2-4ghz-5-8ghz-dual-band-internet-stick-mit-2-x-5dbi-antenna-fuer-pc-desktop-laptop-kompatibel-mit-windows-11-10-8-7-vista-xp-mac-os\/","title":{"rendered":"USB WLAN Stick f\u00fcr PC, 1300Mbps USB 3.0 WLAN Adapter PC 2.4GHz\/5.8GHz Dual Band Internet Stick mit 2 x 5dBi Antenna f\u00fcr PC\/Desktop\/Laptop, Kompatibel mit Windows 11\/10\/8\/7\/Vista\/XP, Mac OS"},"content":{"rendered":"<p>\u3010Dual Band &amp; Breite Kompatibilit\u00e4t\u3011 Wlan USB Stick 1300Mbps. Die Geschwindigkeit auf 2.4GHz bis zu 400Mbps und 5.8GHz bis zu 867Mbps. Kompatibel mit Windows 11 \/ 10 \/ 8 \/ 8.1 \/ 7 \/ Vista \/ XP, Mac OS Systemen. Drahtloser Standard IEEE 802.11 a\/b\/g\/n\/ac<br \/>\n\u3010Mit doppelter 5dBI High-Gain-Antenne\u3011USB Wifi Adapter mit 2 High-Gain-Langstrecken-5dBi-Dualband-Antennen kann Ihnen helfen. Selbst wenn das Signal schwach ist, kann diese 5-dBi-WiFi-Fernantenne mit hoher Verst\u00e4rkung auch an das Netzwerk angeschlossen werden, wodurch die Signalst\u00e4rke des USB-Adapters f\u00fcr Empfang und \u00dcbertragung erheblich verbessert wird.<br \/>\n\u3010Stabile und Sichere Netzwerkverbindung\u3011Der USB-WLAN-Adapter unterst\u00fctzt die AP-Routing-Funktion und richtet ein WLAN ein, unterst\u00fctzt die intelligente AP-Switch-Funktion, funktioniert mit allen WLAN-Routern, teilt Netzwerkressourcen einfach. Unterst\u00fctzt WPS, 64\/128 Bit, WEP, WPA\/WPA2 und WPA-PSK\/WPA2-PSK fortschrittliche Sicherheitsmechanismen und Verschl\u00fcsselung machen das Internet sicherer.<br \/>\n\u3010USB3.0 &amp; Effiziente W\u00e4rmeableitung\u3011 Unsere Wlan USB Stick f\u00fcr PC hat eine USB3.0-Schnittstelle, die 10-mal schneller als USB 2.0 ist und eine schnellere und stabilere \u00dcbertragung erm\u00f6glicht. Effiziente W\u00e4rmeableitung erm\u00f6glicht eine lange Betriebsdauer ohne Beeintr\u00e4chtigung der Funktionalit\u00e4t<br \/>\n\u301024-Stunden Kundenservice\u3011Wenn Sie Probleme mit die Treiber oder unserem Wlan Stick f\u00fcr PC haben, kontaktieren Sie uns bitte, wir werden unser Bestes tun, um es f\u00fcr Sie zu l\u00f6sen. Laden Sie den Treiber von der Mini-CD oder \u00fcber dem Link herunter: (http:\/\/driver.xunman.cc\/20190622.zip)<br \/>\n<div class=\"main-cross-sell\" data-asin=\"B0C1673MKR\">\n\n\t<div class=\"WooZone-cross-sell-loader\">\n\t\t<div>\n\t\t\t<div id=\"floatingBarsG\">\n\t\t\t\t<div class=\"blockG\" id=\"rotateG_01\"><\/div>\n\t\t\t\t<div class=\"blockG\" id=\"rotateG_02\"><\/div>\n\t\t\t\t<div class=\"blockG\" id=\"rotateG_03\"><\/div>\n\t\t\t\t<div class=\"blockG\" id=\"rotateG_04\"><\/div>\n\t\t\t\t<div class=\"blockG\" id=\"rotateG_05\"><\/div>\n\t\t\t\t<div class=\"blockG\" id=\"rotateG_06\"><\/div>\n\t\t\t\t<div class=\"blockG\" id=\"rotateG_07\"><\/div>\n\t\t\t\t<div class=\"blockG\" id=\"rotateG_08\"><\/div>\n\t\t\t<\/div>\n\t\t\t<div class=\"WooZone-cross-sell-loader-text\"><\/div>\n\t\t<\/div>\n\t<\/div>\n\n\t\t\n<\/div>\n<div style=\"clear:both;\"><\/div><\/p>\n","protected":false},"excerpt":{"rendered":"<p>\u3010Dual Band &amp; Breite Kompatibilit\u00e4t\u3011 Wlan USB Stick 1300Mbps. Die Geschwindigkeit auf 2.4GHz bis zu 400Mbps und 5.8GHz bis zu 867Mbps. Kompatibel mit Windows 11 \/ 10 \/ 8 \/ 8.1 \/ 7 \/ Vista \/ XP, Mac OS Systemen. Drahtloser Standard IEEE 802.11 a\/b\/g\/n\/ac<br \/>\n\u3010Mit doppelter 5dBI High-Gain-Antenne\u3011USB Wifi Adapter mit 2 High-Gain-Langstrecken-5dBi-Dualband-Antennen kann Ihnen helfen. Selbst wenn das Signal schwach ist, kann diese 5-dBi-WiFi-Fernantenne mit hoher Verst\u00e4rkung auch an das Netzwerk angeschlossen werden, wodurch die Signalst\u00e4rke des USB-Adapters f\u00fcr Empfang und \u00dcbertragung erheblich verbessert wird.<br \/>\n\u3010Stabile und Sichere Netzwerkverbindung\u3011Der USB-WLAN-Adapter unterst\u00fctzt die AP-Routing-Funktion und richtet ein WLAN ein, unterst\u00fctzt die intelligente AP-Switch-Funktion, funktioniert mit allen WLAN-Routern, teilt Netzwerkressourcen einfach. Unterst\u00fctzt WPS, 64\/128 Bit, WEP, WPA\/WPA2 und WPA-PSK\/WPA2-PSK fortschrittliche Sicherheitsmechanismen und Verschl\u00fcsselung machen das Internet sicherer.<\/p>\n","protected":false},"featured_media":205266,"comment_status":"open","ping_status":"closed","template":"","meta":[],"product_brand":[],"product_cat":[863],"product_tag":[],"class_list":{"0":"post-205265","1":"product","2":"type-product","3":"status-publish","4":"has-post-thumbnail","6":"product_cat-computer-zubehoer","7":"pa_brand-elecmoga","8":"pa_color-schwarz","9":"pa_height-0-787401574-zoll","10":"pa_length-4-9212598375-zoll","11":"pa_manufacturer-elecmoga","12":"pa_model-wifii1300","13":"pa_width-3-149606296-zoll","15":"first","16":"instock","17":"shipping-taxable","18":"purchasable","19":"product-type-simple","20":"customify-col","21":"product-has-gallery"},"yoast_head":"<!-- This site is optimized with the Yoast SEO plugin v27.4 - https:\/\/yoast.com\/product\/yoast-seo-wordpress\/ -->\n<title>USB WLAN Stick f\u00fcr PC, 1300Mbps USB 3.0 WLAN Adapter PC 2.4GHz\/5.8GHz Dual Band Internet Stick mit 2 x 5dBi Antenna f\u00fcr PC\/Desktop\/Laptop, Kompatibel mit Windows 11\/10\/8\/7\/Vista\/XP, Mac OS - Markt-XXL<\/title>\n<meta name=\"description\" content=\"Markt-XXL USB WLAN Stick f\u00fcr PC, 1300Mbps USB 3.0 WLAN Adapter PC 2.4GHz\/5.8GHz Dual Band Internet Stick mit 2 x 5dBi Antenna f\u00fcr PC\/Desktop\/Laptop, Kompatibel mit Windows 11\/10\/8\/7\/Vista\/XP, Mac OS\" \/>\n<meta name=\"robots\" content=\"index, follow, max-snippet:-1, max-image-preview:large, max-video-preview:-1\" \/>\n<link rel=\"canonical\" href=\"https:\/\/marktxxl.de\/markt\/produkt\/usb-wlan-stick-fuer-pc-1300mbps-usb-3-0-wlan-adapter-pc-2-4ghz-5-8ghz-dual-band-internet-stick-mit-2-x-5dbi-antenna-fuer-pc-desktop-laptop-kompatibel-mit-windows-11-10-8-7-vista-xp-mac-os\/\" \/>\n<meta property=\"og:locale\" content=\"de_DE\" \/>\n<meta property=\"og:type\" content=\"article\" \/>\n<meta property=\"og:title\" content=\"USB WLAN Stick f\u00fcr PC, 1300Mbps USB 3.0 WLAN Adapter PC 2.4GHz\/5.8GHz Dual Band Internet Stick mit 2 x 5dBi Antenna f\u00fcr PC\/Desktop\/Laptop, Kompatibel mit Windows 11\/10\/8\/7\/Vista\/XP, Mac OS - Markt-XXL\" \/>\n<meta property=\"og:description\" content=\"Markt-XXL USB WLAN Stick f\u00fcr PC, 1300Mbps USB 3.0 WLAN Adapter PC 2.4GHz\/5.8GHz Dual Band Internet Stick mit 2 x 5dBi Antenna f\u00fcr PC\/Desktop\/Laptop, Kompatibel mit Windows 11\/10\/8\/7\/Vista\/XP, Mac OS\" \/>\n<meta property=\"og:url\" content=\"https:\/\/marktxxl.de\/markt\/produkt\/usb-wlan-stick-fuer-pc-1300mbps-usb-3-0-wlan-adapter-pc-2-4ghz-5-8ghz-dual-band-internet-stick-mit-2-x-5dbi-antenna-fuer-pc-desktop-laptop-kompatibel-mit-windows-11-10-8-7-vista-xp-mac-os\/\" \/>\n<meta property=\"og:site_name\" content=\"Markt-XXL\" \/>\n<meta name=\"twitter:card\" content=\"summary_large_image\" \/>\n<meta name=\"twitter:label1\" content=\"Gesch\u00e4tzte Lesezeit\" \/>\n\t<meta name=\"twitter:data1\" content=\"1\u00a0Minute\" \/>\n<script type=\"application\/ld+json\" class=\"yoast-schema-graph\">{\"@context\":\"https:\\\/\\\/schema.org\",\"@graph\":[{\"@type\":\"WebPage\",\"@id\":\"https:\\\/\\\/marktxxl.de\\\/markt\\\/produkt\\\/usb-wlan-stick-fuer-pc-1300mbps-usb-3-0-wlan-adapter-pc-2-4ghz-5-8ghz-dual-band-internet-stick-mit-2-x-5dbi-antenna-fuer-pc-desktop-laptop-kompatibel-mit-windows-11-10-8-7-vista-xp-mac-os\\\/\",\"url\":\"https:\\\/\\\/marktxxl.de\\\/markt\\\/produkt\\\/usb-wlan-stick-fuer-pc-1300mbps-usb-3-0-wlan-adapter-pc-2-4ghz-5-8ghz-dual-band-internet-stick-mit-2-x-5dbi-antenna-fuer-pc-desktop-laptop-kompatibel-mit-windows-11-10-8-7-vista-xp-mac-os\\\/\",\"name\":\"USB WLAN Stick f\u00fcr PC, 1300Mbps USB 3.0 WLAN Adapter PC 2.4GHz\\\/5.8GHz Dual Band Internet Stick mit 2 x 5dBi Antenna f\u00fcr PC\\\/Desktop\\\/Laptop, Kompatibel mit Windows 11\\\/10\\\/8\\\/7\\\/Vista\\\/XP, Mac OS - Markt-XXL\",\"isPartOf\":{\"@id\":\"https:\\\/\\\/marktxxl.de\\\/markt\\\/#website\"},\"primaryImageOfPage\":{\"@id\":\"https:\\\/\\\/marktxxl.de\\\/markt\\\/produkt\\\/usb-wlan-stick-fuer-pc-1300mbps-usb-3-0-wlan-adapter-pc-2-4ghz-5-8ghz-dual-band-internet-stick-mit-2-x-5dbi-antenna-fuer-pc-desktop-laptop-kompatibel-mit-windows-11-10-8-7-vista-xp-mac-os\\\/#primaryimage\"},\"image\":{\"@id\":\"https:\\\/\\\/marktxxl.de\\\/markt\\\/produkt\\\/usb-wlan-stick-fuer-pc-1300mbps-usb-3-0-wlan-adapter-pc-2-4ghz-5-8ghz-dual-band-internet-stick-mit-2-x-5dbi-antenna-fuer-pc-desktop-laptop-kompatibel-mit-windows-11-10-8-7-vista-xp-mac-os\\\/#primaryimage\"},\"thumbnailUrl\":\"https:\\\/\\\/m.media-amazon.com\\\/images\\\/I\\\/31yeEvEKO8L._SL500_.jpg\",\"datePublished\":\"2023-05-10T09:55:29+00:00\",\"description\":\"Markt-XXL USB WLAN Stick f\u00fcr PC, 1300Mbps USB 3.0 WLAN Adapter PC 2.4GHz\\\/5.8GHz Dual Band Internet Stick mit 2 x 5dBi Antenna f\u00fcr PC\\\/Desktop\\\/Laptop, Kompatibel mit Windows 11\\\/10\\\/8\\\/7\\\/Vista\\\/XP, Mac OS\",\"breadcrumb\":{\"@id\":\"https:\\\/\\\/marktxxl.de\\\/markt\\\/produkt\\\/usb-wlan-stick-fuer-pc-1300mbps-usb-3-0-wlan-adapter-pc-2-4ghz-5-8ghz-dual-band-internet-stick-mit-2-x-5dbi-antenna-fuer-pc-desktop-laptop-kompatibel-mit-windows-11-10-8-7-vista-xp-mac-os\\\/#breadcrumb\"},\"inLanguage\":\"de\",\"potentialAction\":[{\"@type\":\"ReadAction\",\"target\":[\"https:\\\/\\\/marktxxl.de\\\/markt\\\/produkt\\\/usb-wlan-stick-fuer-pc-1300mbps-usb-3-0-wlan-adapter-pc-2-4ghz-5-8ghz-dual-band-internet-stick-mit-2-x-5dbi-antenna-fuer-pc-desktop-laptop-kompatibel-mit-windows-11-10-8-7-vista-xp-mac-os\\\/\"]}]},{\"@type\":\"ImageObject\",\"inLanguage\":\"de\",\"@id\":\"https:\\\/\\\/marktxxl.de\\\/markt\\\/produkt\\\/usb-wlan-stick-fuer-pc-1300mbps-usb-3-0-wlan-adapter-pc-2-4ghz-5-8ghz-dual-band-internet-stick-mit-2-x-5dbi-antenna-fuer-pc-desktop-laptop-kompatibel-mit-windows-11-10-8-7-vista-xp-mac-os\\\/#primaryimage\",\"url\":\"https:\\\/\\\/m.media-amazon.com\\\/images\\\/I\\\/31yeEvEKO8L._SL500_.jpg\",\"contentUrl\":\"https:\\\/\\\/m.media-amazon.com\\\/images\\\/I\\\/31yeEvEKO8L._SL500_.jpg\",\"width\":500,\"height\":500},{\"@type\":\"BreadcrumbList\",\"@id\":\"https:\\\/\\\/marktxxl.de\\\/markt\\\/produkt\\\/usb-wlan-stick-fuer-pc-1300mbps-usb-3-0-wlan-adapter-pc-2-4ghz-5-8ghz-dual-band-internet-stick-mit-2-x-5dbi-antenna-fuer-pc-desktop-laptop-kompatibel-mit-windows-11-10-8-7-vista-xp-mac-os\\\/#breadcrumb\",\"itemListElement\":[{\"@type\":\"ListItem\",\"position\":1,\"name\":\"Startseite\",\"item\":\"https:\\\/\\\/marktxxl.de\\\/markt\\\/\"},{\"@type\":\"ListItem\",\"position\":2,\"name\":\"Markt\",\"item\":\"https:\\\/\\\/marktxxl.de\\\/markt\\\/\"},{\"@type\":\"ListItem\",\"position\":3,\"name\":\"USB WLAN Stick f\u00fcr PC, 1300Mbps USB 3.0 WLAN Adapter PC 2.4GHz\\\/5.8GHz Dual Band Internet Stick mit 2 x 5dBi Antenna f\u00fcr PC\\\/Desktop\\\/Laptop, Kompatibel mit Windows 11\\\/10\\\/8\\\/7\\\/Vista\\\/XP, Mac OS\"}]},{\"@type\":\"WebSite\",\"@id\":\"https:\\\/\\\/marktxxl.de\\\/markt\\\/#website\",\"url\":\"https:\\\/\\\/marktxxl.de\\\/markt\\\/\",\"name\":\"Markt-XXL\",\"description\":\"Ihr Markt Online\",\"publisher\":{\"@id\":\"https:\\\/\\\/marktxxl.de\\\/markt\\\/#organization\"},\"potentialAction\":[{\"@type\":\"SearchAction\",\"target\":{\"@type\":\"EntryPoint\",\"urlTemplate\":\"https:\\\/\\\/marktxxl.de\\\/markt\\\/?s={search_term_string}\"},\"query-input\":{\"@type\":\"PropertyValueSpecification\",\"valueRequired\":true,\"valueName\":\"search_term_string\"}}],\"inLanguage\":\"de\"},{\"@type\":\"Organization\",\"@id\":\"https:\\\/\\\/marktxxl.de\\\/markt\\\/#organization\",\"name\":\"Markt-XXL\",\"url\":\"https:\\\/\\\/marktxxl.de\\\/markt\\\/\",\"logo\":{\"@type\":\"ImageObject\",\"inLanguage\":\"de\",\"@id\":\"https:\\\/\\\/marktxxl.de\\\/markt\\\/#\\\/schema\\\/logo\\\/image\\\/\",\"url\":\"https:\\\/\\\/marktxxl.de\\\/markt\\\/wp-content\\\/uploads\\\/sites\\\/3\\\/2020\\\/12\\\/logo.png\",\"contentUrl\":\"https:\\\/\\\/marktxxl.de\\\/markt\\\/wp-content\\\/uploads\\\/sites\\\/3\\\/2020\\\/12\\\/logo.png\",\"width\":200,\"height\":70,\"caption\":\"Markt-XXL\"},\"image\":{\"@id\":\"https:\\\/\\\/marktxxl.de\\\/markt\\\/#\\\/schema\\\/logo\\\/image\\\/\"}}]}<\/script>\n<!-- \/ Yoast SEO plugin. -->","yoast_head_json":{"title":"USB WLAN Stick f\u00fcr PC, 1300Mbps USB 3.0 WLAN Adapter PC 2.4GHz\/5.8GHz Dual Band Internet Stick mit 2 x 5dBi Antenna f\u00fcr PC\/Desktop\/Laptop, Kompatibel mit Windows 11\/10\/8\/7\/Vista\/XP, Mac OS - Markt-XXL","description":"Markt-XXL USB WLAN Stick f\u00fcr PC, 1300Mbps USB 3.0 WLAN Adapter PC 2.4GHz\/5.8GHz Dual Band Internet Stick mit 2 x 5dBi Antenna f\u00fcr PC\/Desktop\/Laptop, Kompatibel mit Windows 11\/10\/8\/7\/Vista\/XP, Mac OS","robots":{"index":"index","follow":"follow","max-snippet":"max-snippet:-1","max-image-preview":"max-image-preview:large","max-video-preview":"max-video-preview:-1"},"canonical":"https:\/\/marktxxl.de\/markt\/produkt\/usb-wlan-stick-fuer-pc-1300mbps-usb-3-0-wlan-adapter-pc-2-4ghz-5-8ghz-dual-band-internet-stick-mit-2-x-5dbi-antenna-fuer-pc-desktop-laptop-kompatibel-mit-windows-11-10-8-7-vista-xp-mac-os\/","og_locale":"de_DE","og_type":"article","og_title":"USB WLAN Stick f\u00fcr PC, 1300Mbps USB 3.0 WLAN Adapter PC 2.4GHz\/5.8GHz Dual Band Internet Stick mit 2 x 5dBi Antenna f\u00fcr PC\/Desktop\/Laptop, Kompatibel mit Windows 11\/10\/8\/7\/Vista\/XP, Mac OS - Markt-XXL","og_description":"Markt-XXL USB WLAN Stick f\u00fcr PC, 1300Mbps USB 3.0 WLAN Adapter PC 2.4GHz\/5.8GHz Dual Band Internet Stick mit 2 x 5dBi Antenna f\u00fcr PC\/Desktop\/Laptop, Kompatibel mit Windows 11\/10\/8\/7\/Vista\/XP, Mac OS","og_url":"https:\/\/marktxxl.de\/markt\/produkt\/usb-wlan-stick-fuer-pc-1300mbps-usb-3-0-wlan-adapter-pc-2-4ghz-5-8ghz-dual-band-internet-stick-mit-2-x-5dbi-antenna-fuer-pc-desktop-laptop-kompatibel-mit-windows-11-10-8-7-vista-xp-mac-os\/","og_site_name":"Markt-XXL","twitter_card":"summary_large_image","twitter_misc":{"Gesch\u00e4tzte Lesezeit":"1\u00a0Minute"},"schema":{"@context":"https:\/\/schema.org","@graph":[{"@type":"WebPage","@id":"https:\/\/marktxxl.de\/markt\/produkt\/usb-wlan-stick-fuer-pc-1300mbps-usb-3-0-wlan-adapter-pc-2-4ghz-5-8ghz-dual-band-internet-stick-mit-2-x-5dbi-antenna-fuer-pc-desktop-laptop-kompatibel-mit-windows-11-10-8-7-vista-xp-mac-os\/","url":"https:\/\/marktxxl.de\/markt\/produkt\/usb-wlan-stick-fuer-pc-1300mbps-usb-3-0-wlan-adapter-pc-2-4ghz-5-8ghz-dual-band-internet-stick-mit-2-x-5dbi-antenna-fuer-pc-desktop-laptop-kompatibel-mit-windows-11-10-8-7-vista-xp-mac-os\/","name":"USB WLAN Stick f\u00fcr PC, 1300Mbps USB 3.0 WLAN Adapter PC 2.4GHz\/5.8GHz Dual Band Internet Stick mit 2 x 5dBi Antenna f\u00fcr PC\/Desktop\/Laptop, Kompatibel mit Windows 11\/10\/8\/7\/Vista\/XP, Mac OS - Markt-XXL","isPartOf":{"@id":"https:\/\/marktxxl.de\/markt\/#website"},"primaryImageOfPage":{"@id":"https:\/\/marktxxl.de\/markt\/produkt\/usb-wlan-stick-fuer-pc-1300mbps-usb-3-0-wlan-adapter-pc-2-4ghz-5-8ghz-dual-band-internet-stick-mit-2-x-5dbi-antenna-fuer-pc-desktop-laptop-kompatibel-mit-windows-11-10-8-7-vista-xp-mac-os\/#primaryimage"},"image":{"@id":"https:\/\/marktxxl.de\/markt\/produkt\/usb-wlan-stick-fuer-pc-1300mbps-usb-3-0-wlan-adapter-pc-2-4ghz-5-8ghz-dual-band-internet-stick-mit-2-x-5dbi-antenna-fuer-pc-desktop-laptop-kompatibel-mit-windows-11-10-8-7-vista-xp-mac-os\/#primaryimage"},"thumbnailUrl":"https:\/\/m.media-amazon.com\/images\/I\/31yeEvEKO8L._SL500_.jpg","datePublished":"2023-05-10T09:55:29+00:00","description":"Markt-XXL USB WLAN Stick f\u00fcr PC, 1300Mbps USB 3.0 WLAN Adapter PC 2.4GHz\/5.8GHz Dual Band Internet Stick mit 2 x 5dBi Antenna f\u00fcr PC\/Desktop\/Laptop, Kompatibel mit Windows 11\/10\/8\/7\/Vista\/XP, Mac OS","breadcrumb":{"@id":"https:\/\/marktxxl.de\/markt\/produkt\/usb-wlan-stick-fuer-pc-1300mbps-usb-3-0-wlan-adapter-pc-2-4ghz-5-8ghz-dual-band-internet-stick-mit-2-x-5dbi-antenna-fuer-pc-desktop-laptop-kompatibel-mit-windows-11-10-8-7-vista-xp-mac-os\/#breadcrumb"},"inLanguage":"de","potentialAction":[{"@type":"ReadAction","target":["https:\/\/marktxxl.de\/markt\/produkt\/usb-wlan-stick-fuer-pc-1300mbps-usb-3-0-wlan-adapter-pc-2-4ghz-5-8ghz-dual-band-internet-stick-mit-2-x-5dbi-antenna-fuer-pc-desktop-laptop-kompatibel-mit-windows-11-10-8-7-vista-xp-mac-os\/"]}]},{"@type":"ImageObject","inLanguage":"de","@id":"https:\/\/marktxxl.de\/markt\/produkt\/usb-wlan-stick-fuer-pc-1300mbps-usb-3-0-wlan-adapter-pc-2-4ghz-5-8ghz-dual-band-internet-stick-mit-2-x-5dbi-antenna-fuer-pc-desktop-laptop-kompatibel-mit-windows-11-10-8-7-vista-xp-mac-os\/#primaryimage","url":"https:\/\/m.media-amazon.com\/images\/I\/31yeEvEKO8L._SL500_.jpg","contentUrl":"https:\/\/m.media-amazon.com\/images\/I\/31yeEvEKO8L._SL500_.jpg","width":500,"height":500},{"@type":"BreadcrumbList","@id":"https:\/\/marktxxl.de\/markt\/produkt\/usb-wlan-stick-fuer-pc-1300mbps-usb-3-0-wlan-adapter-pc-2-4ghz-5-8ghz-dual-band-internet-stick-mit-2-x-5dbi-antenna-fuer-pc-desktop-laptop-kompatibel-mit-windows-11-10-8-7-vista-xp-mac-os\/#breadcrumb","itemListElement":[{"@type":"ListItem","position":1,"name":"Startseite","item":"https:\/\/marktxxl.de\/markt\/"},{"@type":"ListItem","position":2,"name":"Markt","item":"https:\/\/marktxxl.de\/markt\/"},{"@type":"ListItem","position":3,"name":"USB WLAN Stick f\u00fcr PC, 1300Mbps USB 3.0 WLAN Adapter PC 2.4GHz\/5.8GHz Dual Band Internet Stick mit 2 x 5dBi Antenna f\u00fcr PC\/Desktop\/Laptop, Kompatibel mit Windows 11\/10\/8\/7\/Vista\/XP, Mac OS"}]},{"@type":"WebSite","@id":"https:\/\/marktxxl.de\/markt\/#website","url":"https:\/\/marktxxl.de\/markt\/","name":"Markt-XXL","description":"Ihr Markt Online","publisher":{"@id":"https:\/\/marktxxl.de\/markt\/#organization"},"potentialAction":[{"@type":"SearchAction","target":{"@type":"EntryPoint","urlTemplate":"https:\/\/marktxxl.de\/markt\/?s={search_term_string}"},"query-input":{"@type":"PropertyValueSpecification","valueRequired":true,"valueName":"search_term_string"}}],"inLanguage":"de"},{"@type":"Organization","@id":"https:\/\/marktxxl.de\/markt\/#organization","name":"Markt-XXL","url":"https:\/\/marktxxl.de\/markt\/","logo":{"@type":"ImageObject","inLanguage":"de","@id":"https:\/\/marktxxl.de\/markt\/#\/schema\/logo\/image\/","url":"https:\/\/marktxxl.de\/markt\/wp-content\/uploads\/sites\/3\/2020\/12\/logo.png","contentUrl":"https:\/\/marktxxl.de\/markt\/wp-content\/uploads\/sites\/3\/2020\/12\/logo.png","width":200,"height":70,"caption":"Markt-XXL"},"image":{"@id":"https:\/\/marktxxl.de\/markt\/#\/schema\/logo\/image\/"}}]}},"_links":{"self":[{"href":"https:\/\/marktxxl.de\/markt\/wp-json\/wp\/v2\/product\/205265","targetHints":{"allow":["GET"]}}],"collection":[{"href":"https:\/\/marktxxl.de\/markt\/wp-json\/wp\/v2\/product"}],"about":[{"href":"https:\/\/marktxxl.de\/markt\/wp-json\/wp\/v2\/types\/product"}],"replies":[{"embeddable":true,"href":"https:\/\/marktxxl.de\/markt\/wp-json\/wp\/v2\/comments?post=205265"}],"wp:featuredmedia":[{"embeddable":true,"href":"https:\/\/marktxxl.de\/markt\/wp-json\/wp\/v2\/media\/205266"}],"wp:attachment":[{"href":"https:\/\/marktxxl.de\/markt\/wp-json\/wp\/v2\/media?parent=205265"}],"wp:term":[{"taxonomy":"product_brand","embeddable":true,"href":"https:\/\/marktxxl.de\/markt\/wp-json\/wp\/v2\/product_brand?post=205265"},{"taxonomy":"product_cat","embeddable":true,"href":"https:\/\/marktxxl.de\/markt\/wp-json\/wp\/v2\/product_cat?post=205265"},{"taxonomy":"product_tag","embeddable":true,"href":"https:\/\/marktxxl.de\/markt\/wp-json\/wp\/v2\/product_tag?post=205265"}],"curies":[{"name":"wp","href":"https:\/\/api.w.org\/{rel}","templated":true}]}}