{"id":205257,"date":"2023-05-10T11:55:21","date_gmt":"2023-05-10T09:55:21","guid":{"rendered":"https:\/\/marktxxl.de\/markt\/produkt\/maxuni-bluetooth-usb-bluetooth-adapter-dongle-5-3-langstrecken-netzwerkadapter-stick-fuer-pc-laptop-desktop-headset-lautsprecher-tastatur-kopfhoerer-maus-windows-10-11-8-1-plug-and-play\/"},"modified":"2023-05-10T11:55:21","modified_gmt":"2023-05-10T09:55:21","slug":"maxuni-bluetooth-usb-bluetooth-adapter-dongle-5-3-langstrecken-netzwerkadapter-stick-fuer-pc-laptop-desktop-headset-lautsprecher-tastatur-kopfhoerer-maus-windows-10-11-8-1-plug-and-play","status":"publish","type":"product","link":"https:\/\/marktxxl.de\/markt\/produkt\/maxuni-bluetooth-usb-bluetooth-adapter-dongle-5-3-langstrecken-netzwerkadapter-stick-fuer-pc-laptop-desktop-headset-lautsprecher-tastatur-kopfhoerer-maus-windows-10-11-8-1-plug-and-play\/","title":{"rendered":"Maxuni Bluetooth USB, Bluetooth Adapter Dongle 5.3, Langstrecken Netzwerkadapter Stick f\u00fcr PC, Laptop, Desktop, Headset, Lautsprecher, Tastatur, Kopfh\u00f6rer, Maus, Windows 10\/11\/8.1 (Plug and Play)"},"content":{"rendered":"<p>\u3010AKTUALISIERT BLUETOOTH 5.3-ADAPTER\u3011 Der Adapter verwendet den neuesten Bluetooth 5.3 + EDR-Adapter, Bluetooth Low Energy. Mit der verbesserten Unterst\u00fctzung der Datenrate (EDR) wurde die Daten\u00fcbertragungsrate der Bluetooth-Technologie erheblich verbessert und erreichte 3 Mbit \/ s. Es ist abw\u00e4rtskompatibel mit Bluetooth2.1\/3.0\/4.0\/4.2\/5.1 Dual-Mode-Bluetooth-\u00dcbertragung.<br \/>\n\u3010BESSERE LEISTUNG\u3011 Um die Entst\u00f6rungsf\u00e4higkeit und -stabilit\u00e4t zu verbessern, wird eine neue Technologie eingef\u00fchrt, so dass den Verlust der \u00dcbertragungseffizienz verringern kann. Die Probleme der instabilen Ger\u00e4teverbindung, der h\u00e4ufigen Trennung und der Signalunterbrechung k\u00f6nnen gel\u00f6st werden. Unser Bluetooth USB Adapter verwendet Funktechnologie der Klasse 2 und die \u00dcbertragungsentfernung kann an einem offenen Ort 100 m erreichen, wodurch mehr Entfernungsraum abgedeckt werden kann.<br \/>\n\u3010HOHE KOMPATIBILIT\u00c4T\u3011Der Bluetooth Dongle kann f\u00fcr 32\/64-Bit-Windows 10\/11\/8.1 verwendet werden. Es kann auch die Bandbreite voll ausnutzen, um mehrere Bluetooth-Ger\u00e4te gleichzeitig zu verbinden, z. B. Bluetooth-Headsets \/ Lautsprecher \/ Maus \/ Tastatur oder Smartphones. Sie k\u00f6nnen mit 7 Ger\u00e4ten gleichzeitig arbeiten. Warme Tipps: Gilt nicht f\u00fcr Mac OS, Linux, TV, Autoradio oder Microsoft.<br \/>\n\u3010MINI GR\u00d6\u00dfE\u3011 Mit dem \u00e4u\u00dferst kompakten USB Bluetooth Adapter k\u00f6nnen Sie ihn auf einem Laptop oder PC lassen, ohne ihn entfernen zu m\u00fcssen. Die umgebenden USB-Anschl\u00fcsse sind nicht zu blockieren. Der Bluetooth Stick ist ultrakompakt, leicht zu transportieren und platzsparend. Die Bluetooth Adapterschnittstelle wurde speziell f\u00fcr die 24-Karat-Vergoldung entwickelt, wodurch eine Oxidation der USB-Schnittstelle wirksam verhindert werden kann.<br \/>\n\u3010SORGENFREIER KUNDENDIENST\u3011Wir bieten einen 12-monatigen sorgenfreien Service.Wenn Sie jemals Probleme mit unserem Bluetooth-Adapter haben, k\u00f6nnen Sie uns jederzeit kontaktieren. Wir werden Ihnen innerhalb von 24 Stunden antworten.<br \/>\n<div class=\"main-cross-sell\" data-asin=\"B0BQ3964FP\">\n\n\t<div class=\"WooZone-cross-sell-loader\">\n\t\t<div>\n\t\t\t<div id=\"floatingBarsG\">\n\t\t\t\t<div class=\"blockG\" id=\"rotateG_01\"><\/div>\n\t\t\t\t<div class=\"blockG\" id=\"rotateG_02\"><\/div>\n\t\t\t\t<div class=\"blockG\" id=\"rotateG_03\"><\/div>\n\t\t\t\t<div class=\"blockG\" id=\"rotateG_04\"><\/div>\n\t\t\t\t<div class=\"blockG\" id=\"rotateG_05\"><\/div>\n\t\t\t\t<div class=\"blockG\" id=\"rotateG_06\"><\/div>\n\t\t\t\t<div class=\"blockG\" id=\"rotateG_07\"><\/div>\n\t\t\t\t<div class=\"blockG\" id=\"rotateG_08\"><\/div>\n\t\t\t<\/div>\n\t\t\t<div class=\"WooZone-cross-sell-loader-text\"><\/div>\n\t\t<\/div>\n\t<\/div>\n\n\t\t\n<\/div>\n<div style=\"clear:both;\"><\/div><\/p>\n","protected":false},"excerpt":{"rendered":"<p>\u3010AKTUALISIERT BLUETOOTH 5.3-ADAPTER\u3011 Der Adapter verwendet den neuesten Bluetooth 5.3 + EDR-Adapter, Bluetooth Low Energy. Mit der verbesserten Unterst\u00fctzung der Datenrate (EDR) wurde die Daten\u00fcbertragungsrate der Bluetooth-Technologie erheblich verbessert und erreichte 3 Mbit \/ s. Es ist abw\u00e4rtskompatibel mit Bluetooth2.1\/3.0\/4.0\/4.2\/5.1 Dual-Mode-Bluetooth-\u00dcbertragung.<br \/>\n\u3010BESSERE LEISTUNG\u3011 Um die Entst\u00f6rungsf\u00e4higkeit und -stabilit\u00e4t zu verbessern, wird eine neue Technologie eingef\u00fchrt, so dass den Verlust der \u00dcbertragungseffizienz verringern kann. Die Probleme der instabilen Ger\u00e4teverbindung, der h\u00e4ufigen Trennung und der Signalunterbrechung k\u00f6nnen gel\u00f6st werden. Unser Bluetooth USB Adapter verwendet Funktechnologie der Klasse 2 und die \u00dcbertragungsentfernung kann an einem offenen Ort 100 m erreichen, wodurch mehr Entfernungsraum abgedeckt werden kann.<br \/>\n\u3010HOHE KOMPATIBILIT\u00c4T\u3011Der Bluetooth Dongle kann f\u00fcr 32\/64-Bit-Windows 10\/11\/8.1 verwendet werden. Es kann auch die Bandbreite voll ausnutzen, um mehrere Bluetooth-Ger\u00e4te gleichzeitig zu verbinden, z. B. Bluetooth-Headsets \/ Lautsprecher \/ Maus \/ Tastatur oder Smartphones. Sie k\u00f6nnen mit 7 Ger\u00e4ten gleichzeitig arbeiten. Warme Tipps: Gilt nicht f\u00fcr Mac OS, Linux, TV, Autoradio oder Microsoft.<\/p>\n","protected":false},"featured_media":205258,"comment_status":"open","ping_status":"closed","template":"","meta":[],"product_brand":[],"product_cat":[863],"product_tag":[],"class_list":{"0":"post-205257","1":"product","2":"type-product","3":"status-publish","4":"has-post-thumbnail","6":"product_cat-computer-zubehoer","7":"pa_binding-elektronik","8":"pa_brand-maxuni","9":"pa_manufacturer-shen-zhen-xin-hua-tian-technology-co-ltd","10":"pa_warranty-2-jahre-garantie","12":"first","13":"instock","14":"shipping-taxable","15":"purchasable","16":"product-type-simple","17":"customify-col","18":"product-has-gallery"},"yoast_head":"<!-- This site is optimized with the Yoast SEO plugin v27.4 - https:\/\/yoast.com\/product\/yoast-seo-wordpress\/ -->\n<title>Maxuni Bluetooth USB, Bluetooth Adapter Dongle 5.3, Langstrecken Netzwerkadapter Stick f\u00fcr PC, Laptop, Desktop, Headset, Lautsprecher, Tastatur, Kopfh\u00f6rer, Maus, Windows 10\/11\/8.1 (Plug and Play) - Markt-XXL<\/title>\n<meta name=\"description\" content=\"Markt-XXL Maxuni Bluetooth USB, Bluetooth Adapter Dongle 5.3, Langstrecken Netzwerkadapter Stick f\u00fcr PC, Laptop, Desktop, Headset, Lautsprecher, Tastatur, Kopfh\u00f6rer, Maus, Windows 10\/11\/8.1 (Plug and Play)\" \/>\n<meta name=\"robots\" content=\"index, follow, max-snippet:-1, max-image-preview:large, max-video-preview:-1\" \/>\n<link rel=\"canonical\" href=\"https:\/\/marktxxl.de\/markt\/produkt\/maxuni-bluetooth-usb-bluetooth-adapter-dongle-5-3-langstrecken-netzwerkadapter-stick-fuer-pc-laptop-desktop-headset-lautsprecher-tastatur-kopfhoerer-maus-windows-10-11-8-1-plug-and-play\/\" \/>\n<meta property=\"og:locale\" content=\"de_DE\" \/>\n<meta property=\"og:type\" content=\"article\" \/>\n<meta property=\"og:title\" content=\"Maxuni Bluetooth USB, Bluetooth Adapter Dongle 5.3, Langstrecken Netzwerkadapter Stick f\u00fcr PC, Laptop, Desktop, Headset, Lautsprecher, Tastatur, Kopfh\u00f6rer, Maus, Windows 10\/11\/8.1 (Plug and Play) - Markt-XXL\" \/>\n<meta property=\"og:description\" content=\"Markt-XXL Maxuni Bluetooth USB, Bluetooth Adapter Dongle 5.3, Langstrecken Netzwerkadapter Stick f\u00fcr PC, Laptop, Desktop, Headset, Lautsprecher, Tastatur, Kopfh\u00f6rer, Maus, Windows 10\/11\/8.1 (Plug and Play)\" \/>\n<meta property=\"og:url\" content=\"https:\/\/marktxxl.de\/markt\/produkt\/maxuni-bluetooth-usb-bluetooth-adapter-dongle-5-3-langstrecken-netzwerkadapter-stick-fuer-pc-laptop-desktop-headset-lautsprecher-tastatur-kopfhoerer-maus-windows-10-11-8-1-plug-and-play\/\" \/>\n<meta property=\"og:site_name\" content=\"Markt-XXL\" \/>\n<meta name=\"twitter:card\" content=\"summary_large_image\" \/>\n<meta name=\"twitter:label1\" content=\"Gesch\u00e4tzte Lesezeit\" \/>\n\t<meta name=\"twitter:data1\" content=\"1\u00a0Minute\" \/>\n<script type=\"application\/ld+json\" class=\"yoast-schema-graph\">{\"@context\":\"https:\\\/\\\/schema.org\",\"@graph\":[{\"@type\":\"WebPage\",\"@id\":\"https:\\\/\\\/marktxxl.de\\\/markt\\\/produkt\\\/maxuni-bluetooth-usb-bluetooth-adapter-dongle-5-3-langstrecken-netzwerkadapter-stick-fuer-pc-laptop-desktop-headset-lautsprecher-tastatur-kopfhoerer-maus-windows-10-11-8-1-plug-and-play\\\/\",\"url\":\"https:\\\/\\\/marktxxl.de\\\/markt\\\/produkt\\\/maxuni-bluetooth-usb-bluetooth-adapter-dongle-5-3-langstrecken-netzwerkadapter-stick-fuer-pc-laptop-desktop-headset-lautsprecher-tastatur-kopfhoerer-maus-windows-10-11-8-1-plug-and-play\\\/\",\"name\":\"Maxuni Bluetooth USB, Bluetooth Adapter Dongle 5.3, Langstrecken Netzwerkadapter Stick f\u00fcr PC, Laptop, Desktop, Headset, Lautsprecher, Tastatur, Kopfh\u00f6rer, Maus, Windows 10\\\/11\\\/8.1 (Plug and Play) - Markt-XXL\",\"isPartOf\":{\"@id\":\"https:\\\/\\\/marktxxl.de\\\/markt\\\/#website\"},\"primaryImageOfPage\":{\"@id\":\"https:\\\/\\\/marktxxl.de\\\/markt\\\/produkt\\\/maxuni-bluetooth-usb-bluetooth-adapter-dongle-5-3-langstrecken-netzwerkadapter-stick-fuer-pc-laptop-desktop-headset-lautsprecher-tastatur-kopfhoerer-maus-windows-10-11-8-1-plug-and-play\\\/#primaryimage\"},\"image\":{\"@id\":\"https:\\\/\\\/marktxxl.de\\\/markt\\\/produkt\\\/maxuni-bluetooth-usb-bluetooth-adapter-dongle-5-3-langstrecken-netzwerkadapter-stick-fuer-pc-laptop-desktop-headset-lautsprecher-tastatur-kopfhoerer-maus-windows-10-11-8-1-plug-and-play\\\/#primaryimage\"},\"thumbnailUrl\":\"https:\\\/\\\/m.media-amazon.com\\\/images\\\/I\\\/31hYkU-5IJL._SL500_.jpg\",\"datePublished\":\"2023-05-10T09:55:21+00:00\",\"description\":\"Markt-XXL Maxuni Bluetooth USB, Bluetooth Adapter Dongle 5.3, Langstrecken Netzwerkadapter Stick f\u00fcr PC, Laptop, Desktop, Headset, Lautsprecher, Tastatur, Kopfh\u00f6rer, Maus, Windows 10\\\/11\\\/8.1 (Plug and Play)\",\"breadcrumb\":{\"@id\":\"https:\\\/\\\/marktxxl.de\\\/markt\\\/produkt\\\/maxuni-bluetooth-usb-bluetooth-adapter-dongle-5-3-langstrecken-netzwerkadapter-stick-fuer-pc-laptop-desktop-headset-lautsprecher-tastatur-kopfhoerer-maus-windows-10-11-8-1-plug-and-play\\\/#breadcrumb\"},\"inLanguage\":\"de\",\"potentialAction\":[{\"@type\":\"ReadAction\",\"target\":[\"https:\\\/\\\/marktxxl.de\\\/markt\\\/produkt\\\/maxuni-bluetooth-usb-bluetooth-adapter-dongle-5-3-langstrecken-netzwerkadapter-stick-fuer-pc-laptop-desktop-headset-lautsprecher-tastatur-kopfhoerer-maus-windows-10-11-8-1-plug-and-play\\\/\"]}]},{\"@type\":\"ImageObject\",\"inLanguage\":\"de\",\"@id\":\"https:\\\/\\\/marktxxl.de\\\/markt\\\/produkt\\\/maxuni-bluetooth-usb-bluetooth-adapter-dongle-5-3-langstrecken-netzwerkadapter-stick-fuer-pc-laptop-desktop-headset-lautsprecher-tastatur-kopfhoerer-maus-windows-10-11-8-1-plug-and-play\\\/#primaryimage\",\"url\":\"https:\\\/\\\/m.media-amazon.com\\\/images\\\/I\\\/31hYkU-5IJL._SL500_.jpg\",\"contentUrl\":\"https:\\\/\\\/m.media-amazon.com\\\/images\\\/I\\\/31hYkU-5IJL._SL500_.jpg\",\"width\":500,\"height\":500},{\"@type\":\"BreadcrumbList\",\"@id\":\"https:\\\/\\\/marktxxl.de\\\/markt\\\/produkt\\\/maxuni-bluetooth-usb-bluetooth-adapter-dongle-5-3-langstrecken-netzwerkadapter-stick-fuer-pc-laptop-desktop-headset-lautsprecher-tastatur-kopfhoerer-maus-windows-10-11-8-1-plug-and-play\\\/#breadcrumb\",\"itemListElement\":[{\"@type\":\"ListItem\",\"position\":1,\"name\":\"Startseite\",\"item\":\"https:\\\/\\\/marktxxl.de\\\/markt\\\/\"},{\"@type\":\"ListItem\",\"position\":2,\"name\":\"Markt\",\"item\":\"https:\\\/\\\/marktxxl.de\\\/markt\\\/\"},{\"@type\":\"ListItem\",\"position\":3,\"name\":\"Maxuni Bluetooth USB, Bluetooth Adapter Dongle 5.3, Langstrecken Netzwerkadapter Stick f\u00fcr PC, Laptop, Desktop, Headset, Lautsprecher, Tastatur, Kopfh\u00f6rer, Maus, Windows 10\\\/11\\\/8.1 (Plug and Play)\"}]},{\"@type\":\"WebSite\",\"@id\":\"https:\\\/\\\/marktxxl.de\\\/markt\\\/#website\",\"url\":\"https:\\\/\\\/marktxxl.de\\\/markt\\\/\",\"name\":\"Markt-XXL\",\"description\":\"Ihr Markt Online\",\"publisher\":{\"@id\":\"https:\\\/\\\/marktxxl.de\\\/markt\\\/#organization\"},\"potentialAction\":[{\"@type\":\"SearchAction\",\"target\":{\"@type\":\"EntryPoint\",\"urlTemplate\":\"https:\\\/\\\/marktxxl.de\\\/markt\\\/?s={search_term_string}\"},\"query-input\":{\"@type\":\"PropertyValueSpecification\",\"valueRequired\":true,\"valueName\":\"search_term_string\"}}],\"inLanguage\":\"de\"},{\"@type\":\"Organization\",\"@id\":\"https:\\\/\\\/marktxxl.de\\\/markt\\\/#organization\",\"name\":\"Markt-XXL\",\"url\":\"https:\\\/\\\/marktxxl.de\\\/markt\\\/\",\"logo\":{\"@type\":\"ImageObject\",\"inLanguage\":\"de\",\"@id\":\"https:\\\/\\\/marktxxl.de\\\/markt\\\/#\\\/schema\\\/logo\\\/image\\\/\",\"url\":\"https:\\\/\\\/marktxxl.de\\\/markt\\\/wp-content\\\/uploads\\\/sites\\\/3\\\/2020\\\/12\\\/logo.png\",\"contentUrl\":\"https:\\\/\\\/marktxxl.de\\\/markt\\\/wp-content\\\/uploads\\\/sites\\\/3\\\/2020\\\/12\\\/logo.png\",\"width\":200,\"height\":70,\"caption\":\"Markt-XXL\"},\"image\":{\"@id\":\"https:\\\/\\\/marktxxl.de\\\/markt\\\/#\\\/schema\\\/logo\\\/image\\\/\"}}]}<\/script>\n<!-- \/ Yoast SEO plugin. -->","yoast_head_json":{"title":"Maxuni Bluetooth USB, Bluetooth Adapter Dongle 5.3, Langstrecken Netzwerkadapter Stick f\u00fcr PC, Laptop, Desktop, Headset, Lautsprecher, Tastatur, Kopfh\u00f6rer, Maus, Windows 10\/11\/8.1 (Plug and Play) - Markt-XXL","description":"Markt-XXL Maxuni Bluetooth USB, Bluetooth Adapter Dongle 5.3, Langstrecken Netzwerkadapter Stick f\u00fcr PC, Laptop, Desktop, Headset, Lautsprecher, Tastatur, Kopfh\u00f6rer, Maus, Windows 10\/11\/8.1 (Plug and Play)","robots":{"index":"index","follow":"follow","max-snippet":"max-snippet:-1","max-image-preview":"max-image-preview:large","max-video-preview":"max-video-preview:-1"},"canonical":"https:\/\/marktxxl.de\/markt\/produkt\/maxuni-bluetooth-usb-bluetooth-adapter-dongle-5-3-langstrecken-netzwerkadapter-stick-fuer-pc-laptop-desktop-headset-lautsprecher-tastatur-kopfhoerer-maus-windows-10-11-8-1-plug-and-play\/","og_locale":"de_DE","og_type":"article","og_title":"Maxuni Bluetooth USB, Bluetooth Adapter Dongle 5.3, Langstrecken Netzwerkadapter Stick f\u00fcr PC, Laptop, Desktop, Headset, Lautsprecher, Tastatur, Kopfh\u00f6rer, Maus, Windows 10\/11\/8.1 (Plug and Play) - Markt-XXL","og_description":"Markt-XXL Maxuni Bluetooth USB, Bluetooth Adapter Dongle 5.3, Langstrecken Netzwerkadapter Stick f\u00fcr PC, Laptop, Desktop, Headset, Lautsprecher, Tastatur, Kopfh\u00f6rer, Maus, Windows 10\/11\/8.1 (Plug and Play)","og_url":"https:\/\/marktxxl.de\/markt\/produkt\/maxuni-bluetooth-usb-bluetooth-adapter-dongle-5-3-langstrecken-netzwerkadapter-stick-fuer-pc-laptop-desktop-headset-lautsprecher-tastatur-kopfhoerer-maus-windows-10-11-8-1-plug-and-play\/","og_site_name":"Markt-XXL","twitter_card":"summary_large_image","twitter_misc":{"Gesch\u00e4tzte Lesezeit":"1\u00a0Minute"},"schema":{"@context":"https:\/\/schema.org","@graph":[{"@type":"WebPage","@id":"https:\/\/marktxxl.de\/markt\/produkt\/maxuni-bluetooth-usb-bluetooth-adapter-dongle-5-3-langstrecken-netzwerkadapter-stick-fuer-pc-laptop-desktop-headset-lautsprecher-tastatur-kopfhoerer-maus-windows-10-11-8-1-plug-and-play\/","url":"https:\/\/marktxxl.de\/markt\/produkt\/maxuni-bluetooth-usb-bluetooth-adapter-dongle-5-3-langstrecken-netzwerkadapter-stick-fuer-pc-laptop-desktop-headset-lautsprecher-tastatur-kopfhoerer-maus-windows-10-11-8-1-plug-and-play\/","name":"Maxuni Bluetooth USB, Bluetooth Adapter Dongle 5.3, Langstrecken Netzwerkadapter Stick f\u00fcr PC, Laptop, Desktop, Headset, Lautsprecher, Tastatur, Kopfh\u00f6rer, Maus, Windows 10\/11\/8.1 (Plug and Play) - Markt-XXL","isPartOf":{"@id":"https:\/\/marktxxl.de\/markt\/#website"},"primaryImageOfPage":{"@id":"https:\/\/marktxxl.de\/markt\/produkt\/maxuni-bluetooth-usb-bluetooth-adapter-dongle-5-3-langstrecken-netzwerkadapter-stick-fuer-pc-laptop-desktop-headset-lautsprecher-tastatur-kopfhoerer-maus-windows-10-11-8-1-plug-and-play\/#primaryimage"},"image":{"@id":"https:\/\/marktxxl.de\/markt\/produkt\/maxuni-bluetooth-usb-bluetooth-adapter-dongle-5-3-langstrecken-netzwerkadapter-stick-fuer-pc-laptop-desktop-headset-lautsprecher-tastatur-kopfhoerer-maus-windows-10-11-8-1-plug-and-play\/#primaryimage"},"thumbnailUrl":"https:\/\/m.media-amazon.com\/images\/I\/31hYkU-5IJL._SL500_.jpg","datePublished":"2023-05-10T09:55:21+00:00","description":"Markt-XXL Maxuni Bluetooth USB, Bluetooth Adapter Dongle 5.3, Langstrecken Netzwerkadapter Stick f\u00fcr PC, Laptop, Desktop, Headset, Lautsprecher, Tastatur, Kopfh\u00f6rer, Maus, Windows 10\/11\/8.1 (Plug and Play)","breadcrumb":{"@id":"https:\/\/marktxxl.de\/markt\/produkt\/maxuni-bluetooth-usb-bluetooth-adapter-dongle-5-3-langstrecken-netzwerkadapter-stick-fuer-pc-laptop-desktop-headset-lautsprecher-tastatur-kopfhoerer-maus-windows-10-11-8-1-plug-and-play\/#breadcrumb"},"inLanguage":"de","potentialAction":[{"@type":"ReadAction","target":["https:\/\/marktxxl.de\/markt\/produkt\/maxuni-bluetooth-usb-bluetooth-adapter-dongle-5-3-langstrecken-netzwerkadapter-stick-fuer-pc-laptop-desktop-headset-lautsprecher-tastatur-kopfhoerer-maus-windows-10-11-8-1-plug-and-play\/"]}]},{"@type":"ImageObject","inLanguage":"de","@id":"https:\/\/marktxxl.de\/markt\/produkt\/maxuni-bluetooth-usb-bluetooth-adapter-dongle-5-3-langstrecken-netzwerkadapter-stick-fuer-pc-laptop-desktop-headset-lautsprecher-tastatur-kopfhoerer-maus-windows-10-11-8-1-plug-and-play\/#primaryimage","url":"https:\/\/m.media-amazon.com\/images\/I\/31hYkU-5IJL._SL500_.jpg","contentUrl":"https:\/\/m.media-amazon.com\/images\/I\/31hYkU-5IJL._SL500_.jpg","width":500,"height":500},{"@type":"BreadcrumbList","@id":"https:\/\/marktxxl.de\/markt\/produkt\/maxuni-bluetooth-usb-bluetooth-adapter-dongle-5-3-langstrecken-netzwerkadapter-stick-fuer-pc-laptop-desktop-headset-lautsprecher-tastatur-kopfhoerer-maus-windows-10-11-8-1-plug-and-play\/#breadcrumb","itemListElement":[{"@type":"ListItem","position":1,"name":"Startseite","item":"https:\/\/marktxxl.de\/markt\/"},{"@type":"ListItem","position":2,"name":"Markt","item":"https:\/\/marktxxl.de\/markt\/"},{"@type":"ListItem","position":3,"name":"Maxuni Bluetooth USB, Bluetooth Adapter Dongle 5.3, Langstrecken Netzwerkadapter Stick f\u00fcr PC, Laptop, Desktop, Headset, Lautsprecher, Tastatur, Kopfh\u00f6rer, Maus, Windows 10\/11\/8.1 (Plug and Play)"}]},{"@type":"WebSite","@id":"https:\/\/marktxxl.de\/markt\/#website","url":"https:\/\/marktxxl.de\/markt\/","name":"Markt-XXL","description":"Ihr Markt Online","publisher":{"@id":"https:\/\/marktxxl.de\/markt\/#organization"},"potentialAction":[{"@type":"SearchAction","target":{"@type":"EntryPoint","urlTemplate":"https:\/\/marktxxl.de\/markt\/?s={search_term_string}"},"query-input":{"@type":"PropertyValueSpecification","valueRequired":true,"valueName":"search_term_string"}}],"inLanguage":"de"},{"@type":"Organization","@id":"https:\/\/marktxxl.de\/markt\/#organization","name":"Markt-XXL","url":"https:\/\/marktxxl.de\/markt\/","logo":{"@type":"ImageObject","inLanguage":"de","@id":"https:\/\/marktxxl.de\/markt\/#\/schema\/logo\/image\/","url":"https:\/\/marktxxl.de\/markt\/wp-content\/uploads\/sites\/3\/2020\/12\/logo.png","contentUrl":"https:\/\/marktxxl.de\/markt\/wp-content\/uploads\/sites\/3\/2020\/12\/logo.png","width":200,"height":70,"caption":"Markt-XXL"},"image":{"@id":"https:\/\/marktxxl.de\/markt\/#\/schema\/logo\/image\/"}}]}},"_links":{"self":[{"href":"https:\/\/marktxxl.de\/markt\/wp-json\/wp\/v2\/product\/205257","targetHints":{"allow":["GET"]}}],"collection":[{"href":"https:\/\/marktxxl.de\/markt\/wp-json\/wp\/v2\/product"}],"about":[{"href":"https:\/\/marktxxl.de\/markt\/wp-json\/wp\/v2\/types\/product"}],"replies":[{"embeddable":true,"href":"https:\/\/marktxxl.de\/markt\/wp-json\/wp\/v2\/comments?post=205257"}],"wp:featuredmedia":[{"embeddable":true,"href":"https:\/\/marktxxl.de\/markt\/wp-json\/wp\/v2\/media\/205258"}],"wp:attachment":[{"href":"https:\/\/marktxxl.de\/markt\/wp-json\/wp\/v2\/media?parent=205257"}],"wp:term":[{"taxonomy":"product_brand","embeddable":true,"href":"https:\/\/marktxxl.de\/markt\/wp-json\/wp\/v2\/product_brand?post=205257"},{"taxonomy":"product_cat","embeddable":true,"href":"https:\/\/marktxxl.de\/markt\/wp-json\/wp\/v2\/product_cat?post=205257"},{"taxonomy":"product_tag","embeddable":true,"href":"https:\/\/marktxxl.de\/markt\/wp-json\/wp\/v2\/product_tag?post=205257"}],"curies":[{"name":"wp","href":"https:\/\/api.w.org\/{rel}","templated":true}]}}