{"id":205216,"date":"2023-05-10T11:35:05","date_gmt":"2023-05-10T09:35:05","guid":{"rendered":"https:\/\/marktxxl.de\/markt\/produkt\/3bao-usb-3-0-kabel-2pack-1m2m-nylon-usb-a-stecker-auf-a-stecker-nylon-verbindungskabel-5-gbps-super-speed-compatible-with-external-hard-drive-fan-coolerblu-rayconsolestvdvdprintercameralaptop\/"},"modified":"2023-05-10T11:35:05","modified_gmt":"2023-05-10T09:35:05","slug":"3bao-usb-3-0-kabel-2pack-1m2m-nylon-usb-a-stecker-auf-a-stecker-nylon-verbindungskabel-5-gbps-super-speed-compatible-with-external-hard-drive-fan-coolerblu-rayconsolestvdvdprintercameralaptop","status":"publish","type":"product","link":"https:\/\/marktxxl.de\/markt\/produkt\/3bao-usb-3-0-kabel-2pack-1m2m-nylon-usb-a-stecker-auf-a-stecker-nylon-verbindungskabel-5-gbps-super-speed-compatible-with-external-hard-drive-fan-coolerblu-rayconsolestvdvdprintercameralaptop\/","title":{"rendered":"3BAO USB 3.0 Kabel [2Pack 1m2m] Nylon USB A Stecker auf A Stecker Nylon Verbindungskabel 5 Gbps Super Speed Compatible with External Hard Drive\/Fan Cooler,Blu-ray,Consoles,TV,DVD,Printer,Camera,Laptop"},"content":{"rendered":"<p>\ud83d\ude80 5Gbps Super Speed Transfer: USB 3.0 Kabel m\u00e4nnlich auf m\u00e4nnlich Daten\u00fcbertragungsrate betr\u00e4gt bis zu 5 Gbps, Sichern Sie Ihre gro\u00dfen Datendateien in Sekunden und stellen Sie sicher, dass Daten schnell synchronisiert werden, 10-mal schneller als USB 2.0. R\u00fcckw\u00e4rts sind kompatibel mit Computer USB 2.0 und USB 1.1 Ports<br \/>\n\ud83d\udcaa Premium Langlebigkeit: USB A zu USB Ein Kabel mit vergoldeten Anschl\u00fcssen, Nylon geflochtener Mantel, verst\u00e4rktem SR Formgelenk und Aluminiumlegierungsgeh\u00e4use ausgestattet, USB Verl\u00e4ngerungskabel bietet eine stabile Signal\u00fcbertragung. Das hochwertige langlebige Nylon geflochtene Material bietet st\u00e4rkeren Schutz und flexible Leistung und es bricht nie.<br \/>\n\ud83d\udc4d Plug-and-Play: Kein Treiber erforderlich f\u00fcr den USB 3.0 a zu einem Kabel. Einfach Plug-and-Play f\u00fcr Festplattengeh\u00e4use, Drucker, Modems, Kameras und andere SuperSpeed USB Peripherieger\u00e4te.<br \/>\n\u2b50 Das USB-zu-USB-Kabel ist kompatibel mit: DVD-Player, USB 3.0 Hub, Modem, Monitor, Laptop K\u00fchlpad, Auto Bluetooth Lautsprecher, Kamera, Wacom, Blue-ray Drive, Set-Top Box, HTC Vive; 2.5-Zoll externe Festplatte Geh\u00e4use mit Typ A USB 3.0 Port und die meisten USB 3.0 externe Festplatten mit Typ A USB 3.0 Port.<br \/>\n\ud83d\udc93 Sorry free service: Wir bieten diese USB 3.0 a zu einem Kabel (3.3ft 6.6ft) mit sorgenfreier 18-monatiger Garantie und freundlichem Kundenservice, wenn Sie irgendwelche Fragen haben, werden wir Ihr Problem innerhalb von 24-Stunden l\u00f6sen<br \/>\n<div class=\"main-cross-sell\" data-asin=\"B0BYZ56MBS\">\n\n\t<div class=\"WooZone-cross-sell-loader\">\n\t\t<div>\n\t\t\t<div id=\"floatingBarsG\">\n\t\t\t\t<div class=\"blockG\" id=\"rotateG_01\"><\/div>\n\t\t\t\t<div class=\"blockG\" id=\"rotateG_02\"><\/div>\n\t\t\t\t<div class=\"blockG\" id=\"rotateG_03\"><\/div>\n\t\t\t\t<div class=\"blockG\" id=\"rotateG_04\"><\/div>\n\t\t\t\t<div class=\"blockG\" id=\"rotateG_05\"><\/div>\n\t\t\t\t<div class=\"blockG\" id=\"rotateG_06\"><\/div>\n\t\t\t\t<div class=\"blockG\" id=\"rotateG_07\"><\/div>\n\t\t\t\t<div class=\"blockG\" id=\"rotateG_08\"><\/div>\n\t\t\t<\/div>\n\t\t\t<div class=\"WooZone-cross-sell-loader-text\"><\/div>\n\t\t<\/div>\n\t<\/div>\n\n\t\t\n<\/div>\n<div style=\"clear:both;\"><\/div><\/p>\n","protected":false},"excerpt":{"rendered":"<p>\ud83d\ude80 5Gbps Super Speed Transfer: USB 3.0 Kabel m\u00e4nnlich auf m\u00e4nnlich Daten\u00fcbertragungsrate betr\u00e4gt bis zu 5 Gbps, Sichern Sie Ihre gro\u00dfen Datendateien in Sekunden und stellen Sie sicher, dass Daten schnell synchronisiert werden, 10-mal schneller als USB 2.0. R\u00fcckw\u00e4rts sind kompatibel mit Computer USB 2.0 und USB 1.1 Ports<br \/>\n\ud83d\udcaa Premium Langlebigkeit: USB A zu USB Ein Kabel mit vergoldeten Anschl\u00fcssen, Nylon geflochtener Mantel, verst\u00e4rktem SR Formgelenk und Aluminiumlegierungsgeh\u00e4use ausgestattet, USB Verl\u00e4ngerungskabel bietet eine stabile Signal\u00fcbertragung. Das hochwertige langlebige Nylon geflochtene Material bietet st\u00e4rkeren Schutz und flexible Leistung und es bricht nie.<br \/>\n\ud83d\udc4d Plug-and-Play: Kein Treiber erforderlich f\u00fcr den USB 3.0 a zu einem Kabel. Einfach Plug-and-Play f\u00fcr Festplattengeh\u00e4use, Drucker, Modems, Kameras und andere SuperSpeed USB Peripherieger\u00e4te.<\/p>\n","protected":false},"featured_media":205217,"comment_status":"open","ping_status":"closed","template":"","meta":[],"product_brand":[],"product_cat":[863],"product_tag":[],"class_list":{"0":"post-205216","1":"product","2":"type-product","3":"status-publish","4":"has-post-thumbnail","6":"product_cat-computer-zubehoer","7":"pa_brand-3bao","8":"pa_color-schwarz-grau","9":"pa_manufacturer-3bao","10":"pa_model-usb3-0-to-usb-cable","11":"pa_warranty-no-reason-to-return-or-exchange-goods-within-30-days-lifelong-technical-support","12":"pa_weight-0-1984160358-pfund","14":"first","15":"instock","16":"sale","17":"shipping-taxable","18":"purchasable","19":"product-type-simple","20":"customify-col","21":"product-has-gallery"},"yoast_head":"<!-- This site is optimized with the Yoast SEO plugin v27.4 - https:\/\/yoast.com\/product\/yoast-seo-wordpress\/ -->\n<title>3BAO USB 3.0 Kabel [2Pack 1m2m] Nylon USB A Stecker auf A Stecker Nylon Verbindungskabel 5 Gbps Super Speed Compatible with External Hard Drive\/Fan Cooler,Blu-ray,Consoles,TV,DVD,Printer,Camera,Laptop - Markt-XXL<\/title>\n<meta name=\"description\" content=\"Markt-XXL 3BAO USB 3.0 Kabel [2Pack 1m2m] Nylon USB A Stecker auf A Stecker Nylon Verbindungskabel 5 Gbps Super Speed Compatible with External Hard Drive\/Fan Cooler,Blu-ray,Consoles,TV,DVD,Printer,Camera,Laptop\" \/>\n<meta name=\"robots\" content=\"index, follow, max-snippet:-1, max-image-preview:large, max-video-preview:-1\" \/>\n<link rel=\"canonical\" href=\"https:\/\/marktxxl.de\/markt\/produkt\/3bao-usb-3-0-kabel-2pack-1m2m-nylon-usb-a-stecker-auf-a-stecker-nylon-verbindungskabel-5-gbps-super-speed-compatible-with-external-hard-drive-fan-coolerblu-rayconsolestvdvdprintercameralaptop\/\" \/>\n<meta property=\"og:locale\" content=\"de_DE\" \/>\n<meta property=\"og:type\" content=\"article\" \/>\n<meta property=\"og:title\" content=\"3BAO USB 3.0 Kabel [2Pack 1m2m] Nylon USB A Stecker auf A Stecker Nylon Verbindungskabel 5 Gbps Super Speed Compatible with External Hard Drive\/Fan Cooler,Blu-ray,Consoles,TV,DVD,Printer,Camera,Laptop - Markt-XXL\" \/>\n<meta property=\"og:description\" content=\"Markt-XXL 3BAO USB 3.0 Kabel [2Pack 1m2m] Nylon USB A Stecker auf A Stecker Nylon Verbindungskabel 5 Gbps Super Speed Compatible with External Hard Drive\/Fan Cooler,Blu-ray,Consoles,TV,DVD,Printer,Camera,Laptop\" \/>\n<meta property=\"og:url\" content=\"https:\/\/marktxxl.de\/markt\/produkt\/3bao-usb-3-0-kabel-2pack-1m2m-nylon-usb-a-stecker-auf-a-stecker-nylon-verbindungskabel-5-gbps-super-speed-compatible-with-external-hard-drive-fan-coolerblu-rayconsolestvdvdprintercameralaptop\/\" \/>\n<meta property=\"og:site_name\" content=\"Markt-XXL\" \/>\n<meta name=\"twitter:card\" content=\"summary_large_image\" \/>\n<meta name=\"twitter:label1\" content=\"Gesch\u00e4tzte Lesezeit\" \/>\n\t<meta name=\"twitter:data1\" content=\"1\u00a0Minute\" \/>\n<script type=\"application\/ld+json\" class=\"yoast-schema-graph\">{\"@context\":\"https:\\\/\\\/schema.org\",\"@graph\":[{\"@type\":\"WebPage\",\"@id\":\"https:\\\/\\\/marktxxl.de\\\/markt\\\/produkt\\\/3bao-usb-3-0-kabel-2pack-1m2m-nylon-usb-a-stecker-auf-a-stecker-nylon-verbindungskabel-5-gbps-super-speed-compatible-with-external-hard-drive-fan-coolerblu-rayconsolestvdvdprintercameralaptop\\\/\",\"url\":\"https:\\\/\\\/marktxxl.de\\\/markt\\\/produkt\\\/3bao-usb-3-0-kabel-2pack-1m2m-nylon-usb-a-stecker-auf-a-stecker-nylon-verbindungskabel-5-gbps-super-speed-compatible-with-external-hard-drive-fan-coolerblu-rayconsolestvdvdprintercameralaptop\\\/\",\"name\":\"3BAO USB 3.0 Kabel [2Pack 1m2m] Nylon USB A Stecker auf A Stecker Nylon Verbindungskabel 5 Gbps Super Speed Compatible with External Hard Drive\\\/Fan Cooler,Blu-ray,Consoles,TV,DVD,Printer,Camera,Laptop - Markt-XXL\",\"isPartOf\":{\"@id\":\"https:\\\/\\\/marktxxl.de\\\/markt\\\/#website\"},\"primaryImageOfPage\":{\"@id\":\"https:\\\/\\\/marktxxl.de\\\/markt\\\/produkt\\\/3bao-usb-3-0-kabel-2pack-1m2m-nylon-usb-a-stecker-auf-a-stecker-nylon-verbindungskabel-5-gbps-super-speed-compatible-with-external-hard-drive-fan-coolerblu-rayconsolestvdvdprintercameralaptop\\\/#primaryimage\"},\"image\":{\"@id\":\"https:\\\/\\\/marktxxl.de\\\/markt\\\/produkt\\\/3bao-usb-3-0-kabel-2pack-1m2m-nylon-usb-a-stecker-auf-a-stecker-nylon-verbindungskabel-5-gbps-super-speed-compatible-with-external-hard-drive-fan-coolerblu-rayconsolestvdvdprintercameralaptop\\\/#primaryimage\"},\"thumbnailUrl\":\"https:\\\/\\\/m.media-amazon.com\\\/images\\\/I\\\/51sOtt8TOWL._SL500_.jpg\",\"datePublished\":\"2023-05-10T09:35:05+00:00\",\"description\":\"Markt-XXL 3BAO USB 3.0 Kabel [2Pack 1m2m] Nylon USB A Stecker auf A Stecker Nylon Verbindungskabel 5 Gbps Super Speed Compatible with External Hard Drive\\\/Fan Cooler,Blu-ray,Consoles,TV,DVD,Printer,Camera,Laptop\",\"breadcrumb\":{\"@id\":\"https:\\\/\\\/marktxxl.de\\\/markt\\\/produkt\\\/3bao-usb-3-0-kabel-2pack-1m2m-nylon-usb-a-stecker-auf-a-stecker-nylon-verbindungskabel-5-gbps-super-speed-compatible-with-external-hard-drive-fan-coolerblu-rayconsolestvdvdprintercameralaptop\\\/#breadcrumb\"},\"inLanguage\":\"de\",\"potentialAction\":[{\"@type\":\"ReadAction\",\"target\":[\"https:\\\/\\\/marktxxl.de\\\/markt\\\/produkt\\\/3bao-usb-3-0-kabel-2pack-1m2m-nylon-usb-a-stecker-auf-a-stecker-nylon-verbindungskabel-5-gbps-super-speed-compatible-with-external-hard-drive-fan-coolerblu-rayconsolestvdvdprintercameralaptop\\\/\"]}]},{\"@type\":\"ImageObject\",\"inLanguage\":\"de\",\"@id\":\"https:\\\/\\\/marktxxl.de\\\/markt\\\/produkt\\\/3bao-usb-3-0-kabel-2pack-1m2m-nylon-usb-a-stecker-auf-a-stecker-nylon-verbindungskabel-5-gbps-super-speed-compatible-with-external-hard-drive-fan-coolerblu-rayconsolestvdvdprintercameralaptop\\\/#primaryimage\",\"url\":\"https:\\\/\\\/m.media-amazon.com\\\/images\\\/I\\\/51sOtt8TOWL._SL500_.jpg\",\"contentUrl\":\"https:\\\/\\\/m.media-amazon.com\\\/images\\\/I\\\/51sOtt8TOWL._SL500_.jpg\",\"width\":500,\"height\":500},{\"@type\":\"BreadcrumbList\",\"@id\":\"https:\\\/\\\/marktxxl.de\\\/markt\\\/produkt\\\/3bao-usb-3-0-kabel-2pack-1m2m-nylon-usb-a-stecker-auf-a-stecker-nylon-verbindungskabel-5-gbps-super-speed-compatible-with-external-hard-drive-fan-coolerblu-rayconsolestvdvdprintercameralaptop\\\/#breadcrumb\",\"itemListElement\":[{\"@type\":\"ListItem\",\"position\":1,\"name\":\"Startseite\",\"item\":\"https:\\\/\\\/marktxxl.de\\\/markt\\\/\"},{\"@type\":\"ListItem\",\"position\":2,\"name\":\"Markt\",\"item\":\"https:\\\/\\\/marktxxl.de\\\/markt\\\/\"},{\"@type\":\"ListItem\",\"position\":3,\"name\":\"3BAO USB 3.0 Kabel [2Pack 1m2m] Nylon USB A Stecker auf A Stecker Nylon Verbindungskabel 5 Gbps Super Speed Compatible with External Hard Drive\\\/Fan Cooler,Blu-ray,Consoles,TV,DVD,Printer,Camera,Laptop\"}]},{\"@type\":\"WebSite\",\"@id\":\"https:\\\/\\\/marktxxl.de\\\/markt\\\/#website\",\"url\":\"https:\\\/\\\/marktxxl.de\\\/markt\\\/\",\"name\":\"Markt-XXL\",\"description\":\"Ihr Markt Online\",\"publisher\":{\"@id\":\"https:\\\/\\\/marktxxl.de\\\/markt\\\/#organization\"},\"potentialAction\":[{\"@type\":\"SearchAction\",\"target\":{\"@type\":\"EntryPoint\",\"urlTemplate\":\"https:\\\/\\\/marktxxl.de\\\/markt\\\/?s={search_term_string}\"},\"query-input\":{\"@type\":\"PropertyValueSpecification\",\"valueRequired\":true,\"valueName\":\"search_term_string\"}}],\"inLanguage\":\"de\"},{\"@type\":\"Organization\",\"@id\":\"https:\\\/\\\/marktxxl.de\\\/markt\\\/#organization\",\"name\":\"Markt-XXL\",\"url\":\"https:\\\/\\\/marktxxl.de\\\/markt\\\/\",\"logo\":{\"@type\":\"ImageObject\",\"inLanguage\":\"de\",\"@id\":\"https:\\\/\\\/marktxxl.de\\\/markt\\\/#\\\/schema\\\/logo\\\/image\\\/\",\"url\":\"https:\\\/\\\/marktxxl.de\\\/markt\\\/wp-content\\\/uploads\\\/sites\\\/3\\\/2020\\\/12\\\/logo.png\",\"contentUrl\":\"https:\\\/\\\/marktxxl.de\\\/markt\\\/wp-content\\\/uploads\\\/sites\\\/3\\\/2020\\\/12\\\/logo.png\",\"width\":200,\"height\":70,\"caption\":\"Markt-XXL\"},\"image\":{\"@id\":\"https:\\\/\\\/marktxxl.de\\\/markt\\\/#\\\/schema\\\/logo\\\/image\\\/\"}}]}<\/script>\n<!-- \/ Yoast SEO plugin. -->","yoast_head_json":{"title":"3BAO USB 3.0 Kabel [2Pack 1m2m] Nylon USB A Stecker auf A Stecker Nylon Verbindungskabel 5 Gbps Super Speed Compatible with External Hard Drive\/Fan Cooler,Blu-ray,Consoles,TV,DVD,Printer,Camera,Laptop - Markt-XXL","description":"Markt-XXL 3BAO USB 3.0 Kabel [2Pack 1m2m] Nylon USB A Stecker auf A Stecker Nylon Verbindungskabel 5 Gbps Super Speed Compatible with External Hard Drive\/Fan Cooler,Blu-ray,Consoles,TV,DVD,Printer,Camera,Laptop","robots":{"index":"index","follow":"follow","max-snippet":"max-snippet:-1","max-image-preview":"max-image-preview:large","max-video-preview":"max-video-preview:-1"},"canonical":"https:\/\/marktxxl.de\/markt\/produkt\/3bao-usb-3-0-kabel-2pack-1m2m-nylon-usb-a-stecker-auf-a-stecker-nylon-verbindungskabel-5-gbps-super-speed-compatible-with-external-hard-drive-fan-coolerblu-rayconsolestvdvdprintercameralaptop\/","og_locale":"de_DE","og_type":"article","og_title":"3BAO USB 3.0 Kabel [2Pack 1m2m] Nylon USB A Stecker auf A Stecker Nylon Verbindungskabel 5 Gbps Super Speed Compatible with External Hard Drive\/Fan Cooler,Blu-ray,Consoles,TV,DVD,Printer,Camera,Laptop - Markt-XXL","og_description":"Markt-XXL 3BAO USB 3.0 Kabel [2Pack 1m2m] Nylon USB A Stecker auf A Stecker Nylon Verbindungskabel 5 Gbps Super Speed Compatible with External Hard Drive\/Fan Cooler,Blu-ray,Consoles,TV,DVD,Printer,Camera,Laptop","og_url":"https:\/\/marktxxl.de\/markt\/produkt\/3bao-usb-3-0-kabel-2pack-1m2m-nylon-usb-a-stecker-auf-a-stecker-nylon-verbindungskabel-5-gbps-super-speed-compatible-with-external-hard-drive-fan-coolerblu-rayconsolestvdvdprintercameralaptop\/","og_site_name":"Markt-XXL","twitter_card":"summary_large_image","twitter_misc":{"Gesch\u00e4tzte Lesezeit":"1\u00a0Minute"},"schema":{"@context":"https:\/\/schema.org","@graph":[{"@type":"WebPage","@id":"https:\/\/marktxxl.de\/markt\/produkt\/3bao-usb-3-0-kabel-2pack-1m2m-nylon-usb-a-stecker-auf-a-stecker-nylon-verbindungskabel-5-gbps-super-speed-compatible-with-external-hard-drive-fan-coolerblu-rayconsolestvdvdprintercameralaptop\/","url":"https:\/\/marktxxl.de\/markt\/produkt\/3bao-usb-3-0-kabel-2pack-1m2m-nylon-usb-a-stecker-auf-a-stecker-nylon-verbindungskabel-5-gbps-super-speed-compatible-with-external-hard-drive-fan-coolerblu-rayconsolestvdvdprintercameralaptop\/","name":"3BAO USB 3.0 Kabel [2Pack 1m2m] Nylon USB A Stecker auf A Stecker Nylon Verbindungskabel 5 Gbps Super Speed Compatible with External Hard Drive\/Fan Cooler,Blu-ray,Consoles,TV,DVD,Printer,Camera,Laptop - Markt-XXL","isPartOf":{"@id":"https:\/\/marktxxl.de\/markt\/#website"},"primaryImageOfPage":{"@id":"https:\/\/marktxxl.de\/markt\/produkt\/3bao-usb-3-0-kabel-2pack-1m2m-nylon-usb-a-stecker-auf-a-stecker-nylon-verbindungskabel-5-gbps-super-speed-compatible-with-external-hard-drive-fan-coolerblu-rayconsolestvdvdprintercameralaptop\/#primaryimage"},"image":{"@id":"https:\/\/marktxxl.de\/markt\/produkt\/3bao-usb-3-0-kabel-2pack-1m2m-nylon-usb-a-stecker-auf-a-stecker-nylon-verbindungskabel-5-gbps-super-speed-compatible-with-external-hard-drive-fan-coolerblu-rayconsolestvdvdprintercameralaptop\/#primaryimage"},"thumbnailUrl":"https:\/\/m.media-amazon.com\/images\/I\/51sOtt8TOWL._SL500_.jpg","datePublished":"2023-05-10T09:35:05+00:00","description":"Markt-XXL 3BAO USB 3.0 Kabel [2Pack 1m2m] Nylon USB A Stecker auf A Stecker Nylon Verbindungskabel 5 Gbps Super Speed Compatible with External Hard Drive\/Fan Cooler,Blu-ray,Consoles,TV,DVD,Printer,Camera,Laptop","breadcrumb":{"@id":"https:\/\/marktxxl.de\/markt\/produkt\/3bao-usb-3-0-kabel-2pack-1m2m-nylon-usb-a-stecker-auf-a-stecker-nylon-verbindungskabel-5-gbps-super-speed-compatible-with-external-hard-drive-fan-coolerblu-rayconsolestvdvdprintercameralaptop\/#breadcrumb"},"inLanguage":"de","potentialAction":[{"@type":"ReadAction","target":["https:\/\/marktxxl.de\/markt\/produkt\/3bao-usb-3-0-kabel-2pack-1m2m-nylon-usb-a-stecker-auf-a-stecker-nylon-verbindungskabel-5-gbps-super-speed-compatible-with-external-hard-drive-fan-coolerblu-rayconsolestvdvdprintercameralaptop\/"]}]},{"@type":"ImageObject","inLanguage":"de","@id":"https:\/\/marktxxl.de\/markt\/produkt\/3bao-usb-3-0-kabel-2pack-1m2m-nylon-usb-a-stecker-auf-a-stecker-nylon-verbindungskabel-5-gbps-super-speed-compatible-with-external-hard-drive-fan-coolerblu-rayconsolestvdvdprintercameralaptop\/#primaryimage","url":"https:\/\/m.media-amazon.com\/images\/I\/51sOtt8TOWL._SL500_.jpg","contentUrl":"https:\/\/m.media-amazon.com\/images\/I\/51sOtt8TOWL._SL500_.jpg","width":500,"height":500},{"@type":"BreadcrumbList","@id":"https:\/\/marktxxl.de\/markt\/produkt\/3bao-usb-3-0-kabel-2pack-1m2m-nylon-usb-a-stecker-auf-a-stecker-nylon-verbindungskabel-5-gbps-super-speed-compatible-with-external-hard-drive-fan-coolerblu-rayconsolestvdvdprintercameralaptop\/#breadcrumb","itemListElement":[{"@type":"ListItem","position":1,"name":"Startseite","item":"https:\/\/marktxxl.de\/markt\/"},{"@type":"ListItem","position":2,"name":"Markt","item":"https:\/\/marktxxl.de\/markt\/"},{"@type":"ListItem","position":3,"name":"3BAO USB 3.0 Kabel [2Pack 1m2m] Nylon USB A Stecker auf A Stecker Nylon Verbindungskabel 5 Gbps Super Speed Compatible with External Hard Drive\/Fan Cooler,Blu-ray,Consoles,TV,DVD,Printer,Camera,Laptop"}]},{"@type":"WebSite","@id":"https:\/\/marktxxl.de\/markt\/#website","url":"https:\/\/marktxxl.de\/markt\/","name":"Markt-XXL","description":"Ihr Markt Online","publisher":{"@id":"https:\/\/marktxxl.de\/markt\/#organization"},"potentialAction":[{"@type":"SearchAction","target":{"@type":"EntryPoint","urlTemplate":"https:\/\/marktxxl.de\/markt\/?s={search_term_string}"},"query-input":{"@type":"PropertyValueSpecification","valueRequired":true,"valueName":"search_term_string"}}],"inLanguage":"de"},{"@type":"Organization","@id":"https:\/\/marktxxl.de\/markt\/#organization","name":"Markt-XXL","url":"https:\/\/marktxxl.de\/markt\/","logo":{"@type":"ImageObject","inLanguage":"de","@id":"https:\/\/marktxxl.de\/markt\/#\/schema\/logo\/image\/","url":"https:\/\/marktxxl.de\/markt\/wp-content\/uploads\/sites\/3\/2020\/12\/logo.png","contentUrl":"https:\/\/marktxxl.de\/markt\/wp-content\/uploads\/sites\/3\/2020\/12\/logo.png","width":200,"height":70,"caption":"Markt-XXL"},"image":{"@id":"https:\/\/marktxxl.de\/markt\/#\/schema\/logo\/image\/"}}]}},"_links":{"self":[{"href":"https:\/\/marktxxl.de\/markt\/wp-json\/wp\/v2\/product\/205216","targetHints":{"allow":["GET"]}}],"collection":[{"href":"https:\/\/marktxxl.de\/markt\/wp-json\/wp\/v2\/product"}],"about":[{"href":"https:\/\/marktxxl.de\/markt\/wp-json\/wp\/v2\/types\/product"}],"replies":[{"embeddable":true,"href":"https:\/\/marktxxl.de\/markt\/wp-json\/wp\/v2\/comments?post=205216"}],"wp:featuredmedia":[{"embeddable":true,"href":"https:\/\/marktxxl.de\/markt\/wp-json\/wp\/v2\/media\/205217"}],"wp:attachment":[{"href":"https:\/\/marktxxl.de\/markt\/wp-json\/wp\/v2\/media?parent=205216"}],"wp:term":[{"taxonomy":"product_brand","embeddable":true,"href":"https:\/\/marktxxl.de\/markt\/wp-json\/wp\/v2\/product_brand?post=205216"},{"taxonomy":"product_cat","embeddable":true,"href":"https:\/\/marktxxl.de\/markt\/wp-json\/wp\/v2\/product_cat?post=205216"},{"taxonomy":"product_tag","embeddable":true,"href":"https:\/\/marktxxl.de\/markt\/wp-json\/wp\/v2\/product_tag?post=205216"}],"curies":[{"name":"wp","href":"https:\/\/api.w.org\/{rel}","templated":true}]}}