{"id":205208,"date":"2023-05-10T11:34:57","date_gmt":"2023-05-10T09:34:57","guid":{"rendered":"https:\/\/marktxxl.de\/markt\/produkt\/prechen-27-zoll-ultra-thin-bezel-curved-165hz-144hz-gaming-monitor-va-1800r-computer-display-fhd-1920x1080p-pc-bildschirm-displayport-hdmi-usb-amd-freesync-premium-2ms-30001-eye-care-vesa\/"},"modified":"2023-05-10T11:34:57","modified_gmt":"2023-05-10T09:34:57","slug":"prechen-27-zoll-ultra-thin-bezel-curved-165hz-144hz-gaming-monitor-va-1800r-computer-display-fhd-1920x1080p-pc-bildschirm-displayport-hdmi-usb-amd-freesync-premium-2ms-30001-eye-care-vesa","status":"publish","type":"product","link":"https:\/\/marktxxl.de\/markt\/produkt\/prechen-27-zoll-ultra-thin-bezel-curved-165hz-144hz-gaming-monitor-va-1800r-computer-display-fhd-1920x1080p-pc-bildschirm-displayport-hdmi-usb-amd-freesync-premium-2ms-30001-eye-care-vesa\/","title":{"rendered":"Prechen 27 Zoll Ultra-Thin Bezel Curved 165Hz\/144Hz Gaming Monitor, VA, 1800R, Computer Display FHD 1920x1080P PC Bildschirm, DisplayPort, HDMI, USB, AMD FreeSync Premium, 2ms, 3000:1, Eye Care, VESA"},"content":{"rendered":"<p>\u301027 Zoll 165Hz Curved Monitor\u3011Mit einer ultraschnellen Bildwiederholfrequenz von 165Hz erfasst der 27 Zoll Curved Gaming Monitor jedes Bild in allen Details durch eine schnellere Bildwiedergabe, um Tearing, Flimmern und Stottern zu eliminieren, was Ihnen einen Wettbewerbsvorteil in Echtzeitspielen verschafft. Die Full HD-Aufl\u00f6sung von 1920x1080p und ein sRGB-Farbraum von 99 % sorgen f\u00fcr gestochen scharfe Bilder und eine lebendige Farbwiedergabe.<br \/>\n\u3010AMD FreeSync Premium Features\u3011Prechen 165Hz Gaming Bildschirm verf\u00fcgt \u00fcber AMD FreeSync Premium Technologie, um sicherzustellen, dass der Monitor mit jedem Frame von Ihrer Grafikkarte \u00fcbereinstimmt, was weiter Bildschirmtr\u00e4nen und Stottern reduziert. Mit einer schnellen Reaktionszeit von 2ms GTG eliminiert der PC-Monitor Latenz, Geisterbilder und Bewegungsunsch\u00e4rfe und bietet eine scharfe Videowiedergabe.<br \/>\n\u30101800R CURVATURE &amp; 3000:1 Contrast Ratio\u3011Das Gaming-Display verwendet ein fortschrittliches VA-Panel mit 1800R-Bildschirmkr\u00fcmmung und einem ultraweiten Betrachtungswinkel von 178\u00b0, das ein breiteres Sichtfeld f\u00fcr Klarheit aus allen Winkeln bietet. Mit einem Kontrastverh\u00e4ltnis von 3000:1 zur Reduzierung visueller Verzerrungen, von tiefsten Schwarzt\u00f6nen bis hin zu lebendigen Farben, erhalten Sie ein wahrhaft immersives Spielerlebnis.<br \/>\n\u3010RICH Connectivity &amp; Eye Care\u301127-Zoll-Gaming-Monitor mit DisplayPort (v1.2), HDMI (v1.4) und USB (v3.0) Ports, die die Bequemlichkeit, um mehrere Ger\u00e4te zu verbinden delievers entworfen. Hinweis: Schlie\u00dfen Sie den DisplayPort(v1.2) f\u00fcr eine ultraschnelle Bildwiederholfrequenz von 165 Hz an. Die Technologie mit niedrigem Blaulichtanteil und Flicker-Free reduziert effektiv die Erm\u00fcdung der Augen und bietet optimalen Augenkomfort \u00fcber l\u00e4ngere Zeitr\u00e4ume hinweg.<br \/>\n\u3010VESA-Unterst\u00fctzung &amp; Ultra-Thin Bezel\u3011 Prechen 165Hz Curved Monitor unterst\u00fctzt 100 x 100mm VESA Wandhalterung und bietet -5\u00b0 \/ 15\u00b0 einstellbare Neigung, Sie k\u00f6nnen Ihren Monitor leicht installieren, um viel Platz zu sparen und den besten Blickwinkel zu erhalten. Die 3-Seiten ultra-d\u00fcnne L\u00fcnette stilvolles Design f\u00fcr maximale Betrachtung spacel.<br \/>\n<div class=\"main-cross-sell\" data-asin=\"B0BXWR52KZ\">\n\n\t<div class=\"WooZone-cross-sell-loader\">\n\t\t<div>\n\t\t\t<div id=\"floatingBarsG\">\n\t\t\t\t<div class=\"blockG\" id=\"rotateG_01\"><\/div>\n\t\t\t\t<div class=\"blockG\" id=\"rotateG_02\"><\/div>\n\t\t\t\t<div class=\"blockG\" id=\"rotateG_03\"><\/div>\n\t\t\t\t<div class=\"blockG\" id=\"rotateG_04\"><\/div>\n\t\t\t\t<div class=\"blockG\" id=\"rotateG_05\"><\/div>\n\t\t\t\t<div class=\"blockG\" id=\"rotateG_06\"><\/div>\n\t\t\t\t<div class=\"blockG\" id=\"rotateG_07\"><\/div>\n\t\t\t\t<div class=\"blockG\" id=\"rotateG_08\"><\/div>\n\t\t\t<\/div>\n\t\t\t<div class=\"WooZone-cross-sell-loader-text\"><\/div>\n\t\t<\/div>\n\t<\/div>\n\n\t\t\n<\/div>\n<div style=\"clear:both;\"><\/div><\/p>\n","protected":false},"excerpt":{"rendered":"<p>\u301027 Zoll 165Hz Curved Monitor\u3011Mit einer ultraschnellen Bildwiederholfrequenz von 165Hz erfasst der 27 Zoll Curved Gaming Monitor jedes Bild in allen Details durch eine schnellere Bildwiedergabe, um Tearing, Flimmern und Stottern zu eliminieren, was Ihnen einen Wettbewerbsvorteil in Echtzeitspielen verschafft. Die Full HD-Aufl\u00f6sung von 1920x1080p und ein sRGB-Farbraum von 99 % sorgen f\u00fcr gestochen scharfe Bilder und eine lebendige Farbwiedergabe.<br \/>\n\u3010AMD FreeSync Premium Features\u3011Prechen 165Hz Gaming Bildschirm verf\u00fcgt \u00fcber AMD FreeSync Premium Technologie, um sicherzustellen, dass der Monitor mit jedem Frame von Ihrer Grafikkarte \u00fcbereinstimmt, was weiter Bildschirmtr\u00e4nen und Stottern reduziert. Mit einer schnellen Reaktionszeit von 2ms GTG eliminiert der PC-Monitor Latenz, Geisterbilder und Bewegungsunsch\u00e4rfe und bietet eine scharfe Videowiedergabe.<br \/>\n\u30101800R CURVATURE &amp; 3000:1 Contrast Ratio\u3011Das Gaming-Display verwendet ein fortschrittliches VA-Panel mit 1800R-Bildschirmkr\u00fcmmung und einem ultraweiten Betrachtungswinkel von 178\u00b0, das ein breiteres Sichtfeld f\u00fcr Klarheit aus allen Winkeln bietet. Mit einem Kontrastverh\u00e4ltnis von 3000:1 zur Reduzierung visueller Verzerrungen, von tiefsten Schwarzt\u00f6nen bis hin zu lebendigen Farben, erhalten Sie ein wahrhaft immersives Spielerlebnis.<\/p>\n","protected":false},"featured_media":205209,"comment_status":"open","ping_status":"closed","template":"","meta":[],"product_brand":[],"product_cat":[863],"product_tag":[],"class_list":{"0":"post-205208","1":"product","2":"type-product","3":"status-publish","4":"has-post-thumbnail","6":"product_cat-computer-zubehoer","7":"pa_binding-elektronik","8":"pa_brand-prechen","9":"pa_height-0-393700787-zoll","10":"pa_length-25-590551155-zoll","11":"pa_manufacturer-prechen","12":"pa_width-14-960629906-zoll","14":"first","15":"instock","16":"shipping-taxable","17":"purchasable","18":"product-type-simple","19":"customify-col","20":"product-has-gallery"},"yoast_head":"<!-- This site is optimized with the Yoast SEO plugin v27.4 - https:\/\/yoast.com\/product\/yoast-seo-wordpress\/ -->\n<title>Prechen 27 Zoll Ultra-Thin Bezel Curved 165Hz\/144Hz Gaming Monitor, VA, 1800R, Computer Display FHD 1920x1080P PC Bildschirm, DisplayPort, HDMI, USB, AMD FreeSync Premium, 2ms, 3000:1, Eye Care, VESA - Markt-XXL<\/title>\n<meta name=\"description\" content=\"Markt-XXL Prechen 27 Zoll Ultra-Thin Bezel Curved 165Hz\/144Hz Gaming Monitor, VA, 1800R, Computer Display FHD 1920x1080P PC Bildschirm, DisplayPort, HDMI, USB, AMD FreeSync Premium, 2ms, 3000:1, Eye Care, VESA\" \/>\n<meta name=\"robots\" content=\"index, follow, max-snippet:-1, max-image-preview:large, max-video-preview:-1\" \/>\n<link rel=\"canonical\" href=\"https:\/\/marktxxl.de\/markt\/produkt\/prechen-27-zoll-ultra-thin-bezel-curved-165hz-144hz-gaming-monitor-va-1800r-computer-display-fhd-1920x1080p-pc-bildschirm-displayport-hdmi-usb-amd-freesync-premium-2ms-30001-eye-care-vesa\/\" \/>\n<meta property=\"og:locale\" content=\"de_DE\" \/>\n<meta property=\"og:type\" content=\"article\" \/>\n<meta property=\"og:title\" content=\"Prechen 27 Zoll Ultra-Thin Bezel Curved 165Hz\/144Hz Gaming Monitor, VA, 1800R, Computer Display FHD 1920x1080P PC Bildschirm, DisplayPort, HDMI, USB, AMD FreeSync Premium, 2ms, 3000:1, Eye Care, VESA - Markt-XXL\" \/>\n<meta property=\"og:description\" content=\"Markt-XXL Prechen 27 Zoll Ultra-Thin Bezel Curved 165Hz\/144Hz Gaming Monitor, VA, 1800R, Computer Display FHD 1920x1080P PC Bildschirm, DisplayPort, HDMI, USB, AMD FreeSync Premium, 2ms, 3000:1, Eye Care, VESA\" \/>\n<meta property=\"og:url\" content=\"https:\/\/marktxxl.de\/markt\/produkt\/prechen-27-zoll-ultra-thin-bezel-curved-165hz-144hz-gaming-monitor-va-1800r-computer-display-fhd-1920x1080p-pc-bildschirm-displayport-hdmi-usb-amd-freesync-premium-2ms-30001-eye-care-vesa\/\" \/>\n<meta property=\"og:site_name\" content=\"Markt-XXL\" \/>\n<meta name=\"twitter:card\" content=\"summary_large_image\" \/>\n<meta name=\"twitter:label1\" content=\"Gesch\u00e4tzte Lesezeit\" \/>\n\t<meta name=\"twitter:data1\" content=\"1\u00a0Minute\" \/>\n<script type=\"application\/ld+json\" class=\"yoast-schema-graph\">{\"@context\":\"https:\\\/\\\/schema.org\",\"@graph\":[{\"@type\":\"WebPage\",\"@id\":\"https:\\\/\\\/marktxxl.de\\\/markt\\\/produkt\\\/prechen-27-zoll-ultra-thin-bezel-curved-165hz-144hz-gaming-monitor-va-1800r-computer-display-fhd-1920x1080p-pc-bildschirm-displayport-hdmi-usb-amd-freesync-premium-2ms-30001-eye-care-vesa\\\/\",\"url\":\"https:\\\/\\\/marktxxl.de\\\/markt\\\/produkt\\\/prechen-27-zoll-ultra-thin-bezel-curved-165hz-144hz-gaming-monitor-va-1800r-computer-display-fhd-1920x1080p-pc-bildschirm-displayport-hdmi-usb-amd-freesync-premium-2ms-30001-eye-care-vesa\\\/\",\"name\":\"Prechen 27 Zoll Ultra-Thin Bezel Curved 165Hz\\\/144Hz Gaming Monitor, VA, 1800R, Computer Display FHD 1920x1080P PC Bildschirm, DisplayPort, HDMI, USB, AMD FreeSync Premium, 2ms, 3000:1, Eye Care, VESA - Markt-XXL\",\"isPartOf\":{\"@id\":\"https:\\\/\\\/marktxxl.de\\\/markt\\\/#website\"},\"primaryImageOfPage\":{\"@id\":\"https:\\\/\\\/marktxxl.de\\\/markt\\\/produkt\\\/prechen-27-zoll-ultra-thin-bezel-curved-165hz-144hz-gaming-monitor-va-1800r-computer-display-fhd-1920x1080p-pc-bildschirm-displayport-hdmi-usb-amd-freesync-premium-2ms-30001-eye-care-vesa\\\/#primaryimage\"},\"image\":{\"@id\":\"https:\\\/\\\/marktxxl.de\\\/markt\\\/produkt\\\/prechen-27-zoll-ultra-thin-bezel-curved-165hz-144hz-gaming-monitor-va-1800r-computer-display-fhd-1920x1080p-pc-bildschirm-displayport-hdmi-usb-amd-freesync-premium-2ms-30001-eye-care-vesa\\\/#primaryimage\"},\"thumbnailUrl\":\"https:\\\/\\\/m.media-amazon.com\\\/images\\\/I\\\/41metiMv8vL._SL500_.jpg\",\"datePublished\":\"2023-05-10T09:34:57+00:00\",\"description\":\"Markt-XXL Prechen 27 Zoll Ultra-Thin Bezel Curved 165Hz\\\/144Hz Gaming Monitor, VA, 1800R, Computer Display FHD 1920x1080P PC Bildschirm, DisplayPort, HDMI, USB, AMD FreeSync Premium, 2ms, 3000:1, Eye Care, VESA\",\"breadcrumb\":{\"@id\":\"https:\\\/\\\/marktxxl.de\\\/markt\\\/produkt\\\/prechen-27-zoll-ultra-thin-bezel-curved-165hz-144hz-gaming-monitor-va-1800r-computer-display-fhd-1920x1080p-pc-bildschirm-displayport-hdmi-usb-amd-freesync-premium-2ms-30001-eye-care-vesa\\\/#breadcrumb\"},\"inLanguage\":\"de\",\"potentialAction\":[{\"@type\":\"ReadAction\",\"target\":[\"https:\\\/\\\/marktxxl.de\\\/markt\\\/produkt\\\/prechen-27-zoll-ultra-thin-bezel-curved-165hz-144hz-gaming-monitor-va-1800r-computer-display-fhd-1920x1080p-pc-bildschirm-displayport-hdmi-usb-amd-freesync-premium-2ms-30001-eye-care-vesa\\\/\"]}]},{\"@type\":\"ImageObject\",\"inLanguage\":\"de\",\"@id\":\"https:\\\/\\\/marktxxl.de\\\/markt\\\/produkt\\\/prechen-27-zoll-ultra-thin-bezel-curved-165hz-144hz-gaming-monitor-va-1800r-computer-display-fhd-1920x1080p-pc-bildschirm-displayport-hdmi-usb-amd-freesync-premium-2ms-30001-eye-care-vesa\\\/#primaryimage\",\"url\":\"https:\\\/\\\/m.media-amazon.com\\\/images\\\/I\\\/41metiMv8vL._SL500_.jpg\",\"contentUrl\":\"https:\\\/\\\/m.media-amazon.com\\\/images\\\/I\\\/41metiMv8vL._SL500_.jpg\",\"width\":500,\"height\":500},{\"@type\":\"BreadcrumbList\",\"@id\":\"https:\\\/\\\/marktxxl.de\\\/markt\\\/produkt\\\/prechen-27-zoll-ultra-thin-bezel-curved-165hz-144hz-gaming-monitor-va-1800r-computer-display-fhd-1920x1080p-pc-bildschirm-displayport-hdmi-usb-amd-freesync-premium-2ms-30001-eye-care-vesa\\\/#breadcrumb\",\"itemListElement\":[{\"@type\":\"ListItem\",\"position\":1,\"name\":\"Startseite\",\"item\":\"https:\\\/\\\/marktxxl.de\\\/markt\\\/\"},{\"@type\":\"ListItem\",\"position\":2,\"name\":\"Markt\",\"item\":\"https:\\\/\\\/marktxxl.de\\\/markt\\\/\"},{\"@type\":\"ListItem\",\"position\":3,\"name\":\"Prechen 27 Zoll Ultra-Thin Bezel Curved 165Hz\\\/144Hz Gaming Monitor, VA, 1800R, Computer Display FHD 1920x1080P PC Bildschirm, DisplayPort, HDMI, USB, AMD FreeSync Premium, 2ms, 3000:1, Eye Care, VESA\"}]},{\"@type\":\"WebSite\",\"@id\":\"https:\\\/\\\/marktxxl.de\\\/markt\\\/#website\",\"url\":\"https:\\\/\\\/marktxxl.de\\\/markt\\\/\",\"name\":\"Markt-XXL\",\"description\":\"Ihr Markt Online\",\"publisher\":{\"@id\":\"https:\\\/\\\/marktxxl.de\\\/markt\\\/#organization\"},\"potentialAction\":[{\"@type\":\"SearchAction\",\"target\":{\"@type\":\"EntryPoint\",\"urlTemplate\":\"https:\\\/\\\/marktxxl.de\\\/markt\\\/?s={search_term_string}\"},\"query-input\":{\"@type\":\"PropertyValueSpecification\",\"valueRequired\":true,\"valueName\":\"search_term_string\"}}],\"inLanguage\":\"de\"},{\"@type\":\"Organization\",\"@id\":\"https:\\\/\\\/marktxxl.de\\\/markt\\\/#organization\",\"name\":\"Markt-XXL\",\"url\":\"https:\\\/\\\/marktxxl.de\\\/markt\\\/\",\"logo\":{\"@type\":\"ImageObject\",\"inLanguage\":\"de\",\"@id\":\"https:\\\/\\\/marktxxl.de\\\/markt\\\/#\\\/schema\\\/logo\\\/image\\\/\",\"url\":\"https:\\\/\\\/marktxxl.de\\\/markt\\\/wp-content\\\/uploads\\\/sites\\\/3\\\/2020\\\/12\\\/logo.png\",\"contentUrl\":\"https:\\\/\\\/marktxxl.de\\\/markt\\\/wp-content\\\/uploads\\\/sites\\\/3\\\/2020\\\/12\\\/logo.png\",\"width\":200,\"height\":70,\"caption\":\"Markt-XXL\"},\"image\":{\"@id\":\"https:\\\/\\\/marktxxl.de\\\/markt\\\/#\\\/schema\\\/logo\\\/image\\\/\"}}]}<\/script>\n<!-- \/ Yoast SEO plugin. -->","yoast_head_json":{"title":"Prechen 27 Zoll Ultra-Thin Bezel Curved 165Hz\/144Hz Gaming Monitor, VA, 1800R, Computer Display FHD 1920x1080P PC Bildschirm, DisplayPort, HDMI, USB, AMD FreeSync Premium, 2ms, 3000:1, Eye Care, VESA - Markt-XXL","description":"Markt-XXL Prechen 27 Zoll Ultra-Thin Bezel Curved 165Hz\/144Hz Gaming Monitor, VA, 1800R, Computer Display FHD 1920x1080P PC Bildschirm, DisplayPort, HDMI, USB, AMD FreeSync Premium, 2ms, 3000:1, Eye Care, VESA","robots":{"index":"index","follow":"follow","max-snippet":"max-snippet:-1","max-image-preview":"max-image-preview:large","max-video-preview":"max-video-preview:-1"},"canonical":"https:\/\/marktxxl.de\/markt\/produkt\/prechen-27-zoll-ultra-thin-bezel-curved-165hz-144hz-gaming-monitor-va-1800r-computer-display-fhd-1920x1080p-pc-bildschirm-displayport-hdmi-usb-amd-freesync-premium-2ms-30001-eye-care-vesa\/","og_locale":"de_DE","og_type":"article","og_title":"Prechen 27 Zoll Ultra-Thin Bezel Curved 165Hz\/144Hz Gaming Monitor, VA, 1800R, Computer Display FHD 1920x1080P PC Bildschirm, DisplayPort, HDMI, USB, AMD FreeSync Premium, 2ms, 3000:1, Eye Care, VESA - Markt-XXL","og_description":"Markt-XXL Prechen 27 Zoll Ultra-Thin Bezel Curved 165Hz\/144Hz Gaming Monitor, VA, 1800R, Computer Display FHD 1920x1080P PC Bildschirm, DisplayPort, HDMI, USB, AMD FreeSync Premium, 2ms, 3000:1, Eye Care, VESA","og_url":"https:\/\/marktxxl.de\/markt\/produkt\/prechen-27-zoll-ultra-thin-bezel-curved-165hz-144hz-gaming-monitor-va-1800r-computer-display-fhd-1920x1080p-pc-bildschirm-displayport-hdmi-usb-amd-freesync-premium-2ms-30001-eye-care-vesa\/","og_site_name":"Markt-XXL","twitter_card":"summary_large_image","twitter_misc":{"Gesch\u00e4tzte Lesezeit":"1\u00a0Minute"},"schema":{"@context":"https:\/\/schema.org","@graph":[{"@type":"WebPage","@id":"https:\/\/marktxxl.de\/markt\/produkt\/prechen-27-zoll-ultra-thin-bezel-curved-165hz-144hz-gaming-monitor-va-1800r-computer-display-fhd-1920x1080p-pc-bildschirm-displayport-hdmi-usb-amd-freesync-premium-2ms-30001-eye-care-vesa\/","url":"https:\/\/marktxxl.de\/markt\/produkt\/prechen-27-zoll-ultra-thin-bezel-curved-165hz-144hz-gaming-monitor-va-1800r-computer-display-fhd-1920x1080p-pc-bildschirm-displayport-hdmi-usb-amd-freesync-premium-2ms-30001-eye-care-vesa\/","name":"Prechen 27 Zoll Ultra-Thin Bezel Curved 165Hz\/144Hz Gaming Monitor, VA, 1800R, Computer Display FHD 1920x1080P PC Bildschirm, DisplayPort, HDMI, USB, AMD FreeSync Premium, 2ms, 3000:1, Eye Care, VESA - Markt-XXL","isPartOf":{"@id":"https:\/\/marktxxl.de\/markt\/#website"},"primaryImageOfPage":{"@id":"https:\/\/marktxxl.de\/markt\/produkt\/prechen-27-zoll-ultra-thin-bezel-curved-165hz-144hz-gaming-monitor-va-1800r-computer-display-fhd-1920x1080p-pc-bildschirm-displayport-hdmi-usb-amd-freesync-premium-2ms-30001-eye-care-vesa\/#primaryimage"},"image":{"@id":"https:\/\/marktxxl.de\/markt\/produkt\/prechen-27-zoll-ultra-thin-bezel-curved-165hz-144hz-gaming-monitor-va-1800r-computer-display-fhd-1920x1080p-pc-bildschirm-displayport-hdmi-usb-amd-freesync-premium-2ms-30001-eye-care-vesa\/#primaryimage"},"thumbnailUrl":"https:\/\/m.media-amazon.com\/images\/I\/41metiMv8vL._SL500_.jpg","datePublished":"2023-05-10T09:34:57+00:00","description":"Markt-XXL Prechen 27 Zoll Ultra-Thin Bezel Curved 165Hz\/144Hz Gaming Monitor, VA, 1800R, Computer Display FHD 1920x1080P PC Bildschirm, DisplayPort, HDMI, USB, AMD FreeSync Premium, 2ms, 3000:1, Eye Care, VESA","breadcrumb":{"@id":"https:\/\/marktxxl.de\/markt\/produkt\/prechen-27-zoll-ultra-thin-bezel-curved-165hz-144hz-gaming-monitor-va-1800r-computer-display-fhd-1920x1080p-pc-bildschirm-displayport-hdmi-usb-amd-freesync-premium-2ms-30001-eye-care-vesa\/#breadcrumb"},"inLanguage":"de","potentialAction":[{"@type":"ReadAction","target":["https:\/\/marktxxl.de\/markt\/produkt\/prechen-27-zoll-ultra-thin-bezel-curved-165hz-144hz-gaming-monitor-va-1800r-computer-display-fhd-1920x1080p-pc-bildschirm-displayport-hdmi-usb-amd-freesync-premium-2ms-30001-eye-care-vesa\/"]}]},{"@type":"ImageObject","inLanguage":"de","@id":"https:\/\/marktxxl.de\/markt\/produkt\/prechen-27-zoll-ultra-thin-bezel-curved-165hz-144hz-gaming-monitor-va-1800r-computer-display-fhd-1920x1080p-pc-bildschirm-displayport-hdmi-usb-amd-freesync-premium-2ms-30001-eye-care-vesa\/#primaryimage","url":"https:\/\/m.media-amazon.com\/images\/I\/41metiMv8vL._SL500_.jpg","contentUrl":"https:\/\/m.media-amazon.com\/images\/I\/41metiMv8vL._SL500_.jpg","width":500,"height":500},{"@type":"BreadcrumbList","@id":"https:\/\/marktxxl.de\/markt\/produkt\/prechen-27-zoll-ultra-thin-bezel-curved-165hz-144hz-gaming-monitor-va-1800r-computer-display-fhd-1920x1080p-pc-bildschirm-displayport-hdmi-usb-amd-freesync-premium-2ms-30001-eye-care-vesa\/#breadcrumb","itemListElement":[{"@type":"ListItem","position":1,"name":"Startseite","item":"https:\/\/marktxxl.de\/markt\/"},{"@type":"ListItem","position":2,"name":"Markt","item":"https:\/\/marktxxl.de\/markt\/"},{"@type":"ListItem","position":3,"name":"Prechen 27 Zoll Ultra-Thin Bezel Curved 165Hz\/144Hz Gaming Monitor, VA, 1800R, Computer Display FHD 1920x1080P PC Bildschirm, DisplayPort, HDMI, USB, AMD FreeSync Premium, 2ms, 3000:1, Eye Care, VESA"}]},{"@type":"WebSite","@id":"https:\/\/marktxxl.de\/markt\/#website","url":"https:\/\/marktxxl.de\/markt\/","name":"Markt-XXL","description":"Ihr Markt Online","publisher":{"@id":"https:\/\/marktxxl.de\/markt\/#organization"},"potentialAction":[{"@type":"SearchAction","target":{"@type":"EntryPoint","urlTemplate":"https:\/\/marktxxl.de\/markt\/?s={search_term_string}"},"query-input":{"@type":"PropertyValueSpecification","valueRequired":true,"valueName":"search_term_string"}}],"inLanguage":"de"},{"@type":"Organization","@id":"https:\/\/marktxxl.de\/markt\/#organization","name":"Markt-XXL","url":"https:\/\/marktxxl.de\/markt\/","logo":{"@type":"ImageObject","inLanguage":"de","@id":"https:\/\/marktxxl.de\/markt\/#\/schema\/logo\/image\/","url":"https:\/\/marktxxl.de\/markt\/wp-content\/uploads\/sites\/3\/2020\/12\/logo.png","contentUrl":"https:\/\/marktxxl.de\/markt\/wp-content\/uploads\/sites\/3\/2020\/12\/logo.png","width":200,"height":70,"caption":"Markt-XXL"},"image":{"@id":"https:\/\/marktxxl.de\/markt\/#\/schema\/logo\/image\/"}}]}},"_links":{"self":[{"href":"https:\/\/marktxxl.de\/markt\/wp-json\/wp\/v2\/product\/205208","targetHints":{"allow":["GET"]}}],"collection":[{"href":"https:\/\/marktxxl.de\/markt\/wp-json\/wp\/v2\/product"}],"about":[{"href":"https:\/\/marktxxl.de\/markt\/wp-json\/wp\/v2\/types\/product"}],"replies":[{"embeddable":true,"href":"https:\/\/marktxxl.de\/markt\/wp-json\/wp\/v2\/comments?post=205208"}],"wp:featuredmedia":[{"embeddable":true,"href":"https:\/\/marktxxl.de\/markt\/wp-json\/wp\/v2\/media\/205209"}],"wp:attachment":[{"href":"https:\/\/marktxxl.de\/markt\/wp-json\/wp\/v2\/media?parent=205208"}],"wp:term":[{"taxonomy":"product_brand","embeddable":true,"href":"https:\/\/marktxxl.de\/markt\/wp-json\/wp\/v2\/product_brand?post=205208"},{"taxonomy":"product_cat","embeddable":true,"href":"https:\/\/marktxxl.de\/markt\/wp-json\/wp\/v2\/product_cat?post=205208"},{"taxonomy":"product_tag","embeddable":true,"href":"https:\/\/marktxxl.de\/markt\/wp-json\/wp\/v2\/product_tag?post=205208"}],"curies":[{"name":"wp","href":"https:\/\/api.w.org\/{rel}","templated":true}]}}