{"id":205200,"date":"2023-05-10T11:34:48","date_gmt":"2023-05-10T09:34:48","guid":{"rendered":"https:\/\/marktxxl.de\/markt\/produkt\/matein-laptop-rucksack-herren-15-6-zoll-wasserdicht-arbeit-tasche-reisen-business-rucksaecke-schulrucksack-mit-usb-ladeanschluss-backpack-anti-diebstahl-college-teenager-jungen-daypack-schwarz\/"},"modified":"2023-05-10T11:34:48","modified_gmt":"2023-05-10T09:34:48","slug":"matein-laptop-rucksack-herren-15-6-zoll-wasserdicht-arbeit-tasche-reisen-business-rucksaecke-schulrucksack-mit-usb-ladeanschluss-backpack-anti-diebstahl-college-teenager-jungen-daypack-schwarz","status":"publish","type":"product","link":"https:\/\/marktxxl.de\/markt\/produkt\/matein-laptop-rucksack-herren-15-6-zoll-wasserdicht-arbeit-tasche-reisen-business-rucksaecke-schulrucksack-mit-usb-ladeanschluss-backpack-anti-diebstahl-college-teenager-jungen-daypack-schwarz\/","title":{"rendered":"MATEIN Laptop Rucksack Herren, 15.6 Zoll Wasserdicht Arbeit Tasche Reisen Business Rucks\u00e4cke Schulrucksack mit USB Ladeanschluss Backpack, Anti Diebstahl College Teenager Jungen Daypack, Schwarz"},"content":{"rendered":"<p>\u3010Laptop Rucksack F\u00fcr Herren\u3011: Der rucksack laptop herren k\u00f6nnte gut bis zu einem 15.6 Zoll laptop. Ein separates, gepolstertes Fach mit Klettverschluss sch\u00fctzt Ihren Laptop rundum. Es gibt auch ein Fach f\u00fcr Ihr B\u00fcrozubeh\u00f6r wie Notizblock, iPad, Bluetooth Tastatur, kabellose maus usw. Erf\u00fcllen Sie Ihre Arbeit, Reisen, Schule, Wandern und andere Bed\u00fcrfnisse<br \/>\n\u3010USB Ladeanschluss\u3011: Dieser reisen rucksack mit USB Ladeanschluss und Internem Ladekabel bietet Ihnen eine bequemere M\u00f6glichkeit, Ihr Telefon beim Gehen aufzuladen. Bitte beachten Sie, dass der USB Ladeanschluss nur eine einfache M\u00f6glichkeit zum Aufladen bietet, da sich dieser Rucksack ohne Powerbank nicht selbst mit Strom versorgen kann<br \/>\n\u3010Mehrere F\u00e4chers &amp; Taschens\u3011: Das gro\u00dfe Hauptfach des laptop rucksack 15.6 zoll bietet Platz f\u00fcr 4 XL Kleidungsst\u00fccke und Ihre Toilettenartikel. Das Ablagefach mit Stifttasche und Schl\u00fcsselhaken macht all Ihre kleinigkeiten sehr einfach zug\u00e4nglich. Es gibt auch zwei Netztaschen f\u00fcr Regenschirme und Wasserflaschen und eine diebstahlsichere Tasche auf der R\u00fcckseite, um Ihr Telefon oder Ihre Brieftasche zu sichern<br \/>\n\u3010Wasserdicht &amp; Gep\u00e4ckgurt\u3011: Rucksack wasserdicht besteht aus Wasserdicht Stoff, um Ihre Sachen an regnerischen Tagen vor N\u00e4sse zu sch\u00fctzen. Das Gep\u00e4ckgurt Design auf der R\u00fcckseite erm\u00f6glicht es, den rucksack schule direkt auf das Gep\u00e4ck zu legen und Ihre H\u00e4nde zu befreien. Atmungsaktive Mesh-Schultergurte entlasten den Schulterdruck. Es ist auch eine gro\u00dfartige Option f\u00fcr Flugreisen und Gesch\u00e4ftsreisen und passt perfekt unter einen Flugzeugsitz<br \/>\n\u3010Ideales Geschenk\u3011: Die robuste Konstruktion und der schaumstoffgepolsterte Griff erm\u00f6glichen es dieser business rucksack herren schwarzer, im leeren Zustand von alleine zu stehen und lange Zeit schwere Lasten aufzuh\u00e4ngen. Dieser Rucksack ist ein tolles Geschenk zum Valentinstag, Erntedankfest oder zu Weihnachten. Auch die beste Geschenkauswahl f\u00fcr Vater, Mutter, Ehemann, Sohn, Freunde<br \/>\n<div class=\"main-cross-sell\" data-asin=\"B0B4NDL3NB\">\n\n\t<div class=\"WooZone-cross-sell-loader\">\n\t\t<div>\n\t\t\t<div id=\"floatingBarsG\">\n\t\t\t\t<div class=\"blockG\" id=\"rotateG_01\"><\/div>\n\t\t\t\t<div class=\"blockG\" id=\"rotateG_02\"><\/div>\n\t\t\t\t<div class=\"blockG\" id=\"rotateG_03\"><\/div>\n\t\t\t\t<div class=\"blockG\" id=\"rotateG_04\"><\/div>\n\t\t\t\t<div class=\"blockG\" id=\"rotateG_05\"><\/div>\n\t\t\t\t<div class=\"blockG\" id=\"rotateG_06\"><\/div>\n\t\t\t\t<div class=\"blockG\" id=\"rotateG_07\"><\/div>\n\t\t\t\t<div class=\"blockG\" id=\"rotateG_08\"><\/div>\n\t\t\t<\/div>\n\t\t\t<div class=\"WooZone-cross-sell-loader-text\"><\/div>\n\t\t<\/div>\n\t<\/div>\n\n\t\t\n<\/div>\n<div style=\"clear:both;\"><\/div><\/p>\n","protected":false},"excerpt":{"rendered":"<p>\u3010Laptop Rucksack F\u00fcr Herren\u3011: Der rucksack laptop herren k\u00f6nnte gut bis zu einem 15.6 Zoll laptop. Ein separates, gepolstertes Fach mit Klettverschluss sch\u00fctzt Ihren Laptop rundum. Es gibt auch ein Fach f\u00fcr Ihr B\u00fcrozubeh\u00f6r wie Notizblock, iPad, Bluetooth Tastatur, kabellose maus usw. Erf\u00fcllen Sie Ihre Arbeit, Reisen, Schule, Wandern und andere Bed\u00fcrfnisse<br \/>\n\u3010USB Ladeanschluss\u3011: Dieser reisen rucksack mit USB Ladeanschluss und Internem Ladekabel bietet Ihnen eine bequemere M\u00f6glichkeit, Ihr Telefon beim Gehen aufzuladen. Bitte beachten Sie, dass der USB Ladeanschluss nur eine einfache M\u00f6glichkeit zum Aufladen bietet, da sich dieser Rucksack ohne Powerbank nicht selbst mit Strom versorgen kann<br \/>\n\u3010Mehrere F\u00e4chers &amp; Taschens\u3011: Das gro\u00dfe Hauptfach des laptop rucksack 15.6 zoll bietet Platz f\u00fcr 4 XL Kleidungsst\u00fccke und Ihre Toilettenartikel. Das Ablagefach mit Stifttasche und Schl\u00fcsselhaken macht all Ihre kleinigkeiten sehr einfach zug\u00e4nglich. Es gibt auch zwei Netztaschen f\u00fcr Regenschirme und Wasserflaschen und eine diebstahlsichere Tasche auf der R\u00fcckseite, um Ihr Telefon oder Ihre Brieftasche zu sichern<\/p>\n","protected":false},"featured_media":205201,"comment_status":"open","ping_status":"closed","template":"","meta":[],"product_brand":[],"product_cat":[863],"product_tag":[],"class_list":{"0":"post-205200","1":"product","2":"type-product","3":"status-publish","4":"has-post-thumbnail","6":"product_cat-computer-zubehoer","7":"pa_brand-matein","8":"pa_color-schwarz","9":"pa_manufacturer-yotwo-eu","10":"pa_model-133100blk","11":"pa_size-156-zoll-39-6-cm","13":"first","14":"instock","15":"shipping-taxable","16":"purchasable","17":"product-type-simple","18":"customify-col","19":"product-has-gallery"},"yoast_head":"<!-- This site is optimized with the Yoast SEO plugin v27.4 - https:\/\/yoast.com\/product\/yoast-seo-wordpress\/ -->\n<title>MATEIN Laptop Rucksack Herren, 15.6 Zoll Wasserdicht Arbeit Tasche Reisen Business Rucks\u00e4cke Schulrucksack mit USB Ladeanschluss Backpack, Anti Diebstahl College Teenager Jungen Daypack, Schwarz - Markt-XXL<\/title>\n<meta name=\"description\" content=\"Markt-XXL MATEIN Laptop Rucksack Herren, 15.6 Zoll Wasserdicht Arbeit Tasche Reisen Business Rucks\u00e4cke Schulrucksack mit USB Ladeanschluss Backpack, Anti Diebstahl College Teenager Jungen Daypack, Schwarz\" \/>\n<meta name=\"robots\" content=\"index, follow, max-snippet:-1, max-image-preview:large, max-video-preview:-1\" \/>\n<link rel=\"canonical\" href=\"https:\/\/marktxxl.de\/markt\/produkt\/matein-laptop-rucksack-herren-15-6-zoll-wasserdicht-arbeit-tasche-reisen-business-rucksaecke-schulrucksack-mit-usb-ladeanschluss-backpack-anti-diebstahl-college-teenager-jungen-daypack-schwarz\/\" \/>\n<meta property=\"og:locale\" content=\"de_DE\" \/>\n<meta property=\"og:type\" content=\"article\" \/>\n<meta property=\"og:title\" content=\"MATEIN Laptop Rucksack Herren, 15.6 Zoll Wasserdicht Arbeit Tasche Reisen Business Rucks\u00e4cke Schulrucksack mit USB Ladeanschluss Backpack, Anti Diebstahl College Teenager Jungen Daypack, Schwarz - Markt-XXL\" \/>\n<meta property=\"og:description\" content=\"Markt-XXL MATEIN Laptop Rucksack Herren, 15.6 Zoll Wasserdicht Arbeit Tasche Reisen Business Rucks\u00e4cke Schulrucksack mit USB Ladeanschluss Backpack, Anti Diebstahl College Teenager Jungen Daypack, Schwarz\" \/>\n<meta property=\"og:url\" content=\"https:\/\/marktxxl.de\/markt\/produkt\/matein-laptop-rucksack-herren-15-6-zoll-wasserdicht-arbeit-tasche-reisen-business-rucksaecke-schulrucksack-mit-usb-ladeanschluss-backpack-anti-diebstahl-college-teenager-jungen-daypack-schwarz\/\" \/>\n<meta property=\"og:site_name\" content=\"Markt-XXL\" \/>\n<meta name=\"twitter:card\" content=\"summary_large_image\" \/>\n<meta name=\"twitter:label1\" content=\"Gesch\u00e4tzte Lesezeit\" \/>\n\t<meta name=\"twitter:data1\" content=\"2\u00a0Minuten\" \/>\n<script type=\"application\/ld+json\" class=\"yoast-schema-graph\">{\"@context\":\"https:\\\/\\\/schema.org\",\"@graph\":[{\"@type\":\"WebPage\",\"@id\":\"https:\\\/\\\/marktxxl.de\\\/markt\\\/produkt\\\/matein-laptop-rucksack-herren-15-6-zoll-wasserdicht-arbeit-tasche-reisen-business-rucksaecke-schulrucksack-mit-usb-ladeanschluss-backpack-anti-diebstahl-college-teenager-jungen-daypack-schwarz\\\/\",\"url\":\"https:\\\/\\\/marktxxl.de\\\/markt\\\/produkt\\\/matein-laptop-rucksack-herren-15-6-zoll-wasserdicht-arbeit-tasche-reisen-business-rucksaecke-schulrucksack-mit-usb-ladeanschluss-backpack-anti-diebstahl-college-teenager-jungen-daypack-schwarz\\\/\",\"name\":\"MATEIN Laptop Rucksack Herren, 15.6 Zoll Wasserdicht Arbeit Tasche Reisen Business Rucks\u00e4cke Schulrucksack mit USB Ladeanschluss Backpack, Anti Diebstahl College Teenager Jungen Daypack, Schwarz - Markt-XXL\",\"isPartOf\":{\"@id\":\"https:\\\/\\\/marktxxl.de\\\/markt\\\/#website\"},\"primaryImageOfPage\":{\"@id\":\"https:\\\/\\\/marktxxl.de\\\/markt\\\/produkt\\\/matein-laptop-rucksack-herren-15-6-zoll-wasserdicht-arbeit-tasche-reisen-business-rucksaecke-schulrucksack-mit-usb-ladeanschluss-backpack-anti-diebstahl-college-teenager-jungen-daypack-schwarz\\\/#primaryimage\"},\"image\":{\"@id\":\"https:\\\/\\\/marktxxl.de\\\/markt\\\/produkt\\\/matein-laptop-rucksack-herren-15-6-zoll-wasserdicht-arbeit-tasche-reisen-business-rucksaecke-schulrucksack-mit-usb-ladeanschluss-backpack-anti-diebstahl-college-teenager-jungen-daypack-schwarz\\\/#primaryimage\"},\"thumbnailUrl\":\"https:\\\/\\\/m.media-amazon.com\\\/images\\\/I\\\/414XBrkHtEL._SL500_.jpg\",\"datePublished\":\"2023-05-10T09:34:48+00:00\",\"description\":\"Markt-XXL MATEIN Laptop Rucksack Herren, 15.6 Zoll Wasserdicht Arbeit Tasche Reisen Business Rucks\u00e4cke Schulrucksack mit USB Ladeanschluss Backpack, Anti Diebstahl College Teenager Jungen Daypack, Schwarz\",\"breadcrumb\":{\"@id\":\"https:\\\/\\\/marktxxl.de\\\/markt\\\/produkt\\\/matein-laptop-rucksack-herren-15-6-zoll-wasserdicht-arbeit-tasche-reisen-business-rucksaecke-schulrucksack-mit-usb-ladeanschluss-backpack-anti-diebstahl-college-teenager-jungen-daypack-schwarz\\\/#breadcrumb\"},\"inLanguage\":\"de\",\"potentialAction\":[{\"@type\":\"ReadAction\",\"target\":[\"https:\\\/\\\/marktxxl.de\\\/markt\\\/produkt\\\/matein-laptop-rucksack-herren-15-6-zoll-wasserdicht-arbeit-tasche-reisen-business-rucksaecke-schulrucksack-mit-usb-ladeanschluss-backpack-anti-diebstahl-college-teenager-jungen-daypack-schwarz\\\/\"]}]},{\"@type\":\"ImageObject\",\"inLanguage\":\"de\",\"@id\":\"https:\\\/\\\/marktxxl.de\\\/markt\\\/produkt\\\/matein-laptop-rucksack-herren-15-6-zoll-wasserdicht-arbeit-tasche-reisen-business-rucksaecke-schulrucksack-mit-usb-ladeanschluss-backpack-anti-diebstahl-college-teenager-jungen-daypack-schwarz\\\/#primaryimage\",\"url\":\"https:\\\/\\\/m.media-amazon.com\\\/images\\\/I\\\/414XBrkHtEL._SL500_.jpg\",\"contentUrl\":\"https:\\\/\\\/m.media-amazon.com\\\/images\\\/I\\\/414XBrkHtEL._SL500_.jpg\",\"width\":500,\"height\":500},{\"@type\":\"BreadcrumbList\",\"@id\":\"https:\\\/\\\/marktxxl.de\\\/markt\\\/produkt\\\/matein-laptop-rucksack-herren-15-6-zoll-wasserdicht-arbeit-tasche-reisen-business-rucksaecke-schulrucksack-mit-usb-ladeanschluss-backpack-anti-diebstahl-college-teenager-jungen-daypack-schwarz\\\/#breadcrumb\",\"itemListElement\":[{\"@type\":\"ListItem\",\"position\":1,\"name\":\"Startseite\",\"item\":\"https:\\\/\\\/marktxxl.de\\\/markt\\\/\"},{\"@type\":\"ListItem\",\"position\":2,\"name\":\"Markt\",\"item\":\"https:\\\/\\\/marktxxl.de\\\/markt\\\/\"},{\"@type\":\"ListItem\",\"position\":3,\"name\":\"MATEIN Laptop Rucksack Herren, 15.6 Zoll Wasserdicht Arbeit Tasche Reisen Business Rucks\u00e4cke Schulrucksack mit USB Ladeanschluss Backpack, Anti Diebstahl College Teenager Jungen Daypack, Schwarz\"}]},{\"@type\":\"WebSite\",\"@id\":\"https:\\\/\\\/marktxxl.de\\\/markt\\\/#website\",\"url\":\"https:\\\/\\\/marktxxl.de\\\/markt\\\/\",\"name\":\"Markt-XXL\",\"description\":\"Ihr Markt Online\",\"publisher\":{\"@id\":\"https:\\\/\\\/marktxxl.de\\\/markt\\\/#organization\"},\"potentialAction\":[{\"@type\":\"SearchAction\",\"target\":{\"@type\":\"EntryPoint\",\"urlTemplate\":\"https:\\\/\\\/marktxxl.de\\\/markt\\\/?s={search_term_string}\"},\"query-input\":{\"@type\":\"PropertyValueSpecification\",\"valueRequired\":true,\"valueName\":\"search_term_string\"}}],\"inLanguage\":\"de\"},{\"@type\":\"Organization\",\"@id\":\"https:\\\/\\\/marktxxl.de\\\/markt\\\/#organization\",\"name\":\"Markt-XXL\",\"url\":\"https:\\\/\\\/marktxxl.de\\\/markt\\\/\",\"logo\":{\"@type\":\"ImageObject\",\"inLanguage\":\"de\",\"@id\":\"https:\\\/\\\/marktxxl.de\\\/markt\\\/#\\\/schema\\\/logo\\\/image\\\/\",\"url\":\"https:\\\/\\\/marktxxl.de\\\/markt\\\/wp-content\\\/uploads\\\/sites\\\/3\\\/2020\\\/12\\\/logo.png\",\"contentUrl\":\"https:\\\/\\\/marktxxl.de\\\/markt\\\/wp-content\\\/uploads\\\/sites\\\/3\\\/2020\\\/12\\\/logo.png\",\"width\":200,\"height\":70,\"caption\":\"Markt-XXL\"},\"image\":{\"@id\":\"https:\\\/\\\/marktxxl.de\\\/markt\\\/#\\\/schema\\\/logo\\\/image\\\/\"}}]}<\/script>\n<!-- \/ Yoast SEO plugin. -->","yoast_head_json":{"title":"MATEIN Laptop Rucksack Herren, 15.6 Zoll Wasserdicht Arbeit Tasche Reisen Business Rucks\u00e4cke Schulrucksack mit USB Ladeanschluss Backpack, Anti Diebstahl College Teenager Jungen Daypack, Schwarz - Markt-XXL","description":"Markt-XXL MATEIN Laptop Rucksack Herren, 15.6 Zoll Wasserdicht Arbeit Tasche Reisen Business Rucks\u00e4cke Schulrucksack mit USB Ladeanschluss Backpack, Anti Diebstahl College Teenager Jungen Daypack, Schwarz","robots":{"index":"index","follow":"follow","max-snippet":"max-snippet:-1","max-image-preview":"max-image-preview:large","max-video-preview":"max-video-preview:-1"},"canonical":"https:\/\/marktxxl.de\/markt\/produkt\/matein-laptop-rucksack-herren-15-6-zoll-wasserdicht-arbeit-tasche-reisen-business-rucksaecke-schulrucksack-mit-usb-ladeanschluss-backpack-anti-diebstahl-college-teenager-jungen-daypack-schwarz\/","og_locale":"de_DE","og_type":"article","og_title":"MATEIN Laptop Rucksack Herren, 15.6 Zoll Wasserdicht Arbeit Tasche Reisen Business Rucks\u00e4cke Schulrucksack mit USB Ladeanschluss Backpack, Anti Diebstahl College Teenager Jungen Daypack, Schwarz - Markt-XXL","og_description":"Markt-XXL MATEIN Laptop Rucksack Herren, 15.6 Zoll Wasserdicht Arbeit Tasche Reisen Business Rucks\u00e4cke Schulrucksack mit USB Ladeanschluss Backpack, Anti Diebstahl College Teenager Jungen Daypack, Schwarz","og_url":"https:\/\/marktxxl.de\/markt\/produkt\/matein-laptop-rucksack-herren-15-6-zoll-wasserdicht-arbeit-tasche-reisen-business-rucksaecke-schulrucksack-mit-usb-ladeanschluss-backpack-anti-diebstahl-college-teenager-jungen-daypack-schwarz\/","og_site_name":"Markt-XXL","twitter_card":"summary_large_image","twitter_misc":{"Gesch\u00e4tzte Lesezeit":"2\u00a0Minuten"},"schema":{"@context":"https:\/\/schema.org","@graph":[{"@type":"WebPage","@id":"https:\/\/marktxxl.de\/markt\/produkt\/matein-laptop-rucksack-herren-15-6-zoll-wasserdicht-arbeit-tasche-reisen-business-rucksaecke-schulrucksack-mit-usb-ladeanschluss-backpack-anti-diebstahl-college-teenager-jungen-daypack-schwarz\/","url":"https:\/\/marktxxl.de\/markt\/produkt\/matein-laptop-rucksack-herren-15-6-zoll-wasserdicht-arbeit-tasche-reisen-business-rucksaecke-schulrucksack-mit-usb-ladeanschluss-backpack-anti-diebstahl-college-teenager-jungen-daypack-schwarz\/","name":"MATEIN Laptop Rucksack Herren, 15.6 Zoll Wasserdicht Arbeit Tasche Reisen Business Rucks\u00e4cke Schulrucksack mit USB Ladeanschluss Backpack, Anti Diebstahl College Teenager Jungen Daypack, Schwarz - Markt-XXL","isPartOf":{"@id":"https:\/\/marktxxl.de\/markt\/#website"},"primaryImageOfPage":{"@id":"https:\/\/marktxxl.de\/markt\/produkt\/matein-laptop-rucksack-herren-15-6-zoll-wasserdicht-arbeit-tasche-reisen-business-rucksaecke-schulrucksack-mit-usb-ladeanschluss-backpack-anti-diebstahl-college-teenager-jungen-daypack-schwarz\/#primaryimage"},"image":{"@id":"https:\/\/marktxxl.de\/markt\/produkt\/matein-laptop-rucksack-herren-15-6-zoll-wasserdicht-arbeit-tasche-reisen-business-rucksaecke-schulrucksack-mit-usb-ladeanschluss-backpack-anti-diebstahl-college-teenager-jungen-daypack-schwarz\/#primaryimage"},"thumbnailUrl":"https:\/\/m.media-amazon.com\/images\/I\/414XBrkHtEL._SL500_.jpg","datePublished":"2023-05-10T09:34:48+00:00","description":"Markt-XXL MATEIN Laptop Rucksack Herren, 15.6 Zoll Wasserdicht Arbeit Tasche Reisen Business Rucks\u00e4cke Schulrucksack mit USB Ladeanschluss Backpack, Anti Diebstahl College Teenager Jungen Daypack, Schwarz","breadcrumb":{"@id":"https:\/\/marktxxl.de\/markt\/produkt\/matein-laptop-rucksack-herren-15-6-zoll-wasserdicht-arbeit-tasche-reisen-business-rucksaecke-schulrucksack-mit-usb-ladeanschluss-backpack-anti-diebstahl-college-teenager-jungen-daypack-schwarz\/#breadcrumb"},"inLanguage":"de","potentialAction":[{"@type":"ReadAction","target":["https:\/\/marktxxl.de\/markt\/produkt\/matein-laptop-rucksack-herren-15-6-zoll-wasserdicht-arbeit-tasche-reisen-business-rucksaecke-schulrucksack-mit-usb-ladeanschluss-backpack-anti-diebstahl-college-teenager-jungen-daypack-schwarz\/"]}]},{"@type":"ImageObject","inLanguage":"de","@id":"https:\/\/marktxxl.de\/markt\/produkt\/matein-laptop-rucksack-herren-15-6-zoll-wasserdicht-arbeit-tasche-reisen-business-rucksaecke-schulrucksack-mit-usb-ladeanschluss-backpack-anti-diebstahl-college-teenager-jungen-daypack-schwarz\/#primaryimage","url":"https:\/\/m.media-amazon.com\/images\/I\/414XBrkHtEL._SL500_.jpg","contentUrl":"https:\/\/m.media-amazon.com\/images\/I\/414XBrkHtEL._SL500_.jpg","width":500,"height":500},{"@type":"BreadcrumbList","@id":"https:\/\/marktxxl.de\/markt\/produkt\/matein-laptop-rucksack-herren-15-6-zoll-wasserdicht-arbeit-tasche-reisen-business-rucksaecke-schulrucksack-mit-usb-ladeanschluss-backpack-anti-diebstahl-college-teenager-jungen-daypack-schwarz\/#breadcrumb","itemListElement":[{"@type":"ListItem","position":1,"name":"Startseite","item":"https:\/\/marktxxl.de\/markt\/"},{"@type":"ListItem","position":2,"name":"Markt","item":"https:\/\/marktxxl.de\/markt\/"},{"@type":"ListItem","position":3,"name":"MATEIN Laptop Rucksack Herren, 15.6 Zoll Wasserdicht Arbeit Tasche Reisen Business Rucks\u00e4cke Schulrucksack mit USB Ladeanschluss Backpack, Anti Diebstahl College Teenager Jungen Daypack, Schwarz"}]},{"@type":"WebSite","@id":"https:\/\/marktxxl.de\/markt\/#website","url":"https:\/\/marktxxl.de\/markt\/","name":"Markt-XXL","description":"Ihr Markt Online","publisher":{"@id":"https:\/\/marktxxl.de\/markt\/#organization"},"potentialAction":[{"@type":"SearchAction","target":{"@type":"EntryPoint","urlTemplate":"https:\/\/marktxxl.de\/markt\/?s={search_term_string}"},"query-input":{"@type":"PropertyValueSpecification","valueRequired":true,"valueName":"search_term_string"}}],"inLanguage":"de"},{"@type":"Organization","@id":"https:\/\/marktxxl.de\/markt\/#organization","name":"Markt-XXL","url":"https:\/\/marktxxl.de\/markt\/","logo":{"@type":"ImageObject","inLanguage":"de","@id":"https:\/\/marktxxl.de\/markt\/#\/schema\/logo\/image\/","url":"https:\/\/marktxxl.de\/markt\/wp-content\/uploads\/sites\/3\/2020\/12\/logo.png","contentUrl":"https:\/\/marktxxl.de\/markt\/wp-content\/uploads\/sites\/3\/2020\/12\/logo.png","width":200,"height":70,"caption":"Markt-XXL"},"image":{"@id":"https:\/\/marktxxl.de\/markt\/#\/schema\/logo\/image\/"}}]}},"_links":{"self":[{"href":"https:\/\/marktxxl.de\/markt\/wp-json\/wp\/v2\/product\/205200","targetHints":{"allow":["GET"]}}],"collection":[{"href":"https:\/\/marktxxl.de\/markt\/wp-json\/wp\/v2\/product"}],"about":[{"href":"https:\/\/marktxxl.de\/markt\/wp-json\/wp\/v2\/types\/product"}],"replies":[{"embeddable":true,"href":"https:\/\/marktxxl.de\/markt\/wp-json\/wp\/v2\/comments?post=205200"}],"wp:featuredmedia":[{"embeddable":true,"href":"https:\/\/marktxxl.de\/markt\/wp-json\/wp\/v2\/media\/205201"}],"wp:attachment":[{"href":"https:\/\/marktxxl.de\/markt\/wp-json\/wp\/v2\/media?parent=205200"}],"wp:term":[{"taxonomy":"product_brand","embeddable":true,"href":"https:\/\/marktxxl.de\/markt\/wp-json\/wp\/v2\/product_brand?post=205200"},{"taxonomy":"product_cat","embeddable":true,"href":"https:\/\/marktxxl.de\/markt\/wp-json\/wp\/v2\/product_cat?post=205200"},{"taxonomy":"product_tag","embeddable":true,"href":"https:\/\/marktxxl.de\/markt\/wp-json\/wp\/v2\/product_tag?post=205200"}],"curies":[{"name":"wp","href":"https:\/\/api.w.org\/{rel}","templated":true}]}}