{"id":205192,"date":"2023-05-10T11:34:39","date_gmt":"2023-05-10T09:34:39","guid":{"rendered":"https:\/\/marktxxl.de\/markt\/produkt\/lannvan-kabelbox-3er-set-kabelbox-weiss-aus-abs-kunststoff-mit-bambusdeckel-kabelbox-schreibtisch-inkl-zubehoer-zum-kabel-verstecken-kabelmanagement-organizer-box-gross-medium-klein\/"},"modified":"2023-05-10T11:34:39","modified_gmt":"2023-05-10T09:34:39","slug":"lannvan-kabelbox-3er-set-kabelbox-weiss-aus-abs-kunststoff-mit-bambusdeckel-kabelbox-schreibtisch-inkl-zubehoer-zum-kabel-verstecken-kabelmanagement-organizer-box-gross-medium-klein","status":"publish","type":"product","link":"https:\/\/marktxxl.de\/markt\/produkt\/lannvan-kabelbox-3er-set-kabelbox-weiss-aus-abs-kunststoff-mit-bambusdeckel-kabelbox-schreibtisch-inkl-zubehoer-zum-kabel-verstecken-kabelmanagement-organizer-box-gross-medium-klein\/","title":{"rendered":"Lannvan Kabelbox &#8211; 3er Set Kabelbox Wei\u00df aus ABS-Kunststoff mit Bambusdeckel &#8211; Kabelbox Schreibtisch Inkl. Zubeh\u00f6r zum Kabel Verstecken &#8211; Kabelmanagement Organizer Box Gro\u00df &amp; Medium &amp; Klein"},"content":{"rendered":"<p>\u2705Verabschieden Sie sich von der Unordnung: Verbessern Sie das Erscheinungsbild Ihres privaten oder beruflichen Raums, indem Sie alle Kabel und Steckdosen (einschlie\u00dflich Ladeger\u00e4te, Mehrfachsteckdosen, Kabel, Netzteile usw.) an einem praktischen und sicheren Ort aufbewahren und alle Zubeh\u00f6rkabel stets sauber und staubfrei halten.<br \/>\n\u2705Sorgf\u00e4ltiges Design: Die Kabelbox hat 2 \u00d6ffnungen f\u00fcr den Kabeleingang und den Kabelausgang f\u00fcr eine effiziente W\u00e4rmeableitung. Die Box ist aus ABS-Isolierung hergestellt, um Sicherheit und Effizienz zu gew\u00e4hrleisten. Der Holzdeckel ist abnehmbar und verhindert nicht nur das Eindringen von Staub, sondern erm\u00f6glicht es Ihnen auch, Ihr Mobiltelefon usw. zu platzieren. (Der dichte Holzdeckel muss eventuell durch Dr\u00fccken auf die \u00d6ffnungen auf beiden Seiten ge\u00f6ffnet werden).<br \/>\n\u2705Mehr Platz: Um sicherzustellen, dass Sie m\u00f6glichst viel Platz f\u00fcr die effiziente Aufbewahrung von Kabeln haben, erhalten Sie eine kleine, eine mittlere und eine gro\u00dfe Kabelbox, die bis zu 8 Steckdosenleisten aufnehmen kann. Drei Gr\u00f6\u00dfen f\u00fcr unterschiedliche Bed\u00fcrfnisse.<br \/>\n\u2705Kinder- und haustierfreundlich: Sie k\u00f6nnen Kindern und Haustieren mehr Sicherheit bieten, fernab von potenziell gef\u00e4hrlichen Steckdosen oder Kabeln.Diese Kabelbox ist ein cleveres Geschenk f\u00fcr Familie und Freunde.<br \/>\n\u2705Das ideale Komplettset &#8211; unser Kabelmanagement-Organisationsset enth\u00e4lt alles, was Sie brauchen. Zus\u00e4tzlich zu den drei Kabelboxen (gro\u00df, mittel und klein) erhalten Sie auch 6 wiederverwendbare Klettkabelbinder, 6 Kabelhalter und 1 Meter Kabelkanal.<br \/>\n<div class=\"main-cross-sell\" data-asin=\"B0BVBGFKCD\">\n\n\t<div class=\"WooZone-cross-sell-loader\">\n\t\t<div>\n\t\t\t<div id=\"floatingBarsG\">\n\t\t\t\t<div class=\"blockG\" id=\"rotateG_01\"><\/div>\n\t\t\t\t<div class=\"blockG\" id=\"rotateG_02\"><\/div>\n\t\t\t\t<div class=\"blockG\" id=\"rotateG_03\"><\/div>\n\t\t\t\t<div class=\"blockG\" id=\"rotateG_04\"><\/div>\n\t\t\t\t<div class=\"blockG\" id=\"rotateG_05\"><\/div>\n\t\t\t\t<div class=\"blockG\" id=\"rotateG_06\"><\/div>\n\t\t\t\t<div class=\"blockG\" id=\"rotateG_07\"><\/div>\n\t\t\t\t<div class=\"blockG\" id=\"rotateG_08\"><\/div>\n\t\t\t<\/div>\n\t\t\t<div class=\"WooZone-cross-sell-loader-text\"><\/div>\n\t\t<\/div>\n\t<\/div>\n\n\t\t\n<\/div>\n<div style=\"clear:both;\"><\/div><\/p>\n","protected":false},"excerpt":{"rendered":"<p>\u2705Verabschieden Sie sich von der Unordnung: Verbessern Sie das Erscheinungsbild Ihres privaten oder beruflichen Raums, indem Sie alle Kabel und Steckdosen (einschlie\u00dflich Ladeger\u00e4te, Mehrfachsteckdosen, Kabel, Netzteile usw.) an einem praktischen und sicheren Ort aufbewahren und alle Zubeh\u00f6rkabel stets sauber und staubfrei halten.<br \/>\n\u2705Sorgf\u00e4ltiges Design: Die Kabelbox hat 2 \u00d6ffnungen f\u00fcr den Kabeleingang und den Kabelausgang f\u00fcr eine effiziente W\u00e4rmeableitung. Die Box ist aus ABS-Isolierung hergestellt, um Sicherheit und Effizienz zu gew\u00e4hrleisten. Der Holzdeckel ist abnehmbar und verhindert nicht nur das Eindringen von Staub, sondern erm\u00f6glicht es Ihnen auch, Ihr Mobiltelefon usw. zu platzieren. (Der dichte Holzdeckel muss eventuell durch Dr\u00fccken auf die \u00d6ffnungen auf beiden Seiten ge\u00f6ffnet werden).<br \/>\n\u2705Mehr Platz: Um sicherzustellen, dass Sie m\u00f6glichst viel Platz f\u00fcr die effiziente Aufbewahrung von Kabeln haben, erhalten Sie eine kleine, eine mittlere und eine gro\u00dfe Kabelbox, die bis zu 8 Steckdosenleisten aufnehmen kann. Drei Gr\u00f6\u00dfen f\u00fcr unterschiedliche Bed\u00fcrfnisse.<\/p>\n","protected":false},"featured_media":205193,"comment_status":"open","ping_status":"closed","template":"","meta":[],"product_brand":[],"product_cat":[863],"product_tag":[],"class_list":{"0":"post-205192","1":"product","2":"type-product","3":"status-publish","4":"has-post-thumbnail","6":"product_cat-computer-zubehoer","7":"pa_brand-lannvan","8":"pa_manufacturer-lannvan","9":"pa_warranty-30-day-warranty-against-manufacturer-defects","11":"first","12":"instock","13":"shipping-taxable","14":"purchasable","15":"product-type-simple","16":"customify-col","17":"product-has-gallery"},"yoast_head":"<!-- This site is optimized with the Yoast SEO plugin v27.4 - https:\/\/yoast.com\/product\/yoast-seo-wordpress\/ -->\n<title>Lannvan Kabelbox - 3er Set Kabelbox Wei\u00df aus ABS-Kunststoff mit Bambusdeckel - Kabelbox Schreibtisch Inkl. Zubeh\u00f6r zum Kabel Verstecken - Kabelmanagement Organizer Box Gro\u00df &amp; Medium &amp; Klein - Markt-XXL<\/title>\n<meta name=\"description\" content=\"Markt-XXL Lannvan Kabelbox - 3er Set Kabelbox Wei\u00df aus ABS-Kunststoff mit Bambusdeckel - Kabelbox Schreibtisch Inkl. Zubeh\u00f6r zum Kabel Verstecken - Kabelmanagement Organizer Box Gro\u00df &amp; Medium &amp; Klein\" \/>\n<meta name=\"robots\" content=\"index, follow, max-snippet:-1, max-image-preview:large, max-video-preview:-1\" \/>\n<link rel=\"canonical\" href=\"https:\/\/marktxxl.de\/markt\/produkt\/lannvan-kabelbox-3er-set-kabelbox-weiss-aus-abs-kunststoff-mit-bambusdeckel-kabelbox-schreibtisch-inkl-zubehoer-zum-kabel-verstecken-kabelmanagement-organizer-box-gross-medium-klein\/\" \/>\n<meta property=\"og:locale\" content=\"de_DE\" \/>\n<meta property=\"og:type\" content=\"article\" \/>\n<meta property=\"og:title\" content=\"Lannvan Kabelbox - 3er Set Kabelbox Wei\u00df aus ABS-Kunststoff mit Bambusdeckel - Kabelbox Schreibtisch Inkl. Zubeh\u00f6r zum Kabel Verstecken - Kabelmanagement Organizer Box Gro\u00df &amp; Medium &amp; Klein - Markt-XXL\" \/>\n<meta property=\"og:description\" content=\"Markt-XXL Lannvan Kabelbox - 3er Set Kabelbox Wei\u00df aus ABS-Kunststoff mit Bambusdeckel - Kabelbox Schreibtisch Inkl. Zubeh\u00f6r zum Kabel Verstecken - Kabelmanagement Organizer Box Gro\u00df &amp; Medium &amp; Klein\" \/>\n<meta property=\"og:url\" content=\"https:\/\/marktxxl.de\/markt\/produkt\/lannvan-kabelbox-3er-set-kabelbox-weiss-aus-abs-kunststoff-mit-bambusdeckel-kabelbox-schreibtisch-inkl-zubehoer-zum-kabel-verstecken-kabelmanagement-organizer-box-gross-medium-klein\/\" \/>\n<meta property=\"og:site_name\" content=\"Markt-XXL\" \/>\n<meta name=\"twitter:card\" content=\"summary_large_image\" \/>\n<meta name=\"twitter:label1\" content=\"Gesch\u00e4tzte Lesezeit\" \/>\n\t<meta name=\"twitter:data1\" content=\"1\u00a0Minute\" \/>\n<script type=\"application\/ld+json\" class=\"yoast-schema-graph\">{\"@context\":\"https:\\\/\\\/schema.org\",\"@graph\":[{\"@type\":\"WebPage\",\"@id\":\"https:\\\/\\\/marktxxl.de\\\/markt\\\/produkt\\\/lannvan-kabelbox-3er-set-kabelbox-weiss-aus-abs-kunststoff-mit-bambusdeckel-kabelbox-schreibtisch-inkl-zubehoer-zum-kabel-verstecken-kabelmanagement-organizer-box-gross-medium-klein\\\/\",\"url\":\"https:\\\/\\\/marktxxl.de\\\/markt\\\/produkt\\\/lannvan-kabelbox-3er-set-kabelbox-weiss-aus-abs-kunststoff-mit-bambusdeckel-kabelbox-schreibtisch-inkl-zubehoer-zum-kabel-verstecken-kabelmanagement-organizer-box-gross-medium-klein\\\/\",\"name\":\"Lannvan Kabelbox - 3er Set Kabelbox Wei\u00df aus ABS-Kunststoff mit Bambusdeckel - Kabelbox Schreibtisch Inkl. Zubeh\u00f6r zum Kabel Verstecken - Kabelmanagement Organizer Box Gro\u00df &amp; Medium &amp; Klein - Markt-XXL\",\"isPartOf\":{\"@id\":\"https:\\\/\\\/marktxxl.de\\\/markt\\\/#website\"},\"primaryImageOfPage\":{\"@id\":\"https:\\\/\\\/marktxxl.de\\\/markt\\\/produkt\\\/lannvan-kabelbox-3er-set-kabelbox-weiss-aus-abs-kunststoff-mit-bambusdeckel-kabelbox-schreibtisch-inkl-zubehoer-zum-kabel-verstecken-kabelmanagement-organizer-box-gross-medium-klein\\\/#primaryimage\"},\"image\":{\"@id\":\"https:\\\/\\\/marktxxl.de\\\/markt\\\/produkt\\\/lannvan-kabelbox-3er-set-kabelbox-weiss-aus-abs-kunststoff-mit-bambusdeckel-kabelbox-schreibtisch-inkl-zubehoer-zum-kabel-verstecken-kabelmanagement-organizer-box-gross-medium-klein\\\/#primaryimage\"},\"thumbnailUrl\":\"https:\\\/\\\/m.media-amazon.com\\\/images\\\/I\\\/41aXySrNzPL._SL500_.jpg\",\"datePublished\":\"2023-05-10T09:34:39+00:00\",\"description\":\"Markt-XXL Lannvan Kabelbox - 3er Set Kabelbox Wei\u00df aus ABS-Kunststoff mit Bambusdeckel - Kabelbox Schreibtisch Inkl. Zubeh\u00f6r zum Kabel Verstecken - Kabelmanagement Organizer Box Gro\u00df &amp; Medium &amp; Klein\",\"breadcrumb\":{\"@id\":\"https:\\\/\\\/marktxxl.de\\\/markt\\\/produkt\\\/lannvan-kabelbox-3er-set-kabelbox-weiss-aus-abs-kunststoff-mit-bambusdeckel-kabelbox-schreibtisch-inkl-zubehoer-zum-kabel-verstecken-kabelmanagement-organizer-box-gross-medium-klein\\\/#breadcrumb\"},\"inLanguage\":\"de\",\"potentialAction\":[{\"@type\":\"ReadAction\",\"target\":[\"https:\\\/\\\/marktxxl.de\\\/markt\\\/produkt\\\/lannvan-kabelbox-3er-set-kabelbox-weiss-aus-abs-kunststoff-mit-bambusdeckel-kabelbox-schreibtisch-inkl-zubehoer-zum-kabel-verstecken-kabelmanagement-organizer-box-gross-medium-klein\\\/\"]}]},{\"@type\":\"ImageObject\",\"inLanguage\":\"de\",\"@id\":\"https:\\\/\\\/marktxxl.de\\\/markt\\\/produkt\\\/lannvan-kabelbox-3er-set-kabelbox-weiss-aus-abs-kunststoff-mit-bambusdeckel-kabelbox-schreibtisch-inkl-zubehoer-zum-kabel-verstecken-kabelmanagement-organizer-box-gross-medium-klein\\\/#primaryimage\",\"url\":\"https:\\\/\\\/m.media-amazon.com\\\/images\\\/I\\\/41aXySrNzPL._SL500_.jpg\",\"contentUrl\":\"https:\\\/\\\/m.media-amazon.com\\\/images\\\/I\\\/41aXySrNzPL._SL500_.jpg\",\"width\":500,\"height\":500},{\"@type\":\"BreadcrumbList\",\"@id\":\"https:\\\/\\\/marktxxl.de\\\/markt\\\/produkt\\\/lannvan-kabelbox-3er-set-kabelbox-weiss-aus-abs-kunststoff-mit-bambusdeckel-kabelbox-schreibtisch-inkl-zubehoer-zum-kabel-verstecken-kabelmanagement-organizer-box-gross-medium-klein\\\/#breadcrumb\",\"itemListElement\":[{\"@type\":\"ListItem\",\"position\":1,\"name\":\"Startseite\",\"item\":\"https:\\\/\\\/marktxxl.de\\\/markt\\\/\"},{\"@type\":\"ListItem\",\"position\":2,\"name\":\"Markt\",\"item\":\"https:\\\/\\\/marktxxl.de\\\/markt\\\/\"},{\"@type\":\"ListItem\",\"position\":3,\"name\":\"Lannvan Kabelbox &#8211; 3er Set Kabelbox Wei\u00df aus ABS-Kunststoff mit Bambusdeckel &#8211; Kabelbox Schreibtisch Inkl. Zubeh\u00f6r zum Kabel Verstecken &#8211; Kabelmanagement Organizer Box Gro\u00df &amp; Medium &amp; Klein\"}]},{\"@type\":\"WebSite\",\"@id\":\"https:\\\/\\\/marktxxl.de\\\/markt\\\/#website\",\"url\":\"https:\\\/\\\/marktxxl.de\\\/markt\\\/\",\"name\":\"Markt-XXL\",\"description\":\"Ihr Markt Online\",\"publisher\":{\"@id\":\"https:\\\/\\\/marktxxl.de\\\/markt\\\/#organization\"},\"potentialAction\":[{\"@type\":\"SearchAction\",\"target\":{\"@type\":\"EntryPoint\",\"urlTemplate\":\"https:\\\/\\\/marktxxl.de\\\/markt\\\/?s={search_term_string}\"},\"query-input\":{\"@type\":\"PropertyValueSpecification\",\"valueRequired\":true,\"valueName\":\"search_term_string\"}}],\"inLanguage\":\"de\"},{\"@type\":\"Organization\",\"@id\":\"https:\\\/\\\/marktxxl.de\\\/markt\\\/#organization\",\"name\":\"Markt-XXL\",\"url\":\"https:\\\/\\\/marktxxl.de\\\/markt\\\/\",\"logo\":{\"@type\":\"ImageObject\",\"inLanguage\":\"de\",\"@id\":\"https:\\\/\\\/marktxxl.de\\\/markt\\\/#\\\/schema\\\/logo\\\/image\\\/\",\"url\":\"https:\\\/\\\/marktxxl.de\\\/markt\\\/wp-content\\\/uploads\\\/sites\\\/3\\\/2020\\\/12\\\/logo.png\",\"contentUrl\":\"https:\\\/\\\/marktxxl.de\\\/markt\\\/wp-content\\\/uploads\\\/sites\\\/3\\\/2020\\\/12\\\/logo.png\",\"width\":200,\"height\":70,\"caption\":\"Markt-XXL\"},\"image\":{\"@id\":\"https:\\\/\\\/marktxxl.de\\\/markt\\\/#\\\/schema\\\/logo\\\/image\\\/\"}}]}<\/script>\n<!-- \/ Yoast SEO plugin. -->","yoast_head_json":{"title":"Lannvan Kabelbox - 3er Set Kabelbox Wei\u00df aus ABS-Kunststoff mit Bambusdeckel - Kabelbox Schreibtisch Inkl. Zubeh\u00f6r zum Kabel Verstecken - Kabelmanagement Organizer Box Gro\u00df &amp; Medium &amp; Klein - Markt-XXL","description":"Markt-XXL Lannvan Kabelbox - 3er Set Kabelbox Wei\u00df aus ABS-Kunststoff mit Bambusdeckel - Kabelbox Schreibtisch Inkl. Zubeh\u00f6r zum Kabel Verstecken - Kabelmanagement Organizer Box Gro\u00df &amp; Medium &amp; Klein","robots":{"index":"index","follow":"follow","max-snippet":"max-snippet:-1","max-image-preview":"max-image-preview:large","max-video-preview":"max-video-preview:-1"},"canonical":"https:\/\/marktxxl.de\/markt\/produkt\/lannvan-kabelbox-3er-set-kabelbox-weiss-aus-abs-kunststoff-mit-bambusdeckel-kabelbox-schreibtisch-inkl-zubehoer-zum-kabel-verstecken-kabelmanagement-organizer-box-gross-medium-klein\/","og_locale":"de_DE","og_type":"article","og_title":"Lannvan Kabelbox - 3er Set Kabelbox Wei\u00df aus ABS-Kunststoff mit Bambusdeckel - Kabelbox Schreibtisch Inkl. Zubeh\u00f6r zum Kabel Verstecken - Kabelmanagement Organizer Box Gro\u00df &amp; Medium &amp; Klein - Markt-XXL","og_description":"Markt-XXL Lannvan Kabelbox - 3er Set Kabelbox Wei\u00df aus ABS-Kunststoff mit Bambusdeckel - Kabelbox Schreibtisch Inkl. Zubeh\u00f6r zum Kabel Verstecken - Kabelmanagement Organizer Box Gro\u00df &amp; Medium &amp; Klein","og_url":"https:\/\/marktxxl.de\/markt\/produkt\/lannvan-kabelbox-3er-set-kabelbox-weiss-aus-abs-kunststoff-mit-bambusdeckel-kabelbox-schreibtisch-inkl-zubehoer-zum-kabel-verstecken-kabelmanagement-organizer-box-gross-medium-klein\/","og_site_name":"Markt-XXL","twitter_card":"summary_large_image","twitter_misc":{"Gesch\u00e4tzte Lesezeit":"1\u00a0Minute"},"schema":{"@context":"https:\/\/schema.org","@graph":[{"@type":"WebPage","@id":"https:\/\/marktxxl.de\/markt\/produkt\/lannvan-kabelbox-3er-set-kabelbox-weiss-aus-abs-kunststoff-mit-bambusdeckel-kabelbox-schreibtisch-inkl-zubehoer-zum-kabel-verstecken-kabelmanagement-organizer-box-gross-medium-klein\/","url":"https:\/\/marktxxl.de\/markt\/produkt\/lannvan-kabelbox-3er-set-kabelbox-weiss-aus-abs-kunststoff-mit-bambusdeckel-kabelbox-schreibtisch-inkl-zubehoer-zum-kabel-verstecken-kabelmanagement-organizer-box-gross-medium-klein\/","name":"Lannvan Kabelbox - 3er Set Kabelbox Wei\u00df aus ABS-Kunststoff mit Bambusdeckel - Kabelbox Schreibtisch Inkl. Zubeh\u00f6r zum Kabel Verstecken - Kabelmanagement Organizer Box Gro\u00df &amp; Medium &amp; Klein - Markt-XXL","isPartOf":{"@id":"https:\/\/marktxxl.de\/markt\/#website"},"primaryImageOfPage":{"@id":"https:\/\/marktxxl.de\/markt\/produkt\/lannvan-kabelbox-3er-set-kabelbox-weiss-aus-abs-kunststoff-mit-bambusdeckel-kabelbox-schreibtisch-inkl-zubehoer-zum-kabel-verstecken-kabelmanagement-organizer-box-gross-medium-klein\/#primaryimage"},"image":{"@id":"https:\/\/marktxxl.de\/markt\/produkt\/lannvan-kabelbox-3er-set-kabelbox-weiss-aus-abs-kunststoff-mit-bambusdeckel-kabelbox-schreibtisch-inkl-zubehoer-zum-kabel-verstecken-kabelmanagement-organizer-box-gross-medium-klein\/#primaryimage"},"thumbnailUrl":"https:\/\/m.media-amazon.com\/images\/I\/41aXySrNzPL._SL500_.jpg","datePublished":"2023-05-10T09:34:39+00:00","description":"Markt-XXL Lannvan Kabelbox - 3er Set Kabelbox Wei\u00df aus ABS-Kunststoff mit Bambusdeckel - Kabelbox Schreibtisch Inkl. Zubeh\u00f6r zum Kabel Verstecken - Kabelmanagement Organizer Box Gro\u00df &amp; Medium &amp; Klein","breadcrumb":{"@id":"https:\/\/marktxxl.de\/markt\/produkt\/lannvan-kabelbox-3er-set-kabelbox-weiss-aus-abs-kunststoff-mit-bambusdeckel-kabelbox-schreibtisch-inkl-zubehoer-zum-kabel-verstecken-kabelmanagement-organizer-box-gross-medium-klein\/#breadcrumb"},"inLanguage":"de","potentialAction":[{"@type":"ReadAction","target":["https:\/\/marktxxl.de\/markt\/produkt\/lannvan-kabelbox-3er-set-kabelbox-weiss-aus-abs-kunststoff-mit-bambusdeckel-kabelbox-schreibtisch-inkl-zubehoer-zum-kabel-verstecken-kabelmanagement-organizer-box-gross-medium-klein\/"]}]},{"@type":"ImageObject","inLanguage":"de","@id":"https:\/\/marktxxl.de\/markt\/produkt\/lannvan-kabelbox-3er-set-kabelbox-weiss-aus-abs-kunststoff-mit-bambusdeckel-kabelbox-schreibtisch-inkl-zubehoer-zum-kabel-verstecken-kabelmanagement-organizer-box-gross-medium-klein\/#primaryimage","url":"https:\/\/m.media-amazon.com\/images\/I\/41aXySrNzPL._SL500_.jpg","contentUrl":"https:\/\/m.media-amazon.com\/images\/I\/41aXySrNzPL._SL500_.jpg","width":500,"height":500},{"@type":"BreadcrumbList","@id":"https:\/\/marktxxl.de\/markt\/produkt\/lannvan-kabelbox-3er-set-kabelbox-weiss-aus-abs-kunststoff-mit-bambusdeckel-kabelbox-schreibtisch-inkl-zubehoer-zum-kabel-verstecken-kabelmanagement-organizer-box-gross-medium-klein\/#breadcrumb","itemListElement":[{"@type":"ListItem","position":1,"name":"Startseite","item":"https:\/\/marktxxl.de\/markt\/"},{"@type":"ListItem","position":2,"name":"Markt","item":"https:\/\/marktxxl.de\/markt\/"},{"@type":"ListItem","position":3,"name":"Lannvan Kabelbox &#8211; 3er Set Kabelbox Wei\u00df aus ABS-Kunststoff mit Bambusdeckel &#8211; Kabelbox Schreibtisch Inkl. Zubeh\u00f6r zum Kabel Verstecken &#8211; Kabelmanagement Organizer Box Gro\u00df &amp; Medium &amp; Klein"}]},{"@type":"WebSite","@id":"https:\/\/marktxxl.de\/markt\/#website","url":"https:\/\/marktxxl.de\/markt\/","name":"Markt-XXL","description":"Ihr Markt Online","publisher":{"@id":"https:\/\/marktxxl.de\/markt\/#organization"},"potentialAction":[{"@type":"SearchAction","target":{"@type":"EntryPoint","urlTemplate":"https:\/\/marktxxl.de\/markt\/?s={search_term_string}"},"query-input":{"@type":"PropertyValueSpecification","valueRequired":true,"valueName":"search_term_string"}}],"inLanguage":"de"},{"@type":"Organization","@id":"https:\/\/marktxxl.de\/markt\/#organization","name":"Markt-XXL","url":"https:\/\/marktxxl.de\/markt\/","logo":{"@type":"ImageObject","inLanguage":"de","@id":"https:\/\/marktxxl.de\/markt\/#\/schema\/logo\/image\/","url":"https:\/\/marktxxl.de\/markt\/wp-content\/uploads\/sites\/3\/2020\/12\/logo.png","contentUrl":"https:\/\/marktxxl.de\/markt\/wp-content\/uploads\/sites\/3\/2020\/12\/logo.png","width":200,"height":70,"caption":"Markt-XXL"},"image":{"@id":"https:\/\/marktxxl.de\/markt\/#\/schema\/logo\/image\/"}}]}},"_links":{"self":[{"href":"https:\/\/marktxxl.de\/markt\/wp-json\/wp\/v2\/product\/205192","targetHints":{"allow":["GET"]}}],"collection":[{"href":"https:\/\/marktxxl.de\/markt\/wp-json\/wp\/v2\/product"}],"about":[{"href":"https:\/\/marktxxl.de\/markt\/wp-json\/wp\/v2\/types\/product"}],"replies":[{"embeddable":true,"href":"https:\/\/marktxxl.de\/markt\/wp-json\/wp\/v2\/comments?post=205192"}],"wp:featuredmedia":[{"embeddable":true,"href":"https:\/\/marktxxl.de\/markt\/wp-json\/wp\/v2\/media\/205193"}],"wp:attachment":[{"href":"https:\/\/marktxxl.de\/markt\/wp-json\/wp\/v2\/media?parent=205192"}],"wp:term":[{"taxonomy":"product_brand","embeddable":true,"href":"https:\/\/marktxxl.de\/markt\/wp-json\/wp\/v2\/product_brand?post=205192"},{"taxonomy":"product_cat","embeddable":true,"href":"https:\/\/marktxxl.de\/markt\/wp-json\/wp\/v2\/product_cat?post=205192"},{"taxonomy":"product_tag","embeddable":true,"href":"https:\/\/marktxxl.de\/markt\/wp-json\/wp\/v2\/product_tag?post=205192"}],"curies":[{"name":"wp","href":"https:\/\/api.w.org\/{rel}","templated":true}]}}