{"id":205176,"date":"2023-05-10T11:34:22","date_gmt":"2023-05-10T09:34:22","guid":{"rendered":"https:\/\/marktxxl.de\/markt\/produkt\/tripole-hand-ventilator-mit-wasserkuehlung-usb-ventilator-klein-8-30std-mini-ventilator-mit-befeuchter-3-stufen-55ml-nebelventilator-4000mah-tragbarer-ventilator-mit-kuehlung-fuer-draussen-reise\/"},"modified":"2023-05-10T11:34:22","modified_gmt":"2023-05-10T09:34:22","slug":"tripole-hand-ventilator-mit-wasserkuehlung-usb-ventilator-klein-8-30std-mini-ventilator-mit-befeuchter-3-stufen-55ml-nebelventilator-4000mah-tragbarer-ventilator-mit-kuehlung-fuer-draussen-reise","status":"publish","type":"product","link":"https:\/\/marktxxl.de\/markt\/produkt\/tripole-hand-ventilator-mit-wasserkuehlung-usb-ventilator-klein-8-30std-mini-ventilator-mit-befeuchter-3-stufen-55ml-nebelventilator-4000mah-tragbarer-ventilator-mit-kuehlung-fuer-draussen-reise\/","title":{"rendered":"TriPole Hand Ventilator mit Wasserk\u00fchlung, USB Ventilator Klein [8-30Std] Mini Ventilator mit Befeuchter 3 Stufen, 55ml Nebelventilator, 4000mAh Tragbarer Ventilator mit K\u00fchlung f\u00fcr Drau\u00dfen, Reisen"},"content":{"rendered":"<p>\ud83c\udf40\u301055ml Spr\u00fchventilator\u3011TriPole Ventilator mit Wasserk\u00fchlung wird mit einem 55ml Wassertank geliefert. Halten Sie die Taste 3 Sekunden lang gedr\u00fcckt, um den Nebelmodus ein- und auszuschalten-wie ein tragbarer Mini-Luftbefeuchter. An hei\u00dfen Sommertagen ist der dichte und k\u00fchle Wassernebel wie ein feiner, weicher Smoothie auf Ihrem Gesicht, der Ihre Haut mit Feuchtigkeit versorgt und sie k\u00fchl h\u00e4lt. (Mineralwasser und Leitungswasser empfohlen.)<br \/>\n\ud83c\udf40\u30108-30Std Arbeitszeit\u3011Der USB Ventilator mit 4000mAh wiederaufladbarem Akku h\u00e4lt 8-30 Stunden; Sie m\u00fcssen sich also keine Sorgen machen, dass die Batterie leer ist, auch wenn Sie lange unterwegs sind, und k\u00f6nnen so die Freizeit im Freien genie\u00dfen. Der kleiner Ventilator ist geeignet f\u00fcr Str\u00e4nde, Picknicks, Sportveranstaltungen, Camping, Wandern, Reisen, etc.<br \/>\n\ud83c\udf40\u30103 Geschwindigkeiten &amp; 5 L\u00fcfterbl\u00e4tter\u3011Der Handventilator wird von einem b\u00fcrstenlosen Motor aus reinem Kupfer angetrieben, der f\u00fcr kr\u00e4ftigen Wind sorgt und seine Lebensdauer verl\u00e4ngert. 5 L\u00fcfterbl\u00e4tter, die sich schneller drehen und Sie schnell abk\u00fchlen k\u00f6nnen. Der Tragbarer Ventilator mit k\u00fchlung mit 3 Windgeschwindigkeiten erf\u00fcllt Ihre unterschiedlichen Bed\u00fcrfnisse; Stufen 1: 2,2m\/s-5000rpm; Stufen 2: 3,0m\/s-6700rpm; Stufen 3: 4,2m\/s-8300rpm.<br \/>\n\ud83c\udf40\u3010Kompakte und Tragbare Gr\u00f6\u00dfe\u3011Der Akku Ventilator ist klein (8,4*3,4*17,9cm\/3,3*1,3*7inch) und leicht (160g). Er wird mit einem Schl\u00fcsselband geliefert, so dass Sie ihn einfach in Ihre Tasche stecken oder um Ihr Handgelenk oder Ihren Hals h\u00e4ngen k\u00f6nnen, wenn Sie beim Camping oder auf Reisen sind.<br \/>\n\ud83c\udf40\u3010Was Sie Bekommen\u30111* Tragbarer Handventilator, 1* USB Typ-C Kabel, 1* Umh\u00e4ngeband, 1*Wasserflasche, Bitte z\u00f6gern Sie nicht uns zu kontaktieren, wenn Sie eine Frage haben. Es ist unser Vergn\u00fcgen, Ihnen zu dienen.<br \/>\n<div class=\"main-cross-sell\" data-asin=\"B0BS3ND45V\">\n\n\t<div class=\"WooZone-cross-sell-loader\">\n\t\t<div>\n\t\t\t<div id=\"floatingBarsG\">\n\t\t\t\t<div class=\"blockG\" id=\"rotateG_01\"><\/div>\n\t\t\t\t<div class=\"blockG\" id=\"rotateG_02\"><\/div>\n\t\t\t\t<div class=\"blockG\" id=\"rotateG_03\"><\/div>\n\t\t\t\t<div class=\"blockG\" id=\"rotateG_04\"><\/div>\n\t\t\t\t<div class=\"blockG\" id=\"rotateG_05\"><\/div>\n\t\t\t\t<div class=\"blockG\" id=\"rotateG_06\"><\/div>\n\t\t\t\t<div class=\"blockG\" id=\"rotateG_07\"><\/div>\n\t\t\t\t<div class=\"blockG\" id=\"rotateG_08\"><\/div>\n\t\t\t<\/div>\n\t\t\t<div class=\"WooZone-cross-sell-loader-text\"><\/div>\n\t\t<\/div>\n\t<\/div>\n\n\t\t\n<\/div>\n<div style=\"clear:both;\"><\/div><\/p>\n","protected":false},"excerpt":{"rendered":"<p>\ud83c\udf40\u301055ml Spr\u00fchventilator\u3011TriPole Ventilator mit Wasserk\u00fchlung wird mit einem 55ml Wassertank geliefert. Halten Sie die Taste 3 Sekunden lang gedr\u00fcckt, um den Nebelmodus ein- und auszuschalten-wie ein tragbarer Mini-Luftbefeuchter. An hei\u00dfen Sommertagen ist der dichte und k\u00fchle Wassernebel wie ein feiner, weicher Smoothie auf Ihrem Gesicht, der Ihre Haut mit Feuchtigkeit versorgt und sie k\u00fchl h\u00e4lt. (Mineralwasser und Leitungswasser empfohlen.)<br \/>\n\ud83c\udf40\u30108-30Std Arbeitszeit\u3011Der USB Ventilator mit 4000mAh wiederaufladbarem Akku h\u00e4lt 8-30 Stunden; Sie m\u00fcssen sich also keine Sorgen machen, dass die Batterie leer ist, auch wenn Sie lange unterwegs sind, und k\u00f6nnen so die Freizeit im Freien genie\u00dfen. Der kleiner Ventilator ist geeignet f\u00fcr Str\u00e4nde, Picknicks, Sportveranstaltungen, Camping, Wandern, Reisen, etc.<br \/>\n\ud83c\udf40\u30103 Geschwindigkeiten &amp; 5 L\u00fcfterbl\u00e4tter\u3011Der Handventilator wird von einem b\u00fcrstenlosen Motor aus reinem Kupfer angetrieben, der f\u00fcr kr\u00e4ftigen Wind sorgt und seine Lebensdauer verl\u00e4ngert. 5 L\u00fcfterbl\u00e4tter, die sich schneller drehen und Sie schnell abk\u00fchlen k\u00f6nnen. Der Tragbarer Ventilator mit k\u00fchlung mit 3 Windgeschwindigkeiten erf\u00fcllt Ihre unterschiedlichen Bed\u00fcrfnisse; Stufen 1: 2,2m\/s-5000rpm; Stufen 2: 3,0m\/s-6700rpm; Stufen 3: 4,2m\/s-8300rpm.<\/p>\n","protected":false},"featured_media":205177,"comment_status":"open","ping_status":"closed","template":"","meta":[],"product_brand":[],"product_cat":[863],"product_tag":[],"class_list":{"0":"post-205176","1":"product","2":"type-product","3":"status-publish","4":"has-post-thumbnail","6":"product_cat-computer-zubehoer","7":"pa_brand-tripole","9":"first","10":"instock","11":"shipping-taxable","12":"purchasable","13":"product-type-simple","14":"customify-col","15":"product-has-gallery"},"yoast_head":"<!-- This site is optimized with the Yoast SEO plugin v27.4 - https:\/\/yoast.com\/product\/yoast-seo-wordpress\/ -->\n<title>TriPole Hand Ventilator mit Wasserk\u00fchlung, USB Ventilator Klein [8-30Std] Mini Ventilator mit Befeuchter 3 Stufen, 55ml Nebelventilator, 4000mAh Tragbarer Ventilator mit K\u00fchlung f\u00fcr Drau\u00dfen, Reisen - Markt-XXL<\/title>\n<meta name=\"description\" content=\"Markt-XXL TriPole Hand Ventilator mit Wasserk\u00fchlung, USB Ventilator Klein [8-30Std] Mini Ventilator mit Befeuchter 3 Stufen, 55ml Nebelventilator, 4000mAh Tragbarer Ventilator mit K\u00fchlung f\u00fcr Drau\u00dfen, Reisen\" \/>\n<meta name=\"robots\" content=\"index, follow, max-snippet:-1, max-image-preview:large, max-video-preview:-1\" \/>\n<link rel=\"canonical\" href=\"https:\/\/marktxxl.de\/markt\/produkt\/tripole-hand-ventilator-mit-wasserkuehlung-usb-ventilator-klein-8-30std-mini-ventilator-mit-befeuchter-3-stufen-55ml-nebelventilator-4000mah-tragbarer-ventilator-mit-kuehlung-fuer-draussen-reise\/\" \/>\n<meta property=\"og:locale\" content=\"de_DE\" \/>\n<meta property=\"og:type\" content=\"article\" \/>\n<meta property=\"og:title\" content=\"TriPole Hand Ventilator mit Wasserk\u00fchlung, USB Ventilator Klein [8-30Std] Mini Ventilator mit Befeuchter 3 Stufen, 55ml Nebelventilator, 4000mAh Tragbarer Ventilator mit K\u00fchlung f\u00fcr Drau\u00dfen, Reisen - Markt-XXL\" \/>\n<meta property=\"og:description\" content=\"Markt-XXL TriPole Hand Ventilator mit Wasserk\u00fchlung, USB Ventilator Klein [8-30Std] Mini Ventilator mit Befeuchter 3 Stufen, 55ml Nebelventilator, 4000mAh Tragbarer Ventilator mit K\u00fchlung f\u00fcr Drau\u00dfen, Reisen\" \/>\n<meta property=\"og:url\" content=\"https:\/\/marktxxl.de\/markt\/produkt\/tripole-hand-ventilator-mit-wasserkuehlung-usb-ventilator-klein-8-30std-mini-ventilator-mit-befeuchter-3-stufen-55ml-nebelventilator-4000mah-tragbarer-ventilator-mit-kuehlung-fuer-draussen-reise\/\" \/>\n<meta property=\"og:site_name\" content=\"Markt-XXL\" \/>\n<meta name=\"twitter:card\" content=\"summary_large_image\" \/>\n<meta name=\"twitter:label1\" content=\"Gesch\u00e4tzte Lesezeit\" \/>\n\t<meta name=\"twitter:data1\" content=\"1\u00a0Minute\" \/>\n<script type=\"application\/ld+json\" class=\"yoast-schema-graph\">{\"@context\":\"https:\\\/\\\/schema.org\",\"@graph\":[{\"@type\":\"WebPage\",\"@id\":\"https:\\\/\\\/marktxxl.de\\\/markt\\\/produkt\\\/tripole-hand-ventilator-mit-wasserkuehlung-usb-ventilator-klein-8-30std-mini-ventilator-mit-befeuchter-3-stufen-55ml-nebelventilator-4000mah-tragbarer-ventilator-mit-kuehlung-fuer-draussen-reise\\\/\",\"url\":\"https:\\\/\\\/marktxxl.de\\\/markt\\\/produkt\\\/tripole-hand-ventilator-mit-wasserkuehlung-usb-ventilator-klein-8-30std-mini-ventilator-mit-befeuchter-3-stufen-55ml-nebelventilator-4000mah-tragbarer-ventilator-mit-kuehlung-fuer-draussen-reise\\\/\",\"name\":\"TriPole Hand Ventilator mit Wasserk\u00fchlung, USB Ventilator Klein [8-30Std] Mini Ventilator mit Befeuchter 3 Stufen, 55ml Nebelventilator, 4000mAh Tragbarer Ventilator mit K\u00fchlung f\u00fcr Drau\u00dfen, Reisen - Markt-XXL\",\"isPartOf\":{\"@id\":\"https:\\\/\\\/marktxxl.de\\\/markt\\\/#website\"},\"primaryImageOfPage\":{\"@id\":\"https:\\\/\\\/marktxxl.de\\\/markt\\\/produkt\\\/tripole-hand-ventilator-mit-wasserkuehlung-usb-ventilator-klein-8-30std-mini-ventilator-mit-befeuchter-3-stufen-55ml-nebelventilator-4000mah-tragbarer-ventilator-mit-kuehlung-fuer-draussen-reise\\\/#primaryimage\"},\"image\":{\"@id\":\"https:\\\/\\\/marktxxl.de\\\/markt\\\/produkt\\\/tripole-hand-ventilator-mit-wasserkuehlung-usb-ventilator-klein-8-30std-mini-ventilator-mit-befeuchter-3-stufen-55ml-nebelventilator-4000mah-tragbarer-ventilator-mit-kuehlung-fuer-draussen-reise\\\/#primaryimage\"},\"thumbnailUrl\":\"https:\\\/\\\/m.media-amazon.com\\\/images\\\/I\\\/31ziYocDXyL._SL500_.jpg\",\"datePublished\":\"2023-05-10T09:34:22+00:00\",\"description\":\"Markt-XXL TriPole Hand Ventilator mit Wasserk\u00fchlung, USB Ventilator Klein [8-30Std] Mini Ventilator mit Befeuchter 3 Stufen, 55ml Nebelventilator, 4000mAh Tragbarer Ventilator mit K\u00fchlung f\u00fcr Drau\u00dfen, Reisen\",\"breadcrumb\":{\"@id\":\"https:\\\/\\\/marktxxl.de\\\/markt\\\/produkt\\\/tripole-hand-ventilator-mit-wasserkuehlung-usb-ventilator-klein-8-30std-mini-ventilator-mit-befeuchter-3-stufen-55ml-nebelventilator-4000mah-tragbarer-ventilator-mit-kuehlung-fuer-draussen-reise\\\/#breadcrumb\"},\"inLanguage\":\"de\",\"potentialAction\":[{\"@type\":\"ReadAction\",\"target\":[\"https:\\\/\\\/marktxxl.de\\\/markt\\\/produkt\\\/tripole-hand-ventilator-mit-wasserkuehlung-usb-ventilator-klein-8-30std-mini-ventilator-mit-befeuchter-3-stufen-55ml-nebelventilator-4000mah-tragbarer-ventilator-mit-kuehlung-fuer-draussen-reise\\\/\"]}]},{\"@type\":\"ImageObject\",\"inLanguage\":\"de\",\"@id\":\"https:\\\/\\\/marktxxl.de\\\/markt\\\/produkt\\\/tripole-hand-ventilator-mit-wasserkuehlung-usb-ventilator-klein-8-30std-mini-ventilator-mit-befeuchter-3-stufen-55ml-nebelventilator-4000mah-tragbarer-ventilator-mit-kuehlung-fuer-draussen-reise\\\/#primaryimage\",\"url\":\"https:\\\/\\\/m.media-amazon.com\\\/images\\\/I\\\/31ziYocDXyL._SL500_.jpg\",\"contentUrl\":\"https:\\\/\\\/m.media-amazon.com\\\/images\\\/I\\\/31ziYocDXyL._SL500_.jpg\",\"width\":400,\"height\":500},{\"@type\":\"BreadcrumbList\",\"@id\":\"https:\\\/\\\/marktxxl.de\\\/markt\\\/produkt\\\/tripole-hand-ventilator-mit-wasserkuehlung-usb-ventilator-klein-8-30std-mini-ventilator-mit-befeuchter-3-stufen-55ml-nebelventilator-4000mah-tragbarer-ventilator-mit-kuehlung-fuer-draussen-reise\\\/#breadcrumb\",\"itemListElement\":[{\"@type\":\"ListItem\",\"position\":1,\"name\":\"Startseite\",\"item\":\"https:\\\/\\\/marktxxl.de\\\/markt\\\/\"},{\"@type\":\"ListItem\",\"position\":2,\"name\":\"Markt\",\"item\":\"https:\\\/\\\/marktxxl.de\\\/markt\\\/\"},{\"@type\":\"ListItem\",\"position\":3,\"name\":\"TriPole Hand Ventilator mit Wasserk\u00fchlung, USB Ventilator Klein [8-30Std] Mini Ventilator mit Befeuchter 3 Stufen, 55ml Nebelventilator, 4000mAh Tragbarer Ventilator mit K\u00fchlung f\u00fcr Drau\u00dfen, Reisen\"}]},{\"@type\":\"WebSite\",\"@id\":\"https:\\\/\\\/marktxxl.de\\\/markt\\\/#website\",\"url\":\"https:\\\/\\\/marktxxl.de\\\/markt\\\/\",\"name\":\"Markt-XXL\",\"description\":\"Ihr Markt Online\",\"publisher\":{\"@id\":\"https:\\\/\\\/marktxxl.de\\\/markt\\\/#organization\"},\"potentialAction\":[{\"@type\":\"SearchAction\",\"target\":{\"@type\":\"EntryPoint\",\"urlTemplate\":\"https:\\\/\\\/marktxxl.de\\\/markt\\\/?s={search_term_string}\"},\"query-input\":{\"@type\":\"PropertyValueSpecification\",\"valueRequired\":true,\"valueName\":\"search_term_string\"}}],\"inLanguage\":\"de\"},{\"@type\":\"Organization\",\"@id\":\"https:\\\/\\\/marktxxl.de\\\/markt\\\/#organization\",\"name\":\"Markt-XXL\",\"url\":\"https:\\\/\\\/marktxxl.de\\\/markt\\\/\",\"logo\":{\"@type\":\"ImageObject\",\"inLanguage\":\"de\",\"@id\":\"https:\\\/\\\/marktxxl.de\\\/markt\\\/#\\\/schema\\\/logo\\\/image\\\/\",\"url\":\"https:\\\/\\\/marktxxl.de\\\/markt\\\/wp-content\\\/uploads\\\/sites\\\/3\\\/2020\\\/12\\\/logo.png\",\"contentUrl\":\"https:\\\/\\\/marktxxl.de\\\/markt\\\/wp-content\\\/uploads\\\/sites\\\/3\\\/2020\\\/12\\\/logo.png\",\"width\":200,\"height\":70,\"caption\":\"Markt-XXL\"},\"image\":{\"@id\":\"https:\\\/\\\/marktxxl.de\\\/markt\\\/#\\\/schema\\\/logo\\\/image\\\/\"}}]}<\/script>\n<!-- \/ Yoast SEO plugin. -->","yoast_head_json":{"title":"TriPole Hand Ventilator mit Wasserk\u00fchlung, USB Ventilator Klein [8-30Std] Mini Ventilator mit Befeuchter 3 Stufen, 55ml Nebelventilator, 4000mAh Tragbarer Ventilator mit K\u00fchlung f\u00fcr Drau\u00dfen, Reisen - Markt-XXL","description":"Markt-XXL TriPole Hand Ventilator mit Wasserk\u00fchlung, USB Ventilator Klein [8-30Std] Mini Ventilator mit Befeuchter 3 Stufen, 55ml Nebelventilator, 4000mAh Tragbarer Ventilator mit K\u00fchlung f\u00fcr Drau\u00dfen, Reisen","robots":{"index":"index","follow":"follow","max-snippet":"max-snippet:-1","max-image-preview":"max-image-preview:large","max-video-preview":"max-video-preview:-1"},"canonical":"https:\/\/marktxxl.de\/markt\/produkt\/tripole-hand-ventilator-mit-wasserkuehlung-usb-ventilator-klein-8-30std-mini-ventilator-mit-befeuchter-3-stufen-55ml-nebelventilator-4000mah-tragbarer-ventilator-mit-kuehlung-fuer-draussen-reise\/","og_locale":"de_DE","og_type":"article","og_title":"TriPole Hand Ventilator mit Wasserk\u00fchlung, USB Ventilator Klein [8-30Std] Mini Ventilator mit Befeuchter 3 Stufen, 55ml Nebelventilator, 4000mAh Tragbarer Ventilator mit K\u00fchlung f\u00fcr Drau\u00dfen, Reisen - Markt-XXL","og_description":"Markt-XXL TriPole Hand Ventilator mit Wasserk\u00fchlung, USB Ventilator Klein [8-30Std] Mini Ventilator mit Befeuchter 3 Stufen, 55ml Nebelventilator, 4000mAh Tragbarer Ventilator mit K\u00fchlung f\u00fcr Drau\u00dfen, Reisen","og_url":"https:\/\/marktxxl.de\/markt\/produkt\/tripole-hand-ventilator-mit-wasserkuehlung-usb-ventilator-klein-8-30std-mini-ventilator-mit-befeuchter-3-stufen-55ml-nebelventilator-4000mah-tragbarer-ventilator-mit-kuehlung-fuer-draussen-reise\/","og_site_name":"Markt-XXL","twitter_card":"summary_large_image","twitter_misc":{"Gesch\u00e4tzte Lesezeit":"1\u00a0Minute"},"schema":{"@context":"https:\/\/schema.org","@graph":[{"@type":"WebPage","@id":"https:\/\/marktxxl.de\/markt\/produkt\/tripole-hand-ventilator-mit-wasserkuehlung-usb-ventilator-klein-8-30std-mini-ventilator-mit-befeuchter-3-stufen-55ml-nebelventilator-4000mah-tragbarer-ventilator-mit-kuehlung-fuer-draussen-reise\/","url":"https:\/\/marktxxl.de\/markt\/produkt\/tripole-hand-ventilator-mit-wasserkuehlung-usb-ventilator-klein-8-30std-mini-ventilator-mit-befeuchter-3-stufen-55ml-nebelventilator-4000mah-tragbarer-ventilator-mit-kuehlung-fuer-draussen-reise\/","name":"TriPole Hand Ventilator mit Wasserk\u00fchlung, USB Ventilator Klein [8-30Std] Mini Ventilator mit Befeuchter 3 Stufen, 55ml Nebelventilator, 4000mAh Tragbarer Ventilator mit K\u00fchlung f\u00fcr Drau\u00dfen, Reisen - Markt-XXL","isPartOf":{"@id":"https:\/\/marktxxl.de\/markt\/#website"},"primaryImageOfPage":{"@id":"https:\/\/marktxxl.de\/markt\/produkt\/tripole-hand-ventilator-mit-wasserkuehlung-usb-ventilator-klein-8-30std-mini-ventilator-mit-befeuchter-3-stufen-55ml-nebelventilator-4000mah-tragbarer-ventilator-mit-kuehlung-fuer-draussen-reise\/#primaryimage"},"image":{"@id":"https:\/\/marktxxl.de\/markt\/produkt\/tripole-hand-ventilator-mit-wasserkuehlung-usb-ventilator-klein-8-30std-mini-ventilator-mit-befeuchter-3-stufen-55ml-nebelventilator-4000mah-tragbarer-ventilator-mit-kuehlung-fuer-draussen-reise\/#primaryimage"},"thumbnailUrl":"https:\/\/m.media-amazon.com\/images\/I\/31ziYocDXyL._SL500_.jpg","datePublished":"2023-05-10T09:34:22+00:00","description":"Markt-XXL TriPole Hand Ventilator mit Wasserk\u00fchlung, USB Ventilator Klein [8-30Std] Mini Ventilator mit Befeuchter 3 Stufen, 55ml Nebelventilator, 4000mAh Tragbarer Ventilator mit K\u00fchlung f\u00fcr Drau\u00dfen, Reisen","breadcrumb":{"@id":"https:\/\/marktxxl.de\/markt\/produkt\/tripole-hand-ventilator-mit-wasserkuehlung-usb-ventilator-klein-8-30std-mini-ventilator-mit-befeuchter-3-stufen-55ml-nebelventilator-4000mah-tragbarer-ventilator-mit-kuehlung-fuer-draussen-reise\/#breadcrumb"},"inLanguage":"de","potentialAction":[{"@type":"ReadAction","target":["https:\/\/marktxxl.de\/markt\/produkt\/tripole-hand-ventilator-mit-wasserkuehlung-usb-ventilator-klein-8-30std-mini-ventilator-mit-befeuchter-3-stufen-55ml-nebelventilator-4000mah-tragbarer-ventilator-mit-kuehlung-fuer-draussen-reise\/"]}]},{"@type":"ImageObject","inLanguage":"de","@id":"https:\/\/marktxxl.de\/markt\/produkt\/tripole-hand-ventilator-mit-wasserkuehlung-usb-ventilator-klein-8-30std-mini-ventilator-mit-befeuchter-3-stufen-55ml-nebelventilator-4000mah-tragbarer-ventilator-mit-kuehlung-fuer-draussen-reise\/#primaryimage","url":"https:\/\/m.media-amazon.com\/images\/I\/31ziYocDXyL._SL500_.jpg","contentUrl":"https:\/\/m.media-amazon.com\/images\/I\/31ziYocDXyL._SL500_.jpg","width":400,"height":500},{"@type":"BreadcrumbList","@id":"https:\/\/marktxxl.de\/markt\/produkt\/tripole-hand-ventilator-mit-wasserkuehlung-usb-ventilator-klein-8-30std-mini-ventilator-mit-befeuchter-3-stufen-55ml-nebelventilator-4000mah-tragbarer-ventilator-mit-kuehlung-fuer-draussen-reise\/#breadcrumb","itemListElement":[{"@type":"ListItem","position":1,"name":"Startseite","item":"https:\/\/marktxxl.de\/markt\/"},{"@type":"ListItem","position":2,"name":"Markt","item":"https:\/\/marktxxl.de\/markt\/"},{"@type":"ListItem","position":3,"name":"TriPole Hand Ventilator mit Wasserk\u00fchlung, USB Ventilator Klein [8-30Std] Mini Ventilator mit Befeuchter 3 Stufen, 55ml Nebelventilator, 4000mAh Tragbarer Ventilator mit K\u00fchlung f\u00fcr Drau\u00dfen, Reisen"}]},{"@type":"WebSite","@id":"https:\/\/marktxxl.de\/markt\/#website","url":"https:\/\/marktxxl.de\/markt\/","name":"Markt-XXL","description":"Ihr Markt Online","publisher":{"@id":"https:\/\/marktxxl.de\/markt\/#organization"},"potentialAction":[{"@type":"SearchAction","target":{"@type":"EntryPoint","urlTemplate":"https:\/\/marktxxl.de\/markt\/?s={search_term_string}"},"query-input":{"@type":"PropertyValueSpecification","valueRequired":true,"valueName":"search_term_string"}}],"inLanguage":"de"},{"@type":"Organization","@id":"https:\/\/marktxxl.de\/markt\/#organization","name":"Markt-XXL","url":"https:\/\/marktxxl.de\/markt\/","logo":{"@type":"ImageObject","inLanguage":"de","@id":"https:\/\/marktxxl.de\/markt\/#\/schema\/logo\/image\/","url":"https:\/\/marktxxl.de\/markt\/wp-content\/uploads\/sites\/3\/2020\/12\/logo.png","contentUrl":"https:\/\/marktxxl.de\/markt\/wp-content\/uploads\/sites\/3\/2020\/12\/logo.png","width":200,"height":70,"caption":"Markt-XXL"},"image":{"@id":"https:\/\/marktxxl.de\/markt\/#\/schema\/logo\/image\/"}}]}},"_links":{"self":[{"href":"https:\/\/marktxxl.de\/markt\/wp-json\/wp\/v2\/product\/205176","targetHints":{"allow":["GET"]}}],"collection":[{"href":"https:\/\/marktxxl.de\/markt\/wp-json\/wp\/v2\/product"}],"about":[{"href":"https:\/\/marktxxl.de\/markt\/wp-json\/wp\/v2\/types\/product"}],"replies":[{"embeddable":true,"href":"https:\/\/marktxxl.de\/markt\/wp-json\/wp\/v2\/comments?post=205176"}],"wp:featuredmedia":[{"embeddable":true,"href":"https:\/\/marktxxl.de\/markt\/wp-json\/wp\/v2\/media\/205177"}],"wp:attachment":[{"href":"https:\/\/marktxxl.de\/markt\/wp-json\/wp\/v2\/media?parent=205176"}],"wp:term":[{"taxonomy":"product_brand","embeddable":true,"href":"https:\/\/marktxxl.de\/markt\/wp-json\/wp\/v2\/product_brand?post=205176"},{"taxonomy":"product_cat","embeddable":true,"href":"https:\/\/marktxxl.de\/markt\/wp-json\/wp\/v2\/product_cat?post=205176"},{"taxonomy":"product_tag","embeddable":true,"href":"https:\/\/marktxxl.de\/markt\/wp-json\/wp\/v2\/product_tag?post=205176"}],"curies":[{"name":"wp","href":"https:\/\/api.w.org\/{rel}","templated":true}]}}