{"id":205168,"date":"2023-05-10T11:34:14","date_gmt":"2023-05-10T09:34:14","guid":{"rendered":"https:\/\/marktxxl.de\/markt\/produkt\/melonboy-ladekabel-magnetisch-typ-c-3-in-1-magnetisches-ladekabel-1m1m2m2m-360-und-180-drehbares-magnet-ladekabel-2m-usb-nylon-magnetladekabel-kompatibel-mit-micro-usb-i-produkt\/"},"modified":"2023-05-10T11:34:14","modified_gmt":"2023-05-10T09:34:14","slug":"melonboy-ladekabel-magnetisch-typ-c-3-in-1-magnetisches-ladekabel-1m1m2m2m-360-und-180-drehbares-magnet-ladekabel-2m-usb-nylon-magnetladekabel-kompatibel-mit-micro-usb-i-produkt","status":"publish","type":"product","link":"https:\/\/marktxxl.de\/markt\/produkt\/melonboy-ladekabel-magnetisch-typ-c-3-in-1-magnetisches-ladekabel-1m1m2m2m-360-und-180-drehbares-magnet-ladekabel-2m-usb-nylon-magnetladekabel-kompatibel-mit-micro-usb-i-produkt\/","title":{"rendered":"Melonboy Ladekabel Magnetisch Typ C, 3 in 1 Magnetisches Ladekabel [1m+1m+2m+2m], 360\u00b0 und 180\u00b0 Drehbares Magnet Ladekabel 2M USB Nylon Magnetladekabel kompatibel mit Micro USB\/i-Produkt"},"content":{"rendered":"<p>\ud83c\udf3b Regelm\u00e4\u00dfiges Laden: Diese magnetischen Ladekabel nur zum Aufladen, unterst\u00fctzt kein schnelles aufladen! Unterst\u00fctzt keine daten\u00fcbertragung! Dieses Produkt bietet Komfort f\u00fcr Ihren t\u00e4glichen Ladebedarf. Wenn Sie ein 3,0-A-Schnellladekabel ben\u00f6tigen, betreten Sie bitte den Melonboy-Laden, um andere Kabel zu kaufen!<br \/>\n\ud83c\udf3b 360\u00b0-drehung und 180\u00b0 L-formdesign: 360 \u00b0-drehmagnetisches design macht das Laden bequemer und vervollst\u00e4ndigt pr\u00e4zise die magnetische verbindung, wodurch die ladeeffizienz verbessert wird. Das um 180 \u00b0 drehbare Magnetkopfdesign erleichtert das Aufladen beim Spielen von Telefonspielen. Die LED-anzeigelampe kann Ihnen helfen, das ladekabel magnetisch im dunkeln leichter zu finden. Die weichen Lichter beeintr\u00e4chtigen Ihren Schlaf nicht.<br \/>\n\ud83c\udf3b Strong Magnetic und 3 in 1 Design: Das magnetische ladekabel hat einen starken magnetismus, der ausreicht, um das gewicht eines Smartphones zu tragen und zu verhindern, dass das ger\u00e4t herunterf\u00e4llt und verluste verursacht. Das magnetisches ladekabel wird mit Micro-USB, Typ C und i-Produkt adaptern geliefert, um Ihren t\u00e4glichen Ladebedarf zu decken!<br \/>\n\ud83c\udf3b Einhandbetrieb und staubdichtes Interface: Mit dem magnetkabel k\u00f6nnen sie das ladekabel zum ein- und ausschalten mit einer hand bedienen. Das einsetzen der magnetspitze an der ladeschnittstelle des telefons kann das anhaften von staub verhindern und den Abrieb beim einf\u00fchren oder herausziehen des kabels verringern, wodurch die lebensdauer Ihres Ger\u00e4ts verl\u00e4ngert wird.<br \/>\n\ud83c\udf3b Hedas paket enth\u00e4lt ein magnetisches 4Pack ladekabel, das f\u00fcr telefone(Galaxy, OnePlus , Moto , Huawei , Xiaomi), powerbanks, Kindle und andere ger\u00e4te geeignet ist. Das paket enth\u00e4lt: 2x1m magnet ladekabel, 2x2m magnetisches ladekabel, 3x magnetisch Micro-USB-spitze, 3x magnetisch Typ-C-spitze, 3x magnetisch i-Produkt-spitze, 1x Steckerentfernungswerkzeug.<br \/>\n<div class=\"main-cross-sell\" data-asin=\"B0BXKQZR4H\">\n\n\t<div class=\"WooZone-cross-sell-loader\">\n\t\t<div>\n\t\t\t<div id=\"floatingBarsG\">\n\t\t\t\t<div class=\"blockG\" id=\"rotateG_01\"><\/div>\n\t\t\t\t<div class=\"blockG\" id=\"rotateG_02\"><\/div>\n\t\t\t\t<div class=\"blockG\" id=\"rotateG_03\"><\/div>\n\t\t\t\t<div class=\"blockG\" id=\"rotateG_04\"><\/div>\n\t\t\t\t<div class=\"blockG\" id=\"rotateG_05\"><\/div>\n\t\t\t\t<div class=\"blockG\" id=\"rotateG_06\"><\/div>\n\t\t\t\t<div class=\"blockG\" id=\"rotateG_07\"><\/div>\n\t\t\t\t<div class=\"blockG\" id=\"rotateG_08\"><\/div>\n\t\t\t<\/div>\n\t\t\t<div class=\"WooZone-cross-sell-loader-text\"><\/div>\n\t\t<\/div>\n\t<\/div>\n\n\t\t\n<\/div>\n<div style=\"clear:both;\"><\/div><\/p>\n","protected":false},"excerpt":{"rendered":"<p>\ud83c\udf3b Regelm\u00e4\u00dfiges Laden: Diese magnetischen Ladekabel nur zum Aufladen, unterst\u00fctzt kein schnelles aufladen! Unterst\u00fctzt keine daten\u00fcbertragung! Dieses Produkt bietet Komfort f\u00fcr Ihren t\u00e4glichen Ladebedarf. Wenn Sie ein 3,0-A-Schnellladekabel ben\u00f6tigen, betreten Sie bitte den Melonboy-Laden, um andere Kabel zu kaufen!<br \/>\n\ud83c\udf3b 360\u00b0-drehung und 180\u00b0 L-formdesign: 360 \u00b0-drehmagnetisches design macht das Laden bequemer und vervollst\u00e4ndigt pr\u00e4zise die magnetische verbindung, wodurch die ladeeffizienz verbessert wird. Das um 180 \u00b0 drehbare Magnetkopfdesign erleichtert das Aufladen beim Spielen von Telefonspielen. Die LED-anzeigelampe kann Ihnen helfen, das ladekabel magnetisch im dunkeln leichter zu finden. Die weichen Lichter beeintr\u00e4chtigen Ihren Schlaf nicht.<br \/>\n\ud83c\udf3b Strong Magnetic und 3 in 1 Design: Das magnetische ladekabel hat einen starken magnetismus, der ausreicht, um das gewicht eines Smartphones zu tragen und zu verhindern, dass das ger\u00e4t herunterf\u00e4llt und verluste verursacht. Das magnetisches ladekabel wird mit Micro-USB, Typ C und i-Produkt adaptern geliefert, um Ihren t\u00e4glichen Ladebedarf zu decken!<\/p>\n","protected":false},"featured_media":205169,"comment_status":"open","ping_status":"closed","template":"","meta":[],"product_brand":[],"product_cat":[863],"product_tag":[],"class_list":{"0":"post-205168","1":"product","2":"type-product","3":"status-publish","4":"has-post-thumbnail","6":"product_cat-computer-zubehoer","7":"pa_brand-melonboy","8":"pa_manufacturer-melonboy-tech","10":"first","11":"instock","12":"shipping-taxable","13":"purchasable","14":"product-type-simple","15":"customify-col","16":"product-has-gallery"},"yoast_head":"<!-- This site is optimized with the Yoast SEO plugin v27.4 - https:\/\/yoast.com\/product\/yoast-seo-wordpress\/ -->\n<title>Melonboy Ladekabel Magnetisch Typ C, 3 in 1 Magnetisches Ladekabel [1m+1m+2m+2m], 360\u00b0 und 180\u00b0 Drehbares Magnet Ladekabel 2M USB Nylon Magnetladekabel kompatibel mit Micro USB\/i-Produkt - Markt-XXL<\/title>\n<meta name=\"description\" content=\"Markt-XXL Melonboy Ladekabel Magnetisch Typ C, 3 in 1 Magnetisches Ladekabel [1m+1m+2m+2m], 360\u00b0 und 180\u00b0 Drehbares Magnet Ladekabel 2M USB Nylon Magnetladekabel kompatibel mit Micro USB\/i-Produkt\" \/>\n<meta name=\"robots\" content=\"index, follow, max-snippet:-1, max-image-preview:large, max-video-preview:-1\" \/>\n<link rel=\"canonical\" href=\"https:\/\/marktxxl.de\/markt\/produkt\/melonboy-ladekabel-magnetisch-typ-c-3-in-1-magnetisches-ladekabel-1m1m2m2m-360-und-180-drehbares-magnet-ladekabel-2m-usb-nylon-magnetladekabel-kompatibel-mit-micro-usb-i-produkt\/\" \/>\n<meta property=\"og:locale\" content=\"de_DE\" \/>\n<meta property=\"og:type\" content=\"article\" \/>\n<meta property=\"og:title\" content=\"Melonboy Ladekabel Magnetisch Typ C, 3 in 1 Magnetisches Ladekabel [1m+1m+2m+2m], 360\u00b0 und 180\u00b0 Drehbares Magnet Ladekabel 2M USB Nylon Magnetladekabel kompatibel mit Micro USB\/i-Produkt - Markt-XXL\" \/>\n<meta property=\"og:description\" content=\"Markt-XXL Melonboy Ladekabel Magnetisch Typ C, 3 in 1 Magnetisches Ladekabel [1m+1m+2m+2m], 360\u00b0 und 180\u00b0 Drehbares Magnet Ladekabel 2M USB Nylon Magnetladekabel kompatibel mit Micro USB\/i-Produkt\" \/>\n<meta property=\"og:url\" content=\"https:\/\/marktxxl.de\/markt\/produkt\/melonboy-ladekabel-magnetisch-typ-c-3-in-1-magnetisches-ladekabel-1m1m2m2m-360-und-180-drehbares-magnet-ladekabel-2m-usb-nylon-magnetladekabel-kompatibel-mit-micro-usb-i-produkt\/\" \/>\n<meta property=\"og:site_name\" content=\"Markt-XXL\" \/>\n<meta name=\"twitter:card\" content=\"summary_large_image\" \/>\n<meta name=\"twitter:label1\" content=\"Gesch\u00e4tzte Lesezeit\" \/>\n\t<meta name=\"twitter:data1\" content=\"1\u00a0Minute\" \/>\n<script type=\"application\/ld+json\" class=\"yoast-schema-graph\">{\"@context\":\"https:\\\/\\\/schema.org\",\"@graph\":[{\"@type\":\"WebPage\",\"@id\":\"https:\\\/\\\/marktxxl.de\\\/markt\\\/produkt\\\/melonboy-ladekabel-magnetisch-typ-c-3-in-1-magnetisches-ladekabel-1m1m2m2m-360-und-180-drehbares-magnet-ladekabel-2m-usb-nylon-magnetladekabel-kompatibel-mit-micro-usb-i-produkt\\\/\",\"url\":\"https:\\\/\\\/marktxxl.de\\\/markt\\\/produkt\\\/melonboy-ladekabel-magnetisch-typ-c-3-in-1-magnetisches-ladekabel-1m1m2m2m-360-und-180-drehbares-magnet-ladekabel-2m-usb-nylon-magnetladekabel-kompatibel-mit-micro-usb-i-produkt\\\/\",\"name\":\"Melonboy Ladekabel Magnetisch Typ C, 3 in 1 Magnetisches Ladekabel [1m+1m+2m+2m], 360\u00b0 und 180\u00b0 Drehbares Magnet Ladekabel 2M USB Nylon Magnetladekabel kompatibel mit Micro USB\\\/i-Produkt - Markt-XXL\",\"isPartOf\":{\"@id\":\"https:\\\/\\\/marktxxl.de\\\/markt\\\/#website\"},\"primaryImageOfPage\":{\"@id\":\"https:\\\/\\\/marktxxl.de\\\/markt\\\/produkt\\\/melonboy-ladekabel-magnetisch-typ-c-3-in-1-magnetisches-ladekabel-1m1m2m2m-360-und-180-drehbares-magnet-ladekabel-2m-usb-nylon-magnetladekabel-kompatibel-mit-micro-usb-i-produkt\\\/#primaryimage\"},\"image\":{\"@id\":\"https:\\\/\\\/marktxxl.de\\\/markt\\\/produkt\\\/melonboy-ladekabel-magnetisch-typ-c-3-in-1-magnetisches-ladekabel-1m1m2m2m-360-und-180-drehbares-magnet-ladekabel-2m-usb-nylon-magnetladekabel-kompatibel-mit-micro-usb-i-produkt\\\/#primaryimage\"},\"thumbnailUrl\":\"https:\\\/\\\/m.media-amazon.com\\\/images\\\/I\\\/511PnhU+d5L._SL500_.jpg\",\"datePublished\":\"2023-05-10T09:34:14+00:00\",\"description\":\"Markt-XXL Melonboy Ladekabel Magnetisch Typ C, 3 in 1 Magnetisches Ladekabel [1m+1m+2m+2m], 360\u00b0 und 180\u00b0 Drehbares Magnet Ladekabel 2M USB Nylon Magnetladekabel kompatibel mit Micro USB\\\/i-Produkt\",\"breadcrumb\":{\"@id\":\"https:\\\/\\\/marktxxl.de\\\/markt\\\/produkt\\\/melonboy-ladekabel-magnetisch-typ-c-3-in-1-magnetisches-ladekabel-1m1m2m2m-360-und-180-drehbares-magnet-ladekabel-2m-usb-nylon-magnetladekabel-kompatibel-mit-micro-usb-i-produkt\\\/#breadcrumb\"},\"inLanguage\":\"de\",\"potentialAction\":[{\"@type\":\"ReadAction\",\"target\":[\"https:\\\/\\\/marktxxl.de\\\/markt\\\/produkt\\\/melonboy-ladekabel-magnetisch-typ-c-3-in-1-magnetisches-ladekabel-1m1m2m2m-360-und-180-drehbares-magnet-ladekabel-2m-usb-nylon-magnetladekabel-kompatibel-mit-micro-usb-i-produkt\\\/\"]}]},{\"@type\":\"ImageObject\",\"inLanguage\":\"de\",\"@id\":\"https:\\\/\\\/marktxxl.de\\\/markt\\\/produkt\\\/melonboy-ladekabel-magnetisch-typ-c-3-in-1-magnetisches-ladekabel-1m1m2m2m-360-und-180-drehbares-magnet-ladekabel-2m-usb-nylon-magnetladekabel-kompatibel-mit-micro-usb-i-produkt\\\/#primaryimage\",\"url\":\"https:\\\/\\\/m.media-amazon.com\\\/images\\\/I\\\/511PnhU+d5L._SL500_.jpg\",\"contentUrl\":\"https:\\\/\\\/m.media-amazon.com\\\/images\\\/I\\\/511PnhU+d5L._SL500_.jpg\",\"width\":500,\"height\":500},{\"@type\":\"BreadcrumbList\",\"@id\":\"https:\\\/\\\/marktxxl.de\\\/markt\\\/produkt\\\/melonboy-ladekabel-magnetisch-typ-c-3-in-1-magnetisches-ladekabel-1m1m2m2m-360-und-180-drehbares-magnet-ladekabel-2m-usb-nylon-magnetladekabel-kompatibel-mit-micro-usb-i-produkt\\\/#breadcrumb\",\"itemListElement\":[{\"@type\":\"ListItem\",\"position\":1,\"name\":\"Startseite\",\"item\":\"https:\\\/\\\/marktxxl.de\\\/markt\\\/\"},{\"@type\":\"ListItem\",\"position\":2,\"name\":\"Markt\",\"item\":\"https:\\\/\\\/marktxxl.de\\\/markt\\\/\"},{\"@type\":\"ListItem\",\"position\":3,\"name\":\"Melonboy Ladekabel Magnetisch Typ C, 3 in 1 Magnetisches Ladekabel [1m+1m+2m+2m], 360\u00b0 und 180\u00b0 Drehbares Magnet Ladekabel 2M USB Nylon Magnetladekabel kompatibel mit Micro USB\\\/i-Produkt\"}]},{\"@type\":\"WebSite\",\"@id\":\"https:\\\/\\\/marktxxl.de\\\/markt\\\/#website\",\"url\":\"https:\\\/\\\/marktxxl.de\\\/markt\\\/\",\"name\":\"Markt-XXL\",\"description\":\"Ihr Markt Online\",\"publisher\":{\"@id\":\"https:\\\/\\\/marktxxl.de\\\/markt\\\/#organization\"},\"potentialAction\":[{\"@type\":\"SearchAction\",\"target\":{\"@type\":\"EntryPoint\",\"urlTemplate\":\"https:\\\/\\\/marktxxl.de\\\/markt\\\/?s={search_term_string}\"},\"query-input\":{\"@type\":\"PropertyValueSpecification\",\"valueRequired\":true,\"valueName\":\"search_term_string\"}}],\"inLanguage\":\"de\"},{\"@type\":\"Organization\",\"@id\":\"https:\\\/\\\/marktxxl.de\\\/markt\\\/#organization\",\"name\":\"Markt-XXL\",\"url\":\"https:\\\/\\\/marktxxl.de\\\/markt\\\/\",\"logo\":{\"@type\":\"ImageObject\",\"inLanguage\":\"de\",\"@id\":\"https:\\\/\\\/marktxxl.de\\\/markt\\\/#\\\/schema\\\/logo\\\/image\\\/\",\"url\":\"https:\\\/\\\/marktxxl.de\\\/markt\\\/wp-content\\\/uploads\\\/sites\\\/3\\\/2020\\\/12\\\/logo.png\",\"contentUrl\":\"https:\\\/\\\/marktxxl.de\\\/markt\\\/wp-content\\\/uploads\\\/sites\\\/3\\\/2020\\\/12\\\/logo.png\",\"width\":200,\"height\":70,\"caption\":\"Markt-XXL\"},\"image\":{\"@id\":\"https:\\\/\\\/marktxxl.de\\\/markt\\\/#\\\/schema\\\/logo\\\/image\\\/\"}}]}<\/script>\n<!-- \/ Yoast SEO plugin. -->","yoast_head_json":{"title":"Melonboy Ladekabel Magnetisch Typ C, 3 in 1 Magnetisches Ladekabel [1m+1m+2m+2m], 360\u00b0 und 180\u00b0 Drehbares Magnet Ladekabel 2M USB Nylon Magnetladekabel kompatibel mit Micro USB\/i-Produkt - Markt-XXL","description":"Markt-XXL Melonboy Ladekabel Magnetisch Typ C, 3 in 1 Magnetisches Ladekabel [1m+1m+2m+2m], 360\u00b0 und 180\u00b0 Drehbares Magnet Ladekabel 2M USB Nylon Magnetladekabel kompatibel mit Micro USB\/i-Produkt","robots":{"index":"index","follow":"follow","max-snippet":"max-snippet:-1","max-image-preview":"max-image-preview:large","max-video-preview":"max-video-preview:-1"},"canonical":"https:\/\/marktxxl.de\/markt\/produkt\/melonboy-ladekabel-magnetisch-typ-c-3-in-1-magnetisches-ladekabel-1m1m2m2m-360-und-180-drehbares-magnet-ladekabel-2m-usb-nylon-magnetladekabel-kompatibel-mit-micro-usb-i-produkt\/","og_locale":"de_DE","og_type":"article","og_title":"Melonboy Ladekabel Magnetisch Typ C, 3 in 1 Magnetisches Ladekabel [1m+1m+2m+2m], 360\u00b0 und 180\u00b0 Drehbares Magnet Ladekabel 2M USB Nylon Magnetladekabel kompatibel mit Micro USB\/i-Produkt - Markt-XXL","og_description":"Markt-XXL Melonboy Ladekabel Magnetisch Typ C, 3 in 1 Magnetisches Ladekabel [1m+1m+2m+2m], 360\u00b0 und 180\u00b0 Drehbares Magnet Ladekabel 2M USB Nylon Magnetladekabel kompatibel mit Micro USB\/i-Produkt","og_url":"https:\/\/marktxxl.de\/markt\/produkt\/melonboy-ladekabel-magnetisch-typ-c-3-in-1-magnetisches-ladekabel-1m1m2m2m-360-und-180-drehbares-magnet-ladekabel-2m-usb-nylon-magnetladekabel-kompatibel-mit-micro-usb-i-produkt\/","og_site_name":"Markt-XXL","twitter_card":"summary_large_image","twitter_misc":{"Gesch\u00e4tzte Lesezeit":"1\u00a0Minute"},"schema":{"@context":"https:\/\/schema.org","@graph":[{"@type":"WebPage","@id":"https:\/\/marktxxl.de\/markt\/produkt\/melonboy-ladekabel-magnetisch-typ-c-3-in-1-magnetisches-ladekabel-1m1m2m2m-360-und-180-drehbares-magnet-ladekabel-2m-usb-nylon-magnetladekabel-kompatibel-mit-micro-usb-i-produkt\/","url":"https:\/\/marktxxl.de\/markt\/produkt\/melonboy-ladekabel-magnetisch-typ-c-3-in-1-magnetisches-ladekabel-1m1m2m2m-360-und-180-drehbares-magnet-ladekabel-2m-usb-nylon-magnetladekabel-kompatibel-mit-micro-usb-i-produkt\/","name":"Melonboy Ladekabel Magnetisch Typ C, 3 in 1 Magnetisches Ladekabel [1m+1m+2m+2m], 360\u00b0 und 180\u00b0 Drehbares Magnet Ladekabel 2M USB Nylon Magnetladekabel kompatibel mit Micro USB\/i-Produkt - Markt-XXL","isPartOf":{"@id":"https:\/\/marktxxl.de\/markt\/#website"},"primaryImageOfPage":{"@id":"https:\/\/marktxxl.de\/markt\/produkt\/melonboy-ladekabel-magnetisch-typ-c-3-in-1-magnetisches-ladekabel-1m1m2m2m-360-und-180-drehbares-magnet-ladekabel-2m-usb-nylon-magnetladekabel-kompatibel-mit-micro-usb-i-produkt\/#primaryimage"},"image":{"@id":"https:\/\/marktxxl.de\/markt\/produkt\/melonboy-ladekabel-magnetisch-typ-c-3-in-1-magnetisches-ladekabel-1m1m2m2m-360-und-180-drehbares-magnet-ladekabel-2m-usb-nylon-magnetladekabel-kompatibel-mit-micro-usb-i-produkt\/#primaryimage"},"thumbnailUrl":"https:\/\/m.media-amazon.com\/images\/I\/511PnhU+d5L._SL500_.jpg","datePublished":"2023-05-10T09:34:14+00:00","description":"Markt-XXL Melonboy Ladekabel Magnetisch Typ C, 3 in 1 Magnetisches Ladekabel [1m+1m+2m+2m], 360\u00b0 und 180\u00b0 Drehbares Magnet Ladekabel 2M USB Nylon Magnetladekabel kompatibel mit Micro USB\/i-Produkt","breadcrumb":{"@id":"https:\/\/marktxxl.de\/markt\/produkt\/melonboy-ladekabel-magnetisch-typ-c-3-in-1-magnetisches-ladekabel-1m1m2m2m-360-und-180-drehbares-magnet-ladekabel-2m-usb-nylon-magnetladekabel-kompatibel-mit-micro-usb-i-produkt\/#breadcrumb"},"inLanguage":"de","potentialAction":[{"@type":"ReadAction","target":["https:\/\/marktxxl.de\/markt\/produkt\/melonboy-ladekabel-magnetisch-typ-c-3-in-1-magnetisches-ladekabel-1m1m2m2m-360-und-180-drehbares-magnet-ladekabel-2m-usb-nylon-magnetladekabel-kompatibel-mit-micro-usb-i-produkt\/"]}]},{"@type":"ImageObject","inLanguage":"de","@id":"https:\/\/marktxxl.de\/markt\/produkt\/melonboy-ladekabel-magnetisch-typ-c-3-in-1-magnetisches-ladekabel-1m1m2m2m-360-und-180-drehbares-magnet-ladekabel-2m-usb-nylon-magnetladekabel-kompatibel-mit-micro-usb-i-produkt\/#primaryimage","url":"https:\/\/m.media-amazon.com\/images\/I\/511PnhU+d5L._SL500_.jpg","contentUrl":"https:\/\/m.media-amazon.com\/images\/I\/511PnhU+d5L._SL500_.jpg","width":500,"height":500},{"@type":"BreadcrumbList","@id":"https:\/\/marktxxl.de\/markt\/produkt\/melonboy-ladekabel-magnetisch-typ-c-3-in-1-magnetisches-ladekabel-1m1m2m2m-360-und-180-drehbares-magnet-ladekabel-2m-usb-nylon-magnetladekabel-kompatibel-mit-micro-usb-i-produkt\/#breadcrumb","itemListElement":[{"@type":"ListItem","position":1,"name":"Startseite","item":"https:\/\/marktxxl.de\/markt\/"},{"@type":"ListItem","position":2,"name":"Markt","item":"https:\/\/marktxxl.de\/markt\/"},{"@type":"ListItem","position":3,"name":"Melonboy Ladekabel Magnetisch Typ C, 3 in 1 Magnetisches Ladekabel [1m+1m+2m+2m], 360\u00b0 und 180\u00b0 Drehbares Magnet Ladekabel 2M USB Nylon Magnetladekabel kompatibel mit Micro USB\/i-Produkt"}]},{"@type":"WebSite","@id":"https:\/\/marktxxl.de\/markt\/#website","url":"https:\/\/marktxxl.de\/markt\/","name":"Markt-XXL","description":"Ihr Markt Online","publisher":{"@id":"https:\/\/marktxxl.de\/markt\/#organization"},"potentialAction":[{"@type":"SearchAction","target":{"@type":"EntryPoint","urlTemplate":"https:\/\/marktxxl.de\/markt\/?s={search_term_string}"},"query-input":{"@type":"PropertyValueSpecification","valueRequired":true,"valueName":"search_term_string"}}],"inLanguage":"de"},{"@type":"Organization","@id":"https:\/\/marktxxl.de\/markt\/#organization","name":"Markt-XXL","url":"https:\/\/marktxxl.de\/markt\/","logo":{"@type":"ImageObject","inLanguage":"de","@id":"https:\/\/marktxxl.de\/markt\/#\/schema\/logo\/image\/","url":"https:\/\/marktxxl.de\/markt\/wp-content\/uploads\/sites\/3\/2020\/12\/logo.png","contentUrl":"https:\/\/marktxxl.de\/markt\/wp-content\/uploads\/sites\/3\/2020\/12\/logo.png","width":200,"height":70,"caption":"Markt-XXL"},"image":{"@id":"https:\/\/marktxxl.de\/markt\/#\/schema\/logo\/image\/"}}]}},"_links":{"self":[{"href":"https:\/\/marktxxl.de\/markt\/wp-json\/wp\/v2\/product\/205168","targetHints":{"allow":["GET"]}}],"collection":[{"href":"https:\/\/marktxxl.de\/markt\/wp-json\/wp\/v2\/product"}],"about":[{"href":"https:\/\/marktxxl.de\/markt\/wp-json\/wp\/v2\/types\/product"}],"replies":[{"embeddable":true,"href":"https:\/\/marktxxl.de\/markt\/wp-json\/wp\/v2\/comments?post=205168"}],"wp:featuredmedia":[{"embeddable":true,"href":"https:\/\/marktxxl.de\/markt\/wp-json\/wp\/v2\/media\/205169"}],"wp:attachment":[{"href":"https:\/\/marktxxl.de\/markt\/wp-json\/wp\/v2\/media?parent=205168"}],"wp:term":[{"taxonomy":"product_brand","embeddable":true,"href":"https:\/\/marktxxl.de\/markt\/wp-json\/wp\/v2\/product_brand?post=205168"},{"taxonomy":"product_cat","embeddable":true,"href":"https:\/\/marktxxl.de\/markt\/wp-json\/wp\/v2\/product_cat?post=205168"},{"taxonomy":"product_tag","embeddable":true,"href":"https:\/\/marktxxl.de\/markt\/wp-json\/wp\/v2\/product_tag?post=205168"}],"curies":[{"name":"wp","href":"https:\/\/api.w.org\/{rel}","templated":true}]}}