{"id":205152,"date":"2023-05-10T11:17:18","date_gmt":"2023-05-10T09:17:18","guid":{"rendered":"https:\/\/marktxxl.de\/markt\/produkt\/beneve-tablet-10-zoll-tablet-android-116gb-ram-128gb-rom1-8ghz-quad-core5mp8mp-kameraanti-fingerabdruecke-tp-1280x800-hdips2-4g5g-wifi-bluetooth-typ-c-6000mah-akku-metall\/"},"modified":"2023-05-10T11:17:18","modified_gmt":"2023-05-10T09:17:18","slug":"beneve-tablet-10-zoll-tablet-android-116gb-ram-128gb-rom1-8ghz-quad-core5mp8mp-kameraanti-fingerabdruecke-tp-1280x800-hdips2-4g5g-wifi-bluetooth-typ-c-6000mah-akku-metall","status":"publish","type":"product","link":"https:\/\/marktxxl.de\/markt\/produkt\/beneve-tablet-10-zoll-tablet-android-116gb-ram-128gb-rom1-8ghz-quad-core5mp8mp-kameraanti-fingerabdruecke-tp-1280x800-hdips2-4g5g-wifi-bluetooth-typ-c-6000mah-akku-metall\/","title":{"rendered":"BENEVE Tablet 10 Zoll Tablet Android 11,6GB RAM 128GB ROM,1.8GHz Quad-Core,5MP+8MP Kamera,Anti-Fingerabdr\u00fccke TP, 1280&#215;800 HD+IPS,2.4G+5G WiFi\/Bluetooth\/Typ-C\/6000mAh Akku\/Metall"},"content":{"rendered":"<p>\u3010Smoother Using Experience\u3011BENEVE M51 Android Tablet hat einen verbesserten Prozessor. Das neueste Android 11-Tablet im Jahr 2023 bietet eine 40% schnellere Verarbeitungsgeschwindigkeit als der 4-Kern-Prozessor der vorherigen Generation. Das bedeutet, dass Sie sich von Stottern verabschieden werden, ob Sie es zum Ansehen von Filmen oder zum Arbeiten verwenden, es wird schneller und fl\u00fcssiger sein. Dieses 10-Zoll-Android-Tablet verf\u00fcgt \u00fcber vier A55-Prozessoren mit IMG Power VR GE8300-Grafikprozessoren.<br \/>\n\u30106GB RAM + 128GB ROM + 1TB Expandable\u3011Das Tablet mit Quad-Core-Prozessor wird von 4GB RAM und 2GB virtuellem RAM unterst\u00fctzt, so dass es insgesamt 6GB RAM hat. Durch die Erweiterung des RAM beschleunigt das BENEVE M51 Tablet Ihr Multitasking. Mit der gro\u00dfen Speicherkapazit\u00e4t von 128 GB k\u00f6nnen Sie Ihre Lieblings-Ebooks, Songs, Fotos, Videos, Spiele und alles, was Sie wollen, herunterladen und speichern. Das Android-Tablet ist mit einem Micro-TF-Kartensteckplatz ausgestattet, in den eine 1 TB SD\/TF-Karte eingelegt werden kann (NICHT EINGESCHLOSSEN).<br \/>\n\u301010.1 Zoll IPS Display\u3011 10,1-Zoll-Android-Tablet mit hoher Aufl\u00f6sung von 10,1 Zoll 1280*800 IPS-Display, komfortables 16:10-Bildschirmverh\u00e4ltnis f\u00fcr die Anzeige von Videoinhalten. Mit einer Gr\u00f6\u00dfe von 10,1 Zoll erhalten Sie mehr Platz, die beste Wahl f\u00fcr das Ansehen von Filmen und Videos und das Surfen auf Websites. Dar\u00fcber hinaus bietet dieses 10-Zoll-Android-Tablet mit Digital Health und Kindersicherung die M\u00f6glichkeit, die Nutzung des Tablets durch Ihr Kind zu analysieren und zu kontrollieren, um Bildung und Unterhaltung miteinander zu verbinden. Die neueste Android 11 10-Zoll-Tablette geeignet f\u00fcr Kinder, Eltern und Freunde als ideale Weihnachten, Geburtstag, Coming-of-Age-Geschenk.<br \/>\nDieses WLAN-Tablet kommt mit Bluetooth 5.0 Konnektivit\u00e4t ist mit all Ihren Lieblingszubeh\u00f6r kompatibel. 2.4G+5G Dual-Band Wi-Fi f\u00fcr eine schnellere Netzwerkverbindung. Die Geschwindigkeit von 5GWIFI ist viermal so hoch wie 2.4GWIFI. Dieser Tablet-PC hat alles, was Sie f\u00fcr virtuelles Lernen und Videoanrufe unterwegs ben\u00f6tigen, einschlie\u00dflich 5MP Front- und 8MP-R\u00fcckfahrkameras, duales MIC-Mikrofon, USB Typ C-Anschluss, Dual-Band Wi-Fi und Bluetooth 5.0,3.5mm Kopfh\u00f6rerbuchse.<br \/>\n\u3010Ideal Choice For Daily Use\u3011 Wir garantieren eine 1-j\u00e4hrige Garantie f\u00fcr das M51 Android Tablet. In dem unwahrscheinlichen Fall, dass das Produkt defekt ist, kontaktieren Sie uns bitte \u00fcber Ihre Amazon-Kaufhistorie. Wir werden unser Bestes tun, um unsere Kunden zufrieden zu stellen. D\u00fcnnes und leichtes Ganzmetall-Design, nur 8,3mm d\u00fcnnes Geh\u00e4use und 520g Gewicht, 6000mAh-Akku, k\u00f6nnen Sie leicht genie\u00dfen E-B\u00fccher, Filme, Episoden und Musik auf Reisen oder auf einer Gesch\u00e4ftsreise. Ausgestattet mit 5MP+8MP Kameras, genie\u00dfen Sie exquisite Fotos und Videokonversationen.<br \/>\n<div class=\"main-cross-sell\" data-asin=\"B0BZPSGCW8\">\n\n\t<div class=\"WooZone-cross-sell-loader\">\n\t\t<div>\n\t\t\t<div id=\"floatingBarsG\">\n\t\t\t\t<div class=\"blockG\" id=\"rotateG_01\"><\/div>\n\t\t\t\t<div class=\"blockG\" id=\"rotateG_02\"><\/div>\n\t\t\t\t<div class=\"blockG\" id=\"rotateG_03\"><\/div>\n\t\t\t\t<div class=\"blockG\" id=\"rotateG_04\"><\/div>\n\t\t\t\t<div class=\"blockG\" id=\"rotateG_05\"><\/div>\n\t\t\t\t<div class=\"blockG\" id=\"rotateG_06\"><\/div>\n\t\t\t\t<div class=\"blockG\" id=\"rotateG_07\"><\/div>\n\t\t\t\t<div class=\"blockG\" id=\"rotateG_08\"><\/div>\n\t\t\t<\/div>\n\t\t\t<div class=\"WooZone-cross-sell-loader-text\"><\/div>\n\t\t<\/div>\n\t<\/div>\n\n\t\t\n<\/div>\n<div style=\"clear:both;\"><\/div><\/p>\n","protected":false},"excerpt":{"rendered":"<p>\u3010Smoother Using Experience\u3011BENEVE M51 Android Tablet hat einen verbesserten Prozessor. Das neueste Android 11-Tablet im Jahr 2023 bietet eine 40% schnellere Verarbeitungsgeschwindigkeit als der 4-Kern-Prozessor der vorherigen Generation. Das bedeutet, dass Sie sich von Stottern verabschieden werden, ob Sie es zum Ansehen von Filmen oder zum Arbeiten verwenden, es wird schneller und fl\u00fcssiger sein. Dieses 10-Zoll-Android-Tablet verf\u00fcgt \u00fcber vier A55-Prozessoren mit IMG Power VR GE8300-Grafikprozessoren.<br \/>\n\u30106GB RAM + 128GB ROM + 1TB Expandable\u3011Das Tablet mit Quad-Core-Prozessor wird von 4GB RAM und 2GB virtuellem RAM unterst\u00fctzt, so dass es insgesamt 6GB RAM hat. Durch die Erweiterung des RAM beschleunigt das BENEVE M51 Tablet Ihr Multitasking. Mit der gro\u00dfen Speicherkapazit\u00e4t von 128 GB k\u00f6nnen Sie Ihre Lieblings-Ebooks, Songs, Fotos, Videos, Spiele und alles, was Sie wollen, herunterladen und speichern. Das Android-Tablet ist mit einem Micro-TF-Kartensteckplatz ausgestattet, in den eine 1 TB SD\/TF-Karte eingelegt werden kann (NICHT EINGESCHLOSSEN).<br \/>\n\u301010.1 Zoll IPS Display\u3011 10,1-Zoll-Android-Tablet mit hoher Aufl\u00f6sung von 10,1 Zoll 1280*800 IPS-Display, komfortables 16:10-Bildschirmverh\u00e4ltnis f\u00fcr die Anzeige von Videoinhalten. Mit einer Gr\u00f6\u00dfe von 10,1 Zoll erhalten Sie mehr Platz, die beste Wahl f\u00fcr das Ansehen von Filmen und Videos und das Surfen auf Websites. Dar\u00fcber hinaus bietet dieses 10-Zoll-Android-Tablet mit Digital Health und Kindersicherung die M\u00f6glichkeit, die Nutzung des Tablets durch Ihr Kind zu analysieren und zu kontrollieren, um Bildung und Unterhaltung miteinander zu verbinden. Die neueste Android 11 10-Zoll-Tablette geeignet f\u00fcr Kinder, Eltern und Freunde als ideale Weihnachten, Geburtstag, Coming-of-Age-Geschenk.<\/p>\n","protected":false},"featured_media":205153,"comment_status":"open","ping_status":"closed","template":"","meta":[],"product_brand":[],"product_cat":[863],"product_tag":[],"class_list":{"0":"post-205152","1":"product","2":"type-product","3":"status-publish","4":"has-post-thumbnail","6":"product_cat-computer-zubehoer","7":"pa_brand-beneve","8":"pa_manufacturer-sungworld","9":"pa_warranty-one-year","11":"first","12":"instock","13":"shipping-taxable","14":"purchasable","15":"product-type-simple","16":"customify-col","17":"product-has-gallery"},"yoast_head":"<!-- This site is optimized with the Yoast SEO plugin v27.4 - https:\/\/yoast.com\/product\/yoast-seo-wordpress\/ -->\n<title>BENEVE Tablet 10 Zoll Tablet Android 11,6GB RAM 128GB ROM,1.8GHz Quad-Core,5MP+8MP Kamera,Anti-Fingerabdr\u00fccke TP, 1280x800 HD+IPS,2.4G+5G WiFi\/Bluetooth\/Typ-C\/6000mAh Akku\/Metall - Markt-XXL<\/title>\n<meta name=\"description\" content=\"Markt-XXL BENEVE Tablet 10 Zoll Tablet Android 11,6GB RAM 128GB ROM,1.8GHz Quad-Core,5MP+8MP Kamera,Anti-Fingerabdr\u00fccke TP, 1280x800 HD+IPS,2.4G+5G WiFi\/Bluetooth\/Typ-C\/6000mAh Akku\/Metall\" \/>\n<meta name=\"robots\" content=\"index, follow, max-snippet:-1, max-image-preview:large, max-video-preview:-1\" \/>\n<link rel=\"canonical\" href=\"https:\/\/marktxxl.de\/markt\/produkt\/beneve-tablet-10-zoll-tablet-android-116gb-ram-128gb-rom1-8ghz-quad-core5mp8mp-kameraanti-fingerabdruecke-tp-1280x800-hdips2-4g5g-wifi-bluetooth-typ-c-6000mah-akku-metall\/\" \/>\n<meta property=\"og:locale\" content=\"de_DE\" \/>\n<meta property=\"og:type\" content=\"article\" \/>\n<meta property=\"og:title\" content=\"BENEVE Tablet 10 Zoll Tablet Android 11,6GB RAM 128GB ROM,1.8GHz Quad-Core,5MP+8MP Kamera,Anti-Fingerabdr\u00fccke TP, 1280x800 HD+IPS,2.4G+5G WiFi\/Bluetooth\/Typ-C\/6000mAh Akku\/Metall - Markt-XXL\" \/>\n<meta property=\"og:description\" content=\"Markt-XXL BENEVE Tablet 10 Zoll Tablet Android 11,6GB RAM 128GB ROM,1.8GHz Quad-Core,5MP+8MP Kamera,Anti-Fingerabdr\u00fccke TP, 1280x800 HD+IPS,2.4G+5G WiFi\/Bluetooth\/Typ-C\/6000mAh Akku\/Metall\" \/>\n<meta property=\"og:url\" content=\"https:\/\/marktxxl.de\/markt\/produkt\/beneve-tablet-10-zoll-tablet-android-116gb-ram-128gb-rom1-8ghz-quad-core5mp8mp-kameraanti-fingerabdruecke-tp-1280x800-hdips2-4g5g-wifi-bluetooth-typ-c-6000mah-akku-metall\/\" \/>\n<meta property=\"og:site_name\" content=\"Markt-XXL\" \/>\n<meta name=\"twitter:card\" content=\"summary_large_image\" \/>\n<meta name=\"twitter:label1\" content=\"Gesch\u00e4tzte Lesezeit\" \/>\n\t<meta name=\"twitter:data1\" content=\"2\u00a0Minuten\" \/>\n<script type=\"application\/ld+json\" class=\"yoast-schema-graph\">{\"@context\":\"https:\\\/\\\/schema.org\",\"@graph\":[{\"@type\":\"WebPage\",\"@id\":\"https:\\\/\\\/marktxxl.de\\\/markt\\\/produkt\\\/beneve-tablet-10-zoll-tablet-android-116gb-ram-128gb-rom1-8ghz-quad-core5mp8mp-kameraanti-fingerabdruecke-tp-1280x800-hdips2-4g5g-wifi-bluetooth-typ-c-6000mah-akku-metall\\\/\",\"url\":\"https:\\\/\\\/marktxxl.de\\\/markt\\\/produkt\\\/beneve-tablet-10-zoll-tablet-android-116gb-ram-128gb-rom1-8ghz-quad-core5mp8mp-kameraanti-fingerabdruecke-tp-1280x800-hdips2-4g5g-wifi-bluetooth-typ-c-6000mah-akku-metall\\\/\",\"name\":\"BENEVE Tablet 10 Zoll Tablet Android 11,6GB RAM 128GB ROM,1.8GHz Quad-Core,5MP+8MP Kamera,Anti-Fingerabdr\u00fccke TP, 1280x800 HD+IPS,2.4G+5G WiFi\\\/Bluetooth\\\/Typ-C\\\/6000mAh Akku\\\/Metall - Markt-XXL\",\"isPartOf\":{\"@id\":\"https:\\\/\\\/marktxxl.de\\\/markt\\\/#website\"},\"primaryImageOfPage\":{\"@id\":\"https:\\\/\\\/marktxxl.de\\\/markt\\\/produkt\\\/beneve-tablet-10-zoll-tablet-android-116gb-ram-128gb-rom1-8ghz-quad-core5mp8mp-kameraanti-fingerabdruecke-tp-1280x800-hdips2-4g5g-wifi-bluetooth-typ-c-6000mah-akku-metall\\\/#primaryimage\"},\"image\":{\"@id\":\"https:\\\/\\\/marktxxl.de\\\/markt\\\/produkt\\\/beneve-tablet-10-zoll-tablet-android-116gb-ram-128gb-rom1-8ghz-quad-core5mp8mp-kameraanti-fingerabdruecke-tp-1280x800-hdips2-4g5g-wifi-bluetooth-typ-c-6000mah-akku-metall\\\/#primaryimage\"},\"thumbnailUrl\":\"https:\\\/\\\/m.media-amazon.com\\\/images\\\/I\\\/41KJpSsQ7IL._SL500_.jpg\",\"datePublished\":\"2023-05-10T09:17:18+00:00\",\"description\":\"Markt-XXL BENEVE Tablet 10 Zoll Tablet Android 11,6GB RAM 128GB ROM,1.8GHz Quad-Core,5MP+8MP Kamera,Anti-Fingerabdr\u00fccke TP, 1280x800 HD+IPS,2.4G+5G WiFi\\\/Bluetooth\\\/Typ-C\\\/6000mAh Akku\\\/Metall\",\"breadcrumb\":{\"@id\":\"https:\\\/\\\/marktxxl.de\\\/markt\\\/produkt\\\/beneve-tablet-10-zoll-tablet-android-116gb-ram-128gb-rom1-8ghz-quad-core5mp8mp-kameraanti-fingerabdruecke-tp-1280x800-hdips2-4g5g-wifi-bluetooth-typ-c-6000mah-akku-metall\\\/#breadcrumb\"},\"inLanguage\":\"de\",\"potentialAction\":[{\"@type\":\"ReadAction\",\"target\":[\"https:\\\/\\\/marktxxl.de\\\/markt\\\/produkt\\\/beneve-tablet-10-zoll-tablet-android-116gb-ram-128gb-rom1-8ghz-quad-core5mp8mp-kameraanti-fingerabdruecke-tp-1280x800-hdips2-4g5g-wifi-bluetooth-typ-c-6000mah-akku-metall\\\/\"]}]},{\"@type\":\"ImageObject\",\"inLanguage\":\"de\",\"@id\":\"https:\\\/\\\/marktxxl.de\\\/markt\\\/produkt\\\/beneve-tablet-10-zoll-tablet-android-116gb-ram-128gb-rom1-8ghz-quad-core5mp8mp-kameraanti-fingerabdruecke-tp-1280x800-hdips2-4g5g-wifi-bluetooth-typ-c-6000mah-akku-metall\\\/#primaryimage\",\"url\":\"https:\\\/\\\/m.media-amazon.com\\\/images\\\/I\\\/41KJpSsQ7IL._SL500_.jpg\",\"contentUrl\":\"https:\\\/\\\/m.media-amazon.com\\\/images\\\/I\\\/41KJpSsQ7IL._SL500_.jpg\",\"width\":500,\"height\":500},{\"@type\":\"BreadcrumbList\",\"@id\":\"https:\\\/\\\/marktxxl.de\\\/markt\\\/produkt\\\/beneve-tablet-10-zoll-tablet-android-116gb-ram-128gb-rom1-8ghz-quad-core5mp8mp-kameraanti-fingerabdruecke-tp-1280x800-hdips2-4g5g-wifi-bluetooth-typ-c-6000mah-akku-metall\\\/#breadcrumb\",\"itemListElement\":[{\"@type\":\"ListItem\",\"position\":1,\"name\":\"Startseite\",\"item\":\"https:\\\/\\\/marktxxl.de\\\/markt\\\/\"},{\"@type\":\"ListItem\",\"position\":2,\"name\":\"Markt\",\"item\":\"https:\\\/\\\/marktxxl.de\\\/markt\\\/\"},{\"@type\":\"ListItem\",\"position\":3,\"name\":\"BENEVE Tablet 10 Zoll Tablet Android 11,6GB RAM 128GB ROM,1.8GHz Quad-Core,5MP+8MP Kamera,Anti-Fingerabdr\u00fccke TP, 1280&#215;800 HD+IPS,2.4G+5G WiFi\\\/Bluetooth\\\/Typ-C\\\/6000mAh Akku\\\/Metall\"}]},{\"@type\":\"WebSite\",\"@id\":\"https:\\\/\\\/marktxxl.de\\\/markt\\\/#website\",\"url\":\"https:\\\/\\\/marktxxl.de\\\/markt\\\/\",\"name\":\"Markt-XXL\",\"description\":\"Ihr Markt Online\",\"publisher\":{\"@id\":\"https:\\\/\\\/marktxxl.de\\\/markt\\\/#organization\"},\"potentialAction\":[{\"@type\":\"SearchAction\",\"target\":{\"@type\":\"EntryPoint\",\"urlTemplate\":\"https:\\\/\\\/marktxxl.de\\\/markt\\\/?s={search_term_string}\"},\"query-input\":{\"@type\":\"PropertyValueSpecification\",\"valueRequired\":true,\"valueName\":\"search_term_string\"}}],\"inLanguage\":\"de\"},{\"@type\":\"Organization\",\"@id\":\"https:\\\/\\\/marktxxl.de\\\/markt\\\/#organization\",\"name\":\"Markt-XXL\",\"url\":\"https:\\\/\\\/marktxxl.de\\\/markt\\\/\",\"logo\":{\"@type\":\"ImageObject\",\"inLanguage\":\"de\",\"@id\":\"https:\\\/\\\/marktxxl.de\\\/markt\\\/#\\\/schema\\\/logo\\\/image\\\/\",\"url\":\"https:\\\/\\\/marktxxl.de\\\/markt\\\/wp-content\\\/uploads\\\/sites\\\/3\\\/2020\\\/12\\\/logo.png\",\"contentUrl\":\"https:\\\/\\\/marktxxl.de\\\/markt\\\/wp-content\\\/uploads\\\/sites\\\/3\\\/2020\\\/12\\\/logo.png\",\"width\":200,\"height\":70,\"caption\":\"Markt-XXL\"},\"image\":{\"@id\":\"https:\\\/\\\/marktxxl.de\\\/markt\\\/#\\\/schema\\\/logo\\\/image\\\/\"}}]}<\/script>\n<!-- \/ Yoast SEO plugin. -->","yoast_head_json":{"title":"BENEVE Tablet 10 Zoll Tablet Android 11,6GB RAM 128GB ROM,1.8GHz Quad-Core,5MP+8MP Kamera,Anti-Fingerabdr\u00fccke TP, 1280x800 HD+IPS,2.4G+5G WiFi\/Bluetooth\/Typ-C\/6000mAh Akku\/Metall - Markt-XXL","description":"Markt-XXL BENEVE Tablet 10 Zoll Tablet Android 11,6GB RAM 128GB ROM,1.8GHz Quad-Core,5MP+8MP Kamera,Anti-Fingerabdr\u00fccke TP, 1280x800 HD+IPS,2.4G+5G WiFi\/Bluetooth\/Typ-C\/6000mAh Akku\/Metall","robots":{"index":"index","follow":"follow","max-snippet":"max-snippet:-1","max-image-preview":"max-image-preview:large","max-video-preview":"max-video-preview:-1"},"canonical":"https:\/\/marktxxl.de\/markt\/produkt\/beneve-tablet-10-zoll-tablet-android-116gb-ram-128gb-rom1-8ghz-quad-core5mp8mp-kameraanti-fingerabdruecke-tp-1280x800-hdips2-4g5g-wifi-bluetooth-typ-c-6000mah-akku-metall\/","og_locale":"de_DE","og_type":"article","og_title":"BENEVE Tablet 10 Zoll Tablet Android 11,6GB RAM 128GB ROM,1.8GHz Quad-Core,5MP+8MP Kamera,Anti-Fingerabdr\u00fccke TP, 1280x800 HD+IPS,2.4G+5G WiFi\/Bluetooth\/Typ-C\/6000mAh Akku\/Metall - Markt-XXL","og_description":"Markt-XXL BENEVE Tablet 10 Zoll Tablet Android 11,6GB RAM 128GB ROM,1.8GHz Quad-Core,5MP+8MP Kamera,Anti-Fingerabdr\u00fccke TP, 1280x800 HD+IPS,2.4G+5G WiFi\/Bluetooth\/Typ-C\/6000mAh Akku\/Metall","og_url":"https:\/\/marktxxl.de\/markt\/produkt\/beneve-tablet-10-zoll-tablet-android-116gb-ram-128gb-rom1-8ghz-quad-core5mp8mp-kameraanti-fingerabdruecke-tp-1280x800-hdips2-4g5g-wifi-bluetooth-typ-c-6000mah-akku-metall\/","og_site_name":"Markt-XXL","twitter_card":"summary_large_image","twitter_misc":{"Gesch\u00e4tzte Lesezeit":"2\u00a0Minuten"},"schema":{"@context":"https:\/\/schema.org","@graph":[{"@type":"WebPage","@id":"https:\/\/marktxxl.de\/markt\/produkt\/beneve-tablet-10-zoll-tablet-android-116gb-ram-128gb-rom1-8ghz-quad-core5mp8mp-kameraanti-fingerabdruecke-tp-1280x800-hdips2-4g5g-wifi-bluetooth-typ-c-6000mah-akku-metall\/","url":"https:\/\/marktxxl.de\/markt\/produkt\/beneve-tablet-10-zoll-tablet-android-116gb-ram-128gb-rom1-8ghz-quad-core5mp8mp-kameraanti-fingerabdruecke-tp-1280x800-hdips2-4g5g-wifi-bluetooth-typ-c-6000mah-akku-metall\/","name":"BENEVE Tablet 10 Zoll Tablet Android 11,6GB RAM 128GB ROM,1.8GHz Quad-Core,5MP+8MP Kamera,Anti-Fingerabdr\u00fccke TP, 1280x800 HD+IPS,2.4G+5G WiFi\/Bluetooth\/Typ-C\/6000mAh Akku\/Metall - Markt-XXL","isPartOf":{"@id":"https:\/\/marktxxl.de\/markt\/#website"},"primaryImageOfPage":{"@id":"https:\/\/marktxxl.de\/markt\/produkt\/beneve-tablet-10-zoll-tablet-android-116gb-ram-128gb-rom1-8ghz-quad-core5mp8mp-kameraanti-fingerabdruecke-tp-1280x800-hdips2-4g5g-wifi-bluetooth-typ-c-6000mah-akku-metall\/#primaryimage"},"image":{"@id":"https:\/\/marktxxl.de\/markt\/produkt\/beneve-tablet-10-zoll-tablet-android-116gb-ram-128gb-rom1-8ghz-quad-core5mp8mp-kameraanti-fingerabdruecke-tp-1280x800-hdips2-4g5g-wifi-bluetooth-typ-c-6000mah-akku-metall\/#primaryimage"},"thumbnailUrl":"https:\/\/m.media-amazon.com\/images\/I\/41KJpSsQ7IL._SL500_.jpg","datePublished":"2023-05-10T09:17:18+00:00","description":"Markt-XXL BENEVE Tablet 10 Zoll Tablet Android 11,6GB RAM 128GB ROM,1.8GHz Quad-Core,5MP+8MP Kamera,Anti-Fingerabdr\u00fccke TP, 1280x800 HD+IPS,2.4G+5G WiFi\/Bluetooth\/Typ-C\/6000mAh Akku\/Metall","breadcrumb":{"@id":"https:\/\/marktxxl.de\/markt\/produkt\/beneve-tablet-10-zoll-tablet-android-116gb-ram-128gb-rom1-8ghz-quad-core5mp8mp-kameraanti-fingerabdruecke-tp-1280x800-hdips2-4g5g-wifi-bluetooth-typ-c-6000mah-akku-metall\/#breadcrumb"},"inLanguage":"de","potentialAction":[{"@type":"ReadAction","target":["https:\/\/marktxxl.de\/markt\/produkt\/beneve-tablet-10-zoll-tablet-android-116gb-ram-128gb-rom1-8ghz-quad-core5mp8mp-kameraanti-fingerabdruecke-tp-1280x800-hdips2-4g5g-wifi-bluetooth-typ-c-6000mah-akku-metall\/"]}]},{"@type":"ImageObject","inLanguage":"de","@id":"https:\/\/marktxxl.de\/markt\/produkt\/beneve-tablet-10-zoll-tablet-android-116gb-ram-128gb-rom1-8ghz-quad-core5mp8mp-kameraanti-fingerabdruecke-tp-1280x800-hdips2-4g5g-wifi-bluetooth-typ-c-6000mah-akku-metall\/#primaryimage","url":"https:\/\/m.media-amazon.com\/images\/I\/41KJpSsQ7IL._SL500_.jpg","contentUrl":"https:\/\/m.media-amazon.com\/images\/I\/41KJpSsQ7IL._SL500_.jpg","width":500,"height":500},{"@type":"BreadcrumbList","@id":"https:\/\/marktxxl.de\/markt\/produkt\/beneve-tablet-10-zoll-tablet-android-116gb-ram-128gb-rom1-8ghz-quad-core5mp8mp-kameraanti-fingerabdruecke-tp-1280x800-hdips2-4g5g-wifi-bluetooth-typ-c-6000mah-akku-metall\/#breadcrumb","itemListElement":[{"@type":"ListItem","position":1,"name":"Startseite","item":"https:\/\/marktxxl.de\/markt\/"},{"@type":"ListItem","position":2,"name":"Markt","item":"https:\/\/marktxxl.de\/markt\/"},{"@type":"ListItem","position":3,"name":"BENEVE Tablet 10 Zoll Tablet Android 11,6GB RAM 128GB ROM,1.8GHz Quad-Core,5MP+8MP Kamera,Anti-Fingerabdr\u00fccke TP, 1280&#215;800 HD+IPS,2.4G+5G WiFi\/Bluetooth\/Typ-C\/6000mAh Akku\/Metall"}]},{"@type":"WebSite","@id":"https:\/\/marktxxl.de\/markt\/#website","url":"https:\/\/marktxxl.de\/markt\/","name":"Markt-XXL","description":"Ihr Markt Online","publisher":{"@id":"https:\/\/marktxxl.de\/markt\/#organization"},"potentialAction":[{"@type":"SearchAction","target":{"@type":"EntryPoint","urlTemplate":"https:\/\/marktxxl.de\/markt\/?s={search_term_string}"},"query-input":{"@type":"PropertyValueSpecification","valueRequired":true,"valueName":"search_term_string"}}],"inLanguage":"de"},{"@type":"Organization","@id":"https:\/\/marktxxl.de\/markt\/#organization","name":"Markt-XXL","url":"https:\/\/marktxxl.de\/markt\/","logo":{"@type":"ImageObject","inLanguage":"de","@id":"https:\/\/marktxxl.de\/markt\/#\/schema\/logo\/image\/","url":"https:\/\/marktxxl.de\/markt\/wp-content\/uploads\/sites\/3\/2020\/12\/logo.png","contentUrl":"https:\/\/marktxxl.de\/markt\/wp-content\/uploads\/sites\/3\/2020\/12\/logo.png","width":200,"height":70,"caption":"Markt-XXL"},"image":{"@id":"https:\/\/marktxxl.de\/markt\/#\/schema\/logo\/image\/"}}]}},"_links":{"self":[{"href":"https:\/\/marktxxl.de\/markt\/wp-json\/wp\/v2\/product\/205152","targetHints":{"allow":["GET"]}}],"collection":[{"href":"https:\/\/marktxxl.de\/markt\/wp-json\/wp\/v2\/product"}],"about":[{"href":"https:\/\/marktxxl.de\/markt\/wp-json\/wp\/v2\/types\/product"}],"replies":[{"embeddable":true,"href":"https:\/\/marktxxl.de\/markt\/wp-json\/wp\/v2\/comments?post=205152"}],"wp:featuredmedia":[{"embeddable":true,"href":"https:\/\/marktxxl.de\/markt\/wp-json\/wp\/v2\/media\/205153"}],"wp:attachment":[{"href":"https:\/\/marktxxl.de\/markt\/wp-json\/wp\/v2\/media?parent=205152"}],"wp:term":[{"taxonomy":"product_brand","embeddable":true,"href":"https:\/\/marktxxl.de\/markt\/wp-json\/wp\/v2\/product_brand?post=205152"},{"taxonomy":"product_cat","embeddable":true,"href":"https:\/\/marktxxl.de\/markt\/wp-json\/wp\/v2\/product_cat?post=205152"},{"taxonomy":"product_tag","embeddable":true,"href":"https:\/\/marktxxl.de\/markt\/wp-json\/wp\/v2\/product_tag?post=205152"}],"curies":[{"name":"wp","href":"https:\/\/api.w.org\/{rel}","templated":true}]}}