{"id":205127,"date":"2023-05-10T11:16:53","date_gmt":"2023-05-10T09:16:53","guid":{"rendered":"https:\/\/marktxxl.de\/markt\/produkt\/enveguard-10-sicherheitsumschlaege-selbstklebend-ohne-fenster-105-x-241-cm-weiss-24-lb-100-stueck-34100\/"},"modified":"2023-05-10T11:16:53","modified_gmt":"2023-05-10T09:16:53","slug":"enveguard-10-sicherheitsumschlaege-selbstklebend-ohne-fenster-105-x-241-cm-weiss-24-lb-100-stueck-34100","status":"publish","type":"product","link":"https:\/\/marktxxl.de\/markt\/produkt\/enveguard-10-sicherheitsumschlaege-selbstklebend-ohne-fenster-105-x-241-cm-weiss-24-lb-100-stueck-34100\/","title":{"rendered":"EnveGuard #10 Sicherheitsumschl\u00e4ge, selbstklebend, ohne Fenster, 10,5 x 24,1 cm, Wei\u00df, 24 LB, 100 St\u00fcck (34100)"},"content":{"rendered":"<p># 10\u00a0Sicherheit get\u00f6nt, selbstklebender Umschl\u00e4ge, wollen das Beste in Secure, security-tinted Briefumschl\u00e4ge mit einem super starken mit? # 10\u00a0Sicherheit Umschlag kombinieren strapazierf\u00e4higes, tintenfestes Papier Papier, eine Sicherheit get\u00f6nte Design und stark quick-seal f\u00fcr die beste Sicherheit Briefumschl\u00e4ge auf dem Markt<br \/>\nSuper Sicherheit Tint Muster; # 10\u00a0Umschl\u00e4ge mit einer sicheren, Sicherheit tint-pattern entworfen um den Inhalt zu sch\u00fctzen und sensible Informationen, perfekt f\u00fcr hellstener Mailing &#8211;<br \/>\n100\u00a0Briefumschlag Pack; Diese Umschl\u00e4ge sind mit einem window-less hergestellt Front-Panel f\u00fcr die perfekte Wahl f\u00fcr kleine Unternehmen, B\u00fcro und den t\u00e4glichen Gebrauch, # 10\u00a0Sicherheit Umschl\u00e4ge sind in einem 100-envelope Pack<br \/>\nquick-seal Verschluss; Unsere # 10\u00a0Briefumschl\u00e4ge sind entworfen mit einem ultra-starke mit Klebestreifen zu schaffen eine komplette, super sicher auf jedem Umschlag Breite des Seal, die nicht leicht \u00f6ffnen oder rei\u00dfen, ideal f\u00fcr Mailing-gr\u00f6\u00dfere Dokumente ohne zu splittern<br \/>\nLaser- und Inkjet-Drucker kompatibel; Hochwertige Konstruktion Messung 4\u20131\/8\u00a0x 9\u20131\/5,1\u00a0cm, voll kompatibel mit den meisten Inkjet- und Laser-Drucker f\u00fcr schnelle und einfache Adressierung. Klicken Sie auf die orange Schaltfl\u00e4che, um jetzt bestellen<br \/>\n<div class=\"main-cross-sell\" data-asin=\"B01D0OANU4\">\n\n\t<div class=\"WooZone-cross-sell-loader\">\n\t\t<div>\n\t\t\t<div id=\"floatingBarsG\">\n\t\t\t\t<div class=\"blockG\" id=\"rotateG_01\"><\/div>\n\t\t\t\t<div class=\"blockG\" id=\"rotateG_02\"><\/div>\n\t\t\t\t<div class=\"blockG\" id=\"rotateG_03\"><\/div>\n\t\t\t\t<div class=\"blockG\" id=\"rotateG_04\"><\/div>\n\t\t\t\t<div class=\"blockG\" id=\"rotateG_05\"><\/div>\n\t\t\t\t<div class=\"blockG\" id=\"rotateG_06\"><\/div>\n\t\t\t\t<div class=\"blockG\" id=\"rotateG_07\"><\/div>\n\t\t\t\t<div class=\"blockG\" id=\"rotateG_08\"><\/div>\n\t\t\t<\/div>\n\t\t\t<div class=\"WooZone-cross-sell-loader-text\"><\/div>\n\t\t<\/div>\n\t<\/div>\n\n\t\t\n<\/div>\n<div style=\"clear:both;\"><\/div><\/p>\n","protected":false},"excerpt":{"rendered":"<p># 10\u00a0Sicherheit get\u00f6nt, selbstklebender Umschl\u00e4ge, wollen das Beste in Secure, security-tinted Briefumschl\u00e4ge mit einem super starken mit? # 10\u00a0Sicherheit Umschlag kombinieren strapazierf\u00e4higes, tintenfestes Papier Papier, eine Sicherheit get\u00f6nte Design und stark quick-seal f\u00fcr die beste Sicherheit Briefumschl\u00e4ge auf dem Markt<br \/>\nSuper Sicherheit Tint Muster; # 10\u00a0Umschl\u00e4ge mit einer sicheren, Sicherheit tint-pattern entworfen um den Inhalt zu sch\u00fctzen und sensible Informationen, perfekt f\u00fcr hellstener Mailing &#8211;<br \/>\n100\u00a0Briefumschlag Pack; Diese Umschl\u00e4ge sind mit einem window-less hergestellt Front-Panel f\u00fcr die perfekte Wahl f\u00fcr kleine Unternehmen, B\u00fcro und den t\u00e4glichen Gebrauch, # 10\u00a0Sicherheit Umschl\u00e4ge sind in einem 100-envelope Pack<\/p>\n","protected":false},"featured_media":205128,"comment_status":"open","ping_status":"closed","template":"","meta":[],"product_brand":[],"product_cat":[504,8703],"product_tag":[],"class_list":{"0":"post-205127","1":"product","2":"type-product","3":"status-publish","4":"has-post-thumbnail","6":"product_cat-buerobedarf-schreibwaren","7":"product_cat-umschlaege-versandzubehoer","8":"pa_binding-buerobedarf-schreibwaren","9":"pa_brand-aimoh","10":"pa_color-100-karat","11":"pa_height-2-2-zoll","12":"pa_length-9-7-zoll","13":"pa_manufacturer-aimoh","14":"pa_model-8735","15":"pa_size-10-envelopes","16":"pa_width-4-3-zoll","18":"first","19":"instock","20":"shipping-taxable","21":"purchasable","22":"product-type-simple","23":"customify-col","24":"product-has-gallery"},"yoast_head":"<!-- This site is optimized with the Yoast SEO plugin v27.3 - https:\/\/yoast.com\/product\/yoast-seo-wordpress\/ -->\n<title>EnveGuard #10 Sicherheitsumschl\u00e4ge, selbstklebend, ohne Fenster, 10,5 x 24,1 cm, Wei\u00df, 24 LB, 100 St\u00fcck (34100) - Markt-XXL<\/title>\n<meta name=\"description\" content=\"Markt-XXL EnveGuard #10 Sicherheitsumschl\u00e4ge, selbstklebend, ohne Fenster, 10,5 x 24,1 cm, Wei\u00df, 24 LB, 100 St\u00fcck (34100)\" \/>\n<meta name=\"robots\" content=\"index, follow, max-snippet:-1, max-image-preview:large, max-video-preview:-1\" \/>\n<link rel=\"canonical\" href=\"https:\/\/marktxxl.de\/markt\/produkt\/enveguard-10-sicherheitsumschlaege-selbstklebend-ohne-fenster-105-x-241-cm-weiss-24-lb-100-stueck-34100\/\" \/>\n<meta property=\"og:locale\" content=\"de_DE\" \/>\n<meta property=\"og:type\" content=\"article\" \/>\n<meta property=\"og:title\" content=\"EnveGuard #10 Sicherheitsumschl\u00e4ge, selbstklebend, ohne Fenster, 10,5 x 24,1 cm, Wei\u00df, 24 LB, 100 St\u00fcck (34100) - Markt-XXL\" \/>\n<meta property=\"og:description\" content=\"Markt-XXL EnveGuard #10 Sicherheitsumschl\u00e4ge, selbstklebend, ohne Fenster, 10,5 x 24,1 cm, Wei\u00df, 24 LB, 100 St\u00fcck (34100)\" \/>\n<meta property=\"og:url\" content=\"https:\/\/marktxxl.de\/markt\/produkt\/enveguard-10-sicherheitsumschlaege-selbstklebend-ohne-fenster-105-x-241-cm-weiss-24-lb-100-stueck-34100\/\" \/>\n<meta property=\"og:site_name\" content=\"Markt-XXL\" \/>\n<meta name=\"twitter:card\" content=\"summary_large_image\" \/>\n<meta name=\"twitter:label1\" content=\"Gesch\u00e4tzte Lesezeit\" \/>\n\t<meta name=\"twitter:data1\" content=\"1\u00a0Minute\" \/>\n<script type=\"application\/ld+json\" class=\"yoast-schema-graph\">{\"@context\":\"https:\\\/\\\/schema.org\",\"@graph\":[{\"@type\":\"WebPage\",\"@id\":\"https:\\\/\\\/marktxxl.de\\\/markt\\\/produkt\\\/enveguard-10-sicherheitsumschlaege-selbstklebend-ohne-fenster-105-x-241-cm-weiss-24-lb-100-stueck-34100\\\/\",\"url\":\"https:\\\/\\\/marktxxl.de\\\/markt\\\/produkt\\\/enveguard-10-sicherheitsumschlaege-selbstklebend-ohne-fenster-105-x-241-cm-weiss-24-lb-100-stueck-34100\\\/\",\"name\":\"EnveGuard #10 Sicherheitsumschl\u00e4ge, selbstklebend, ohne Fenster, 10,5 x 24,1 cm, Wei\u00df, 24 LB, 100 St\u00fcck (34100) - Markt-XXL\",\"isPartOf\":{\"@id\":\"https:\\\/\\\/marktxxl.de\\\/markt\\\/#website\"},\"primaryImageOfPage\":{\"@id\":\"https:\\\/\\\/marktxxl.de\\\/markt\\\/produkt\\\/enveguard-10-sicherheitsumschlaege-selbstklebend-ohne-fenster-105-x-241-cm-weiss-24-lb-100-stueck-34100\\\/#primaryimage\"},\"image\":{\"@id\":\"https:\\\/\\\/marktxxl.de\\\/markt\\\/produkt\\\/enveguard-10-sicherheitsumschlaege-selbstklebend-ohne-fenster-105-x-241-cm-weiss-24-lb-100-stueck-34100\\\/#primaryimage\"},\"thumbnailUrl\":\"https:\\\/\\\/m.media-amazon.com\\\/images\\\/I\\\/41MkvgRaryL._SL500_.jpg\",\"datePublished\":\"2023-05-10T09:16:53+00:00\",\"description\":\"Markt-XXL EnveGuard #10 Sicherheitsumschl\u00e4ge, selbstklebend, ohne Fenster, 10,5 x 24,1 cm, Wei\u00df, 24 LB, 100 St\u00fcck (34100)\",\"breadcrumb\":{\"@id\":\"https:\\\/\\\/marktxxl.de\\\/markt\\\/produkt\\\/enveguard-10-sicherheitsumschlaege-selbstklebend-ohne-fenster-105-x-241-cm-weiss-24-lb-100-stueck-34100\\\/#breadcrumb\"},\"inLanguage\":\"de\",\"potentialAction\":[{\"@type\":\"ReadAction\",\"target\":[\"https:\\\/\\\/marktxxl.de\\\/markt\\\/produkt\\\/enveguard-10-sicherheitsumschlaege-selbstklebend-ohne-fenster-105-x-241-cm-weiss-24-lb-100-stueck-34100\\\/\"]}]},{\"@type\":\"ImageObject\",\"inLanguage\":\"de\",\"@id\":\"https:\\\/\\\/marktxxl.de\\\/markt\\\/produkt\\\/enveguard-10-sicherheitsumschlaege-selbstklebend-ohne-fenster-105-x-241-cm-weiss-24-lb-100-stueck-34100\\\/#primaryimage\",\"url\":\"https:\\\/\\\/m.media-amazon.com\\\/images\\\/I\\\/41MkvgRaryL._SL500_.jpg\",\"contentUrl\":\"https:\\\/\\\/m.media-amazon.com\\\/images\\\/I\\\/41MkvgRaryL._SL500_.jpg\",\"width\":500,\"height\":289},{\"@type\":\"BreadcrumbList\",\"@id\":\"https:\\\/\\\/marktxxl.de\\\/markt\\\/produkt\\\/enveguard-10-sicherheitsumschlaege-selbstklebend-ohne-fenster-105-x-241-cm-weiss-24-lb-100-stueck-34100\\\/#breadcrumb\",\"itemListElement\":[{\"@type\":\"ListItem\",\"position\":1,\"name\":\"Startseite\",\"item\":\"https:\\\/\\\/marktxxl.de\\\/markt\\\/\"},{\"@type\":\"ListItem\",\"position\":2,\"name\":\"Markt\",\"item\":\"https:\\\/\\\/marktxxl.de\\\/markt\\\/\"},{\"@type\":\"ListItem\",\"position\":3,\"name\":\"EnveGuard #10 Sicherheitsumschl\u00e4ge, selbstklebend, ohne Fenster, 10,5 x 24,1 cm, Wei\u00df, 24 LB, 100 St\u00fcck (34100)\"}]},{\"@type\":\"WebSite\",\"@id\":\"https:\\\/\\\/marktxxl.de\\\/markt\\\/#website\",\"url\":\"https:\\\/\\\/marktxxl.de\\\/markt\\\/\",\"name\":\"Markt-XXL\",\"description\":\"Ihr Markt Online\",\"publisher\":{\"@id\":\"https:\\\/\\\/marktxxl.de\\\/markt\\\/#organization\"},\"potentialAction\":[{\"@type\":\"SearchAction\",\"target\":{\"@type\":\"EntryPoint\",\"urlTemplate\":\"https:\\\/\\\/marktxxl.de\\\/markt\\\/?s={search_term_string}\"},\"query-input\":{\"@type\":\"PropertyValueSpecification\",\"valueRequired\":true,\"valueName\":\"search_term_string\"}}],\"inLanguage\":\"de\"},{\"@type\":\"Organization\",\"@id\":\"https:\\\/\\\/marktxxl.de\\\/markt\\\/#organization\",\"name\":\"Markt-XXL\",\"url\":\"https:\\\/\\\/marktxxl.de\\\/markt\\\/\",\"logo\":{\"@type\":\"ImageObject\",\"inLanguage\":\"de\",\"@id\":\"https:\\\/\\\/marktxxl.de\\\/markt\\\/#\\\/schema\\\/logo\\\/image\\\/\",\"url\":\"https:\\\/\\\/marktxxl.de\\\/markt\\\/wp-content\\\/uploads\\\/sites\\\/3\\\/2020\\\/12\\\/logo.png\",\"contentUrl\":\"https:\\\/\\\/marktxxl.de\\\/markt\\\/wp-content\\\/uploads\\\/sites\\\/3\\\/2020\\\/12\\\/logo.png\",\"width\":200,\"height\":70,\"caption\":\"Markt-XXL\"},\"image\":{\"@id\":\"https:\\\/\\\/marktxxl.de\\\/markt\\\/#\\\/schema\\\/logo\\\/image\\\/\"}}]}<\/script>\n<!-- \/ Yoast SEO plugin. -->","yoast_head_json":{"title":"EnveGuard #10 Sicherheitsumschl\u00e4ge, selbstklebend, ohne Fenster, 10,5 x 24,1 cm, Wei\u00df, 24 LB, 100 St\u00fcck (34100) - Markt-XXL","description":"Markt-XXL EnveGuard #10 Sicherheitsumschl\u00e4ge, selbstklebend, ohne Fenster, 10,5 x 24,1 cm, Wei\u00df, 24 LB, 100 St\u00fcck (34100)","robots":{"index":"index","follow":"follow","max-snippet":"max-snippet:-1","max-image-preview":"max-image-preview:large","max-video-preview":"max-video-preview:-1"},"canonical":"https:\/\/marktxxl.de\/markt\/produkt\/enveguard-10-sicherheitsumschlaege-selbstklebend-ohne-fenster-105-x-241-cm-weiss-24-lb-100-stueck-34100\/","og_locale":"de_DE","og_type":"article","og_title":"EnveGuard #10 Sicherheitsumschl\u00e4ge, selbstklebend, ohne Fenster, 10,5 x 24,1 cm, Wei\u00df, 24 LB, 100 St\u00fcck (34100) - Markt-XXL","og_description":"Markt-XXL EnveGuard #10 Sicherheitsumschl\u00e4ge, selbstklebend, ohne Fenster, 10,5 x 24,1 cm, Wei\u00df, 24 LB, 100 St\u00fcck (34100)","og_url":"https:\/\/marktxxl.de\/markt\/produkt\/enveguard-10-sicherheitsumschlaege-selbstklebend-ohne-fenster-105-x-241-cm-weiss-24-lb-100-stueck-34100\/","og_site_name":"Markt-XXL","twitter_card":"summary_large_image","twitter_misc":{"Gesch\u00e4tzte Lesezeit":"1\u00a0Minute"},"schema":{"@context":"https:\/\/schema.org","@graph":[{"@type":"WebPage","@id":"https:\/\/marktxxl.de\/markt\/produkt\/enveguard-10-sicherheitsumschlaege-selbstklebend-ohne-fenster-105-x-241-cm-weiss-24-lb-100-stueck-34100\/","url":"https:\/\/marktxxl.de\/markt\/produkt\/enveguard-10-sicherheitsumschlaege-selbstklebend-ohne-fenster-105-x-241-cm-weiss-24-lb-100-stueck-34100\/","name":"EnveGuard #10 Sicherheitsumschl\u00e4ge, selbstklebend, ohne Fenster, 10,5 x 24,1 cm, Wei\u00df, 24 LB, 100 St\u00fcck (34100) - Markt-XXL","isPartOf":{"@id":"https:\/\/marktxxl.de\/markt\/#website"},"primaryImageOfPage":{"@id":"https:\/\/marktxxl.de\/markt\/produkt\/enveguard-10-sicherheitsumschlaege-selbstklebend-ohne-fenster-105-x-241-cm-weiss-24-lb-100-stueck-34100\/#primaryimage"},"image":{"@id":"https:\/\/marktxxl.de\/markt\/produkt\/enveguard-10-sicherheitsumschlaege-selbstklebend-ohne-fenster-105-x-241-cm-weiss-24-lb-100-stueck-34100\/#primaryimage"},"thumbnailUrl":"https:\/\/m.media-amazon.com\/images\/I\/41MkvgRaryL._SL500_.jpg","datePublished":"2023-05-10T09:16:53+00:00","description":"Markt-XXL EnveGuard #10 Sicherheitsumschl\u00e4ge, selbstklebend, ohne Fenster, 10,5 x 24,1 cm, Wei\u00df, 24 LB, 100 St\u00fcck (34100)","breadcrumb":{"@id":"https:\/\/marktxxl.de\/markt\/produkt\/enveguard-10-sicherheitsumschlaege-selbstklebend-ohne-fenster-105-x-241-cm-weiss-24-lb-100-stueck-34100\/#breadcrumb"},"inLanguage":"de","potentialAction":[{"@type":"ReadAction","target":["https:\/\/marktxxl.de\/markt\/produkt\/enveguard-10-sicherheitsumschlaege-selbstklebend-ohne-fenster-105-x-241-cm-weiss-24-lb-100-stueck-34100\/"]}]},{"@type":"ImageObject","inLanguage":"de","@id":"https:\/\/marktxxl.de\/markt\/produkt\/enveguard-10-sicherheitsumschlaege-selbstklebend-ohne-fenster-105-x-241-cm-weiss-24-lb-100-stueck-34100\/#primaryimage","url":"https:\/\/m.media-amazon.com\/images\/I\/41MkvgRaryL._SL500_.jpg","contentUrl":"https:\/\/m.media-amazon.com\/images\/I\/41MkvgRaryL._SL500_.jpg","width":500,"height":289},{"@type":"BreadcrumbList","@id":"https:\/\/marktxxl.de\/markt\/produkt\/enveguard-10-sicherheitsumschlaege-selbstklebend-ohne-fenster-105-x-241-cm-weiss-24-lb-100-stueck-34100\/#breadcrumb","itemListElement":[{"@type":"ListItem","position":1,"name":"Startseite","item":"https:\/\/marktxxl.de\/markt\/"},{"@type":"ListItem","position":2,"name":"Markt","item":"https:\/\/marktxxl.de\/markt\/"},{"@type":"ListItem","position":3,"name":"EnveGuard #10 Sicherheitsumschl\u00e4ge, selbstklebend, ohne Fenster, 10,5 x 24,1 cm, Wei\u00df, 24 LB, 100 St\u00fcck (34100)"}]},{"@type":"WebSite","@id":"https:\/\/marktxxl.de\/markt\/#website","url":"https:\/\/marktxxl.de\/markt\/","name":"Markt-XXL","description":"Ihr Markt Online","publisher":{"@id":"https:\/\/marktxxl.de\/markt\/#organization"},"potentialAction":[{"@type":"SearchAction","target":{"@type":"EntryPoint","urlTemplate":"https:\/\/marktxxl.de\/markt\/?s={search_term_string}"},"query-input":{"@type":"PropertyValueSpecification","valueRequired":true,"valueName":"search_term_string"}}],"inLanguage":"de"},{"@type":"Organization","@id":"https:\/\/marktxxl.de\/markt\/#organization","name":"Markt-XXL","url":"https:\/\/marktxxl.de\/markt\/","logo":{"@type":"ImageObject","inLanguage":"de","@id":"https:\/\/marktxxl.de\/markt\/#\/schema\/logo\/image\/","url":"https:\/\/marktxxl.de\/markt\/wp-content\/uploads\/sites\/3\/2020\/12\/logo.png","contentUrl":"https:\/\/marktxxl.de\/markt\/wp-content\/uploads\/sites\/3\/2020\/12\/logo.png","width":200,"height":70,"caption":"Markt-XXL"},"image":{"@id":"https:\/\/marktxxl.de\/markt\/#\/schema\/logo\/image\/"}}]}},"_links":{"self":[{"href":"https:\/\/marktxxl.de\/markt\/wp-json\/wp\/v2\/product\/205127","targetHints":{"allow":["GET"]}}],"collection":[{"href":"https:\/\/marktxxl.de\/markt\/wp-json\/wp\/v2\/product"}],"about":[{"href":"https:\/\/marktxxl.de\/markt\/wp-json\/wp\/v2\/types\/product"}],"replies":[{"embeddable":true,"href":"https:\/\/marktxxl.de\/markt\/wp-json\/wp\/v2\/comments?post=205127"}],"wp:featuredmedia":[{"embeddable":true,"href":"https:\/\/marktxxl.de\/markt\/wp-json\/wp\/v2\/media\/205128"}],"wp:attachment":[{"href":"https:\/\/marktxxl.de\/markt\/wp-json\/wp\/v2\/media?parent=205127"}],"wp:term":[{"taxonomy":"product_brand","embeddable":true,"href":"https:\/\/marktxxl.de\/markt\/wp-json\/wp\/v2\/product_brand?post=205127"},{"taxonomy":"product_cat","embeddable":true,"href":"https:\/\/marktxxl.de\/markt\/wp-json\/wp\/v2\/product_cat?post=205127"},{"taxonomy":"product_tag","embeddable":true,"href":"https:\/\/marktxxl.de\/markt\/wp-json\/wp\/v2\/product_tag?post=205127"}],"curies":[{"name":"wp","href":"https:\/\/api.w.org\/{rel}","templated":true}]}}