{"id":205113,"date":"2023-05-10T11:16:37","date_gmt":"2023-05-10T09:16:37","guid":{"rendered":"https:\/\/marktxxl.de\/markt\/produkt\/500-cashier-depot-umschlag-fuer-auto-laden-reparatur-oder-service-152-x-229-cm-abziehen-und-versiegeln-offenes-ende-premium-127-kg-weiss-500-stueck\/"},"modified":"2023-05-10T11:16:37","modified_gmt":"2023-05-10T09:16:37","slug":"500-cashier-depot-umschlag-fuer-auto-laden-reparatur-oder-service-152-x-229-cm-abziehen-und-versiegeln-offenes-ende-premium-127-kg-weiss-500-stueck","status":"publish","type":"product","link":"https:\/\/marktxxl.de\/markt\/produkt\/500-cashier-depot-umschlag-fuer-auto-laden-reparatur-oder-service-152-x-229-cm-abziehen-und-versiegeln-offenes-ende-premium-127-kg-weiss-500-stueck\/","title":{"rendered":"500 Cashier Depot Umschlag f\u00fcr Auto-Laden-Reparatur oder Service, 15,2 x 22,9 cm, abziehen und versiegeln, offenes Ende, Premium 12,7 kg, Wei\u00df, 500 St\u00fcck"},"content":{"rendered":"<p>Dieser Umschlag hat alles. Sie brauchen nicht weiter zu suchen. 15,2 x 22,9 cm Umschlag, haftklebend, offenes Ende<br \/>\n500 Briefumschl\u00e4ge auf einer Seite leicht auszuf\u00fcllen; blaue Tinte<br \/>\nDas Formular verf\u00fcgt \u00fcber klare Kundenanweisungen mit Schl\u00fcsselw\u00f6rtern in fettgedruckter Schrift, um den Komfort des Kunden hinzuzuf\u00fcgen. Gedrucktes Formular mit Schritt-f\u00fcr-Schritt-Anleitungen, detaillierten Kundeninformationen, Checkliste f\u00fcr angeforderte Service-Checkliste, extra Platz f\u00fcr zus\u00e4tzliche Anweisungen, Zahlungspr\u00e4ferenz, Gesch\u00e4ftsbedingungen und Unterschrift.<br \/>\nDer Umschlag ist aus hochwertigem wei\u00dfem Papier mit einem Gewicht von 12,7 kg und einem Haftklebeverschluss f\u00fcr mehr Komfort<br \/>\nHergestellt in den USA<br \/>\n<div class=\"main-cross-sell\" data-asin=\"B0BVRBB5R1\">\n\n\t<div class=\"WooZone-cross-sell-loader\">\n\t\t<div>\n\t\t\t<div id=\"floatingBarsG\">\n\t\t\t\t<div class=\"blockG\" id=\"rotateG_01\"><\/div>\n\t\t\t\t<div class=\"blockG\" id=\"rotateG_02\"><\/div>\n\t\t\t\t<div class=\"blockG\" id=\"rotateG_03\"><\/div>\n\t\t\t\t<div class=\"blockG\" id=\"rotateG_04\"><\/div>\n\t\t\t\t<div class=\"blockG\" id=\"rotateG_05\"><\/div>\n\t\t\t\t<div class=\"blockG\" id=\"rotateG_06\"><\/div>\n\t\t\t\t<div class=\"blockG\" id=\"rotateG_07\"><\/div>\n\t\t\t\t<div class=\"blockG\" id=\"rotateG_08\"><\/div>\n\t\t\t<\/div>\n\t\t\t<div class=\"WooZone-cross-sell-loader-text\"><\/div>\n\t\t<\/div>\n\t<\/div>\n\n\t\t\n<\/div>\n<div style=\"clear:both;\"><\/div><\/p>\n","protected":false},"excerpt":{"rendered":"<p>Dieser Umschlag hat alles. Sie brauchen nicht weiter zu suchen. 15,2 x 22,9 cm Umschlag, haftklebend, offenes Ende<br \/>\n500 Briefumschl\u00e4ge auf einer Seite leicht auszuf\u00fcllen; blaue Tinte<br \/>\nDas Formular verf\u00fcgt \u00fcber klare Kundenanweisungen mit Schl\u00fcsselw\u00f6rtern in fettgedruckter Schrift, um den Komfort des Kunden hinzuzuf\u00fcgen. Gedrucktes Formular mit Schritt-f\u00fcr-Schritt-Anleitungen, detaillierten Kundeninformationen, Checkliste f\u00fcr angeforderte Service-Checkliste, extra Platz f\u00fcr zus\u00e4tzliche Anweisungen, Zahlungspr\u00e4ferenz, Gesch\u00e4ftsbedingungen und Unterschrift.<\/p>\n","protected":false},"featured_media":205114,"comment_status":"open","ping_status":"closed","template":"","meta":[],"product_brand":[],"product_cat":[504,8703],"product_tag":[],"class_list":{"0":"post-205113","1":"product","2":"type-product","3":"status-publish","4":"has-post-thumbnail","6":"product_cat-buerobedarf-schreibwaren","7":"product_cat-umschlaege-versandzubehoer","8":"pa_brand-cashier-depot-your-one-stop-shop-for-all-cashiers-needs","9":"pa_manufacturer-cashier-depot","10":"pa_size-6x9","12":"first","13":"instock","14":"shipping-taxable","15":"product-type-simple","16":"customify-col","17":"product-has-gallery"},"yoast_head":"<!-- This site is optimized with the Yoast SEO plugin v27.3 - https:\/\/yoast.com\/product\/yoast-seo-wordpress\/ -->\n<title>500 Cashier Depot Umschlag f\u00fcr Auto-Laden-Reparatur oder Service, 15,2 x 22,9 cm, abziehen und versiegeln, offenes Ende, Premium 12,7 kg, Wei\u00df, 500 St\u00fcck - Markt-XXL<\/title>\n<meta name=\"description\" content=\"Markt-XXL 500 Cashier Depot Umschlag f\u00fcr Auto-Laden-Reparatur oder Service, 15,2 x 22,9 cm, abziehen und versiegeln, offenes Ende, Premium 12,7 kg, Wei\u00df, 500 St\u00fcck\" \/>\n<meta name=\"robots\" content=\"index, follow, max-snippet:-1, max-image-preview:large, max-video-preview:-1\" \/>\n<link rel=\"canonical\" href=\"https:\/\/marktxxl.de\/markt\/produkt\/500-cashier-depot-umschlag-fuer-auto-laden-reparatur-oder-service-152-x-229-cm-abziehen-und-versiegeln-offenes-ende-premium-127-kg-weiss-500-stueck\/\" \/>\n<meta property=\"og:locale\" content=\"de_DE\" \/>\n<meta property=\"og:type\" content=\"article\" \/>\n<meta property=\"og:title\" content=\"500 Cashier Depot Umschlag f\u00fcr Auto-Laden-Reparatur oder Service, 15,2 x 22,9 cm, abziehen und versiegeln, offenes Ende, Premium 12,7 kg, Wei\u00df, 500 St\u00fcck - Markt-XXL\" \/>\n<meta property=\"og:description\" content=\"Markt-XXL 500 Cashier Depot Umschlag f\u00fcr Auto-Laden-Reparatur oder Service, 15,2 x 22,9 cm, abziehen und versiegeln, offenes Ende, Premium 12,7 kg, Wei\u00df, 500 St\u00fcck\" \/>\n<meta property=\"og:url\" content=\"https:\/\/marktxxl.de\/markt\/produkt\/500-cashier-depot-umschlag-fuer-auto-laden-reparatur-oder-service-152-x-229-cm-abziehen-und-versiegeln-offenes-ende-premium-127-kg-weiss-500-stueck\/\" \/>\n<meta property=\"og:site_name\" content=\"Markt-XXL\" \/>\n<meta name=\"twitter:card\" content=\"summary_large_image\" \/>\n<meta name=\"twitter:label1\" content=\"Gesch\u00e4tzte Lesezeit\" \/>\n\t<meta name=\"twitter:data1\" content=\"1\u00a0Minute\" \/>\n<script type=\"application\/ld+json\" class=\"yoast-schema-graph\">{\"@context\":\"https:\\\/\\\/schema.org\",\"@graph\":[{\"@type\":\"WebPage\",\"@id\":\"https:\\\/\\\/marktxxl.de\\\/markt\\\/produkt\\\/500-cashier-depot-umschlag-fuer-auto-laden-reparatur-oder-service-152-x-229-cm-abziehen-und-versiegeln-offenes-ende-premium-127-kg-weiss-500-stueck\\\/\",\"url\":\"https:\\\/\\\/marktxxl.de\\\/markt\\\/produkt\\\/500-cashier-depot-umschlag-fuer-auto-laden-reparatur-oder-service-152-x-229-cm-abziehen-und-versiegeln-offenes-ende-premium-127-kg-weiss-500-stueck\\\/\",\"name\":\"500 Cashier Depot Umschlag f\u00fcr Auto-Laden-Reparatur oder Service, 15,2 x 22,9 cm, abziehen und versiegeln, offenes Ende, Premium 12,7 kg, Wei\u00df, 500 St\u00fcck - Markt-XXL\",\"isPartOf\":{\"@id\":\"https:\\\/\\\/marktxxl.de\\\/markt\\\/#website\"},\"primaryImageOfPage\":{\"@id\":\"https:\\\/\\\/marktxxl.de\\\/markt\\\/produkt\\\/500-cashier-depot-umschlag-fuer-auto-laden-reparatur-oder-service-152-x-229-cm-abziehen-und-versiegeln-offenes-ende-premium-127-kg-weiss-500-stueck\\\/#primaryimage\"},\"image\":{\"@id\":\"https:\\\/\\\/marktxxl.de\\\/markt\\\/produkt\\\/500-cashier-depot-umschlag-fuer-auto-laden-reparatur-oder-service-152-x-229-cm-abziehen-und-versiegeln-offenes-ende-premium-127-kg-weiss-500-stueck\\\/#primaryimage\"},\"thumbnailUrl\":\"https:\\\/\\\/m.media-amazon.com\\\/images\\\/I\\\/51vAgLRc7gL._SL500_.jpg\",\"datePublished\":\"2023-05-10T09:16:37+00:00\",\"description\":\"Markt-XXL 500 Cashier Depot Umschlag f\u00fcr Auto-Laden-Reparatur oder Service, 15,2 x 22,9 cm, abziehen und versiegeln, offenes Ende, Premium 12,7 kg, Wei\u00df, 500 St\u00fcck\",\"breadcrumb\":{\"@id\":\"https:\\\/\\\/marktxxl.de\\\/markt\\\/produkt\\\/500-cashier-depot-umschlag-fuer-auto-laden-reparatur-oder-service-152-x-229-cm-abziehen-und-versiegeln-offenes-ende-premium-127-kg-weiss-500-stueck\\\/#breadcrumb\"},\"inLanguage\":\"de\",\"potentialAction\":[{\"@type\":\"ReadAction\",\"target\":[\"https:\\\/\\\/marktxxl.de\\\/markt\\\/produkt\\\/500-cashier-depot-umschlag-fuer-auto-laden-reparatur-oder-service-152-x-229-cm-abziehen-und-versiegeln-offenes-ende-premium-127-kg-weiss-500-stueck\\\/\"]}]},{\"@type\":\"ImageObject\",\"inLanguage\":\"de\",\"@id\":\"https:\\\/\\\/marktxxl.de\\\/markt\\\/produkt\\\/500-cashier-depot-umschlag-fuer-auto-laden-reparatur-oder-service-152-x-229-cm-abziehen-und-versiegeln-offenes-ende-premium-127-kg-weiss-500-stueck\\\/#primaryimage\",\"url\":\"https:\\\/\\\/m.media-amazon.com\\\/images\\\/I\\\/51vAgLRc7gL._SL500_.jpg\",\"contentUrl\":\"https:\\\/\\\/m.media-amazon.com\\\/images\\\/I\\\/51vAgLRc7gL._SL500_.jpg\",\"width\":336,\"height\":500},{\"@type\":\"BreadcrumbList\",\"@id\":\"https:\\\/\\\/marktxxl.de\\\/markt\\\/produkt\\\/500-cashier-depot-umschlag-fuer-auto-laden-reparatur-oder-service-152-x-229-cm-abziehen-und-versiegeln-offenes-ende-premium-127-kg-weiss-500-stueck\\\/#breadcrumb\",\"itemListElement\":[{\"@type\":\"ListItem\",\"position\":1,\"name\":\"Startseite\",\"item\":\"https:\\\/\\\/marktxxl.de\\\/markt\\\/\"},{\"@type\":\"ListItem\",\"position\":2,\"name\":\"Markt\",\"item\":\"https:\\\/\\\/marktxxl.de\\\/markt\\\/\"},{\"@type\":\"ListItem\",\"position\":3,\"name\":\"500 Cashier Depot Umschlag f\u00fcr Auto-Laden-Reparatur oder Service, 15,2 x 22,9 cm, abziehen und versiegeln, offenes Ende, Premium 12,7 kg, Wei\u00df, 500 St\u00fcck\"}]},{\"@type\":\"WebSite\",\"@id\":\"https:\\\/\\\/marktxxl.de\\\/markt\\\/#website\",\"url\":\"https:\\\/\\\/marktxxl.de\\\/markt\\\/\",\"name\":\"Markt-XXL\",\"description\":\"Ihr Markt Online\",\"publisher\":{\"@id\":\"https:\\\/\\\/marktxxl.de\\\/markt\\\/#organization\"},\"potentialAction\":[{\"@type\":\"SearchAction\",\"target\":{\"@type\":\"EntryPoint\",\"urlTemplate\":\"https:\\\/\\\/marktxxl.de\\\/markt\\\/?s={search_term_string}\"},\"query-input\":{\"@type\":\"PropertyValueSpecification\",\"valueRequired\":true,\"valueName\":\"search_term_string\"}}],\"inLanguage\":\"de\"},{\"@type\":\"Organization\",\"@id\":\"https:\\\/\\\/marktxxl.de\\\/markt\\\/#organization\",\"name\":\"Markt-XXL\",\"url\":\"https:\\\/\\\/marktxxl.de\\\/markt\\\/\",\"logo\":{\"@type\":\"ImageObject\",\"inLanguage\":\"de\",\"@id\":\"https:\\\/\\\/marktxxl.de\\\/markt\\\/#\\\/schema\\\/logo\\\/image\\\/\",\"url\":\"https:\\\/\\\/marktxxl.de\\\/markt\\\/wp-content\\\/uploads\\\/sites\\\/3\\\/2020\\\/12\\\/logo.png\",\"contentUrl\":\"https:\\\/\\\/marktxxl.de\\\/markt\\\/wp-content\\\/uploads\\\/sites\\\/3\\\/2020\\\/12\\\/logo.png\",\"width\":200,\"height\":70,\"caption\":\"Markt-XXL\"},\"image\":{\"@id\":\"https:\\\/\\\/marktxxl.de\\\/markt\\\/#\\\/schema\\\/logo\\\/image\\\/\"}}]}<\/script>\n<!-- \/ Yoast SEO plugin. -->","yoast_head_json":{"title":"500 Cashier Depot Umschlag f\u00fcr Auto-Laden-Reparatur oder Service, 15,2 x 22,9 cm, abziehen und versiegeln, offenes Ende, Premium 12,7 kg, Wei\u00df, 500 St\u00fcck - Markt-XXL","description":"Markt-XXL 500 Cashier Depot Umschlag f\u00fcr Auto-Laden-Reparatur oder Service, 15,2 x 22,9 cm, abziehen und versiegeln, offenes Ende, Premium 12,7 kg, Wei\u00df, 500 St\u00fcck","robots":{"index":"index","follow":"follow","max-snippet":"max-snippet:-1","max-image-preview":"max-image-preview:large","max-video-preview":"max-video-preview:-1"},"canonical":"https:\/\/marktxxl.de\/markt\/produkt\/500-cashier-depot-umschlag-fuer-auto-laden-reparatur-oder-service-152-x-229-cm-abziehen-und-versiegeln-offenes-ende-premium-127-kg-weiss-500-stueck\/","og_locale":"de_DE","og_type":"article","og_title":"500 Cashier Depot Umschlag f\u00fcr Auto-Laden-Reparatur oder Service, 15,2 x 22,9 cm, abziehen und versiegeln, offenes Ende, Premium 12,7 kg, Wei\u00df, 500 St\u00fcck - Markt-XXL","og_description":"Markt-XXL 500 Cashier Depot Umschlag f\u00fcr Auto-Laden-Reparatur oder Service, 15,2 x 22,9 cm, abziehen und versiegeln, offenes Ende, Premium 12,7 kg, Wei\u00df, 500 St\u00fcck","og_url":"https:\/\/marktxxl.de\/markt\/produkt\/500-cashier-depot-umschlag-fuer-auto-laden-reparatur-oder-service-152-x-229-cm-abziehen-und-versiegeln-offenes-ende-premium-127-kg-weiss-500-stueck\/","og_site_name":"Markt-XXL","twitter_card":"summary_large_image","twitter_misc":{"Gesch\u00e4tzte Lesezeit":"1\u00a0Minute"},"schema":{"@context":"https:\/\/schema.org","@graph":[{"@type":"WebPage","@id":"https:\/\/marktxxl.de\/markt\/produkt\/500-cashier-depot-umschlag-fuer-auto-laden-reparatur-oder-service-152-x-229-cm-abziehen-und-versiegeln-offenes-ende-premium-127-kg-weiss-500-stueck\/","url":"https:\/\/marktxxl.de\/markt\/produkt\/500-cashier-depot-umschlag-fuer-auto-laden-reparatur-oder-service-152-x-229-cm-abziehen-und-versiegeln-offenes-ende-premium-127-kg-weiss-500-stueck\/","name":"500 Cashier Depot Umschlag f\u00fcr Auto-Laden-Reparatur oder Service, 15,2 x 22,9 cm, abziehen und versiegeln, offenes Ende, Premium 12,7 kg, Wei\u00df, 500 St\u00fcck - Markt-XXL","isPartOf":{"@id":"https:\/\/marktxxl.de\/markt\/#website"},"primaryImageOfPage":{"@id":"https:\/\/marktxxl.de\/markt\/produkt\/500-cashier-depot-umschlag-fuer-auto-laden-reparatur-oder-service-152-x-229-cm-abziehen-und-versiegeln-offenes-ende-premium-127-kg-weiss-500-stueck\/#primaryimage"},"image":{"@id":"https:\/\/marktxxl.de\/markt\/produkt\/500-cashier-depot-umschlag-fuer-auto-laden-reparatur-oder-service-152-x-229-cm-abziehen-und-versiegeln-offenes-ende-premium-127-kg-weiss-500-stueck\/#primaryimage"},"thumbnailUrl":"https:\/\/m.media-amazon.com\/images\/I\/51vAgLRc7gL._SL500_.jpg","datePublished":"2023-05-10T09:16:37+00:00","description":"Markt-XXL 500 Cashier Depot Umschlag f\u00fcr Auto-Laden-Reparatur oder Service, 15,2 x 22,9 cm, abziehen und versiegeln, offenes Ende, Premium 12,7 kg, Wei\u00df, 500 St\u00fcck","breadcrumb":{"@id":"https:\/\/marktxxl.de\/markt\/produkt\/500-cashier-depot-umschlag-fuer-auto-laden-reparatur-oder-service-152-x-229-cm-abziehen-und-versiegeln-offenes-ende-premium-127-kg-weiss-500-stueck\/#breadcrumb"},"inLanguage":"de","potentialAction":[{"@type":"ReadAction","target":["https:\/\/marktxxl.de\/markt\/produkt\/500-cashier-depot-umschlag-fuer-auto-laden-reparatur-oder-service-152-x-229-cm-abziehen-und-versiegeln-offenes-ende-premium-127-kg-weiss-500-stueck\/"]}]},{"@type":"ImageObject","inLanguage":"de","@id":"https:\/\/marktxxl.de\/markt\/produkt\/500-cashier-depot-umschlag-fuer-auto-laden-reparatur-oder-service-152-x-229-cm-abziehen-und-versiegeln-offenes-ende-premium-127-kg-weiss-500-stueck\/#primaryimage","url":"https:\/\/m.media-amazon.com\/images\/I\/51vAgLRc7gL._SL500_.jpg","contentUrl":"https:\/\/m.media-amazon.com\/images\/I\/51vAgLRc7gL._SL500_.jpg","width":336,"height":500},{"@type":"BreadcrumbList","@id":"https:\/\/marktxxl.de\/markt\/produkt\/500-cashier-depot-umschlag-fuer-auto-laden-reparatur-oder-service-152-x-229-cm-abziehen-und-versiegeln-offenes-ende-premium-127-kg-weiss-500-stueck\/#breadcrumb","itemListElement":[{"@type":"ListItem","position":1,"name":"Startseite","item":"https:\/\/marktxxl.de\/markt\/"},{"@type":"ListItem","position":2,"name":"Markt","item":"https:\/\/marktxxl.de\/markt\/"},{"@type":"ListItem","position":3,"name":"500 Cashier Depot Umschlag f\u00fcr Auto-Laden-Reparatur oder Service, 15,2 x 22,9 cm, abziehen und versiegeln, offenes Ende, Premium 12,7 kg, Wei\u00df, 500 St\u00fcck"}]},{"@type":"WebSite","@id":"https:\/\/marktxxl.de\/markt\/#website","url":"https:\/\/marktxxl.de\/markt\/","name":"Markt-XXL","description":"Ihr Markt Online","publisher":{"@id":"https:\/\/marktxxl.de\/markt\/#organization"},"potentialAction":[{"@type":"SearchAction","target":{"@type":"EntryPoint","urlTemplate":"https:\/\/marktxxl.de\/markt\/?s={search_term_string}"},"query-input":{"@type":"PropertyValueSpecification","valueRequired":true,"valueName":"search_term_string"}}],"inLanguage":"de"},{"@type":"Organization","@id":"https:\/\/marktxxl.de\/markt\/#organization","name":"Markt-XXL","url":"https:\/\/marktxxl.de\/markt\/","logo":{"@type":"ImageObject","inLanguage":"de","@id":"https:\/\/marktxxl.de\/markt\/#\/schema\/logo\/image\/","url":"https:\/\/marktxxl.de\/markt\/wp-content\/uploads\/sites\/3\/2020\/12\/logo.png","contentUrl":"https:\/\/marktxxl.de\/markt\/wp-content\/uploads\/sites\/3\/2020\/12\/logo.png","width":200,"height":70,"caption":"Markt-XXL"},"image":{"@id":"https:\/\/marktxxl.de\/markt\/#\/schema\/logo\/image\/"}}]}},"_links":{"self":[{"href":"https:\/\/marktxxl.de\/markt\/wp-json\/wp\/v2\/product\/205113","targetHints":{"allow":["GET"]}}],"collection":[{"href":"https:\/\/marktxxl.de\/markt\/wp-json\/wp\/v2\/product"}],"about":[{"href":"https:\/\/marktxxl.de\/markt\/wp-json\/wp\/v2\/types\/product"}],"replies":[{"embeddable":true,"href":"https:\/\/marktxxl.de\/markt\/wp-json\/wp\/v2\/comments?post=205113"}],"wp:featuredmedia":[{"embeddable":true,"href":"https:\/\/marktxxl.de\/markt\/wp-json\/wp\/v2\/media\/205114"}],"wp:attachment":[{"href":"https:\/\/marktxxl.de\/markt\/wp-json\/wp\/v2\/media?parent=205113"}],"wp:term":[{"taxonomy":"product_brand","embeddable":true,"href":"https:\/\/marktxxl.de\/markt\/wp-json\/wp\/v2\/product_brand?post=205113"},{"taxonomy":"product_cat","embeddable":true,"href":"https:\/\/marktxxl.de\/markt\/wp-json\/wp\/v2\/product_cat?post=205113"},{"taxonomy":"product_tag","embeddable":true,"href":"https:\/\/marktxxl.de\/markt\/wp-json\/wp\/v2\/product_tag?post=205113"}],"curies":[{"name":"wp","href":"https:\/\/api.w.org\/{rel}","templated":true}]}}