{"id":205075,"date":"2023-05-10T11:10:09","date_gmt":"2023-05-10T09:10:09","guid":{"rendered":"https:\/\/marktxxl.de\/markt\/produkt\/blue-q-reissverschlusstasche-aus-95-recyceltem-material-18-cm-h-x-24-cm-b-bunter-klobiger-reissverschluss\/"},"modified":"2023-05-10T11:10:09","modified_gmt":"2023-05-10T09:10:09","slug":"blue-q-reissverschlusstasche-aus-95-recyceltem-material-18-cm-h-x-24-cm-b-bunter-klobiger-reissverschluss","status":"publish","type":"product","link":"https:\/\/marktxxl.de\/markt\/produkt\/blue-q-reissverschlusstasche-aus-95-recyceltem-material-18-cm-h-x-24-cm-b-bunter-klobiger-reissverschluss\/","title":{"rendered":"Blue Q Rei\u00dfverschlusstasche, aus 95 % recyceltem Material, 18 cm H x 24 cm B, bunter klobiger Rei\u00dfverschluss"},"content":{"rendered":"<p>Sehr beste Qualit\u00e4t: Die blauen Q-Rei\u00dfverschlusstaschen sind stark, robust und langlebig. Korrale die Unordnung! Dies ist die ultimative Tasche, um Ihre gr\u00f6\u00dfere Tasche zu organisieren. Verstauen Sie Ihr Make-up, Bleistifte, Scheckbuch, Quittungen, Reisedokumente und vieles mehr. Der gro\u00dfe Rei\u00dfverschluss und das robuste Material machen ihn perfekt f\u00fcr ein Leben lang.<br \/>\nNicht Ihre normale Tasche: getr\u00e4nkt in blauer Q-Kunst und witzig, diese Tasche ist aus 95% recyceltem Polypropylen gewebt.<br \/>\nGELB BACK: 1% des Verkaufs von Blue Q Taschen unterst\u00fctzt Umweltinitiativen auf der ganzen Welt.<br \/>\nDAS SYSTEM F\u00dcR IHREN STUFF: Blue Q Taschen organisieren, Korral, Reisen und Transport. In den letzten 15 Jahren haben wir mehr als 600 Designs auf 12 Beutelformen kreiert. Wir haben wahrscheinlich eine, die Sie lieben werden.<br \/>\n<div class=\"main-cross-sell\" data-asin=\"B07WLMMQP8\">\n\n\t<div class=\"WooZone-cross-sell-loader\">\n\t\t<div>\n\t\t\t<div id=\"floatingBarsG\">\n\t\t\t\t<div class=\"blockG\" id=\"rotateG_01\"><\/div>\n\t\t\t\t<div class=\"blockG\" id=\"rotateG_02\"><\/div>\n\t\t\t\t<div class=\"blockG\" id=\"rotateG_03\"><\/div>\n\t\t\t\t<div class=\"blockG\" id=\"rotateG_04\"><\/div>\n\t\t\t\t<div class=\"blockG\" id=\"rotateG_05\"><\/div>\n\t\t\t\t<div class=\"blockG\" id=\"rotateG_06\"><\/div>\n\t\t\t\t<div class=\"blockG\" id=\"rotateG_07\"><\/div>\n\t\t\t\t<div class=\"blockG\" id=\"rotateG_08\"><\/div>\n\t\t\t<\/div>\n\t\t\t<div class=\"WooZone-cross-sell-loader-text\"><\/div>\n\t\t<\/div>\n\t<\/div>\n\n\t\t\n<\/div>\n<div style=\"clear:both;\"><\/div><\/p>\n","protected":false},"excerpt":{"rendered":"<p>Sehr beste Qualit\u00e4t: Die blauen Q-Rei\u00dfverschlusstaschen sind stark, robust und langlebig. Korrale die Unordnung! Dies ist die ultimative Tasche, um Ihre gr\u00f6\u00dfere Tasche zu organisieren. Verstauen Sie Ihr Make-up, Bleistifte, Scheckbuch, Quittungen, Reisedokumente und vieles mehr. Der gro\u00dfe Rei\u00dfverschluss und das robuste Material machen ihn perfekt f\u00fcr ein Leben lang.<br \/>\nNicht Ihre normale Tasche: getr\u00e4nkt in blauer Q-Kunst und witzig, diese Tasche ist aus 95% recyceltem Polypropylen gewebt.<br \/>\nGELB BACK: 1% des Verkaufs von Blue Q Taschen unterst\u00fctzt Umweltinitiativen auf der ganzen Welt.<\/p>\n","protected":false},"featured_media":205076,"comment_status":"open","ping_status":"closed","template":"","meta":[],"product_brand":[],"product_cat":[504,8631],"product_tag":[],"class_list":{"0":"post-205075","1":"product","2":"type-product","3":"status-publish","4":"has-post-thumbnail","6":"product_cat-buerobedarf-schreibwaren","7":"product_cat-schul-unibedarf","8":"pa_binding-buerobedarf-schreibwaren","9":"pa_brand-blue-q","10":"pa_manufacturer-blue-q","12":"first","13":"instock","14":"shipping-taxable","15":"product-type-simple","16":"customify-col","17":"product-has-gallery"},"yoast_head":"<!-- This site is optimized with the Yoast SEO plugin v27.3 - https:\/\/yoast.com\/product\/yoast-seo-wordpress\/ -->\n<title>Blue Q Rei\u00dfverschlusstasche, aus 95 % recyceltem Material, 18 cm H x 24 cm B, bunter klobiger Rei\u00dfverschluss - Markt-XXL<\/title>\n<meta name=\"description\" content=\"Markt-XXL Blue Q Rei\u00dfverschlusstasche, aus 95 % recyceltem Material, 18 cm H x 24 cm B, bunter klobiger Rei\u00dfverschluss\" \/>\n<meta name=\"robots\" content=\"index, follow, max-snippet:-1, max-image-preview:large, max-video-preview:-1\" \/>\n<link rel=\"canonical\" href=\"https:\/\/marktxxl.de\/markt\/produkt\/blue-q-reissverschlusstasche-aus-95-recyceltem-material-18-cm-h-x-24-cm-b-bunter-klobiger-reissverschluss\/\" \/>\n<meta property=\"og:locale\" content=\"de_DE\" \/>\n<meta property=\"og:type\" content=\"article\" \/>\n<meta property=\"og:title\" content=\"Blue Q Rei\u00dfverschlusstasche, aus 95 % recyceltem Material, 18 cm H x 24 cm B, bunter klobiger Rei\u00dfverschluss - Markt-XXL\" \/>\n<meta property=\"og:description\" content=\"Markt-XXL Blue Q Rei\u00dfverschlusstasche, aus 95 % recyceltem Material, 18 cm H x 24 cm B, bunter klobiger Rei\u00dfverschluss\" \/>\n<meta property=\"og:url\" content=\"https:\/\/marktxxl.de\/markt\/produkt\/blue-q-reissverschlusstasche-aus-95-recyceltem-material-18-cm-h-x-24-cm-b-bunter-klobiger-reissverschluss\/\" \/>\n<meta property=\"og:site_name\" content=\"Markt-XXL\" \/>\n<meta name=\"twitter:card\" content=\"summary_large_image\" \/>\n<meta name=\"twitter:label1\" content=\"Gesch\u00e4tzte Lesezeit\" \/>\n\t<meta name=\"twitter:data1\" content=\"1\u00a0Minute\" \/>\n<script type=\"application\/ld+json\" class=\"yoast-schema-graph\">{\"@context\":\"https:\\\/\\\/schema.org\",\"@graph\":[{\"@type\":\"WebPage\",\"@id\":\"https:\\\/\\\/marktxxl.de\\\/markt\\\/produkt\\\/blue-q-reissverschlusstasche-aus-95-recyceltem-material-18-cm-h-x-24-cm-b-bunter-klobiger-reissverschluss\\\/\",\"url\":\"https:\\\/\\\/marktxxl.de\\\/markt\\\/produkt\\\/blue-q-reissverschlusstasche-aus-95-recyceltem-material-18-cm-h-x-24-cm-b-bunter-klobiger-reissverschluss\\\/\",\"name\":\"Blue Q Rei\u00dfverschlusstasche, aus 95 % recyceltem Material, 18 cm H x 24 cm B, bunter klobiger Rei\u00dfverschluss - Markt-XXL\",\"isPartOf\":{\"@id\":\"https:\\\/\\\/marktxxl.de\\\/markt\\\/#website\"},\"primaryImageOfPage\":{\"@id\":\"https:\\\/\\\/marktxxl.de\\\/markt\\\/produkt\\\/blue-q-reissverschlusstasche-aus-95-recyceltem-material-18-cm-h-x-24-cm-b-bunter-klobiger-reissverschluss\\\/#primaryimage\"},\"image\":{\"@id\":\"https:\\\/\\\/marktxxl.de\\\/markt\\\/produkt\\\/blue-q-reissverschlusstasche-aus-95-recyceltem-material-18-cm-h-x-24-cm-b-bunter-klobiger-reissverschluss\\\/#primaryimage\"},\"thumbnailUrl\":\"https:\\\/\\\/m.media-amazon.com\\\/images\\\/I\\\/41014+An2IL._SL500_.jpg\",\"datePublished\":\"2023-05-10T09:10:09+00:00\",\"description\":\"Markt-XXL Blue Q Rei\u00dfverschlusstasche, aus 95 % recyceltem Material, 18 cm H x 24 cm B, bunter klobiger Rei\u00dfverschluss\",\"breadcrumb\":{\"@id\":\"https:\\\/\\\/marktxxl.de\\\/markt\\\/produkt\\\/blue-q-reissverschlusstasche-aus-95-recyceltem-material-18-cm-h-x-24-cm-b-bunter-klobiger-reissverschluss\\\/#breadcrumb\"},\"inLanguage\":\"de\",\"potentialAction\":[{\"@type\":\"ReadAction\",\"target\":[\"https:\\\/\\\/marktxxl.de\\\/markt\\\/produkt\\\/blue-q-reissverschlusstasche-aus-95-recyceltem-material-18-cm-h-x-24-cm-b-bunter-klobiger-reissverschluss\\\/\"]}]},{\"@type\":\"ImageObject\",\"inLanguage\":\"de\",\"@id\":\"https:\\\/\\\/marktxxl.de\\\/markt\\\/produkt\\\/blue-q-reissverschlusstasche-aus-95-recyceltem-material-18-cm-h-x-24-cm-b-bunter-klobiger-reissverschluss\\\/#primaryimage\",\"url\":\"https:\\\/\\\/m.media-amazon.com\\\/images\\\/I\\\/41014+An2IL._SL500_.jpg\",\"contentUrl\":\"https:\\\/\\\/m.media-amazon.com\\\/images\\\/I\\\/41014+An2IL._SL500_.jpg\",\"width\":500,\"height\":373},{\"@type\":\"BreadcrumbList\",\"@id\":\"https:\\\/\\\/marktxxl.de\\\/markt\\\/produkt\\\/blue-q-reissverschlusstasche-aus-95-recyceltem-material-18-cm-h-x-24-cm-b-bunter-klobiger-reissverschluss\\\/#breadcrumb\",\"itemListElement\":[{\"@type\":\"ListItem\",\"position\":1,\"name\":\"Startseite\",\"item\":\"https:\\\/\\\/marktxxl.de\\\/markt\\\/\"},{\"@type\":\"ListItem\",\"position\":2,\"name\":\"Markt\",\"item\":\"https:\\\/\\\/marktxxl.de\\\/markt\\\/\"},{\"@type\":\"ListItem\",\"position\":3,\"name\":\"Blue Q Rei\u00dfverschlusstasche, aus 95 % recyceltem Material, 18 cm H x 24 cm B, bunter klobiger Rei\u00dfverschluss\"}]},{\"@type\":\"WebSite\",\"@id\":\"https:\\\/\\\/marktxxl.de\\\/markt\\\/#website\",\"url\":\"https:\\\/\\\/marktxxl.de\\\/markt\\\/\",\"name\":\"Markt-XXL\",\"description\":\"Ihr Markt Online\",\"publisher\":{\"@id\":\"https:\\\/\\\/marktxxl.de\\\/markt\\\/#organization\"},\"potentialAction\":[{\"@type\":\"SearchAction\",\"target\":{\"@type\":\"EntryPoint\",\"urlTemplate\":\"https:\\\/\\\/marktxxl.de\\\/markt\\\/?s={search_term_string}\"},\"query-input\":{\"@type\":\"PropertyValueSpecification\",\"valueRequired\":true,\"valueName\":\"search_term_string\"}}],\"inLanguage\":\"de\"},{\"@type\":\"Organization\",\"@id\":\"https:\\\/\\\/marktxxl.de\\\/markt\\\/#organization\",\"name\":\"Markt-XXL\",\"url\":\"https:\\\/\\\/marktxxl.de\\\/markt\\\/\",\"logo\":{\"@type\":\"ImageObject\",\"inLanguage\":\"de\",\"@id\":\"https:\\\/\\\/marktxxl.de\\\/markt\\\/#\\\/schema\\\/logo\\\/image\\\/\",\"url\":\"https:\\\/\\\/marktxxl.de\\\/markt\\\/wp-content\\\/uploads\\\/sites\\\/3\\\/2020\\\/12\\\/logo.png\",\"contentUrl\":\"https:\\\/\\\/marktxxl.de\\\/markt\\\/wp-content\\\/uploads\\\/sites\\\/3\\\/2020\\\/12\\\/logo.png\",\"width\":200,\"height\":70,\"caption\":\"Markt-XXL\"},\"image\":{\"@id\":\"https:\\\/\\\/marktxxl.de\\\/markt\\\/#\\\/schema\\\/logo\\\/image\\\/\"}}]}<\/script>\n<!-- \/ Yoast SEO plugin. -->","yoast_head_json":{"title":"Blue Q Rei\u00dfverschlusstasche, aus 95 % recyceltem Material, 18 cm H x 24 cm B, bunter klobiger Rei\u00dfverschluss - Markt-XXL","description":"Markt-XXL Blue Q Rei\u00dfverschlusstasche, aus 95 % recyceltem Material, 18 cm H x 24 cm B, bunter klobiger Rei\u00dfverschluss","robots":{"index":"index","follow":"follow","max-snippet":"max-snippet:-1","max-image-preview":"max-image-preview:large","max-video-preview":"max-video-preview:-1"},"canonical":"https:\/\/marktxxl.de\/markt\/produkt\/blue-q-reissverschlusstasche-aus-95-recyceltem-material-18-cm-h-x-24-cm-b-bunter-klobiger-reissverschluss\/","og_locale":"de_DE","og_type":"article","og_title":"Blue Q Rei\u00dfverschlusstasche, aus 95 % recyceltem Material, 18 cm H x 24 cm B, bunter klobiger Rei\u00dfverschluss - Markt-XXL","og_description":"Markt-XXL Blue Q Rei\u00dfverschlusstasche, aus 95 % recyceltem Material, 18 cm H x 24 cm B, bunter klobiger Rei\u00dfverschluss","og_url":"https:\/\/marktxxl.de\/markt\/produkt\/blue-q-reissverschlusstasche-aus-95-recyceltem-material-18-cm-h-x-24-cm-b-bunter-klobiger-reissverschluss\/","og_site_name":"Markt-XXL","twitter_card":"summary_large_image","twitter_misc":{"Gesch\u00e4tzte Lesezeit":"1\u00a0Minute"},"schema":{"@context":"https:\/\/schema.org","@graph":[{"@type":"WebPage","@id":"https:\/\/marktxxl.de\/markt\/produkt\/blue-q-reissverschlusstasche-aus-95-recyceltem-material-18-cm-h-x-24-cm-b-bunter-klobiger-reissverschluss\/","url":"https:\/\/marktxxl.de\/markt\/produkt\/blue-q-reissverschlusstasche-aus-95-recyceltem-material-18-cm-h-x-24-cm-b-bunter-klobiger-reissverschluss\/","name":"Blue Q Rei\u00dfverschlusstasche, aus 95 % recyceltem Material, 18 cm H x 24 cm B, bunter klobiger Rei\u00dfverschluss - Markt-XXL","isPartOf":{"@id":"https:\/\/marktxxl.de\/markt\/#website"},"primaryImageOfPage":{"@id":"https:\/\/marktxxl.de\/markt\/produkt\/blue-q-reissverschlusstasche-aus-95-recyceltem-material-18-cm-h-x-24-cm-b-bunter-klobiger-reissverschluss\/#primaryimage"},"image":{"@id":"https:\/\/marktxxl.de\/markt\/produkt\/blue-q-reissverschlusstasche-aus-95-recyceltem-material-18-cm-h-x-24-cm-b-bunter-klobiger-reissverschluss\/#primaryimage"},"thumbnailUrl":"https:\/\/m.media-amazon.com\/images\/I\/41014+An2IL._SL500_.jpg","datePublished":"2023-05-10T09:10:09+00:00","description":"Markt-XXL Blue Q Rei\u00dfverschlusstasche, aus 95 % recyceltem Material, 18 cm H x 24 cm B, bunter klobiger Rei\u00dfverschluss","breadcrumb":{"@id":"https:\/\/marktxxl.de\/markt\/produkt\/blue-q-reissverschlusstasche-aus-95-recyceltem-material-18-cm-h-x-24-cm-b-bunter-klobiger-reissverschluss\/#breadcrumb"},"inLanguage":"de","potentialAction":[{"@type":"ReadAction","target":["https:\/\/marktxxl.de\/markt\/produkt\/blue-q-reissverschlusstasche-aus-95-recyceltem-material-18-cm-h-x-24-cm-b-bunter-klobiger-reissverschluss\/"]}]},{"@type":"ImageObject","inLanguage":"de","@id":"https:\/\/marktxxl.de\/markt\/produkt\/blue-q-reissverschlusstasche-aus-95-recyceltem-material-18-cm-h-x-24-cm-b-bunter-klobiger-reissverschluss\/#primaryimage","url":"https:\/\/m.media-amazon.com\/images\/I\/41014+An2IL._SL500_.jpg","contentUrl":"https:\/\/m.media-amazon.com\/images\/I\/41014+An2IL._SL500_.jpg","width":500,"height":373},{"@type":"BreadcrumbList","@id":"https:\/\/marktxxl.de\/markt\/produkt\/blue-q-reissverschlusstasche-aus-95-recyceltem-material-18-cm-h-x-24-cm-b-bunter-klobiger-reissverschluss\/#breadcrumb","itemListElement":[{"@type":"ListItem","position":1,"name":"Startseite","item":"https:\/\/marktxxl.de\/markt\/"},{"@type":"ListItem","position":2,"name":"Markt","item":"https:\/\/marktxxl.de\/markt\/"},{"@type":"ListItem","position":3,"name":"Blue Q Rei\u00dfverschlusstasche, aus 95 % recyceltem Material, 18 cm H x 24 cm B, bunter klobiger Rei\u00dfverschluss"}]},{"@type":"WebSite","@id":"https:\/\/marktxxl.de\/markt\/#website","url":"https:\/\/marktxxl.de\/markt\/","name":"Markt-XXL","description":"Ihr Markt Online","publisher":{"@id":"https:\/\/marktxxl.de\/markt\/#organization"},"potentialAction":[{"@type":"SearchAction","target":{"@type":"EntryPoint","urlTemplate":"https:\/\/marktxxl.de\/markt\/?s={search_term_string}"},"query-input":{"@type":"PropertyValueSpecification","valueRequired":true,"valueName":"search_term_string"}}],"inLanguage":"de"},{"@type":"Organization","@id":"https:\/\/marktxxl.de\/markt\/#organization","name":"Markt-XXL","url":"https:\/\/marktxxl.de\/markt\/","logo":{"@type":"ImageObject","inLanguage":"de","@id":"https:\/\/marktxxl.de\/markt\/#\/schema\/logo\/image\/","url":"https:\/\/marktxxl.de\/markt\/wp-content\/uploads\/sites\/3\/2020\/12\/logo.png","contentUrl":"https:\/\/marktxxl.de\/markt\/wp-content\/uploads\/sites\/3\/2020\/12\/logo.png","width":200,"height":70,"caption":"Markt-XXL"},"image":{"@id":"https:\/\/marktxxl.de\/markt\/#\/schema\/logo\/image\/"}}]}},"_links":{"self":[{"href":"https:\/\/marktxxl.de\/markt\/wp-json\/wp\/v2\/product\/205075","targetHints":{"allow":["GET"]}}],"collection":[{"href":"https:\/\/marktxxl.de\/markt\/wp-json\/wp\/v2\/product"}],"about":[{"href":"https:\/\/marktxxl.de\/markt\/wp-json\/wp\/v2\/types\/product"}],"replies":[{"embeddable":true,"href":"https:\/\/marktxxl.de\/markt\/wp-json\/wp\/v2\/comments?post=205075"}],"wp:featuredmedia":[{"embeddable":true,"href":"https:\/\/marktxxl.de\/markt\/wp-json\/wp\/v2\/media\/205076"}],"wp:attachment":[{"href":"https:\/\/marktxxl.de\/markt\/wp-json\/wp\/v2\/media?parent=205075"}],"wp:term":[{"taxonomy":"product_brand","embeddable":true,"href":"https:\/\/marktxxl.de\/markt\/wp-json\/wp\/v2\/product_brand?post=205075"},{"taxonomy":"product_cat","embeddable":true,"href":"https:\/\/marktxxl.de\/markt\/wp-json\/wp\/v2\/product_cat?post=205075"},{"taxonomy":"product_tag","embeddable":true,"href":"https:\/\/marktxxl.de\/markt\/wp-json\/wp\/v2\/product_tag?post=205075"}],"curies":[{"name":"wp","href":"https:\/\/api.w.org\/{rel}","templated":true}]}}