{"id":204886,"date":"2023-05-10T09:55:18","date_gmt":"2023-05-10T07:55:18","guid":{"rendered":"https:\/\/marktxxl.de\/markt\/produkt\/ersatz-buerostuhl-rollen-fuer-teppich-holz-fliesen-5er-set-premium-qualitaet-buerostuhl-rollen-fuer-arbeit-gaming-stuhl-glatte-geraeuschfreie-gummirad-fuer-buerostuhl\/"},"modified":"2023-05-10T09:55:18","modified_gmt":"2023-05-10T07:55:18","slug":"ersatz-buerostuhl-rollen-fuer-teppich-holz-fliesen-5er-set-premium-qualitaet-buerostuhl-rollen-fuer-arbeit-gaming-stuhl-glatte-geraeuschfreie-gummirad-fuer-buerostuhl","status":"publish","type":"product","link":"https:\/\/marktxxl.de\/markt\/produkt\/ersatz-buerostuhl-rollen-fuer-teppich-holz-fliesen-5er-set-premium-qualitaet-buerostuhl-rollen-fuer-arbeit-gaming-stuhl-glatte-geraeuschfreie-gummirad-fuer-buerostuhl\/","title":{"rendered":"Ersatz B\u00fcrostuhl Rollen f\u00fcr Teppich, Holz &amp; Fliesen 5er Set &#8211; Premium Qualit\u00e4t B\u00fcrostuhl Rollen f\u00fcr Arbeit &amp; Gaming Stuhl &#8211; Glatte &amp; ger\u00e4uschfreie Gummirad f\u00fcr B\u00fcrostuhl"},"content":{"rendered":"<p>Sicher f\u00fcr alle B\u00f6den: Unsere Rollen f\u00fcr B\u00fcrostuhl sind aus weichem Nylon-Gummi mit einer Polyurethan-Au\u00dfenseite, sie hinterlassen keine Spuren auf Ihrem Boden. Perfekt f\u00fcr Hartholz, Laminat, Fliesen, Vinyl und Teppich &#8211; kein Bodenschutz mehr n\u00f6tig<br \/>\nMAXIMALE MOBILIT\u00c4T: Unsere Rollerblade-R\u00e4der gleiten m\u00fchelos \u00fcber Ihren Arbeitsplatz und Ihr B\u00fcro. Unsere verst\u00e4rkte vertikale Schwenkachse und zwei \u00f6ldichte Kugellager machen das Gleiten zum Vergn\u00fcgen.<br \/>\nVerbessertes Design: Wir haben unseren Kunden zugeh\u00f6rt, die vertikalen Achskugellager aufger\u00fcstet und die Radkappen \u00fcberarbeitet, um sicherzustellen, dass UNIQ die besten Computer-Tischstuhl-R\u00e4der auf dem Markt bleibt.<br \/>\nSuper leise: Unser Ersatzrad f\u00fcr B\u00fcrost\u00fchle reduziert L\u00e4rm auf ein Minimum und h\u00e4lt Ihren Fokus ohne Ablenkung. Unser patentiertes, leises Design und die kontinuierliche Innovation machen UNIQ zum leisesten Markt.<br \/>\nLanglebig: Unterst\u00fctzt bis zu 295 kg, kann alles bew\u00e4ltigen. Die R\u00e4der, einschlie\u00dflich des Rahmens, sitzen 100 mm hoch, wodurch Ihr Sitz ein Bruchteil h\u00f6her ist und 42 mm \u00fcber Standard-Computerstuhlrollen ist.<br \/>\n<div class=\"main-cross-sell\" data-asin=\"B076CRCKNT\">\n\n\t<div class=\"WooZone-cross-sell-loader\">\n\t\t<div>\n\t\t\t<div id=\"floatingBarsG\">\n\t\t\t\t<div class=\"blockG\" id=\"rotateG_01\"><\/div>\n\t\t\t\t<div class=\"blockG\" id=\"rotateG_02\"><\/div>\n\t\t\t\t<div class=\"blockG\" id=\"rotateG_03\"><\/div>\n\t\t\t\t<div class=\"blockG\" id=\"rotateG_04\"><\/div>\n\t\t\t\t<div class=\"blockG\" id=\"rotateG_05\"><\/div>\n\t\t\t\t<div class=\"blockG\" id=\"rotateG_06\"><\/div>\n\t\t\t\t<div class=\"blockG\" id=\"rotateG_07\"><\/div>\n\t\t\t\t<div class=\"blockG\" id=\"rotateG_08\"><\/div>\n\t\t\t<\/div>\n\t\t\t<div class=\"WooZone-cross-sell-loader-text\"><\/div>\n\t\t<\/div>\n\t<\/div>\n\n\t\t\n<\/div>\n<div style=\"clear:both;\"><\/div><\/p>\n","protected":false},"excerpt":{"rendered":"<p>Sicher f\u00fcr alle B\u00f6den: Unsere Rollen f\u00fcr B\u00fcrostuhl sind aus weichem Nylon-Gummi mit einer Polyurethan-Au\u00dfenseite, sie hinterlassen keine Spuren auf Ihrem Boden. Perfekt f\u00fcr Hartholz, Laminat, Fliesen, Vinyl und Teppich &#8211; kein Bodenschutz mehr n\u00f6tig<br \/>\nMAXIMALE MOBILIT\u00c4T: Unsere Rollerblade-R\u00e4der gleiten m\u00fchelos \u00fcber Ihren Arbeitsplatz und Ihr B\u00fcro. Unsere verst\u00e4rkte vertikale Schwenkachse und zwei \u00f6ldichte Kugellager machen das Gleiten zum Vergn\u00fcgen.<br \/>\nVerbessertes Design: Wir haben unseren Kunden zugeh\u00f6rt, die vertikalen Achskugellager aufger\u00fcstet und die Radkappen \u00fcberarbeitet, um sicherzustellen, dass UNIQ die besten Computer-Tischstuhl-R\u00e4der auf dem Markt bleibt.<\/p>\n","protected":false},"featured_media":204887,"comment_status":"open","ping_status":"closed","template":"","meta":[],"product_brand":[],"product_cat":[504,8312],"product_tag":[],"class_list":{"0":"post-204886","1":"product","2":"type-product","3":"status-publish","4":"has-post-thumbnail","6":"product_cat-buerobedarf-schreibwaren","7":"product_cat-bueromoebel-beleuchtung","8":"pa_binding-buerobedarf-schreibwaren","9":"pa_brand-uniq","10":"pa_color-braun","11":"pa_manufacturer-uniq","12":"pa_model-uniq-1017","14":"first","15":"instock","16":"shipping-taxable","17":"purchasable","18":"product-type-simple","19":"customify-col","20":"product-has-gallery"},"yoast_head":"<!-- This site is optimized with the Yoast SEO plugin v27.4 - https:\/\/yoast.com\/product\/yoast-seo-wordpress\/ -->\n<title>Ersatz B\u00fcrostuhl Rollen f\u00fcr Teppich, Holz &amp; Fliesen 5er Set - Premium Qualit\u00e4t B\u00fcrostuhl Rollen f\u00fcr Arbeit &amp; Gaming Stuhl - Glatte &amp; ger\u00e4uschfreie Gummirad f\u00fcr B\u00fcrostuhl - Markt-XXL<\/title>\n<meta name=\"description\" content=\"Markt-XXL Ersatz B\u00fcrostuhl Rollen f\u00fcr Teppich, Holz &amp; Fliesen 5er Set - Premium Qualit\u00e4t B\u00fcrostuhl Rollen f\u00fcr Arbeit &amp; Gaming Stuhl - Glatte &amp; ger\u00e4uschfreie Gummirad f\u00fcr B\u00fcrostuhl\" \/>\n<meta name=\"robots\" content=\"index, follow, max-snippet:-1, max-image-preview:large, max-video-preview:-1\" \/>\n<link rel=\"canonical\" href=\"https:\/\/marktxxl.de\/markt\/produkt\/ersatz-buerostuhl-rollen-fuer-teppich-holz-fliesen-5er-set-premium-qualitaet-buerostuhl-rollen-fuer-arbeit-gaming-stuhl-glatte-geraeuschfreie-gummirad-fuer-buerostuhl\/\" \/>\n<meta property=\"og:locale\" content=\"de_DE\" \/>\n<meta property=\"og:type\" content=\"article\" \/>\n<meta property=\"og:title\" content=\"Ersatz B\u00fcrostuhl Rollen f\u00fcr Teppich, Holz &amp; Fliesen 5er Set - Premium Qualit\u00e4t B\u00fcrostuhl Rollen f\u00fcr Arbeit &amp; Gaming Stuhl - Glatte &amp; ger\u00e4uschfreie Gummirad f\u00fcr B\u00fcrostuhl - Markt-XXL\" \/>\n<meta property=\"og:description\" content=\"Markt-XXL Ersatz B\u00fcrostuhl Rollen f\u00fcr Teppich, Holz &amp; Fliesen 5er Set - Premium Qualit\u00e4t B\u00fcrostuhl Rollen f\u00fcr Arbeit &amp; Gaming Stuhl - Glatte &amp; ger\u00e4uschfreie Gummirad f\u00fcr B\u00fcrostuhl\" \/>\n<meta property=\"og:url\" content=\"https:\/\/marktxxl.de\/markt\/produkt\/ersatz-buerostuhl-rollen-fuer-teppich-holz-fliesen-5er-set-premium-qualitaet-buerostuhl-rollen-fuer-arbeit-gaming-stuhl-glatte-geraeuschfreie-gummirad-fuer-buerostuhl\/\" \/>\n<meta property=\"og:site_name\" content=\"Markt-XXL\" \/>\n<meta name=\"twitter:card\" content=\"summary_large_image\" \/>\n<meta name=\"twitter:label1\" content=\"Gesch\u00e4tzte Lesezeit\" \/>\n\t<meta name=\"twitter:data1\" content=\"1\u00a0Minute\" \/>\n<script type=\"application\/ld+json\" class=\"yoast-schema-graph\">{\"@context\":\"https:\\\/\\\/schema.org\",\"@graph\":[{\"@type\":\"WebPage\",\"@id\":\"https:\\\/\\\/marktxxl.de\\\/markt\\\/produkt\\\/ersatz-buerostuhl-rollen-fuer-teppich-holz-fliesen-5er-set-premium-qualitaet-buerostuhl-rollen-fuer-arbeit-gaming-stuhl-glatte-geraeuschfreie-gummirad-fuer-buerostuhl\\\/\",\"url\":\"https:\\\/\\\/marktxxl.de\\\/markt\\\/produkt\\\/ersatz-buerostuhl-rollen-fuer-teppich-holz-fliesen-5er-set-premium-qualitaet-buerostuhl-rollen-fuer-arbeit-gaming-stuhl-glatte-geraeuschfreie-gummirad-fuer-buerostuhl\\\/\",\"name\":\"Ersatz B\u00fcrostuhl Rollen f\u00fcr Teppich, Holz &amp; Fliesen 5er Set - Premium Qualit\u00e4t B\u00fcrostuhl Rollen f\u00fcr Arbeit &amp; Gaming Stuhl - Glatte &amp; ger\u00e4uschfreie Gummirad f\u00fcr B\u00fcrostuhl - Markt-XXL\",\"isPartOf\":{\"@id\":\"https:\\\/\\\/marktxxl.de\\\/markt\\\/#website\"},\"primaryImageOfPage\":{\"@id\":\"https:\\\/\\\/marktxxl.de\\\/markt\\\/produkt\\\/ersatz-buerostuhl-rollen-fuer-teppich-holz-fliesen-5er-set-premium-qualitaet-buerostuhl-rollen-fuer-arbeit-gaming-stuhl-glatte-geraeuschfreie-gummirad-fuer-buerostuhl\\\/#primaryimage\"},\"image\":{\"@id\":\"https:\\\/\\\/marktxxl.de\\\/markt\\\/produkt\\\/ersatz-buerostuhl-rollen-fuer-teppich-holz-fliesen-5er-set-premium-qualitaet-buerostuhl-rollen-fuer-arbeit-gaming-stuhl-glatte-geraeuschfreie-gummirad-fuer-buerostuhl\\\/#primaryimage\"},\"thumbnailUrl\":\"https:\\\/\\\/m.media-amazon.com\\\/images\\\/I\\\/41qC7EmorZL._SL500_.jpg\",\"datePublished\":\"2023-05-10T07:55:18+00:00\",\"description\":\"Markt-XXL Ersatz B\u00fcrostuhl Rollen f\u00fcr Teppich, Holz &amp; Fliesen 5er Set - Premium Qualit\u00e4t B\u00fcrostuhl Rollen f\u00fcr Arbeit &amp; Gaming Stuhl - Glatte &amp; ger\u00e4uschfreie Gummirad f\u00fcr B\u00fcrostuhl\",\"breadcrumb\":{\"@id\":\"https:\\\/\\\/marktxxl.de\\\/markt\\\/produkt\\\/ersatz-buerostuhl-rollen-fuer-teppich-holz-fliesen-5er-set-premium-qualitaet-buerostuhl-rollen-fuer-arbeit-gaming-stuhl-glatte-geraeuschfreie-gummirad-fuer-buerostuhl\\\/#breadcrumb\"},\"inLanguage\":\"de\",\"potentialAction\":[{\"@type\":\"ReadAction\",\"target\":[\"https:\\\/\\\/marktxxl.de\\\/markt\\\/produkt\\\/ersatz-buerostuhl-rollen-fuer-teppich-holz-fliesen-5er-set-premium-qualitaet-buerostuhl-rollen-fuer-arbeit-gaming-stuhl-glatte-geraeuschfreie-gummirad-fuer-buerostuhl\\\/\"]}]},{\"@type\":\"ImageObject\",\"inLanguage\":\"de\",\"@id\":\"https:\\\/\\\/marktxxl.de\\\/markt\\\/produkt\\\/ersatz-buerostuhl-rollen-fuer-teppich-holz-fliesen-5er-set-premium-qualitaet-buerostuhl-rollen-fuer-arbeit-gaming-stuhl-glatte-geraeuschfreie-gummirad-fuer-buerostuhl\\\/#primaryimage\",\"url\":\"https:\\\/\\\/m.media-amazon.com\\\/images\\\/I\\\/41qC7EmorZL._SL500_.jpg\",\"contentUrl\":\"https:\\\/\\\/m.media-amazon.com\\\/images\\\/I\\\/41qC7EmorZL._SL500_.jpg\",\"width\":500,\"height\":500},{\"@type\":\"BreadcrumbList\",\"@id\":\"https:\\\/\\\/marktxxl.de\\\/markt\\\/produkt\\\/ersatz-buerostuhl-rollen-fuer-teppich-holz-fliesen-5er-set-premium-qualitaet-buerostuhl-rollen-fuer-arbeit-gaming-stuhl-glatte-geraeuschfreie-gummirad-fuer-buerostuhl\\\/#breadcrumb\",\"itemListElement\":[{\"@type\":\"ListItem\",\"position\":1,\"name\":\"Startseite\",\"item\":\"https:\\\/\\\/marktxxl.de\\\/markt\\\/\"},{\"@type\":\"ListItem\",\"position\":2,\"name\":\"Markt\",\"item\":\"https:\\\/\\\/marktxxl.de\\\/markt\\\/\"},{\"@type\":\"ListItem\",\"position\":3,\"name\":\"Ersatz B\u00fcrostuhl Rollen f\u00fcr Teppich, Holz &amp; Fliesen 5er Set &#8211; Premium Qualit\u00e4t B\u00fcrostuhl Rollen f\u00fcr Arbeit &amp; Gaming Stuhl &#8211; Glatte &amp; ger\u00e4uschfreie Gummirad f\u00fcr B\u00fcrostuhl\"}]},{\"@type\":\"WebSite\",\"@id\":\"https:\\\/\\\/marktxxl.de\\\/markt\\\/#website\",\"url\":\"https:\\\/\\\/marktxxl.de\\\/markt\\\/\",\"name\":\"Markt-XXL\",\"description\":\"Ihr Markt Online\",\"publisher\":{\"@id\":\"https:\\\/\\\/marktxxl.de\\\/markt\\\/#organization\"},\"potentialAction\":[{\"@type\":\"SearchAction\",\"target\":{\"@type\":\"EntryPoint\",\"urlTemplate\":\"https:\\\/\\\/marktxxl.de\\\/markt\\\/?s={search_term_string}\"},\"query-input\":{\"@type\":\"PropertyValueSpecification\",\"valueRequired\":true,\"valueName\":\"search_term_string\"}}],\"inLanguage\":\"de\"},{\"@type\":\"Organization\",\"@id\":\"https:\\\/\\\/marktxxl.de\\\/markt\\\/#organization\",\"name\":\"Markt-XXL\",\"url\":\"https:\\\/\\\/marktxxl.de\\\/markt\\\/\",\"logo\":{\"@type\":\"ImageObject\",\"inLanguage\":\"de\",\"@id\":\"https:\\\/\\\/marktxxl.de\\\/markt\\\/#\\\/schema\\\/logo\\\/image\\\/\",\"url\":\"https:\\\/\\\/marktxxl.de\\\/markt\\\/wp-content\\\/uploads\\\/sites\\\/3\\\/2020\\\/12\\\/logo.png\",\"contentUrl\":\"https:\\\/\\\/marktxxl.de\\\/markt\\\/wp-content\\\/uploads\\\/sites\\\/3\\\/2020\\\/12\\\/logo.png\",\"width\":200,\"height\":70,\"caption\":\"Markt-XXL\"},\"image\":{\"@id\":\"https:\\\/\\\/marktxxl.de\\\/markt\\\/#\\\/schema\\\/logo\\\/image\\\/\"}}]}<\/script>\n<!-- \/ Yoast SEO plugin. -->","yoast_head_json":{"title":"Ersatz B\u00fcrostuhl Rollen f\u00fcr Teppich, Holz &amp; Fliesen 5er Set - Premium Qualit\u00e4t B\u00fcrostuhl Rollen f\u00fcr Arbeit &amp; Gaming Stuhl - Glatte &amp; ger\u00e4uschfreie Gummirad f\u00fcr B\u00fcrostuhl - Markt-XXL","description":"Markt-XXL Ersatz B\u00fcrostuhl Rollen f\u00fcr Teppich, Holz &amp; Fliesen 5er Set - Premium Qualit\u00e4t B\u00fcrostuhl Rollen f\u00fcr Arbeit &amp; Gaming Stuhl - Glatte &amp; ger\u00e4uschfreie Gummirad f\u00fcr B\u00fcrostuhl","robots":{"index":"index","follow":"follow","max-snippet":"max-snippet:-1","max-image-preview":"max-image-preview:large","max-video-preview":"max-video-preview:-1"},"canonical":"https:\/\/marktxxl.de\/markt\/produkt\/ersatz-buerostuhl-rollen-fuer-teppich-holz-fliesen-5er-set-premium-qualitaet-buerostuhl-rollen-fuer-arbeit-gaming-stuhl-glatte-geraeuschfreie-gummirad-fuer-buerostuhl\/","og_locale":"de_DE","og_type":"article","og_title":"Ersatz B\u00fcrostuhl Rollen f\u00fcr Teppich, Holz &amp; Fliesen 5er Set - Premium Qualit\u00e4t B\u00fcrostuhl Rollen f\u00fcr Arbeit &amp; Gaming Stuhl - Glatte &amp; ger\u00e4uschfreie Gummirad f\u00fcr B\u00fcrostuhl - Markt-XXL","og_description":"Markt-XXL Ersatz B\u00fcrostuhl Rollen f\u00fcr Teppich, Holz &amp; Fliesen 5er Set - Premium Qualit\u00e4t B\u00fcrostuhl Rollen f\u00fcr Arbeit &amp; Gaming Stuhl - Glatte &amp; ger\u00e4uschfreie Gummirad f\u00fcr B\u00fcrostuhl","og_url":"https:\/\/marktxxl.de\/markt\/produkt\/ersatz-buerostuhl-rollen-fuer-teppich-holz-fliesen-5er-set-premium-qualitaet-buerostuhl-rollen-fuer-arbeit-gaming-stuhl-glatte-geraeuschfreie-gummirad-fuer-buerostuhl\/","og_site_name":"Markt-XXL","twitter_card":"summary_large_image","twitter_misc":{"Gesch\u00e4tzte Lesezeit":"1\u00a0Minute"},"schema":{"@context":"https:\/\/schema.org","@graph":[{"@type":"WebPage","@id":"https:\/\/marktxxl.de\/markt\/produkt\/ersatz-buerostuhl-rollen-fuer-teppich-holz-fliesen-5er-set-premium-qualitaet-buerostuhl-rollen-fuer-arbeit-gaming-stuhl-glatte-geraeuschfreie-gummirad-fuer-buerostuhl\/","url":"https:\/\/marktxxl.de\/markt\/produkt\/ersatz-buerostuhl-rollen-fuer-teppich-holz-fliesen-5er-set-premium-qualitaet-buerostuhl-rollen-fuer-arbeit-gaming-stuhl-glatte-geraeuschfreie-gummirad-fuer-buerostuhl\/","name":"Ersatz B\u00fcrostuhl Rollen f\u00fcr Teppich, Holz &amp; Fliesen 5er Set - Premium Qualit\u00e4t B\u00fcrostuhl Rollen f\u00fcr Arbeit &amp; Gaming Stuhl - Glatte &amp; ger\u00e4uschfreie Gummirad f\u00fcr B\u00fcrostuhl - Markt-XXL","isPartOf":{"@id":"https:\/\/marktxxl.de\/markt\/#website"},"primaryImageOfPage":{"@id":"https:\/\/marktxxl.de\/markt\/produkt\/ersatz-buerostuhl-rollen-fuer-teppich-holz-fliesen-5er-set-premium-qualitaet-buerostuhl-rollen-fuer-arbeit-gaming-stuhl-glatte-geraeuschfreie-gummirad-fuer-buerostuhl\/#primaryimage"},"image":{"@id":"https:\/\/marktxxl.de\/markt\/produkt\/ersatz-buerostuhl-rollen-fuer-teppich-holz-fliesen-5er-set-premium-qualitaet-buerostuhl-rollen-fuer-arbeit-gaming-stuhl-glatte-geraeuschfreie-gummirad-fuer-buerostuhl\/#primaryimage"},"thumbnailUrl":"https:\/\/m.media-amazon.com\/images\/I\/41qC7EmorZL._SL500_.jpg","datePublished":"2023-05-10T07:55:18+00:00","description":"Markt-XXL Ersatz B\u00fcrostuhl Rollen f\u00fcr Teppich, Holz &amp; Fliesen 5er Set - Premium Qualit\u00e4t B\u00fcrostuhl Rollen f\u00fcr Arbeit &amp; Gaming Stuhl - Glatte &amp; ger\u00e4uschfreie Gummirad f\u00fcr B\u00fcrostuhl","breadcrumb":{"@id":"https:\/\/marktxxl.de\/markt\/produkt\/ersatz-buerostuhl-rollen-fuer-teppich-holz-fliesen-5er-set-premium-qualitaet-buerostuhl-rollen-fuer-arbeit-gaming-stuhl-glatte-geraeuschfreie-gummirad-fuer-buerostuhl\/#breadcrumb"},"inLanguage":"de","potentialAction":[{"@type":"ReadAction","target":["https:\/\/marktxxl.de\/markt\/produkt\/ersatz-buerostuhl-rollen-fuer-teppich-holz-fliesen-5er-set-premium-qualitaet-buerostuhl-rollen-fuer-arbeit-gaming-stuhl-glatte-geraeuschfreie-gummirad-fuer-buerostuhl\/"]}]},{"@type":"ImageObject","inLanguage":"de","@id":"https:\/\/marktxxl.de\/markt\/produkt\/ersatz-buerostuhl-rollen-fuer-teppich-holz-fliesen-5er-set-premium-qualitaet-buerostuhl-rollen-fuer-arbeit-gaming-stuhl-glatte-geraeuschfreie-gummirad-fuer-buerostuhl\/#primaryimage","url":"https:\/\/m.media-amazon.com\/images\/I\/41qC7EmorZL._SL500_.jpg","contentUrl":"https:\/\/m.media-amazon.com\/images\/I\/41qC7EmorZL._SL500_.jpg","width":500,"height":500},{"@type":"BreadcrumbList","@id":"https:\/\/marktxxl.de\/markt\/produkt\/ersatz-buerostuhl-rollen-fuer-teppich-holz-fliesen-5er-set-premium-qualitaet-buerostuhl-rollen-fuer-arbeit-gaming-stuhl-glatte-geraeuschfreie-gummirad-fuer-buerostuhl\/#breadcrumb","itemListElement":[{"@type":"ListItem","position":1,"name":"Startseite","item":"https:\/\/marktxxl.de\/markt\/"},{"@type":"ListItem","position":2,"name":"Markt","item":"https:\/\/marktxxl.de\/markt\/"},{"@type":"ListItem","position":3,"name":"Ersatz B\u00fcrostuhl Rollen f\u00fcr Teppich, Holz &amp; Fliesen 5er Set &#8211; Premium Qualit\u00e4t B\u00fcrostuhl Rollen f\u00fcr Arbeit &amp; Gaming Stuhl &#8211; Glatte &amp; ger\u00e4uschfreie Gummirad f\u00fcr B\u00fcrostuhl"}]},{"@type":"WebSite","@id":"https:\/\/marktxxl.de\/markt\/#website","url":"https:\/\/marktxxl.de\/markt\/","name":"Markt-XXL","description":"Ihr Markt Online","publisher":{"@id":"https:\/\/marktxxl.de\/markt\/#organization"},"potentialAction":[{"@type":"SearchAction","target":{"@type":"EntryPoint","urlTemplate":"https:\/\/marktxxl.de\/markt\/?s={search_term_string}"},"query-input":{"@type":"PropertyValueSpecification","valueRequired":true,"valueName":"search_term_string"}}],"inLanguage":"de"},{"@type":"Organization","@id":"https:\/\/marktxxl.de\/markt\/#organization","name":"Markt-XXL","url":"https:\/\/marktxxl.de\/markt\/","logo":{"@type":"ImageObject","inLanguage":"de","@id":"https:\/\/marktxxl.de\/markt\/#\/schema\/logo\/image\/","url":"https:\/\/marktxxl.de\/markt\/wp-content\/uploads\/sites\/3\/2020\/12\/logo.png","contentUrl":"https:\/\/marktxxl.de\/markt\/wp-content\/uploads\/sites\/3\/2020\/12\/logo.png","width":200,"height":70,"caption":"Markt-XXL"},"image":{"@id":"https:\/\/marktxxl.de\/markt\/#\/schema\/logo\/image\/"}}]}},"_links":{"self":[{"href":"https:\/\/marktxxl.de\/markt\/wp-json\/wp\/v2\/product\/204886","targetHints":{"allow":["GET"]}}],"collection":[{"href":"https:\/\/marktxxl.de\/markt\/wp-json\/wp\/v2\/product"}],"about":[{"href":"https:\/\/marktxxl.de\/markt\/wp-json\/wp\/v2\/types\/product"}],"replies":[{"embeddable":true,"href":"https:\/\/marktxxl.de\/markt\/wp-json\/wp\/v2\/comments?post=204886"}],"wp:featuredmedia":[{"embeddable":true,"href":"https:\/\/marktxxl.de\/markt\/wp-json\/wp\/v2\/media\/204887"}],"wp:attachment":[{"href":"https:\/\/marktxxl.de\/markt\/wp-json\/wp\/v2\/media?parent=204886"}],"wp:term":[{"taxonomy":"product_brand","embeddable":true,"href":"https:\/\/marktxxl.de\/markt\/wp-json\/wp\/v2\/product_brand?post=204886"},{"taxonomy":"product_cat","embeddable":true,"href":"https:\/\/marktxxl.de\/markt\/wp-json\/wp\/v2\/product_cat?post=204886"},{"taxonomy":"product_tag","embeddable":true,"href":"https:\/\/marktxxl.de\/markt\/wp-json\/wp\/v2\/product_tag?post=204886"}],"curies":[{"name":"wp","href":"https:\/\/api.w.org\/{rel}","templated":true}]}}