{"id":204841,"date":"2023-05-10T09:46:09","date_gmt":"2023-05-10T07:46:09","guid":{"rendered":"https:\/\/marktxxl.de\/markt\/produkt\/bebamour-babytrage-fuer-0-36-monate-3d-air-mesh-babytrage-rucksack-zugelassen-nach-sicherheitsstandard-ergonomischer-baby-hueftsitz-6-in-1-fronttrage-3d-air-dusty-pink\/"},"modified":"2023-05-10T09:46:09","modified_gmt":"2023-05-10T07:46:09","slug":"bebamour-babytrage-fuer-0-36-monate-3d-air-mesh-babytrage-rucksack-zugelassen-nach-sicherheitsstandard-ergonomischer-baby-hueftsitz-6-in-1-fronttrage-3d-air-dusty-pink","status":"publish","type":"product","link":"https:\/\/marktxxl.de\/markt\/produkt\/bebamour-babytrage-fuer-0-36-monate-3d-air-mesh-babytrage-rucksack-zugelassen-nach-sicherheitsstandard-ergonomischer-baby-hueftsitz-6-in-1-fronttrage-3d-air-dusty-pink\/","title":{"rendered":"Bebamour Babytrage f\u00fcr 0\u201336 Monate, 3D-Air-Mesh-Babytrage-Rucksack, zugelassen nach Sicherheitsstandard, ergonomischer Baby-H\u00fcftsitz, 6-in-1-Fronttrage (3D Air Dusty Pink)"},"content":{"rendered":"<p>\u2764 ERGONOMISCHES DESIGN &#8211; Diese Babytrage ist vielseitig und bietet verschiedene Positionen f\u00fcr das Baby, einschlie\u00dflich des Einzel-H\u00fcftsitzes. Sie ist f\u00fcr Babys im Alter von 0-36 Monaten geeignet, die ein Gewicht von bis zu 14,9 kg haben.<br \/>\n\u2764 UNIVERSAL &amp; LEICHT &#8211; Die Babytrage hat eine Gr\u00f6\u00dfe von L11,8 &#8220;* H9,8&#8221; * W7,1 &#8220;(L20 * H25 * W18CM) und wiegt nur ca. 0,58 kg. Sie bietet 6 Trageoptionen, die in der mitgelieferten Bedienungsanleitung beschrieben sind.<br \/>\n\u2764 BREITE POLSTERUNG &amp; KOMFORT &#8211; Das Taillenband ist verstellbar und passt f\u00fcr Taillen von 65 bis 118 cm (25 &#8220;bis 46,5&#8221;). Die Schultergurte sind breit und gepolstert, um den Eltern ein angenehmes Trageerlebnis zu bieten und ihnen dabei zu helfen, das Baby l\u00e4nger zu tragen, ohne m\u00fcde zu werden.<br \/>\n\u2764 ZUS\u00c4TZLICHE GESCHENKE &#8211; Diese Babytrage wird mit einer Kopfhaube und 2 abnehmbaren L\u00e4tzchen geliefert. An der G\u00fcrteltasche befindet sich eine Rei\u00dfverschlusstasche f\u00fcr zus\u00e4tzlichen Stauraum. Im H\u00fcftsitz ist ein Schaumstoffpolster enthalten, das als Sitz f\u00fcr das Baby verwendet werden kann. Wenn Sie die Babytrage waschen m\u00f6chten, k\u00f6nnen Sie das Schaumstoffpolster einfach abnehmen und von Hand waschen.<br \/>\n\u2764 ZUS\u00c4TZLICHE GESCHENKE &#8211; Zus\u00e4tzlich zu den oben genannten Geschenken enth\u00e4lt diese Babytrage auch ein Sabberl\u00e4tzchen vorne und 2 Sabberl\u00e4tzchen f\u00fcr die Schulter.<br \/>\n<div class=\"main-cross-sell\" data-asin=\"B09SYZF7B8\">\n\n\t<div class=\"WooZone-cross-sell-loader\">\n\t\t<div>\n\t\t\t<div id=\"floatingBarsG\">\n\t\t\t\t<div class=\"blockG\" id=\"rotateG_01\"><\/div>\n\t\t\t\t<div class=\"blockG\" id=\"rotateG_02\"><\/div>\n\t\t\t\t<div class=\"blockG\" id=\"rotateG_03\"><\/div>\n\t\t\t\t<div class=\"blockG\" id=\"rotateG_04\"><\/div>\n\t\t\t\t<div class=\"blockG\" id=\"rotateG_05\"><\/div>\n\t\t\t\t<div class=\"blockG\" id=\"rotateG_06\"><\/div>\n\t\t\t\t<div class=\"blockG\" id=\"rotateG_07\"><\/div>\n\t\t\t\t<div class=\"blockG\" id=\"rotateG_08\"><\/div>\n\t\t\t<\/div>\n\t\t\t<div class=\"WooZone-cross-sell-loader-text\"><\/div>\n\t\t<\/div>\n\t<\/div>\n\n\t\t\n<\/div>\n<div style=\"clear:both;\"><\/div><\/p>\n","protected":false},"excerpt":{"rendered":"<p>\u2764 ERGONOMISCHES DESIGN &#8211; Diese Babytrage ist vielseitig und bietet verschiedene Positionen f\u00fcr das Baby, einschlie\u00dflich des Einzel-H\u00fcftsitzes. Sie ist f\u00fcr Babys im Alter von 0-36 Monaten geeignet, die ein Gewicht von bis zu 14,9 kg haben.<br \/>\n\u2764 UNIVERSAL &amp; LEICHT &#8211; Die Babytrage hat eine Gr\u00f6\u00dfe von L11,8 &#8220;* H9,8&#8221; * W7,1 &#8220;(L20 * H25 * W18CM) und wiegt nur ca. 0,58 kg. Sie bietet 6 Trageoptionen, die in der mitgelieferten Bedienungsanleitung beschrieben sind.<br \/>\n\u2764 BREITE POLSTERUNG &amp; KOMFORT &#8211; Das Taillenband ist verstellbar und passt f\u00fcr Taillen von 65 bis 118 cm (25 &#8220;bis 46,5&#8221;). Die Schultergurte sind breit und gepolstert, um den Eltern ein angenehmes Trageerlebnis zu bieten und ihnen dabei zu helfen, das Baby l\u00e4nger zu tragen, ohne m\u00fcde zu werden.<\/p>\n","protected":false},"featured_media":204842,"comment_status":"open","ping_status":"closed","template":"","meta":[],"product_brand":[],"product_cat":[21,9074],"product_tag":[],"class_list":{"0":"post-204841","1":"product","2":"type-product","3":"status-publish","4":"has-post-thumbnail","6":"product_cat-baby","7":"product_cat-babytragen-baby","8":"pa_brand-bebear","9":"pa_color-dusty-pink","10":"pa_height-3-93700787-zoll","11":"pa_length-9-842519675-zoll","12":"pa_manufacturer-bebamour","13":"pa_model-uktc2611","14":"pa_width-5-511811018-zoll","16":"first","17":"instock","18":"shipping-taxable","19":"purchasable","20":"product-type-simple","21":"customify-col","22":"product-has-gallery"},"yoast_head":"<!-- This site is optimized with the Yoast SEO plugin v27.3 - https:\/\/yoast.com\/product\/yoast-seo-wordpress\/ -->\n<title>Bebamour Babytrage f\u00fcr 0\u201336 Monate, 3D-Air-Mesh-Babytrage-Rucksack, zugelassen nach Sicherheitsstandard, ergonomischer Baby-H\u00fcftsitz, 6-in-1-Fronttrage (3D Air Dusty Pink) - Markt-XXL<\/title>\n<meta name=\"description\" content=\"Markt-XXL Bebamour Babytrage f\u00fcr 0\u201336 Monate, 3D-Air-Mesh-Babytrage-Rucksack, zugelassen nach Sicherheitsstandard, ergonomischer Baby-H\u00fcftsitz, 6-in-1-Fronttrage (3D Air Dusty Pink)\" \/>\n<meta name=\"robots\" content=\"index, follow, max-snippet:-1, max-image-preview:large, max-video-preview:-1\" \/>\n<link rel=\"canonical\" href=\"https:\/\/marktxxl.de\/markt\/produkt\/bebamour-babytrage-fuer-0-36-monate-3d-air-mesh-babytrage-rucksack-zugelassen-nach-sicherheitsstandard-ergonomischer-baby-hueftsitz-6-in-1-fronttrage-3d-air-dusty-pink\/\" \/>\n<meta property=\"og:locale\" content=\"de_DE\" \/>\n<meta property=\"og:type\" content=\"article\" \/>\n<meta property=\"og:title\" content=\"Bebamour Babytrage f\u00fcr 0\u201336 Monate, 3D-Air-Mesh-Babytrage-Rucksack, zugelassen nach Sicherheitsstandard, ergonomischer Baby-H\u00fcftsitz, 6-in-1-Fronttrage (3D Air Dusty Pink) - Markt-XXL\" \/>\n<meta property=\"og:description\" content=\"Markt-XXL Bebamour Babytrage f\u00fcr 0\u201336 Monate, 3D-Air-Mesh-Babytrage-Rucksack, zugelassen nach Sicherheitsstandard, ergonomischer Baby-H\u00fcftsitz, 6-in-1-Fronttrage (3D Air Dusty Pink)\" \/>\n<meta property=\"og:url\" content=\"https:\/\/marktxxl.de\/markt\/produkt\/bebamour-babytrage-fuer-0-36-monate-3d-air-mesh-babytrage-rucksack-zugelassen-nach-sicherheitsstandard-ergonomischer-baby-hueftsitz-6-in-1-fronttrage-3d-air-dusty-pink\/\" \/>\n<meta property=\"og:site_name\" content=\"Markt-XXL\" \/>\n<meta name=\"twitter:card\" content=\"summary_large_image\" \/>\n<meta name=\"twitter:label1\" content=\"Gesch\u00e4tzte Lesezeit\" \/>\n\t<meta name=\"twitter:data1\" content=\"1\u00a0Minute\" \/>\n<script type=\"application\/ld+json\" class=\"yoast-schema-graph\">{\"@context\":\"https:\\\/\\\/schema.org\",\"@graph\":[{\"@type\":\"WebPage\",\"@id\":\"https:\\\/\\\/marktxxl.de\\\/markt\\\/produkt\\\/bebamour-babytrage-fuer-0-36-monate-3d-air-mesh-babytrage-rucksack-zugelassen-nach-sicherheitsstandard-ergonomischer-baby-hueftsitz-6-in-1-fronttrage-3d-air-dusty-pink\\\/\",\"url\":\"https:\\\/\\\/marktxxl.de\\\/markt\\\/produkt\\\/bebamour-babytrage-fuer-0-36-monate-3d-air-mesh-babytrage-rucksack-zugelassen-nach-sicherheitsstandard-ergonomischer-baby-hueftsitz-6-in-1-fronttrage-3d-air-dusty-pink\\\/\",\"name\":\"Bebamour Babytrage f\u00fcr 0\u201336 Monate, 3D-Air-Mesh-Babytrage-Rucksack, zugelassen nach Sicherheitsstandard, ergonomischer Baby-H\u00fcftsitz, 6-in-1-Fronttrage (3D Air Dusty Pink) - Markt-XXL\",\"isPartOf\":{\"@id\":\"https:\\\/\\\/marktxxl.de\\\/markt\\\/#website\"},\"primaryImageOfPage\":{\"@id\":\"https:\\\/\\\/marktxxl.de\\\/markt\\\/produkt\\\/bebamour-babytrage-fuer-0-36-monate-3d-air-mesh-babytrage-rucksack-zugelassen-nach-sicherheitsstandard-ergonomischer-baby-hueftsitz-6-in-1-fronttrage-3d-air-dusty-pink\\\/#primaryimage\"},\"image\":{\"@id\":\"https:\\\/\\\/marktxxl.de\\\/markt\\\/produkt\\\/bebamour-babytrage-fuer-0-36-monate-3d-air-mesh-babytrage-rucksack-zugelassen-nach-sicherheitsstandard-ergonomischer-baby-hueftsitz-6-in-1-fronttrage-3d-air-dusty-pink\\\/#primaryimage\"},\"thumbnailUrl\":\"https:\\\/\\\/m.media-amazon.com\\\/images\\\/I\\\/41R9i-H4vNL._SL500_.jpg\",\"datePublished\":\"2023-05-10T07:46:09+00:00\",\"description\":\"Markt-XXL Bebamour Babytrage f\u00fcr 0\u201336 Monate, 3D-Air-Mesh-Babytrage-Rucksack, zugelassen nach Sicherheitsstandard, ergonomischer Baby-H\u00fcftsitz, 6-in-1-Fronttrage (3D Air Dusty Pink)\",\"breadcrumb\":{\"@id\":\"https:\\\/\\\/marktxxl.de\\\/markt\\\/produkt\\\/bebamour-babytrage-fuer-0-36-monate-3d-air-mesh-babytrage-rucksack-zugelassen-nach-sicherheitsstandard-ergonomischer-baby-hueftsitz-6-in-1-fronttrage-3d-air-dusty-pink\\\/#breadcrumb\"},\"inLanguage\":\"de\",\"potentialAction\":[{\"@type\":\"ReadAction\",\"target\":[\"https:\\\/\\\/marktxxl.de\\\/markt\\\/produkt\\\/bebamour-babytrage-fuer-0-36-monate-3d-air-mesh-babytrage-rucksack-zugelassen-nach-sicherheitsstandard-ergonomischer-baby-hueftsitz-6-in-1-fronttrage-3d-air-dusty-pink\\\/\"]}]},{\"@type\":\"ImageObject\",\"inLanguage\":\"de\",\"@id\":\"https:\\\/\\\/marktxxl.de\\\/markt\\\/produkt\\\/bebamour-babytrage-fuer-0-36-monate-3d-air-mesh-babytrage-rucksack-zugelassen-nach-sicherheitsstandard-ergonomischer-baby-hueftsitz-6-in-1-fronttrage-3d-air-dusty-pink\\\/#primaryimage\",\"url\":\"https:\\\/\\\/m.media-amazon.com\\\/images\\\/I\\\/41R9i-H4vNL._SL500_.jpg\",\"contentUrl\":\"https:\\\/\\\/m.media-amazon.com\\\/images\\\/I\\\/41R9i-H4vNL._SL500_.jpg\",\"width\":500,\"height\":500},{\"@type\":\"BreadcrumbList\",\"@id\":\"https:\\\/\\\/marktxxl.de\\\/markt\\\/produkt\\\/bebamour-babytrage-fuer-0-36-monate-3d-air-mesh-babytrage-rucksack-zugelassen-nach-sicherheitsstandard-ergonomischer-baby-hueftsitz-6-in-1-fronttrage-3d-air-dusty-pink\\\/#breadcrumb\",\"itemListElement\":[{\"@type\":\"ListItem\",\"position\":1,\"name\":\"Startseite\",\"item\":\"https:\\\/\\\/marktxxl.de\\\/markt\\\/\"},{\"@type\":\"ListItem\",\"position\":2,\"name\":\"Markt\",\"item\":\"https:\\\/\\\/marktxxl.de\\\/markt\\\/\"},{\"@type\":\"ListItem\",\"position\":3,\"name\":\"Bebamour Babytrage f\u00fcr 0\u201336 Monate, 3D-Air-Mesh-Babytrage-Rucksack, zugelassen nach Sicherheitsstandard, ergonomischer Baby-H\u00fcftsitz, 6-in-1-Fronttrage (3D Air Dusty Pink)\"}]},{\"@type\":\"WebSite\",\"@id\":\"https:\\\/\\\/marktxxl.de\\\/markt\\\/#website\",\"url\":\"https:\\\/\\\/marktxxl.de\\\/markt\\\/\",\"name\":\"Markt-XXL\",\"description\":\"Ihr Markt Online\",\"publisher\":{\"@id\":\"https:\\\/\\\/marktxxl.de\\\/markt\\\/#organization\"},\"potentialAction\":[{\"@type\":\"SearchAction\",\"target\":{\"@type\":\"EntryPoint\",\"urlTemplate\":\"https:\\\/\\\/marktxxl.de\\\/markt\\\/?s={search_term_string}\"},\"query-input\":{\"@type\":\"PropertyValueSpecification\",\"valueRequired\":true,\"valueName\":\"search_term_string\"}}],\"inLanguage\":\"de\"},{\"@type\":\"Organization\",\"@id\":\"https:\\\/\\\/marktxxl.de\\\/markt\\\/#organization\",\"name\":\"Markt-XXL\",\"url\":\"https:\\\/\\\/marktxxl.de\\\/markt\\\/\",\"logo\":{\"@type\":\"ImageObject\",\"inLanguage\":\"de\",\"@id\":\"https:\\\/\\\/marktxxl.de\\\/markt\\\/#\\\/schema\\\/logo\\\/image\\\/\",\"url\":\"https:\\\/\\\/marktxxl.de\\\/markt\\\/wp-content\\\/uploads\\\/sites\\\/3\\\/2020\\\/12\\\/logo.png\",\"contentUrl\":\"https:\\\/\\\/marktxxl.de\\\/markt\\\/wp-content\\\/uploads\\\/sites\\\/3\\\/2020\\\/12\\\/logo.png\",\"width\":200,\"height\":70,\"caption\":\"Markt-XXL\"},\"image\":{\"@id\":\"https:\\\/\\\/marktxxl.de\\\/markt\\\/#\\\/schema\\\/logo\\\/image\\\/\"}}]}<\/script>\n<!-- \/ Yoast SEO plugin. -->","yoast_head_json":{"title":"Bebamour Babytrage f\u00fcr 0\u201336 Monate, 3D-Air-Mesh-Babytrage-Rucksack, zugelassen nach Sicherheitsstandard, ergonomischer Baby-H\u00fcftsitz, 6-in-1-Fronttrage (3D Air Dusty Pink) - Markt-XXL","description":"Markt-XXL Bebamour Babytrage f\u00fcr 0\u201336 Monate, 3D-Air-Mesh-Babytrage-Rucksack, zugelassen nach Sicherheitsstandard, ergonomischer Baby-H\u00fcftsitz, 6-in-1-Fronttrage (3D Air Dusty Pink)","robots":{"index":"index","follow":"follow","max-snippet":"max-snippet:-1","max-image-preview":"max-image-preview:large","max-video-preview":"max-video-preview:-1"},"canonical":"https:\/\/marktxxl.de\/markt\/produkt\/bebamour-babytrage-fuer-0-36-monate-3d-air-mesh-babytrage-rucksack-zugelassen-nach-sicherheitsstandard-ergonomischer-baby-hueftsitz-6-in-1-fronttrage-3d-air-dusty-pink\/","og_locale":"de_DE","og_type":"article","og_title":"Bebamour Babytrage f\u00fcr 0\u201336 Monate, 3D-Air-Mesh-Babytrage-Rucksack, zugelassen nach Sicherheitsstandard, ergonomischer Baby-H\u00fcftsitz, 6-in-1-Fronttrage (3D Air Dusty Pink) - Markt-XXL","og_description":"Markt-XXL Bebamour Babytrage f\u00fcr 0\u201336 Monate, 3D-Air-Mesh-Babytrage-Rucksack, zugelassen nach Sicherheitsstandard, ergonomischer Baby-H\u00fcftsitz, 6-in-1-Fronttrage (3D Air Dusty Pink)","og_url":"https:\/\/marktxxl.de\/markt\/produkt\/bebamour-babytrage-fuer-0-36-monate-3d-air-mesh-babytrage-rucksack-zugelassen-nach-sicherheitsstandard-ergonomischer-baby-hueftsitz-6-in-1-fronttrage-3d-air-dusty-pink\/","og_site_name":"Markt-XXL","twitter_card":"summary_large_image","twitter_misc":{"Gesch\u00e4tzte Lesezeit":"1\u00a0Minute"},"schema":{"@context":"https:\/\/schema.org","@graph":[{"@type":"WebPage","@id":"https:\/\/marktxxl.de\/markt\/produkt\/bebamour-babytrage-fuer-0-36-monate-3d-air-mesh-babytrage-rucksack-zugelassen-nach-sicherheitsstandard-ergonomischer-baby-hueftsitz-6-in-1-fronttrage-3d-air-dusty-pink\/","url":"https:\/\/marktxxl.de\/markt\/produkt\/bebamour-babytrage-fuer-0-36-monate-3d-air-mesh-babytrage-rucksack-zugelassen-nach-sicherheitsstandard-ergonomischer-baby-hueftsitz-6-in-1-fronttrage-3d-air-dusty-pink\/","name":"Bebamour Babytrage f\u00fcr 0\u201336 Monate, 3D-Air-Mesh-Babytrage-Rucksack, zugelassen nach Sicherheitsstandard, ergonomischer Baby-H\u00fcftsitz, 6-in-1-Fronttrage (3D Air Dusty Pink) - Markt-XXL","isPartOf":{"@id":"https:\/\/marktxxl.de\/markt\/#website"},"primaryImageOfPage":{"@id":"https:\/\/marktxxl.de\/markt\/produkt\/bebamour-babytrage-fuer-0-36-monate-3d-air-mesh-babytrage-rucksack-zugelassen-nach-sicherheitsstandard-ergonomischer-baby-hueftsitz-6-in-1-fronttrage-3d-air-dusty-pink\/#primaryimage"},"image":{"@id":"https:\/\/marktxxl.de\/markt\/produkt\/bebamour-babytrage-fuer-0-36-monate-3d-air-mesh-babytrage-rucksack-zugelassen-nach-sicherheitsstandard-ergonomischer-baby-hueftsitz-6-in-1-fronttrage-3d-air-dusty-pink\/#primaryimage"},"thumbnailUrl":"https:\/\/m.media-amazon.com\/images\/I\/41R9i-H4vNL._SL500_.jpg","datePublished":"2023-05-10T07:46:09+00:00","description":"Markt-XXL Bebamour Babytrage f\u00fcr 0\u201336 Monate, 3D-Air-Mesh-Babytrage-Rucksack, zugelassen nach Sicherheitsstandard, ergonomischer Baby-H\u00fcftsitz, 6-in-1-Fronttrage (3D Air Dusty Pink)","breadcrumb":{"@id":"https:\/\/marktxxl.de\/markt\/produkt\/bebamour-babytrage-fuer-0-36-monate-3d-air-mesh-babytrage-rucksack-zugelassen-nach-sicherheitsstandard-ergonomischer-baby-hueftsitz-6-in-1-fronttrage-3d-air-dusty-pink\/#breadcrumb"},"inLanguage":"de","potentialAction":[{"@type":"ReadAction","target":["https:\/\/marktxxl.de\/markt\/produkt\/bebamour-babytrage-fuer-0-36-monate-3d-air-mesh-babytrage-rucksack-zugelassen-nach-sicherheitsstandard-ergonomischer-baby-hueftsitz-6-in-1-fronttrage-3d-air-dusty-pink\/"]}]},{"@type":"ImageObject","inLanguage":"de","@id":"https:\/\/marktxxl.de\/markt\/produkt\/bebamour-babytrage-fuer-0-36-monate-3d-air-mesh-babytrage-rucksack-zugelassen-nach-sicherheitsstandard-ergonomischer-baby-hueftsitz-6-in-1-fronttrage-3d-air-dusty-pink\/#primaryimage","url":"https:\/\/m.media-amazon.com\/images\/I\/41R9i-H4vNL._SL500_.jpg","contentUrl":"https:\/\/m.media-amazon.com\/images\/I\/41R9i-H4vNL._SL500_.jpg","width":500,"height":500},{"@type":"BreadcrumbList","@id":"https:\/\/marktxxl.de\/markt\/produkt\/bebamour-babytrage-fuer-0-36-monate-3d-air-mesh-babytrage-rucksack-zugelassen-nach-sicherheitsstandard-ergonomischer-baby-hueftsitz-6-in-1-fronttrage-3d-air-dusty-pink\/#breadcrumb","itemListElement":[{"@type":"ListItem","position":1,"name":"Startseite","item":"https:\/\/marktxxl.de\/markt\/"},{"@type":"ListItem","position":2,"name":"Markt","item":"https:\/\/marktxxl.de\/markt\/"},{"@type":"ListItem","position":3,"name":"Bebamour Babytrage f\u00fcr 0\u201336 Monate, 3D-Air-Mesh-Babytrage-Rucksack, zugelassen nach Sicherheitsstandard, ergonomischer Baby-H\u00fcftsitz, 6-in-1-Fronttrage (3D Air Dusty Pink)"}]},{"@type":"WebSite","@id":"https:\/\/marktxxl.de\/markt\/#website","url":"https:\/\/marktxxl.de\/markt\/","name":"Markt-XXL","description":"Ihr Markt Online","publisher":{"@id":"https:\/\/marktxxl.de\/markt\/#organization"},"potentialAction":[{"@type":"SearchAction","target":{"@type":"EntryPoint","urlTemplate":"https:\/\/marktxxl.de\/markt\/?s={search_term_string}"},"query-input":{"@type":"PropertyValueSpecification","valueRequired":true,"valueName":"search_term_string"}}],"inLanguage":"de"},{"@type":"Organization","@id":"https:\/\/marktxxl.de\/markt\/#organization","name":"Markt-XXL","url":"https:\/\/marktxxl.de\/markt\/","logo":{"@type":"ImageObject","inLanguage":"de","@id":"https:\/\/marktxxl.de\/markt\/#\/schema\/logo\/image\/","url":"https:\/\/marktxxl.de\/markt\/wp-content\/uploads\/sites\/3\/2020\/12\/logo.png","contentUrl":"https:\/\/marktxxl.de\/markt\/wp-content\/uploads\/sites\/3\/2020\/12\/logo.png","width":200,"height":70,"caption":"Markt-XXL"},"image":{"@id":"https:\/\/marktxxl.de\/markt\/#\/schema\/logo\/image\/"}}]}},"_links":{"self":[{"href":"https:\/\/marktxxl.de\/markt\/wp-json\/wp\/v2\/product\/204841","targetHints":{"allow":["GET"]}}],"collection":[{"href":"https:\/\/marktxxl.de\/markt\/wp-json\/wp\/v2\/product"}],"about":[{"href":"https:\/\/marktxxl.de\/markt\/wp-json\/wp\/v2\/types\/product"}],"replies":[{"embeddable":true,"href":"https:\/\/marktxxl.de\/markt\/wp-json\/wp\/v2\/comments?post=204841"}],"wp:featuredmedia":[{"embeddable":true,"href":"https:\/\/marktxxl.de\/markt\/wp-json\/wp\/v2\/media\/204842"}],"wp:attachment":[{"href":"https:\/\/marktxxl.de\/markt\/wp-json\/wp\/v2\/media?parent=204841"}],"wp:term":[{"taxonomy":"product_brand","embeddable":true,"href":"https:\/\/marktxxl.de\/markt\/wp-json\/wp\/v2\/product_brand?post=204841"},{"taxonomy":"product_cat","embeddable":true,"href":"https:\/\/marktxxl.de\/markt\/wp-json\/wp\/v2\/product_cat?post=204841"},{"taxonomy":"product_tag","embeddable":true,"href":"https:\/\/marktxxl.de\/markt\/wp-json\/wp\/v2\/product_tag?post=204841"}],"curies":[{"name":"wp","href":"https:\/\/api.w.org\/{rel}","templated":true}]}}