{"id":204761,"date":"2023-05-10T09:25:11","date_gmt":"2023-05-10T07:25:11","guid":{"rendered":"https:\/\/marktxxl.de\/markt\/produkt\/in-ear-ohrhoerer-coolshields-wasserdichte-bettunterlage-waschbar-864-x-1321-cm-3-stueck-inkontinenz-bettunterlage-mit-8-tassen-saugfaehigkeit-fuer-erwachsene-kinder-und-haustiere\/"},"modified":"2023-05-10T09:25:11","modified_gmt":"2023-05-10T07:25:11","slug":"in-ear-ohrhoerer-coolshields-wasserdichte-bettunterlage-waschbar-864-x-1321-cm-3-stueck-inkontinenz-bettunterlage-mit-8-tassen-saugfaehigkeit-fuer-erwachsene-kinder-und-haustiere","status":"publish","type":"product","link":"https:\/\/marktxxl.de\/markt\/produkt\/in-ear-ohrhoerer-coolshields-wasserdichte-bettunterlage-waschbar-864-x-1321-cm-3-stueck-inkontinenz-bettunterlage-mit-8-tassen-saugfaehigkeit-fuer-erwachsene-kinder-und-haustiere\/","title":{"rendered":"In-Ear Ohrh\u00f6rer CoolShields wasserdichte Bettunterlage waschbar 86,4 x 132,1 cm (3 St\u00fcck), Inkontinenz-Bettunterlage mit 8 Tassen Saugf\u00e4higkeit, f\u00fcr Erwachsene, Kinder und Haustiere"},"content":{"rendered":"<p>[Schlafen in Vertrauen]: Mit einer gro\u00dfen Wasseraufnahmekapazit\u00e4t und einer starken 100% wasserdichten Barriere k\u00f6nnen Coolshields Inkontinenz-Betteinlagen effektiv vor Unf\u00e4llen und Flecken sch\u00fctzen.<br \/>\n[kann 200 Mal gewaschen werden]: beh\u00e4lt immer noch ausgezeichnete wasserdichte Leistung nach h\u00e4ufigem Waschen. F\u00fcr eine nachhaltige Erde reduzieren Sie bitte die Einwegartikel und probieren Sie unsere wiederverwendbaren Pads aus.<br \/>\n[Mehrfachschutz]: F\u00fcr inkontinente Menschen, Kinder, Haustiere und alle, die sie brauchen. Kann auf Bett, Sofa und Autositz verwendet werden, um mehrere Schutzfunktionen zu bieten.<br \/>\n[F\u00fcr ein ges\u00fcnderes Leben]: Mit \u00d6ko-Tex-Standard 100 (\u00d6ko-Label von OEKO-TEX) (Textiles Vertrauen), getestet f\u00fcr die menschliche \u00d6kologie.<br \/>\nInternational products have separate terms, are sold from abroad and may differ from local products, including fit, age ratings, and language of product, labeling or instructions.<br \/>\n<div class=\"main-cross-sell\" data-asin=\"B0B6J61Y5T\">\n\n\t<div class=\"WooZone-cross-sell-loader\">\n\t\t<div>\n\t\t\t<div id=\"floatingBarsG\">\n\t\t\t\t<div class=\"blockG\" id=\"rotateG_01\"><\/div>\n\t\t\t\t<div class=\"blockG\" id=\"rotateG_02\"><\/div>\n\t\t\t\t<div class=\"blockG\" id=\"rotateG_03\"><\/div>\n\t\t\t\t<div class=\"blockG\" id=\"rotateG_04\"><\/div>\n\t\t\t\t<div class=\"blockG\" id=\"rotateG_05\"><\/div>\n\t\t\t\t<div class=\"blockG\" id=\"rotateG_06\"><\/div>\n\t\t\t\t<div class=\"blockG\" id=\"rotateG_07\"><\/div>\n\t\t\t\t<div class=\"blockG\" id=\"rotateG_08\"><\/div>\n\t\t\t<\/div>\n\t\t\t<div class=\"WooZone-cross-sell-loader-text\"><\/div>\n\t\t<\/div>\n\t<\/div>\n\n\t\t\n<\/div>\n<div style=\"clear:both;\"><\/div><\/p>\n","protected":false},"excerpt":{"rendered":"<p>[Schlafen in Vertrauen]: Mit einer gro\u00dfen Wasseraufnahmekapazit\u00e4t und einer starken 100% wasserdichten Barriere k\u00f6nnen Coolshields Inkontinenz-Betteinlagen effektiv vor Unf\u00e4llen und Flecken sch\u00fctzen.<br \/>\n[kann 200 Mal gewaschen werden]: beh\u00e4lt immer noch ausgezeichnete wasserdichte Leistung nach h\u00e4ufigem Waschen. F\u00fcr eine nachhaltige Erde reduzieren Sie bitte die Einwegartikel und probieren Sie unsere wiederverwendbaren Pads aus.<br \/>\n[Mehrfachschutz]: F\u00fcr inkontinente Menschen, Kinder, Haustiere und alle, die sie brauchen. Kann auf Bett, Sofa und Autositz verwendet werden, um mehrere Schutzfunktionen zu bieten.<\/p>\n","protected":false},"featured_media":204762,"comment_status":"open","ping_status":"closed","template":"","meta":[],"product_brand":[],"product_cat":[566,5932],"product_tag":[],"class_list":{"0":"post-204761","1":"product","2":"type-product","3":"status-publish","4":"has-post-thumbnail","6":"product_cat-drogerie-koerperpflege","7":"product_cat-mobilitaetshilfen-zubehoer","8":"pa_binding-haushaltswaren","9":"pa_brand-svqqpe","10":"pa_model-cs-004","12":"first","13":"instock","14":"shipping-taxable","15":"purchasable","16":"product-type-simple","17":"customify-col","18":"product-has-gallery"},"yoast_head":"<!-- This site is optimized with the Yoast SEO plugin v27.4 - https:\/\/yoast.com\/product\/yoast-seo-wordpress\/ -->\n<title>In-Ear Ohrh\u00f6rer CoolShields wasserdichte Bettunterlage waschbar 86,4 x 132,1 cm (3 St\u00fcck), Inkontinenz-Bettunterlage mit 8 Tassen Saugf\u00e4higkeit, f\u00fcr Erwachsene, Kinder und Haustiere - Markt-XXL<\/title>\n<meta name=\"description\" content=\"Markt-XXL In-Ear Ohrh\u00f6rer CoolShields wasserdichte Bettunterlage waschbar 86,4 x 132,1 cm (3 St\u00fcck), Inkontinenz-Bettunterlage mit 8 Tassen Saugf\u00e4higkeit, f\u00fcr Erwachsene, Kinder und Haustiere\" \/>\n<meta name=\"robots\" content=\"index, follow, max-snippet:-1, max-image-preview:large, max-video-preview:-1\" \/>\n<link rel=\"canonical\" href=\"https:\/\/marktxxl.de\/markt\/produkt\/in-ear-ohrhoerer-coolshields-wasserdichte-bettunterlage-waschbar-864-x-1321-cm-3-stueck-inkontinenz-bettunterlage-mit-8-tassen-saugfaehigkeit-fuer-erwachsene-kinder-und-haustiere\/\" \/>\n<meta property=\"og:locale\" content=\"de_DE\" \/>\n<meta property=\"og:type\" content=\"article\" \/>\n<meta property=\"og:title\" content=\"In-Ear Ohrh\u00f6rer CoolShields wasserdichte Bettunterlage waschbar 86,4 x 132,1 cm (3 St\u00fcck), Inkontinenz-Bettunterlage mit 8 Tassen Saugf\u00e4higkeit, f\u00fcr Erwachsene, Kinder und Haustiere - Markt-XXL\" \/>\n<meta property=\"og:description\" content=\"Markt-XXL In-Ear Ohrh\u00f6rer CoolShields wasserdichte Bettunterlage waschbar 86,4 x 132,1 cm (3 St\u00fcck), Inkontinenz-Bettunterlage mit 8 Tassen Saugf\u00e4higkeit, f\u00fcr Erwachsene, Kinder und Haustiere\" \/>\n<meta property=\"og:url\" content=\"https:\/\/marktxxl.de\/markt\/produkt\/in-ear-ohrhoerer-coolshields-wasserdichte-bettunterlage-waschbar-864-x-1321-cm-3-stueck-inkontinenz-bettunterlage-mit-8-tassen-saugfaehigkeit-fuer-erwachsene-kinder-und-haustiere\/\" \/>\n<meta property=\"og:site_name\" content=\"Markt-XXL\" \/>\n<meta name=\"twitter:card\" content=\"summary_large_image\" \/>\n<meta name=\"twitter:label1\" content=\"Gesch\u00e4tzte Lesezeit\" \/>\n\t<meta name=\"twitter:data1\" content=\"1\u00a0Minute\" \/>\n<script type=\"application\/ld+json\" class=\"yoast-schema-graph\">{\"@context\":\"https:\\\/\\\/schema.org\",\"@graph\":[{\"@type\":\"WebPage\",\"@id\":\"https:\\\/\\\/marktxxl.de\\\/markt\\\/produkt\\\/in-ear-ohrhoerer-coolshields-wasserdichte-bettunterlage-waschbar-864-x-1321-cm-3-stueck-inkontinenz-bettunterlage-mit-8-tassen-saugfaehigkeit-fuer-erwachsene-kinder-und-haustiere\\\/\",\"url\":\"https:\\\/\\\/marktxxl.de\\\/markt\\\/produkt\\\/in-ear-ohrhoerer-coolshields-wasserdichte-bettunterlage-waschbar-864-x-1321-cm-3-stueck-inkontinenz-bettunterlage-mit-8-tassen-saugfaehigkeit-fuer-erwachsene-kinder-und-haustiere\\\/\",\"name\":\"In-Ear Ohrh\u00f6rer CoolShields wasserdichte Bettunterlage waschbar 86,4 x 132,1 cm (3 St\u00fcck), Inkontinenz-Bettunterlage mit 8 Tassen Saugf\u00e4higkeit, f\u00fcr Erwachsene, Kinder und Haustiere - Markt-XXL\",\"isPartOf\":{\"@id\":\"https:\\\/\\\/marktxxl.de\\\/markt\\\/#website\"},\"primaryImageOfPage\":{\"@id\":\"https:\\\/\\\/marktxxl.de\\\/markt\\\/produkt\\\/in-ear-ohrhoerer-coolshields-wasserdichte-bettunterlage-waschbar-864-x-1321-cm-3-stueck-inkontinenz-bettunterlage-mit-8-tassen-saugfaehigkeit-fuer-erwachsene-kinder-und-haustiere\\\/#primaryimage\"},\"image\":{\"@id\":\"https:\\\/\\\/marktxxl.de\\\/markt\\\/produkt\\\/in-ear-ohrhoerer-coolshields-wasserdichte-bettunterlage-waschbar-864-x-1321-cm-3-stueck-inkontinenz-bettunterlage-mit-8-tassen-saugfaehigkeit-fuer-erwachsene-kinder-und-haustiere\\\/#primaryimage\"},\"thumbnailUrl\":\"https:\\\/\\\/m.media-amazon.com\\\/images\\\/I\\\/31mhRhXzueL._SL500_.jpg\",\"datePublished\":\"2023-05-10T07:25:11+00:00\",\"description\":\"Markt-XXL In-Ear Ohrh\u00f6rer CoolShields wasserdichte Bettunterlage waschbar 86,4 x 132,1 cm (3 St\u00fcck), Inkontinenz-Bettunterlage mit 8 Tassen Saugf\u00e4higkeit, f\u00fcr Erwachsene, Kinder und Haustiere\",\"breadcrumb\":{\"@id\":\"https:\\\/\\\/marktxxl.de\\\/markt\\\/produkt\\\/in-ear-ohrhoerer-coolshields-wasserdichte-bettunterlage-waschbar-864-x-1321-cm-3-stueck-inkontinenz-bettunterlage-mit-8-tassen-saugfaehigkeit-fuer-erwachsene-kinder-und-haustiere\\\/#breadcrumb\"},\"inLanguage\":\"de\",\"potentialAction\":[{\"@type\":\"ReadAction\",\"target\":[\"https:\\\/\\\/marktxxl.de\\\/markt\\\/produkt\\\/in-ear-ohrhoerer-coolshields-wasserdichte-bettunterlage-waschbar-864-x-1321-cm-3-stueck-inkontinenz-bettunterlage-mit-8-tassen-saugfaehigkeit-fuer-erwachsene-kinder-und-haustiere\\\/\"]}]},{\"@type\":\"ImageObject\",\"inLanguage\":\"de\",\"@id\":\"https:\\\/\\\/marktxxl.de\\\/markt\\\/produkt\\\/in-ear-ohrhoerer-coolshields-wasserdichte-bettunterlage-waschbar-864-x-1321-cm-3-stueck-inkontinenz-bettunterlage-mit-8-tassen-saugfaehigkeit-fuer-erwachsene-kinder-und-haustiere\\\/#primaryimage\",\"url\":\"https:\\\/\\\/m.media-amazon.com\\\/images\\\/I\\\/31mhRhXzueL._SL500_.jpg\",\"contentUrl\":\"https:\\\/\\\/m.media-amazon.com\\\/images\\\/I\\\/31mhRhXzueL._SL500_.jpg\",\"width\":500,\"height\":500},{\"@type\":\"BreadcrumbList\",\"@id\":\"https:\\\/\\\/marktxxl.de\\\/markt\\\/produkt\\\/in-ear-ohrhoerer-coolshields-wasserdichte-bettunterlage-waschbar-864-x-1321-cm-3-stueck-inkontinenz-bettunterlage-mit-8-tassen-saugfaehigkeit-fuer-erwachsene-kinder-und-haustiere\\\/#breadcrumb\",\"itemListElement\":[{\"@type\":\"ListItem\",\"position\":1,\"name\":\"Startseite\",\"item\":\"https:\\\/\\\/marktxxl.de\\\/markt\\\/\"},{\"@type\":\"ListItem\",\"position\":2,\"name\":\"Markt\",\"item\":\"https:\\\/\\\/marktxxl.de\\\/markt\\\/\"},{\"@type\":\"ListItem\",\"position\":3,\"name\":\"In-Ear Ohrh\u00f6rer CoolShields wasserdichte Bettunterlage waschbar 86,4 x 132,1 cm (3 St\u00fcck), Inkontinenz-Bettunterlage mit 8 Tassen Saugf\u00e4higkeit, f\u00fcr Erwachsene, Kinder und Haustiere\"}]},{\"@type\":\"WebSite\",\"@id\":\"https:\\\/\\\/marktxxl.de\\\/markt\\\/#website\",\"url\":\"https:\\\/\\\/marktxxl.de\\\/markt\\\/\",\"name\":\"Markt-XXL\",\"description\":\"Ihr Markt Online\",\"publisher\":{\"@id\":\"https:\\\/\\\/marktxxl.de\\\/markt\\\/#organization\"},\"potentialAction\":[{\"@type\":\"SearchAction\",\"target\":{\"@type\":\"EntryPoint\",\"urlTemplate\":\"https:\\\/\\\/marktxxl.de\\\/markt\\\/?s={search_term_string}\"},\"query-input\":{\"@type\":\"PropertyValueSpecification\",\"valueRequired\":true,\"valueName\":\"search_term_string\"}}],\"inLanguage\":\"de\"},{\"@type\":\"Organization\",\"@id\":\"https:\\\/\\\/marktxxl.de\\\/markt\\\/#organization\",\"name\":\"Markt-XXL\",\"url\":\"https:\\\/\\\/marktxxl.de\\\/markt\\\/\",\"logo\":{\"@type\":\"ImageObject\",\"inLanguage\":\"de\",\"@id\":\"https:\\\/\\\/marktxxl.de\\\/markt\\\/#\\\/schema\\\/logo\\\/image\\\/\",\"url\":\"https:\\\/\\\/marktxxl.de\\\/markt\\\/wp-content\\\/uploads\\\/sites\\\/3\\\/2020\\\/12\\\/logo.png\",\"contentUrl\":\"https:\\\/\\\/marktxxl.de\\\/markt\\\/wp-content\\\/uploads\\\/sites\\\/3\\\/2020\\\/12\\\/logo.png\",\"width\":200,\"height\":70,\"caption\":\"Markt-XXL\"},\"image\":{\"@id\":\"https:\\\/\\\/marktxxl.de\\\/markt\\\/#\\\/schema\\\/logo\\\/image\\\/\"}}]}<\/script>\n<!-- \/ Yoast SEO plugin. -->","yoast_head_json":{"title":"In-Ear Ohrh\u00f6rer CoolShields wasserdichte Bettunterlage waschbar 86,4 x 132,1 cm (3 St\u00fcck), Inkontinenz-Bettunterlage mit 8 Tassen Saugf\u00e4higkeit, f\u00fcr Erwachsene, Kinder und Haustiere - Markt-XXL","description":"Markt-XXL In-Ear Ohrh\u00f6rer CoolShields wasserdichte Bettunterlage waschbar 86,4 x 132,1 cm (3 St\u00fcck), Inkontinenz-Bettunterlage mit 8 Tassen Saugf\u00e4higkeit, f\u00fcr Erwachsene, Kinder und Haustiere","robots":{"index":"index","follow":"follow","max-snippet":"max-snippet:-1","max-image-preview":"max-image-preview:large","max-video-preview":"max-video-preview:-1"},"canonical":"https:\/\/marktxxl.de\/markt\/produkt\/in-ear-ohrhoerer-coolshields-wasserdichte-bettunterlage-waschbar-864-x-1321-cm-3-stueck-inkontinenz-bettunterlage-mit-8-tassen-saugfaehigkeit-fuer-erwachsene-kinder-und-haustiere\/","og_locale":"de_DE","og_type":"article","og_title":"In-Ear Ohrh\u00f6rer CoolShields wasserdichte Bettunterlage waschbar 86,4 x 132,1 cm (3 St\u00fcck), Inkontinenz-Bettunterlage mit 8 Tassen Saugf\u00e4higkeit, f\u00fcr Erwachsene, Kinder und Haustiere - Markt-XXL","og_description":"Markt-XXL In-Ear Ohrh\u00f6rer CoolShields wasserdichte Bettunterlage waschbar 86,4 x 132,1 cm (3 St\u00fcck), Inkontinenz-Bettunterlage mit 8 Tassen Saugf\u00e4higkeit, f\u00fcr Erwachsene, Kinder und Haustiere","og_url":"https:\/\/marktxxl.de\/markt\/produkt\/in-ear-ohrhoerer-coolshields-wasserdichte-bettunterlage-waschbar-864-x-1321-cm-3-stueck-inkontinenz-bettunterlage-mit-8-tassen-saugfaehigkeit-fuer-erwachsene-kinder-und-haustiere\/","og_site_name":"Markt-XXL","twitter_card":"summary_large_image","twitter_misc":{"Gesch\u00e4tzte Lesezeit":"1\u00a0Minute"},"schema":{"@context":"https:\/\/schema.org","@graph":[{"@type":"WebPage","@id":"https:\/\/marktxxl.de\/markt\/produkt\/in-ear-ohrhoerer-coolshields-wasserdichte-bettunterlage-waschbar-864-x-1321-cm-3-stueck-inkontinenz-bettunterlage-mit-8-tassen-saugfaehigkeit-fuer-erwachsene-kinder-und-haustiere\/","url":"https:\/\/marktxxl.de\/markt\/produkt\/in-ear-ohrhoerer-coolshields-wasserdichte-bettunterlage-waschbar-864-x-1321-cm-3-stueck-inkontinenz-bettunterlage-mit-8-tassen-saugfaehigkeit-fuer-erwachsene-kinder-und-haustiere\/","name":"In-Ear Ohrh\u00f6rer CoolShields wasserdichte Bettunterlage waschbar 86,4 x 132,1 cm (3 St\u00fcck), Inkontinenz-Bettunterlage mit 8 Tassen Saugf\u00e4higkeit, f\u00fcr Erwachsene, Kinder und Haustiere - Markt-XXL","isPartOf":{"@id":"https:\/\/marktxxl.de\/markt\/#website"},"primaryImageOfPage":{"@id":"https:\/\/marktxxl.de\/markt\/produkt\/in-ear-ohrhoerer-coolshields-wasserdichte-bettunterlage-waschbar-864-x-1321-cm-3-stueck-inkontinenz-bettunterlage-mit-8-tassen-saugfaehigkeit-fuer-erwachsene-kinder-und-haustiere\/#primaryimage"},"image":{"@id":"https:\/\/marktxxl.de\/markt\/produkt\/in-ear-ohrhoerer-coolshields-wasserdichte-bettunterlage-waschbar-864-x-1321-cm-3-stueck-inkontinenz-bettunterlage-mit-8-tassen-saugfaehigkeit-fuer-erwachsene-kinder-und-haustiere\/#primaryimage"},"thumbnailUrl":"https:\/\/m.media-amazon.com\/images\/I\/31mhRhXzueL._SL500_.jpg","datePublished":"2023-05-10T07:25:11+00:00","description":"Markt-XXL In-Ear Ohrh\u00f6rer CoolShields wasserdichte Bettunterlage waschbar 86,4 x 132,1 cm (3 St\u00fcck), Inkontinenz-Bettunterlage mit 8 Tassen Saugf\u00e4higkeit, f\u00fcr Erwachsene, Kinder und Haustiere","breadcrumb":{"@id":"https:\/\/marktxxl.de\/markt\/produkt\/in-ear-ohrhoerer-coolshields-wasserdichte-bettunterlage-waschbar-864-x-1321-cm-3-stueck-inkontinenz-bettunterlage-mit-8-tassen-saugfaehigkeit-fuer-erwachsene-kinder-und-haustiere\/#breadcrumb"},"inLanguage":"de","potentialAction":[{"@type":"ReadAction","target":["https:\/\/marktxxl.de\/markt\/produkt\/in-ear-ohrhoerer-coolshields-wasserdichte-bettunterlage-waschbar-864-x-1321-cm-3-stueck-inkontinenz-bettunterlage-mit-8-tassen-saugfaehigkeit-fuer-erwachsene-kinder-und-haustiere\/"]}]},{"@type":"ImageObject","inLanguage":"de","@id":"https:\/\/marktxxl.de\/markt\/produkt\/in-ear-ohrhoerer-coolshields-wasserdichte-bettunterlage-waschbar-864-x-1321-cm-3-stueck-inkontinenz-bettunterlage-mit-8-tassen-saugfaehigkeit-fuer-erwachsene-kinder-und-haustiere\/#primaryimage","url":"https:\/\/m.media-amazon.com\/images\/I\/31mhRhXzueL._SL500_.jpg","contentUrl":"https:\/\/m.media-amazon.com\/images\/I\/31mhRhXzueL._SL500_.jpg","width":500,"height":500},{"@type":"BreadcrumbList","@id":"https:\/\/marktxxl.de\/markt\/produkt\/in-ear-ohrhoerer-coolshields-wasserdichte-bettunterlage-waschbar-864-x-1321-cm-3-stueck-inkontinenz-bettunterlage-mit-8-tassen-saugfaehigkeit-fuer-erwachsene-kinder-und-haustiere\/#breadcrumb","itemListElement":[{"@type":"ListItem","position":1,"name":"Startseite","item":"https:\/\/marktxxl.de\/markt\/"},{"@type":"ListItem","position":2,"name":"Markt","item":"https:\/\/marktxxl.de\/markt\/"},{"@type":"ListItem","position":3,"name":"In-Ear Ohrh\u00f6rer CoolShields wasserdichte Bettunterlage waschbar 86,4 x 132,1 cm (3 St\u00fcck), Inkontinenz-Bettunterlage mit 8 Tassen Saugf\u00e4higkeit, f\u00fcr Erwachsene, Kinder und Haustiere"}]},{"@type":"WebSite","@id":"https:\/\/marktxxl.de\/markt\/#website","url":"https:\/\/marktxxl.de\/markt\/","name":"Markt-XXL","description":"Ihr Markt Online","publisher":{"@id":"https:\/\/marktxxl.de\/markt\/#organization"},"potentialAction":[{"@type":"SearchAction","target":{"@type":"EntryPoint","urlTemplate":"https:\/\/marktxxl.de\/markt\/?s={search_term_string}"},"query-input":{"@type":"PropertyValueSpecification","valueRequired":true,"valueName":"search_term_string"}}],"inLanguage":"de"},{"@type":"Organization","@id":"https:\/\/marktxxl.de\/markt\/#organization","name":"Markt-XXL","url":"https:\/\/marktxxl.de\/markt\/","logo":{"@type":"ImageObject","inLanguage":"de","@id":"https:\/\/marktxxl.de\/markt\/#\/schema\/logo\/image\/","url":"https:\/\/marktxxl.de\/markt\/wp-content\/uploads\/sites\/3\/2020\/12\/logo.png","contentUrl":"https:\/\/marktxxl.de\/markt\/wp-content\/uploads\/sites\/3\/2020\/12\/logo.png","width":200,"height":70,"caption":"Markt-XXL"},"image":{"@id":"https:\/\/marktxxl.de\/markt\/#\/schema\/logo\/image\/"}}]}},"_links":{"self":[{"href":"https:\/\/marktxxl.de\/markt\/wp-json\/wp\/v2\/product\/204761","targetHints":{"allow":["GET"]}}],"collection":[{"href":"https:\/\/marktxxl.de\/markt\/wp-json\/wp\/v2\/product"}],"about":[{"href":"https:\/\/marktxxl.de\/markt\/wp-json\/wp\/v2\/types\/product"}],"replies":[{"embeddable":true,"href":"https:\/\/marktxxl.de\/markt\/wp-json\/wp\/v2\/comments?post=204761"}],"wp:featuredmedia":[{"embeddable":true,"href":"https:\/\/marktxxl.de\/markt\/wp-json\/wp\/v2\/media\/204762"}],"wp:attachment":[{"href":"https:\/\/marktxxl.de\/markt\/wp-json\/wp\/v2\/media?parent=204761"}],"wp:term":[{"taxonomy":"product_brand","embeddable":true,"href":"https:\/\/marktxxl.de\/markt\/wp-json\/wp\/v2\/product_brand?post=204761"},{"taxonomy":"product_cat","embeddable":true,"href":"https:\/\/marktxxl.de\/markt\/wp-json\/wp\/v2\/product_cat?post=204761"},{"taxonomy":"product_tag","embeddable":true,"href":"https:\/\/marktxxl.de\/markt\/wp-json\/wp\/v2\/product_tag?post=204761"}],"curies":[{"name":"wp","href":"https:\/\/api.w.org\/{rel}","templated":true}]}}