{"id":204690,"date":"2023-05-10T08:25:11","date_gmt":"2023-05-10T06:25:11","guid":{"rendered":"https:\/\/marktxxl.de\/markt\/produkt\/gel-nagellackentferner-2-stueck-entfernt-gel-nagellack-abziehbar-in-3-6-minuten-professionelle-entfernung-soak-off-gel-naegel-schuetzt-naegel\/"},"modified":"2023-05-10T08:25:11","modified_gmt":"2023-05-10T06:25:11","slug":"gel-nagellackentferner-2-stueck-entfernt-gel-nagellack-abziehbar-in-3-6-minuten-professionelle-entfernung-soak-off-gel-naegel-schuetzt-naegel","status":"publish","type":"product","link":"https:\/\/marktxxl.de\/markt\/produkt\/gel-nagellackentferner-2-stueck-entfernt-gel-nagellack-abziehbar-in-3-6-minuten-professionelle-entfernung-soak-off-gel-naegel-schuetzt-naegel\/","title":{"rendered":"Gel-Nagellackentferner, 2 St\u00fcck, entfernt Gel-Nagellack, abziehbar in 3\u20136 Minuten, professionelle Entfernung, Soak-Off-Gel-N\u00e4gel, sch\u00fctzt N\u00e4gel"},"content":{"rendered":"<p>\ud83d\udca7\u3010Nat\u00fcrliche Pflanzenformel\u3011 Die Inhaltsstoffe des Nagellackentferners werden aus nat\u00fcrlichen Pflanzen gewonnen, die f\u00fcr den menschlichen K\u00f6rper harmlos sind und einen sehr leichten Geruch haben.<br \/>\nSch\u00fctzen Sie N\u00e4gel: Es besteht keine Notwendigkeit, die N\u00e4gel hart abzuwischen, einfach Make-up-Entferner sanft auf die N\u00e4gel auftragen und dann 3\u20135 Minuten warten, die Nageloberfl\u00e4che wird automatisch brechen. Machen Sie sich keine Sorgen, dass der Nagellack die N\u00e4gel besch\u00e4digt.<br \/>\n\ud83d\udca7\u3010Effizient und zeitsparend\u3011Dies ist ein Immersion-Nagellackentferner, der Nagellack leicht entfernen kann, ohne viel Zeit mit professioneller Nagelreinigung zu verbringen. Es ist geeignet f\u00fcr UV-Kunststoffn\u00e4gel, Acryln\u00e4gel, Naturn\u00e4gel und andere N\u00e4gel.<br \/>\n\ud83d\udca7 \u3010Einfach zu bedienen\u3011Der Arbeitsprozess ist einfach und schnell. Es ist sehr geeignet f\u00fcr zarte Damen, die eine Vielzahl von direkten Stilen m\u00f6gen. Sie werden die Freude an einer Vielzahl von sch\u00f6nen N\u00e4geln jeden Tag sp\u00fcren.<br \/>\n\ud83d\udca7\u3010Hinweise\u3011Vor dem Entfernen des Nagellacks wird empfohlen, zuerst die Versiegelung mit Sand zu entfernen, damit sie automatisch platzt. Wenn die Dichtschicht nicht entfernt wird, wird sie nicht automatisch explodiert und es dauert l\u00e4nger, um den Nagel zu entladen. Und es muss mit einem Papiertuch abgewischt werden.<br \/>\n<div class=\"main-cross-sell\" data-asin=\"B09BJW9QDW\">\n\n\t<div class=\"WooZone-cross-sell-loader\">\n\t\t<div>\n\t\t\t<div id=\"floatingBarsG\">\n\t\t\t\t<div class=\"blockG\" id=\"rotateG_01\"><\/div>\n\t\t\t\t<div class=\"blockG\" id=\"rotateG_02\"><\/div>\n\t\t\t\t<div class=\"blockG\" id=\"rotateG_03\"><\/div>\n\t\t\t\t<div class=\"blockG\" id=\"rotateG_04\"><\/div>\n\t\t\t\t<div class=\"blockG\" id=\"rotateG_05\"><\/div>\n\t\t\t\t<div class=\"blockG\" id=\"rotateG_06\"><\/div>\n\t\t\t\t<div class=\"blockG\" id=\"rotateG_07\"><\/div>\n\t\t\t\t<div class=\"blockG\" id=\"rotateG_08\"><\/div>\n\t\t\t<\/div>\n\t\t\t<div class=\"WooZone-cross-sell-loader-text\"><\/div>\n\t\t<\/div>\n\t<\/div>\n\n\t\t\n<\/div>\n<div style=\"clear:both;\"><\/div><\/p>\n","protected":false},"excerpt":{"rendered":"<p>\ud83d\udca7\u3010Nat\u00fcrliche Pflanzenformel\u3011 Die Inhaltsstoffe des Nagellackentferners werden aus nat\u00fcrlichen Pflanzen gewonnen, die f\u00fcr den menschlichen K\u00f6rper harmlos sind und einen sehr leichten Geruch haben.<br \/>\nSch\u00fctzen Sie N\u00e4gel: Es besteht keine Notwendigkeit, die N\u00e4gel hart abzuwischen, einfach Make-up-Entferner sanft auf die N\u00e4gel auftragen und dann 3\u20135 Minuten warten, die Nageloberfl\u00e4che wird automatisch brechen. Machen Sie sich keine Sorgen, dass der Nagellack die N\u00e4gel besch\u00e4digt.<br \/>\n\ud83d\udca7\u3010Effizient und zeitsparend\u3011Dies ist ein Immersion-Nagellackentferner, der Nagellack leicht entfernen kann, ohne viel Zeit mit professioneller Nagelreinigung zu verbringen. Es ist geeignet f\u00fcr UV-Kunststoffn\u00e4gel, Acryln\u00e4gel, Naturn\u00e4gel und andere N\u00e4gel.<\/p>\n","protected":false},"featured_media":204691,"comment_status":"open","ping_status":"closed","template":"","meta":[],"product_brand":[],"product_cat":[2858,7659],"product_tag":[],"class_list":{"0":"post-204690","1":"product","2":"type-product","3":"status-publish","4":"has-post-thumbnail","6":"product_cat-beauty","7":"product_cat-manikuere-pedikuere","8":"pa_brand-zodenis","9":"pa_manufacturer-zodenis","11":"first","12":"instock","13":"shipping-taxable","14":"purchasable","15":"product-type-simple","16":"customify-col","17":"product-has-gallery"},"yoast_head":"<!-- This site is optimized with the Yoast SEO plugin v27.4 - https:\/\/yoast.com\/product\/yoast-seo-wordpress\/ -->\n<title>Gel-Nagellackentferner, 2 St\u00fcck, entfernt Gel-Nagellack, abziehbar in 3\u20136 Minuten, professionelle Entfernung, Soak-Off-Gel-N\u00e4gel, sch\u00fctzt N\u00e4gel - Markt-XXL<\/title>\n<meta name=\"description\" content=\"Markt-XXL Gel-Nagellackentferner, 2 St\u00fcck, entfernt Gel-Nagellack, abziehbar in 3\u20136 Minuten, professionelle Entfernung, Soak-Off-Gel-N\u00e4gel, sch\u00fctzt N\u00e4gel\" \/>\n<meta name=\"robots\" content=\"index, follow, max-snippet:-1, max-image-preview:large, max-video-preview:-1\" \/>\n<link rel=\"canonical\" href=\"https:\/\/marktxxl.de\/markt\/produkt\/gel-nagellackentferner-2-stueck-entfernt-gel-nagellack-abziehbar-in-3-6-minuten-professionelle-entfernung-soak-off-gel-naegel-schuetzt-naegel\/\" \/>\n<meta property=\"og:locale\" content=\"de_DE\" \/>\n<meta property=\"og:type\" content=\"article\" \/>\n<meta property=\"og:title\" content=\"Gel-Nagellackentferner, 2 St\u00fcck, entfernt Gel-Nagellack, abziehbar in 3\u20136 Minuten, professionelle Entfernung, Soak-Off-Gel-N\u00e4gel, sch\u00fctzt N\u00e4gel - Markt-XXL\" \/>\n<meta property=\"og:description\" content=\"Markt-XXL Gel-Nagellackentferner, 2 St\u00fcck, entfernt Gel-Nagellack, abziehbar in 3\u20136 Minuten, professionelle Entfernung, Soak-Off-Gel-N\u00e4gel, sch\u00fctzt N\u00e4gel\" \/>\n<meta property=\"og:url\" content=\"https:\/\/marktxxl.de\/markt\/produkt\/gel-nagellackentferner-2-stueck-entfernt-gel-nagellack-abziehbar-in-3-6-minuten-professionelle-entfernung-soak-off-gel-naegel-schuetzt-naegel\/\" \/>\n<meta property=\"og:site_name\" content=\"Markt-XXL\" \/>\n<meta name=\"twitter:card\" content=\"summary_large_image\" \/>\n<meta name=\"twitter:label1\" content=\"Gesch\u00e4tzte Lesezeit\" \/>\n\t<meta name=\"twitter:data1\" content=\"1\u00a0Minute\" \/>\n<script type=\"application\/ld+json\" class=\"yoast-schema-graph\">{\"@context\":\"https:\\\/\\\/schema.org\",\"@graph\":[{\"@type\":\"WebPage\",\"@id\":\"https:\\\/\\\/marktxxl.de\\\/markt\\\/produkt\\\/gel-nagellackentferner-2-stueck-entfernt-gel-nagellack-abziehbar-in-3-6-minuten-professionelle-entfernung-soak-off-gel-naegel-schuetzt-naegel\\\/\",\"url\":\"https:\\\/\\\/marktxxl.de\\\/markt\\\/produkt\\\/gel-nagellackentferner-2-stueck-entfernt-gel-nagellack-abziehbar-in-3-6-minuten-professionelle-entfernung-soak-off-gel-naegel-schuetzt-naegel\\\/\",\"name\":\"Gel-Nagellackentferner, 2 St\u00fcck, entfernt Gel-Nagellack, abziehbar in 3\u20136 Minuten, professionelle Entfernung, Soak-Off-Gel-N\u00e4gel, sch\u00fctzt N\u00e4gel - Markt-XXL\",\"isPartOf\":{\"@id\":\"https:\\\/\\\/marktxxl.de\\\/markt\\\/#website\"},\"primaryImageOfPage\":{\"@id\":\"https:\\\/\\\/marktxxl.de\\\/markt\\\/produkt\\\/gel-nagellackentferner-2-stueck-entfernt-gel-nagellack-abziehbar-in-3-6-minuten-professionelle-entfernung-soak-off-gel-naegel-schuetzt-naegel\\\/#primaryimage\"},\"image\":{\"@id\":\"https:\\\/\\\/marktxxl.de\\\/markt\\\/produkt\\\/gel-nagellackentferner-2-stueck-entfernt-gel-nagellack-abziehbar-in-3-6-minuten-professionelle-entfernung-soak-off-gel-naegel-schuetzt-naegel\\\/#primaryimage\"},\"thumbnailUrl\":\"https:\\\/\\\/m.media-amazon.com\\\/images\\\/I\\\/51biAcI7yYL._SL500_.jpg\",\"datePublished\":\"2023-05-10T06:25:11+00:00\",\"description\":\"Markt-XXL Gel-Nagellackentferner, 2 St\u00fcck, entfernt Gel-Nagellack, abziehbar in 3\u20136 Minuten, professionelle Entfernung, Soak-Off-Gel-N\u00e4gel, sch\u00fctzt N\u00e4gel\",\"breadcrumb\":{\"@id\":\"https:\\\/\\\/marktxxl.de\\\/markt\\\/produkt\\\/gel-nagellackentferner-2-stueck-entfernt-gel-nagellack-abziehbar-in-3-6-minuten-professionelle-entfernung-soak-off-gel-naegel-schuetzt-naegel\\\/#breadcrumb\"},\"inLanguage\":\"de\",\"potentialAction\":[{\"@type\":\"ReadAction\",\"target\":[\"https:\\\/\\\/marktxxl.de\\\/markt\\\/produkt\\\/gel-nagellackentferner-2-stueck-entfernt-gel-nagellack-abziehbar-in-3-6-minuten-professionelle-entfernung-soak-off-gel-naegel-schuetzt-naegel\\\/\"]}]},{\"@type\":\"ImageObject\",\"inLanguage\":\"de\",\"@id\":\"https:\\\/\\\/marktxxl.de\\\/markt\\\/produkt\\\/gel-nagellackentferner-2-stueck-entfernt-gel-nagellack-abziehbar-in-3-6-minuten-professionelle-entfernung-soak-off-gel-naegel-schuetzt-naegel\\\/#primaryimage\",\"url\":\"https:\\\/\\\/m.media-amazon.com\\\/images\\\/I\\\/51biAcI7yYL._SL500_.jpg\",\"contentUrl\":\"https:\\\/\\\/m.media-amazon.com\\\/images\\\/I\\\/51biAcI7yYL._SL500_.jpg\",\"width\":500,\"height\":500},{\"@type\":\"BreadcrumbList\",\"@id\":\"https:\\\/\\\/marktxxl.de\\\/markt\\\/produkt\\\/gel-nagellackentferner-2-stueck-entfernt-gel-nagellack-abziehbar-in-3-6-minuten-professionelle-entfernung-soak-off-gel-naegel-schuetzt-naegel\\\/#breadcrumb\",\"itemListElement\":[{\"@type\":\"ListItem\",\"position\":1,\"name\":\"Startseite\",\"item\":\"https:\\\/\\\/marktxxl.de\\\/markt\\\/\"},{\"@type\":\"ListItem\",\"position\":2,\"name\":\"Markt\",\"item\":\"https:\\\/\\\/marktxxl.de\\\/markt\\\/\"},{\"@type\":\"ListItem\",\"position\":3,\"name\":\"Gel-Nagellackentferner, 2 St\u00fcck, entfernt Gel-Nagellack, abziehbar in 3\u20136 Minuten, professionelle Entfernung, Soak-Off-Gel-N\u00e4gel, sch\u00fctzt N\u00e4gel\"}]},{\"@type\":\"WebSite\",\"@id\":\"https:\\\/\\\/marktxxl.de\\\/markt\\\/#website\",\"url\":\"https:\\\/\\\/marktxxl.de\\\/markt\\\/\",\"name\":\"Markt-XXL\",\"description\":\"Ihr Markt Online\",\"publisher\":{\"@id\":\"https:\\\/\\\/marktxxl.de\\\/markt\\\/#organization\"},\"potentialAction\":[{\"@type\":\"SearchAction\",\"target\":{\"@type\":\"EntryPoint\",\"urlTemplate\":\"https:\\\/\\\/marktxxl.de\\\/markt\\\/?s={search_term_string}\"},\"query-input\":{\"@type\":\"PropertyValueSpecification\",\"valueRequired\":true,\"valueName\":\"search_term_string\"}}],\"inLanguage\":\"de\"},{\"@type\":\"Organization\",\"@id\":\"https:\\\/\\\/marktxxl.de\\\/markt\\\/#organization\",\"name\":\"Markt-XXL\",\"url\":\"https:\\\/\\\/marktxxl.de\\\/markt\\\/\",\"logo\":{\"@type\":\"ImageObject\",\"inLanguage\":\"de\",\"@id\":\"https:\\\/\\\/marktxxl.de\\\/markt\\\/#\\\/schema\\\/logo\\\/image\\\/\",\"url\":\"https:\\\/\\\/marktxxl.de\\\/markt\\\/wp-content\\\/uploads\\\/sites\\\/3\\\/2020\\\/12\\\/logo.png\",\"contentUrl\":\"https:\\\/\\\/marktxxl.de\\\/markt\\\/wp-content\\\/uploads\\\/sites\\\/3\\\/2020\\\/12\\\/logo.png\",\"width\":200,\"height\":70,\"caption\":\"Markt-XXL\"},\"image\":{\"@id\":\"https:\\\/\\\/marktxxl.de\\\/markt\\\/#\\\/schema\\\/logo\\\/image\\\/\"}}]}<\/script>\n<!-- \/ Yoast SEO plugin. -->","yoast_head_json":{"title":"Gel-Nagellackentferner, 2 St\u00fcck, entfernt Gel-Nagellack, abziehbar in 3\u20136 Minuten, professionelle Entfernung, Soak-Off-Gel-N\u00e4gel, sch\u00fctzt N\u00e4gel - Markt-XXL","description":"Markt-XXL Gel-Nagellackentferner, 2 St\u00fcck, entfernt Gel-Nagellack, abziehbar in 3\u20136 Minuten, professionelle Entfernung, Soak-Off-Gel-N\u00e4gel, sch\u00fctzt N\u00e4gel","robots":{"index":"index","follow":"follow","max-snippet":"max-snippet:-1","max-image-preview":"max-image-preview:large","max-video-preview":"max-video-preview:-1"},"canonical":"https:\/\/marktxxl.de\/markt\/produkt\/gel-nagellackentferner-2-stueck-entfernt-gel-nagellack-abziehbar-in-3-6-minuten-professionelle-entfernung-soak-off-gel-naegel-schuetzt-naegel\/","og_locale":"de_DE","og_type":"article","og_title":"Gel-Nagellackentferner, 2 St\u00fcck, entfernt Gel-Nagellack, abziehbar in 3\u20136 Minuten, professionelle Entfernung, Soak-Off-Gel-N\u00e4gel, sch\u00fctzt N\u00e4gel - Markt-XXL","og_description":"Markt-XXL Gel-Nagellackentferner, 2 St\u00fcck, entfernt Gel-Nagellack, abziehbar in 3\u20136 Minuten, professionelle Entfernung, Soak-Off-Gel-N\u00e4gel, sch\u00fctzt N\u00e4gel","og_url":"https:\/\/marktxxl.de\/markt\/produkt\/gel-nagellackentferner-2-stueck-entfernt-gel-nagellack-abziehbar-in-3-6-minuten-professionelle-entfernung-soak-off-gel-naegel-schuetzt-naegel\/","og_site_name":"Markt-XXL","twitter_card":"summary_large_image","twitter_misc":{"Gesch\u00e4tzte Lesezeit":"1\u00a0Minute"},"schema":{"@context":"https:\/\/schema.org","@graph":[{"@type":"WebPage","@id":"https:\/\/marktxxl.de\/markt\/produkt\/gel-nagellackentferner-2-stueck-entfernt-gel-nagellack-abziehbar-in-3-6-minuten-professionelle-entfernung-soak-off-gel-naegel-schuetzt-naegel\/","url":"https:\/\/marktxxl.de\/markt\/produkt\/gel-nagellackentferner-2-stueck-entfernt-gel-nagellack-abziehbar-in-3-6-minuten-professionelle-entfernung-soak-off-gel-naegel-schuetzt-naegel\/","name":"Gel-Nagellackentferner, 2 St\u00fcck, entfernt Gel-Nagellack, abziehbar in 3\u20136 Minuten, professionelle Entfernung, Soak-Off-Gel-N\u00e4gel, sch\u00fctzt N\u00e4gel - Markt-XXL","isPartOf":{"@id":"https:\/\/marktxxl.de\/markt\/#website"},"primaryImageOfPage":{"@id":"https:\/\/marktxxl.de\/markt\/produkt\/gel-nagellackentferner-2-stueck-entfernt-gel-nagellack-abziehbar-in-3-6-minuten-professionelle-entfernung-soak-off-gel-naegel-schuetzt-naegel\/#primaryimage"},"image":{"@id":"https:\/\/marktxxl.de\/markt\/produkt\/gel-nagellackentferner-2-stueck-entfernt-gel-nagellack-abziehbar-in-3-6-minuten-professionelle-entfernung-soak-off-gel-naegel-schuetzt-naegel\/#primaryimage"},"thumbnailUrl":"https:\/\/m.media-amazon.com\/images\/I\/51biAcI7yYL._SL500_.jpg","datePublished":"2023-05-10T06:25:11+00:00","description":"Markt-XXL Gel-Nagellackentferner, 2 St\u00fcck, entfernt Gel-Nagellack, abziehbar in 3\u20136 Minuten, professionelle Entfernung, Soak-Off-Gel-N\u00e4gel, sch\u00fctzt N\u00e4gel","breadcrumb":{"@id":"https:\/\/marktxxl.de\/markt\/produkt\/gel-nagellackentferner-2-stueck-entfernt-gel-nagellack-abziehbar-in-3-6-minuten-professionelle-entfernung-soak-off-gel-naegel-schuetzt-naegel\/#breadcrumb"},"inLanguage":"de","potentialAction":[{"@type":"ReadAction","target":["https:\/\/marktxxl.de\/markt\/produkt\/gel-nagellackentferner-2-stueck-entfernt-gel-nagellack-abziehbar-in-3-6-minuten-professionelle-entfernung-soak-off-gel-naegel-schuetzt-naegel\/"]}]},{"@type":"ImageObject","inLanguage":"de","@id":"https:\/\/marktxxl.de\/markt\/produkt\/gel-nagellackentferner-2-stueck-entfernt-gel-nagellack-abziehbar-in-3-6-minuten-professionelle-entfernung-soak-off-gel-naegel-schuetzt-naegel\/#primaryimage","url":"https:\/\/m.media-amazon.com\/images\/I\/51biAcI7yYL._SL500_.jpg","contentUrl":"https:\/\/m.media-amazon.com\/images\/I\/51biAcI7yYL._SL500_.jpg","width":500,"height":500},{"@type":"BreadcrumbList","@id":"https:\/\/marktxxl.de\/markt\/produkt\/gel-nagellackentferner-2-stueck-entfernt-gel-nagellack-abziehbar-in-3-6-minuten-professionelle-entfernung-soak-off-gel-naegel-schuetzt-naegel\/#breadcrumb","itemListElement":[{"@type":"ListItem","position":1,"name":"Startseite","item":"https:\/\/marktxxl.de\/markt\/"},{"@type":"ListItem","position":2,"name":"Markt","item":"https:\/\/marktxxl.de\/markt\/"},{"@type":"ListItem","position":3,"name":"Gel-Nagellackentferner, 2 St\u00fcck, entfernt Gel-Nagellack, abziehbar in 3\u20136 Minuten, professionelle Entfernung, Soak-Off-Gel-N\u00e4gel, sch\u00fctzt N\u00e4gel"}]},{"@type":"WebSite","@id":"https:\/\/marktxxl.de\/markt\/#website","url":"https:\/\/marktxxl.de\/markt\/","name":"Markt-XXL","description":"Ihr Markt Online","publisher":{"@id":"https:\/\/marktxxl.de\/markt\/#organization"},"potentialAction":[{"@type":"SearchAction","target":{"@type":"EntryPoint","urlTemplate":"https:\/\/marktxxl.de\/markt\/?s={search_term_string}"},"query-input":{"@type":"PropertyValueSpecification","valueRequired":true,"valueName":"search_term_string"}}],"inLanguage":"de"},{"@type":"Organization","@id":"https:\/\/marktxxl.de\/markt\/#organization","name":"Markt-XXL","url":"https:\/\/marktxxl.de\/markt\/","logo":{"@type":"ImageObject","inLanguage":"de","@id":"https:\/\/marktxxl.de\/markt\/#\/schema\/logo\/image\/","url":"https:\/\/marktxxl.de\/markt\/wp-content\/uploads\/sites\/3\/2020\/12\/logo.png","contentUrl":"https:\/\/marktxxl.de\/markt\/wp-content\/uploads\/sites\/3\/2020\/12\/logo.png","width":200,"height":70,"caption":"Markt-XXL"},"image":{"@id":"https:\/\/marktxxl.de\/markt\/#\/schema\/logo\/image\/"}}]}},"_links":{"self":[{"href":"https:\/\/marktxxl.de\/markt\/wp-json\/wp\/v2\/product\/204690","targetHints":{"allow":["GET"]}}],"collection":[{"href":"https:\/\/marktxxl.de\/markt\/wp-json\/wp\/v2\/product"}],"about":[{"href":"https:\/\/marktxxl.de\/markt\/wp-json\/wp\/v2\/types\/product"}],"replies":[{"embeddable":true,"href":"https:\/\/marktxxl.de\/markt\/wp-json\/wp\/v2\/comments?post=204690"}],"wp:featuredmedia":[{"embeddable":true,"href":"https:\/\/marktxxl.de\/markt\/wp-json\/wp\/v2\/media\/204691"}],"wp:attachment":[{"href":"https:\/\/marktxxl.de\/markt\/wp-json\/wp\/v2\/media?parent=204690"}],"wp:term":[{"taxonomy":"product_brand","embeddable":true,"href":"https:\/\/marktxxl.de\/markt\/wp-json\/wp\/v2\/product_brand?post=204690"},{"taxonomy":"product_cat","embeddable":true,"href":"https:\/\/marktxxl.de\/markt\/wp-json\/wp\/v2\/product_cat?post=204690"},{"taxonomy":"product_tag","embeddable":true,"href":"https:\/\/marktxxl.de\/markt\/wp-json\/wp\/v2\/product_tag?post=204690"}],"curies":[{"name":"wp","href":"https:\/\/api.w.org\/{rel}","templated":true}]}}