{"id":204636,"date":"2023-05-10T07:58:01","date_gmt":"2023-05-10T05:58:01","guid":{"rendered":"https:\/\/marktxxl.de\/markt\/produkt\/hyperlite-led-hallenstrahler-150w-ufo-hallenleuchte-21000lm-ip65-wasserdicht-werkstattlampe-mit-15m-kabel-led-high-bay-licht-fuer-werkstaetten-und-garage-kaltweiss-5000k\/"},"modified":"2023-05-10T07:58:01","modified_gmt":"2023-05-10T05:58:01","slug":"hyperlite-led-hallenstrahler-150w-ufo-hallenleuchte-21000lm-ip65-wasserdicht-werkstattlampe-mit-15m-kabel-led-high-bay-licht-fuer-werkstaetten-und-garage-kaltweiss-5000k","status":"publish","type":"product","link":"https:\/\/marktxxl.de\/markt\/produkt\/hyperlite-led-hallenstrahler-150w-ufo-hallenleuchte-21000lm-ip65-wasserdicht-werkstattlampe-mit-15m-kabel-led-high-bay-licht-fuer-werkstaetten-und-garage-kaltweiss-5000k\/","title":{"rendered":"HYPERLITE LED Hallenstrahler 150W, UFO Hallenleuchte 21000lm, IP65 wasserdicht Werkstattlampe mit 1,5m Kabel, LED High Bay Licht f\u00fcr Werkst\u00e4tten und Garage, Kaltwei\u00df 5000K"},"content":{"rendered":"<p>Unschlagbare Beleuchtung \u2013 Diese hochwertige und leistungsstarke 150W LED UFO Strahler gibt eine branchenf\u00fchrende Beleuchtung ab! Die kommerzielle Kompatibilit\u00e4t und 21000 Lumen machen diese Leuchte leicht zur besten Wahl, wenn es um eine breite und klare Beleuchtung geht! Mit bis zu 140 Lumen pro Watt ist dies mit Abstand eine der leistungsst\u00e4rksten Leuchten der Branche.<br \/>\nSchnelle und einfache Installation &#8211; Der m\u00fchelose 3-min\u00fctige Installationsprozess erspart Ihnen die Kopfschmerzen und Frustration, die andere Lichtinstallationen verursachen. Diese LED Werkstattlampe Paket wird mit einem kostenlosen Haken, einem 1,5 m langen Netzkabel und einem Sicherheitsseil geliefert, um die Installation dieser Leuchte so viel einfacher zu machen! So sparen Sie Zeit und Energie f\u00fcr andere Projekte!<br \/>\nStark und langlebig \u2013 Diese erstaunliche LED UFO Garagenlampe verf\u00fcgt \u00fcber ein IP65-zertifiziertes wasserfestes und staubdichtes Design. Seine langlebigen Eigenschaften in Handelsqualit\u00e4t machen es zur h\u00e4rtesten und vielseitigsten Leuchte auf dem Markt. Machen Sie sich keine Sorgen, dass dieses Produkt durch Wetterbedingungen im Freien besch\u00e4digt wird! Das kaltgeschmiedete Geh\u00e4use aus reinem Aluminium bietet eine hervorragende W\u00e4rme\u00fcbertragung, um die Lebensdauer der Komponenten zu verl\u00e4ngern und sie vor Besch\u00e4digungen zu sch\u00fctzen.<br \/>\nEnergieeffizient und umweltfreundlich &#8211; Unsere LED UFO Industrielampe haben die CE und ROHS Zertifizierung bestanden. Es kann Ihnen den gr\u00f6\u00dften Teil der Energie sparen und Ihre Stromkosten wirtschaftlich senken.<br \/>\n5 Jahre Garantie \u2013 Hyperlite bietet seinen Kunden eine unglaubliche 5-Jahres-Garantie! Wir garantieren, dass Sie dieses Licht lieben werden und es zu 100 % effektiv funktionieren wird, aber wenn dies aus irgendeinem Grund nicht der Fall ist, lassen Sie es uns bei Hyperlite wissen und wir werden es innerhalb von 30 Tagen ersetzen!<br \/>\n<div class=\"main-cross-sell\" data-asin=\"B0761L281Z\">\n\n\t<div class=\"WooZone-cross-sell-loader\">\n\t\t<div>\n\t\t\t<div id=\"floatingBarsG\">\n\t\t\t\t<div class=\"blockG\" id=\"rotateG_01\"><\/div>\n\t\t\t\t<div class=\"blockG\" id=\"rotateG_02\"><\/div>\n\t\t\t\t<div class=\"blockG\" id=\"rotateG_03\"><\/div>\n\t\t\t\t<div class=\"blockG\" id=\"rotateG_04\"><\/div>\n\t\t\t\t<div class=\"blockG\" id=\"rotateG_05\"><\/div>\n\t\t\t\t<div class=\"blockG\" id=\"rotateG_06\"><\/div>\n\t\t\t\t<div class=\"blockG\" id=\"rotateG_07\"><\/div>\n\t\t\t\t<div class=\"blockG\" id=\"rotateG_08\"><\/div>\n\t\t\t<\/div>\n\t\t\t<div class=\"WooZone-cross-sell-loader-text\"><\/div>\n\t\t<\/div>\n\t<\/div>\n\n\t\t\n<\/div>\n<div style=\"clear:both;\"><\/div><\/p>\n","protected":false},"excerpt":{"rendered":"<p>Unschlagbare Beleuchtung \u2013 Diese hochwertige und leistungsstarke 150W LED UFO Strahler gibt eine branchenf\u00fchrende Beleuchtung ab! Die kommerzielle Kompatibilit\u00e4t und 21000 Lumen machen diese Leuchte leicht zur besten Wahl, wenn es um eine breite und klare Beleuchtung geht! Mit bis zu 140 Lumen pro Watt ist dies mit Abstand eine der leistungsst\u00e4rksten Leuchten der Branche.<br \/>\nSchnelle und einfache Installation &#8211; Der m\u00fchelose 3-min\u00fctige Installationsprozess erspart Ihnen die Kopfschmerzen und Frustration, die andere Lichtinstallationen verursachen. Diese LED Werkstattlampe Paket wird mit einem kostenlosen Haken, einem 1,5 m langen Netzkabel und einem Sicherheitsseil geliefert, um die Installation dieser Leuchte so viel einfacher zu machen! So sparen Sie Zeit und Energie f\u00fcr andere Projekte!<br \/>\nStark und langlebig \u2013 Diese erstaunliche LED UFO Garagenlampe verf\u00fcgt \u00fcber ein IP65-zertifiziertes wasserfestes und staubdichtes Design. Seine langlebigen Eigenschaften in Handelsqualit\u00e4t machen es zur h\u00e4rtesten und vielseitigsten Leuchte auf dem Markt. Machen Sie sich keine Sorgen, dass dieses Produkt durch Wetterbedingungen im Freien besch\u00e4digt wird! Das kaltgeschmiedete Geh\u00e4use aus reinem Aluminium bietet eine hervorragende W\u00e4rme\u00fcbertragung, um die Lebensdauer der Komponenten zu verl\u00e4ngern und sie vor Besch\u00e4digungen zu sch\u00fctzen.<\/p>\n","protected":false},"featured_media":204637,"comment_status":"open","ping_status":"closed","template":"","meta":[],"product_brand":[],"product_cat":[2108],"product_tag":[],"class_list":{"0":"post-204636","1":"product","2":"type-product","3":"status-publish","4":"has-post-thumbnail","6":"product_cat-beleuchtung","7":"pa_binding-werkzeug","8":"pa_brand-hyperlite","9":"pa_height-7-5-zoll","10":"pa_length-11-zoll","11":"pa_manufacturer-hyperlite","12":"pa_model-ls-hero-150w50ebh-bl12n","13":"pa_weight-7-7-pfund","14":"pa_width-11-zoll","16":"first","17":"instock","18":"shipping-taxable","19":"purchasable","20":"product-type-simple","21":"customify-col","22":"product-has-gallery"},"yoast_head":"<!-- This site is optimized with the Yoast SEO plugin v27.4 - https:\/\/yoast.com\/product\/yoast-seo-wordpress\/ -->\n<title>HYPERLITE LED Hallenstrahler 150W, UFO Hallenleuchte 21000lm, IP65 wasserdicht Werkstattlampe mit 1,5m Kabel, LED High Bay Licht f\u00fcr Werkst\u00e4tten und Garage, Kaltwei\u00df 5000K - Markt-XXL<\/title>\n<meta name=\"description\" content=\"Markt-XXL HYPERLITE LED Hallenstrahler 150W, UFO Hallenleuchte 21000lm, IP65 wasserdicht Werkstattlampe mit 1,5m Kabel, LED High Bay Licht f\u00fcr Werkst\u00e4tten und Garage, Kaltwei\u00df 5000K\" \/>\n<meta name=\"robots\" content=\"index, follow, max-snippet:-1, max-image-preview:large, max-video-preview:-1\" \/>\n<link rel=\"canonical\" href=\"https:\/\/marktxxl.de\/markt\/produkt\/hyperlite-led-hallenstrahler-150w-ufo-hallenleuchte-21000lm-ip65-wasserdicht-werkstattlampe-mit-15m-kabel-led-high-bay-licht-fuer-werkstaetten-und-garage-kaltweiss-5000k\/\" \/>\n<meta property=\"og:locale\" content=\"de_DE\" \/>\n<meta property=\"og:type\" content=\"article\" \/>\n<meta property=\"og:title\" content=\"HYPERLITE LED Hallenstrahler 150W, UFO Hallenleuchte 21000lm, IP65 wasserdicht Werkstattlampe mit 1,5m Kabel, LED High Bay Licht f\u00fcr Werkst\u00e4tten und Garage, Kaltwei\u00df 5000K - Markt-XXL\" \/>\n<meta property=\"og:description\" content=\"Markt-XXL HYPERLITE LED Hallenstrahler 150W, UFO Hallenleuchte 21000lm, IP65 wasserdicht Werkstattlampe mit 1,5m Kabel, LED High Bay Licht f\u00fcr Werkst\u00e4tten und Garage, Kaltwei\u00df 5000K\" \/>\n<meta property=\"og:url\" content=\"https:\/\/marktxxl.de\/markt\/produkt\/hyperlite-led-hallenstrahler-150w-ufo-hallenleuchte-21000lm-ip65-wasserdicht-werkstattlampe-mit-15m-kabel-led-high-bay-licht-fuer-werkstaetten-und-garage-kaltweiss-5000k\/\" \/>\n<meta property=\"og:site_name\" content=\"Markt-XXL\" \/>\n<meta name=\"twitter:card\" content=\"summary_large_image\" \/>\n<meta name=\"twitter:label1\" content=\"Gesch\u00e4tzte Lesezeit\" \/>\n\t<meta name=\"twitter:data1\" content=\"1\u00a0Minute\" \/>\n<script type=\"application\/ld+json\" class=\"yoast-schema-graph\">{\"@context\":\"https:\\\/\\\/schema.org\",\"@graph\":[{\"@type\":\"WebPage\",\"@id\":\"https:\\\/\\\/marktxxl.de\\\/markt\\\/produkt\\\/hyperlite-led-hallenstrahler-150w-ufo-hallenleuchte-21000lm-ip65-wasserdicht-werkstattlampe-mit-15m-kabel-led-high-bay-licht-fuer-werkstaetten-und-garage-kaltweiss-5000k\\\/\",\"url\":\"https:\\\/\\\/marktxxl.de\\\/markt\\\/produkt\\\/hyperlite-led-hallenstrahler-150w-ufo-hallenleuchte-21000lm-ip65-wasserdicht-werkstattlampe-mit-15m-kabel-led-high-bay-licht-fuer-werkstaetten-und-garage-kaltweiss-5000k\\\/\",\"name\":\"HYPERLITE LED Hallenstrahler 150W, UFO Hallenleuchte 21000lm, IP65 wasserdicht Werkstattlampe mit 1,5m Kabel, LED High Bay Licht f\u00fcr Werkst\u00e4tten und Garage, Kaltwei\u00df 5000K - Markt-XXL\",\"isPartOf\":{\"@id\":\"https:\\\/\\\/marktxxl.de\\\/markt\\\/#website\"},\"primaryImageOfPage\":{\"@id\":\"https:\\\/\\\/marktxxl.de\\\/markt\\\/produkt\\\/hyperlite-led-hallenstrahler-150w-ufo-hallenleuchte-21000lm-ip65-wasserdicht-werkstattlampe-mit-15m-kabel-led-high-bay-licht-fuer-werkstaetten-und-garage-kaltweiss-5000k\\\/#primaryimage\"},\"image\":{\"@id\":\"https:\\\/\\\/marktxxl.de\\\/markt\\\/produkt\\\/hyperlite-led-hallenstrahler-150w-ufo-hallenleuchte-21000lm-ip65-wasserdicht-werkstattlampe-mit-15m-kabel-led-high-bay-licht-fuer-werkstaetten-und-garage-kaltweiss-5000k\\\/#primaryimage\"},\"thumbnailUrl\":\"https:\\\/\\\/m.media-amazon.com\\\/images\\\/I\\\/41bvp6m7AiL._SL500_.jpg\",\"datePublished\":\"2023-05-10T05:58:01+00:00\",\"description\":\"Markt-XXL HYPERLITE LED Hallenstrahler 150W, UFO Hallenleuchte 21000lm, IP65 wasserdicht Werkstattlampe mit 1,5m Kabel, LED High Bay Licht f\u00fcr Werkst\u00e4tten und Garage, Kaltwei\u00df 5000K\",\"breadcrumb\":{\"@id\":\"https:\\\/\\\/marktxxl.de\\\/markt\\\/produkt\\\/hyperlite-led-hallenstrahler-150w-ufo-hallenleuchte-21000lm-ip65-wasserdicht-werkstattlampe-mit-15m-kabel-led-high-bay-licht-fuer-werkstaetten-und-garage-kaltweiss-5000k\\\/#breadcrumb\"},\"inLanguage\":\"de\",\"potentialAction\":[{\"@type\":\"ReadAction\",\"target\":[\"https:\\\/\\\/marktxxl.de\\\/markt\\\/produkt\\\/hyperlite-led-hallenstrahler-150w-ufo-hallenleuchte-21000lm-ip65-wasserdicht-werkstattlampe-mit-15m-kabel-led-high-bay-licht-fuer-werkstaetten-und-garage-kaltweiss-5000k\\\/\"]}]},{\"@type\":\"ImageObject\",\"inLanguage\":\"de\",\"@id\":\"https:\\\/\\\/marktxxl.de\\\/markt\\\/produkt\\\/hyperlite-led-hallenstrahler-150w-ufo-hallenleuchte-21000lm-ip65-wasserdicht-werkstattlampe-mit-15m-kabel-led-high-bay-licht-fuer-werkstaetten-und-garage-kaltweiss-5000k\\\/#primaryimage\",\"url\":\"https:\\\/\\\/m.media-amazon.com\\\/images\\\/I\\\/41bvp6m7AiL._SL500_.jpg\",\"contentUrl\":\"https:\\\/\\\/m.media-amazon.com\\\/images\\\/I\\\/41bvp6m7AiL._SL500_.jpg\",\"width\":500,\"height\":500},{\"@type\":\"BreadcrumbList\",\"@id\":\"https:\\\/\\\/marktxxl.de\\\/markt\\\/produkt\\\/hyperlite-led-hallenstrahler-150w-ufo-hallenleuchte-21000lm-ip65-wasserdicht-werkstattlampe-mit-15m-kabel-led-high-bay-licht-fuer-werkstaetten-und-garage-kaltweiss-5000k\\\/#breadcrumb\",\"itemListElement\":[{\"@type\":\"ListItem\",\"position\":1,\"name\":\"Startseite\",\"item\":\"https:\\\/\\\/marktxxl.de\\\/markt\\\/\"},{\"@type\":\"ListItem\",\"position\":2,\"name\":\"Markt\",\"item\":\"https:\\\/\\\/marktxxl.de\\\/markt\\\/\"},{\"@type\":\"ListItem\",\"position\":3,\"name\":\"HYPERLITE LED Hallenstrahler 150W, UFO Hallenleuchte 21000lm, IP65 wasserdicht Werkstattlampe mit 1,5m Kabel, LED High Bay Licht f\u00fcr Werkst\u00e4tten und Garage, Kaltwei\u00df 5000K\"}]},{\"@type\":\"WebSite\",\"@id\":\"https:\\\/\\\/marktxxl.de\\\/markt\\\/#website\",\"url\":\"https:\\\/\\\/marktxxl.de\\\/markt\\\/\",\"name\":\"Markt-XXL\",\"description\":\"Ihr Markt Online\",\"publisher\":{\"@id\":\"https:\\\/\\\/marktxxl.de\\\/markt\\\/#organization\"},\"potentialAction\":[{\"@type\":\"SearchAction\",\"target\":{\"@type\":\"EntryPoint\",\"urlTemplate\":\"https:\\\/\\\/marktxxl.de\\\/markt\\\/?s={search_term_string}\"},\"query-input\":{\"@type\":\"PropertyValueSpecification\",\"valueRequired\":true,\"valueName\":\"search_term_string\"}}],\"inLanguage\":\"de\"},{\"@type\":\"Organization\",\"@id\":\"https:\\\/\\\/marktxxl.de\\\/markt\\\/#organization\",\"name\":\"Markt-XXL\",\"url\":\"https:\\\/\\\/marktxxl.de\\\/markt\\\/\",\"logo\":{\"@type\":\"ImageObject\",\"inLanguage\":\"de\",\"@id\":\"https:\\\/\\\/marktxxl.de\\\/markt\\\/#\\\/schema\\\/logo\\\/image\\\/\",\"url\":\"https:\\\/\\\/marktxxl.de\\\/markt\\\/wp-content\\\/uploads\\\/sites\\\/3\\\/2020\\\/12\\\/logo.png\",\"contentUrl\":\"https:\\\/\\\/marktxxl.de\\\/markt\\\/wp-content\\\/uploads\\\/sites\\\/3\\\/2020\\\/12\\\/logo.png\",\"width\":200,\"height\":70,\"caption\":\"Markt-XXL\"},\"image\":{\"@id\":\"https:\\\/\\\/marktxxl.de\\\/markt\\\/#\\\/schema\\\/logo\\\/image\\\/\"}}]}<\/script>\n<!-- \/ Yoast SEO plugin. -->","yoast_head_json":{"title":"HYPERLITE LED Hallenstrahler 150W, UFO Hallenleuchte 21000lm, IP65 wasserdicht Werkstattlampe mit 1,5m Kabel, LED High Bay Licht f\u00fcr Werkst\u00e4tten und Garage, Kaltwei\u00df 5000K - Markt-XXL","description":"Markt-XXL HYPERLITE LED Hallenstrahler 150W, UFO Hallenleuchte 21000lm, IP65 wasserdicht Werkstattlampe mit 1,5m Kabel, LED High Bay Licht f\u00fcr Werkst\u00e4tten und Garage, Kaltwei\u00df 5000K","robots":{"index":"index","follow":"follow","max-snippet":"max-snippet:-1","max-image-preview":"max-image-preview:large","max-video-preview":"max-video-preview:-1"},"canonical":"https:\/\/marktxxl.de\/markt\/produkt\/hyperlite-led-hallenstrahler-150w-ufo-hallenleuchte-21000lm-ip65-wasserdicht-werkstattlampe-mit-15m-kabel-led-high-bay-licht-fuer-werkstaetten-und-garage-kaltweiss-5000k\/","og_locale":"de_DE","og_type":"article","og_title":"HYPERLITE LED Hallenstrahler 150W, UFO Hallenleuchte 21000lm, IP65 wasserdicht Werkstattlampe mit 1,5m Kabel, LED High Bay Licht f\u00fcr Werkst\u00e4tten und Garage, Kaltwei\u00df 5000K - Markt-XXL","og_description":"Markt-XXL HYPERLITE LED Hallenstrahler 150W, UFO Hallenleuchte 21000lm, IP65 wasserdicht Werkstattlampe mit 1,5m Kabel, LED High Bay Licht f\u00fcr Werkst\u00e4tten und Garage, Kaltwei\u00df 5000K","og_url":"https:\/\/marktxxl.de\/markt\/produkt\/hyperlite-led-hallenstrahler-150w-ufo-hallenleuchte-21000lm-ip65-wasserdicht-werkstattlampe-mit-15m-kabel-led-high-bay-licht-fuer-werkstaetten-und-garage-kaltweiss-5000k\/","og_site_name":"Markt-XXL","twitter_card":"summary_large_image","twitter_misc":{"Gesch\u00e4tzte Lesezeit":"1\u00a0Minute"},"schema":{"@context":"https:\/\/schema.org","@graph":[{"@type":"WebPage","@id":"https:\/\/marktxxl.de\/markt\/produkt\/hyperlite-led-hallenstrahler-150w-ufo-hallenleuchte-21000lm-ip65-wasserdicht-werkstattlampe-mit-15m-kabel-led-high-bay-licht-fuer-werkstaetten-und-garage-kaltweiss-5000k\/","url":"https:\/\/marktxxl.de\/markt\/produkt\/hyperlite-led-hallenstrahler-150w-ufo-hallenleuchte-21000lm-ip65-wasserdicht-werkstattlampe-mit-15m-kabel-led-high-bay-licht-fuer-werkstaetten-und-garage-kaltweiss-5000k\/","name":"HYPERLITE LED Hallenstrahler 150W, UFO Hallenleuchte 21000lm, IP65 wasserdicht Werkstattlampe mit 1,5m Kabel, LED High Bay Licht f\u00fcr Werkst\u00e4tten und Garage, Kaltwei\u00df 5000K - Markt-XXL","isPartOf":{"@id":"https:\/\/marktxxl.de\/markt\/#website"},"primaryImageOfPage":{"@id":"https:\/\/marktxxl.de\/markt\/produkt\/hyperlite-led-hallenstrahler-150w-ufo-hallenleuchte-21000lm-ip65-wasserdicht-werkstattlampe-mit-15m-kabel-led-high-bay-licht-fuer-werkstaetten-und-garage-kaltweiss-5000k\/#primaryimage"},"image":{"@id":"https:\/\/marktxxl.de\/markt\/produkt\/hyperlite-led-hallenstrahler-150w-ufo-hallenleuchte-21000lm-ip65-wasserdicht-werkstattlampe-mit-15m-kabel-led-high-bay-licht-fuer-werkstaetten-und-garage-kaltweiss-5000k\/#primaryimage"},"thumbnailUrl":"https:\/\/m.media-amazon.com\/images\/I\/41bvp6m7AiL._SL500_.jpg","datePublished":"2023-05-10T05:58:01+00:00","description":"Markt-XXL HYPERLITE LED Hallenstrahler 150W, UFO Hallenleuchte 21000lm, IP65 wasserdicht Werkstattlampe mit 1,5m Kabel, LED High Bay Licht f\u00fcr Werkst\u00e4tten und Garage, Kaltwei\u00df 5000K","breadcrumb":{"@id":"https:\/\/marktxxl.de\/markt\/produkt\/hyperlite-led-hallenstrahler-150w-ufo-hallenleuchte-21000lm-ip65-wasserdicht-werkstattlampe-mit-15m-kabel-led-high-bay-licht-fuer-werkstaetten-und-garage-kaltweiss-5000k\/#breadcrumb"},"inLanguage":"de","potentialAction":[{"@type":"ReadAction","target":["https:\/\/marktxxl.de\/markt\/produkt\/hyperlite-led-hallenstrahler-150w-ufo-hallenleuchte-21000lm-ip65-wasserdicht-werkstattlampe-mit-15m-kabel-led-high-bay-licht-fuer-werkstaetten-und-garage-kaltweiss-5000k\/"]}]},{"@type":"ImageObject","inLanguage":"de","@id":"https:\/\/marktxxl.de\/markt\/produkt\/hyperlite-led-hallenstrahler-150w-ufo-hallenleuchte-21000lm-ip65-wasserdicht-werkstattlampe-mit-15m-kabel-led-high-bay-licht-fuer-werkstaetten-und-garage-kaltweiss-5000k\/#primaryimage","url":"https:\/\/m.media-amazon.com\/images\/I\/41bvp6m7AiL._SL500_.jpg","contentUrl":"https:\/\/m.media-amazon.com\/images\/I\/41bvp6m7AiL._SL500_.jpg","width":500,"height":500},{"@type":"BreadcrumbList","@id":"https:\/\/marktxxl.de\/markt\/produkt\/hyperlite-led-hallenstrahler-150w-ufo-hallenleuchte-21000lm-ip65-wasserdicht-werkstattlampe-mit-15m-kabel-led-high-bay-licht-fuer-werkstaetten-und-garage-kaltweiss-5000k\/#breadcrumb","itemListElement":[{"@type":"ListItem","position":1,"name":"Startseite","item":"https:\/\/marktxxl.de\/markt\/"},{"@type":"ListItem","position":2,"name":"Markt","item":"https:\/\/marktxxl.de\/markt\/"},{"@type":"ListItem","position":3,"name":"HYPERLITE LED Hallenstrahler 150W, UFO Hallenleuchte 21000lm, IP65 wasserdicht Werkstattlampe mit 1,5m Kabel, LED High Bay Licht f\u00fcr Werkst\u00e4tten und Garage, Kaltwei\u00df 5000K"}]},{"@type":"WebSite","@id":"https:\/\/marktxxl.de\/markt\/#website","url":"https:\/\/marktxxl.de\/markt\/","name":"Markt-XXL","description":"Ihr Markt Online","publisher":{"@id":"https:\/\/marktxxl.de\/markt\/#organization"},"potentialAction":[{"@type":"SearchAction","target":{"@type":"EntryPoint","urlTemplate":"https:\/\/marktxxl.de\/markt\/?s={search_term_string}"},"query-input":{"@type":"PropertyValueSpecification","valueRequired":true,"valueName":"search_term_string"}}],"inLanguage":"de"},{"@type":"Organization","@id":"https:\/\/marktxxl.de\/markt\/#organization","name":"Markt-XXL","url":"https:\/\/marktxxl.de\/markt\/","logo":{"@type":"ImageObject","inLanguage":"de","@id":"https:\/\/marktxxl.de\/markt\/#\/schema\/logo\/image\/","url":"https:\/\/marktxxl.de\/markt\/wp-content\/uploads\/sites\/3\/2020\/12\/logo.png","contentUrl":"https:\/\/marktxxl.de\/markt\/wp-content\/uploads\/sites\/3\/2020\/12\/logo.png","width":200,"height":70,"caption":"Markt-XXL"},"image":{"@id":"https:\/\/marktxxl.de\/markt\/#\/schema\/logo\/image\/"}}]}},"_links":{"self":[{"href":"https:\/\/marktxxl.de\/markt\/wp-json\/wp\/v2\/product\/204636","targetHints":{"allow":["GET"]}}],"collection":[{"href":"https:\/\/marktxxl.de\/markt\/wp-json\/wp\/v2\/product"}],"about":[{"href":"https:\/\/marktxxl.de\/markt\/wp-json\/wp\/v2\/types\/product"}],"replies":[{"embeddable":true,"href":"https:\/\/marktxxl.de\/markt\/wp-json\/wp\/v2\/comments?post=204636"}],"wp:featuredmedia":[{"embeddable":true,"href":"https:\/\/marktxxl.de\/markt\/wp-json\/wp\/v2\/media\/204637"}],"wp:attachment":[{"href":"https:\/\/marktxxl.de\/markt\/wp-json\/wp\/v2\/media?parent=204636"}],"wp:term":[{"taxonomy":"product_brand","embeddable":true,"href":"https:\/\/marktxxl.de\/markt\/wp-json\/wp\/v2\/product_brand?post=204636"},{"taxonomy":"product_cat","embeddable":true,"href":"https:\/\/marktxxl.de\/markt\/wp-json\/wp\/v2\/product_cat?post=204636"},{"taxonomy":"product_tag","embeddable":true,"href":"https:\/\/marktxxl.de\/markt\/wp-json\/wp\/v2\/product_tag?post=204636"}],"curies":[{"name":"wp","href":"https:\/\/api.w.org\/{rel}","templated":true}]}}