{"id":204583,"date":"2023-05-10T07:55:35","date_gmt":"2023-05-10T05:55:35","guid":{"rendered":"https:\/\/marktxxl.de\/markt\/produkt\/teliser-solar-fackeln-lampe-mit-zubehoere-solarlampen-fuer-aussen-solar-flammenlicht-33-led-solarleuchten-garten-aussen-mit-flammeneffekt-ip65-wasserdicht-gartenfackeln-solar-lampen-4-stuecke\/"},"modified":"2023-05-10T07:55:35","modified_gmt":"2023-05-10T05:55:35","slug":"teliser-solar-fackeln-lampe-mit-zubehoere-solarlampen-fuer-aussen-solar-flammenlicht-33-led-solarleuchten-garten-aussen-mit-flammeneffekt-ip65-wasserdicht-gartenfackeln-solar-lampen-4-stuecke","status":"publish","type":"product","link":"https:\/\/marktxxl.de\/markt\/produkt\/teliser-solar-fackeln-lampe-mit-zubehoere-solarlampen-fuer-aussen-solar-flammenlicht-33-led-solarleuchten-garten-aussen-mit-flammeneffekt-ip65-wasserdicht-gartenfackeln-solar-lampen-4-stuecke\/","title":{"rendered":"Teliser Solar Fackeln Lampe mit Zubeh\u00f6re, Solarlampen f\u00fcr Au\u00dfen, Solar Flammenlicht, 33 LED Solarleuchten Garten Au\u00dfen mit Flammeneffekt, IP65 wasserdicht, Gartenfackeln Solar Lampen 4 St\u00fccke"},"content":{"rendered":"<p>\u3010Solar Fackeln mit Tanzflammeneffekt \u3011Solar Flammenlicht verf\u00fcgt \u00fcber einen sch\u00f6nen tanzenden Flammeneffekt, der eine warme, romanische Atmosph\u00e4re schafft. Mit der hellen Beleuchtung ist die Solarlampe f\u00fcr Au\u00dfen eine beste Dekoration f\u00fcr den Garten, Wege und die Veranstaltungen im Freien wie die Familienfeiern, Party und Campings.<br \/>\n\u3010600mAh Batterie &amp; lange Beleuchtungszeit\u3011Die Solarleuchten f\u00fcr Au\u00dfen ist mit einer 600 mAh Solarbatterie eingebaut, die 600mAh Baterrie kann 6-8 Stunden Beleuchtungszeit in den Sommer und 4-5 Stunden in den Winter gew\u00e4hrleisten ( nach voller Aufladung ).<br \/>\n\u3010Automatischer Solarsensor &amp; Umweltschutz\u3011Die Solarleuchten Garten verf\u00fcgen \u00fcber einen EIN\/AUS-Schalter und einen D\u00e4mmerungssensor. Das Solarlicht wird tages\u00fcber automatisch aufladen und in der Nacht automatisch leuchten. Sir brauchen keine zus\u00e4tzliche Energiekosten bezahlen und es ist auch umweltfreundlich.<br \/>\n\u3010Aus ABS Matrial &amp; IP65 Wasserdicht\u3011 Die Solarlampen f\u00fcr Au\u00dfen sind aus hochwertigem ABS Kunststof hergestellt und die kompakten Gartenfackeln sind wasserdicht und wetterungsbest\u00e4ndig. Durch das IP 65 Wasserdichte Design kann die Solarlampe unter verschiedenen Wetter ( sonniger Tag \/ Regen \/ Schnee) verwendet werden. So sind die Leuchten besonders geeignet f\u00fcr die Au\u00dfenbreiche wie Garten, Balkon Zaun, Deck und Terrasse.<br \/>\n\u3010Einfache Installation &amp; Packageinhalt\u3011 Vor der Einsetzung in den Boden dr\u00fccken Sie bitte die Taste &#8220;ON&#8221; , einfach installieren Solar Fackeln \u00fcberall, mit dem Erdspie\u00df lassen sich die Solarleuchten an der gew\u00fcnschten Stelle fest im Erdreich verankern. Packageinhalt: 4*Teliser Solar Fackeln Lampen, 4*Plastik Erdspie\u00df, 4*verl\u00e4ngerter Erdspie\u00df, 4*Wandmontagekomponenten, 1*Benutzerhandbuch.<br \/>\n<div class=\"main-cross-sell\" data-asin=\"B0BTP3SV21\">\n\n\t<div class=\"WooZone-cross-sell-loader\">\n\t\t<div>\n\t\t\t<div id=\"floatingBarsG\">\n\t\t\t\t<div class=\"blockG\" id=\"rotateG_01\"><\/div>\n\t\t\t\t<div class=\"blockG\" id=\"rotateG_02\"><\/div>\n\t\t\t\t<div class=\"blockG\" id=\"rotateG_03\"><\/div>\n\t\t\t\t<div class=\"blockG\" id=\"rotateG_04\"><\/div>\n\t\t\t\t<div class=\"blockG\" id=\"rotateG_05\"><\/div>\n\t\t\t\t<div class=\"blockG\" id=\"rotateG_06\"><\/div>\n\t\t\t\t<div class=\"blockG\" id=\"rotateG_07\"><\/div>\n\t\t\t\t<div class=\"blockG\" id=\"rotateG_08\"><\/div>\n\t\t\t<\/div>\n\t\t\t<div class=\"WooZone-cross-sell-loader-text\"><\/div>\n\t\t<\/div>\n\t<\/div>\n\n\t\t\n<\/div>\n<div style=\"clear:both;\"><\/div><\/p>\n","protected":false},"excerpt":{"rendered":"<p>\u3010Solar Fackeln mit Tanzflammeneffekt \u3011Solar Flammenlicht verf\u00fcgt \u00fcber einen sch\u00f6nen tanzenden Flammeneffekt, der eine warme, romanische Atmosph\u00e4re schafft. Mit der hellen Beleuchtung ist die Solarlampe f\u00fcr Au\u00dfen eine beste Dekoration f\u00fcr den Garten, Wege und die Veranstaltungen im Freien wie die Familienfeiern, Party und Campings.<br \/>\n\u3010600mAh Batterie &amp; lange Beleuchtungszeit\u3011Die Solarleuchten f\u00fcr Au\u00dfen ist mit einer 600 mAh Solarbatterie eingebaut, die 600mAh Baterrie kann 6-8 Stunden Beleuchtungszeit in den Sommer und 4-5 Stunden in den Winter gew\u00e4hrleisten ( nach voller Aufladung ).<br \/>\n\u3010Automatischer Solarsensor &amp; Umweltschutz\u3011Die Solarleuchten Garten verf\u00fcgen \u00fcber einen EIN\/AUS-Schalter und einen D\u00e4mmerungssensor. Das Solarlicht wird tages\u00fcber automatisch aufladen und in der Nacht automatisch leuchten. Sir brauchen keine zus\u00e4tzliche Energiekosten bezahlen und es ist auch umweltfreundlich.<\/p>\n","protected":false},"featured_media":204584,"comment_status":"open","ping_status":"closed","template":"","meta":[],"product_brand":[],"product_cat":[2108],"product_tag":[],"class_list":{"0":"post-204583","1":"product","2":"type-product","3":"status-publish","4":"has-post-thumbnail","6":"product_cat-beleuchtung","7":"pa_binding-gartenartikel","8":"pa_brand-teliser","9":"pa_height-3-7401574765-zoll","10":"pa_length-23-0314960395-zoll","11":"pa_manufacturer-ninghai-bayhong-electric-appliance-factory","12":"pa_model-25199","13":"pa_model-mas-sj7-332","14":"pa_warranty-1-year","15":"pa_weight-2-0282528104-pfund","16":"pa_width-3-7401574765-zoll","18":"first","19":"instock","20":"shipping-taxable","21":"purchasable","22":"product-type-simple","23":"customify-col","24":"product-has-gallery"},"yoast_head":"<!-- This site is optimized with the Yoast SEO plugin v27.4 - https:\/\/yoast.com\/product\/yoast-seo-wordpress\/ -->\n<title>Teliser Solar Fackeln Lampe mit Zubeh\u00f6re, Solarlampen f\u00fcr Au\u00dfen, Solar Flammenlicht, 33 LED Solarleuchten Garten Au\u00dfen mit Flammeneffekt, IP65 wasserdicht, Gartenfackeln Solar Lampen 4 St\u00fccke - Markt-XXL<\/title>\n<meta name=\"description\" content=\"Markt-XXL Teliser Solar Fackeln Lampe mit Zubeh\u00f6re, Solarlampen f\u00fcr Au\u00dfen, Solar Flammenlicht, 33 LED Solarleuchten Garten Au\u00dfen mit Flammeneffekt, IP65 wasserdicht, Gartenfackeln Solar Lampen 4 St\u00fccke\" \/>\n<meta name=\"robots\" content=\"index, follow, max-snippet:-1, max-image-preview:large, max-video-preview:-1\" \/>\n<link rel=\"canonical\" href=\"https:\/\/marktxxl.de\/markt\/produkt\/teliser-solar-fackeln-lampe-mit-zubehoere-solarlampen-fuer-aussen-solar-flammenlicht-33-led-solarleuchten-garten-aussen-mit-flammeneffekt-ip65-wasserdicht-gartenfackeln-solar-lampen-4-stuecke\/\" \/>\n<meta property=\"og:locale\" content=\"de_DE\" \/>\n<meta property=\"og:type\" content=\"article\" \/>\n<meta property=\"og:title\" content=\"Teliser Solar Fackeln Lampe mit Zubeh\u00f6re, Solarlampen f\u00fcr Au\u00dfen, Solar Flammenlicht, 33 LED Solarleuchten Garten Au\u00dfen mit Flammeneffekt, IP65 wasserdicht, Gartenfackeln Solar Lampen 4 St\u00fccke - Markt-XXL\" \/>\n<meta property=\"og:description\" content=\"Markt-XXL Teliser Solar Fackeln Lampe mit Zubeh\u00f6re, Solarlampen f\u00fcr Au\u00dfen, Solar Flammenlicht, 33 LED Solarleuchten Garten Au\u00dfen mit Flammeneffekt, IP65 wasserdicht, Gartenfackeln Solar Lampen 4 St\u00fccke\" \/>\n<meta property=\"og:url\" content=\"https:\/\/marktxxl.de\/markt\/produkt\/teliser-solar-fackeln-lampe-mit-zubehoere-solarlampen-fuer-aussen-solar-flammenlicht-33-led-solarleuchten-garten-aussen-mit-flammeneffekt-ip65-wasserdicht-gartenfackeln-solar-lampen-4-stuecke\/\" \/>\n<meta property=\"og:site_name\" content=\"Markt-XXL\" \/>\n<meta name=\"twitter:card\" content=\"summary_large_image\" \/>\n<meta name=\"twitter:label1\" content=\"Gesch\u00e4tzte Lesezeit\" \/>\n\t<meta name=\"twitter:data1\" content=\"1\u00a0Minute\" \/>\n<script type=\"application\/ld+json\" class=\"yoast-schema-graph\">{\"@context\":\"https:\\\/\\\/schema.org\",\"@graph\":[{\"@type\":\"WebPage\",\"@id\":\"https:\\\/\\\/marktxxl.de\\\/markt\\\/produkt\\\/teliser-solar-fackeln-lampe-mit-zubehoere-solarlampen-fuer-aussen-solar-flammenlicht-33-led-solarleuchten-garten-aussen-mit-flammeneffekt-ip65-wasserdicht-gartenfackeln-solar-lampen-4-stuecke\\\/\",\"url\":\"https:\\\/\\\/marktxxl.de\\\/markt\\\/produkt\\\/teliser-solar-fackeln-lampe-mit-zubehoere-solarlampen-fuer-aussen-solar-flammenlicht-33-led-solarleuchten-garten-aussen-mit-flammeneffekt-ip65-wasserdicht-gartenfackeln-solar-lampen-4-stuecke\\\/\",\"name\":\"Teliser Solar Fackeln Lampe mit Zubeh\u00f6re, Solarlampen f\u00fcr Au\u00dfen, Solar Flammenlicht, 33 LED Solarleuchten Garten Au\u00dfen mit Flammeneffekt, IP65 wasserdicht, Gartenfackeln Solar Lampen 4 St\u00fccke - Markt-XXL\",\"isPartOf\":{\"@id\":\"https:\\\/\\\/marktxxl.de\\\/markt\\\/#website\"},\"primaryImageOfPage\":{\"@id\":\"https:\\\/\\\/marktxxl.de\\\/markt\\\/produkt\\\/teliser-solar-fackeln-lampe-mit-zubehoere-solarlampen-fuer-aussen-solar-flammenlicht-33-led-solarleuchten-garten-aussen-mit-flammeneffekt-ip65-wasserdicht-gartenfackeln-solar-lampen-4-stuecke\\\/#primaryimage\"},\"image\":{\"@id\":\"https:\\\/\\\/marktxxl.de\\\/markt\\\/produkt\\\/teliser-solar-fackeln-lampe-mit-zubehoere-solarlampen-fuer-aussen-solar-flammenlicht-33-led-solarleuchten-garten-aussen-mit-flammeneffekt-ip65-wasserdicht-gartenfackeln-solar-lampen-4-stuecke\\\/#primaryimage\"},\"thumbnailUrl\":\"https:\\\/\\\/m.media-amazon.com\\\/images\\\/I\\\/51xWJTUMvgL._SL500_.jpg\",\"datePublished\":\"2023-05-10T05:55:35+00:00\",\"description\":\"Markt-XXL Teliser Solar Fackeln Lampe mit Zubeh\u00f6re, Solarlampen f\u00fcr Au\u00dfen, Solar Flammenlicht, 33 LED Solarleuchten Garten Au\u00dfen mit Flammeneffekt, IP65 wasserdicht, Gartenfackeln Solar Lampen 4 St\u00fccke\",\"breadcrumb\":{\"@id\":\"https:\\\/\\\/marktxxl.de\\\/markt\\\/produkt\\\/teliser-solar-fackeln-lampe-mit-zubehoere-solarlampen-fuer-aussen-solar-flammenlicht-33-led-solarleuchten-garten-aussen-mit-flammeneffekt-ip65-wasserdicht-gartenfackeln-solar-lampen-4-stuecke\\\/#breadcrumb\"},\"inLanguage\":\"de\",\"potentialAction\":[{\"@type\":\"ReadAction\",\"target\":[\"https:\\\/\\\/marktxxl.de\\\/markt\\\/produkt\\\/teliser-solar-fackeln-lampe-mit-zubehoere-solarlampen-fuer-aussen-solar-flammenlicht-33-led-solarleuchten-garten-aussen-mit-flammeneffekt-ip65-wasserdicht-gartenfackeln-solar-lampen-4-stuecke\\\/\"]}]},{\"@type\":\"ImageObject\",\"inLanguage\":\"de\",\"@id\":\"https:\\\/\\\/marktxxl.de\\\/markt\\\/produkt\\\/teliser-solar-fackeln-lampe-mit-zubehoere-solarlampen-fuer-aussen-solar-flammenlicht-33-led-solarleuchten-garten-aussen-mit-flammeneffekt-ip65-wasserdicht-gartenfackeln-solar-lampen-4-stuecke\\\/#primaryimage\",\"url\":\"https:\\\/\\\/m.media-amazon.com\\\/images\\\/I\\\/51xWJTUMvgL._SL500_.jpg\",\"contentUrl\":\"https:\\\/\\\/m.media-amazon.com\\\/images\\\/I\\\/51xWJTUMvgL._SL500_.jpg\",\"width\":500,\"height\":500},{\"@type\":\"BreadcrumbList\",\"@id\":\"https:\\\/\\\/marktxxl.de\\\/markt\\\/produkt\\\/teliser-solar-fackeln-lampe-mit-zubehoere-solarlampen-fuer-aussen-solar-flammenlicht-33-led-solarleuchten-garten-aussen-mit-flammeneffekt-ip65-wasserdicht-gartenfackeln-solar-lampen-4-stuecke\\\/#breadcrumb\",\"itemListElement\":[{\"@type\":\"ListItem\",\"position\":1,\"name\":\"Startseite\",\"item\":\"https:\\\/\\\/marktxxl.de\\\/markt\\\/\"},{\"@type\":\"ListItem\",\"position\":2,\"name\":\"Markt\",\"item\":\"https:\\\/\\\/marktxxl.de\\\/markt\\\/\"},{\"@type\":\"ListItem\",\"position\":3,\"name\":\"Teliser Solar Fackeln Lampe mit Zubeh\u00f6re, Solarlampen f\u00fcr Au\u00dfen, Solar Flammenlicht, 33 LED Solarleuchten Garten Au\u00dfen mit Flammeneffekt, IP65 wasserdicht, Gartenfackeln Solar Lampen 4 St\u00fccke\"}]},{\"@type\":\"WebSite\",\"@id\":\"https:\\\/\\\/marktxxl.de\\\/markt\\\/#website\",\"url\":\"https:\\\/\\\/marktxxl.de\\\/markt\\\/\",\"name\":\"Markt-XXL\",\"description\":\"Ihr Markt Online\",\"publisher\":{\"@id\":\"https:\\\/\\\/marktxxl.de\\\/markt\\\/#organization\"},\"potentialAction\":[{\"@type\":\"SearchAction\",\"target\":{\"@type\":\"EntryPoint\",\"urlTemplate\":\"https:\\\/\\\/marktxxl.de\\\/markt\\\/?s={search_term_string}\"},\"query-input\":{\"@type\":\"PropertyValueSpecification\",\"valueRequired\":true,\"valueName\":\"search_term_string\"}}],\"inLanguage\":\"de\"},{\"@type\":\"Organization\",\"@id\":\"https:\\\/\\\/marktxxl.de\\\/markt\\\/#organization\",\"name\":\"Markt-XXL\",\"url\":\"https:\\\/\\\/marktxxl.de\\\/markt\\\/\",\"logo\":{\"@type\":\"ImageObject\",\"inLanguage\":\"de\",\"@id\":\"https:\\\/\\\/marktxxl.de\\\/markt\\\/#\\\/schema\\\/logo\\\/image\\\/\",\"url\":\"https:\\\/\\\/marktxxl.de\\\/markt\\\/wp-content\\\/uploads\\\/sites\\\/3\\\/2020\\\/12\\\/logo.png\",\"contentUrl\":\"https:\\\/\\\/marktxxl.de\\\/markt\\\/wp-content\\\/uploads\\\/sites\\\/3\\\/2020\\\/12\\\/logo.png\",\"width\":200,\"height\":70,\"caption\":\"Markt-XXL\"},\"image\":{\"@id\":\"https:\\\/\\\/marktxxl.de\\\/markt\\\/#\\\/schema\\\/logo\\\/image\\\/\"}}]}<\/script>\n<!-- \/ Yoast SEO plugin. -->","yoast_head_json":{"title":"Teliser Solar Fackeln Lampe mit Zubeh\u00f6re, Solarlampen f\u00fcr Au\u00dfen, Solar Flammenlicht, 33 LED Solarleuchten Garten Au\u00dfen mit Flammeneffekt, IP65 wasserdicht, Gartenfackeln Solar Lampen 4 St\u00fccke - Markt-XXL","description":"Markt-XXL Teliser Solar Fackeln Lampe mit Zubeh\u00f6re, Solarlampen f\u00fcr Au\u00dfen, Solar Flammenlicht, 33 LED Solarleuchten Garten Au\u00dfen mit Flammeneffekt, IP65 wasserdicht, Gartenfackeln Solar Lampen 4 St\u00fccke","robots":{"index":"index","follow":"follow","max-snippet":"max-snippet:-1","max-image-preview":"max-image-preview:large","max-video-preview":"max-video-preview:-1"},"canonical":"https:\/\/marktxxl.de\/markt\/produkt\/teliser-solar-fackeln-lampe-mit-zubehoere-solarlampen-fuer-aussen-solar-flammenlicht-33-led-solarleuchten-garten-aussen-mit-flammeneffekt-ip65-wasserdicht-gartenfackeln-solar-lampen-4-stuecke\/","og_locale":"de_DE","og_type":"article","og_title":"Teliser Solar Fackeln Lampe mit Zubeh\u00f6re, Solarlampen f\u00fcr Au\u00dfen, Solar Flammenlicht, 33 LED Solarleuchten Garten Au\u00dfen mit Flammeneffekt, IP65 wasserdicht, Gartenfackeln Solar Lampen 4 St\u00fccke - Markt-XXL","og_description":"Markt-XXL Teliser Solar Fackeln Lampe mit Zubeh\u00f6re, Solarlampen f\u00fcr Au\u00dfen, Solar Flammenlicht, 33 LED Solarleuchten Garten Au\u00dfen mit Flammeneffekt, IP65 wasserdicht, Gartenfackeln Solar Lampen 4 St\u00fccke","og_url":"https:\/\/marktxxl.de\/markt\/produkt\/teliser-solar-fackeln-lampe-mit-zubehoere-solarlampen-fuer-aussen-solar-flammenlicht-33-led-solarleuchten-garten-aussen-mit-flammeneffekt-ip65-wasserdicht-gartenfackeln-solar-lampen-4-stuecke\/","og_site_name":"Markt-XXL","twitter_card":"summary_large_image","twitter_misc":{"Gesch\u00e4tzte Lesezeit":"1\u00a0Minute"},"schema":{"@context":"https:\/\/schema.org","@graph":[{"@type":"WebPage","@id":"https:\/\/marktxxl.de\/markt\/produkt\/teliser-solar-fackeln-lampe-mit-zubehoere-solarlampen-fuer-aussen-solar-flammenlicht-33-led-solarleuchten-garten-aussen-mit-flammeneffekt-ip65-wasserdicht-gartenfackeln-solar-lampen-4-stuecke\/","url":"https:\/\/marktxxl.de\/markt\/produkt\/teliser-solar-fackeln-lampe-mit-zubehoere-solarlampen-fuer-aussen-solar-flammenlicht-33-led-solarleuchten-garten-aussen-mit-flammeneffekt-ip65-wasserdicht-gartenfackeln-solar-lampen-4-stuecke\/","name":"Teliser Solar Fackeln Lampe mit Zubeh\u00f6re, Solarlampen f\u00fcr Au\u00dfen, Solar Flammenlicht, 33 LED Solarleuchten Garten Au\u00dfen mit Flammeneffekt, IP65 wasserdicht, Gartenfackeln Solar Lampen 4 St\u00fccke - Markt-XXL","isPartOf":{"@id":"https:\/\/marktxxl.de\/markt\/#website"},"primaryImageOfPage":{"@id":"https:\/\/marktxxl.de\/markt\/produkt\/teliser-solar-fackeln-lampe-mit-zubehoere-solarlampen-fuer-aussen-solar-flammenlicht-33-led-solarleuchten-garten-aussen-mit-flammeneffekt-ip65-wasserdicht-gartenfackeln-solar-lampen-4-stuecke\/#primaryimage"},"image":{"@id":"https:\/\/marktxxl.de\/markt\/produkt\/teliser-solar-fackeln-lampe-mit-zubehoere-solarlampen-fuer-aussen-solar-flammenlicht-33-led-solarleuchten-garten-aussen-mit-flammeneffekt-ip65-wasserdicht-gartenfackeln-solar-lampen-4-stuecke\/#primaryimage"},"thumbnailUrl":"https:\/\/m.media-amazon.com\/images\/I\/51xWJTUMvgL._SL500_.jpg","datePublished":"2023-05-10T05:55:35+00:00","description":"Markt-XXL Teliser Solar Fackeln Lampe mit Zubeh\u00f6re, Solarlampen f\u00fcr Au\u00dfen, Solar Flammenlicht, 33 LED Solarleuchten Garten Au\u00dfen mit Flammeneffekt, IP65 wasserdicht, Gartenfackeln Solar Lampen 4 St\u00fccke","breadcrumb":{"@id":"https:\/\/marktxxl.de\/markt\/produkt\/teliser-solar-fackeln-lampe-mit-zubehoere-solarlampen-fuer-aussen-solar-flammenlicht-33-led-solarleuchten-garten-aussen-mit-flammeneffekt-ip65-wasserdicht-gartenfackeln-solar-lampen-4-stuecke\/#breadcrumb"},"inLanguage":"de","potentialAction":[{"@type":"ReadAction","target":["https:\/\/marktxxl.de\/markt\/produkt\/teliser-solar-fackeln-lampe-mit-zubehoere-solarlampen-fuer-aussen-solar-flammenlicht-33-led-solarleuchten-garten-aussen-mit-flammeneffekt-ip65-wasserdicht-gartenfackeln-solar-lampen-4-stuecke\/"]}]},{"@type":"ImageObject","inLanguage":"de","@id":"https:\/\/marktxxl.de\/markt\/produkt\/teliser-solar-fackeln-lampe-mit-zubehoere-solarlampen-fuer-aussen-solar-flammenlicht-33-led-solarleuchten-garten-aussen-mit-flammeneffekt-ip65-wasserdicht-gartenfackeln-solar-lampen-4-stuecke\/#primaryimage","url":"https:\/\/m.media-amazon.com\/images\/I\/51xWJTUMvgL._SL500_.jpg","contentUrl":"https:\/\/m.media-amazon.com\/images\/I\/51xWJTUMvgL._SL500_.jpg","width":500,"height":500},{"@type":"BreadcrumbList","@id":"https:\/\/marktxxl.de\/markt\/produkt\/teliser-solar-fackeln-lampe-mit-zubehoere-solarlampen-fuer-aussen-solar-flammenlicht-33-led-solarleuchten-garten-aussen-mit-flammeneffekt-ip65-wasserdicht-gartenfackeln-solar-lampen-4-stuecke\/#breadcrumb","itemListElement":[{"@type":"ListItem","position":1,"name":"Startseite","item":"https:\/\/marktxxl.de\/markt\/"},{"@type":"ListItem","position":2,"name":"Markt","item":"https:\/\/marktxxl.de\/markt\/"},{"@type":"ListItem","position":3,"name":"Teliser Solar Fackeln Lampe mit Zubeh\u00f6re, Solarlampen f\u00fcr Au\u00dfen, Solar Flammenlicht, 33 LED Solarleuchten Garten Au\u00dfen mit Flammeneffekt, IP65 wasserdicht, Gartenfackeln Solar Lampen 4 St\u00fccke"}]},{"@type":"WebSite","@id":"https:\/\/marktxxl.de\/markt\/#website","url":"https:\/\/marktxxl.de\/markt\/","name":"Markt-XXL","description":"Ihr Markt Online","publisher":{"@id":"https:\/\/marktxxl.de\/markt\/#organization"},"potentialAction":[{"@type":"SearchAction","target":{"@type":"EntryPoint","urlTemplate":"https:\/\/marktxxl.de\/markt\/?s={search_term_string}"},"query-input":{"@type":"PropertyValueSpecification","valueRequired":true,"valueName":"search_term_string"}}],"inLanguage":"de"},{"@type":"Organization","@id":"https:\/\/marktxxl.de\/markt\/#organization","name":"Markt-XXL","url":"https:\/\/marktxxl.de\/markt\/","logo":{"@type":"ImageObject","inLanguage":"de","@id":"https:\/\/marktxxl.de\/markt\/#\/schema\/logo\/image\/","url":"https:\/\/marktxxl.de\/markt\/wp-content\/uploads\/sites\/3\/2020\/12\/logo.png","contentUrl":"https:\/\/marktxxl.de\/markt\/wp-content\/uploads\/sites\/3\/2020\/12\/logo.png","width":200,"height":70,"caption":"Markt-XXL"},"image":{"@id":"https:\/\/marktxxl.de\/markt\/#\/schema\/logo\/image\/"}}]}},"_links":{"self":[{"href":"https:\/\/marktxxl.de\/markt\/wp-json\/wp\/v2\/product\/204583","targetHints":{"allow":["GET"]}}],"collection":[{"href":"https:\/\/marktxxl.de\/markt\/wp-json\/wp\/v2\/product"}],"about":[{"href":"https:\/\/marktxxl.de\/markt\/wp-json\/wp\/v2\/types\/product"}],"replies":[{"embeddable":true,"href":"https:\/\/marktxxl.de\/markt\/wp-json\/wp\/v2\/comments?post=204583"}],"wp:featuredmedia":[{"embeddable":true,"href":"https:\/\/marktxxl.de\/markt\/wp-json\/wp\/v2\/media\/204584"}],"wp:attachment":[{"href":"https:\/\/marktxxl.de\/markt\/wp-json\/wp\/v2\/media?parent=204583"}],"wp:term":[{"taxonomy":"product_brand","embeddable":true,"href":"https:\/\/marktxxl.de\/markt\/wp-json\/wp\/v2\/product_brand?post=204583"},{"taxonomy":"product_cat","embeddable":true,"href":"https:\/\/marktxxl.de\/markt\/wp-json\/wp\/v2\/product_cat?post=204583"},{"taxonomy":"product_tag","embeddable":true,"href":"https:\/\/marktxxl.de\/markt\/wp-json\/wp\/v2\/product_tag?post=204583"}],"curies":[{"name":"wp","href":"https:\/\/api.w.org\/{rel}","templated":true}]}}