{"id":204556,"date":"2023-05-10T07:49:37","date_gmt":"2023-05-10T05:49:37","guid":{"rendered":"https:\/\/marktxxl.de\/markt\/produkt\/kulturbeutel-transparent-4-stueck-flugzeug-pvc-kosmetiktasche-wasserdicht-make-up-tasche-kosmetikbeutel-durchsichtig-reise-set-kulturtasche-fuer-maenner-frauen-kinder-familie-klein-medium-gross\/"},"modified":"2023-05-10T07:49:37","modified_gmt":"2023-05-10T05:49:37","slug":"kulturbeutel-transparent-4-stueck-flugzeug-pvc-kosmetiktasche-wasserdicht-make-up-tasche-kosmetikbeutel-durchsichtig-reise-set-kulturtasche-fuer-maenner-frauen-kinder-familie-klein-medium-gross","status":"publish","type":"product","link":"https:\/\/marktxxl.de\/markt\/produkt\/kulturbeutel-transparent-4-stueck-flugzeug-pvc-kosmetiktasche-wasserdicht-make-up-tasche-kosmetikbeutel-durchsichtig-reise-set-kulturtasche-fuer-maenner-frauen-kinder-familie-klein-medium-gross\/","title":{"rendered":"Kulturbeutel transparent 4 St\u00fcck, Flugzeug PVC Kosmetiktasche wasserdicht Make-up Tasche Kosmetikbeutel durchsichtig Reise Set Kulturtasche f\u00fcr M\u00e4nner, Frauen, Kinder, Familie (Klein, Medium, Gro\u00df)"},"content":{"rendered":"<p>\u2708\u30104 St\u00fcck Kulturbeutel unterschiedlicher Gr\u00f6\u00dfe\u3011Transparant Kulturbeutel Set enthaltet 1 St\u00fcck XL durchsichtiger PVC-Rei\u00dfverschlussbeutel, 1 St\u00fcck L Rei\u00dfverschlussbeutel, 1 St\u00fcck durchsichtiger Kulturbeutel mit TSA-zulassung und 1 St\u00fcck kleiner Make-up-Beutel.<br \/>\n\u2708\u3010TSA-genehmigte Gep\u00e4cktasche\u3011Einschlie\u00dflich 1pcs TSA genehmigter transparenter PVC-Kulturbeutel (B: 17cm\/6.7 &#8220;x H: 12,5 cm\/4.72 &#8220;x T: 4 cm\/2.36&#8221;) eignet sich ideal zur sicheren Unterbringung von Fl\u00fcssigkeiten im Handgep\u00e4ck auf Flugreisen.<br \/>\n\u2708\u30104 Gr\u00f6\u00dfen f\u00fcr breite Anwendung\u3011X-Large (23&#215;7,5&#215;16 cm) ist perfekt f\u00fcr handt\u00fcchern, Kleidung. Gro\u00df (20&#215;6,5&#215;13,5 cm) ist gut f\u00fcr Zahnb\u00fcrsten, Zahnpasta. Medium (17x6x12 cm) ist eine gute Wahl f\u00fcr Shampoo, Kosmetik. Klein (11&#215;4,5&#215;10,5 cm) ist wunderbar f\u00fcr Schmuck, Bargeld.<br \/>\n\u2708\u3010Wasserdicht und Robust\u3011Aus strapazierf\u00e4higem PVC Material, die Make up Taschen sind wasserdicht und nicht leicht zu rei\u00dfen; Rei\u00dfverschluss ist sehr praktisch zu bedienen.Mit Transparentes Design kannst du deine pers\u00f6nlichen Gegenst\u00e4nde schell finden und organisieren<br \/>\n\u2708\u3010Perfekt f\u00fcr unterwegs und zu Hause\u3011 Die Kulturbeutel eignen sich nicht nur zum Reisen, Schwimmen und f\u00fcr andere Outdoor-Aktivit\u00e4ten, sondern auch zum Aufbewahren im Schrank oder in der Kammer. Wenn Sie mit den Kulturtasche nicht zufrieden sind, kontaktieren Sie uns bitte zuerst, wir bieten Ihnen auf jeden Fall eine perfekte L\u00f6sung.<br \/>\n<div class=\"main-cross-sell\" data-asin=\"B07RMCY351\">\n\n\t<div class=\"WooZone-cross-sell-loader\">\n\t\t<div>\n\t\t\t<div id=\"floatingBarsG\">\n\t\t\t\t<div class=\"blockG\" id=\"rotateG_01\"><\/div>\n\t\t\t\t<div class=\"blockG\" id=\"rotateG_02\"><\/div>\n\t\t\t\t<div class=\"blockG\" id=\"rotateG_03\"><\/div>\n\t\t\t\t<div class=\"blockG\" id=\"rotateG_04\"><\/div>\n\t\t\t\t<div class=\"blockG\" id=\"rotateG_05\"><\/div>\n\t\t\t\t<div class=\"blockG\" id=\"rotateG_06\"><\/div>\n\t\t\t\t<div class=\"blockG\" id=\"rotateG_07\"><\/div>\n\t\t\t\t<div class=\"blockG\" id=\"rotateG_08\"><\/div>\n\t\t\t<\/div>\n\t\t\t<div class=\"WooZone-cross-sell-loader-text\"><\/div>\n\t\t<\/div>\n\t<\/div>\n\n\t\t\n<\/div>\n<div style=\"clear:both;\"><\/div><\/p>\n","protected":false},"excerpt":{"rendered":"<p>\u2708\u30104 St\u00fcck Kulturbeutel unterschiedlicher Gr\u00f6\u00dfe\u3011Transparant Kulturbeutel Set enthaltet 1 St\u00fcck XL durchsichtiger PVC-Rei\u00dfverschlussbeutel, 1 St\u00fcck L Rei\u00dfverschlussbeutel, 1 St\u00fcck durchsichtiger Kulturbeutel mit TSA-zulassung und 1 St\u00fcck kleiner Make-up-Beutel.<br \/>\n\u2708\u3010TSA-genehmigte Gep\u00e4cktasche\u3011Einschlie\u00dflich 1pcs TSA genehmigter transparenter PVC-Kulturbeutel (B: 17cm\/6.7 &#8220;x H: 12,5 cm\/4.72 &#8220;x T: 4 cm\/2.36&#8221;) eignet sich ideal zur sicheren Unterbringung von Fl\u00fcssigkeiten im Handgep\u00e4ck auf Flugreisen.<br \/>\n\u2708\u30104 Gr\u00f6\u00dfen f\u00fcr breite Anwendung\u3011X-Large (23&#215;7,5&#215;16 cm) ist perfekt f\u00fcr handt\u00fcchern, Kleidung. Gro\u00df (20&#215;6,5&#215;13,5 cm) ist gut f\u00fcr Zahnb\u00fcrsten, Zahnpasta. Medium (17x6x12 cm) ist eine gute Wahl f\u00fcr Shampoo, Kosmetik. Klein (11&#215;4,5&#215;10,5 cm) ist wunderbar f\u00fcr Schmuck, Bargeld.<\/p>\n","protected":false},"featured_media":204557,"comment_status":"open","ping_status":"closed","template":"","meta":[],"product_brand":[],"product_cat":[2858,7726],"product_tag":[],"class_list":{"0":"post-204556","1":"product","2":"type-product","3":"status-publish","4":"has-post-thumbnail","6":"product_cat-beauty","7":"product_cat-zubehoer-beauty","8":"pa_binding-luggage","9":"pa_brand-fenrad","10":"pa_color-as-shown","11":"pa_height-0-9448818888-zoll","12":"pa_length-9-055118101-zoll","13":"pa_manufacturer-fenrad","14":"pa_model-10ag1401urcqqka8","15":"pa_size-s","16":"pa_weight-0-3747858454-pfund","17":"pa_width-6-299212592-zoll","19":"first","20":"instock","21":"sale","22":"shipping-taxable","23":"purchasable","24":"product-type-simple","25":"customify-col","26":"product-has-gallery"},"yoast_head":"<!-- This site is optimized with the Yoast SEO plugin v27.4 - https:\/\/yoast.com\/product\/yoast-seo-wordpress\/ -->\n<title>Kulturbeutel transparent 4 St\u00fcck, Flugzeug PVC Kosmetiktasche wasserdicht Make-up Tasche Kosmetikbeutel durchsichtig Reise Set Kulturtasche f\u00fcr M\u00e4nner, Frauen, Kinder, Familie (Klein, Medium, Gro\u00df) - Markt-XXL<\/title>\n<meta name=\"description\" content=\"Markt-XXL Kulturbeutel transparent 4 St\u00fcck, Flugzeug PVC Kosmetiktasche wasserdicht Make-up Tasche Kosmetikbeutel durchsichtig Reise Set Kulturtasche f\u00fcr M\u00e4nner, Frauen, Kinder, Familie (Klein, Medium, Gro\u00df)\" \/>\n<meta name=\"robots\" content=\"index, follow, max-snippet:-1, max-image-preview:large, max-video-preview:-1\" \/>\n<link rel=\"canonical\" href=\"https:\/\/marktxxl.de\/markt\/produkt\/kulturbeutel-transparent-4-stueck-flugzeug-pvc-kosmetiktasche-wasserdicht-make-up-tasche-kosmetikbeutel-durchsichtig-reise-set-kulturtasche-fuer-maenner-frauen-kinder-familie-klein-medium-gross\/\" \/>\n<meta property=\"og:locale\" content=\"de_DE\" \/>\n<meta property=\"og:type\" content=\"article\" \/>\n<meta property=\"og:title\" content=\"Kulturbeutel transparent 4 St\u00fcck, Flugzeug PVC Kosmetiktasche wasserdicht Make-up Tasche Kosmetikbeutel durchsichtig Reise Set Kulturtasche f\u00fcr M\u00e4nner, Frauen, Kinder, Familie (Klein, Medium, Gro\u00df) - Markt-XXL\" \/>\n<meta property=\"og:description\" content=\"Markt-XXL Kulturbeutel transparent 4 St\u00fcck, Flugzeug PVC Kosmetiktasche wasserdicht Make-up Tasche Kosmetikbeutel durchsichtig Reise Set Kulturtasche f\u00fcr M\u00e4nner, Frauen, Kinder, Familie (Klein, Medium, Gro\u00df)\" \/>\n<meta property=\"og:url\" content=\"https:\/\/marktxxl.de\/markt\/produkt\/kulturbeutel-transparent-4-stueck-flugzeug-pvc-kosmetiktasche-wasserdicht-make-up-tasche-kosmetikbeutel-durchsichtig-reise-set-kulturtasche-fuer-maenner-frauen-kinder-familie-klein-medium-gross\/\" \/>\n<meta property=\"og:site_name\" content=\"Markt-XXL\" \/>\n<meta name=\"twitter:card\" content=\"summary_large_image\" \/>\n<meta name=\"twitter:label1\" content=\"Gesch\u00e4tzte Lesezeit\" \/>\n\t<meta name=\"twitter:data1\" content=\"1\u00a0Minute\" \/>\n<script type=\"application\/ld+json\" class=\"yoast-schema-graph\">{\"@context\":\"https:\\\/\\\/schema.org\",\"@graph\":[{\"@type\":\"WebPage\",\"@id\":\"https:\\\/\\\/marktxxl.de\\\/markt\\\/produkt\\\/kulturbeutel-transparent-4-stueck-flugzeug-pvc-kosmetiktasche-wasserdicht-make-up-tasche-kosmetikbeutel-durchsichtig-reise-set-kulturtasche-fuer-maenner-frauen-kinder-familie-klein-medium-gross\\\/\",\"url\":\"https:\\\/\\\/marktxxl.de\\\/markt\\\/produkt\\\/kulturbeutel-transparent-4-stueck-flugzeug-pvc-kosmetiktasche-wasserdicht-make-up-tasche-kosmetikbeutel-durchsichtig-reise-set-kulturtasche-fuer-maenner-frauen-kinder-familie-klein-medium-gross\\\/\",\"name\":\"Kulturbeutel transparent 4 St\u00fcck, Flugzeug PVC Kosmetiktasche wasserdicht Make-up Tasche Kosmetikbeutel durchsichtig Reise Set Kulturtasche f\u00fcr M\u00e4nner, Frauen, Kinder, Familie (Klein, Medium, Gro\u00df) - Markt-XXL\",\"isPartOf\":{\"@id\":\"https:\\\/\\\/marktxxl.de\\\/markt\\\/#website\"},\"primaryImageOfPage\":{\"@id\":\"https:\\\/\\\/marktxxl.de\\\/markt\\\/produkt\\\/kulturbeutel-transparent-4-stueck-flugzeug-pvc-kosmetiktasche-wasserdicht-make-up-tasche-kosmetikbeutel-durchsichtig-reise-set-kulturtasche-fuer-maenner-frauen-kinder-familie-klein-medium-gross\\\/#primaryimage\"},\"image\":{\"@id\":\"https:\\\/\\\/marktxxl.de\\\/markt\\\/produkt\\\/kulturbeutel-transparent-4-stueck-flugzeug-pvc-kosmetiktasche-wasserdicht-make-up-tasche-kosmetikbeutel-durchsichtig-reise-set-kulturtasche-fuer-maenner-frauen-kinder-familie-klein-medium-gross\\\/#primaryimage\"},\"thumbnailUrl\":\"https:\\\/\\\/m.media-amazon.com\\\/images\\\/I\\\/31E-7245j7L._SL500_.jpg\",\"datePublished\":\"2023-05-10T05:49:37+00:00\",\"description\":\"Markt-XXL Kulturbeutel transparent 4 St\u00fcck, Flugzeug PVC Kosmetiktasche wasserdicht Make-up Tasche Kosmetikbeutel durchsichtig Reise Set Kulturtasche f\u00fcr M\u00e4nner, Frauen, Kinder, Familie (Klein, Medium, Gro\u00df)\",\"breadcrumb\":{\"@id\":\"https:\\\/\\\/marktxxl.de\\\/markt\\\/produkt\\\/kulturbeutel-transparent-4-stueck-flugzeug-pvc-kosmetiktasche-wasserdicht-make-up-tasche-kosmetikbeutel-durchsichtig-reise-set-kulturtasche-fuer-maenner-frauen-kinder-familie-klein-medium-gross\\\/#breadcrumb\"},\"inLanguage\":\"de\",\"potentialAction\":[{\"@type\":\"ReadAction\",\"target\":[\"https:\\\/\\\/marktxxl.de\\\/markt\\\/produkt\\\/kulturbeutel-transparent-4-stueck-flugzeug-pvc-kosmetiktasche-wasserdicht-make-up-tasche-kosmetikbeutel-durchsichtig-reise-set-kulturtasche-fuer-maenner-frauen-kinder-familie-klein-medium-gross\\\/\"]}]},{\"@type\":\"ImageObject\",\"inLanguage\":\"de\",\"@id\":\"https:\\\/\\\/marktxxl.de\\\/markt\\\/produkt\\\/kulturbeutel-transparent-4-stueck-flugzeug-pvc-kosmetiktasche-wasserdicht-make-up-tasche-kosmetikbeutel-durchsichtig-reise-set-kulturtasche-fuer-maenner-frauen-kinder-familie-klein-medium-gross\\\/#primaryimage\",\"url\":\"https:\\\/\\\/m.media-amazon.com\\\/images\\\/I\\\/31E-7245j7L._SL500_.jpg\",\"contentUrl\":\"https:\\\/\\\/m.media-amazon.com\\\/images\\\/I\\\/31E-7245j7L._SL500_.jpg\",\"width\":500,\"height\":500},{\"@type\":\"BreadcrumbList\",\"@id\":\"https:\\\/\\\/marktxxl.de\\\/markt\\\/produkt\\\/kulturbeutel-transparent-4-stueck-flugzeug-pvc-kosmetiktasche-wasserdicht-make-up-tasche-kosmetikbeutel-durchsichtig-reise-set-kulturtasche-fuer-maenner-frauen-kinder-familie-klein-medium-gross\\\/#breadcrumb\",\"itemListElement\":[{\"@type\":\"ListItem\",\"position\":1,\"name\":\"Startseite\",\"item\":\"https:\\\/\\\/marktxxl.de\\\/markt\\\/\"},{\"@type\":\"ListItem\",\"position\":2,\"name\":\"Markt\",\"item\":\"https:\\\/\\\/marktxxl.de\\\/markt\\\/\"},{\"@type\":\"ListItem\",\"position\":3,\"name\":\"Kulturbeutel transparent 4 St\u00fcck, Flugzeug PVC Kosmetiktasche wasserdicht Make-up Tasche Kosmetikbeutel durchsichtig Reise Set Kulturtasche f\u00fcr M\u00e4nner, Frauen, Kinder, Familie (Klein, Medium, Gro\u00df)\"}]},{\"@type\":\"WebSite\",\"@id\":\"https:\\\/\\\/marktxxl.de\\\/markt\\\/#website\",\"url\":\"https:\\\/\\\/marktxxl.de\\\/markt\\\/\",\"name\":\"Markt-XXL\",\"description\":\"Ihr Markt Online\",\"publisher\":{\"@id\":\"https:\\\/\\\/marktxxl.de\\\/markt\\\/#organization\"},\"potentialAction\":[{\"@type\":\"SearchAction\",\"target\":{\"@type\":\"EntryPoint\",\"urlTemplate\":\"https:\\\/\\\/marktxxl.de\\\/markt\\\/?s={search_term_string}\"},\"query-input\":{\"@type\":\"PropertyValueSpecification\",\"valueRequired\":true,\"valueName\":\"search_term_string\"}}],\"inLanguage\":\"de\"},{\"@type\":\"Organization\",\"@id\":\"https:\\\/\\\/marktxxl.de\\\/markt\\\/#organization\",\"name\":\"Markt-XXL\",\"url\":\"https:\\\/\\\/marktxxl.de\\\/markt\\\/\",\"logo\":{\"@type\":\"ImageObject\",\"inLanguage\":\"de\",\"@id\":\"https:\\\/\\\/marktxxl.de\\\/markt\\\/#\\\/schema\\\/logo\\\/image\\\/\",\"url\":\"https:\\\/\\\/marktxxl.de\\\/markt\\\/wp-content\\\/uploads\\\/sites\\\/3\\\/2020\\\/12\\\/logo.png\",\"contentUrl\":\"https:\\\/\\\/marktxxl.de\\\/markt\\\/wp-content\\\/uploads\\\/sites\\\/3\\\/2020\\\/12\\\/logo.png\",\"width\":200,\"height\":70,\"caption\":\"Markt-XXL\"},\"image\":{\"@id\":\"https:\\\/\\\/marktxxl.de\\\/markt\\\/#\\\/schema\\\/logo\\\/image\\\/\"}}]}<\/script>\n<!-- \/ Yoast SEO plugin. -->","yoast_head_json":{"title":"Kulturbeutel transparent 4 St\u00fcck, Flugzeug PVC Kosmetiktasche wasserdicht Make-up Tasche Kosmetikbeutel durchsichtig Reise Set Kulturtasche f\u00fcr M\u00e4nner, Frauen, Kinder, Familie (Klein, Medium, Gro\u00df) - Markt-XXL","description":"Markt-XXL Kulturbeutel transparent 4 St\u00fcck, Flugzeug PVC Kosmetiktasche wasserdicht Make-up Tasche Kosmetikbeutel durchsichtig Reise Set Kulturtasche f\u00fcr M\u00e4nner, Frauen, Kinder, Familie (Klein, Medium, Gro\u00df)","robots":{"index":"index","follow":"follow","max-snippet":"max-snippet:-1","max-image-preview":"max-image-preview:large","max-video-preview":"max-video-preview:-1"},"canonical":"https:\/\/marktxxl.de\/markt\/produkt\/kulturbeutel-transparent-4-stueck-flugzeug-pvc-kosmetiktasche-wasserdicht-make-up-tasche-kosmetikbeutel-durchsichtig-reise-set-kulturtasche-fuer-maenner-frauen-kinder-familie-klein-medium-gross\/","og_locale":"de_DE","og_type":"article","og_title":"Kulturbeutel transparent 4 St\u00fcck, Flugzeug PVC Kosmetiktasche wasserdicht Make-up Tasche Kosmetikbeutel durchsichtig Reise Set Kulturtasche f\u00fcr M\u00e4nner, Frauen, Kinder, Familie (Klein, Medium, Gro\u00df) - Markt-XXL","og_description":"Markt-XXL Kulturbeutel transparent 4 St\u00fcck, Flugzeug PVC Kosmetiktasche wasserdicht Make-up Tasche Kosmetikbeutel durchsichtig Reise Set Kulturtasche f\u00fcr M\u00e4nner, Frauen, Kinder, Familie (Klein, Medium, Gro\u00df)","og_url":"https:\/\/marktxxl.de\/markt\/produkt\/kulturbeutel-transparent-4-stueck-flugzeug-pvc-kosmetiktasche-wasserdicht-make-up-tasche-kosmetikbeutel-durchsichtig-reise-set-kulturtasche-fuer-maenner-frauen-kinder-familie-klein-medium-gross\/","og_site_name":"Markt-XXL","twitter_card":"summary_large_image","twitter_misc":{"Gesch\u00e4tzte Lesezeit":"1\u00a0Minute"},"schema":{"@context":"https:\/\/schema.org","@graph":[{"@type":"WebPage","@id":"https:\/\/marktxxl.de\/markt\/produkt\/kulturbeutel-transparent-4-stueck-flugzeug-pvc-kosmetiktasche-wasserdicht-make-up-tasche-kosmetikbeutel-durchsichtig-reise-set-kulturtasche-fuer-maenner-frauen-kinder-familie-klein-medium-gross\/","url":"https:\/\/marktxxl.de\/markt\/produkt\/kulturbeutel-transparent-4-stueck-flugzeug-pvc-kosmetiktasche-wasserdicht-make-up-tasche-kosmetikbeutel-durchsichtig-reise-set-kulturtasche-fuer-maenner-frauen-kinder-familie-klein-medium-gross\/","name":"Kulturbeutel transparent 4 St\u00fcck, Flugzeug PVC Kosmetiktasche wasserdicht Make-up Tasche Kosmetikbeutel durchsichtig Reise Set Kulturtasche f\u00fcr M\u00e4nner, Frauen, Kinder, Familie (Klein, Medium, Gro\u00df) - Markt-XXL","isPartOf":{"@id":"https:\/\/marktxxl.de\/markt\/#website"},"primaryImageOfPage":{"@id":"https:\/\/marktxxl.de\/markt\/produkt\/kulturbeutel-transparent-4-stueck-flugzeug-pvc-kosmetiktasche-wasserdicht-make-up-tasche-kosmetikbeutel-durchsichtig-reise-set-kulturtasche-fuer-maenner-frauen-kinder-familie-klein-medium-gross\/#primaryimage"},"image":{"@id":"https:\/\/marktxxl.de\/markt\/produkt\/kulturbeutel-transparent-4-stueck-flugzeug-pvc-kosmetiktasche-wasserdicht-make-up-tasche-kosmetikbeutel-durchsichtig-reise-set-kulturtasche-fuer-maenner-frauen-kinder-familie-klein-medium-gross\/#primaryimage"},"thumbnailUrl":"https:\/\/m.media-amazon.com\/images\/I\/31E-7245j7L._SL500_.jpg","datePublished":"2023-05-10T05:49:37+00:00","description":"Markt-XXL Kulturbeutel transparent 4 St\u00fcck, Flugzeug PVC Kosmetiktasche wasserdicht Make-up Tasche Kosmetikbeutel durchsichtig Reise Set Kulturtasche f\u00fcr M\u00e4nner, Frauen, Kinder, Familie (Klein, Medium, Gro\u00df)","breadcrumb":{"@id":"https:\/\/marktxxl.de\/markt\/produkt\/kulturbeutel-transparent-4-stueck-flugzeug-pvc-kosmetiktasche-wasserdicht-make-up-tasche-kosmetikbeutel-durchsichtig-reise-set-kulturtasche-fuer-maenner-frauen-kinder-familie-klein-medium-gross\/#breadcrumb"},"inLanguage":"de","potentialAction":[{"@type":"ReadAction","target":["https:\/\/marktxxl.de\/markt\/produkt\/kulturbeutel-transparent-4-stueck-flugzeug-pvc-kosmetiktasche-wasserdicht-make-up-tasche-kosmetikbeutel-durchsichtig-reise-set-kulturtasche-fuer-maenner-frauen-kinder-familie-klein-medium-gross\/"]}]},{"@type":"ImageObject","inLanguage":"de","@id":"https:\/\/marktxxl.de\/markt\/produkt\/kulturbeutel-transparent-4-stueck-flugzeug-pvc-kosmetiktasche-wasserdicht-make-up-tasche-kosmetikbeutel-durchsichtig-reise-set-kulturtasche-fuer-maenner-frauen-kinder-familie-klein-medium-gross\/#primaryimage","url":"https:\/\/m.media-amazon.com\/images\/I\/31E-7245j7L._SL500_.jpg","contentUrl":"https:\/\/m.media-amazon.com\/images\/I\/31E-7245j7L._SL500_.jpg","width":500,"height":500},{"@type":"BreadcrumbList","@id":"https:\/\/marktxxl.de\/markt\/produkt\/kulturbeutel-transparent-4-stueck-flugzeug-pvc-kosmetiktasche-wasserdicht-make-up-tasche-kosmetikbeutel-durchsichtig-reise-set-kulturtasche-fuer-maenner-frauen-kinder-familie-klein-medium-gross\/#breadcrumb","itemListElement":[{"@type":"ListItem","position":1,"name":"Startseite","item":"https:\/\/marktxxl.de\/markt\/"},{"@type":"ListItem","position":2,"name":"Markt","item":"https:\/\/marktxxl.de\/markt\/"},{"@type":"ListItem","position":3,"name":"Kulturbeutel transparent 4 St\u00fcck, Flugzeug PVC Kosmetiktasche wasserdicht Make-up Tasche Kosmetikbeutel durchsichtig Reise Set Kulturtasche f\u00fcr M\u00e4nner, Frauen, Kinder, Familie (Klein, Medium, Gro\u00df)"}]},{"@type":"WebSite","@id":"https:\/\/marktxxl.de\/markt\/#website","url":"https:\/\/marktxxl.de\/markt\/","name":"Markt-XXL","description":"Ihr Markt Online","publisher":{"@id":"https:\/\/marktxxl.de\/markt\/#organization"},"potentialAction":[{"@type":"SearchAction","target":{"@type":"EntryPoint","urlTemplate":"https:\/\/marktxxl.de\/markt\/?s={search_term_string}"},"query-input":{"@type":"PropertyValueSpecification","valueRequired":true,"valueName":"search_term_string"}}],"inLanguage":"de"},{"@type":"Organization","@id":"https:\/\/marktxxl.de\/markt\/#organization","name":"Markt-XXL","url":"https:\/\/marktxxl.de\/markt\/","logo":{"@type":"ImageObject","inLanguage":"de","@id":"https:\/\/marktxxl.de\/markt\/#\/schema\/logo\/image\/","url":"https:\/\/marktxxl.de\/markt\/wp-content\/uploads\/sites\/3\/2020\/12\/logo.png","contentUrl":"https:\/\/marktxxl.de\/markt\/wp-content\/uploads\/sites\/3\/2020\/12\/logo.png","width":200,"height":70,"caption":"Markt-XXL"},"image":{"@id":"https:\/\/marktxxl.de\/markt\/#\/schema\/logo\/image\/"}}]}},"_links":{"self":[{"href":"https:\/\/marktxxl.de\/markt\/wp-json\/wp\/v2\/product\/204556","targetHints":{"allow":["GET"]}}],"collection":[{"href":"https:\/\/marktxxl.de\/markt\/wp-json\/wp\/v2\/product"}],"about":[{"href":"https:\/\/marktxxl.de\/markt\/wp-json\/wp\/v2\/types\/product"}],"replies":[{"embeddable":true,"href":"https:\/\/marktxxl.de\/markt\/wp-json\/wp\/v2\/comments?post=204556"}],"wp:featuredmedia":[{"embeddable":true,"href":"https:\/\/marktxxl.de\/markt\/wp-json\/wp\/v2\/media\/204557"}],"wp:attachment":[{"href":"https:\/\/marktxxl.de\/markt\/wp-json\/wp\/v2\/media?parent=204556"}],"wp:term":[{"taxonomy":"product_brand","embeddable":true,"href":"https:\/\/marktxxl.de\/markt\/wp-json\/wp\/v2\/product_brand?post=204556"},{"taxonomy":"product_cat","embeddable":true,"href":"https:\/\/marktxxl.de\/markt\/wp-json\/wp\/v2\/product_cat?post=204556"},{"taxonomy":"product_tag","embeddable":true,"href":"https:\/\/marktxxl.de\/markt\/wp-json\/wp\/v2\/product_tag?post=204556"}],"curies":[{"name":"wp","href":"https:\/\/api.w.org\/{rel}","templated":true}]}}