{"id":204549,"date":"2023-05-10T07:49:29","date_gmt":"2023-05-10T05:49:29","guid":{"rendered":"https:\/\/marktxxl.de\/markt\/produkt\/halo-mask-migraene-haube-headache-relief-cap-wiederverwendbare-migraene-muetze-migraene-kuehlmuetze-gegen-kopfschmerzen-und-migraene-kuehlmuetze-migraine-relief-c\/"},"modified":"2023-05-10T07:49:29","modified_gmt":"2023-05-10T05:49:29","slug":"halo-mask-migraene-haube-headache-relief-cap-wiederverwendbare-migraene-muetze-migraene-kuehlmuetze-gegen-kopfschmerzen-und-migraene-kuehlmuetze-migraine-relief-c","status":"publish","type":"product","link":"https:\/\/marktxxl.de\/markt\/produkt\/halo-mask-migraene-haube-headache-relief-cap-wiederverwendbare-migraene-muetze-migraene-kuehlmuetze-gegen-kopfschmerzen-und-migraene-kuehlmuetze-migraine-relief-c\/","title":{"rendered":"Halo Mask Migr\u00e4ne Haube \u2013 Headache Relief Cap &#8211; Wiederverwendbare Migr\u00e4ne M\u00fctze &amp; Migr\u00e4ne K\u00fchlm\u00fctze gegen Kopfschmerzen und Migr\u00e4ne \u2013 K\u00fchlm\u00fctze \u2013 Migraine Relief Cap"},"content":{"rendered":"<p>BERUHIGEN SIE IHRE AUGEN MIT DER KOPFSCHMERZ MASKE \u2013 Pflegen Sie mit unserer W\u00e4rme- und K\u00fchlhaube auch Augen, die trocken und m\u00fcde sind. Unsere aufheizbare W\u00e4rmebrille ist so konzipiert, dass sie feuchtigkeitsspendende W\u00e4rme abgibt und auf diese Weise Juckreiz und Schwellungen vermindert. Unsere warme Augenkompresse ist eine hervorragende Behandlung bei Gerstenk\u00f6rnern und hilft auch bei Lidrandentz\u00fcndung (Blepharitis). Bitte beachten Sie, dass die W\u00e4rmemaske VOLLST\u00c4NDIG mikrowellengeeignet ist.<br \/>\nMIGR\u00c4NE MASKE F\u00dcR ULTIMATIVES WOHLBEFINDEN \u2013 Unsere Augen-W\u00e4rme-Maske wird aus einem hochwertigen Pl\u00fcschstoff hergestellt, der sich weich und behaglich an Ihre Augenlider anschmiegt. Die Kopfweh Haube besteht aus hypoallergenem Material und ist frei von Duftstoffen, Latex und anderen sch\u00e4dlichen Substanzen.<br \/>\nPERFEKT SITZENDE KOPFSCHMERZEN M\u00dcTZE \u2013 Das Band dieser Headache Hat Maske l\u00e4sst sich f\u00fcr optimalen Komfort verstellen. Das dehnbare Band des Migraine Hat stellt sicher, dass Ihre Gerstenkornkompresse weder zu fest noch zu locker sitzt.<br \/>\nWASCHBARE UND WIEDERVERWENDBARE MIGRAINE HEADACHE RELIEF CAP \u2013 Ihre feuchtigkeitsspendende wiederverwendbare Migraine Cap wird mit einer H\u00fclle geliefert, die sie geruchsneutral und sauber h\u00e4lt. Ihr Migraine Relief Hat ist waschbar und daher unz\u00e4hlige Male wiederverwendbar.<br \/>\nK\u00dcHLHAUBE MIGR\u00c4NE, DER SIE VERTRAUEN K\u00d6NNEN \u2013 Unser mikrowellengeeigneter Migr\u00e4ne Hut wird mit einer Garantie von 1 Jahr geliefert. Wir bieten Ihnen au\u00dferdem eine 100 % Geld-zur\u00fcck-Garantie auf unsere Anti Migr\u00e4ne Maske, falls Sie nicht zufrieden sein sollten. Bitte wenden Sie sich bei jeglichen Fragen und Bedenken bez\u00fcglich der Anti Migr\u00e4ne M\u00fctze direkt an uns!<br \/>\n<div class=\"main-cross-sell\" data-asin=\"B09TQ6HQ89\">\n\n\t<div class=\"WooZone-cross-sell-loader\">\n\t\t<div>\n\t\t\t<div id=\"floatingBarsG\">\n\t\t\t\t<div class=\"blockG\" id=\"rotateG_01\"><\/div>\n\t\t\t\t<div class=\"blockG\" id=\"rotateG_02\"><\/div>\n\t\t\t\t<div class=\"blockG\" id=\"rotateG_03\"><\/div>\n\t\t\t\t<div class=\"blockG\" id=\"rotateG_04\"><\/div>\n\t\t\t\t<div class=\"blockG\" id=\"rotateG_05\"><\/div>\n\t\t\t\t<div class=\"blockG\" id=\"rotateG_06\"><\/div>\n\t\t\t\t<div class=\"blockG\" id=\"rotateG_07\"><\/div>\n\t\t\t\t<div class=\"blockG\" id=\"rotateG_08\"><\/div>\n\t\t\t<\/div>\n\t\t\t<div class=\"WooZone-cross-sell-loader-text\"><\/div>\n\t\t<\/div>\n\t<\/div>\n\n\t\t\n<\/div>\n<div style=\"clear:both;\"><\/div><\/p>\n","protected":false},"excerpt":{"rendered":"<p>BERUHIGEN SIE IHRE AUGEN MIT DER KOPFSCHMERZ MASKE \u2013 Pflegen Sie mit unserer W\u00e4rme- und K\u00fchlhaube auch Augen, die trocken und m\u00fcde sind. Unsere aufheizbare W\u00e4rmebrille ist so konzipiert, dass sie feuchtigkeitsspendende W\u00e4rme abgibt und auf diese Weise Juckreiz und Schwellungen vermindert. Unsere warme Augenkompresse ist eine hervorragende Behandlung bei Gerstenk\u00f6rnern und hilft auch bei Lidrandentz\u00fcndung (Blepharitis). Bitte beachten Sie, dass die W\u00e4rmemaske VOLLST\u00c4NDIG mikrowellengeeignet ist.<br \/>\nMIGR\u00c4NE MASKE F\u00dcR ULTIMATIVES WOHLBEFINDEN \u2013 Unsere Augen-W\u00e4rme-Maske wird aus einem hochwertigen Pl\u00fcschstoff hergestellt, der sich weich und behaglich an Ihre Augenlider anschmiegt. Die Kopfweh Haube besteht aus hypoallergenem Material und ist frei von Duftstoffen, Latex und anderen sch\u00e4dlichen Substanzen.<br \/>\nPERFEKT SITZENDE KOPFSCHMERZEN M\u00dcTZE \u2013 Das Band dieser Headache Hat Maske l\u00e4sst sich f\u00fcr optimalen Komfort verstellen. Das dehnbare Band des Migraine Hat stellt sicher, dass Ihre Gerstenkornkompresse weder zu fest noch zu locker sitzt.<\/p>\n","protected":false},"featured_media":204550,"comment_status":"open","ping_status":"closed","template":"","meta":[],"product_brand":[],"product_cat":[2858,7726],"product_tag":[],"class_list":{"0":"post-204549","1":"product","2":"type-product","3":"status-publish","4":"has-post-thumbnail","6":"product_cat-beauty","7":"product_cat-zubehoer-beauty","8":"pa_brand-hm-halo-mask","9":"pa_color-gray","10":"pa_height-0-9842519675-zoll","11":"pa_length-11-81102361-zoll","12":"pa_manufacturer-first-option-products","13":"pa_model-51764","14":"pa_size-one-size","15":"pa_width-7-87401574-zoll","17":"first","18":"instock","19":"sale","20":"shipping-taxable","21":"purchasable","22":"product-type-simple","23":"customify-col","24":"product-has-gallery"},"yoast_head":"<!-- This site is optimized with the Yoast SEO plugin v27.4 - https:\/\/yoast.com\/product\/yoast-seo-wordpress\/ -->\n<title>Halo Mask Migr\u00e4ne Haube \u2013 Headache Relief Cap - Wiederverwendbare Migr\u00e4ne M\u00fctze &amp; Migr\u00e4ne K\u00fchlm\u00fctze gegen Kopfschmerzen und Migr\u00e4ne \u2013 K\u00fchlm\u00fctze \u2013 Migraine Relief Cap - Markt-XXL<\/title>\n<meta name=\"description\" content=\"Markt-XXL Halo Mask Migr\u00e4ne Haube \u2013 Headache Relief Cap - Wiederverwendbare Migr\u00e4ne M\u00fctze &amp; Migr\u00e4ne K\u00fchlm\u00fctze gegen Kopfschmerzen und Migr\u00e4ne \u2013 K\u00fchlm\u00fctze \u2013 Migraine Relief Cap\" \/>\n<meta name=\"robots\" content=\"index, follow, max-snippet:-1, max-image-preview:large, max-video-preview:-1\" \/>\n<link rel=\"canonical\" href=\"https:\/\/marktxxl.de\/markt\/produkt\/halo-mask-migraene-haube-headache-relief-cap-wiederverwendbare-migraene-muetze-migraene-kuehlmuetze-gegen-kopfschmerzen-und-migraene-kuehlmuetze-migraine-relief-c\/\" \/>\n<meta property=\"og:locale\" content=\"de_DE\" \/>\n<meta property=\"og:type\" content=\"article\" \/>\n<meta property=\"og:title\" content=\"Halo Mask Migr\u00e4ne Haube \u2013 Headache Relief Cap - Wiederverwendbare Migr\u00e4ne M\u00fctze &amp; Migr\u00e4ne K\u00fchlm\u00fctze gegen Kopfschmerzen und Migr\u00e4ne \u2013 K\u00fchlm\u00fctze \u2013 Migraine Relief Cap - Markt-XXL\" \/>\n<meta property=\"og:description\" content=\"Markt-XXL Halo Mask Migr\u00e4ne Haube \u2013 Headache Relief Cap - Wiederverwendbare Migr\u00e4ne M\u00fctze &amp; Migr\u00e4ne K\u00fchlm\u00fctze gegen Kopfschmerzen und Migr\u00e4ne \u2013 K\u00fchlm\u00fctze \u2013 Migraine Relief Cap\" \/>\n<meta property=\"og:url\" content=\"https:\/\/marktxxl.de\/markt\/produkt\/halo-mask-migraene-haube-headache-relief-cap-wiederverwendbare-migraene-muetze-migraene-kuehlmuetze-gegen-kopfschmerzen-und-migraene-kuehlmuetze-migraine-relief-c\/\" \/>\n<meta property=\"og:site_name\" content=\"Markt-XXL\" \/>\n<meta name=\"twitter:card\" content=\"summary_large_image\" \/>\n<meta name=\"twitter:label1\" content=\"Gesch\u00e4tzte Lesezeit\" \/>\n\t<meta name=\"twitter:data1\" content=\"1\u00a0Minute\" \/>\n<script type=\"application\/ld+json\" class=\"yoast-schema-graph\">{\"@context\":\"https:\\\/\\\/schema.org\",\"@graph\":[{\"@type\":\"WebPage\",\"@id\":\"https:\\\/\\\/marktxxl.de\\\/markt\\\/produkt\\\/halo-mask-migraene-haube-headache-relief-cap-wiederverwendbare-migraene-muetze-migraene-kuehlmuetze-gegen-kopfschmerzen-und-migraene-kuehlmuetze-migraine-relief-c\\\/\",\"url\":\"https:\\\/\\\/marktxxl.de\\\/markt\\\/produkt\\\/halo-mask-migraene-haube-headache-relief-cap-wiederverwendbare-migraene-muetze-migraene-kuehlmuetze-gegen-kopfschmerzen-und-migraene-kuehlmuetze-migraine-relief-c\\\/\",\"name\":\"Halo Mask Migr\u00e4ne Haube \u2013 Headache Relief Cap - Wiederverwendbare Migr\u00e4ne M\u00fctze &amp; Migr\u00e4ne K\u00fchlm\u00fctze gegen Kopfschmerzen und Migr\u00e4ne \u2013 K\u00fchlm\u00fctze \u2013 Migraine Relief Cap - Markt-XXL\",\"isPartOf\":{\"@id\":\"https:\\\/\\\/marktxxl.de\\\/markt\\\/#website\"},\"primaryImageOfPage\":{\"@id\":\"https:\\\/\\\/marktxxl.de\\\/markt\\\/produkt\\\/halo-mask-migraene-haube-headache-relief-cap-wiederverwendbare-migraene-muetze-migraene-kuehlmuetze-gegen-kopfschmerzen-und-migraene-kuehlmuetze-migraine-relief-c\\\/#primaryimage\"},\"image\":{\"@id\":\"https:\\\/\\\/marktxxl.de\\\/markt\\\/produkt\\\/halo-mask-migraene-haube-headache-relief-cap-wiederverwendbare-migraene-muetze-migraene-kuehlmuetze-gegen-kopfschmerzen-und-migraene-kuehlmuetze-migraine-relief-c\\\/#primaryimage\"},\"thumbnailUrl\":\"https:\\\/\\\/m.media-amazon.com\\\/images\\\/I\\\/41Km8Hv99ML._SL500_.jpg\",\"datePublished\":\"2023-05-10T05:49:29+00:00\",\"description\":\"Markt-XXL Halo Mask Migr\u00e4ne Haube \u2013 Headache Relief Cap - Wiederverwendbare Migr\u00e4ne M\u00fctze &amp; Migr\u00e4ne K\u00fchlm\u00fctze gegen Kopfschmerzen und Migr\u00e4ne \u2013 K\u00fchlm\u00fctze \u2013 Migraine Relief Cap\",\"breadcrumb\":{\"@id\":\"https:\\\/\\\/marktxxl.de\\\/markt\\\/produkt\\\/halo-mask-migraene-haube-headache-relief-cap-wiederverwendbare-migraene-muetze-migraene-kuehlmuetze-gegen-kopfschmerzen-und-migraene-kuehlmuetze-migraine-relief-c\\\/#breadcrumb\"},\"inLanguage\":\"de\",\"potentialAction\":[{\"@type\":\"ReadAction\",\"target\":[\"https:\\\/\\\/marktxxl.de\\\/markt\\\/produkt\\\/halo-mask-migraene-haube-headache-relief-cap-wiederverwendbare-migraene-muetze-migraene-kuehlmuetze-gegen-kopfschmerzen-und-migraene-kuehlmuetze-migraine-relief-c\\\/\"]}]},{\"@type\":\"ImageObject\",\"inLanguage\":\"de\",\"@id\":\"https:\\\/\\\/marktxxl.de\\\/markt\\\/produkt\\\/halo-mask-migraene-haube-headache-relief-cap-wiederverwendbare-migraene-muetze-migraene-kuehlmuetze-gegen-kopfschmerzen-und-migraene-kuehlmuetze-migraine-relief-c\\\/#primaryimage\",\"url\":\"https:\\\/\\\/m.media-amazon.com\\\/images\\\/I\\\/41Km8Hv99ML._SL500_.jpg\",\"contentUrl\":\"https:\\\/\\\/m.media-amazon.com\\\/images\\\/I\\\/41Km8Hv99ML._SL500_.jpg\",\"width\":455,\"height\":500},{\"@type\":\"BreadcrumbList\",\"@id\":\"https:\\\/\\\/marktxxl.de\\\/markt\\\/produkt\\\/halo-mask-migraene-haube-headache-relief-cap-wiederverwendbare-migraene-muetze-migraene-kuehlmuetze-gegen-kopfschmerzen-und-migraene-kuehlmuetze-migraine-relief-c\\\/#breadcrumb\",\"itemListElement\":[{\"@type\":\"ListItem\",\"position\":1,\"name\":\"Startseite\",\"item\":\"https:\\\/\\\/marktxxl.de\\\/markt\\\/\"},{\"@type\":\"ListItem\",\"position\":2,\"name\":\"Markt\",\"item\":\"https:\\\/\\\/marktxxl.de\\\/markt\\\/\"},{\"@type\":\"ListItem\",\"position\":3,\"name\":\"Halo Mask Migr\u00e4ne Haube \u2013 Headache Relief Cap &#8211; Wiederverwendbare Migr\u00e4ne M\u00fctze &amp; Migr\u00e4ne K\u00fchlm\u00fctze gegen Kopfschmerzen und Migr\u00e4ne \u2013 K\u00fchlm\u00fctze \u2013 Migraine Relief Cap\"}]},{\"@type\":\"WebSite\",\"@id\":\"https:\\\/\\\/marktxxl.de\\\/markt\\\/#website\",\"url\":\"https:\\\/\\\/marktxxl.de\\\/markt\\\/\",\"name\":\"Markt-XXL\",\"description\":\"Ihr Markt Online\",\"publisher\":{\"@id\":\"https:\\\/\\\/marktxxl.de\\\/markt\\\/#organization\"},\"potentialAction\":[{\"@type\":\"SearchAction\",\"target\":{\"@type\":\"EntryPoint\",\"urlTemplate\":\"https:\\\/\\\/marktxxl.de\\\/markt\\\/?s={search_term_string}\"},\"query-input\":{\"@type\":\"PropertyValueSpecification\",\"valueRequired\":true,\"valueName\":\"search_term_string\"}}],\"inLanguage\":\"de\"},{\"@type\":\"Organization\",\"@id\":\"https:\\\/\\\/marktxxl.de\\\/markt\\\/#organization\",\"name\":\"Markt-XXL\",\"url\":\"https:\\\/\\\/marktxxl.de\\\/markt\\\/\",\"logo\":{\"@type\":\"ImageObject\",\"inLanguage\":\"de\",\"@id\":\"https:\\\/\\\/marktxxl.de\\\/markt\\\/#\\\/schema\\\/logo\\\/image\\\/\",\"url\":\"https:\\\/\\\/marktxxl.de\\\/markt\\\/wp-content\\\/uploads\\\/sites\\\/3\\\/2020\\\/12\\\/logo.png\",\"contentUrl\":\"https:\\\/\\\/marktxxl.de\\\/markt\\\/wp-content\\\/uploads\\\/sites\\\/3\\\/2020\\\/12\\\/logo.png\",\"width\":200,\"height\":70,\"caption\":\"Markt-XXL\"},\"image\":{\"@id\":\"https:\\\/\\\/marktxxl.de\\\/markt\\\/#\\\/schema\\\/logo\\\/image\\\/\"}}]}<\/script>\n<!-- \/ Yoast SEO plugin. -->","yoast_head_json":{"title":"Halo Mask Migr\u00e4ne Haube \u2013 Headache Relief Cap - Wiederverwendbare Migr\u00e4ne M\u00fctze &amp; Migr\u00e4ne K\u00fchlm\u00fctze gegen Kopfschmerzen und Migr\u00e4ne \u2013 K\u00fchlm\u00fctze \u2013 Migraine Relief Cap - Markt-XXL","description":"Markt-XXL Halo Mask Migr\u00e4ne Haube \u2013 Headache Relief Cap - Wiederverwendbare Migr\u00e4ne M\u00fctze &amp; Migr\u00e4ne K\u00fchlm\u00fctze gegen Kopfschmerzen und Migr\u00e4ne \u2013 K\u00fchlm\u00fctze \u2013 Migraine Relief Cap","robots":{"index":"index","follow":"follow","max-snippet":"max-snippet:-1","max-image-preview":"max-image-preview:large","max-video-preview":"max-video-preview:-1"},"canonical":"https:\/\/marktxxl.de\/markt\/produkt\/halo-mask-migraene-haube-headache-relief-cap-wiederverwendbare-migraene-muetze-migraene-kuehlmuetze-gegen-kopfschmerzen-und-migraene-kuehlmuetze-migraine-relief-c\/","og_locale":"de_DE","og_type":"article","og_title":"Halo Mask Migr\u00e4ne Haube \u2013 Headache Relief Cap - Wiederverwendbare Migr\u00e4ne M\u00fctze &amp; Migr\u00e4ne K\u00fchlm\u00fctze gegen Kopfschmerzen und Migr\u00e4ne \u2013 K\u00fchlm\u00fctze \u2013 Migraine Relief Cap - Markt-XXL","og_description":"Markt-XXL Halo Mask Migr\u00e4ne Haube \u2013 Headache Relief Cap - Wiederverwendbare Migr\u00e4ne M\u00fctze &amp; Migr\u00e4ne K\u00fchlm\u00fctze gegen Kopfschmerzen und Migr\u00e4ne \u2013 K\u00fchlm\u00fctze \u2013 Migraine Relief Cap","og_url":"https:\/\/marktxxl.de\/markt\/produkt\/halo-mask-migraene-haube-headache-relief-cap-wiederverwendbare-migraene-muetze-migraene-kuehlmuetze-gegen-kopfschmerzen-und-migraene-kuehlmuetze-migraine-relief-c\/","og_site_name":"Markt-XXL","twitter_card":"summary_large_image","twitter_misc":{"Gesch\u00e4tzte Lesezeit":"1\u00a0Minute"},"schema":{"@context":"https:\/\/schema.org","@graph":[{"@type":"WebPage","@id":"https:\/\/marktxxl.de\/markt\/produkt\/halo-mask-migraene-haube-headache-relief-cap-wiederverwendbare-migraene-muetze-migraene-kuehlmuetze-gegen-kopfschmerzen-und-migraene-kuehlmuetze-migraine-relief-c\/","url":"https:\/\/marktxxl.de\/markt\/produkt\/halo-mask-migraene-haube-headache-relief-cap-wiederverwendbare-migraene-muetze-migraene-kuehlmuetze-gegen-kopfschmerzen-und-migraene-kuehlmuetze-migraine-relief-c\/","name":"Halo Mask Migr\u00e4ne Haube \u2013 Headache Relief Cap - Wiederverwendbare Migr\u00e4ne M\u00fctze &amp; Migr\u00e4ne K\u00fchlm\u00fctze gegen Kopfschmerzen und Migr\u00e4ne \u2013 K\u00fchlm\u00fctze \u2013 Migraine Relief Cap - Markt-XXL","isPartOf":{"@id":"https:\/\/marktxxl.de\/markt\/#website"},"primaryImageOfPage":{"@id":"https:\/\/marktxxl.de\/markt\/produkt\/halo-mask-migraene-haube-headache-relief-cap-wiederverwendbare-migraene-muetze-migraene-kuehlmuetze-gegen-kopfschmerzen-und-migraene-kuehlmuetze-migraine-relief-c\/#primaryimage"},"image":{"@id":"https:\/\/marktxxl.de\/markt\/produkt\/halo-mask-migraene-haube-headache-relief-cap-wiederverwendbare-migraene-muetze-migraene-kuehlmuetze-gegen-kopfschmerzen-und-migraene-kuehlmuetze-migraine-relief-c\/#primaryimage"},"thumbnailUrl":"https:\/\/m.media-amazon.com\/images\/I\/41Km8Hv99ML._SL500_.jpg","datePublished":"2023-05-10T05:49:29+00:00","description":"Markt-XXL Halo Mask Migr\u00e4ne Haube \u2013 Headache Relief Cap - Wiederverwendbare Migr\u00e4ne M\u00fctze &amp; Migr\u00e4ne K\u00fchlm\u00fctze gegen Kopfschmerzen und Migr\u00e4ne \u2013 K\u00fchlm\u00fctze \u2013 Migraine Relief Cap","breadcrumb":{"@id":"https:\/\/marktxxl.de\/markt\/produkt\/halo-mask-migraene-haube-headache-relief-cap-wiederverwendbare-migraene-muetze-migraene-kuehlmuetze-gegen-kopfschmerzen-und-migraene-kuehlmuetze-migraine-relief-c\/#breadcrumb"},"inLanguage":"de","potentialAction":[{"@type":"ReadAction","target":["https:\/\/marktxxl.de\/markt\/produkt\/halo-mask-migraene-haube-headache-relief-cap-wiederverwendbare-migraene-muetze-migraene-kuehlmuetze-gegen-kopfschmerzen-und-migraene-kuehlmuetze-migraine-relief-c\/"]}]},{"@type":"ImageObject","inLanguage":"de","@id":"https:\/\/marktxxl.de\/markt\/produkt\/halo-mask-migraene-haube-headache-relief-cap-wiederverwendbare-migraene-muetze-migraene-kuehlmuetze-gegen-kopfschmerzen-und-migraene-kuehlmuetze-migraine-relief-c\/#primaryimage","url":"https:\/\/m.media-amazon.com\/images\/I\/41Km8Hv99ML._SL500_.jpg","contentUrl":"https:\/\/m.media-amazon.com\/images\/I\/41Km8Hv99ML._SL500_.jpg","width":455,"height":500},{"@type":"BreadcrumbList","@id":"https:\/\/marktxxl.de\/markt\/produkt\/halo-mask-migraene-haube-headache-relief-cap-wiederverwendbare-migraene-muetze-migraene-kuehlmuetze-gegen-kopfschmerzen-und-migraene-kuehlmuetze-migraine-relief-c\/#breadcrumb","itemListElement":[{"@type":"ListItem","position":1,"name":"Startseite","item":"https:\/\/marktxxl.de\/markt\/"},{"@type":"ListItem","position":2,"name":"Markt","item":"https:\/\/marktxxl.de\/markt\/"},{"@type":"ListItem","position":3,"name":"Halo Mask Migr\u00e4ne Haube \u2013 Headache Relief Cap &#8211; Wiederverwendbare Migr\u00e4ne M\u00fctze &amp; Migr\u00e4ne K\u00fchlm\u00fctze gegen Kopfschmerzen und Migr\u00e4ne \u2013 K\u00fchlm\u00fctze \u2013 Migraine Relief Cap"}]},{"@type":"WebSite","@id":"https:\/\/marktxxl.de\/markt\/#website","url":"https:\/\/marktxxl.de\/markt\/","name":"Markt-XXL","description":"Ihr Markt Online","publisher":{"@id":"https:\/\/marktxxl.de\/markt\/#organization"},"potentialAction":[{"@type":"SearchAction","target":{"@type":"EntryPoint","urlTemplate":"https:\/\/marktxxl.de\/markt\/?s={search_term_string}"},"query-input":{"@type":"PropertyValueSpecification","valueRequired":true,"valueName":"search_term_string"}}],"inLanguage":"de"},{"@type":"Organization","@id":"https:\/\/marktxxl.de\/markt\/#organization","name":"Markt-XXL","url":"https:\/\/marktxxl.de\/markt\/","logo":{"@type":"ImageObject","inLanguage":"de","@id":"https:\/\/marktxxl.de\/markt\/#\/schema\/logo\/image\/","url":"https:\/\/marktxxl.de\/markt\/wp-content\/uploads\/sites\/3\/2020\/12\/logo.png","contentUrl":"https:\/\/marktxxl.de\/markt\/wp-content\/uploads\/sites\/3\/2020\/12\/logo.png","width":200,"height":70,"caption":"Markt-XXL"},"image":{"@id":"https:\/\/marktxxl.de\/markt\/#\/schema\/logo\/image\/"}}]}},"_links":{"self":[{"href":"https:\/\/marktxxl.de\/markt\/wp-json\/wp\/v2\/product\/204549","targetHints":{"allow":["GET"]}}],"collection":[{"href":"https:\/\/marktxxl.de\/markt\/wp-json\/wp\/v2\/product"}],"about":[{"href":"https:\/\/marktxxl.de\/markt\/wp-json\/wp\/v2\/types\/product"}],"replies":[{"embeddable":true,"href":"https:\/\/marktxxl.de\/markt\/wp-json\/wp\/v2\/comments?post=204549"}],"wp:featuredmedia":[{"embeddable":true,"href":"https:\/\/marktxxl.de\/markt\/wp-json\/wp\/v2\/media\/204550"}],"wp:attachment":[{"href":"https:\/\/marktxxl.de\/markt\/wp-json\/wp\/v2\/media?parent=204549"}],"wp:term":[{"taxonomy":"product_brand","embeddable":true,"href":"https:\/\/marktxxl.de\/markt\/wp-json\/wp\/v2\/product_brand?post=204549"},{"taxonomy":"product_cat","embeddable":true,"href":"https:\/\/marktxxl.de\/markt\/wp-json\/wp\/v2\/product_cat?post=204549"},{"taxonomy":"product_tag","embeddable":true,"href":"https:\/\/marktxxl.de\/markt\/wp-json\/wp\/v2\/product_tag?post=204549"}],"curies":[{"name":"wp","href":"https:\/\/api.w.org\/{rel}","templated":true}]}}