{"id":204465,"date":"2023-05-10T07:17:24","date_gmt":"2023-05-10T05:17:24","guid":{"rendered":"https:\/\/marktxxl.de\/markt\/produkt\/betzold-laminier-folien-a4-100-stueck-laminier-taschen-folier-folien\/"},"modified":"2023-05-10T07:17:24","modified_gmt":"2023-05-10T05:17:24","slug":"betzold-laminier-folien-a4-100-stueck-laminier-taschen-folier-folien","status":"publish","type":"product","link":"https:\/\/marktxxl.de\/markt\/produkt\/betzold-laminier-folien-a4-100-stueck-laminier-taschen-folier-folien\/","title":{"rendered":"Betzold &#8211; Laminier-Folien A4 100 St\u00fcck &#8211; Laminier-Taschen Folier-Folien"},"content":{"rendered":"<p>HOCHWERTIGE LAMINIERFOLIEN: Der Satz enth\u00e4lt 100 Folien welche rei\u00df- und wasserfest sind. Damit gen\u00fcgen die Folierfolien h\u00f6chsten Anspr\u00fcchen und d\u00fcrfen in keinem Lehrerzimmer fehlen.<br \/>\nDIN A4 LAMINIER-FOLIEN: Die Laminiertaschen sind in der Gr\u00f6\u00dfe A4. Die Laminierfolien werden in einer stabilen Box geliefert und aufbewahrt. Damit sind die Folien stets aufger\u00e4umt und warten nur auf ihren Einsatz.<br \/>\nANITSTATISCHE FOLIEN: Durch die antistatischen Laminiertaschen, ist das positionieren der Bl\u00e4tter ganz einfach. Das Papier gleitet in die Folie ohne zu kleben.<br \/>\nGL\u00c4NZENDE UND\/ODER MATTE SEITE: Die gl\u00e4nzenden Oberfl\u00e4chen k\u00f6nnen ganz einfach mit einem Folienstiften beschreiben werden. Die matten Oberfl\u00e4chen sind mit einem Bleistift beschreibbar und k\u00f6nnen radiert werden. Einfach zwischen den Laminierfolien mit matter, gl\u00e4nzender oder 2 in 1 Oberfl\u00e4che w\u00e4hlen.<br \/>\nSCH\u00dcTZ DEN INHALT: Die Folien sch\u00fctzen die Dokumente sicher vor Feuchtigkeit.<br \/>\n<div class=\"main-cross-sell\" data-asin=\"B01N78FJ24\">\n\n\t<div class=\"WooZone-cross-sell-loader\">\n\t\t<div>\n\t\t\t<div id=\"floatingBarsG\">\n\t\t\t\t<div class=\"blockG\" id=\"rotateG_01\"><\/div>\n\t\t\t\t<div class=\"blockG\" id=\"rotateG_02\"><\/div>\n\t\t\t\t<div class=\"blockG\" id=\"rotateG_03\"><\/div>\n\t\t\t\t<div class=\"blockG\" id=\"rotateG_04\"><\/div>\n\t\t\t\t<div class=\"blockG\" id=\"rotateG_05\"><\/div>\n\t\t\t\t<div class=\"blockG\" id=\"rotateG_06\"><\/div>\n\t\t\t\t<div class=\"blockG\" id=\"rotateG_07\"><\/div>\n\t\t\t\t<div class=\"blockG\" id=\"rotateG_08\"><\/div>\n\t\t\t<\/div>\n\t\t\t<div class=\"WooZone-cross-sell-loader-text\"><\/div>\n\t\t<\/div>\n\t<\/div>\n\n\t\t\n<\/div>\n<div style=\"clear:both;\"><\/div><\/p>\n","protected":false},"excerpt":{"rendered":"<p>HOCHWERTIGE LAMINIERFOLIEN: Der Satz enth\u00e4lt 100 Folien welche rei\u00df- und wasserfest sind. Damit gen\u00fcgen die Folierfolien h\u00f6chsten Anspr\u00fcchen und d\u00fcrfen in keinem Lehrerzimmer fehlen.<br \/>\nDIN A4 LAMINIER-FOLIEN: Die Laminiertaschen sind in der Gr\u00f6\u00dfe A4. Die Laminierfolien werden in einer stabilen Box geliefert und aufbewahrt. Damit sind die Folien stets aufger\u00e4umt und warten nur auf ihren Einsatz.<br \/>\nANITSTATISCHE FOLIEN: Durch die antistatischen Laminiertaschen, ist das positionieren der Bl\u00e4tter ganz einfach. Das Papier gleitet in die Folie ohne zu kleben.<\/p>\n","protected":false},"featured_media":204466,"comment_status":"open","ping_status":"closed","template":"","meta":[],"product_brand":[],"product_cat":[504,8208],"product_tag":[],"class_list":{"0":"post-204465","1":"product","2":"type-product","3":"status-publish","4":"has-post-thumbnail","6":"product_cat-buerobedarf-schreibwaren","7":"product_cat-bueroelektronik","8":"pa_binding-buerobedarf-schreibwaren","9":"pa_brand-betzold","10":"pa_color-matt","11":"pa_height-11-9291338461-zoll","12":"pa_length-3-93700787-zoll","13":"pa_manufacturer-betzold","14":"pa_model-51746","15":"pa_size-150-mic","16":"pa_warranty-12919","17":"pa_width-8-5433070779-zoll","19":"first","20":"instock","21":"shipping-taxable","22":"purchasable","23":"product-type-simple","24":"customify-col","25":"product-has-gallery"},"yoast_head":"<!-- This site is optimized with the Yoast SEO plugin v27.4 - https:\/\/yoast.com\/product\/yoast-seo-wordpress\/ -->\n<title>Betzold - Laminier-Folien A4 100 St\u00fcck - Laminier-Taschen Folier-Folien - Markt-XXL<\/title>\n<meta name=\"description\" content=\"Markt-XXL Betzold - Laminier-Folien A4 100 St\u00fcck - Laminier-Taschen Folier-Folien\" \/>\n<meta name=\"robots\" content=\"index, follow, max-snippet:-1, max-image-preview:large, max-video-preview:-1\" \/>\n<link rel=\"canonical\" href=\"https:\/\/marktxxl.de\/markt\/produkt\/betzold-laminier-folien-a4-100-stueck-laminier-taschen-folier-folien\/\" \/>\n<meta property=\"og:locale\" content=\"de_DE\" \/>\n<meta property=\"og:type\" content=\"article\" \/>\n<meta property=\"og:title\" content=\"Betzold - Laminier-Folien A4 100 St\u00fcck - Laminier-Taschen Folier-Folien - Markt-XXL\" \/>\n<meta property=\"og:description\" content=\"Markt-XXL Betzold - Laminier-Folien A4 100 St\u00fcck - Laminier-Taschen Folier-Folien\" \/>\n<meta property=\"og:url\" content=\"https:\/\/marktxxl.de\/markt\/produkt\/betzold-laminier-folien-a4-100-stueck-laminier-taschen-folier-folien\/\" \/>\n<meta property=\"og:site_name\" content=\"Markt-XXL\" \/>\n<meta name=\"twitter:card\" content=\"summary_large_image\" \/>\n<meta name=\"twitter:label1\" content=\"Gesch\u00e4tzte Lesezeit\" \/>\n\t<meta name=\"twitter:data1\" content=\"1\u00a0Minute\" \/>\n<script type=\"application\/ld+json\" class=\"yoast-schema-graph\">{\"@context\":\"https:\\\/\\\/schema.org\",\"@graph\":[{\"@type\":\"WebPage\",\"@id\":\"https:\\\/\\\/marktxxl.de\\\/markt\\\/produkt\\\/betzold-laminier-folien-a4-100-stueck-laminier-taschen-folier-folien\\\/\",\"url\":\"https:\\\/\\\/marktxxl.de\\\/markt\\\/produkt\\\/betzold-laminier-folien-a4-100-stueck-laminier-taschen-folier-folien\\\/\",\"name\":\"Betzold - Laminier-Folien A4 100 St\u00fcck - Laminier-Taschen Folier-Folien - Markt-XXL\",\"isPartOf\":{\"@id\":\"https:\\\/\\\/marktxxl.de\\\/markt\\\/#website\"},\"primaryImageOfPage\":{\"@id\":\"https:\\\/\\\/marktxxl.de\\\/markt\\\/produkt\\\/betzold-laminier-folien-a4-100-stueck-laminier-taschen-folier-folien\\\/#primaryimage\"},\"image\":{\"@id\":\"https:\\\/\\\/marktxxl.de\\\/markt\\\/produkt\\\/betzold-laminier-folien-a4-100-stueck-laminier-taschen-folier-folien\\\/#primaryimage\"},\"thumbnailUrl\":\"https:\\\/\\\/m.media-amazon.com\\\/images\\\/I\\\/41oI29X4n5L._SL500_.jpg\",\"datePublished\":\"2023-05-10T05:17:24+00:00\",\"description\":\"Markt-XXL Betzold - Laminier-Folien A4 100 St\u00fcck - Laminier-Taschen Folier-Folien\",\"breadcrumb\":{\"@id\":\"https:\\\/\\\/marktxxl.de\\\/markt\\\/produkt\\\/betzold-laminier-folien-a4-100-stueck-laminier-taschen-folier-folien\\\/#breadcrumb\"},\"inLanguage\":\"de\",\"potentialAction\":[{\"@type\":\"ReadAction\",\"target\":[\"https:\\\/\\\/marktxxl.de\\\/markt\\\/produkt\\\/betzold-laminier-folien-a4-100-stueck-laminier-taschen-folier-folien\\\/\"]}]},{\"@type\":\"ImageObject\",\"inLanguage\":\"de\",\"@id\":\"https:\\\/\\\/marktxxl.de\\\/markt\\\/produkt\\\/betzold-laminier-folien-a4-100-stueck-laminier-taschen-folier-folien\\\/#primaryimage\",\"url\":\"https:\\\/\\\/m.media-amazon.com\\\/images\\\/I\\\/41oI29X4n5L._SL500_.jpg\",\"contentUrl\":\"https:\\\/\\\/m.media-amazon.com\\\/images\\\/I\\\/41oI29X4n5L._SL500_.jpg\",\"width\":359,\"height\":500},{\"@type\":\"BreadcrumbList\",\"@id\":\"https:\\\/\\\/marktxxl.de\\\/markt\\\/produkt\\\/betzold-laminier-folien-a4-100-stueck-laminier-taschen-folier-folien\\\/#breadcrumb\",\"itemListElement\":[{\"@type\":\"ListItem\",\"position\":1,\"name\":\"Startseite\",\"item\":\"https:\\\/\\\/marktxxl.de\\\/markt\\\/\"},{\"@type\":\"ListItem\",\"position\":2,\"name\":\"Markt\",\"item\":\"https:\\\/\\\/marktxxl.de\\\/markt\\\/\"},{\"@type\":\"ListItem\",\"position\":3,\"name\":\"Betzold &#8211; Laminier-Folien A4 100 St\u00fcck &#8211; Laminier-Taschen Folier-Folien\"}]},{\"@type\":\"WebSite\",\"@id\":\"https:\\\/\\\/marktxxl.de\\\/markt\\\/#website\",\"url\":\"https:\\\/\\\/marktxxl.de\\\/markt\\\/\",\"name\":\"Markt-XXL\",\"description\":\"Ihr Markt Online\",\"publisher\":{\"@id\":\"https:\\\/\\\/marktxxl.de\\\/markt\\\/#organization\"},\"potentialAction\":[{\"@type\":\"SearchAction\",\"target\":{\"@type\":\"EntryPoint\",\"urlTemplate\":\"https:\\\/\\\/marktxxl.de\\\/markt\\\/?s={search_term_string}\"},\"query-input\":{\"@type\":\"PropertyValueSpecification\",\"valueRequired\":true,\"valueName\":\"search_term_string\"}}],\"inLanguage\":\"de\"},{\"@type\":\"Organization\",\"@id\":\"https:\\\/\\\/marktxxl.de\\\/markt\\\/#organization\",\"name\":\"Markt-XXL\",\"url\":\"https:\\\/\\\/marktxxl.de\\\/markt\\\/\",\"logo\":{\"@type\":\"ImageObject\",\"inLanguage\":\"de\",\"@id\":\"https:\\\/\\\/marktxxl.de\\\/markt\\\/#\\\/schema\\\/logo\\\/image\\\/\",\"url\":\"https:\\\/\\\/marktxxl.de\\\/markt\\\/wp-content\\\/uploads\\\/sites\\\/3\\\/2020\\\/12\\\/logo.png\",\"contentUrl\":\"https:\\\/\\\/marktxxl.de\\\/markt\\\/wp-content\\\/uploads\\\/sites\\\/3\\\/2020\\\/12\\\/logo.png\",\"width\":200,\"height\":70,\"caption\":\"Markt-XXL\"},\"image\":{\"@id\":\"https:\\\/\\\/marktxxl.de\\\/markt\\\/#\\\/schema\\\/logo\\\/image\\\/\"}}]}<\/script>\n<!-- \/ Yoast SEO plugin. -->","yoast_head_json":{"title":"Betzold - Laminier-Folien A4 100 St\u00fcck - Laminier-Taschen Folier-Folien - Markt-XXL","description":"Markt-XXL Betzold - Laminier-Folien A4 100 St\u00fcck - Laminier-Taschen Folier-Folien","robots":{"index":"index","follow":"follow","max-snippet":"max-snippet:-1","max-image-preview":"max-image-preview:large","max-video-preview":"max-video-preview:-1"},"canonical":"https:\/\/marktxxl.de\/markt\/produkt\/betzold-laminier-folien-a4-100-stueck-laminier-taschen-folier-folien\/","og_locale":"de_DE","og_type":"article","og_title":"Betzold - Laminier-Folien A4 100 St\u00fcck - Laminier-Taschen Folier-Folien - Markt-XXL","og_description":"Markt-XXL Betzold - Laminier-Folien A4 100 St\u00fcck - Laminier-Taschen Folier-Folien","og_url":"https:\/\/marktxxl.de\/markt\/produkt\/betzold-laminier-folien-a4-100-stueck-laminier-taschen-folier-folien\/","og_site_name":"Markt-XXL","twitter_card":"summary_large_image","twitter_misc":{"Gesch\u00e4tzte Lesezeit":"1\u00a0Minute"},"schema":{"@context":"https:\/\/schema.org","@graph":[{"@type":"WebPage","@id":"https:\/\/marktxxl.de\/markt\/produkt\/betzold-laminier-folien-a4-100-stueck-laminier-taschen-folier-folien\/","url":"https:\/\/marktxxl.de\/markt\/produkt\/betzold-laminier-folien-a4-100-stueck-laminier-taschen-folier-folien\/","name":"Betzold - Laminier-Folien A4 100 St\u00fcck - Laminier-Taschen Folier-Folien - Markt-XXL","isPartOf":{"@id":"https:\/\/marktxxl.de\/markt\/#website"},"primaryImageOfPage":{"@id":"https:\/\/marktxxl.de\/markt\/produkt\/betzold-laminier-folien-a4-100-stueck-laminier-taschen-folier-folien\/#primaryimage"},"image":{"@id":"https:\/\/marktxxl.de\/markt\/produkt\/betzold-laminier-folien-a4-100-stueck-laminier-taschen-folier-folien\/#primaryimage"},"thumbnailUrl":"https:\/\/m.media-amazon.com\/images\/I\/41oI29X4n5L._SL500_.jpg","datePublished":"2023-05-10T05:17:24+00:00","description":"Markt-XXL Betzold - Laminier-Folien A4 100 St\u00fcck - Laminier-Taschen Folier-Folien","breadcrumb":{"@id":"https:\/\/marktxxl.de\/markt\/produkt\/betzold-laminier-folien-a4-100-stueck-laminier-taschen-folier-folien\/#breadcrumb"},"inLanguage":"de","potentialAction":[{"@type":"ReadAction","target":["https:\/\/marktxxl.de\/markt\/produkt\/betzold-laminier-folien-a4-100-stueck-laminier-taschen-folier-folien\/"]}]},{"@type":"ImageObject","inLanguage":"de","@id":"https:\/\/marktxxl.de\/markt\/produkt\/betzold-laminier-folien-a4-100-stueck-laminier-taschen-folier-folien\/#primaryimage","url":"https:\/\/m.media-amazon.com\/images\/I\/41oI29X4n5L._SL500_.jpg","contentUrl":"https:\/\/m.media-amazon.com\/images\/I\/41oI29X4n5L._SL500_.jpg","width":359,"height":500},{"@type":"BreadcrumbList","@id":"https:\/\/marktxxl.de\/markt\/produkt\/betzold-laminier-folien-a4-100-stueck-laminier-taschen-folier-folien\/#breadcrumb","itemListElement":[{"@type":"ListItem","position":1,"name":"Startseite","item":"https:\/\/marktxxl.de\/markt\/"},{"@type":"ListItem","position":2,"name":"Markt","item":"https:\/\/marktxxl.de\/markt\/"},{"@type":"ListItem","position":3,"name":"Betzold &#8211; Laminier-Folien A4 100 St\u00fcck &#8211; Laminier-Taschen Folier-Folien"}]},{"@type":"WebSite","@id":"https:\/\/marktxxl.de\/markt\/#website","url":"https:\/\/marktxxl.de\/markt\/","name":"Markt-XXL","description":"Ihr Markt Online","publisher":{"@id":"https:\/\/marktxxl.de\/markt\/#organization"},"potentialAction":[{"@type":"SearchAction","target":{"@type":"EntryPoint","urlTemplate":"https:\/\/marktxxl.de\/markt\/?s={search_term_string}"},"query-input":{"@type":"PropertyValueSpecification","valueRequired":true,"valueName":"search_term_string"}}],"inLanguage":"de"},{"@type":"Organization","@id":"https:\/\/marktxxl.de\/markt\/#organization","name":"Markt-XXL","url":"https:\/\/marktxxl.de\/markt\/","logo":{"@type":"ImageObject","inLanguage":"de","@id":"https:\/\/marktxxl.de\/markt\/#\/schema\/logo\/image\/","url":"https:\/\/marktxxl.de\/markt\/wp-content\/uploads\/sites\/3\/2020\/12\/logo.png","contentUrl":"https:\/\/marktxxl.de\/markt\/wp-content\/uploads\/sites\/3\/2020\/12\/logo.png","width":200,"height":70,"caption":"Markt-XXL"},"image":{"@id":"https:\/\/marktxxl.de\/markt\/#\/schema\/logo\/image\/"}}]}},"_links":{"self":[{"href":"https:\/\/marktxxl.de\/markt\/wp-json\/wp\/v2\/product\/204465","targetHints":{"allow":["GET"]}}],"collection":[{"href":"https:\/\/marktxxl.de\/markt\/wp-json\/wp\/v2\/product"}],"about":[{"href":"https:\/\/marktxxl.de\/markt\/wp-json\/wp\/v2\/types\/product"}],"replies":[{"embeddable":true,"href":"https:\/\/marktxxl.de\/markt\/wp-json\/wp\/v2\/comments?post=204465"}],"wp:featuredmedia":[{"embeddable":true,"href":"https:\/\/marktxxl.de\/markt\/wp-json\/wp\/v2\/media\/204466"}],"wp:attachment":[{"href":"https:\/\/marktxxl.de\/markt\/wp-json\/wp\/v2\/media?parent=204465"}],"wp:term":[{"taxonomy":"product_brand","embeddable":true,"href":"https:\/\/marktxxl.de\/markt\/wp-json\/wp\/v2\/product_brand?post=204465"},{"taxonomy":"product_cat","embeddable":true,"href":"https:\/\/marktxxl.de\/markt\/wp-json\/wp\/v2\/product_cat?post=204465"},{"taxonomy":"product_tag","embeddable":true,"href":"https:\/\/marktxxl.de\/markt\/wp-json\/wp\/v2\/product_tag?post=204465"}],"curies":[{"name":"wp","href":"https:\/\/api.w.org\/{rel}","templated":true}]}}