{"id":204339,"date":"2023-05-10T06:49:12","date_gmt":"2023-05-10T04:49:12","guid":{"rendered":"https:\/\/marktxxl.de\/markt\/produkt\/vislux-led-einbaustrahler-edelstahlgebuerstet-matt-chrom-58mm-70mm-i-badezimmer-geeignet-i-warmweiss-230v-cri-80-35w-400lm-3000k-i-led-spot-deckeneinbauleuchte-flach-4er-pack\/"},"modified":"2023-05-10T06:49:12","modified_gmt":"2023-05-10T04:49:12","slug":"vislux-led-einbaustrahler-edelstahlgebuerstet-matt-chrom-58mm-70mm-i-badezimmer-geeignet-i-warmweiss-230v-cri-80-35w-400lm-3000k-i-led-spot-deckeneinbauleuchte-flach-4er-pack","status":"publish","type":"product","link":"https:\/\/marktxxl.de\/markt\/produkt\/vislux-led-einbaustrahler-edelstahlgebuerstet-matt-chrom-58mm-70mm-i-badezimmer-geeignet-i-warmweiss-230v-cri-80-35w-400lm-3000k-i-led-spot-deckeneinbauleuchte-flach-4er-pack\/","title":{"rendered":"vislux LED Einbaustrahler Edelstahlgeb\u00fcrstet (Matt-Chrom) 58mm &#8211; 70mm I Badezimmer geeignet I warmwei\u00df 230V CRI 80 3,5W 400lm 3000K I LED Spot Deckeneinbauleuchte flach (4er Pack)"},"content":{"rendered":"<p>Sehr flache Design &#8211; Die LED Einbauspots zeichnen sich durch die kompakte Verarbeitung in sehr flache Bauweise (nur 26mm Einbautiefe) und erstklassiges Material aus Zink-Druckguss. Einsatzbereich sind Wohnzimmer, K\u00fcche, Schlafzimmer u.v.m.<br \/>\nBadezimmer auch geeignet &#8211; Unsere zertifizierten Einbauleuchten d\u00fcrfen in Badezimmern verwendet werden. Direkt \u00fcber Duschen empfehlen wir jedoch die Schutzklasse IP44, IP54 und u.a.<br \/>\nGeringe Stromverbrauch &#8211; je 3,5W pro Einbauleuchte mit einem Abstrahlwinkel von 100\u00b0 und mit je 400 Lumen entspricht ca. 40W Halogenleistung, erm\u00f6glicht Ihnen ein angenehmes Lichtgef\u00fchl. Sehr nat\u00fcrliche Farbwiedergabewert von CRI&gt;80 nach dem Einschalten.<br \/>\nPerfekt f\u00fcr Alternativ &#8211; Passend f\u00fcr Deckenausschnitt zwischen Lochkreis \u00d858 \u201370 mm kann dieser individuelle \u00fcberall eingesetzt werden, da Au\u00dfen \u00d8 75 mm betr\u00e4gt.<br \/>\nWir von Futura Trends GmbH unterst\u00fctzen unsere Kunden seit 2012. Ihre Meinung ist uns dabei besonders wichtig: Sollten Sie Fragen oder Anregungen zu unseren Produkten haben, freuen wir uns sehr auf Ihre Nachricht! Sie erhalten immer innerhalb von 12h die Antwort.<br \/>\n<div class=\"main-cross-sell\" data-asin=\"B07CHQTH58\">\n\n\t<div class=\"WooZone-cross-sell-loader\">\n\t\t<div>\n\t\t\t<div id=\"floatingBarsG\">\n\t\t\t\t<div class=\"blockG\" id=\"rotateG_01\"><\/div>\n\t\t\t\t<div class=\"blockG\" id=\"rotateG_02\"><\/div>\n\t\t\t\t<div class=\"blockG\" id=\"rotateG_03\"><\/div>\n\t\t\t\t<div class=\"blockG\" id=\"rotateG_04\"><\/div>\n\t\t\t\t<div class=\"blockG\" id=\"rotateG_05\"><\/div>\n\t\t\t\t<div class=\"blockG\" id=\"rotateG_06\"><\/div>\n\t\t\t\t<div class=\"blockG\" id=\"rotateG_07\"><\/div>\n\t\t\t\t<div class=\"blockG\" id=\"rotateG_08\"><\/div>\n\t\t\t<\/div>\n\t\t\t<div class=\"WooZone-cross-sell-loader-text\"><\/div>\n\t\t<\/div>\n\t<\/div>\n\n\t\t\n<\/div>\n<div style=\"clear:both;\"><\/div><\/p>\n","protected":false},"excerpt":{"rendered":"<p>Sehr flache Design &#8211; Die LED Einbauspots zeichnen sich durch die kompakte Verarbeitung in sehr flache Bauweise (nur 26mm Einbautiefe) und erstklassiges Material aus Zink-Druckguss. Einsatzbereich sind Wohnzimmer, K\u00fcche, Schlafzimmer u.v.m.<br \/>\nBadezimmer auch geeignet &#8211; Unsere zertifizierten Einbauleuchten d\u00fcrfen in Badezimmern verwendet werden. Direkt \u00fcber Duschen empfehlen wir jedoch die Schutzklasse IP44, IP54 und u.a.<br \/>\nGeringe Stromverbrauch &#8211; je 3,5W pro Einbauleuchte mit einem Abstrahlwinkel von 100\u00b0 und mit je 400 Lumen entspricht ca. 40W Halogenleistung, erm\u00f6glicht Ihnen ein angenehmes Lichtgef\u00fchl. Sehr nat\u00fcrliche Farbwiedergabewert von CRI&gt;80 nach dem Einschalten.<\/p>\n","protected":false},"featured_media":204340,"comment_status":"open","ping_status":"closed","template":"","meta":[],"product_brand":[],"product_cat":[2108,11521],"product_tag":[],"class_list":{"0":"post-204339","1":"product","2":"type-product","3":"status-publish","4":"has-post-thumbnail","6":"product_cat-beleuchtung","7":"product_cat-leuchtmittel","8":"pa_binding-ausruestung","9":"pa_brand-vislux","10":"pa_height-1-181102361-zoll","11":"pa_length-2-9527559025-zoll","12":"pa_manufacturer-futura-trends-gmbh","13":"pa_width-2-2834645646-zoll","15":"first","16":"instock","17":"shipping-taxable","18":"purchasable","19":"product-type-simple","20":"customify-col","21":"product-has-gallery"},"yoast_head":"<!-- This site is optimized with the Yoast SEO plugin v27.4 - https:\/\/yoast.com\/product\/yoast-seo-wordpress\/ -->\n<title>vislux LED Einbaustrahler Edelstahlgeb\u00fcrstet (Matt-Chrom) 58mm - 70mm I Badezimmer geeignet I warmwei\u00df 230V CRI 80 3,5W 400lm 3000K I LED Spot Deckeneinbauleuchte flach (4er Pack) - Markt-XXL<\/title>\n<meta name=\"description\" content=\"Markt-XXL vislux LED Einbaustrahler Edelstahlgeb\u00fcrstet (Matt-Chrom) 58mm - 70mm I Badezimmer geeignet I warmwei\u00df 230V CRI 80 3,5W 400lm 3000K I LED Spot Deckeneinbauleuchte flach (4er Pack)\" \/>\n<meta name=\"robots\" content=\"index, follow, max-snippet:-1, max-image-preview:large, max-video-preview:-1\" \/>\n<link rel=\"canonical\" href=\"https:\/\/marktxxl.de\/markt\/produkt\/vislux-led-einbaustrahler-edelstahlgebuerstet-matt-chrom-58mm-70mm-i-badezimmer-geeignet-i-warmweiss-230v-cri-80-35w-400lm-3000k-i-led-spot-deckeneinbauleuchte-flach-4er-pack\/\" \/>\n<meta property=\"og:locale\" content=\"de_DE\" \/>\n<meta property=\"og:type\" content=\"article\" \/>\n<meta property=\"og:title\" content=\"vislux LED Einbaustrahler Edelstahlgeb\u00fcrstet (Matt-Chrom) 58mm - 70mm I Badezimmer geeignet I warmwei\u00df 230V CRI 80 3,5W 400lm 3000K I LED Spot Deckeneinbauleuchte flach (4er Pack) - Markt-XXL\" \/>\n<meta property=\"og:description\" content=\"Markt-XXL vislux LED Einbaustrahler Edelstahlgeb\u00fcrstet (Matt-Chrom) 58mm - 70mm I Badezimmer geeignet I warmwei\u00df 230V CRI 80 3,5W 400lm 3000K I LED Spot Deckeneinbauleuchte flach (4er Pack)\" \/>\n<meta property=\"og:url\" content=\"https:\/\/marktxxl.de\/markt\/produkt\/vislux-led-einbaustrahler-edelstahlgebuerstet-matt-chrom-58mm-70mm-i-badezimmer-geeignet-i-warmweiss-230v-cri-80-35w-400lm-3000k-i-led-spot-deckeneinbauleuchte-flach-4er-pack\/\" \/>\n<meta property=\"og:site_name\" content=\"Markt-XXL\" \/>\n<meta name=\"twitter:card\" content=\"summary_large_image\" \/>\n<meta name=\"twitter:label1\" content=\"Gesch\u00e4tzte Lesezeit\" \/>\n\t<meta name=\"twitter:data1\" content=\"1\u00a0Minute\" \/>\n<script type=\"application\/ld+json\" class=\"yoast-schema-graph\">{\"@context\":\"https:\\\/\\\/schema.org\",\"@graph\":[{\"@type\":\"WebPage\",\"@id\":\"https:\\\/\\\/marktxxl.de\\\/markt\\\/produkt\\\/vislux-led-einbaustrahler-edelstahlgebuerstet-matt-chrom-58mm-70mm-i-badezimmer-geeignet-i-warmweiss-230v-cri-80-35w-400lm-3000k-i-led-spot-deckeneinbauleuchte-flach-4er-pack\\\/\",\"url\":\"https:\\\/\\\/marktxxl.de\\\/markt\\\/produkt\\\/vislux-led-einbaustrahler-edelstahlgebuerstet-matt-chrom-58mm-70mm-i-badezimmer-geeignet-i-warmweiss-230v-cri-80-35w-400lm-3000k-i-led-spot-deckeneinbauleuchte-flach-4er-pack\\\/\",\"name\":\"vislux LED Einbaustrahler Edelstahlgeb\u00fcrstet (Matt-Chrom) 58mm - 70mm I Badezimmer geeignet I warmwei\u00df 230V CRI 80 3,5W 400lm 3000K I LED Spot Deckeneinbauleuchte flach (4er Pack) - Markt-XXL\",\"isPartOf\":{\"@id\":\"https:\\\/\\\/marktxxl.de\\\/markt\\\/#website\"},\"primaryImageOfPage\":{\"@id\":\"https:\\\/\\\/marktxxl.de\\\/markt\\\/produkt\\\/vislux-led-einbaustrahler-edelstahlgebuerstet-matt-chrom-58mm-70mm-i-badezimmer-geeignet-i-warmweiss-230v-cri-80-35w-400lm-3000k-i-led-spot-deckeneinbauleuchte-flach-4er-pack\\\/#primaryimage\"},\"image\":{\"@id\":\"https:\\\/\\\/marktxxl.de\\\/markt\\\/produkt\\\/vislux-led-einbaustrahler-edelstahlgebuerstet-matt-chrom-58mm-70mm-i-badezimmer-geeignet-i-warmweiss-230v-cri-80-35w-400lm-3000k-i-led-spot-deckeneinbauleuchte-flach-4er-pack\\\/#primaryimage\"},\"thumbnailUrl\":\"https:\\\/\\\/m.media-amazon.com\\\/images\\\/I\\\/31+Id9wUQ6L._SL500_.jpg\",\"datePublished\":\"2023-05-10T04:49:12+00:00\",\"description\":\"Markt-XXL vislux LED Einbaustrahler Edelstahlgeb\u00fcrstet (Matt-Chrom) 58mm - 70mm I Badezimmer geeignet I warmwei\u00df 230V CRI 80 3,5W 400lm 3000K I LED Spot Deckeneinbauleuchte flach (4er Pack)\",\"breadcrumb\":{\"@id\":\"https:\\\/\\\/marktxxl.de\\\/markt\\\/produkt\\\/vislux-led-einbaustrahler-edelstahlgebuerstet-matt-chrom-58mm-70mm-i-badezimmer-geeignet-i-warmweiss-230v-cri-80-35w-400lm-3000k-i-led-spot-deckeneinbauleuchte-flach-4er-pack\\\/#breadcrumb\"},\"inLanguage\":\"de\",\"potentialAction\":[{\"@type\":\"ReadAction\",\"target\":[\"https:\\\/\\\/marktxxl.de\\\/markt\\\/produkt\\\/vislux-led-einbaustrahler-edelstahlgebuerstet-matt-chrom-58mm-70mm-i-badezimmer-geeignet-i-warmweiss-230v-cri-80-35w-400lm-3000k-i-led-spot-deckeneinbauleuchte-flach-4er-pack\\\/\"]}]},{\"@type\":\"ImageObject\",\"inLanguage\":\"de\",\"@id\":\"https:\\\/\\\/marktxxl.de\\\/markt\\\/produkt\\\/vislux-led-einbaustrahler-edelstahlgebuerstet-matt-chrom-58mm-70mm-i-badezimmer-geeignet-i-warmweiss-230v-cri-80-35w-400lm-3000k-i-led-spot-deckeneinbauleuchte-flach-4er-pack\\\/#primaryimage\",\"url\":\"https:\\\/\\\/m.media-amazon.com\\\/images\\\/I\\\/31+Id9wUQ6L._SL500_.jpg\",\"contentUrl\":\"https:\\\/\\\/m.media-amazon.com\\\/images\\\/I\\\/31+Id9wUQ6L._SL500_.jpg\",\"width\":500,\"height\":375},{\"@type\":\"BreadcrumbList\",\"@id\":\"https:\\\/\\\/marktxxl.de\\\/markt\\\/produkt\\\/vislux-led-einbaustrahler-edelstahlgebuerstet-matt-chrom-58mm-70mm-i-badezimmer-geeignet-i-warmweiss-230v-cri-80-35w-400lm-3000k-i-led-spot-deckeneinbauleuchte-flach-4er-pack\\\/#breadcrumb\",\"itemListElement\":[{\"@type\":\"ListItem\",\"position\":1,\"name\":\"Startseite\",\"item\":\"https:\\\/\\\/marktxxl.de\\\/markt\\\/\"},{\"@type\":\"ListItem\",\"position\":2,\"name\":\"Markt\",\"item\":\"https:\\\/\\\/marktxxl.de\\\/markt\\\/\"},{\"@type\":\"ListItem\",\"position\":3,\"name\":\"vislux LED Einbaustrahler Edelstahlgeb\u00fcrstet (Matt-Chrom) 58mm &#8211; 70mm I Badezimmer geeignet I warmwei\u00df 230V CRI 80 3,5W 400lm 3000K I LED Spot Deckeneinbauleuchte flach (4er Pack)\"}]},{\"@type\":\"WebSite\",\"@id\":\"https:\\\/\\\/marktxxl.de\\\/markt\\\/#website\",\"url\":\"https:\\\/\\\/marktxxl.de\\\/markt\\\/\",\"name\":\"Markt-XXL\",\"description\":\"Ihr Markt Online\",\"publisher\":{\"@id\":\"https:\\\/\\\/marktxxl.de\\\/markt\\\/#organization\"},\"potentialAction\":[{\"@type\":\"SearchAction\",\"target\":{\"@type\":\"EntryPoint\",\"urlTemplate\":\"https:\\\/\\\/marktxxl.de\\\/markt\\\/?s={search_term_string}\"},\"query-input\":{\"@type\":\"PropertyValueSpecification\",\"valueRequired\":true,\"valueName\":\"search_term_string\"}}],\"inLanguage\":\"de\"},{\"@type\":\"Organization\",\"@id\":\"https:\\\/\\\/marktxxl.de\\\/markt\\\/#organization\",\"name\":\"Markt-XXL\",\"url\":\"https:\\\/\\\/marktxxl.de\\\/markt\\\/\",\"logo\":{\"@type\":\"ImageObject\",\"inLanguage\":\"de\",\"@id\":\"https:\\\/\\\/marktxxl.de\\\/markt\\\/#\\\/schema\\\/logo\\\/image\\\/\",\"url\":\"https:\\\/\\\/marktxxl.de\\\/markt\\\/wp-content\\\/uploads\\\/sites\\\/3\\\/2020\\\/12\\\/logo.png\",\"contentUrl\":\"https:\\\/\\\/marktxxl.de\\\/markt\\\/wp-content\\\/uploads\\\/sites\\\/3\\\/2020\\\/12\\\/logo.png\",\"width\":200,\"height\":70,\"caption\":\"Markt-XXL\"},\"image\":{\"@id\":\"https:\\\/\\\/marktxxl.de\\\/markt\\\/#\\\/schema\\\/logo\\\/image\\\/\"}}]}<\/script>\n<!-- \/ Yoast SEO plugin. -->","yoast_head_json":{"title":"vislux LED Einbaustrahler Edelstahlgeb\u00fcrstet (Matt-Chrom) 58mm - 70mm I Badezimmer geeignet I warmwei\u00df 230V CRI 80 3,5W 400lm 3000K I LED Spot Deckeneinbauleuchte flach (4er Pack) - Markt-XXL","description":"Markt-XXL vislux LED Einbaustrahler Edelstahlgeb\u00fcrstet (Matt-Chrom) 58mm - 70mm I Badezimmer geeignet I warmwei\u00df 230V CRI 80 3,5W 400lm 3000K I LED Spot Deckeneinbauleuchte flach (4er Pack)","robots":{"index":"index","follow":"follow","max-snippet":"max-snippet:-1","max-image-preview":"max-image-preview:large","max-video-preview":"max-video-preview:-1"},"canonical":"https:\/\/marktxxl.de\/markt\/produkt\/vislux-led-einbaustrahler-edelstahlgebuerstet-matt-chrom-58mm-70mm-i-badezimmer-geeignet-i-warmweiss-230v-cri-80-35w-400lm-3000k-i-led-spot-deckeneinbauleuchte-flach-4er-pack\/","og_locale":"de_DE","og_type":"article","og_title":"vislux LED Einbaustrahler Edelstahlgeb\u00fcrstet (Matt-Chrom) 58mm - 70mm I Badezimmer geeignet I warmwei\u00df 230V CRI 80 3,5W 400lm 3000K I LED Spot Deckeneinbauleuchte flach (4er Pack) - Markt-XXL","og_description":"Markt-XXL vislux LED Einbaustrahler Edelstahlgeb\u00fcrstet (Matt-Chrom) 58mm - 70mm I Badezimmer geeignet I warmwei\u00df 230V CRI 80 3,5W 400lm 3000K I LED Spot Deckeneinbauleuchte flach (4er Pack)","og_url":"https:\/\/marktxxl.de\/markt\/produkt\/vislux-led-einbaustrahler-edelstahlgebuerstet-matt-chrom-58mm-70mm-i-badezimmer-geeignet-i-warmweiss-230v-cri-80-35w-400lm-3000k-i-led-spot-deckeneinbauleuchte-flach-4er-pack\/","og_site_name":"Markt-XXL","twitter_card":"summary_large_image","twitter_misc":{"Gesch\u00e4tzte Lesezeit":"1\u00a0Minute"},"schema":{"@context":"https:\/\/schema.org","@graph":[{"@type":"WebPage","@id":"https:\/\/marktxxl.de\/markt\/produkt\/vislux-led-einbaustrahler-edelstahlgebuerstet-matt-chrom-58mm-70mm-i-badezimmer-geeignet-i-warmweiss-230v-cri-80-35w-400lm-3000k-i-led-spot-deckeneinbauleuchte-flach-4er-pack\/","url":"https:\/\/marktxxl.de\/markt\/produkt\/vislux-led-einbaustrahler-edelstahlgebuerstet-matt-chrom-58mm-70mm-i-badezimmer-geeignet-i-warmweiss-230v-cri-80-35w-400lm-3000k-i-led-spot-deckeneinbauleuchte-flach-4er-pack\/","name":"vislux LED Einbaustrahler Edelstahlgeb\u00fcrstet (Matt-Chrom) 58mm - 70mm I Badezimmer geeignet I warmwei\u00df 230V CRI 80 3,5W 400lm 3000K I LED Spot Deckeneinbauleuchte flach (4er Pack) - Markt-XXL","isPartOf":{"@id":"https:\/\/marktxxl.de\/markt\/#website"},"primaryImageOfPage":{"@id":"https:\/\/marktxxl.de\/markt\/produkt\/vislux-led-einbaustrahler-edelstahlgebuerstet-matt-chrom-58mm-70mm-i-badezimmer-geeignet-i-warmweiss-230v-cri-80-35w-400lm-3000k-i-led-spot-deckeneinbauleuchte-flach-4er-pack\/#primaryimage"},"image":{"@id":"https:\/\/marktxxl.de\/markt\/produkt\/vislux-led-einbaustrahler-edelstahlgebuerstet-matt-chrom-58mm-70mm-i-badezimmer-geeignet-i-warmweiss-230v-cri-80-35w-400lm-3000k-i-led-spot-deckeneinbauleuchte-flach-4er-pack\/#primaryimage"},"thumbnailUrl":"https:\/\/m.media-amazon.com\/images\/I\/31+Id9wUQ6L._SL500_.jpg","datePublished":"2023-05-10T04:49:12+00:00","description":"Markt-XXL vislux LED Einbaustrahler Edelstahlgeb\u00fcrstet (Matt-Chrom) 58mm - 70mm I Badezimmer geeignet I warmwei\u00df 230V CRI 80 3,5W 400lm 3000K I LED Spot Deckeneinbauleuchte flach (4er Pack)","breadcrumb":{"@id":"https:\/\/marktxxl.de\/markt\/produkt\/vislux-led-einbaustrahler-edelstahlgebuerstet-matt-chrom-58mm-70mm-i-badezimmer-geeignet-i-warmweiss-230v-cri-80-35w-400lm-3000k-i-led-spot-deckeneinbauleuchte-flach-4er-pack\/#breadcrumb"},"inLanguage":"de","potentialAction":[{"@type":"ReadAction","target":["https:\/\/marktxxl.de\/markt\/produkt\/vislux-led-einbaustrahler-edelstahlgebuerstet-matt-chrom-58mm-70mm-i-badezimmer-geeignet-i-warmweiss-230v-cri-80-35w-400lm-3000k-i-led-spot-deckeneinbauleuchte-flach-4er-pack\/"]}]},{"@type":"ImageObject","inLanguage":"de","@id":"https:\/\/marktxxl.de\/markt\/produkt\/vislux-led-einbaustrahler-edelstahlgebuerstet-matt-chrom-58mm-70mm-i-badezimmer-geeignet-i-warmweiss-230v-cri-80-35w-400lm-3000k-i-led-spot-deckeneinbauleuchte-flach-4er-pack\/#primaryimage","url":"https:\/\/m.media-amazon.com\/images\/I\/31+Id9wUQ6L._SL500_.jpg","contentUrl":"https:\/\/m.media-amazon.com\/images\/I\/31+Id9wUQ6L._SL500_.jpg","width":500,"height":375},{"@type":"BreadcrumbList","@id":"https:\/\/marktxxl.de\/markt\/produkt\/vislux-led-einbaustrahler-edelstahlgebuerstet-matt-chrom-58mm-70mm-i-badezimmer-geeignet-i-warmweiss-230v-cri-80-35w-400lm-3000k-i-led-spot-deckeneinbauleuchte-flach-4er-pack\/#breadcrumb","itemListElement":[{"@type":"ListItem","position":1,"name":"Startseite","item":"https:\/\/marktxxl.de\/markt\/"},{"@type":"ListItem","position":2,"name":"Markt","item":"https:\/\/marktxxl.de\/markt\/"},{"@type":"ListItem","position":3,"name":"vislux LED Einbaustrahler Edelstahlgeb\u00fcrstet (Matt-Chrom) 58mm &#8211; 70mm I Badezimmer geeignet I warmwei\u00df 230V CRI 80 3,5W 400lm 3000K I LED Spot Deckeneinbauleuchte flach (4er Pack)"}]},{"@type":"WebSite","@id":"https:\/\/marktxxl.de\/markt\/#website","url":"https:\/\/marktxxl.de\/markt\/","name":"Markt-XXL","description":"Ihr Markt Online","publisher":{"@id":"https:\/\/marktxxl.de\/markt\/#organization"},"potentialAction":[{"@type":"SearchAction","target":{"@type":"EntryPoint","urlTemplate":"https:\/\/marktxxl.de\/markt\/?s={search_term_string}"},"query-input":{"@type":"PropertyValueSpecification","valueRequired":true,"valueName":"search_term_string"}}],"inLanguage":"de"},{"@type":"Organization","@id":"https:\/\/marktxxl.de\/markt\/#organization","name":"Markt-XXL","url":"https:\/\/marktxxl.de\/markt\/","logo":{"@type":"ImageObject","inLanguage":"de","@id":"https:\/\/marktxxl.de\/markt\/#\/schema\/logo\/image\/","url":"https:\/\/marktxxl.de\/markt\/wp-content\/uploads\/sites\/3\/2020\/12\/logo.png","contentUrl":"https:\/\/marktxxl.de\/markt\/wp-content\/uploads\/sites\/3\/2020\/12\/logo.png","width":200,"height":70,"caption":"Markt-XXL"},"image":{"@id":"https:\/\/marktxxl.de\/markt\/#\/schema\/logo\/image\/"}}]}},"_links":{"self":[{"href":"https:\/\/marktxxl.de\/markt\/wp-json\/wp\/v2\/product\/204339","targetHints":{"allow":["GET"]}}],"collection":[{"href":"https:\/\/marktxxl.de\/markt\/wp-json\/wp\/v2\/product"}],"about":[{"href":"https:\/\/marktxxl.de\/markt\/wp-json\/wp\/v2\/types\/product"}],"replies":[{"embeddable":true,"href":"https:\/\/marktxxl.de\/markt\/wp-json\/wp\/v2\/comments?post=204339"}],"wp:featuredmedia":[{"embeddable":true,"href":"https:\/\/marktxxl.de\/markt\/wp-json\/wp\/v2\/media\/204340"}],"wp:attachment":[{"href":"https:\/\/marktxxl.de\/markt\/wp-json\/wp\/v2\/media?parent=204339"}],"wp:term":[{"taxonomy":"product_brand","embeddable":true,"href":"https:\/\/marktxxl.de\/markt\/wp-json\/wp\/v2\/product_brand?post=204339"},{"taxonomy":"product_cat","embeddable":true,"href":"https:\/\/marktxxl.de\/markt\/wp-json\/wp\/v2\/product_cat?post=204339"},{"taxonomy":"product_tag","embeddable":true,"href":"https:\/\/marktxxl.de\/markt\/wp-json\/wp\/v2\/product_tag?post=204339"}],"curies":[{"name":"wp","href":"https:\/\/api.w.org\/{rel}","templated":true}]}}