{"id":204314,"date":"2023-05-10T06:46:05","date_gmt":"2023-05-10T04:46:05","guid":{"rendered":"https:\/\/marktxxl.de\/markt\/produkt\/ollny-halloween-lichterkette-orange-und-lila-30m-300-led-lichterkette-aussen-8-modi-ip44-wasserdicht-timer-lichterkette-aussen-mit-stecker-fuer-aussen-und-innen-allerheiligen-weihnachten\/"},"modified":"2023-05-10T06:46:05","modified_gmt":"2023-05-10T04:46:05","slug":"ollny-halloween-lichterkette-orange-und-lila-30m-300-led-lichterkette-aussen-8-modi-ip44-wasserdicht-timer-lichterkette-aussen-mit-stecker-fuer-aussen-und-innen-allerheiligen-weihnachten","status":"publish","type":"product","link":"https:\/\/marktxxl.de\/markt\/produkt\/ollny-halloween-lichterkette-orange-und-lila-30m-300-led-lichterkette-aussen-8-modi-ip44-wasserdicht-timer-lichterkette-aussen-mit-stecker-fuer-aussen-und-innen-allerheiligen-weihnachten\/","title":{"rendered":"Ollny Halloween Lichterkette Orange und Lila &#8211; 30M 300 LED Lichterkette au\u00dfen 8 Modi IP44 Wasserdicht Timer Lichterkette aussen mit Stecker f\u00fcr Au\u00dfen und Innen- Allerheiligen Weihnachten"},"content":{"rendered":"<p>8 MODI &#8211; 8 Beleuchtungsmodus der Hallowenn Lichterkette bringen eine einzigartige Augenweide und sorgen bei verschiedenen Gelegenheiten f\u00fcr Atmosph\u00e4re. Wie Halloween, Weihnachte Dekoration usw.. Einfache und bequeme Bedienung, nur dr\u00fccken Sie kurz die Taste am Stecker, um den Modus zu wechseln.<br \/>\nF\u00dcR ALLE WETTER &#8211; IP44 Wasserdichtigkeit h\u00e4lt Ihre Party am Laufen. Wind, Regen oder Hitze werden Ihr Halloween Feiern mit 30M 300 Led Lichterkette strom nicht beeinflussen. Es herrscht auf der Party eine fr\u00f6hliche Stimmung.<br \/>\nHOCHWERTIGE QUALIT\u00c4T &#8211; Hergestellt aus hochwertigen energiesparenden LEDs und 100 % Kupferdraht mit Isolierbeschichtung. 300 Led Lichterkette au\u00dfen verf\u00fcgt \u00fcber die CE-, RoHS-, WEEE und Gesundheits-Zertifizierung. Lichterkette au\u00dfen strom sind langlebig und \u00fcberhitzen nicht nach Stunden des Betriebs, um Verbr\u00fchungen zu vermeiden.<br \/>\nINTELLIGENTE EINSTELLUNGEN &#8211; Die Outdoor Lichterkette werden jeden Tag nach 6 Stunden Beleuchtung automatisch ausgeschaltet. Ersparen Sie es, das Licht auszuschalten, bevor Sie schlafen oder ausgehen, dann wird die Lichterkette nach 18 Stunden wider einschalten (bei der Modi, die Sie vorher ausgew\u00e4hlt haben.)<br \/>\nERSTWAHL DES ALLERHEILIGEN &#8211; 30M 300LED Lichterkette, Ob Sie normalerweise G\u00e4rten, Balkone, Innenh\u00f6fe, Zimmer dekorieren, zum Entspannen oder um die Festliche Atmosph\u00e4re zu Halloween, Weihnachten, Geburtstagsfeiern zu erh\u00f6hen, es ist die perfekte Lichterkette aussen f\u00fcr Sie. Bitte z\u00f6gern Sie nicht, uns zu kontaktieren, wenn Sie Fragen zu diesem Produkt haben, wir werden unser Bestes tun, um Ihnen zu helfen.<br \/>\n<div class=\"main-cross-sell\" data-asin=\"B09YKXBFFH\">\n\n\t<div class=\"WooZone-cross-sell-loader\">\n\t\t<div>\n\t\t\t<div id=\"floatingBarsG\">\n\t\t\t\t<div class=\"blockG\" id=\"rotateG_01\"><\/div>\n\t\t\t\t<div class=\"blockG\" id=\"rotateG_02\"><\/div>\n\t\t\t\t<div class=\"blockG\" id=\"rotateG_03\"><\/div>\n\t\t\t\t<div class=\"blockG\" id=\"rotateG_04\"><\/div>\n\t\t\t\t<div class=\"blockG\" id=\"rotateG_05\"><\/div>\n\t\t\t\t<div class=\"blockG\" id=\"rotateG_06\"><\/div>\n\t\t\t\t<div class=\"blockG\" id=\"rotateG_07\"><\/div>\n\t\t\t\t<div class=\"blockG\" id=\"rotateG_08\"><\/div>\n\t\t\t<\/div>\n\t\t\t<div class=\"WooZone-cross-sell-loader-text\"><\/div>\n\t\t<\/div>\n\t<\/div>\n\n\t\t\n<\/div>\n<div style=\"clear:both;\"><\/div><\/p>\n","protected":false},"excerpt":{"rendered":"<p>8 MODI &#8211; 8 Beleuchtungsmodus der Hallowenn Lichterkette bringen eine einzigartige Augenweide und sorgen bei verschiedenen Gelegenheiten f\u00fcr Atmosph\u00e4re. Wie Halloween, Weihnachte Dekoration usw.. Einfache und bequeme Bedienung, nur dr\u00fccken Sie kurz die Taste am Stecker, um den Modus zu wechseln.<br \/>\nF\u00dcR ALLE WETTER &#8211; IP44 Wasserdichtigkeit h\u00e4lt Ihre Party am Laufen. Wind, Regen oder Hitze werden Ihr Halloween Feiern mit 30M 300 Led Lichterkette strom nicht beeinflussen. Es herrscht auf der Party eine fr\u00f6hliche Stimmung.<br \/>\nHOCHWERTIGE QUALIT\u00c4T &#8211; Hergestellt aus hochwertigen energiesparenden LEDs und 100 % Kupferdraht mit Isolierbeschichtung. 300 Led Lichterkette au\u00dfen verf\u00fcgt \u00fcber die CE-, RoHS-, WEEE und Gesundheits-Zertifizierung. Lichterkette au\u00dfen strom sind langlebig und \u00fcberhitzen nicht nach Stunden des Betriebs, um Verbr\u00fchungen zu vermeiden.<\/p>\n","protected":false},"featured_media":204315,"comment_status":"open","ping_status":"closed","template":"","meta":[],"product_brand":[],"product_cat":[2108,15622],"product_tag":[],"class_list":{"0":"post-204314","1":"product","2":"type-product","3":"status-publish","4":"has-post-thumbnail","6":"product_cat-beleuchtung","7":"product_cat-lichterketten","8":"pa_brand-ollny","9":"pa_color-orangeliladurchsichtig","10":"pa_height-3-93700787-zoll","11":"pa_length-6-692913379-zoll","12":"pa_manufacturer-ollny","13":"pa_model-ledxs301d","14":"pa_size-30m","15":"pa_width-3-543307083-zoll","17":"first","18":"instock","19":"sale","20":"shipping-taxable","21":"purchasable","22":"product-type-simple","23":"customify-col","24":"product-has-gallery"},"yoast_head":"<!-- This site is optimized with the Yoast SEO plugin v27.4 - https:\/\/yoast.com\/product\/yoast-seo-wordpress\/ -->\n<title>Ollny Halloween Lichterkette Orange und Lila - 30M 300 LED Lichterkette au\u00dfen 8 Modi IP44 Wasserdicht Timer Lichterkette aussen mit Stecker f\u00fcr Au\u00dfen und Innen- Allerheiligen Weihnachten - Markt-XXL<\/title>\n<meta name=\"description\" content=\"Markt-XXL Ollny Halloween Lichterkette Orange und Lila - 30M 300 LED Lichterkette au\u00dfen 8 Modi IP44 Wasserdicht Timer Lichterkette aussen mit Stecker f\u00fcr Au\u00dfen und Innen- Allerheiligen Weihnachten\" \/>\n<meta name=\"robots\" content=\"index, follow, max-snippet:-1, max-image-preview:large, max-video-preview:-1\" \/>\n<link rel=\"canonical\" href=\"https:\/\/marktxxl.de\/markt\/produkt\/ollny-halloween-lichterkette-orange-und-lila-30m-300-led-lichterkette-aussen-8-modi-ip44-wasserdicht-timer-lichterkette-aussen-mit-stecker-fuer-aussen-und-innen-allerheiligen-weihnachten\/\" \/>\n<meta property=\"og:locale\" content=\"de_DE\" \/>\n<meta property=\"og:type\" content=\"article\" \/>\n<meta property=\"og:title\" content=\"Ollny Halloween Lichterkette Orange und Lila - 30M 300 LED Lichterkette au\u00dfen 8 Modi IP44 Wasserdicht Timer Lichterkette aussen mit Stecker f\u00fcr Au\u00dfen und Innen- Allerheiligen Weihnachten - Markt-XXL\" \/>\n<meta property=\"og:description\" content=\"Markt-XXL Ollny Halloween Lichterkette Orange und Lila - 30M 300 LED Lichterkette au\u00dfen 8 Modi IP44 Wasserdicht Timer Lichterkette aussen mit Stecker f\u00fcr Au\u00dfen und Innen- Allerheiligen Weihnachten\" \/>\n<meta property=\"og:url\" content=\"https:\/\/marktxxl.de\/markt\/produkt\/ollny-halloween-lichterkette-orange-und-lila-30m-300-led-lichterkette-aussen-8-modi-ip44-wasserdicht-timer-lichterkette-aussen-mit-stecker-fuer-aussen-und-innen-allerheiligen-weihnachten\/\" \/>\n<meta property=\"og:site_name\" content=\"Markt-XXL\" \/>\n<meta name=\"twitter:card\" content=\"summary_large_image\" \/>\n<meta name=\"twitter:label1\" content=\"Gesch\u00e4tzte Lesezeit\" \/>\n\t<meta name=\"twitter:data1\" content=\"1\u00a0Minute\" \/>\n<script type=\"application\/ld+json\" class=\"yoast-schema-graph\">{\"@context\":\"https:\\\/\\\/schema.org\",\"@graph\":[{\"@type\":\"WebPage\",\"@id\":\"https:\\\/\\\/marktxxl.de\\\/markt\\\/produkt\\\/ollny-halloween-lichterkette-orange-und-lila-30m-300-led-lichterkette-aussen-8-modi-ip44-wasserdicht-timer-lichterkette-aussen-mit-stecker-fuer-aussen-und-innen-allerheiligen-weihnachten\\\/\",\"url\":\"https:\\\/\\\/marktxxl.de\\\/markt\\\/produkt\\\/ollny-halloween-lichterkette-orange-und-lila-30m-300-led-lichterkette-aussen-8-modi-ip44-wasserdicht-timer-lichterkette-aussen-mit-stecker-fuer-aussen-und-innen-allerheiligen-weihnachten\\\/\",\"name\":\"Ollny Halloween Lichterkette Orange und Lila - 30M 300 LED Lichterkette au\u00dfen 8 Modi IP44 Wasserdicht Timer Lichterkette aussen mit Stecker f\u00fcr Au\u00dfen und Innen- Allerheiligen Weihnachten - Markt-XXL\",\"isPartOf\":{\"@id\":\"https:\\\/\\\/marktxxl.de\\\/markt\\\/#website\"},\"primaryImageOfPage\":{\"@id\":\"https:\\\/\\\/marktxxl.de\\\/markt\\\/produkt\\\/ollny-halloween-lichterkette-orange-und-lila-30m-300-led-lichterkette-aussen-8-modi-ip44-wasserdicht-timer-lichterkette-aussen-mit-stecker-fuer-aussen-und-innen-allerheiligen-weihnachten\\\/#primaryimage\"},\"image\":{\"@id\":\"https:\\\/\\\/marktxxl.de\\\/markt\\\/produkt\\\/ollny-halloween-lichterkette-orange-und-lila-30m-300-led-lichterkette-aussen-8-modi-ip44-wasserdicht-timer-lichterkette-aussen-mit-stecker-fuer-aussen-und-innen-allerheiligen-weihnachten\\\/#primaryimage\"},\"thumbnailUrl\":\"https:\\\/\\\/m.media-amazon.com\\\/images\\\/I\\\/616Z4UIrz6L._SL500_.jpg\",\"datePublished\":\"2023-05-10T04:46:05+00:00\",\"description\":\"Markt-XXL Ollny Halloween Lichterkette Orange und Lila - 30M 300 LED Lichterkette au\u00dfen 8 Modi IP44 Wasserdicht Timer Lichterkette aussen mit Stecker f\u00fcr Au\u00dfen und Innen- Allerheiligen Weihnachten\",\"breadcrumb\":{\"@id\":\"https:\\\/\\\/marktxxl.de\\\/markt\\\/produkt\\\/ollny-halloween-lichterkette-orange-und-lila-30m-300-led-lichterkette-aussen-8-modi-ip44-wasserdicht-timer-lichterkette-aussen-mit-stecker-fuer-aussen-und-innen-allerheiligen-weihnachten\\\/#breadcrumb\"},\"inLanguage\":\"de\",\"potentialAction\":[{\"@type\":\"ReadAction\",\"target\":[\"https:\\\/\\\/marktxxl.de\\\/markt\\\/produkt\\\/ollny-halloween-lichterkette-orange-und-lila-30m-300-led-lichterkette-aussen-8-modi-ip44-wasserdicht-timer-lichterkette-aussen-mit-stecker-fuer-aussen-und-innen-allerheiligen-weihnachten\\\/\"]}]},{\"@type\":\"ImageObject\",\"inLanguage\":\"de\",\"@id\":\"https:\\\/\\\/marktxxl.de\\\/markt\\\/produkt\\\/ollny-halloween-lichterkette-orange-und-lila-30m-300-led-lichterkette-aussen-8-modi-ip44-wasserdicht-timer-lichterkette-aussen-mit-stecker-fuer-aussen-und-innen-allerheiligen-weihnachten\\\/#primaryimage\",\"url\":\"https:\\\/\\\/m.media-amazon.com\\\/images\\\/I\\\/616Z4UIrz6L._SL500_.jpg\",\"contentUrl\":\"https:\\\/\\\/m.media-amazon.com\\\/images\\\/I\\\/616Z4UIrz6L._SL500_.jpg\",\"width\":500,\"height\":500},{\"@type\":\"BreadcrumbList\",\"@id\":\"https:\\\/\\\/marktxxl.de\\\/markt\\\/produkt\\\/ollny-halloween-lichterkette-orange-und-lila-30m-300-led-lichterkette-aussen-8-modi-ip44-wasserdicht-timer-lichterkette-aussen-mit-stecker-fuer-aussen-und-innen-allerheiligen-weihnachten\\\/#breadcrumb\",\"itemListElement\":[{\"@type\":\"ListItem\",\"position\":1,\"name\":\"Startseite\",\"item\":\"https:\\\/\\\/marktxxl.de\\\/markt\\\/\"},{\"@type\":\"ListItem\",\"position\":2,\"name\":\"Markt\",\"item\":\"https:\\\/\\\/marktxxl.de\\\/markt\\\/\"},{\"@type\":\"ListItem\",\"position\":3,\"name\":\"Ollny Halloween Lichterkette Orange und Lila &#8211; 30M 300 LED Lichterkette au\u00dfen 8 Modi IP44 Wasserdicht Timer Lichterkette aussen mit Stecker f\u00fcr Au\u00dfen und Innen- Allerheiligen Weihnachten\"}]},{\"@type\":\"WebSite\",\"@id\":\"https:\\\/\\\/marktxxl.de\\\/markt\\\/#website\",\"url\":\"https:\\\/\\\/marktxxl.de\\\/markt\\\/\",\"name\":\"Markt-XXL\",\"description\":\"Ihr Markt Online\",\"publisher\":{\"@id\":\"https:\\\/\\\/marktxxl.de\\\/markt\\\/#organization\"},\"potentialAction\":[{\"@type\":\"SearchAction\",\"target\":{\"@type\":\"EntryPoint\",\"urlTemplate\":\"https:\\\/\\\/marktxxl.de\\\/markt\\\/?s={search_term_string}\"},\"query-input\":{\"@type\":\"PropertyValueSpecification\",\"valueRequired\":true,\"valueName\":\"search_term_string\"}}],\"inLanguage\":\"de\"},{\"@type\":\"Organization\",\"@id\":\"https:\\\/\\\/marktxxl.de\\\/markt\\\/#organization\",\"name\":\"Markt-XXL\",\"url\":\"https:\\\/\\\/marktxxl.de\\\/markt\\\/\",\"logo\":{\"@type\":\"ImageObject\",\"inLanguage\":\"de\",\"@id\":\"https:\\\/\\\/marktxxl.de\\\/markt\\\/#\\\/schema\\\/logo\\\/image\\\/\",\"url\":\"https:\\\/\\\/marktxxl.de\\\/markt\\\/wp-content\\\/uploads\\\/sites\\\/3\\\/2020\\\/12\\\/logo.png\",\"contentUrl\":\"https:\\\/\\\/marktxxl.de\\\/markt\\\/wp-content\\\/uploads\\\/sites\\\/3\\\/2020\\\/12\\\/logo.png\",\"width\":200,\"height\":70,\"caption\":\"Markt-XXL\"},\"image\":{\"@id\":\"https:\\\/\\\/marktxxl.de\\\/markt\\\/#\\\/schema\\\/logo\\\/image\\\/\"}}]}<\/script>\n<!-- \/ Yoast SEO plugin. -->","yoast_head_json":{"title":"Ollny Halloween Lichterkette Orange und Lila - 30M 300 LED Lichterkette au\u00dfen 8 Modi IP44 Wasserdicht Timer Lichterkette aussen mit Stecker f\u00fcr Au\u00dfen und Innen- Allerheiligen Weihnachten - Markt-XXL","description":"Markt-XXL Ollny Halloween Lichterkette Orange und Lila - 30M 300 LED Lichterkette au\u00dfen 8 Modi IP44 Wasserdicht Timer Lichterkette aussen mit Stecker f\u00fcr Au\u00dfen und Innen- Allerheiligen Weihnachten","robots":{"index":"index","follow":"follow","max-snippet":"max-snippet:-1","max-image-preview":"max-image-preview:large","max-video-preview":"max-video-preview:-1"},"canonical":"https:\/\/marktxxl.de\/markt\/produkt\/ollny-halloween-lichterkette-orange-und-lila-30m-300-led-lichterkette-aussen-8-modi-ip44-wasserdicht-timer-lichterkette-aussen-mit-stecker-fuer-aussen-und-innen-allerheiligen-weihnachten\/","og_locale":"de_DE","og_type":"article","og_title":"Ollny Halloween Lichterkette Orange und Lila - 30M 300 LED Lichterkette au\u00dfen 8 Modi IP44 Wasserdicht Timer Lichterkette aussen mit Stecker f\u00fcr Au\u00dfen und Innen- Allerheiligen Weihnachten - Markt-XXL","og_description":"Markt-XXL Ollny Halloween Lichterkette Orange und Lila - 30M 300 LED Lichterkette au\u00dfen 8 Modi IP44 Wasserdicht Timer Lichterkette aussen mit Stecker f\u00fcr Au\u00dfen und Innen- Allerheiligen Weihnachten","og_url":"https:\/\/marktxxl.de\/markt\/produkt\/ollny-halloween-lichterkette-orange-und-lila-30m-300-led-lichterkette-aussen-8-modi-ip44-wasserdicht-timer-lichterkette-aussen-mit-stecker-fuer-aussen-und-innen-allerheiligen-weihnachten\/","og_site_name":"Markt-XXL","twitter_card":"summary_large_image","twitter_misc":{"Gesch\u00e4tzte Lesezeit":"1\u00a0Minute"},"schema":{"@context":"https:\/\/schema.org","@graph":[{"@type":"WebPage","@id":"https:\/\/marktxxl.de\/markt\/produkt\/ollny-halloween-lichterkette-orange-und-lila-30m-300-led-lichterkette-aussen-8-modi-ip44-wasserdicht-timer-lichterkette-aussen-mit-stecker-fuer-aussen-und-innen-allerheiligen-weihnachten\/","url":"https:\/\/marktxxl.de\/markt\/produkt\/ollny-halloween-lichterkette-orange-und-lila-30m-300-led-lichterkette-aussen-8-modi-ip44-wasserdicht-timer-lichterkette-aussen-mit-stecker-fuer-aussen-und-innen-allerheiligen-weihnachten\/","name":"Ollny Halloween Lichterkette Orange und Lila - 30M 300 LED Lichterkette au\u00dfen 8 Modi IP44 Wasserdicht Timer Lichterkette aussen mit Stecker f\u00fcr Au\u00dfen und Innen- Allerheiligen Weihnachten - Markt-XXL","isPartOf":{"@id":"https:\/\/marktxxl.de\/markt\/#website"},"primaryImageOfPage":{"@id":"https:\/\/marktxxl.de\/markt\/produkt\/ollny-halloween-lichterkette-orange-und-lila-30m-300-led-lichterkette-aussen-8-modi-ip44-wasserdicht-timer-lichterkette-aussen-mit-stecker-fuer-aussen-und-innen-allerheiligen-weihnachten\/#primaryimage"},"image":{"@id":"https:\/\/marktxxl.de\/markt\/produkt\/ollny-halloween-lichterkette-orange-und-lila-30m-300-led-lichterkette-aussen-8-modi-ip44-wasserdicht-timer-lichterkette-aussen-mit-stecker-fuer-aussen-und-innen-allerheiligen-weihnachten\/#primaryimage"},"thumbnailUrl":"https:\/\/m.media-amazon.com\/images\/I\/616Z4UIrz6L._SL500_.jpg","datePublished":"2023-05-10T04:46:05+00:00","description":"Markt-XXL Ollny Halloween Lichterkette Orange und Lila - 30M 300 LED Lichterkette au\u00dfen 8 Modi IP44 Wasserdicht Timer Lichterkette aussen mit Stecker f\u00fcr Au\u00dfen und Innen- Allerheiligen Weihnachten","breadcrumb":{"@id":"https:\/\/marktxxl.de\/markt\/produkt\/ollny-halloween-lichterkette-orange-und-lila-30m-300-led-lichterkette-aussen-8-modi-ip44-wasserdicht-timer-lichterkette-aussen-mit-stecker-fuer-aussen-und-innen-allerheiligen-weihnachten\/#breadcrumb"},"inLanguage":"de","potentialAction":[{"@type":"ReadAction","target":["https:\/\/marktxxl.de\/markt\/produkt\/ollny-halloween-lichterkette-orange-und-lila-30m-300-led-lichterkette-aussen-8-modi-ip44-wasserdicht-timer-lichterkette-aussen-mit-stecker-fuer-aussen-und-innen-allerheiligen-weihnachten\/"]}]},{"@type":"ImageObject","inLanguage":"de","@id":"https:\/\/marktxxl.de\/markt\/produkt\/ollny-halloween-lichterkette-orange-und-lila-30m-300-led-lichterkette-aussen-8-modi-ip44-wasserdicht-timer-lichterkette-aussen-mit-stecker-fuer-aussen-und-innen-allerheiligen-weihnachten\/#primaryimage","url":"https:\/\/m.media-amazon.com\/images\/I\/616Z4UIrz6L._SL500_.jpg","contentUrl":"https:\/\/m.media-amazon.com\/images\/I\/616Z4UIrz6L._SL500_.jpg","width":500,"height":500},{"@type":"BreadcrumbList","@id":"https:\/\/marktxxl.de\/markt\/produkt\/ollny-halloween-lichterkette-orange-und-lila-30m-300-led-lichterkette-aussen-8-modi-ip44-wasserdicht-timer-lichterkette-aussen-mit-stecker-fuer-aussen-und-innen-allerheiligen-weihnachten\/#breadcrumb","itemListElement":[{"@type":"ListItem","position":1,"name":"Startseite","item":"https:\/\/marktxxl.de\/markt\/"},{"@type":"ListItem","position":2,"name":"Markt","item":"https:\/\/marktxxl.de\/markt\/"},{"@type":"ListItem","position":3,"name":"Ollny Halloween Lichterkette Orange und Lila &#8211; 30M 300 LED Lichterkette au\u00dfen 8 Modi IP44 Wasserdicht Timer Lichterkette aussen mit Stecker f\u00fcr Au\u00dfen und Innen- Allerheiligen Weihnachten"}]},{"@type":"WebSite","@id":"https:\/\/marktxxl.de\/markt\/#website","url":"https:\/\/marktxxl.de\/markt\/","name":"Markt-XXL","description":"Ihr Markt Online","publisher":{"@id":"https:\/\/marktxxl.de\/markt\/#organization"},"potentialAction":[{"@type":"SearchAction","target":{"@type":"EntryPoint","urlTemplate":"https:\/\/marktxxl.de\/markt\/?s={search_term_string}"},"query-input":{"@type":"PropertyValueSpecification","valueRequired":true,"valueName":"search_term_string"}}],"inLanguage":"de"},{"@type":"Organization","@id":"https:\/\/marktxxl.de\/markt\/#organization","name":"Markt-XXL","url":"https:\/\/marktxxl.de\/markt\/","logo":{"@type":"ImageObject","inLanguage":"de","@id":"https:\/\/marktxxl.de\/markt\/#\/schema\/logo\/image\/","url":"https:\/\/marktxxl.de\/markt\/wp-content\/uploads\/sites\/3\/2020\/12\/logo.png","contentUrl":"https:\/\/marktxxl.de\/markt\/wp-content\/uploads\/sites\/3\/2020\/12\/logo.png","width":200,"height":70,"caption":"Markt-XXL"},"image":{"@id":"https:\/\/marktxxl.de\/markt\/#\/schema\/logo\/image\/"}}]}},"_links":{"self":[{"href":"https:\/\/marktxxl.de\/markt\/wp-json\/wp\/v2\/product\/204314","targetHints":{"allow":["GET"]}}],"collection":[{"href":"https:\/\/marktxxl.de\/markt\/wp-json\/wp\/v2\/product"}],"about":[{"href":"https:\/\/marktxxl.de\/markt\/wp-json\/wp\/v2\/types\/product"}],"replies":[{"embeddable":true,"href":"https:\/\/marktxxl.de\/markt\/wp-json\/wp\/v2\/comments?post=204314"}],"wp:featuredmedia":[{"embeddable":true,"href":"https:\/\/marktxxl.de\/markt\/wp-json\/wp\/v2\/media\/204315"}],"wp:attachment":[{"href":"https:\/\/marktxxl.de\/markt\/wp-json\/wp\/v2\/media?parent=204314"}],"wp:term":[{"taxonomy":"product_brand","embeddable":true,"href":"https:\/\/marktxxl.de\/markt\/wp-json\/wp\/v2\/product_brand?post=204314"},{"taxonomy":"product_cat","embeddable":true,"href":"https:\/\/marktxxl.de\/markt\/wp-json\/wp\/v2\/product_cat?post=204314"},{"taxonomy":"product_tag","embeddable":true,"href":"https:\/\/marktxxl.de\/markt\/wp-json\/wp\/v2\/product_tag?post=204314"}],"curies":[{"name":"wp","href":"https:\/\/api.w.org\/{rel}","templated":true}]}}