{"id":204201,"date":"2023-05-10T06:10:35","date_gmt":"2023-05-10T04:10:35","guid":{"rendered":"https:\/\/marktxxl.de\/markt\/produkt\/harley-davidson-military-mens-black-long-sleeve-eagle-graphic-t-shirt-kadena-air-base-eagle-ride\/"},"modified":"2023-05-10T06:10:35","modified_gmt":"2023-05-10T04:10:35","slug":"harley-davidson-military-mens-black-long-sleeve-eagle-graphic-t-shirt-kadena-air-base-eagle-ride","status":"publish","type":"product","link":"https:\/\/marktxxl.de\/markt\/produkt\/harley-davidson-military-mens-black-long-sleeve-eagle-graphic-t-shirt-kadena-air-base-eagle-ride\/","title":{"rendered":"HARLEY-DAVIDSON Military &#8211; Men&#8217;s Black Long-Sleeve Eagle Graphic T-Shirt &#8211; Kadena Air Base | Eagle Ride"},"content":{"rendered":"<p>Exklusive Harley-Davidson-Milit\u00e4r-Lizenz-Grafik, entworfen, um an \u00dcberseetour zu erinnern und milit\u00e4rischen Stolz und Wertsch\u00e4tzung zu zeigen \u2013 kann bei keinem H\u00e4ndler gefunden werden<br \/>\nHarley-Davidson-Kleidung<br \/>\n100 % Baumwolle<br \/>\nHerren Langarm Rundhals T-Shirt mit Grafik auf Vorderseite, R\u00fcckseite und beiden \u00c4rmeln<br \/>\nSchwarz<br \/>\n<div class=\"main-cross-sell\" data-asin=\"B07ZN8GPJG\">\n\n\t<div class=\"WooZone-cross-sell-loader\">\n\t\t<div>\n\t\t\t<div id=\"floatingBarsG\">\n\t\t\t\t<div class=\"blockG\" id=\"rotateG_01\"><\/div>\n\t\t\t\t<div class=\"blockG\" id=\"rotateG_02\"><\/div>\n\t\t\t\t<div class=\"blockG\" id=\"rotateG_03\"><\/div>\n\t\t\t\t<div class=\"blockG\" id=\"rotateG_04\"><\/div>\n\t\t\t\t<div class=\"blockG\" id=\"rotateG_05\"><\/div>\n\t\t\t\t<div class=\"blockG\" id=\"rotateG_06\"><\/div>\n\t\t\t\t<div class=\"blockG\" id=\"rotateG_07\"><\/div>\n\t\t\t\t<div class=\"blockG\" id=\"rotateG_08\"><\/div>\n\t\t\t<\/div>\n\t\t\t<div class=\"WooZone-cross-sell-loader-text\"><\/div>\n\t\t<\/div>\n\t<\/div>\n\n\t\t\n<\/div>\n<div style=\"clear:both;\"><\/div><\/p>\n","protected":false},"excerpt":{"rendered":"<p>Exklusive Harley-Davidson-Milit\u00e4r-Lizenz-Grafik, entworfen, um an \u00dcberseetour zu erinnern und milit\u00e4rischen Stolz und Wertsch\u00e4tzung zu zeigen \u2013 kann bei keinem H\u00e4ndler gefunden werden<br \/>\nHarley-Davidson-Kleidung<br \/>\n100 % Baumwolle<\/p>\n","protected":false},"featured_media":204202,"comment_status":"open","ping_status":"closed","template":"","meta":[],"product_brand":[],"product_cat":[1186,3960],"product_tag":[],"class_list":{"0":"post-204201","1":"product","2":"type-product","3":"status-publish","4":"has-post-thumbnail","6":"product_cat-bekleidung","7":"product_cat-herren","8":"pa_binding-textilien","9":"pa_brand-harley-davidson","10":"pa_color-schwarz","11":"pa_manufacturer-harley-davidson","12":"pa_size-einheitsgroesse","14":"first","15":"instock","16":"shipping-taxable","17":"product-type-simple","18":"customify-col","19":"product-has-gallery"},"yoast_head":"<!-- This site is optimized with the Yoast SEO plugin v27.4 - https:\/\/yoast.com\/product\/yoast-seo-wordpress\/ -->\n<title>HARLEY-DAVIDSON Military - Men&#039;s Black Long-Sleeve Eagle Graphic T-Shirt - Kadena Air Base | Eagle Ride - Markt-XXL<\/title>\n<meta name=\"description\" content=\"Markt-XXL HARLEY-DAVIDSON Military - Men&#039;s Black Long-Sleeve Eagle Graphic T-Shirt - Kadena Air Base | Eagle Ride\" \/>\n<meta name=\"robots\" content=\"index, follow, max-snippet:-1, max-image-preview:large, max-video-preview:-1\" \/>\n<link rel=\"canonical\" href=\"https:\/\/marktxxl.de\/markt\/produkt\/harley-davidson-military-mens-black-long-sleeve-eagle-graphic-t-shirt-kadena-air-base-eagle-ride\/\" \/>\n<meta property=\"og:locale\" content=\"de_DE\" \/>\n<meta property=\"og:type\" content=\"article\" \/>\n<meta property=\"og:title\" content=\"HARLEY-DAVIDSON Military - Men&#039;s Black Long-Sleeve Eagle Graphic T-Shirt - Kadena Air Base | Eagle Ride - Markt-XXL\" \/>\n<meta property=\"og:description\" content=\"Markt-XXL HARLEY-DAVIDSON Military - Men&#039;s Black Long-Sleeve Eagle Graphic T-Shirt - Kadena Air Base | Eagle Ride\" \/>\n<meta property=\"og:url\" content=\"https:\/\/marktxxl.de\/markt\/produkt\/harley-davidson-military-mens-black-long-sleeve-eagle-graphic-t-shirt-kadena-air-base-eagle-ride\/\" \/>\n<meta property=\"og:site_name\" content=\"Markt-XXL\" \/>\n<meta name=\"twitter:card\" content=\"summary_large_image\" \/>\n<script type=\"application\/ld+json\" class=\"yoast-schema-graph\">{\"@context\":\"https:\\\/\\\/schema.org\",\"@graph\":[{\"@type\":\"WebPage\",\"@id\":\"https:\\\/\\\/marktxxl.de\\\/markt\\\/produkt\\\/harley-davidson-military-mens-black-long-sleeve-eagle-graphic-t-shirt-kadena-air-base-eagle-ride\\\/\",\"url\":\"https:\\\/\\\/marktxxl.de\\\/markt\\\/produkt\\\/harley-davidson-military-mens-black-long-sleeve-eagle-graphic-t-shirt-kadena-air-base-eagle-ride\\\/\",\"name\":\"HARLEY-DAVIDSON Military - Men's Black Long-Sleeve Eagle Graphic T-Shirt - Kadena Air Base | Eagle Ride - Markt-XXL\",\"isPartOf\":{\"@id\":\"https:\\\/\\\/marktxxl.de\\\/markt\\\/#website\"},\"primaryImageOfPage\":{\"@id\":\"https:\\\/\\\/marktxxl.de\\\/markt\\\/produkt\\\/harley-davidson-military-mens-black-long-sleeve-eagle-graphic-t-shirt-kadena-air-base-eagle-ride\\\/#primaryimage\"},\"image\":{\"@id\":\"https:\\\/\\\/marktxxl.de\\\/markt\\\/produkt\\\/harley-davidson-military-mens-black-long-sleeve-eagle-graphic-t-shirt-kadena-air-base-eagle-ride\\\/#primaryimage\"},\"thumbnailUrl\":\"https:\\\/\\\/m.media-amazon.com\\\/images\\\/I\\\/41P0k2U1P1L._SL500_.jpg\",\"datePublished\":\"2023-05-10T04:10:35+00:00\",\"description\":\"Markt-XXL HARLEY-DAVIDSON Military - Men's Black Long-Sleeve Eagle Graphic T-Shirt - Kadena Air Base | Eagle Ride\",\"breadcrumb\":{\"@id\":\"https:\\\/\\\/marktxxl.de\\\/markt\\\/produkt\\\/harley-davidson-military-mens-black-long-sleeve-eagle-graphic-t-shirt-kadena-air-base-eagle-ride\\\/#breadcrumb\"},\"inLanguage\":\"de\",\"potentialAction\":[{\"@type\":\"ReadAction\",\"target\":[\"https:\\\/\\\/marktxxl.de\\\/markt\\\/produkt\\\/harley-davidson-military-mens-black-long-sleeve-eagle-graphic-t-shirt-kadena-air-base-eagle-ride\\\/\"]}]},{\"@type\":\"ImageObject\",\"inLanguage\":\"de\",\"@id\":\"https:\\\/\\\/marktxxl.de\\\/markt\\\/produkt\\\/harley-davidson-military-mens-black-long-sleeve-eagle-graphic-t-shirt-kadena-air-base-eagle-ride\\\/#primaryimage\",\"url\":\"https:\\\/\\\/m.media-amazon.com\\\/images\\\/I\\\/41P0k2U1P1L._SL500_.jpg\",\"contentUrl\":\"https:\\\/\\\/m.media-amazon.com\\\/images\\\/I\\\/41P0k2U1P1L._SL500_.jpg\",\"width\":500,\"height\":500},{\"@type\":\"BreadcrumbList\",\"@id\":\"https:\\\/\\\/marktxxl.de\\\/markt\\\/produkt\\\/harley-davidson-military-mens-black-long-sleeve-eagle-graphic-t-shirt-kadena-air-base-eagle-ride\\\/#breadcrumb\",\"itemListElement\":[{\"@type\":\"ListItem\",\"position\":1,\"name\":\"Startseite\",\"item\":\"https:\\\/\\\/marktxxl.de\\\/markt\\\/\"},{\"@type\":\"ListItem\",\"position\":2,\"name\":\"Markt\",\"item\":\"https:\\\/\\\/marktxxl.de\\\/markt\\\/\"},{\"@type\":\"ListItem\",\"position\":3,\"name\":\"HARLEY-DAVIDSON Military &#8211; Men&#8217;s Black Long-Sleeve Eagle Graphic T-Shirt &#8211; Kadena Air Base | Eagle Ride\"}]},{\"@type\":\"WebSite\",\"@id\":\"https:\\\/\\\/marktxxl.de\\\/markt\\\/#website\",\"url\":\"https:\\\/\\\/marktxxl.de\\\/markt\\\/\",\"name\":\"Markt-XXL\",\"description\":\"Ihr Markt Online\",\"publisher\":{\"@id\":\"https:\\\/\\\/marktxxl.de\\\/markt\\\/#organization\"},\"potentialAction\":[{\"@type\":\"SearchAction\",\"target\":{\"@type\":\"EntryPoint\",\"urlTemplate\":\"https:\\\/\\\/marktxxl.de\\\/markt\\\/?s={search_term_string}\"},\"query-input\":{\"@type\":\"PropertyValueSpecification\",\"valueRequired\":true,\"valueName\":\"search_term_string\"}}],\"inLanguage\":\"de\"},{\"@type\":\"Organization\",\"@id\":\"https:\\\/\\\/marktxxl.de\\\/markt\\\/#organization\",\"name\":\"Markt-XXL\",\"url\":\"https:\\\/\\\/marktxxl.de\\\/markt\\\/\",\"logo\":{\"@type\":\"ImageObject\",\"inLanguage\":\"de\",\"@id\":\"https:\\\/\\\/marktxxl.de\\\/markt\\\/#\\\/schema\\\/logo\\\/image\\\/\",\"url\":\"https:\\\/\\\/marktxxl.de\\\/markt\\\/wp-content\\\/uploads\\\/sites\\\/3\\\/2020\\\/12\\\/logo.png\",\"contentUrl\":\"https:\\\/\\\/marktxxl.de\\\/markt\\\/wp-content\\\/uploads\\\/sites\\\/3\\\/2020\\\/12\\\/logo.png\",\"width\":200,\"height\":70,\"caption\":\"Markt-XXL\"},\"image\":{\"@id\":\"https:\\\/\\\/marktxxl.de\\\/markt\\\/#\\\/schema\\\/logo\\\/image\\\/\"}}]}<\/script>\n<!-- \/ Yoast SEO plugin. -->","yoast_head_json":{"title":"HARLEY-DAVIDSON Military - Men's Black Long-Sleeve Eagle Graphic T-Shirt - Kadena Air Base | Eagle Ride - Markt-XXL","description":"Markt-XXL HARLEY-DAVIDSON Military - Men's Black Long-Sleeve Eagle Graphic T-Shirt - Kadena Air Base | Eagle Ride","robots":{"index":"index","follow":"follow","max-snippet":"max-snippet:-1","max-image-preview":"max-image-preview:large","max-video-preview":"max-video-preview:-1"},"canonical":"https:\/\/marktxxl.de\/markt\/produkt\/harley-davidson-military-mens-black-long-sleeve-eagle-graphic-t-shirt-kadena-air-base-eagle-ride\/","og_locale":"de_DE","og_type":"article","og_title":"HARLEY-DAVIDSON Military - Men's Black Long-Sleeve Eagle Graphic T-Shirt - Kadena Air Base | Eagle Ride - Markt-XXL","og_description":"Markt-XXL HARLEY-DAVIDSON Military - Men's Black Long-Sleeve Eagle Graphic T-Shirt - Kadena Air Base | Eagle Ride","og_url":"https:\/\/marktxxl.de\/markt\/produkt\/harley-davidson-military-mens-black-long-sleeve-eagle-graphic-t-shirt-kadena-air-base-eagle-ride\/","og_site_name":"Markt-XXL","twitter_card":"summary_large_image","schema":{"@context":"https:\/\/schema.org","@graph":[{"@type":"WebPage","@id":"https:\/\/marktxxl.de\/markt\/produkt\/harley-davidson-military-mens-black-long-sleeve-eagle-graphic-t-shirt-kadena-air-base-eagle-ride\/","url":"https:\/\/marktxxl.de\/markt\/produkt\/harley-davidson-military-mens-black-long-sleeve-eagle-graphic-t-shirt-kadena-air-base-eagle-ride\/","name":"HARLEY-DAVIDSON Military - Men's Black Long-Sleeve Eagle Graphic T-Shirt - Kadena Air Base | Eagle Ride - Markt-XXL","isPartOf":{"@id":"https:\/\/marktxxl.de\/markt\/#website"},"primaryImageOfPage":{"@id":"https:\/\/marktxxl.de\/markt\/produkt\/harley-davidson-military-mens-black-long-sleeve-eagle-graphic-t-shirt-kadena-air-base-eagle-ride\/#primaryimage"},"image":{"@id":"https:\/\/marktxxl.de\/markt\/produkt\/harley-davidson-military-mens-black-long-sleeve-eagle-graphic-t-shirt-kadena-air-base-eagle-ride\/#primaryimage"},"thumbnailUrl":"https:\/\/m.media-amazon.com\/images\/I\/41P0k2U1P1L._SL500_.jpg","datePublished":"2023-05-10T04:10:35+00:00","description":"Markt-XXL HARLEY-DAVIDSON Military - Men's Black Long-Sleeve Eagle Graphic T-Shirt - Kadena Air Base | Eagle Ride","breadcrumb":{"@id":"https:\/\/marktxxl.de\/markt\/produkt\/harley-davidson-military-mens-black-long-sleeve-eagle-graphic-t-shirt-kadena-air-base-eagle-ride\/#breadcrumb"},"inLanguage":"de","potentialAction":[{"@type":"ReadAction","target":["https:\/\/marktxxl.de\/markt\/produkt\/harley-davidson-military-mens-black-long-sleeve-eagle-graphic-t-shirt-kadena-air-base-eagle-ride\/"]}]},{"@type":"ImageObject","inLanguage":"de","@id":"https:\/\/marktxxl.de\/markt\/produkt\/harley-davidson-military-mens-black-long-sleeve-eagle-graphic-t-shirt-kadena-air-base-eagle-ride\/#primaryimage","url":"https:\/\/m.media-amazon.com\/images\/I\/41P0k2U1P1L._SL500_.jpg","contentUrl":"https:\/\/m.media-amazon.com\/images\/I\/41P0k2U1P1L._SL500_.jpg","width":500,"height":500},{"@type":"BreadcrumbList","@id":"https:\/\/marktxxl.de\/markt\/produkt\/harley-davidson-military-mens-black-long-sleeve-eagle-graphic-t-shirt-kadena-air-base-eagle-ride\/#breadcrumb","itemListElement":[{"@type":"ListItem","position":1,"name":"Startseite","item":"https:\/\/marktxxl.de\/markt\/"},{"@type":"ListItem","position":2,"name":"Markt","item":"https:\/\/marktxxl.de\/markt\/"},{"@type":"ListItem","position":3,"name":"HARLEY-DAVIDSON Military &#8211; Men&#8217;s Black Long-Sleeve Eagle Graphic T-Shirt &#8211; Kadena Air Base | Eagle Ride"}]},{"@type":"WebSite","@id":"https:\/\/marktxxl.de\/markt\/#website","url":"https:\/\/marktxxl.de\/markt\/","name":"Markt-XXL","description":"Ihr Markt Online","publisher":{"@id":"https:\/\/marktxxl.de\/markt\/#organization"},"potentialAction":[{"@type":"SearchAction","target":{"@type":"EntryPoint","urlTemplate":"https:\/\/marktxxl.de\/markt\/?s={search_term_string}"},"query-input":{"@type":"PropertyValueSpecification","valueRequired":true,"valueName":"search_term_string"}}],"inLanguage":"de"},{"@type":"Organization","@id":"https:\/\/marktxxl.de\/markt\/#organization","name":"Markt-XXL","url":"https:\/\/marktxxl.de\/markt\/","logo":{"@type":"ImageObject","inLanguage":"de","@id":"https:\/\/marktxxl.de\/markt\/#\/schema\/logo\/image\/","url":"https:\/\/marktxxl.de\/markt\/wp-content\/uploads\/sites\/3\/2020\/12\/logo.png","contentUrl":"https:\/\/marktxxl.de\/markt\/wp-content\/uploads\/sites\/3\/2020\/12\/logo.png","width":200,"height":70,"caption":"Markt-XXL"},"image":{"@id":"https:\/\/marktxxl.de\/markt\/#\/schema\/logo\/image\/"}}]}},"_links":{"self":[{"href":"https:\/\/marktxxl.de\/markt\/wp-json\/wp\/v2\/product\/204201","targetHints":{"allow":["GET"]}}],"collection":[{"href":"https:\/\/marktxxl.de\/markt\/wp-json\/wp\/v2\/product"}],"about":[{"href":"https:\/\/marktxxl.de\/markt\/wp-json\/wp\/v2\/types\/product"}],"replies":[{"embeddable":true,"href":"https:\/\/marktxxl.de\/markt\/wp-json\/wp\/v2\/comments?post=204201"}],"wp:featuredmedia":[{"embeddable":true,"href":"https:\/\/marktxxl.de\/markt\/wp-json\/wp\/v2\/media\/204202"}],"wp:attachment":[{"href":"https:\/\/marktxxl.de\/markt\/wp-json\/wp\/v2\/media?parent=204201"}],"wp:term":[{"taxonomy":"product_brand","embeddable":true,"href":"https:\/\/marktxxl.de\/markt\/wp-json\/wp\/v2\/product_brand?post=204201"},{"taxonomy":"product_cat","embeddable":true,"href":"https:\/\/marktxxl.de\/markt\/wp-json\/wp\/v2\/product_cat?post=204201"},{"taxonomy":"product_tag","embeddable":true,"href":"https:\/\/marktxxl.de\/markt\/wp-json\/wp\/v2\/product_tag?post=204201"}],"curies":[{"name":"wp","href":"https:\/\/api.w.org\/{rel}","templated":true}]}}