{"id":204173,"date":"2023-05-10T05:31:51","date_gmt":"2023-05-10T03:31:51","guid":{"rendered":"https:\/\/marktxxl.de\/markt\/produkt\/holz-geburt-ankuendigung-personalisierte-baby-ankuendigung-schild-holz-geburt-ankuendigung-schild-baby-namensschild-runde-holztafel-mit-schwarzer-farbe-marker-fuer-baby-name-und-geburt-detail-20-cm\/"},"modified":"2023-05-10T05:31:51","modified_gmt":"2023-05-10T03:31:51","slug":"holz-geburt-ankuendigung-personalisierte-baby-ankuendigung-schild-holz-geburt-ankuendigung-schild-baby-namensschild-runde-holztafel-mit-schwarzer-farbe-marker-fuer-baby-name-und-geburt-detail-20-cm","status":"publish","type":"product","link":"https:\/\/marktxxl.de\/markt\/produkt\/holz-geburt-ankuendigung-personalisierte-baby-ankuendigung-schild-holz-geburt-ankuendigung-schild-baby-namensschild-runde-holztafel-mit-schwarzer-farbe-marker-fuer-baby-name-und-geburt-detail-20-cm\/","title":{"rendered":"Holz Geburt Ank\u00fcndigung Personalisierte Baby Ank\u00fcndigung Schild Holz Geburt Ank\u00fcndigung Schild Baby Namensschild Runde Holztafel mit schwarzer Farbe Marker f\u00fcr Baby Name und Geburt Detail, 20 cm"},"content":{"rendered":"<p>Paketinformationen: Das Paket kommt 1 St\u00fcck Baby Ank\u00fcndigungsschild und 1 St\u00fcck Marker f\u00fcr Sie, um eine sch\u00f6ne Kombination aus unserer Baby Ank\u00fcndigungsplatte vorzubereiten, so dass es nicht notwendig ist, den richtigen Stift zu finden; es macht das Schreiben einfach und hervorragend, geeignet f\u00fcr Neugeborene Foto-Requisiten, Geburtsank\u00fcndigungen und Krankenhaus Geburtsank\u00fcndigungsschilder f\u00fcr Neugeborene<br \/>\nDoppelseitiger Druck: verschiedene Charaktere und Muster sind auf beiden Seiten des Geburtsank\u00fcndigungsschilds gedruckt, und eine Seite, die den Namen Ihres Babys selbst ausf\u00fcllen kann; eine Seite, auf der Sie pers\u00f6nliche Informationen Ihres Babys aufschreiben k\u00f6nnen; beide Seiten sind sehr sch\u00f6n und geeignet f\u00fcr Fotoaufnahmen<br \/>\nMaterialinformationen: Baby-Namensschild ist aus hochwertigem Holz, glatt und zuverl\u00e4ssig, sicher zu verwenden, nicht leicht zu brechen oder zu verformen, geringes Gewicht, und das Schild misst ca. 20 cm im Durchmesser, bequem zu bedienen und zu tragen<br \/>\nSch\u00f6ne Erinnerungen: Das Schild f\u00fcr das Krankenhaus hat ein sch\u00f6nes, rundes Alphabet-Design und Muster, geeignet f\u00fcr die meisten Babys, sowohl Jungen als auch M\u00e4dchen, um den Wachstumszyklus des Babys aufzuzeichnen; und das Neugeborenenschild wird eine richtige Foto-Requisite oder Souvenir sein, um wunderbare Erinnerungen zu hinterlassen<br \/>\nBreites Anwendungsspektrum: Baby-Namensschild kann als Foto-Requisiten oder Babyparty-Geschenke f\u00fcr neue Eltern und werdende M\u00fctter verwendet werden, denn die Ankunft eines Neugeborenen ist ein besonders unvergesslicher Moment<br \/>\n<div class=\"main-cross-sell\" data-asin=\"B09MT2FQF8\">\n\n\t<div class=\"WooZone-cross-sell-loader\">\n\t\t<div>\n\t\t\t<div id=\"floatingBarsG\">\n\t\t\t\t<div class=\"blockG\" id=\"rotateG_01\"><\/div>\n\t\t\t\t<div class=\"blockG\" id=\"rotateG_02\"><\/div>\n\t\t\t\t<div class=\"blockG\" id=\"rotateG_03\"><\/div>\n\t\t\t\t<div class=\"blockG\" id=\"rotateG_04\"><\/div>\n\t\t\t\t<div class=\"blockG\" id=\"rotateG_05\"><\/div>\n\t\t\t\t<div class=\"blockG\" id=\"rotateG_06\"><\/div>\n\t\t\t\t<div class=\"blockG\" id=\"rotateG_07\"><\/div>\n\t\t\t\t<div class=\"blockG\" id=\"rotateG_08\"><\/div>\n\t\t\t<\/div>\n\t\t\t<div class=\"WooZone-cross-sell-loader-text\"><\/div>\n\t\t<\/div>\n\t<\/div>\n\n\t\t\n<\/div>\n<div style=\"clear:both;\"><\/div><\/p>\n","protected":false},"excerpt":{"rendered":"<p>Paketinformationen: Das Paket kommt 1 St\u00fcck Baby Ank\u00fcndigungsschild und 1 St\u00fcck Marker f\u00fcr Sie, um eine sch\u00f6ne Kombination aus unserer Baby Ank\u00fcndigungsplatte vorzubereiten, so dass es nicht notwendig ist, den richtigen Stift zu finden; es macht das Schreiben einfach und hervorragend, geeignet f\u00fcr Neugeborene Foto-Requisiten, Geburtsank\u00fcndigungen und Krankenhaus Geburtsank\u00fcndigungsschilder f\u00fcr Neugeborene<br \/>\nDoppelseitiger Druck: verschiedene Charaktere und Muster sind auf beiden Seiten des Geburtsank\u00fcndigungsschilds gedruckt, und eine Seite, die den Namen Ihres Babys selbst ausf\u00fcllen kann; eine Seite, auf der Sie pers\u00f6nliche Informationen Ihres Babys aufschreiben k\u00f6nnen; beide Seiten sind sehr sch\u00f6n und geeignet f\u00fcr Fotoaufnahmen<br \/>\nMaterialinformationen: Baby-Namensschild ist aus hochwertigem Holz, glatt und zuverl\u00e4ssig, sicher zu verwenden, nicht leicht zu brechen oder zu verformen, geringes Gewicht, und das Schild misst ca. 20 cm im Durchmesser, bequem zu bedienen und zu tragen<\/p>\n","protected":false},"featured_media":204174,"comment_status":"open","ping_status":"closed","template":"","meta":[],"product_brand":[],"product_cat":[21,8929],"product_tag":[],"class_list":{"0":"post-204173","1":"product","2":"type-product","3":"status-publish","4":"has-post-thumbnail","6":"product_cat-baby","7":"product_cat-babygeschenke-baby","8":"pa_binding-babyartikel","9":"pa_brand-namalu","10":"pa_manufacturer-namalu","12":"first","13":"instock","14":"shipping-taxable","15":"purchasable","16":"product-type-simple","17":"customify-col","18":"product-has-gallery"},"yoast_head":"<!-- This site is optimized with the Yoast SEO plugin v27.4 - https:\/\/yoast.com\/product\/yoast-seo-wordpress\/ -->\n<title>Holz Geburt Ank\u00fcndigung Personalisierte Baby Ank\u00fcndigung Schild Holz Geburt Ank\u00fcndigung Schild Baby Namensschild Runde Holztafel mit schwarzer Farbe Marker f\u00fcr Baby Name und Geburt Detail, 20 cm - Markt-XXL<\/title>\n<meta name=\"description\" content=\"Markt-XXL Holz Geburt Ank\u00fcndigung Personalisierte Baby Ank\u00fcndigung Schild Holz Geburt Ank\u00fcndigung Schild Baby Namensschild Runde Holztafel mit schwarzer Farbe Marker f\u00fcr Baby Name und Geburt Detail, 20 cm\" \/>\n<meta name=\"robots\" content=\"index, follow, max-snippet:-1, max-image-preview:large, max-video-preview:-1\" \/>\n<link rel=\"canonical\" href=\"https:\/\/marktxxl.de\/markt\/produkt\/holz-geburt-ankuendigung-personalisierte-baby-ankuendigung-schild-holz-geburt-ankuendigung-schild-baby-namensschild-runde-holztafel-mit-schwarzer-farbe-marker-fuer-baby-name-und-geburt-detail-20-cm\/\" \/>\n<meta property=\"og:locale\" content=\"de_DE\" \/>\n<meta property=\"og:type\" content=\"article\" \/>\n<meta property=\"og:title\" content=\"Holz Geburt Ank\u00fcndigung Personalisierte Baby Ank\u00fcndigung Schild Holz Geburt Ank\u00fcndigung Schild Baby Namensschild Runde Holztafel mit schwarzer Farbe Marker f\u00fcr Baby Name und Geburt Detail, 20 cm - Markt-XXL\" \/>\n<meta property=\"og:description\" content=\"Markt-XXL Holz Geburt Ank\u00fcndigung Personalisierte Baby Ank\u00fcndigung Schild Holz Geburt Ank\u00fcndigung Schild Baby Namensschild Runde Holztafel mit schwarzer Farbe Marker f\u00fcr Baby Name und Geburt Detail, 20 cm\" \/>\n<meta property=\"og:url\" content=\"https:\/\/marktxxl.de\/markt\/produkt\/holz-geburt-ankuendigung-personalisierte-baby-ankuendigung-schild-holz-geburt-ankuendigung-schild-baby-namensschild-runde-holztafel-mit-schwarzer-farbe-marker-fuer-baby-name-und-geburt-detail-20-cm\/\" \/>\n<meta property=\"og:site_name\" content=\"Markt-XXL\" \/>\n<meta name=\"twitter:card\" content=\"summary_large_image\" \/>\n<meta name=\"twitter:label1\" content=\"Gesch\u00e4tzte Lesezeit\" \/>\n\t<meta name=\"twitter:data1\" content=\"1\u00a0Minute\" \/>\n<script type=\"application\/ld+json\" class=\"yoast-schema-graph\">{\"@context\":\"https:\\\/\\\/schema.org\",\"@graph\":[{\"@type\":\"WebPage\",\"@id\":\"https:\\\/\\\/marktxxl.de\\\/markt\\\/produkt\\\/holz-geburt-ankuendigung-personalisierte-baby-ankuendigung-schild-holz-geburt-ankuendigung-schild-baby-namensschild-runde-holztafel-mit-schwarzer-farbe-marker-fuer-baby-name-und-geburt-detail-20-cm\\\/\",\"url\":\"https:\\\/\\\/marktxxl.de\\\/markt\\\/produkt\\\/holz-geburt-ankuendigung-personalisierte-baby-ankuendigung-schild-holz-geburt-ankuendigung-schild-baby-namensschild-runde-holztafel-mit-schwarzer-farbe-marker-fuer-baby-name-und-geburt-detail-20-cm\\\/\",\"name\":\"Holz Geburt Ank\u00fcndigung Personalisierte Baby Ank\u00fcndigung Schild Holz Geburt Ank\u00fcndigung Schild Baby Namensschild Runde Holztafel mit schwarzer Farbe Marker f\u00fcr Baby Name und Geburt Detail, 20 cm - Markt-XXL\",\"isPartOf\":{\"@id\":\"https:\\\/\\\/marktxxl.de\\\/markt\\\/#website\"},\"primaryImageOfPage\":{\"@id\":\"https:\\\/\\\/marktxxl.de\\\/markt\\\/produkt\\\/holz-geburt-ankuendigung-personalisierte-baby-ankuendigung-schild-holz-geburt-ankuendigung-schild-baby-namensschild-runde-holztafel-mit-schwarzer-farbe-marker-fuer-baby-name-und-geburt-detail-20-cm\\\/#primaryimage\"},\"image\":{\"@id\":\"https:\\\/\\\/marktxxl.de\\\/markt\\\/produkt\\\/holz-geburt-ankuendigung-personalisierte-baby-ankuendigung-schild-holz-geburt-ankuendigung-schild-baby-namensschild-runde-holztafel-mit-schwarzer-farbe-marker-fuer-baby-name-und-geburt-detail-20-cm\\\/#primaryimage\"},\"thumbnailUrl\":\"https:\\\/\\\/m.media-amazon.com\\\/images\\\/I\\\/517lUTBjz6L._SL500_.jpg\",\"datePublished\":\"2023-05-10T03:31:51+00:00\",\"description\":\"Markt-XXL Holz Geburt Ank\u00fcndigung Personalisierte Baby Ank\u00fcndigung Schild Holz Geburt Ank\u00fcndigung Schild Baby Namensschild Runde Holztafel mit schwarzer Farbe Marker f\u00fcr Baby Name und Geburt Detail, 20 cm\",\"breadcrumb\":{\"@id\":\"https:\\\/\\\/marktxxl.de\\\/markt\\\/produkt\\\/holz-geburt-ankuendigung-personalisierte-baby-ankuendigung-schild-holz-geburt-ankuendigung-schild-baby-namensschild-runde-holztafel-mit-schwarzer-farbe-marker-fuer-baby-name-und-geburt-detail-20-cm\\\/#breadcrumb\"},\"inLanguage\":\"de\",\"potentialAction\":[{\"@type\":\"ReadAction\",\"target\":[\"https:\\\/\\\/marktxxl.de\\\/markt\\\/produkt\\\/holz-geburt-ankuendigung-personalisierte-baby-ankuendigung-schild-holz-geburt-ankuendigung-schild-baby-namensschild-runde-holztafel-mit-schwarzer-farbe-marker-fuer-baby-name-und-geburt-detail-20-cm\\\/\"]}]},{\"@type\":\"ImageObject\",\"inLanguage\":\"de\",\"@id\":\"https:\\\/\\\/marktxxl.de\\\/markt\\\/produkt\\\/holz-geburt-ankuendigung-personalisierte-baby-ankuendigung-schild-holz-geburt-ankuendigung-schild-baby-namensschild-runde-holztafel-mit-schwarzer-farbe-marker-fuer-baby-name-und-geburt-detail-20-cm\\\/#primaryimage\",\"url\":\"https:\\\/\\\/m.media-amazon.com\\\/images\\\/I\\\/517lUTBjz6L._SL500_.jpg\",\"contentUrl\":\"https:\\\/\\\/m.media-amazon.com\\\/images\\\/I\\\/517lUTBjz6L._SL500_.jpg\",\"width\":500,\"height\":500},{\"@type\":\"BreadcrumbList\",\"@id\":\"https:\\\/\\\/marktxxl.de\\\/markt\\\/produkt\\\/holz-geburt-ankuendigung-personalisierte-baby-ankuendigung-schild-holz-geburt-ankuendigung-schild-baby-namensschild-runde-holztafel-mit-schwarzer-farbe-marker-fuer-baby-name-und-geburt-detail-20-cm\\\/#breadcrumb\",\"itemListElement\":[{\"@type\":\"ListItem\",\"position\":1,\"name\":\"Startseite\",\"item\":\"https:\\\/\\\/marktxxl.de\\\/markt\\\/\"},{\"@type\":\"ListItem\",\"position\":2,\"name\":\"Markt\",\"item\":\"https:\\\/\\\/marktxxl.de\\\/markt\\\/\"},{\"@type\":\"ListItem\",\"position\":3,\"name\":\"Holz Geburt Ank\u00fcndigung Personalisierte Baby Ank\u00fcndigung Schild Holz Geburt Ank\u00fcndigung Schild Baby Namensschild Runde Holztafel mit schwarzer Farbe Marker f\u00fcr Baby Name und Geburt Detail, 20 cm\"}]},{\"@type\":\"WebSite\",\"@id\":\"https:\\\/\\\/marktxxl.de\\\/markt\\\/#website\",\"url\":\"https:\\\/\\\/marktxxl.de\\\/markt\\\/\",\"name\":\"Markt-XXL\",\"description\":\"Ihr Markt Online\",\"publisher\":{\"@id\":\"https:\\\/\\\/marktxxl.de\\\/markt\\\/#organization\"},\"potentialAction\":[{\"@type\":\"SearchAction\",\"target\":{\"@type\":\"EntryPoint\",\"urlTemplate\":\"https:\\\/\\\/marktxxl.de\\\/markt\\\/?s={search_term_string}\"},\"query-input\":{\"@type\":\"PropertyValueSpecification\",\"valueRequired\":true,\"valueName\":\"search_term_string\"}}],\"inLanguage\":\"de\"},{\"@type\":\"Organization\",\"@id\":\"https:\\\/\\\/marktxxl.de\\\/markt\\\/#organization\",\"name\":\"Markt-XXL\",\"url\":\"https:\\\/\\\/marktxxl.de\\\/markt\\\/\",\"logo\":{\"@type\":\"ImageObject\",\"inLanguage\":\"de\",\"@id\":\"https:\\\/\\\/marktxxl.de\\\/markt\\\/#\\\/schema\\\/logo\\\/image\\\/\",\"url\":\"https:\\\/\\\/marktxxl.de\\\/markt\\\/wp-content\\\/uploads\\\/sites\\\/3\\\/2020\\\/12\\\/logo.png\",\"contentUrl\":\"https:\\\/\\\/marktxxl.de\\\/markt\\\/wp-content\\\/uploads\\\/sites\\\/3\\\/2020\\\/12\\\/logo.png\",\"width\":200,\"height\":70,\"caption\":\"Markt-XXL\"},\"image\":{\"@id\":\"https:\\\/\\\/marktxxl.de\\\/markt\\\/#\\\/schema\\\/logo\\\/image\\\/\"}}]}<\/script>\n<!-- \/ Yoast SEO plugin. -->","yoast_head_json":{"title":"Holz Geburt Ank\u00fcndigung Personalisierte Baby Ank\u00fcndigung Schild Holz Geburt Ank\u00fcndigung Schild Baby Namensschild Runde Holztafel mit schwarzer Farbe Marker f\u00fcr Baby Name und Geburt Detail, 20 cm - Markt-XXL","description":"Markt-XXL Holz Geburt Ank\u00fcndigung Personalisierte Baby Ank\u00fcndigung Schild Holz Geburt Ank\u00fcndigung Schild Baby Namensschild Runde Holztafel mit schwarzer Farbe Marker f\u00fcr Baby Name und Geburt Detail, 20 cm","robots":{"index":"index","follow":"follow","max-snippet":"max-snippet:-1","max-image-preview":"max-image-preview:large","max-video-preview":"max-video-preview:-1"},"canonical":"https:\/\/marktxxl.de\/markt\/produkt\/holz-geburt-ankuendigung-personalisierte-baby-ankuendigung-schild-holz-geburt-ankuendigung-schild-baby-namensschild-runde-holztafel-mit-schwarzer-farbe-marker-fuer-baby-name-und-geburt-detail-20-cm\/","og_locale":"de_DE","og_type":"article","og_title":"Holz Geburt Ank\u00fcndigung Personalisierte Baby Ank\u00fcndigung Schild Holz Geburt Ank\u00fcndigung Schild Baby Namensschild Runde Holztafel mit schwarzer Farbe Marker f\u00fcr Baby Name und Geburt Detail, 20 cm - Markt-XXL","og_description":"Markt-XXL Holz Geburt Ank\u00fcndigung Personalisierte Baby Ank\u00fcndigung Schild Holz Geburt Ank\u00fcndigung Schild Baby Namensschild Runde Holztafel mit schwarzer Farbe Marker f\u00fcr Baby Name und Geburt Detail, 20 cm","og_url":"https:\/\/marktxxl.de\/markt\/produkt\/holz-geburt-ankuendigung-personalisierte-baby-ankuendigung-schild-holz-geburt-ankuendigung-schild-baby-namensschild-runde-holztafel-mit-schwarzer-farbe-marker-fuer-baby-name-und-geburt-detail-20-cm\/","og_site_name":"Markt-XXL","twitter_card":"summary_large_image","twitter_misc":{"Gesch\u00e4tzte Lesezeit":"1\u00a0Minute"},"schema":{"@context":"https:\/\/schema.org","@graph":[{"@type":"WebPage","@id":"https:\/\/marktxxl.de\/markt\/produkt\/holz-geburt-ankuendigung-personalisierte-baby-ankuendigung-schild-holz-geburt-ankuendigung-schild-baby-namensschild-runde-holztafel-mit-schwarzer-farbe-marker-fuer-baby-name-und-geburt-detail-20-cm\/","url":"https:\/\/marktxxl.de\/markt\/produkt\/holz-geburt-ankuendigung-personalisierte-baby-ankuendigung-schild-holz-geburt-ankuendigung-schild-baby-namensschild-runde-holztafel-mit-schwarzer-farbe-marker-fuer-baby-name-und-geburt-detail-20-cm\/","name":"Holz Geburt Ank\u00fcndigung Personalisierte Baby Ank\u00fcndigung Schild Holz Geburt Ank\u00fcndigung Schild Baby Namensschild Runde Holztafel mit schwarzer Farbe Marker f\u00fcr Baby Name und Geburt Detail, 20 cm - Markt-XXL","isPartOf":{"@id":"https:\/\/marktxxl.de\/markt\/#website"},"primaryImageOfPage":{"@id":"https:\/\/marktxxl.de\/markt\/produkt\/holz-geburt-ankuendigung-personalisierte-baby-ankuendigung-schild-holz-geburt-ankuendigung-schild-baby-namensschild-runde-holztafel-mit-schwarzer-farbe-marker-fuer-baby-name-und-geburt-detail-20-cm\/#primaryimage"},"image":{"@id":"https:\/\/marktxxl.de\/markt\/produkt\/holz-geburt-ankuendigung-personalisierte-baby-ankuendigung-schild-holz-geburt-ankuendigung-schild-baby-namensschild-runde-holztafel-mit-schwarzer-farbe-marker-fuer-baby-name-und-geburt-detail-20-cm\/#primaryimage"},"thumbnailUrl":"https:\/\/m.media-amazon.com\/images\/I\/517lUTBjz6L._SL500_.jpg","datePublished":"2023-05-10T03:31:51+00:00","description":"Markt-XXL Holz Geburt Ank\u00fcndigung Personalisierte Baby Ank\u00fcndigung Schild Holz Geburt Ank\u00fcndigung Schild Baby Namensschild Runde Holztafel mit schwarzer Farbe Marker f\u00fcr Baby Name und Geburt Detail, 20 cm","breadcrumb":{"@id":"https:\/\/marktxxl.de\/markt\/produkt\/holz-geburt-ankuendigung-personalisierte-baby-ankuendigung-schild-holz-geburt-ankuendigung-schild-baby-namensschild-runde-holztafel-mit-schwarzer-farbe-marker-fuer-baby-name-und-geburt-detail-20-cm\/#breadcrumb"},"inLanguage":"de","potentialAction":[{"@type":"ReadAction","target":["https:\/\/marktxxl.de\/markt\/produkt\/holz-geburt-ankuendigung-personalisierte-baby-ankuendigung-schild-holz-geburt-ankuendigung-schild-baby-namensschild-runde-holztafel-mit-schwarzer-farbe-marker-fuer-baby-name-und-geburt-detail-20-cm\/"]}]},{"@type":"ImageObject","inLanguage":"de","@id":"https:\/\/marktxxl.de\/markt\/produkt\/holz-geburt-ankuendigung-personalisierte-baby-ankuendigung-schild-holz-geburt-ankuendigung-schild-baby-namensschild-runde-holztafel-mit-schwarzer-farbe-marker-fuer-baby-name-und-geburt-detail-20-cm\/#primaryimage","url":"https:\/\/m.media-amazon.com\/images\/I\/517lUTBjz6L._SL500_.jpg","contentUrl":"https:\/\/m.media-amazon.com\/images\/I\/517lUTBjz6L._SL500_.jpg","width":500,"height":500},{"@type":"BreadcrumbList","@id":"https:\/\/marktxxl.de\/markt\/produkt\/holz-geburt-ankuendigung-personalisierte-baby-ankuendigung-schild-holz-geburt-ankuendigung-schild-baby-namensschild-runde-holztafel-mit-schwarzer-farbe-marker-fuer-baby-name-und-geburt-detail-20-cm\/#breadcrumb","itemListElement":[{"@type":"ListItem","position":1,"name":"Startseite","item":"https:\/\/marktxxl.de\/markt\/"},{"@type":"ListItem","position":2,"name":"Markt","item":"https:\/\/marktxxl.de\/markt\/"},{"@type":"ListItem","position":3,"name":"Holz Geburt Ank\u00fcndigung Personalisierte Baby Ank\u00fcndigung Schild Holz Geburt Ank\u00fcndigung Schild Baby Namensschild Runde Holztafel mit schwarzer Farbe Marker f\u00fcr Baby Name und Geburt Detail, 20 cm"}]},{"@type":"WebSite","@id":"https:\/\/marktxxl.de\/markt\/#website","url":"https:\/\/marktxxl.de\/markt\/","name":"Markt-XXL","description":"Ihr Markt Online","publisher":{"@id":"https:\/\/marktxxl.de\/markt\/#organization"},"potentialAction":[{"@type":"SearchAction","target":{"@type":"EntryPoint","urlTemplate":"https:\/\/marktxxl.de\/markt\/?s={search_term_string}"},"query-input":{"@type":"PropertyValueSpecification","valueRequired":true,"valueName":"search_term_string"}}],"inLanguage":"de"},{"@type":"Organization","@id":"https:\/\/marktxxl.de\/markt\/#organization","name":"Markt-XXL","url":"https:\/\/marktxxl.de\/markt\/","logo":{"@type":"ImageObject","inLanguage":"de","@id":"https:\/\/marktxxl.de\/markt\/#\/schema\/logo\/image\/","url":"https:\/\/marktxxl.de\/markt\/wp-content\/uploads\/sites\/3\/2020\/12\/logo.png","contentUrl":"https:\/\/marktxxl.de\/markt\/wp-content\/uploads\/sites\/3\/2020\/12\/logo.png","width":200,"height":70,"caption":"Markt-XXL"},"image":{"@id":"https:\/\/marktxxl.de\/markt\/#\/schema\/logo\/image\/"}}]}},"_links":{"self":[{"href":"https:\/\/marktxxl.de\/markt\/wp-json\/wp\/v2\/product\/204173","targetHints":{"allow":["GET"]}}],"collection":[{"href":"https:\/\/marktxxl.de\/markt\/wp-json\/wp\/v2\/product"}],"about":[{"href":"https:\/\/marktxxl.de\/markt\/wp-json\/wp\/v2\/types\/product"}],"replies":[{"embeddable":true,"href":"https:\/\/marktxxl.de\/markt\/wp-json\/wp\/v2\/comments?post=204173"}],"wp:featuredmedia":[{"embeddable":true,"href":"https:\/\/marktxxl.de\/markt\/wp-json\/wp\/v2\/media\/204174"}],"wp:attachment":[{"href":"https:\/\/marktxxl.de\/markt\/wp-json\/wp\/v2\/media?parent=204173"}],"wp:term":[{"taxonomy":"product_brand","embeddable":true,"href":"https:\/\/marktxxl.de\/markt\/wp-json\/wp\/v2\/product_brand?post=204173"},{"taxonomy":"product_cat","embeddable":true,"href":"https:\/\/marktxxl.de\/markt\/wp-json\/wp\/v2\/product_cat?post=204173"},{"taxonomy":"product_tag","embeddable":true,"href":"https:\/\/marktxxl.de\/markt\/wp-json\/wp\/v2\/product_tag?post=204173"}],"curies":[{"name":"wp","href":"https:\/\/api.w.org\/{rel}","templated":true}]}}