{"id":204089,"date":"2023-05-10T05:01:37","date_gmt":"2023-05-10T03:01:37","guid":{"rendered":"https:\/\/marktxxl.de\/markt\/produkt\/hansgrohe-exafill-s-wanneneinlauf-fertigset-mit-ab-und-ueberlaufgarnitur-normalwannen-chrom\/"},"modified":"2023-05-10T05:01:37","modified_gmt":"2023-05-10T03:01:37","slug":"hansgrohe-exafill-s-wanneneinlauf-fertigset-mit-ab-und-ueberlaufgarnitur-normalwannen-chrom","status":"publish","type":"product","link":"https:\/\/marktxxl.de\/markt\/produkt\/hansgrohe-exafill-s-wanneneinlauf-fertigset-mit-ab-und-ueberlaufgarnitur-normalwannen-chrom\/","title":{"rendered":"hansgrohe Exafill S Wanneneinlauf Fertigset mit Ab- und \u00dcberlaufgarnitur, Normalwannen, Chrom"},"content":{"rendered":"<p>Geeignet f\u00fcr Normalwannen mit Faltenbalg f\u00fcr Wannen mit schr\u00e4gem Wannenrand<br \/>\nKomplettset bestehend aus: Exafill S Wanneneinlauf Fertigset, Wannensifon, Grundk\u00f6rper f\u00fcr Exafill S Wanneneinlauf Fertigset mit Ab- und \u00dcberlaufgarnitur f\u00fcr Normalwannen<br \/>\nBowdenzugl\u00e4nge 520 mm<br \/>\nHerstellergarantie: 5 Jahre bei Verkauf und Versand durch Amazon. Bei Verkauf und Versand durch einen Drittanbieter gelten die Angaben des jeweiligen Verk\u00e4ufers. Ausf\u00fchrliche Garantiebedingungen finden Sie unter \u201eWeitere technische Informationen\u201c auf dieser Seite, klicken Sie hierzu bitte auf \u201eGarantiehinweise\u201c.<br \/>\n<div class=\"main-cross-sell\" data-asin=\"B003OSS70K\">\n\n\t<div class=\"WooZone-cross-sell-loader\">\n\t\t<div>\n\t\t\t<div id=\"floatingBarsG\">\n\t\t\t\t<div class=\"blockG\" id=\"rotateG_01\"><\/div>\n\t\t\t\t<div class=\"blockG\" id=\"rotateG_02\"><\/div>\n\t\t\t\t<div class=\"blockG\" id=\"rotateG_03\"><\/div>\n\t\t\t\t<div class=\"blockG\" id=\"rotateG_04\"><\/div>\n\t\t\t\t<div class=\"blockG\" id=\"rotateG_05\"><\/div>\n\t\t\t\t<div class=\"blockG\" id=\"rotateG_06\"><\/div>\n\t\t\t\t<div class=\"blockG\" id=\"rotateG_07\"><\/div>\n\t\t\t\t<div class=\"blockG\" id=\"rotateG_08\"><\/div>\n\t\t\t<\/div>\n\t\t\t<div class=\"WooZone-cross-sell-loader-text\"><\/div>\n\t\t<\/div>\n\t<\/div>\n\n\t\t\n<\/div>\n<div style=\"clear:both;\"><\/div><\/p>\n","protected":false},"excerpt":{"rendered":"<p>Geeignet f\u00fcr Normalwannen mit Faltenbalg f\u00fcr Wannen mit schr\u00e4gem Wannenrand<br \/>\nKomplettset bestehend aus: Exafill S Wanneneinlauf Fertigset, Wannensifon, Grundk\u00f6rper f\u00fcr Exafill S Wanneneinlauf Fertigset mit Ab- und \u00dcberlaufgarnitur f\u00fcr Normalwannen<br \/>\nBowdenzugl\u00e4nge 520 mm<\/p>\n","protected":false},"featured_media":204090,"comment_status":"open","ping_status":"closed","template":"","meta":[],"product_brand":[],"product_cat":[1983,11101],"product_tag":[],"class_list":{"0":"post-204089","1":"product","2":"type-product","3":"status-publish","4":"has-post-thumbnail","6":"product_cat-baumarkt","7":"product_cat-kuechen-badinstallation","8":"pa_binding-werkzeug","9":"pa_brand-hansgrohe","10":"pa_color-chrom","11":"pa_height-4-0944881848-zoll","12":"pa_length-17-9133858085-zoll","13":"pa_manufacturer-hansgrohe","14":"pa_model-51665","15":"pa_size-auslaufhoehe-70mm","16":"pa_warranty-2-year-manufacturer","17":"pa_weight-2-35012771292-pfund","18":"pa_width-9-6062992028-zoll","20":"first","21":"instock","22":"sale","23":"shipping-taxable","24":"purchasable","25":"product-type-simple","26":"customify-col","27":"product-has-gallery"},"yoast_head":"<!-- This site is optimized with the Yoast SEO plugin v27.4 - https:\/\/yoast.com\/product\/yoast-seo-wordpress\/ -->\n<title>hansgrohe Exafill S Wanneneinlauf Fertigset mit Ab- und \u00dcberlaufgarnitur, Normalwannen, Chrom - Markt-XXL<\/title>\n<meta name=\"description\" content=\"Markt-XXL hansgrohe Exafill S Wanneneinlauf Fertigset mit Ab- und \u00dcberlaufgarnitur, Normalwannen, Chrom\" \/>\n<meta name=\"robots\" content=\"index, follow, max-snippet:-1, max-image-preview:large, max-video-preview:-1\" \/>\n<link rel=\"canonical\" href=\"https:\/\/marktxxl.de\/markt\/produkt\/hansgrohe-exafill-s-wanneneinlauf-fertigset-mit-ab-und-ueberlaufgarnitur-normalwannen-chrom\/\" \/>\n<meta property=\"og:locale\" content=\"de_DE\" \/>\n<meta property=\"og:type\" content=\"article\" \/>\n<meta property=\"og:title\" content=\"hansgrohe Exafill S Wanneneinlauf Fertigset mit Ab- und \u00dcberlaufgarnitur, Normalwannen, Chrom - Markt-XXL\" \/>\n<meta property=\"og:description\" content=\"Markt-XXL hansgrohe Exafill S Wanneneinlauf Fertigset mit Ab- und \u00dcberlaufgarnitur, Normalwannen, Chrom\" \/>\n<meta property=\"og:url\" content=\"https:\/\/marktxxl.de\/markt\/produkt\/hansgrohe-exafill-s-wanneneinlauf-fertigset-mit-ab-und-ueberlaufgarnitur-normalwannen-chrom\/\" \/>\n<meta property=\"og:site_name\" content=\"Markt-XXL\" \/>\n<meta name=\"twitter:card\" content=\"summary_large_image\" \/>\n<script type=\"application\/ld+json\" class=\"yoast-schema-graph\">{\"@context\":\"https:\\\/\\\/schema.org\",\"@graph\":[{\"@type\":\"WebPage\",\"@id\":\"https:\\\/\\\/marktxxl.de\\\/markt\\\/produkt\\\/hansgrohe-exafill-s-wanneneinlauf-fertigset-mit-ab-und-ueberlaufgarnitur-normalwannen-chrom\\\/\",\"url\":\"https:\\\/\\\/marktxxl.de\\\/markt\\\/produkt\\\/hansgrohe-exafill-s-wanneneinlauf-fertigset-mit-ab-und-ueberlaufgarnitur-normalwannen-chrom\\\/\",\"name\":\"hansgrohe Exafill S Wanneneinlauf Fertigset mit Ab- und \u00dcberlaufgarnitur, Normalwannen, Chrom - Markt-XXL\",\"isPartOf\":{\"@id\":\"https:\\\/\\\/marktxxl.de\\\/markt\\\/#website\"},\"primaryImageOfPage\":{\"@id\":\"https:\\\/\\\/marktxxl.de\\\/markt\\\/produkt\\\/hansgrohe-exafill-s-wanneneinlauf-fertigset-mit-ab-und-ueberlaufgarnitur-normalwannen-chrom\\\/#primaryimage\"},\"image\":{\"@id\":\"https:\\\/\\\/marktxxl.de\\\/markt\\\/produkt\\\/hansgrohe-exafill-s-wanneneinlauf-fertigset-mit-ab-und-ueberlaufgarnitur-normalwannen-chrom\\\/#primaryimage\"},\"thumbnailUrl\":\"https:\\\/\\\/m.media-amazon.com\\\/images\\\/I\\\/312FouPIeEL._SL500_.jpg\",\"datePublished\":\"2023-05-10T03:01:37+00:00\",\"description\":\"Markt-XXL hansgrohe Exafill S Wanneneinlauf Fertigset mit Ab- und \u00dcberlaufgarnitur, Normalwannen, Chrom\",\"breadcrumb\":{\"@id\":\"https:\\\/\\\/marktxxl.de\\\/markt\\\/produkt\\\/hansgrohe-exafill-s-wanneneinlauf-fertigset-mit-ab-und-ueberlaufgarnitur-normalwannen-chrom\\\/#breadcrumb\"},\"inLanguage\":\"de\",\"potentialAction\":[{\"@type\":\"ReadAction\",\"target\":[\"https:\\\/\\\/marktxxl.de\\\/markt\\\/produkt\\\/hansgrohe-exafill-s-wanneneinlauf-fertigset-mit-ab-und-ueberlaufgarnitur-normalwannen-chrom\\\/\"]}]},{\"@type\":\"ImageObject\",\"inLanguage\":\"de\",\"@id\":\"https:\\\/\\\/marktxxl.de\\\/markt\\\/produkt\\\/hansgrohe-exafill-s-wanneneinlauf-fertigset-mit-ab-und-ueberlaufgarnitur-normalwannen-chrom\\\/#primaryimage\",\"url\":\"https:\\\/\\\/m.media-amazon.com\\\/images\\\/I\\\/312FouPIeEL._SL500_.jpg\",\"contentUrl\":\"https:\\\/\\\/m.media-amazon.com\\\/images\\\/I\\\/312FouPIeEL._SL500_.jpg\",\"width\":334,\"height\":500},{\"@type\":\"BreadcrumbList\",\"@id\":\"https:\\\/\\\/marktxxl.de\\\/markt\\\/produkt\\\/hansgrohe-exafill-s-wanneneinlauf-fertigset-mit-ab-und-ueberlaufgarnitur-normalwannen-chrom\\\/#breadcrumb\",\"itemListElement\":[{\"@type\":\"ListItem\",\"position\":1,\"name\":\"Startseite\",\"item\":\"https:\\\/\\\/marktxxl.de\\\/markt\\\/\"},{\"@type\":\"ListItem\",\"position\":2,\"name\":\"Markt\",\"item\":\"https:\\\/\\\/marktxxl.de\\\/markt\\\/\"},{\"@type\":\"ListItem\",\"position\":3,\"name\":\"hansgrohe Exafill S Wanneneinlauf Fertigset mit Ab- und \u00dcberlaufgarnitur, Normalwannen, Chrom\"}]},{\"@type\":\"WebSite\",\"@id\":\"https:\\\/\\\/marktxxl.de\\\/markt\\\/#website\",\"url\":\"https:\\\/\\\/marktxxl.de\\\/markt\\\/\",\"name\":\"Markt-XXL\",\"description\":\"Ihr Markt Online\",\"publisher\":{\"@id\":\"https:\\\/\\\/marktxxl.de\\\/markt\\\/#organization\"},\"potentialAction\":[{\"@type\":\"SearchAction\",\"target\":{\"@type\":\"EntryPoint\",\"urlTemplate\":\"https:\\\/\\\/marktxxl.de\\\/markt\\\/?s={search_term_string}\"},\"query-input\":{\"@type\":\"PropertyValueSpecification\",\"valueRequired\":true,\"valueName\":\"search_term_string\"}}],\"inLanguage\":\"de\"},{\"@type\":\"Organization\",\"@id\":\"https:\\\/\\\/marktxxl.de\\\/markt\\\/#organization\",\"name\":\"Markt-XXL\",\"url\":\"https:\\\/\\\/marktxxl.de\\\/markt\\\/\",\"logo\":{\"@type\":\"ImageObject\",\"inLanguage\":\"de\",\"@id\":\"https:\\\/\\\/marktxxl.de\\\/markt\\\/#\\\/schema\\\/logo\\\/image\\\/\",\"url\":\"https:\\\/\\\/marktxxl.de\\\/markt\\\/wp-content\\\/uploads\\\/sites\\\/3\\\/2020\\\/12\\\/logo.png\",\"contentUrl\":\"https:\\\/\\\/marktxxl.de\\\/markt\\\/wp-content\\\/uploads\\\/sites\\\/3\\\/2020\\\/12\\\/logo.png\",\"width\":200,\"height\":70,\"caption\":\"Markt-XXL\"},\"image\":{\"@id\":\"https:\\\/\\\/marktxxl.de\\\/markt\\\/#\\\/schema\\\/logo\\\/image\\\/\"}}]}<\/script>\n<!-- \/ Yoast SEO plugin. -->","yoast_head_json":{"title":"hansgrohe Exafill S Wanneneinlauf Fertigset mit Ab- und \u00dcberlaufgarnitur, Normalwannen, Chrom - Markt-XXL","description":"Markt-XXL hansgrohe Exafill S Wanneneinlauf Fertigset mit Ab- und \u00dcberlaufgarnitur, Normalwannen, Chrom","robots":{"index":"index","follow":"follow","max-snippet":"max-snippet:-1","max-image-preview":"max-image-preview:large","max-video-preview":"max-video-preview:-1"},"canonical":"https:\/\/marktxxl.de\/markt\/produkt\/hansgrohe-exafill-s-wanneneinlauf-fertigset-mit-ab-und-ueberlaufgarnitur-normalwannen-chrom\/","og_locale":"de_DE","og_type":"article","og_title":"hansgrohe Exafill S Wanneneinlauf Fertigset mit Ab- und \u00dcberlaufgarnitur, Normalwannen, Chrom - Markt-XXL","og_description":"Markt-XXL hansgrohe Exafill S Wanneneinlauf Fertigset mit Ab- und \u00dcberlaufgarnitur, Normalwannen, Chrom","og_url":"https:\/\/marktxxl.de\/markt\/produkt\/hansgrohe-exafill-s-wanneneinlauf-fertigset-mit-ab-und-ueberlaufgarnitur-normalwannen-chrom\/","og_site_name":"Markt-XXL","twitter_card":"summary_large_image","schema":{"@context":"https:\/\/schema.org","@graph":[{"@type":"WebPage","@id":"https:\/\/marktxxl.de\/markt\/produkt\/hansgrohe-exafill-s-wanneneinlauf-fertigset-mit-ab-und-ueberlaufgarnitur-normalwannen-chrom\/","url":"https:\/\/marktxxl.de\/markt\/produkt\/hansgrohe-exafill-s-wanneneinlauf-fertigset-mit-ab-und-ueberlaufgarnitur-normalwannen-chrom\/","name":"hansgrohe Exafill S Wanneneinlauf Fertigset mit Ab- und \u00dcberlaufgarnitur, Normalwannen, Chrom - Markt-XXL","isPartOf":{"@id":"https:\/\/marktxxl.de\/markt\/#website"},"primaryImageOfPage":{"@id":"https:\/\/marktxxl.de\/markt\/produkt\/hansgrohe-exafill-s-wanneneinlauf-fertigset-mit-ab-und-ueberlaufgarnitur-normalwannen-chrom\/#primaryimage"},"image":{"@id":"https:\/\/marktxxl.de\/markt\/produkt\/hansgrohe-exafill-s-wanneneinlauf-fertigset-mit-ab-und-ueberlaufgarnitur-normalwannen-chrom\/#primaryimage"},"thumbnailUrl":"https:\/\/m.media-amazon.com\/images\/I\/312FouPIeEL._SL500_.jpg","datePublished":"2023-05-10T03:01:37+00:00","description":"Markt-XXL hansgrohe Exafill S Wanneneinlauf Fertigset mit Ab- und \u00dcberlaufgarnitur, Normalwannen, Chrom","breadcrumb":{"@id":"https:\/\/marktxxl.de\/markt\/produkt\/hansgrohe-exafill-s-wanneneinlauf-fertigset-mit-ab-und-ueberlaufgarnitur-normalwannen-chrom\/#breadcrumb"},"inLanguage":"de","potentialAction":[{"@type":"ReadAction","target":["https:\/\/marktxxl.de\/markt\/produkt\/hansgrohe-exafill-s-wanneneinlauf-fertigset-mit-ab-und-ueberlaufgarnitur-normalwannen-chrom\/"]}]},{"@type":"ImageObject","inLanguage":"de","@id":"https:\/\/marktxxl.de\/markt\/produkt\/hansgrohe-exafill-s-wanneneinlauf-fertigset-mit-ab-und-ueberlaufgarnitur-normalwannen-chrom\/#primaryimage","url":"https:\/\/m.media-amazon.com\/images\/I\/312FouPIeEL._SL500_.jpg","contentUrl":"https:\/\/m.media-amazon.com\/images\/I\/312FouPIeEL._SL500_.jpg","width":334,"height":500},{"@type":"BreadcrumbList","@id":"https:\/\/marktxxl.de\/markt\/produkt\/hansgrohe-exafill-s-wanneneinlauf-fertigset-mit-ab-und-ueberlaufgarnitur-normalwannen-chrom\/#breadcrumb","itemListElement":[{"@type":"ListItem","position":1,"name":"Startseite","item":"https:\/\/marktxxl.de\/markt\/"},{"@type":"ListItem","position":2,"name":"Markt","item":"https:\/\/marktxxl.de\/markt\/"},{"@type":"ListItem","position":3,"name":"hansgrohe Exafill S Wanneneinlauf Fertigset mit Ab- und \u00dcberlaufgarnitur, Normalwannen, Chrom"}]},{"@type":"WebSite","@id":"https:\/\/marktxxl.de\/markt\/#website","url":"https:\/\/marktxxl.de\/markt\/","name":"Markt-XXL","description":"Ihr Markt Online","publisher":{"@id":"https:\/\/marktxxl.de\/markt\/#organization"},"potentialAction":[{"@type":"SearchAction","target":{"@type":"EntryPoint","urlTemplate":"https:\/\/marktxxl.de\/markt\/?s={search_term_string}"},"query-input":{"@type":"PropertyValueSpecification","valueRequired":true,"valueName":"search_term_string"}}],"inLanguage":"de"},{"@type":"Organization","@id":"https:\/\/marktxxl.de\/markt\/#organization","name":"Markt-XXL","url":"https:\/\/marktxxl.de\/markt\/","logo":{"@type":"ImageObject","inLanguage":"de","@id":"https:\/\/marktxxl.de\/markt\/#\/schema\/logo\/image\/","url":"https:\/\/marktxxl.de\/markt\/wp-content\/uploads\/sites\/3\/2020\/12\/logo.png","contentUrl":"https:\/\/marktxxl.de\/markt\/wp-content\/uploads\/sites\/3\/2020\/12\/logo.png","width":200,"height":70,"caption":"Markt-XXL"},"image":{"@id":"https:\/\/marktxxl.de\/markt\/#\/schema\/logo\/image\/"}}]}},"_links":{"self":[{"href":"https:\/\/marktxxl.de\/markt\/wp-json\/wp\/v2\/product\/204089","targetHints":{"allow":["GET"]}}],"collection":[{"href":"https:\/\/marktxxl.de\/markt\/wp-json\/wp\/v2\/product"}],"about":[{"href":"https:\/\/marktxxl.de\/markt\/wp-json\/wp\/v2\/types\/product"}],"replies":[{"embeddable":true,"href":"https:\/\/marktxxl.de\/markt\/wp-json\/wp\/v2\/comments?post=204089"}],"wp:featuredmedia":[{"embeddable":true,"href":"https:\/\/marktxxl.de\/markt\/wp-json\/wp\/v2\/media\/204090"}],"wp:attachment":[{"href":"https:\/\/marktxxl.de\/markt\/wp-json\/wp\/v2\/media?parent=204089"}],"wp:term":[{"taxonomy":"product_brand","embeddable":true,"href":"https:\/\/marktxxl.de\/markt\/wp-json\/wp\/v2\/product_brand?post=204089"},{"taxonomy":"product_cat","embeddable":true,"href":"https:\/\/marktxxl.de\/markt\/wp-json\/wp\/v2\/product_cat?post=204089"},{"taxonomy":"product_tag","embeddable":true,"href":"https:\/\/marktxxl.de\/markt\/wp-json\/wp\/v2\/product_tag?post=204089"}],"curies":[{"name":"wp","href":"https:\/\/api.w.org\/{rel}","templated":true}]}}