{"id":204030,"date":"2023-05-10T04:07:42","date_gmt":"2023-05-10T02:07:42","guid":{"rendered":"https:\/\/marktxxl.de\/markt\/produkt\/cerave-feuchtigkeitsspendendes-gesichts-und-koerperreiniger-fuer-normale-bis-trockene-haut-mit-hyaluronsaeure-473-ml-travel-size-feuchtigkeitsspendende-reinigung-20-ml\/"},"modified":"2023-05-10T04:07:42","modified_gmt":"2023-05-10T02:07:42","slug":"cerave-feuchtigkeitsspendendes-gesichts-und-koerperreiniger-fuer-normale-bis-trockene-haut-mit-hyaluronsaeure-473-ml-travel-size-feuchtigkeitsspendende-reinigung-20-ml","status":"publish","type":"product","link":"https:\/\/marktxxl.de\/markt\/produkt\/cerave-feuchtigkeitsspendendes-gesichts-und-koerperreiniger-fuer-normale-bis-trockene-haut-mit-hyaluronsaeure-473-ml-travel-size-feuchtigkeitsspendende-reinigung-20-ml\/","title":{"rendered":"CeraVe Feuchtigkeitsspendendes Gesichts- und K\u00f6rperreiniger, f\u00fcr normale bis trockene Haut, mit Hyalurons\u00e4ure, 473 ml + Travel Size Feuchtigkeitsspendende Reinigung, 20 ml"},"content":{"rendered":"<p>Nicht sch\u00e4umender Reiniger spendet Feuchtigkeit, reinigt und erfrischt die Haut. Geeignet zum Entfernen von Verunreinigungen, Make-up und anderen R\u00fcckst\u00e4nden. Ideal f\u00fcr normale bis trockene Haut, sanft zu Gesicht und K\u00f6rper<br \/>\nDank der 3 essentiellen Ceramide und Hyalurons\u00e4ure hilft die nat\u00fcrliche Hautbarriere wiederherzustellen und zu bewahren, spendet Feuchtigkeit und tr\u00e4gt dazu bei, die mit Dermatologen entwickelte Feuchtigkeit der Haut zu erhalten.<br \/>\nPatentierte MVE (Multivesicular Emulsion): erm\u00f6glicht die st\u00e4ndige Freisetzung der Wirkstoffe f\u00fcr bis zu 24 Stunden Hydration<br \/>\nMit Dermatologen entwickelt<br \/>\nBer\u00fccksichtigt die nat\u00fcrliche Schutzbarriere der Haut und erh\u00e4lt den normalen Feuchtigkeitsgehalt. Nicht komedogen (verstopft die Poren), hypoallergen, parf\u00fcmfrei. Dermatologisch getestet<br \/>\n<div class=\"main-cross-sell\" data-asin=\"B0B2QSVBNX\">\n\n\t<div class=\"WooZone-cross-sell-loader\">\n\t\t<div>\n\t\t\t<div id=\"floatingBarsG\">\n\t\t\t\t<div class=\"blockG\" id=\"rotateG_01\"><\/div>\n\t\t\t\t<div class=\"blockG\" id=\"rotateG_02\"><\/div>\n\t\t\t\t<div class=\"blockG\" id=\"rotateG_03\"><\/div>\n\t\t\t\t<div class=\"blockG\" id=\"rotateG_04\"><\/div>\n\t\t\t\t<div class=\"blockG\" id=\"rotateG_05\"><\/div>\n\t\t\t\t<div class=\"blockG\" id=\"rotateG_06\"><\/div>\n\t\t\t\t<div class=\"blockG\" id=\"rotateG_07\"><\/div>\n\t\t\t\t<div class=\"blockG\" id=\"rotateG_08\"><\/div>\n\t\t\t<\/div>\n\t\t\t<div class=\"WooZone-cross-sell-loader-text\"><\/div>\n\t\t<\/div>\n\t<\/div>\n\n\t\t\n<\/div>\n<div style=\"clear:both;\"><\/div><\/p>\n","protected":false},"excerpt":{"rendered":"<p>Nicht sch\u00e4umender Reiniger spendet Feuchtigkeit, reinigt und erfrischt die Haut. Geeignet zum Entfernen von Verunreinigungen, Make-up und anderen R\u00fcckst\u00e4nden. Ideal f\u00fcr normale bis trockene Haut, sanft zu Gesicht und K\u00f6rper<br \/>\nDank der 3 essentiellen Ceramide und Hyalurons\u00e4ure hilft die nat\u00fcrliche Hautbarriere wiederherzustellen und zu bewahren, spendet Feuchtigkeit und tr\u00e4gt dazu bei, die mit Dermatologen entwickelte Feuchtigkeit der Haut zu erhalten.<br \/>\nPatentierte MVE (Multivesicular Emulsion): erm\u00f6glicht die st\u00e4ndige Freisetzung der Wirkstoffe f\u00fcr bis zu 24 Stunden Hydration<\/p>\n","protected":false},"featured_media":204031,"comment_status":"open","ping_status":"closed","template":"","meta":[],"product_brand":[],"product_cat":[2858,7067],"product_tag":[],"class_list":{"0":"post-204030","1":"product","2":"type-product","3":"status-publish","4":"has-post-thumbnail","6":"product_cat-beauty","7":"product_cat-hautpflege","8":"pa_binding-badartikel","9":"pa_brand-cerave","10":"pa_height-7-480314953-zoll","11":"pa_length-3-93700787-zoll","12":"pa_manufacturer-cerave","13":"pa_size-2-teiliges-sortiment","14":"pa_width-1-968503935-zoll","16":"first","17":"instock","18":"shipping-taxable","19":"purchasable","20":"product-type-simple","21":"customify-col","22":"product-has-gallery"},"yoast_head":"<!-- This site is optimized with the Yoast SEO plugin v27.4 - https:\/\/yoast.com\/product\/yoast-seo-wordpress\/ -->\n<title>CeraVe Feuchtigkeitsspendendes Gesichts- und K\u00f6rperreiniger, f\u00fcr normale bis trockene Haut, mit Hyalurons\u00e4ure, 473 ml + Travel Size Feuchtigkeitsspendende Reinigung, 20 ml - Markt-XXL<\/title>\n<meta name=\"description\" content=\"Markt-XXL CeraVe Feuchtigkeitsspendendes Gesichts- und K\u00f6rperreiniger, f\u00fcr normale bis trockene Haut, mit Hyalurons\u00e4ure, 473 ml + Travel Size Feuchtigkeitsspendende Reinigung, 20 ml\" \/>\n<meta name=\"robots\" content=\"index, follow, max-snippet:-1, max-image-preview:large, max-video-preview:-1\" \/>\n<link rel=\"canonical\" href=\"https:\/\/marktxxl.de\/markt\/produkt\/cerave-feuchtigkeitsspendendes-gesichts-und-koerperreiniger-fuer-normale-bis-trockene-haut-mit-hyaluronsaeure-473-ml-travel-size-feuchtigkeitsspendende-reinigung-20-ml\/\" \/>\n<meta property=\"og:locale\" content=\"de_DE\" \/>\n<meta property=\"og:type\" content=\"article\" \/>\n<meta property=\"og:title\" content=\"CeraVe Feuchtigkeitsspendendes Gesichts- und K\u00f6rperreiniger, f\u00fcr normale bis trockene Haut, mit Hyalurons\u00e4ure, 473 ml + Travel Size Feuchtigkeitsspendende Reinigung, 20 ml - Markt-XXL\" \/>\n<meta property=\"og:description\" content=\"Markt-XXL CeraVe Feuchtigkeitsspendendes Gesichts- und K\u00f6rperreiniger, f\u00fcr normale bis trockene Haut, mit Hyalurons\u00e4ure, 473 ml + Travel Size Feuchtigkeitsspendende Reinigung, 20 ml\" \/>\n<meta property=\"og:url\" content=\"https:\/\/marktxxl.de\/markt\/produkt\/cerave-feuchtigkeitsspendendes-gesichts-und-koerperreiniger-fuer-normale-bis-trockene-haut-mit-hyaluronsaeure-473-ml-travel-size-feuchtigkeitsspendende-reinigung-20-ml\/\" \/>\n<meta property=\"og:site_name\" content=\"Markt-XXL\" \/>\n<meta name=\"twitter:card\" content=\"summary_large_image\" \/>\n<meta name=\"twitter:label1\" content=\"Gesch\u00e4tzte Lesezeit\" \/>\n\t<meta name=\"twitter:data1\" content=\"1\u00a0Minute\" \/>\n<script type=\"application\/ld+json\" class=\"yoast-schema-graph\">{\"@context\":\"https:\\\/\\\/schema.org\",\"@graph\":[{\"@type\":\"WebPage\",\"@id\":\"https:\\\/\\\/marktxxl.de\\\/markt\\\/produkt\\\/cerave-feuchtigkeitsspendendes-gesichts-und-koerperreiniger-fuer-normale-bis-trockene-haut-mit-hyaluronsaeure-473-ml-travel-size-feuchtigkeitsspendende-reinigung-20-ml\\\/\",\"url\":\"https:\\\/\\\/marktxxl.de\\\/markt\\\/produkt\\\/cerave-feuchtigkeitsspendendes-gesichts-und-koerperreiniger-fuer-normale-bis-trockene-haut-mit-hyaluronsaeure-473-ml-travel-size-feuchtigkeitsspendende-reinigung-20-ml\\\/\",\"name\":\"CeraVe Feuchtigkeitsspendendes Gesichts- und K\u00f6rperreiniger, f\u00fcr normale bis trockene Haut, mit Hyalurons\u00e4ure, 473 ml + Travel Size Feuchtigkeitsspendende Reinigung, 20 ml - Markt-XXL\",\"isPartOf\":{\"@id\":\"https:\\\/\\\/marktxxl.de\\\/markt\\\/#website\"},\"primaryImageOfPage\":{\"@id\":\"https:\\\/\\\/marktxxl.de\\\/markt\\\/produkt\\\/cerave-feuchtigkeitsspendendes-gesichts-und-koerperreiniger-fuer-normale-bis-trockene-haut-mit-hyaluronsaeure-473-ml-travel-size-feuchtigkeitsspendende-reinigung-20-ml\\\/#primaryimage\"},\"image\":{\"@id\":\"https:\\\/\\\/marktxxl.de\\\/markt\\\/produkt\\\/cerave-feuchtigkeitsspendendes-gesichts-und-koerperreiniger-fuer-normale-bis-trockene-haut-mit-hyaluronsaeure-473-ml-travel-size-feuchtigkeitsspendende-reinigung-20-ml\\\/#primaryimage\"},\"thumbnailUrl\":\"https:\\\/\\\/m.media-amazon.com\\\/images\\\/I\\\/41U6QdERFwL._SL500_.jpg\",\"datePublished\":\"2023-05-10T02:07:42+00:00\",\"description\":\"Markt-XXL CeraVe Feuchtigkeitsspendendes Gesichts- und K\u00f6rperreiniger, f\u00fcr normale bis trockene Haut, mit Hyalurons\u00e4ure, 473 ml + Travel Size Feuchtigkeitsspendende Reinigung, 20 ml\",\"breadcrumb\":{\"@id\":\"https:\\\/\\\/marktxxl.de\\\/markt\\\/produkt\\\/cerave-feuchtigkeitsspendendes-gesichts-und-koerperreiniger-fuer-normale-bis-trockene-haut-mit-hyaluronsaeure-473-ml-travel-size-feuchtigkeitsspendende-reinigung-20-ml\\\/#breadcrumb\"},\"inLanguage\":\"de\",\"potentialAction\":[{\"@type\":\"ReadAction\",\"target\":[\"https:\\\/\\\/marktxxl.de\\\/markt\\\/produkt\\\/cerave-feuchtigkeitsspendendes-gesichts-und-koerperreiniger-fuer-normale-bis-trockene-haut-mit-hyaluronsaeure-473-ml-travel-size-feuchtigkeitsspendende-reinigung-20-ml\\\/\"]}]},{\"@type\":\"ImageObject\",\"inLanguage\":\"de\",\"@id\":\"https:\\\/\\\/marktxxl.de\\\/markt\\\/produkt\\\/cerave-feuchtigkeitsspendendes-gesichts-und-koerperreiniger-fuer-normale-bis-trockene-haut-mit-hyaluronsaeure-473-ml-travel-size-feuchtigkeitsspendende-reinigung-20-ml\\\/#primaryimage\",\"url\":\"https:\\\/\\\/m.media-amazon.com\\\/images\\\/I\\\/41U6QdERFwL._SL500_.jpg\",\"contentUrl\":\"https:\\\/\\\/m.media-amazon.com\\\/images\\\/I\\\/41U6QdERFwL._SL500_.jpg\",\"width\":500,\"height\":500},{\"@type\":\"BreadcrumbList\",\"@id\":\"https:\\\/\\\/marktxxl.de\\\/markt\\\/produkt\\\/cerave-feuchtigkeitsspendendes-gesichts-und-koerperreiniger-fuer-normale-bis-trockene-haut-mit-hyaluronsaeure-473-ml-travel-size-feuchtigkeitsspendende-reinigung-20-ml\\\/#breadcrumb\",\"itemListElement\":[{\"@type\":\"ListItem\",\"position\":1,\"name\":\"Startseite\",\"item\":\"https:\\\/\\\/marktxxl.de\\\/markt\\\/\"},{\"@type\":\"ListItem\",\"position\":2,\"name\":\"Markt\",\"item\":\"https:\\\/\\\/marktxxl.de\\\/markt\\\/\"},{\"@type\":\"ListItem\",\"position\":3,\"name\":\"CeraVe Feuchtigkeitsspendendes Gesichts- und K\u00f6rperreiniger, f\u00fcr normale bis trockene Haut, mit Hyalurons\u00e4ure, 473 ml + Travel Size Feuchtigkeitsspendende Reinigung, 20 ml\"}]},{\"@type\":\"WebSite\",\"@id\":\"https:\\\/\\\/marktxxl.de\\\/markt\\\/#website\",\"url\":\"https:\\\/\\\/marktxxl.de\\\/markt\\\/\",\"name\":\"Markt-XXL\",\"description\":\"Ihr Markt Online\",\"publisher\":{\"@id\":\"https:\\\/\\\/marktxxl.de\\\/markt\\\/#organization\"},\"potentialAction\":[{\"@type\":\"SearchAction\",\"target\":{\"@type\":\"EntryPoint\",\"urlTemplate\":\"https:\\\/\\\/marktxxl.de\\\/markt\\\/?s={search_term_string}\"},\"query-input\":{\"@type\":\"PropertyValueSpecification\",\"valueRequired\":true,\"valueName\":\"search_term_string\"}}],\"inLanguage\":\"de\"},{\"@type\":\"Organization\",\"@id\":\"https:\\\/\\\/marktxxl.de\\\/markt\\\/#organization\",\"name\":\"Markt-XXL\",\"url\":\"https:\\\/\\\/marktxxl.de\\\/markt\\\/\",\"logo\":{\"@type\":\"ImageObject\",\"inLanguage\":\"de\",\"@id\":\"https:\\\/\\\/marktxxl.de\\\/markt\\\/#\\\/schema\\\/logo\\\/image\\\/\",\"url\":\"https:\\\/\\\/marktxxl.de\\\/markt\\\/wp-content\\\/uploads\\\/sites\\\/3\\\/2020\\\/12\\\/logo.png\",\"contentUrl\":\"https:\\\/\\\/marktxxl.de\\\/markt\\\/wp-content\\\/uploads\\\/sites\\\/3\\\/2020\\\/12\\\/logo.png\",\"width\":200,\"height\":70,\"caption\":\"Markt-XXL\"},\"image\":{\"@id\":\"https:\\\/\\\/marktxxl.de\\\/markt\\\/#\\\/schema\\\/logo\\\/image\\\/\"}}]}<\/script>\n<!-- \/ Yoast SEO plugin. -->","yoast_head_json":{"title":"CeraVe Feuchtigkeitsspendendes Gesichts- und K\u00f6rperreiniger, f\u00fcr normale bis trockene Haut, mit Hyalurons\u00e4ure, 473 ml + Travel Size Feuchtigkeitsspendende Reinigung, 20 ml - Markt-XXL","description":"Markt-XXL CeraVe Feuchtigkeitsspendendes Gesichts- und K\u00f6rperreiniger, f\u00fcr normale bis trockene Haut, mit Hyalurons\u00e4ure, 473 ml + Travel Size Feuchtigkeitsspendende Reinigung, 20 ml","robots":{"index":"index","follow":"follow","max-snippet":"max-snippet:-1","max-image-preview":"max-image-preview:large","max-video-preview":"max-video-preview:-1"},"canonical":"https:\/\/marktxxl.de\/markt\/produkt\/cerave-feuchtigkeitsspendendes-gesichts-und-koerperreiniger-fuer-normale-bis-trockene-haut-mit-hyaluronsaeure-473-ml-travel-size-feuchtigkeitsspendende-reinigung-20-ml\/","og_locale":"de_DE","og_type":"article","og_title":"CeraVe Feuchtigkeitsspendendes Gesichts- und K\u00f6rperreiniger, f\u00fcr normale bis trockene Haut, mit Hyalurons\u00e4ure, 473 ml + Travel Size Feuchtigkeitsspendende Reinigung, 20 ml - Markt-XXL","og_description":"Markt-XXL CeraVe Feuchtigkeitsspendendes Gesichts- und K\u00f6rperreiniger, f\u00fcr normale bis trockene Haut, mit Hyalurons\u00e4ure, 473 ml + Travel Size Feuchtigkeitsspendende Reinigung, 20 ml","og_url":"https:\/\/marktxxl.de\/markt\/produkt\/cerave-feuchtigkeitsspendendes-gesichts-und-koerperreiniger-fuer-normale-bis-trockene-haut-mit-hyaluronsaeure-473-ml-travel-size-feuchtigkeitsspendende-reinigung-20-ml\/","og_site_name":"Markt-XXL","twitter_card":"summary_large_image","twitter_misc":{"Gesch\u00e4tzte Lesezeit":"1\u00a0Minute"},"schema":{"@context":"https:\/\/schema.org","@graph":[{"@type":"WebPage","@id":"https:\/\/marktxxl.de\/markt\/produkt\/cerave-feuchtigkeitsspendendes-gesichts-und-koerperreiniger-fuer-normale-bis-trockene-haut-mit-hyaluronsaeure-473-ml-travel-size-feuchtigkeitsspendende-reinigung-20-ml\/","url":"https:\/\/marktxxl.de\/markt\/produkt\/cerave-feuchtigkeitsspendendes-gesichts-und-koerperreiniger-fuer-normale-bis-trockene-haut-mit-hyaluronsaeure-473-ml-travel-size-feuchtigkeitsspendende-reinigung-20-ml\/","name":"CeraVe Feuchtigkeitsspendendes Gesichts- und K\u00f6rperreiniger, f\u00fcr normale bis trockene Haut, mit Hyalurons\u00e4ure, 473 ml + Travel Size Feuchtigkeitsspendende Reinigung, 20 ml - Markt-XXL","isPartOf":{"@id":"https:\/\/marktxxl.de\/markt\/#website"},"primaryImageOfPage":{"@id":"https:\/\/marktxxl.de\/markt\/produkt\/cerave-feuchtigkeitsspendendes-gesichts-und-koerperreiniger-fuer-normale-bis-trockene-haut-mit-hyaluronsaeure-473-ml-travel-size-feuchtigkeitsspendende-reinigung-20-ml\/#primaryimage"},"image":{"@id":"https:\/\/marktxxl.de\/markt\/produkt\/cerave-feuchtigkeitsspendendes-gesichts-und-koerperreiniger-fuer-normale-bis-trockene-haut-mit-hyaluronsaeure-473-ml-travel-size-feuchtigkeitsspendende-reinigung-20-ml\/#primaryimage"},"thumbnailUrl":"https:\/\/m.media-amazon.com\/images\/I\/41U6QdERFwL._SL500_.jpg","datePublished":"2023-05-10T02:07:42+00:00","description":"Markt-XXL CeraVe Feuchtigkeitsspendendes Gesichts- und K\u00f6rperreiniger, f\u00fcr normale bis trockene Haut, mit Hyalurons\u00e4ure, 473 ml + Travel Size Feuchtigkeitsspendende Reinigung, 20 ml","breadcrumb":{"@id":"https:\/\/marktxxl.de\/markt\/produkt\/cerave-feuchtigkeitsspendendes-gesichts-und-koerperreiniger-fuer-normale-bis-trockene-haut-mit-hyaluronsaeure-473-ml-travel-size-feuchtigkeitsspendende-reinigung-20-ml\/#breadcrumb"},"inLanguage":"de","potentialAction":[{"@type":"ReadAction","target":["https:\/\/marktxxl.de\/markt\/produkt\/cerave-feuchtigkeitsspendendes-gesichts-und-koerperreiniger-fuer-normale-bis-trockene-haut-mit-hyaluronsaeure-473-ml-travel-size-feuchtigkeitsspendende-reinigung-20-ml\/"]}]},{"@type":"ImageObject","inLanguage":"de","@id":"https:\/\/marktxxl.de\/markt\/produkt\/cerave-feuchtigkeitsspendendes-gesichts-und-koerperreiniger-fuer-normale-bis-trockene-haut-mit-hyaluronsaeure-473-ml-travel-size-feuchtigkeitsspendende-reinigung-20-ml\/#primaryimage","url":"https:\/\/m.media-amazon.com\/images\/I\/41U6QdERFwL._SL500_.jpg","contentUrl":"https:\/\/m.media-amazon.com\/images\/I\/41U6QdERFwL._SL500_.jpg","width":500,"height":500},{"@type":"BreadcrumbList","@id":"https:\/\/marktxxl.de\/markt\/produkt\/cerave-feuchtigkeitsspendendes-gesichts-und-koerperreiniger-fuer-normale-bis-trockene-haut-mit-hyaluronsaeure-473-ml-travel-size-feuchtigkeitsspendende-reinigung-20-ml\/#breadcrumb","itemListElement":[{"@type":"ListItem","position":1,"name":"Startseite","item":"https:\/\/marktxxl.de\/markt\/"},{"@type":"ListItem","position":2,"name":"Markt","item":"https:\/\/marktxxl.de\/markt\/"},{"@type":"ListItem","position":3,"name":"CeraVe Feuchtigkeitsspendendes Gesichts- und K\u00f6rperreiniger, f\u00fcr normale bis trockene Haut, mit Hyalurons\u00e4ure, 473 ml + Travel Size Feuchtigkeitsspendende Reinigung, 20 ml"}]},{"@type":"WebSite","@id":"https:\/\/marktxxl.de\/markt\/#website","url":"https:\/\/marktxxl.de\/markt\/","name":"Markt-XXL","description":"Ihr Markt Online","publisher":{"@id":"https:\/\/marktxxl.de\/markt\/#organization"},"potentialAction":[{"@type":"SearchAction","target":{"@type":"EntryPoint","urlTemplate":"https:\/\/marktxxl.de\/markt\/?s={search_term_string}"},"query-input":{"@type":"PropertyValueSpecification","valueRequired":true,"valueName":"search_term_string"}}],"inLanguage":"de"},{"@type":"Organization","@id":"https:\/\/marktxxl.de\/markt\/#organization","name":"Markt-XXL","url":"https:\/\/marktxxl.de\/markt\/","logo":{"@type":"ImageObject","inLanguage":"de","@id":"https:\/\/marktxxl.de\/markt\/#\/schema\/logo\/image\/","url":"https:\/\/marktxxl.de\/markt\/wp-content\/uploads\/sites\/3\/2020\/12\/logo.png","contentUrl":"https:\/\/marktxxl.de\/markt\/wp-content\/uploads\/sites\/3\/2020\/12\/logo.png","width":200,"height":70,"caption":"Markt-XXL"},"image":{"@id":"https:\/\/marktxxl.de\/markt\/#\/schema\/logo\/image\/"}}]}},"_links":{"self":[{"href":"https:\/\/marktxxl.de\/markt\/wp-json\/wp\/v2\/product\/204030","targetHints":{"allow":["GET"]}}],"collection":[{"href":"https:\/\/marktxxl.de\/markt\/wp-json\/wp\/v2\/product"}],"about":[{"href":"https:\/\/marktxxl.de\/markt\/wp-json\/wp\/v2\/types\/product"}],"replies":[{"embeddable":true,"href":"https:\/\/marktxxl.de\/markt\/wp-json\/wp\/v2\/comments?post=204030"}],"wp:featuredmedia":[{"embeddable":true,"href":"https:\/\/marktxxl.de\/markt\/wp-json\/wp\/v2\/media\/204031"}],"wp:attachment":[{"href":"https:\/\/marktxxl.de\/markt\/wp-json\/wp\/v2\/media?parent=204030"}],"wp:term":[{"taxonomy":"product_brand","embeddable":true,"href":"https:\/\/marktxxl.de\/markt\/wp-json\/wp\/v2\/product_brand?post=204030"},{"taxonomy":"product_cat","embeddable":true,"href":"https:\/\/marktxxl.de\/markt\/wp-json\/wp\/v2\/product_cat?post=204030"},{"taxonomy":"product_tag","embeddable":true,"href":"https:\/\/marktxxl.de\/markt\/wp-json\/wp\/v2\/product_tag?post=204030"}],"curies":[{"name":"wp","href":"https:\/\/api.w.org\/{rel}","templated":true}]}}