{"id":203855,"date":"2023-05-10T03:19:27","date_gmt":"2023-05-10T01:19:27","guid":{"rendered":"https:\/\/marktxxl.de\/markt\/produkt\/esland-realistische-temporaere-tattoos-60-blatt-winzige-kleine-abnehmbare-tattoos-30-stueck-inspirierende-zitate-worte-tattoos-30-stueck-wilde-blumen-ink-line-botanische-blumenblaetter-tattoo-aufkle\/"},"modified":"2023-05-10T03:19:27","modified_gmt":"2023-05-10T01:19:27","slug":"esland-realistische-temporaere-tattoos-60-blatt-winzige-kleine-abnehmbare-tattoos-30-stueck-inspirierende-zitate-worte-tattoos-30-stueck-wilde-blumen-ink-line-botanische-blumenblaetter-tattoo-aufkle","status":"publish","type":"product","link":"https:\/\/marktxxl.de\/markt\/produkt\/esland-realistische-temporaere-tattoos-60-blatt-winzige-kleine-abnehmbare-tattoos-30-stueck-inspirierende-zitate-worte-tattoos-30-stueck-wilde-blumen-ink-line-botanische-blumenblaetter-tattoo-aufkle\/","title":{"rendered":"Esland Realistische Tempor\u00e4re Tattoos 60 Blatt Winzige Kleine Abnehmbare Tattoos, 30 St\u00fcck Inspirierende Zitate Worte Tattoos, 30 St\u00fcck Wilde Blumen Ink Line Botanische Blumenbl\u00e4tter Tattoo Aufkleber"},"content":{"rendered":"<p>Riesige Menge: Insgesamt 60 B\u00f6gen mit gef\u00e4lschten tempor\u00e4ren Tattoo-Aufklebern, darunter 30 B\u00f6gen mit inspirierenden und motivierenden Zitaten und Skripten, kursiven W\u00f6rtern, Spr\u00fcchen im Retro-Schreibmaschinenstil, 30 B\u00f6gen mit einfachen Zweigblumen-Tattoos. Genug f\u00fcr Partys mit Freunden, um sie gemeinsam zu genie\u00dfen oder ein anderes Muster zu w\u00e4hlen, das zu Ihrer t\u00e4glichen Stimmung passt.<br \/>\nGr\u00f6\u00dfe &amp; Design: Jedes Blatt ist 6 x 10 cm (2,3&#8243; x 3,9&#8243;) gro\u00df. Dieses halbpermanente, minimalistische, gef\u00e4lschte tempor\u00e4re Tattoo-Set ist eine perfekte Kombination f\u00fcr inspirierende Zitate und wundersch\u00f6ne, stilvolle Blumendesigns. Es gibt nicht nur viele kraftvolle und aussagekr\u00e4ftige Skripte, Phrasen und Buchstaben, sondern auch eine Vielzahl von Wildblumendesigns, Rosen, Pfingstrosen, Lilien, G\u00e4nsebl\u00fcmchen usw.<br \/>\nWasserdicht und langlebig: Diese tempor\u00e4ren Tattoo-Aufkleber sehen echt aus und halten einige Zeit. Normalerweise halten sie bei t\u00e4glichen Aktivit\u00e4ten 4-7 Tage und halten l\u00e4nger, wenn sie nicht gerieben oder mit Wasser oder Schwei\u00df getr\u00e4nkt werden.<br \/>\nVerwendung &amp; Anlass: Diese realistischen tempor\u00e4ren Tattoos sind einfach zu verwenden und zu entfernen, daher ist es die perfekte Wahl f\u00fcr Sie, um die Gr\u00f6\u00dfe und die Punkte auszuprobieren, bevor Sie ein echtes Tattoo bekommen m\u00f6chten, und auch tolle K\u00f6rperdekorationen f\u00fcr jeden Anlass wie Strandparty, Club, Fitnessstudio, Musikfestival, Karneval, Tanzen, Urlaub, Konzerte oder Alltagsspa\u00df.<br \/>\nSicher und einfach zu verwenden: Diese Tattoos sind aus hochwertigen Materialien hergestellt und 100 % ungiftig. Sie sind sehr sicher zu verwenden und zu entfernen. \u00dcBERHAUPT KEINE SCHMERZEN!<br \/>\n<div class=\"main-cross-sell\" data-asin=\"B0B4GSMQCP\">\n\n\t<div class=\"WooZone-cross-sell-loader\">\n\t\t<div>\n\t\t\t<div id=\"floatingBarsG\">\n\t\t\t\t<div class=\"blockG\" id=\"rotateG_01\"><\/div>\n\t\t\t\t<div class=\"blockG\" id=\"rotateG_02\"><\/div>\n\t\t\t\t<div class=\"blockG\" id=\"rotateG_03\"><\/div>\n\t\t\t\t<div class=\"blockG\" id=\"rotateG_04\"><\/div>\n\t\t\t\t<div class=\"blockG\" id=\"rotateG_05\"><\/div>\n\t\t\t\t<div class=\"blockG\" id=\"rotateG_06\"><\/div>\n\t\t\t\t<div class=\"blockG\" id=\"rotateG_07\"><\/div>\n\t\t\t\t<div class=\"blockG\" id=\"rotateG_08\"><\/div>\n\t\t\t<\/div>\n\t\t\t<div class=\"WooZone-cross-sell-loader-text\"><\/div>\n\t\t<\/div>\n\t<\/div>\n\n\t\t\n<\/div>\n<div style=\"clear:both;\"><\/div><\/p>\n","protected":false},"excerpt":{"rendered":"<p>Riesige Menge: Insgesamt 60 B\u00f6gen mit gef\u00e4lschten tempor\u00e4ren Tattoo-Aufklebern, darunter 30 B\u00f6gen mit inspirierenden und motivierenden Zitaten und Skripten, kursiven W\u00f6rtern, Spr\u00fcchen im Retro-Schreibmaschinenstil, 30 B\u00f6gen mit einfachen Zweigblumen-Tattoos. Genug f\u00fcr Partys mit Freunden, um sie gemeinsam zu genie\u00dfen oder ein anderes Muster zu w\u00e4hlen, das zu Ihrer t\u00e4glichen Stimmung passt.<br \/>\nGr\u00f6\u00dfe &amp; Design: Jedes Blatt ist 6 x 10 cm (2,3&#8243; x 3,9&#8243;) gro\u00df. Dieses halbpermanente, minimalistische, gef\u00e4lschte tempor\u00e4re Tattoo-Set ist eine perfekte Kombination f\u00fcr inspirierende Zitate und wundersch\u00f6ne, stilvolle Blumendesigns. Es gibt nicht nur viele kraftvolle und aussagekr\u00e4ftige Skripte, Phrasen und Buchstaben, sondern auch eine Vielzahl von Wildblumendesigns, Rosen, Pfingstrosen, Lilien, G\u00e4nsebl\u00fcmchen usw.<br \/>\nWasserdicht und langlebig: Diese tempor\u00e4ren Tattoo-Aufkleber sehen echt aus und halten einige Zeit. Normalerweise halten sie bei t\u00e4glichen Aktivit\u00e4ten 4-7 Tage und halten l\u00e4nger, wenn sie nicht gerieben oder mit Wasser oder Schwei\u00df getr\u00e4nkt werden.<\/p>\n","protected":false},"featured_media":203856,"comment_status":"open","ping_status":"closed","template":"","meta":[],"product_brand":[],"product_cat":[2858,7575],"product_tag":[],"class_list":{"0":"post-203855","1":"product","2":"type-product","3":"status-publish","4":"has-post-thumbnail","6":"product_cat-beauty","7":"product_cat-make-up","8":"pa_brand-esland","9":"pa_color-schwarz","10":"pa_height-0-393700787-zoll","11":"pa_length-3-93700787-zoll","12":"pa_manufacturer-esland","13":"pa_size-6-x-10-cm","14":"pa_width-2-362204722-zoll","16":"first","17":"instock","18":"shipping-taxable","19":"purchasable","20":"product-type-simple","21":"customify-col","22":"product-has-gallery"},"yoast_head":"<!-- This site is optimized with the Yoast SEO plugin v27.4 - https:\/\/yoast.com\/product\/yoast-seo-wordpress\/ -->\n<title>Esland Realistische Tempor\u00e4re Tattoos 60 Blatt Winzige Kleine Abnehmbare Tattoos, 30 St\u00fcck Inspirierende Zitate Worte Tattoos, 30 St\u00fcck Wilde Blumen Ink Line Botanische Blumenbl\u00e4tter Tattoo Aufkleber - Markt-XXL<\/title>\n<meta name=\"description\" content=\"Markt-XXL Esland Realistische Tempor\u00e4re Tattoos 60 Blatt Winzige Kleine Abnehmbare Tattoos, 30 St\u00fcck Inspirierende Zitate Worte Tattoos, 30 St\u00fcck Wilde Blumen Ink Line Botanische Blumenbl\u00e4tter Tattoo Aufkleber\" \/>\n<meta name=\"robots\" content=\"index, follow, max-snippet:-1, max-image-preview:large, max-video-preview:-1\" \/>\n<link rel=\"canonical\" href=\"https:\/\/marktxxl.de\/markt\/produkt\/esland-realistische-temporaere-tattoos-60-blatt-winzige-kleine-abnehmbare-tattoos-30-stueck-inspirierende-zitate-worte-tattoos-30-stueck-wilde-blumen-ink-line-botanische-blumenblaetter-tattoo-aufkle\/\" \/>\n<meta property=\"og:locale\" content=\"de_DE\" \/>\n<meta property=\"og:type\" content=\"article\" \/>\n<meta property=\"og:title\" content=\"Esland Realistische Tempor\u00e4re Tattoos 60 Blatt Winzige Kleine Abnehmbare Tattoos, 30 St\u00fcck Inspirierende Zitate Worte Tattoos, 30 St\u00fcck Wilde Blumen Ink Line Botanische Blumenbl\u00e4tter Tattoo Aufkleber - Markt-XXL\" \/>\n<meta property=\"og:description\" content=\"Markt-XXL Esland Realistische Tempor\u00e4re Tattoos 60 Blatt Winzige Kleine Abnehmbare Tattoos, 30 St\u00fcck Inspirierende Zitate Worte Tattoos, 30 St\u00fcck Wilde Blumen Ink Line Botanische Blumenbl\u00e4tter Tattoo Aufkleber\" \/>\n<meta property=\"og:url\" content=\"https:\/\/marktxxl.de\/markt\/produkt\/esland-realistische-temporaere-tattoos-60-blatt-winzige-kleine-abnehmbare-tattoos-30-stueck-inspirierende-zitate-worte-tattoos-30-stueck-wilde-blumen-ink-line-botanische-blumenblaetter-tattoo-aufkle\/\" \/>\n<meta property=\"og:site_name\" content=\"Markt-XXL\" \/>\n<meta name=\"twitter:card\" content=\"summary_large_image\" \/>\n<meta name=\"twitter:label1\" content=\"Gesch\u00e4tzte Lesezeit\" \/>\n\t<meta name=\"twitter:data1\" content=\"1\u00a0Minute\" \/>\n<script type=\"application\/ld+json\" class=\"yoast-schema-graph\">{\"@context\":\"https:\\\/\\\/schema.org\",\"@graph\":[{\"@type\":\"WebPage\",\"@id\":\"https:\\\/\\\/marktxxl.de\\\/markt\\\/produkt\\\/esland-realistische-temporaere-tattoos-60-blatt-winzige-kleine-abnehmbare-tattoos-30-stueck-inspirierende-zitate-worte-tattoos-30-stueck-wilde-blumen-ink-line-botanische-blumenblaetter-tattoo-aufkle\\\/\",\"url\":\"https:\\\/\\\/marktxxl.de\\\/markt\\\/produkt\\\/esland-realistische-temporaere-tattoos-60-blatt-winzige-kleine-abnehmbare-tattoos-30-stueck-inspirierende-zitate-worte-tattoos-30-stueck-wilde-blumen-ink-line-botanische-blumenblaetter-tattoo-aufkle\\\/\",\"name\":\"Esland Realistische Tempor\u00e4re Tattoos 60 Blatt Winzige Kleine Abnehmbare Tattoos, 30 St\u00fcck Inspirierende Zitate Worte Tattoos, 30 St\u00fcck Wilde Blumen Ink Line Botanische Blumenbl\u00e4tter Tattoo Aufkleber - Markt-XXL\",\"isPartOf\":{\"@id\":\"https:\\\/\\\/marktxxl.de\\\/markt\\\/#website\"},\"primaryImageOfPage\":{\"@id\":\"https:\\\/\\\/marktxxl.de\\\/markt\\\/produkt\\\/esland-realistische-temporaere-tattoos-60-blatt-winzige-kleine-abnehmbare-tattoos-30-stueck-inspirierende-zitate-worte-tattoos-30-stueck-wilde-blumen-ink-line-botanische-blumenblaetter-tattoo-aufkle\\\/#primaryimage\"},\"image\":{\"@id\":\"https:\\\/\\\/marktxxl.de\\\/markt\\\/produkt\\\/esland-realistische-temporaere-tattoos-60-blatt-winzige-kleine-abnehmbare-tattoos-30-stueck-inspirierende-zitate-worte-tattoos-30-stueck-wilde-blumen-ink-line-botanische-blumenblaetter-tattoo-aufkle\\\/#primaryimage\"},\"thumbnailUrl\":\"https:\\\/\\\/m.media-amazon.com\\\/images\\\/I\\\/51xo8iSfJOL._SL500_.jpg\",\"datePublished\":\"2023-05-10T01:19:27+00:00\",\"description\":\"Markt-XXL Esland Realistische Tempor\u00e4re Tattoos 60 Blatt Winzige Kleine Abnehmbare Tattoos, 30 St\u00fcck Inspirierende Zitate Worte Tattoos, 30 St\u00fcck Wilde Blumen Ink Line Botanische Blumenbl\u00e4tter Tattoo Aufkleber\",\"breadcrumb\":{\"@id\":\"https:\\\/\\\/marktxxl.de\\\/markt\\\/produkt\\\/esland-realistische-temporaere-tattoos-60-blatt-winzige-kleine-abnehmbare-tattoos-30-stueck-inspirierende-zitate-worte-tattoos-30-stueck-wilde-blumen-ink-line-botanische-blumenblaetter-tattoo-aufkle\\\/#breadcrumb\"},\"inLanguage\":\"de\",\"potentialAction\":[{\"@type\":\"ReadAction\",\"target\":[\"https:\\\/\\\/marktxxl.de\\\/markt\\\/produkt\\\/esland-realistische-temporaere-tattoos-60-blatt-winzige-kleine-abnehmbare-tattoos-30-stueck-inspirierende-zitate-worte-tattoos-30-stueck-wilde-blumen-ink-line-botanische-blumenblaetter-tattoo-aufkle\\\/\"]}]},{\"@type\":\"ImageObject\",\"inLanguage\":\"de\",\"@id\":\"https:\\\/\\\/marktxxl.de\\\/markt\\\/produkt\\\/esland-realistische-temporaere-tattoos-60-blatt-winzige-kleine-abnehmbare-tattoos-30-stueck-inspirierende-zitate-worte-tattoos-30-stueck-wilde-blumen-ink-line-botanische-blumenblaetter-tattoo-aufkle\\\/#primaryimage\",\"url\":\"https:\\\/\\\/m.media-amazon.com\\\/images\\\/I\\\/51xo8iSfJOL._SL500_.jpg\",\"contentUrl\":\"https:\\\/\\\/m.media-amazon.com\\\/images\\\/I\\\/51xo8iSfJOL._SL500_.jpg\",\"width\":500,\"height\":500},{\"@type\":\"BreadcrumbList\",\"@id\":\"https:\\\/\\\/marktxxl.de\\\/markt\\\/produkt\\\/esland-realistische-temporaere-tattoos-60-blatt-winzige-kleine-abnehmbare-tattoos-30-stueck-inspirierende-zitate-worte-tattoos-30-stueck-wilde-blumen-ink-line-botanische-blumenblaetter-tattoo-aufkle\\\/#breadcrumb\",\"itemListElement\":[{\"@type\":\"ListItem\",\"position\":1,\"name\":\"Startseite\",\"item\":\"https:\\\/\\\/marktxxl.de\\\/markt\\\/\"},{\"@type\":\"ListItem\",\"position\":2,\"name\":\"Markt\",\"item\":\"https:\\\/\\\/marktxxl.de\\\/markt\\\/\"},{\"@type\":\"ListItem\",\"position\":3,\"name\":\"Esland Realistische Tempor\u00e4re Tattoos 60 Blatt Winzige Kleine Abnehmbare Tattoos, 30 St\u00fcck Inspirierende Zitate Worte Tattoos, 30 St\u00fcck Wilde Blumen Ink Line Botanische Blumenbl\u00e4tter Tattoo Aufkleber\"}]},{\"@type\":\"WebSite\",\"@id\":\"https:\\\/\\\/marktxxl.de\\\/markt\\\/#website\",\"url\":\"https:\\\/\\\/marktxxl.de\\\/markt\\\/\",\"name\":\"Markt-XXL\",\"description\":\"Ihr Markt Online\",\"publisher\":{\"@id\":\"https:\\\/\\\/marktxxl.de\\\/markt\\\/#organization\"},\"potentialAction\":[{\"@type\":\"SearchAction\",\"target\":{\"@type\":\"EntryPoint\",\"urlTemplate\":\"https:\\\/\\\/marktxxl.de\\\/markt\\\/?s={search_term_string}\"},\"query-input\":{\"@type\":\"PropertyValueSpecification\",\"valueRequired\":true,\"valueName\":\"search_term_string\"}}],\"inLanguage\":\"de\"},{\"@type\":\"Organization\",\"@id\":\"https:\\\/\\\/marktxxl.de\\\/markt\\\/#organization\",\"name\":\"Markt-XXL\",\"url\":\"https:\\\/\\\/marktxxl.de\\\/markt\\\/\",\"logo\":{\"@type\":\"ImageObject\",\"inLanguage\":\"de\",\"@id\":\"https:\\\/\\\/marktxxl.de\\\/markt\\\/#\\\/schema\\\/logo\\\/image\\\/\",\"url\":\"https:\\\/\\\/marktxxl.de\\\/markt\\\/wp-content\\\/uploads\\\/sites\\\/3\\\/2020\\\/12\\\/logo.png\",\"contentUrl\":\"https:\\\/\\\/marktxxl.de\\\/markt\\\/wp-content\\\/uploads\\\/sites\\\/3\\\/2020\\\/12\\\/logo.png\",\"width\":200,\"height\":70,\"caption\":\"Markt-XXL\"},\"image\":{\"@id\":\"https:\\\/\\\/marktxxl.de\\\/markt\\\/#\\\/schema\\\/logo\\\/image\\\/\"}}]}<\/script>\n<!-- \/ Yoast SEO plugin. -->","yoast_head_json":{"title":"Esland Realistische Tempor\u00e4re Tattoos 60 Blatt Winzige Kleine Abnehmbare Tattoos, 30 St\u00fcck Inspirierende Zitate Worte Tattoos, 30 St\u00fcck Wilde Blumen Ink Line Botanische Blumenbl\u00e4tter Tattoo Aufkleber - Markt-XXL","description":"Markt-XXL Esland Realistische Tempor\u00e4re Tattoos 60 Blatt Winzige Kleine Abnehmbare Tattoos, 30 St\u00fcck Inspirierende Zitate Worte Tattoos, 30 St\u00fcck Wilde Blumen Ink Line Botanische Blumenbl\u00e4tter Tattoo Aufkleber","robots":{"index":"index","follow":"follow","max-snippet":"max-snippet:-1","max-image-preview":"max-image-preview:large","max-video-preview":"max-video-preview:-1"},"canonical":"https:\/\/marktxxl.de\/markt\/produkt\/esland-realistische-temporaere-tattoos-60-blatt-winzige-kleine-abnehmbare-tattoos-30-stueck-inspirierende-zitate-worte-tattoos-30-stueck-wilde-blumen-ink-line-botanische-blumenblaetter-tattoo-aufkle\/","og_locale":"de_DE","og_type":"article","og_title":"Esland Realistische Tempor\u00e4re Tattoos 60 Blatt Winzige Kleine Abnehmbare Tattoos, 30 St\u00fcck Inspirierende Zitate Worte Tattoos, 30 St\u00fcck Wilde Blumen Ink Line Botanische Blumenbl\u00e4tter Tattoo Aufkleber - Markt-XXL","og_description":"Markt-XXL Esland Realistische Tempor\u00e4re Tattoos 60 Blatt Winzige Kleine Abnehmbare Tattoos, 30 St\u00fcck Inspirierende Zitate Worte Tattoos, 30 St\u00fcck Wilde Blumen Ink Line Botanische Blumenbl\u00e4tter Tattoo Aufkleber","og_url":"https:\/\/marktxxl.de\/markt\/produkt\/esland-realistische-temporaere-tattoos-60-blatt-winzige-kleine-abnehmbare-tattoos-30-stueck-inspirierende-zitate-worte-tattoos-30-stueck-wilde-blumen-ink-line-botanische-blumenblaetter-tattoo-aufkle\/","og_site_name":"Markt-XXL","twitter_card":"summary_large_image","twitter_misc":{"Gesch\u00e4tzte Lesezeit":"1\u00a0Minute"},"schema":{"@context":"https:\/\/schema.org","@graph":[{"@type":"WebPage","@id":"https:\/\/marktxxl.de\/markt\/produkt\/esland-realistische-temporaere-tattoos-60-blatt-winzige-kleine-abnehmbare-tattoos-30-stueck-inspirierende-zitate-worte-tattoos-30-stueck-wilde-blumen-ink-line-botanische-blumenblaetter-tattoo-aufkle\/","url":"https:\/\/marktxxl.de\/markt\/produkt\/esland-realistische-temporaere-tattoos-60-blatt-winzige-kleine-abnehmbare-tattoos-30-stueck-inspirierende-zitate-worte-tattoos-30-stueck-wilde-blumen-ink-line-botanische-blumenblaetter-tattoo-aufkle\/","name":"Esland Realistische Tempor\u00e4re Tattoos 60 Blatt Winzige Kleine Abnehmbare Tattoos, 30 St\u00fcck Inspirierende Zitate Worte Tattoos, 30 St\u00fcck Wilde Blumen Ink Line Botanische Blumenbl\u00e4tter Tattoo Aufkleber - Markt-XXL","isPartOf":{"@id":"https:\/\/marktxxl.de\/markt\/#website"},"primaryImageOfPage":{"@id":"https:\/\/marktxxl.de\/markt\/produkt\/esland-realistische-temporaere-tattoos-60-blatt-winzige-kleine-abnehmbare-tattoos-30-stueck-inspirierende-zitate-worte-tattoos-30-stueck-wilde-blumen-ink-line-botanische-blumenblaetter-tattoo-aufkle\/#primaryimage"},"image":{"@id":"https:\/\/marktxxl.de\/markt\/produkt\/esland-realistische-temporaere-tattoos-60-blatt-winzige-kleine-abnehmbare-tattoos-30-stueck-inspirierende-zitate-worte-tattoos-30-stueck-wilde-blumen-ink-line-botanische-blumenblaetter-tattoo-aufkle\/#primaryimage"},"thumbnailUrl":"https:\/\/m.media-amazon.com\/images\/I\/51xo8iSfJOL._SL500_.jpg","datePublished":"2023-05-10T01:19:27+00:00","description":"Markt-XXL Esland Realistische Tempor\u00e4re Tattoos 60 Blatt Winzige Kleine Abnehmbare Tattoos, 30 St\u00fcck Inspirierende Zitate Worte Tattoos, 30 St\u00fcck Wilde Blumen Ink Line Botanische Blumenbl\u00e4tter Tattoo Aufkleber","breadcrumb":{"@id":"https:\/\/marktxxl.de\/markt\/produkt\/esland-realistische-temporaere-tattoos-60-blatt-winzige-kleine-abnehmbare-tattoos-30-stueck-inspirierende-zitate-worte-tattoos-30-stueck-wilde-blumen-ink-line-botanische-blumenblaetter-tattoo-aufkle\/#breadcrumb"},"inLanguage":"de","potentialAction":[{"@type":"ReadAction","target":["https:\/\/marktxxl.de\/markt\/produkt\/esland-realistische-temporaere-tattoos-60-blatt-winzige-kleine-abnehmbare-tattoos-30-stueck-inspirierende-zitate-worte-tattoos-30-stueck-wilde-blumen-ink-line-botanische-blumenblaetter-tattoo-aufkle\/"]}]},{"@type":"ImageObject","inLanguage":"de","@id":"https:\/\/marktxxl.de\/markt\/produkt\/esland-realistische-temporaere-tattoos-60-blatt-winzige-kleine-abnehmbare-tattoos-30-stueck-inspirierende-zitate-worte-tattoos-30-stueck-wilde-blumen-ink-line-botanische-blumenblaetter-tattoo-aufkle\/#primaryimage","url":"https:\/\/m.media-amazon.com\/images\/I\/51xo8iSfJOL._SL500_.jpg","contentUrl":"https:\/\/m.media-amazon.com\/images\/I\/51xo8iSfJOL._SL500_.jpg","width":500,"height":500},{"@type":"BreadcrumbList","@id":"https:\/\/marktxxl.de\/markt\/produkt\/esland-realistische-temporaere-tattoos-60-blatt-winzige-kleine-abnehmbare-tattoos-30-stueck-inspirierende-zitate-worte-tattoos-30-stueck-wilde-blumen-ink-line-botanische-blumenblaetter-tattoo-aufkle\/#breadcrumb","itemListElement":[{"@type":"ListItem","position":1,"name":"Startseite","item":"https:\/\/marktxxl.de\/markt\/"},{"@type":"ListItem","position":2,"name":"Markt","item":"https:\/\/marktxxl.de\/markt\/"},{"@type":"ListItem","position":3,"name":"Esland Realistische Tempor\u00e4re Tattoos 60 Blatt Winzige Kleine Abnehmbare Tattoos, 30 St\u00fcck Inspirierende Zitate Worte Tattoos, 30 St\u00fcck Wilde Blumen Ink Line Botanische Blumenbl\u00e4tter Tattoo Aufkleber"}]},{"@type":"WebSite","@id":"https:\/\/marktxxl.de\/markt\/#website","url":"https:\/\/marktxxl.de\/markt\/","name":"Markt-XXL","description":"Ihr Markt Online","publisher":{"@id":"https:\/\/marktxxl.de\/markt\/#organization"},"potentialAction":[{"@type":"SearchAction","target":{"@type":"EntryPoint","urlTemplate":"https:\/\/marktxxl.de\/markt\/?s={search_term_string}"},"query-input":{"@type":"PropertyValueSpecification","valueRequired":true,"valueName":"search_term_string"}}],"inLanguage":"de"},{"@type":"Organization","@id":"https:\/\/marktxxl.de\/markt\/#organization","name":"Markt-XXL","url":"https:\/\/marktxxl.de\/markt\/","logo":{"@type":"ImageObject","inLanguage":"de","@id":"https:\/\/marktxxl.de\/markt\/#\/schema\/logo\/image\/","url":"https:\/\/marktxxl.de\/markt\/wp-content\/uploads\/sites\/3\/2020\/12\/logo.png","contentUrl":"https:\/\/marktxxl.de\/markt\/wp-content\/uploads\/sites\/3\/2020\/12\/logo.png","width":200,"height":70,"caption":"Markt-XXL"},"image":{"@id":"https:\/\/marktxxl.de\/markt\/#\/schema\/logo\/image\/"}}]}},"_links":{"self":[{"href":"https:\/\/marktxxl.de\/markt\/wp-json\/wp\/v2\/product\/203855","targetHints":{"allow":["GET"]}}],"collection":[{"href":"https:\/\/marktxxl.de\/markt\/wp-json\/wp\/v2\/product"}],"about":[{"href":"https:\/\/marktxxl.de\/markt\/wp-json\/wp\/v2\/types\/product"}],"replies":[{"embeddable":true,"href":"https:\/\/marktxxl.de\/markt\/wp-json\/wp\/v2\/comments?post=203855"}],"wp:featuredmedia":[{"embeddable":true,"href":"https:\/\/marktxxl.de\/markt\/wp-json\/wp\/v2\/media\/203856"}],"wp:attachment":[{"href":"https:\/\/marktxxl.de\/markt\/wp-json\/wp\/v2\/media?parent=203855"}],"wp:term":[{"taxonomy":"product_brand","embeddable":true,"href":"https:\/\/marktxxl.de\/markt\/wp-json\/wp\/v2\/product_brand?post=203855"},{"taxonomy":"product_cat","embeddable":true,"href":"https:\/\/marktxxl.de\/markt\/wp-json\/wp\/v2\/product_cat?post=203855"},{"taxonomy":"product_tag","embeddable":true,"href":"https:\/\/marktxxl.de\/markt\/wp-json\/wp\/v2\/product_tag?post=203855"}],"curies":[{"name":"wp","href":"https:\/\/api.w.org\/{rel}","templated":true}]}}