{"id":203718,"date":"2023-05-10T01:04:03","date_gmt":"2023-05-09T23:04:03","guid":{"rendered":"https:\/\/marktxxl.de\/markt\/produkt\/omisoon-mobile-klimaanlage-800ml-4-in1-mobiles-klimageraet-120-oszillation-3-lueftergeschwindigkeiten-2-nebelmodi-mini-klimaanlage-mit-griff-tragbarer-luftkuehler-geeignet-fuer-schlafzimme\/"},"modified":"2023-05-10T01:04:03","modified_gmt":"2023-05-09T23:04:03","slug":"omisoon-mobile-klimaanlage-800ml-4-in1-mobiles-klimageraet-120-oszillation-3-lueftergeschwindigkeiten-2-nebelmodi-mini-klimaanlage-mit-griff-tragbarer-luftkuehler-geeignet-fuer-schlafzimme","status":"publish","type":"product","link":"https:\/\/marktxxl.de\/markt\/produkt\/omisoon-mobile-klimaanlage-800ml-4-in1-mobiles-klimageraet-120-oszillation-3-lueftergeschwindigkeiten-2-nebelmodi-mini-klimaanlage-mit-griff-tragbarer-luftkuehler-geeignet-fuer-schlafzimme\/","title":{"rendered":"OMISOON Mobile Klimaanlage 800ml, 4 in1 Mobiles Klimager\u00e4t, 120\u00b0 Oszillation, 3 L\u00fcftergeschwindigkeiten, 2 Nebelmodi, Mini Klimaanlage mit Griff, Tragbarer Luftk\u00fchler Geeignet f\u00fcr Schlafzimmer, B\u00fcro"},"content":{"rendered":"<p>\u2744 Fortgeschrittene K\u00fchltechnologie \u2744 Unsere Mobile Klimaanlage verwendet die neueste Ultraschall-Vernebelungstechnologie, um Wasser in ultrafeine Partikel zu zerst\u00e4uben und Ihnen k\u00fchle und feuchte Luft zu bieten. Verabschieden Sie sich von trockener Haut, verstopfter Nase und Husten, die durch trockene Sommerluft verursacht werden. Sie k\u00f6nnen aus zwei Befeuchtungsmodi w\u00e4hlen, um Ihren Bed\u00fcrfnissen und Vorlieben gerecht zu werden.<br \/>\n\u2744 Breiter Luftstromwinkel \u2744 Die schwenkbaren Klingen der Mobiles Klimager\u00e4t k\u00f6nnen um 60\u00b0 nach oben und unten eingestellt werden, um die k\u00fchle Luft in die gew\u00fcnschte Richtung zu lenken. Sie kann auch um 60\u00b0\/120\u00b0 rotieren, um die Ausgaberichtung der k\u00fchlen Luft zu erweitern und Kopfschmerzen und Erk\u00e4ltungen zu vermeiden, die durch eine l\u00e4ngere Einwirkung von unidirektionaler Luft verursacht werden. (Hinweis: Die tragbare Klimaanlage ist nicht geeignet, um den gesamten Raum zu k\u00fchlen.)<br \/>\n\u2744 3 anpassbare L\u00fcftergeschwindigkeiten \u2744 Verwenden Sie die drei anpassbaren L\u00fcftergeschwindigkeiten (niedrig\/mittel\/hoch) unseres Mini Klimaanlage, um eine personalisierte K\u00fchlung zu erleben, mit einer maximalen L\u00fcftergeschwindigkeit von 4000 U\/min und einer Luftgeschwindigkeit von 3,5 m\/s. Au\u00dferdem k\u00f6nnen Sie auch Ihre Lieblings\u00e4therischen \u00d6le verwenden, um Ihre Umgebung zu verbessern und den Komfort zu erh\u00f6hen.<br \/>\n\u2744 Gro\u00dfer Wassertank &amp; Nachtlicht \u2744 Die Tragbarer Klimaanlagef\u00fc kann bis zu 800 ml Wasser aufnehmen und bietet bis zu 6 Stunden Befeuchtungsfunktion, um Ihren Raum k\u00fchl und erfrischend zu halten. Das integrierte Nachtlicht hat 7 Farben zur Auswahl und wechselt allm\u00e4hlich, um eine romantische Atmosph\u00e4re zu schaffen. Im hei\u00dfen Sommer k\u00f6nnen Sie auch Eisw\u00fcrfel in den Wassertank geben, um k\u00fchlere Luft zu bekommen.<br \/>\n\u2744 Sichere und energiesparende Wahl \u2744 Der mini Luftk\u00fchler ben\u00f6tigt keinen Kompressor oder chemischen K\u00e4ltemittel und kann eine gesunde Umgebung schaffen. Das eingebaute Schutzsystem kann das Ger\u00e4t nach 6 Stunden Betrieb automatisch stoppen. Er verbraucht nur 10 W\/Stunde, ist f\u00fcr den pers\u00f6nlichen Gebrauch konzipiert und unterst\u00fctzt verschiedene USB-Stromversorgungsmodi, mit geringerem Energieverbrauch als andere Klimaanlagen.<br \/>\nHinweis: Da kein K\u00e4ltemittel oder chemische Substanzen zur K\u00fchlung der Luft verwendet werden, sollten Sie keine Ergebnisse wie bei einer Klimaanlage erwarten.<br \/>\n<div class=\"main-cross-sell\" data-asin=\"B0BXPLJX3H\">\n\n\t<div class=\"WooZone-cross-sell-loader\">\n\t\t<div>\n\t\t\t<div id=\"floatingBarsG\">\n\t\t\t\t<div class=\"blockG\" id=\"rotateG_01\"><\/div>\n\t\t\t\t<div class=\"blockG\" id=\"rotateG_02\"><\/div>\n\t\t\t\t<div class=\"blockG\" id=\"rotateG_03\"><\/div>\n\t\t\t\t<div class=\"blockG\" id=\"rotateG_04\"><\/div>\n\t\t\t\t<div class=\"blockG\" id=\"rotateG_05\"><\/div>\n\t\t\t\t<div class=\"blockG\" id=\"rotateG_06\"><\/div>\n\t\t\t\t<div class=\"blockG\" id=\"rotateG_07\"><\/div>\n\t\t\t\t<div class=\"blockG\" id=\"rotateG_08\"><\/div>\n\t\t\t<\/div>\n\t\t\t<div class=\"WooZone-cross-sell-loader-text\"><\/div>\n\t\t<\/div>\n\t<\/div>\n\n\t\t\n<\/div>\n<div style=\"clear:both;\"><\/div><\/p>\n","protected":false},"excerpt":{"rendered":"<p>\u2744 Fortgeschrittene K\u00fchltechnologie \u2744 Unsere Mobile Klimaanlage verwendet die neueste Ultraschall-Vernebelungstechnologie, um Wasser in ultrafeine Partikel zu zerst\u00e4uben und Ihnen k\u00fchle und feuchte Luft zu bieten. Verabschieden Sie sich von trockener Haut, verstopfter Nase und Husten, die durch trockene Sommerluft verursacht werden. Sie k\u00f6nnen aus zwei Befeuchtungsmodi w\u00e4hlen, um Ihren Bed\u00fcrfnissen und Vorlieben gerecht zu werden.<br \/>\n\u2744 Breiter Luftstromwinkel \u2744 Die schwenkbaren Klingen der Mobiles Klimager\u00e4t k\u00f6nnen um 60\u00b0 nach oben und unten eingestellt werden, um die k\u00fchle Luft in die gew\u00fcnschte Richtung zu lenken. Sie kann auch um 60\u00b0\/120\u00b0 rotieren, um die Ausgaberichtung der k\u00fchlen Luft zu erweitern und Kopfschmerzen und Erk\u00e4ltungen zu vermeiden, die durch eine l\u00e4ngere Einwirkung von unidirektionaler Luft verursacht werden. (Hinweis: Die tragbare Klimaanlage ist nicht geeignet, um den gesamten Raum zu k\u00fchlen.)<br \/>\n\u2744 3 anpassbare L\u00fcftergeschwindigkeiten \u2744 Verwenden Sie die drei anpassbaren L\u00fcftergeschwindigkeiten (niedrig\/mittel\/hoch) unseres Mini Klimaanlage, um eine personalisierte K\u00fchlung zu erleben, mit einer maximalen L\u00fcftergeschwindigkeit von 4000 U\/min und einer Luftgeschwindigkeit von 3,5 m\/s. Au\u00dferdem k\u00f6nnen Sie auch Ihre Lieblings\u00e4therischen \u00d6le verwenden, um Ihre Umgebung zu verbessern und den Komfort zu erh\u00f6hen.<\/p>\n","protected":false},"featured_media":203719,"comment_status":"open","ping_status":"closed","template":"","meta":[],"product_brand":[],"product_cat":[10704,1983],"product_tag":[],"class_list":{"0":"post-203718","1":"product","2":"type-product","3":"status-publish","4":"has-post-thumbnail","6":"product_cat-baubedarf","7":"product_cat-baumarkt","8":"pa_binding-werkzeug","9":"pa_brand-omisoon","10":"pa_color-white","11":"pa_height-7-086614166-zoll","12":"pa_length-12-204724397-zoll","13":"pa_manufacturer-zhongwu","14":"pa_model-dh-kts05","15":"pa_warranty-1013","16":"pa_weight-2-425084882-pfund","17":"pa_width-6-692913379-zoll","19":"first","20":"instock","21":"shipping-taxable","22":"purchasable","23":"product-type-simple","24":"customify-col","25":"product-has-gallery"},"yoast_head":"<!-- This site is optimized with the Yoast SEO plugin v27.4 - https:\/\/yoast.com\/product\/yoast-seo-wordpress\/ -->\n<title>OMISOON Mobile Klimaanlage 800ml, 4 in1 Mobiles Klimager\u00e4t, 120\u00b0 Oszillation, 3 L\u00fcftergeschwindigkeiten, 2 Nebelmodi, Mini Klimaanlage mit Griff, Tragbarer Luftk\u00fchler Geeignet f\u00fcr Schlafzimmer, B\u00fcro - Markt-XXL<\/title>\n<meta name=\"description\" content=\"Markt-XXL OMISOON Mobile Klimaanlage 800ml, 4 in1 Mobiles Klimager\u00e4t, 120\u00b0 Oszillation, 3 L\u00fcftergeschwindigkeiten, 2 Nebelmodi, Mini Klimaanlage mit Griff, Tragbarer Luftk\u00fchler Geeignet f\u00fcr Schlafzimmer, B\u00fcro\" \/>\n<meta name=\"robots\" content=\"index, follow, max-snippet:-1, max-image-preview:large, max-video-preview:-1\" \/>\n<link rel=\"canonical\" href=\"https:\/\/marktxxl.de\/markt\/produkt\/omisoon-mobile-klimaanlage-800ml-4-in1-mobiles-klimageraet-120-oszillation-3-lueftergeschwindigkeiten-2-nebelmodi-mini-klimaanlage-mit-griff-tragbarer-luftkuehler-geeignet-fuer-schlafzimme\/\" \/>\n<meta property=\"og:locale\" content=\"de_DE\" \/>\n<meta property=\"og:type\" content=\"article\" \/>\n<meta property=\"og:title\" content=\"OMISOON Mobile Klimaanlage 800ml, 4 in1 Mobiles Klimager\u00e4t, 120\u00b0 Oszillation, 3 L\u00fcftergeschwindigkeiten, 2 Nebelmodi, Mini Klimaanlage mit Griff, Tragbarer Luftk\u00fchler Geeignet f\u00fcr Schlafzimmer, B\u00fcro - Markt-XXL\" \/>\n<meta property=\"og:description\" content=\"Markt-XXL OMISOON Mobile Klimaanlage 800ml, 4 in1 Mobiles Klimager\u00e4t, 120\u00b0 Oszillation, 3 L\u00fcftergeschwindigkeiten, 2 Nebelmodi, Mini Klimaanlage mit Griff, Tragbarer Luftk\u00fchler Geeignet f\u00fcr Schlafzimmer, B\u00fcro\" \/>\n<meta property=\"og:url\" content=\"https:\/\/marktxxl.de\/markt\/produkt\/omisoon-mobile-klimaanlage-800ml-4-in1-mobiles-klimageraet-120-oszillation-3-lueftergeschwindigkeiten-2-nebelmodi-mini-klimaanlage-mit-griff-tragbarer-luftkuehler-geeignet-fuer-schlafzimme\/\" \/>\n<meta property=\"og:site_name\" content=\"Markt-XXL\" \/>\n<meta name=\"twitter:card\" content=\"summary_large_image\" \/>\n<meta name=\"twitter:label1\" content=\"Gesch\u00e4tzte Lesezeit\" \/>\n\t<meta name=\"twitter:data1\" content=\"2\u00a0Minuten\" \/>\n<script type=\"application\/ld+json\" class=\"yoast-schema-graph\">{\"@context\":\"https:\\\/\\\/schema.org\",\"@graph\":[{\"@type\":\"WebPage\",\"@id\":\"https:\\\/\\\/marktxxl.de\\\/markt\\\/produkt\\\/omisoon-mobile-klimaanlage-800ml-4-in1-mobiles-klimageraet-120-oszillation-3-lueftergeschwindigkeiten-2-nebelmodi-mini-klimaanlage-mit-griff-tragbarer-luftkuehler-geeignet-fuer-schlafzimme\\\/\",\"url\":\"https:\\\/\\\/marktxxl.de\\\/markt\\\/produkt\\\/omisoon-mobile-klimaanlage-800ml-4-in1-mobiles-klimageraet-120-oszillation-3-lueftergeschwindigkeiten-2-nebelmodi-mini-klimaanlage-mit-griff-tragbarer-luftkuehler-geeignet-fuer-schlafzimme\\\/\",\"name\":\"OMISOON Mobile Klimaanlage 800ml, 4 in1 Mobiles Klimager\u00e4t, 120\u00b0 Oszillation, 3 L\u00fcftergeschwindigkeiten, 2 Nebelmodi, Mini Klimaanlage mit Griff, Tragbarer Luftk\u00fchler Geeignet f\u00fcr Schlafzimmer, B\u00fcro - Markt-XXL\",\"isPartOf\":{\"@id\":\"https:\\\/\\\/marktxxl.de\\\/markt\\\/#website\"},\"primaryImageOfPage\":{\"@id\":\"https:\\\/\\\/marktxxl.de\\\/markt\\\/produkt\\\/omisoon-mobile-klimaanlage-800ml-4-in1-mobiles-klimageraet-120-oszillation-3-lueftergeschwindigkeiten-2-nebelmodi-mini-klimaanlage-mit-griff-tragbarer-luftkuehler-geeignet-fuer-schlafzimme\\\/#primaryimage\"},\"image\":{\"@id\":\"https:\\\/\\\/marktxxl.de\\\/markt\\\/produkt\\\/omisoon-mobile-klimaanlage-800ml-4-in1-mobiles-klimageraet-120-oszillation-3-lueftergeschwindigkeiten-2-nebelmodi-mini-klimaanlage-mit-griff-tragbarer-luftkuehler-geeignet-fuer-schlafzimme\\\/#primaryimage\"},\"thumbnailUrl\":\"https:\\\/\\\/m.media-amazon.com\\\/images\\\/I\\\/41V1JKXZ8ZL._SL500_.jpg\",\"datePublished\":\"2023-05-09T23:04:03+00:00\",\"description\":\"Markt-XXL OMISOON Mobile Klimaanlage 800ml, 4 in1 Mobiles Klimager\u00e4t, 120\u00b0 Oszillation, 3 L\u00fcftergeschwindigkeiten, 2 Nebelmodi, Mini Klimaanlage mit Griff, Tragbarer Luftk\u00fchler Geeignet f\u00fcr Schlafzimmer, B\u00fcro\",\"breadcrumb\":{\"@id\":\"https:\\\/\\\/marktxxl.de\\\/markt\\\/produkt\\\/omisoon-mobile-klimaanlage-800ml-4-in1-mobiles-klimageraet-120-oszillation-3-lueftergeschwindigkeiten-2-nebelmodi-mini-klimaanlage-mit-griff-tragbarer-luftkuehler-geeignet-fuer-schlafzimme\\\/#breadcrumb\"},\"inLanguage\":\"de\",\"potentialAction\":[{\"@type\":\"ReadAction\",\"target\":[\"https:\\\/\\\/marktxxl.de\\\/markt\\\/produkt\\\/omisoon-mobile-klimaanlage-800ml-4-in1-mobiles-klimageraet-120-oszillation-3-lueftergeschwindigkeiten-2-nebelmodi-mini-klimaanlage-mit-griff-tragbarer-luftkuehler-geeignet-fuer-schlafzimme\\\/\"]}]},{\"@type\":\"ImageObject\",\"inLanguage\":\"de\",\"@id\":\"https:\\\/\\\/marktxxl.de\\\/markt\\\/produkt\\\/omisoon-mobile-klimaanlage-800ml-4-in1-mobiles-klimageraet-120-oszillation-3-lueftergeschwindigkeiten-2-nebelmodi-mini-klimaanlage-mit-griff-tragbarer-luftkuehler-geeignet-fuer-schlafzimme\\\/#primaryimage\",\"url\":\"https:\\\/\\\/m.media-amazon.com\\\/images\\\/I\\\/41V1JKXZ8ZL._SL500_.jpg\",\"contentUrl\":\"https:\\\/\\\/m.media-amazon.com\\\/images\\\/I\\\/41V1JKXZ8ZL._SL500_.jpg\",\"width\":500,\"height\":500},{\"@type\":\"BreadcrumbList\",\"@id\":\"https:\\\/\\\/marktxxl.de\\\/markt\\\/produkt\\\/omisoon-mobile-klimaanlage-800ml-4-in1-mobiles-klimageraet-120-oszillation-3-lueftergeschwindigkeiten-2-nebelmodi-mini-klimaanlage-mit-griff-tragbarer-luftkuehler-geeignet-fuer-schlafzimme\\\/#breadcrumb\",\"itemListElement\":[{\"@type\":\"ListItem\",\"position\":1,\"name\":\"Startseite\",\"item\":\"https:\\\/\\\/marktxxl.de\\\/markt\\\/\"},{\"@type\":\"ListItem\",\"position\":2,\"name\":\"Markt\",\"item\":\"https:\\\/\\\/marktxxl.de\\\/markt\\\/\"},{\"@type\":\"ListItem\",\"position\":3,\"name\":\"OMISOON Mobile Klimaanlage 800ml, 4 in1 Mobiles Klimager\u00e4t, 120\u00b0 Oszillation, 3 L\u00fcftergeschwindigkeiten, 2 Nebelmodi, Mini Klimaanlage mit Griff, Tragbarer Luftk\u00fchler Geeignet f\u00fcr Schlafzimmer, B\u00fcro\"}]},{\"@type\":\"WebSite\",\"@id\":\"https:\\\/\\\/marktxxl.de\\\/markt\\\/#website\",\"url\":\"https:\\\/\\\/marktxxl.de\\\/markt\\\/\",\"name\":\"Markt-XXL\",\"description\":\"Ihr Markt Online\",\"publisher\":{\"@id\":\"https:\\\/\\\/marktxxl.de\\\/markt\\\/#organization\"},\"potentialAction\":[{\"@type\":\"SearchAction\",\"target\":{\"@type\":\"EntryPoint\",\"urlTemplate\":\"https:\\\/\\\/marktxxl.de\\\/markt\\\/?s={search_term_string}\"},\"query-input\":{\"@type\":\"PropertyValueSpecification\",\"valueRequired\":true,\"valueName\":\"search_term_string\"}}],\"inLanguage\":\"de\"},{\"@type\":\"Organization\",\"@id\":\"https:\\\/\\\/marktxxl.de\\\/markt\\\/#organization\",\"name\":\"Markt-XXL\",\"url\":\"https:\\\/\\\/marktxxl.de\\\/markt\\\/\",\"logo\":{\"@type\":\"ImageObject\",\"inLanguage\":\"de\",\"@id\":\"https:\\\/\\\/marktxxl.de\\\/markt\\\/#\\\/schema\\\/logo\\\/image\\\/\",\"url\":\"https:\\\/\\\/marktxxl.de\\\/markt\\\/wp-content\\\/uploads\\\/sites\\\/3\\\/2020\\\/12\\\/logo.png\",\"contentUrl\":\"https:\\\/\\\/marktxxl.de\\\/markt\\\/wp-content\\\/uploads\\\/sites\\\/3\\\/2020\\\/12\\\/logo.png\",\"width\":200,\"height\":70,\"caption\":\"Markt-XXL\"},\"image\":{\"@id\":\"https:\\\/\\\/marktxxl.de\\\/markt\\\/#\\\/schema\\\/logo\\\/image\\\/\"}}]}<\/script>\n<!-- \/ Yoast SEO plugin. -->","yoast_head_json":{"title":"OMISOON Mobile Klimaanlage 800ml, 4 in1 Mobiles Klimager\u00e4t, 120\u00b0 Oszillation, 3 L\u00fcftergeschwindigkeiten, 2 Nebelmodi, Mini Klimaanlage mit Griff, Tragbarer Luftk\u00fchler Geeignet f\u00fcr Schlafzimmer, B\u00fcro - Markt-XXL","description":"Markt-XXL OMISOON Mobile Klimaanlage 800ml, 4 in1 Mobiles Klimager\u00e4t, 120\u00b0 Oszillation, 3 L\u00fcftergeschwindigkeiten, 2 Nebelmodi, Mini Klimaanlage mit Griff, Tragbarer Luftk\u00fchler Geeignet f\u00fcr Schlafzimmer, B\u00fcro","robots":{"index":"index","follow":"follow","max-snippet":"max-snippet:-1","max-image-preview":"max-image-preview:large","max-video-preview":"max-video-preview:-1"},"canonical":"https:\/\/marktxxl.de\/markt\/produkt\/omisoon-mobile-klimaanlage-800ml-4-in1-mobiles-klimageraet-120-oszillation-3-lueftergeschwindigkeiten-2-nebelmodi-mini-klimaanlage-mit-griff-tragbarer-luftkuehler-geeignet-fuer-schlafzimme\/","og_locale":"de_DE","og_type":"article","og_title":"OMISOON Mobile Klimaanlage 800ml, 4 in1 Mobiles Klimager\u00e4t, 120\u00b0 Oszillation, 3 L\u00fcftergeschwindigkeiten, 2 Nebelmodi, Mini Klimaanlage mit Griff, Tragbarer Luftk\u00fchler Geeignet f\u00fcr Schlafzimmer, B\u00fcro - Markt-XXL","og_description":"Markt-XXL OMISOON Mobile Klimaanlage 800ml, 4 in1 Mobiles Klimager\u00e4t, 120\u00b0 Oszillation, 3 L\u00fcftergeschwindigkeiten, 2 Nebelmodi, Mini Klimaanlage mit Griff, Tragbarer Luftk\u00fchler Geeignet f\u00fcr Schlafzimmer, B\u00fcro","og_url":"https:\/\/marktxxl.de\/markt\/produkt\/omisoon-mobile-klimaanlage-800ml-4-in1-mobiles-klimageraet-120-oszillation-3-lueftergeschwindigkeiten-2-nebelmodi-mini-klimaanlage-mit-griff-tragbarer-luftkuehler-geeignet-fuer-schlafzimme\/","og_site_name":"Markt-XXL","twitter_card":"summary_large_image","twitter_misc":{"Gesch\u00e4tzte Lesezeit":"2\u00a0Minuten"},"schema":{"@context":"https:\/\/schema.org","@graph":[{"@type":"WebPage","@id":"https:\/\/marktxxl.de\/markt\/produkt\/omisoon-mobile-klimaanlage-800ml-4-in1-mobiles-klimageraet-120-oszillation-3-lueftergeschwindigkeiten-2-nebelmodi-mini-klimaanlage-mit-griff-tragbarer-luftkuehler-geeignet-fuer-schlafzimme\/","url":"https:\/\/marktxxl.de\/markt\/produkt\/omisoon-mobile-klimaanlage-800ml-4-in1-mobiles-klimageraet-120-oszillation-3-lueftergeschwindigkeiten-2-nebelmodi-mini-klimaanlage-mit-griff-tragbarer-luftkuehler-geeignet-fuer-schlafzimme\/","name":"OMISOON Mobile Klimaanlage 800ml, 4 in1 Mobiles Klimager\u00e4t, 120\u00b0 Oszillation, 3 L\u00fcftergeschwindigkeiten, 2 Nebelmodi, Mini Klimaanlage mit Griff, Tragbarer Luftk\u00fchler Geeignet f\u00fcr Schlafzimmer, B\u00fcro - Markt-XXL","isPartOf":{"@id":"https:\/\/marktxxl.de\/markt\/#website"},"primaryImageOfPage":{"@id":"https:\/\/marktxxl.de\/markt\/produkt\/omisoon-mobile-klimaanlage-800ml-4-in1-mobiles-klimageraet-120-oszillation-3-lueftergeschwindigkeiten-2-nebelmodi-mini-klimaanlage-mit-griff-tragbarer-luftkuehler-geeignet-fuer-schlafzimme\/#primaryimage"},"image":{"@id":"https:\/\/marktxxl.de\/markt\/produkt\/omisoon-mobile-klimaanlage-800ml-4-in1-mobiles-klimageraet-120-oszillation-3-lueftergeschwindigkeiten-2-nebelmodi-mini-klimaanlage-mit-griff-tragbarer-luftkuehler-geeignet-fuer-schlafzimme\/#primaryimage"},"thumbnailUrl":"https:\/\/m.media-amazon.com\/images\/I\/41V1JKXZ8ZL._SL500_.jpg","datePublished":"2023-05-09T23:04:03+00:00","description":"Markt-XXL OMISOON Mobile Klimaanlage 800ml, 4 in1 Mobiles Klimager\u00e4t, 120\u00b0 Oszillation, 3 L\u00fcftergeschwindigkeiten, 2 Nebelmodi, Mini Klimaanlage mit Griff, Tragbarer Luftk\u00fchler Geeignet f\u00fcr Schlafzimmer, B\u00fcro","breadcrumb":{"@id":"https:\/\/marktxxl.de\/markt\/produkt\/omisoon-mobile-klimaanlage-800ml-4-in1-mobiles-klimageraet-120-oszillation-3-lueftergeschwindigkeiten-2-nebelmodi-mini-klimaanlage-mit-griff-tragbarer-luftkuehler-geeignet-fuer-schlafzimme\/#breadcrumb"},"inLanguage":"de","potentialAction":[{"@type":"ReadAction","target":["https:\/\/marktxxl.de\/markt\/produkt\/omisoon-mobile-klimaanlage-800ml-4-in1-mobiles-klimageraet-120-oszillation-3-lueftergeschwindigkeiten-2-nebelmodi-mini-klimaanlage-mit-griff-tragbarer-luftkuehler-geeignet-fuer-schlafzimme\/"]}]},{"@type":"ImageObject","inLanguage":"de","@id":"https:\/\/marktxxl.de\/markt\/produkt\/omisoon-mobile-klimaanlage-800ml-4-in1-mobiles-klimageraet-120-oszillation-3-lueftergeschwindigkeiten-2-nebelmodi-mini-klimaanlage-mit-griff-tragbarer-luftkuehler-geeignet-fuer-schlafzimme\/#primaryimage","url":"https:\/\/m.media-amazon.com\/images\/I\/41V1JKXZ8ZL._SL500_.jpg","contentUrl":"https:\/\/m.media-amazon.com\/images\/I\/41V1JKXZ8ZL._SL500_.jpg","width":500,"height":500},{"@type":"BreadcrumbList","@id":"https:\/\/marktxxl.de\/markt\/produkt\/omisoon-mobile-klimaanlage-800ml-4-in1-mobiles-klimageraet-120-oszillation-3-lueftergeschwindigkeiten-2-nebelmodi-mini-klimaanlage-mit-griff-tragbarer-luftkuehler-geeignet-fuer-schlafzimme\/#breadcrumb","itemListElement":[{"@type":"ListItem","position":1,"name":"Startseite","item":"https:\/\/marktxxl.de\/markt\/"},{"@type":"ListItem","position":2,"name":"Markt","item":"https:\/\/marktxxl.de\/markt\/"},{"@type":"ListItem","position":3,"name":"OMISOON Mobile Klimaanlage 800ml, 4 in1 Mobiles Klimager\u00e4t, 120\u00b0 Oszillation, 3 L\u00fcftergeschwindigkeiten, 2 Nebelmodi, Mini Klimaanlage mit Griff, Tragbarer Luftk\u00fchler Geeignet f\u00fcr Schlafzimmer, B\u00fcro"}]},{"@type":"WebSite","@id":"https:\/\/marktxxl.de\/markt\/#website","url":"https:\/\/marktxxl.de\/markt\/","name":"Markt-XXL","description":"Ihr Markt Online","publisher":{"@id":"https:\/\/marktxxl.de\/markt\/#organization"},"potentialAction":[{"@type":"SearchAction","target":{"@type":"EntryPoint","urlTemplate":"https:\/\/marktxxl.de\/markt\/?s={search_term_string}"},"query-input":{"@type":"PropertyValueSpecification","valueRequired":true,"valueName":"search_term_string"}}],"inLanguage":"de"},{"@type":"Organization","@id":"https:\/\/marktxxl.de\/markt\/#organization","name":"Markt-XXL","url":"https:\/\/marktxxl.de\/markt\/","logo":{"@type":"ImageObject","inLanguage":"de","@id":"https:\/\/marktxxl.de\/markt\/#\/schema\/logo\/image\/","url":"https:\/\/marktxxl.de\/markt\/wp-content\/uploads\/sites\/3\/2020\/12\/logo.png","contentUrl":"https:\/\/marktxxl.de\/markt\/wp-content\/uploads\/sites\/3\/2020\/12\/logo.png","width":200,"height":70,"caption":"Markt-XXL"},"image":{"@id":"https:\/\/marktxxl.de\/markt\/#\/schema\/logo\/image\/"}}]}},"_links":{"self":[{"href":"https:\/\/marktxxl.de\/markt\/wp-json\/wp\/v2\/product\/203718","targetHints":{"allow":["GET"]}}],"collection":[{"href":"https:\/\/marktxxl.de\/markt\/wp-json\/wp\/v2\/product"}],"about":[{"href":"https:\/\/marktxxl.de\/markt\/wp-json\/wp\/v2\/types\/product"}],"replies":[{"embeddable":true,"href":"https:\/\/marktxxl.de\/markt\/wp-json\/wp\/v2\/comments?post=203718"}],"wp:featuredmedia":[{"embeddable":true,"href":"https:\/\/marktxxl.de\/markt\/wp-json\/wp\/v2\/media\/203719"}],"wp:attachment":[{"href":"https:\/\/marktxxl.de\/markt\/wp-json\/wp\/v2\/media?parent=203718"}],"wp:term":[{"taxonomy":"product_brand","embeddable":true,"href":"https:\/\/marktxxl.de\/markt\/wp-json\/wp\/v2\/product_brand?post=203718"},{"taxonomy":"product_cat","embeddable":true,"href":"https:\/\/marktxxl.de\/markt\/wp-json\/wp\/v2\/product_cat?post=203718"},{"taxonomy":"product_tag","embeddable":true,"href":"https:\/\/marktxxl.de\/markt\/wp-json\/wp\/v2\/product_tag?post=203718"}],"curies":[{"name":"wp","href":"https:\/\/api.w.org\/{rel}","templated":true}]}}