{"id":203689,"date":"2023-05-10T00:55:17","date_gmt":"2023-05-09T22:55:17","guid":{"rendered":"https:\/\/marktxxl.de\/markt\/produkt\/beissringe-fuer-baby-bpa-freies-weiches-silikon-beissspielzeug-beissring-set-fuer-babys-ab-3-monaten-mit-clip-leicht-zu-greifende-leicht-zu-reinigende-beisshilfe-fuer-babys-rosa\/"},"modified":"2023-05-10T00:55:17","modified_gmt":"2023-05-09T22:55:17","slug":"beissringe-fuer-baby-bpa-freies-weiches-silikon-beissspielzeug-beissring-set-fuer-babys-ab-3-monaten-mit-clip-leicht-zu-greifende-leicht-zu-reinigende-beisshilfe-fuer-babys-rosa","status":"publish","type":"product","link":"https:\/\/marktxxl.de\/markt\/produkt\/beissringe-fuer-baby-bpa-freies-weiches-silikon-beissspielzeug-beissring-set-fuer-babys-ab-3-monaten-mit-clip-leicht-zu-greifende-leicht-zu-reinigende-beisshilfe-fuer-babys-rosa\/","title":{"rendered":"Bei\u00dfringe f\u00fcr Baby &#8211; BPA freies weiches Silikon Bei\u00dfspielzeug, Bei\u00dfring-Set f\u00fcr Babys ab 3 Monaten mit Clip, Leicht zu greifende, leicht zu reinigende Bei\u00dfhilfe f\u00fcr Babys, Rosa"},"content":{"rendered":"<p>\u3010Sichere und gesunde Materialien\u3011Baby Bei\u00dfringe sind aus 100% lebensmittelechtem Silikon, ungiftig und BPA-frei. Das Material ist weich und flexibel, um den Mund Ihres Babys beim Nagen nicht zu verletzen. Unsere Bei\u00dfringe sind f\u00fcr Babys und Kleinkinder ab einem Alter von 3 Monaten geeignet. Babys k\u00f6nnen so viel anfassen, kauen und knabbern, wie sie wollen.<br \/>\n\u3010Leicht zu reinigen und zu verwenden\u3011Die Bei\u00dfringe aus Silikon sind leicht zu reinigen und k\u00f6nnen in der Sp\u00fclmaschine oder in jedem Kaltwasser-\/Dampfsterilisator gewaschen und an einem trockenen, gut bel\u00fcfteten Ort getrocknet werden. Bei\u00dfringe k\u00f6nnen auch zum K\u00fchlen im K\u00fchlschrank aufbewahrt werden, um den Schmerz zu bet\u00e4uben. Regelm\u00e4\u00dfige Reinigung tr\u00e4gt zu einer gesunden Nutzung bei.<br \/>\n\u3010Reich strukturierte Oberfl\u00e4che\u3011Der Bei\u00dfring wurde sorgf\u00e4ltig mit mehreren unebenen Oberfl\u00e4chen entworfen. Das Bei\u00dfspielzeug ist reichhaltig strukturiert und f\u00fcr Babys jeden Alters geeignet, lindert die Beschwerden beim Zahnen und f\u00f6rdert die sensorischen F\u00e4higkeiten des Babys, was es zu einem unverzichtbaren Bei\u00dfspielzeug macht.<br \/>\n\u3010Geeignet zum Greifen\u3011Mit einer Griffbreite von 5-6 cm ist dieses Bei\u00dfspielzeug aus Silikon perfekt f\u00fcr Babys kleine H\u00e4nde. Er ist leicht und hat die richtige Gr\u00f6\u00dfe, um die Greiff\u00e4higkeiten des Babys zu trainieren. Das Bei\u00dfring-Set wird au\u00dferdem mit einer 13 cm langen Silikonkette und einem Clip geliefert, damit der Bei\u00dfring nicht herunterf\u00e4llt oder verloren geht.<br \/>\n\u3010Das perfekte Geschenk f\u00fcr das Baby\u3011Das Bei\u00dfspielzeug aus Silikon ist perfekt f\u00fcr Baby-Duschen, Thanksgiving, Weihnachten und jede andere Gelegenheit zum Verschenken. F\u00fcr zahnende Babys sind Bei\u00dfringe ihr Lieblingsspielzeug. Wenn Sie Fragen zu unseren Bei\u00dfringen haben, wenden Sie sich bitte an unser Serviceteam und wir werden Ihr Problem innerhalb von 12 Stunden l\u00f6sen.<br \/>\n<div class=\"main-cross-sell\" data-asin=\"B0C2YBFL4X\">\n\n\t<div class=\"WooZone-cross-sell-loader\">\n\t\t<div>\n\t\t\t<div id=\"floatingBarsG\">\n\t\t\t\t<div class=\"blockG\" id=\"rotateG_01\"><\/div>\n\t\t\t\t<div class=\"blockG\" id=\"rotateG_02\"><\/div>\n\t\t\t\t<div class=\"blockG\" id=\"rotateG_03\"><\/div>\n\t\t\t\t<div class=\"blockG\" id=\"rotateG_04\"><\/div>\n\t\t\t\t<div class=\"blockG\" id=\"rotateG_05\"><\/div>\n\t\t\t\t<div class=\"blockG\" id=\"rotateG_06\"><\/div>\n\t\t\t\t<div class=\"blockG\" id=\"rotateG_07\"><\/div>\n\t\t\t\t<div class=\"blockG\" id=\"rotateG_08\"><\/div>\n\t\t\t<\/div>\n\t\t\t<div class=\"WooZone-cross-sell-loader-text\"><\/div>\n\t\t<\/div>\n\t<\/div>\n\n\t\t\n<\/div>\n<div style=\"clear:both;\"><\/div><\/p>\n","protected":false},"excerpt":{"rendered":"<p>\u3010Sichere und gesunde Materialien\u3011Baby Bei\u00dfringe sind aus 100% lebensmittelechtem Silikon, ungiftig und BPA-frei. Das Material ist weich und flexibel, um den Mund Ihres Babys beim Nagen nicht zu verletzen. Unsere Bei\u00dfringe sind f\u00fcr Babys und Kleinkinder ab einem Alter von 3 Monaten geeignet. Babys k\u00f6nnen so viel anfassen, kauen und knabbern, wie sie wollen.<br \/>\n\u3010Leicht zu reinigen und zu verwenden\u3011Die Bei\u00dfringe aus Silikon sind leicht zu reinigen und k\u00f6nnen in der Sp\u00fclmaschine oder in jedem Kaltwasser-\/Dampfsterilisator gewaschen und an einem trockenen, gut bel\u00fcfteten Ort getrocknet werden. Bei\u00dfringe k\u00f6nnen auch zum K\u00fchlen im K\u00fchlschrank aufbewahrt werden, um den Schmerz zu bet\u00e4uben. Regelm\u00e4\u00dfige Reinigung tr\u00e4gt zu einer gesunden Nutzung bei.<br \/>\n\u3010Reich strukturierte Oberfl\u00e4che\u3011Der Bei\u00dfring wurde sorgf\u00e4ltig mit mehreren unebenen Oberfl\u00e4chen entworfen. Das Bei\u00dfspielzeug ist reichhaltig strukturiert und f\u00fcr Babys jeden Alters geeignet, lindert die Beschwerden beim Zahnen und f\u00f6rdert die sensorischen F\u00e4higkeiten des Babys, was es zu einem unverzichtbaren Bei\u00dfspielzeug macht.<\/p>\n","protected":false},"featured_media":203690,"comment_status":"open","ping_status":"closed","template":"","meta":[],"product_brand":[],"product_cat":[21,9329],"product_tag":[],"class_list":{"0":"post-203689","1":"product","2":"type-product","3":"status-publish","4":"has-post-thumbnail","6":"product_cat-baby","7":"product_cat-kinderwagen-buggys-zubehoer-baby","8":"pa_brand-tonomo","9":"pa_color-rosa","10":"pa_manufacturer-tonomo","12":"first","13":"instock","14":"shipping-taxable","15":"purchasable","16":"product-type-simple","17":"customify-col","18":"product-has-gallery"},"yoast_head":"<!-- This site is optimized with the Yoast SEO plugin v27.4 - https:\/\/yoast.com\/product\/yoast-seo-wordpress\/ -->\n<title>Bei\u00dfringe f\u00fcr Baby - BPA freies weiches Silikon Bei\u00dfspielzeug, Bei\u00dfring-Set f\u00fcr Babys ab 3 Monaten mit Clip, Leicht zu greifende, leicht zu reinigende Bei\u00dfhilfe f\u00fcr Babys, Rosa - Markt-XXL<\/title>\n<meta name=\"description\" content=\"Markt-XXL Bei\u00dfringe f\u00fcr Baby - BPA freies weiches Silikon Bei\u00dfspielzeug, Bei\u00dfring-Set f\u00fcr Babys ab 3 Monaten mit Clip, Leicht zu greifende, leicht zu reinigende Bei\u00dfhilfe f\u00fcr Babys, Rosa\" \/>\n<meta name=\"robots\" content=\"index, follow, max-snippet:-1, max-image-preview:large, max-video-preview:-1\" \/>\n<link rel=\"canonical\" href=\"https:\/\/marktxxl.de\/markt\/produkt\/beissringe-fuer-baby-bpa-freies-weiches-silikon-beissspielzeug-beissring-set-fuer-babys-ab-3-monaten-mit-clip-leicht-zu-greifende-leicht-zu-reinigende-beisshilfe-fuer-babys-rosa\/\" \/>\n<meta property=\"og:locale\" content=\"de_DE\" \/>\n<meta property=\"og:type\" content=\"article\" \/>\n<meta property=\"og:title\" content=\"Bei\u00dfringe f\u00fcr Baby - BPA freies weiches Silikon Bei\u00dfspielzeug, Bei\u00dfring-Set f\u00fcr Babys ab 3 Monaten mit Clip, Leicht zu greifende, leicht zu reinigende Bei\u00dfhilfe f\u00fcr Babys, Rosa - Markt-XXL\" \/>\n<meta property=\"og:description\" content=\"Markt-XXL Bei\u00dfringe f\u00fcr Baby - BPA freies weiches Silikon Bei\u00dfspielzeug, Bei\u00dfring-Set f\u00fcr Babys ab 3 Monaten mit Clip, Leicht zu greifende, leicht zu reinigende Bei\u00dfhilfe f\u00fcr Babys, Rosa\" \/>\n<meta property=\"og:url\" content=\"https:\/\/marktxxl.de\/markt\/produkt\/beissringe-fuer-baby-bpa-freies-weiches-silikon-beissspielzeug-beissring-set-fuer-babys-ab-3-monaten-mit-clip-leicht-zu-greifende-leicht-zu-reinigende-beisshilfe-fuer-babys-rosa\/\" \/>\n<meta property=\"og:site_name\" content=\"Markt-XXL\" \/>\n<meta name=\"twitter:card\" content=\"summary_large_image\" \/>\n<meta name=\"twitter:label1\" content=\"Gesch\u00e4tzte Lesezeit\" \/>\n\t<meta name=\"twitter:data1\" content=\"2\u00a0Minuten\" \/>\n<script type=\"application\/ld+json\" class=\"yoast-schema-graph\">{\"@context\":\"https:\\\/\\\/schema.org\",\"@graph\":[{\"@type\":\"WebPage\",\"@id\":\"https:\\\/\\\/marktxxl.de\\\/markt\\\/produkt\\\/beissringe-fuer-baby-bpa-freies-weiches-silikon-beissspielzeug-beissring-set-fuer-babys-ab-3-monaten-mit-clip-leicht-zu-greifende-leicht-zu-reinigende-beisshilfe-fuer-babys-rosa\\\/\",\"url\":\"https:\\\/\\\/marktxxl.de\\\/markt\\\/produkt\\\/beissringe-fuer-baby-bpa-freies-weiches-silikon-beissspielzeug-beissring-set-fuer-babys-ab-3-monaten-mit-clip-leicht-zu-greifende-leicht-zu-reinigende-beisshilfe-fuer-babys-rosa\\\/\",\"name\":\"Bei\u00dfringe f\u00fcr Baby - BPA freies weiches Silikon Bei\u00dfspielzeug, Bei\u00dfring-Set f\u00fcr Babys ab 3 Monaten mit Clip, Leicht zu greifende, leicht zu reinigende Bei\u00dfhilfe f\u00fcr Babys, Rosa - Markt-XXL\",\"isPartOf\":{\"@id\":\"https:\\\/\\\/marktxxl.de\\\/markt\\\/#website\"},\"primaryImageOfPage\":{\"@id\":\"https:\\\/\\\/marktxxl.de\\\/markt\\\/produkt\\\/beissringe-fuer-baby-bpa-freies-weiches-silikon-beissspielzeug-beissring-set-fuer-babys-ab-3-monaten-mit-clip-leicht-zu-greifende-leicht-zu-reinigende-beisshilfe-fuer-babys-rosa\\\/#primaryimage\"},\"image\":{\"@id\":\"https:\\\/\\\/marktxxl.de\\\/markt\\\/produkt\\\/beissringe-fuer-baby-bpa-freies-weiches-silikon-beissspielzeug-beissring-set-fuer-babys-ab-3-monaten-mit-clip-leicht-zu-greifende-leicht-zu-reinigende-beisshilfe-fuer-babys-rosa\\\/#primaryimage\"},\"thumbnailUrl\":\"https:\\\/\\\/m.media-amazon.com\\\/images\\\/I\\\/41yl4DXT+yL._SL500_.jpg\",\"datePublished\":\"2023-05-09T22:55:17+00:00\",\"description\":\"Markt-XXL Bei\u00dfringe f\u00fcr Baby - BPA freies weiches Silikon Bei\u00dfspielzeug, Bei\u00dfring-Set f\u00fcr Babys ab 3 Monaten mit Clip, Leicht zu greifende, leicht zu reinigende Bei\u00dfhilfe f\u00fcr Babys, Rosa\",\"breadcrumb\":{\"@id\":\"https:\\\/\\\/marktxxl.de\\\/markt\\\/produkt\\\/beissringe-fuer-baby-bpa-freies-weiches-silikon-beissspielzeug-beissring-set-fuer-babys-ab-3-monaten-mit-clip-leicht-zu-greifende-leicht-zu-reinigende-beisshilfe-fuer-babys-rosa\\\/#breadcrumb\"},\"inLanguage\":\"de\",\"potentialAction\":[{\"@type\":\"ReadAction\",\"target\":[\"https:\\\/\\\/marktxxl.de\\\/markt\\\/produkt\\\/beissringe-fuer-baby-bpa-freies-weiches-silikon-beissspielzeug-beissring-set-fuer-babys-ab-3-monaten-mit-clip-leicht-zu-greifende-leicht-zu-reinigende-beisshilfe-fuer-babys-rosa\\\/\"]}]},{\"@type\":\"ImageObject\",\"inLanguage\":\"de\",\"@id\":\"https:\\\/\\\/marktxxl.de\\\/markt\\\/produkt\\\/beissringe-fuer-baby-bpa-freies-weiches-silikon-beissspielzeug-beissring-set-fuer-babys-ab-3-monaten-mit-clip-leicht-zu-greifende-leicht-zu-reinigende-beisshilfe-fuer-babys-rosa\\\/#primaryimage\",\"url\":\"https:\\\/\\\/m.media-amazon.com\\\/images\\\/I\\\/41yl4DXT+yL._SL500_.jpg\",\"contentUrl\":\"https:\\\/\\\/m.media-amazon.com\\\/images\\\/I\\\/41yl4DXT+yL._SL500_.jpg\",\"width\":500,\"height\":500},{\"@type\":\"BreadcrumbList\",\"@id\":\"https:\\\/\\\/marktxxl.de\\\/markt\\\/produkt\\\/beissringe-fuer-baby-bpa-freies-weiches-silikon-beissspielzeug-beissring-set-fuer-babys-ab-3-monaten-mit-clip-leicht-zu-greifende-leicht-zu-reinigende-beisshilfe-fuer-babys-rosa\\\/#breadcrumb\",\"itemListElement\":[{\"@type\":\"ListItem\",\"position\":1,\"name\":\"Startseite\",\"item\":\"https:\\\/\\\/marktxxl.de\\\/markt\\\/\"},{\"@type\":\"ListItem\",\"position\":2,\"name\":\"Markt\",\"item\":\"https:\\\/\\\/marktxxl.de\\\/markt\\\/\"},{\"@type\":\"ListItem\",\"position\":3,\"name\":\"Bei\u00dfringe f\u00fcr Baby &#8211; BPA freies weiches Silikon Bei\u00dfspielzeug, Bei\u00dfring-Set f\u00fcr Babys ab 3 Monaten mit Clip, Leicht zu greifende, leicht zu reinigende Bei\u00dfhilfe f\u00fcr Babys, Rosa\"}]},{\"@type\":\"WebSite\",\"@id\":\"https:\\\/\\\/marktxxl.de\\\/markt\\\/#website\",\"url\":\"https:\\\/\\\/marktxxl.de\\\/markt\\\/\",\"name\":\"Markt-XXL\",\"description\":\"Ihr Markt Online\",\"publisher\":{\"@id\":\"https:\\\/\\\/marktxxl.de\\\/markt\\\/#organization\"},\"potentialAction\":[{\"@type\":\"SearchAction\",\"target\":{\"@type\":\"EntryPoint\",\"urlTemplate\":\"https:\\\/\\\/marktxxl.de\\\/markt\\\/?s={search_term_string}\"},\"query-input\":{\"@type\":\"PropertyValueSpecification\",\"valueRequired\":true,\"valueName\":\"search_term_string\"}}],\"inLanguage\":\"de\"},{\"@type\":\"Organization\",\"@id\":\"https:\\\/\\\/marktxxl.de\\\/markt\\\/#organization\",\"name\":\"Markt-XXL\",\"url\":\"https:\\\/\\\/marktxxl.de\\\/markt\\\/\",\"logo\":{\"@type\":\"ImageObject\",\"inLanguage\":\"de\",\"@id\":\"https:\\\/\\\/marktxxl.de\\\/markt\\\/#\\\/schema\\\/logo\\\/image\\\/\",\"url\":\"https:\\\/\\\/marktxxl.de\\\/markt\\\/wp-content\\\/uploads\\\/sites\\\/3\\\/2020\\\/12\\\/logo.png\",\"contentUrl\":\"https:\\\/\\\/marktxxl.de\\\/markt\\\/wp-content\\\/uploads\\\/sites\\\/3\\\/2020\\\/12\\\/logo.png\",\"width\":200,\"height\":70,\"caption\":\"Markt-XXL\"},\"image\":{\"@id\":\"https:\\\/\\\/marktxxl.de\\\/markt\\\/#\\\/schema\\\/logo\\\/image\\\/\"}}]}<\/script>\n<!-- \/ Yoast SEO plugin. -->","yoast_head_json":{"title":"Bei\u00dfringe f\u00fcr Baby - BPA freies weiches Silikon Bei\u00dfspielzeug, Bei\u00dfring-Set f\u00fcr Babys ab 3 Monaten mit Clip, Leicht zu greifende, leicht zu reinigende Bei\u00dfhilfe f\u00fcr Babys, Rosa - Markt-XXL","description":"Markt-XXL Bei\u00dfringe f\u00fcr Baby - BPA freies weiches Silikon Bei\u00dfspielzeug, Bei\u00dfring-Set f\u00fcr Babys ab 3 Monaten mit Clip, Leicht zu greifende, leicht zu reinigende Bei\u00dfhilfe f\u00fcr Babys, Rosa","robots":{"index":"index","follow":"follow","max-snippet":"max-snippet:-1","max-image-preview":"max-image-preview:large","max-video-preview":"max-video-preview:-1"},"canonical":"https:\/\/marktxxl.de\/markt\/produkt\/beissringe-fuer-baby-bpa-freies-weiches-silikon-beissspielzeug-beissring-set-fuer-babys-ab-3-monaten-mit-clip-leicht-zu-greifende-leicht-zu-reinigende-beisshilfe-fuer-babys-rosa\/","og_locale":"de_DE","og_type":"article","og_title":"Bei\u00dfringe f\u00fcr Baby - BPA freies weiches Silikon Bei\u00dfspielzeug, Bei\u00dfring-Set f\u00fcr Babys ab 3 Monaten mit Clip, Leicht zu greifende, leicht zu reinigende Bei\u00dfhilfe f\u00fcr Babys, Rosa - Markt-XXL","og_description":"Markt-XXL Bei\u00dfringe f\u00fcr Baby - BPA freies weiches Silikon Bei\u00dfspielzeug, Bei\u00dfring-Set f\u00fcr Babys ab 3 Monaten mit Clip, Leicht zu greifende, leicht zu reinigende Bei\u00dfhilfe f\u00fcr Babys, Rosa","og_url":"https:\/\/marktxxl.de\/markt\/produkt\/beissringe-fuer-baby-bpa-freies-weiches-silikon-beissspielzeug-beissring-set-fuer-babys-ab-3-monaten-mit-clip-leicht-zu-greifende-leicht-zu-reinigende-beisshilfe-fuer-babys-rosa\/","og_site_name":"Markt-XXL","twitter_card":"summary_large_image","twitter_misc":{"Gesch\u00e4tzte Lesezeit":"2\u00a0Minuten"},"schema":{"@context":"https:\/\/schema.org","@graph":[{"@type":"WebPage","@id":"https:\/\/marktxxl.de\/markt\/produkt\/beissringe-fuer-baby-bpa-freies-weiches-silikon-beissspielzeug-beissring-set-fuer-babys-ab-3-monaten-mit-clip-leicht-zu-greifende-leicht-zu-reinigende-beisshilfe-fuer-babys-rosa\/","url":"https:\/\/marktxxl.de\/markt\/produkt\/beissringe-fuer-baby-bpa-freies-weiches-silikon-beissspielzeug-beissring-set-fuer-babys-ab-3-monaten-mit-clip-leicht-zu-greifende-leicht-zu-reinigende-beisshilfe-fuer-babys-rosa\/","name":"Bei\u00dfringe f\u00fcr Baby - BPA freies weiches Silikon Bei\u00dfspielzeug, Bei\u00dfring-Set f\u00fcr Babys ab 3 Monaten mit Clip, Leicht zu greifende, leicht zu reinigende Bei\u00dfhilfe f\u00fcr Babys, Rosa - Markt-XXL","isPartOf":{"@id":"https:\/\/marktxxl.de\/markt\/#website"},"primaryImageOfPage":{"@id":"https:\/\/marktxxl.de\/markt\/produkt\/beissringe-fuer-baby-bpa-freies-weiches-silikon-beissspielzeug-beissring-set-fuer-babys-ab-3-monaten-mit-clip-leicht-zu-greifende-leicht-zu-reinigende-beisshilfe-fuer-babys-rosa\/#primaryimage"},"image":{"@id":"https:\/\/marktxxl.de\/markt\/produkt\/beissringe-fuer-baby-bpa-freies-weiches-silikon-beissspielzeug-beissring-set-fuer-babys-ab-3-monaten-mit-clip-leicht-zu-greifende-leicht-zu-reinigende-beisshilfe-fuer-babys-rosa\/#primaryimage"},"thumbnailUrl":"https:\/\/m.media-amazon.com\/images\/I\/41yl4DXT+yL._SL500_.jpg","datePublished":"2023-05-09T22:55:17+00:00","description":"Markt-XXL Bei\u00dfringe f\u00fcr Baby - BPA freies weiches Silikon Bei\u00dfspielzeug, Bei\u00dfring-Set f\u00fcr Babys ab 3 Monaten mit Clip, Leicht zu greifende, leicht zu reinigende Bei\u00dfhilfe f\u00fcr Babys, Rosa","breadcrumb":{"@id":"https:\/\/marktxxl.de\/markt\/produkt\/beissringe-fuer-baby-bpa-freies-weiches-silikon-beissspielzeug-beissring-set-fuer-babys-ab-3-monaten-mit-clip-leicht-zu-greifende-leicht-zu-reinigende-beisshilfe-fuer-babys-rosa\/#breadcrumb"},"inLanguage":"de","potentialAction":[{"@type":"ReadAction","target":["https:\/\/marktxxl.de\/markt\/produkt\/beissringe-fuer-baby-bpa-freies-weiches-silikon-beissspielzeug-beissring-set-fuer-babys-ab-3-monaten-mit-clip-leicht-zu-greifende-leicht-zu-reinigende-beisshilfe-fuer-babys-rosa\/"]}]},{"@type":"ImageObject","inLanguage":"de","@id":"https:\/\/marktxxl.de\/markt\/produkt\/beissringe-fuer-baby-bpa-freies-weiches-silikon-beissspielzeug-beissring-set-fuer-babys-ab-3-monaten-mit-clip-leicht-zu-greifende-leicht-zu-reinigende-beisshilfe-fuer-babys-rosa\/#primaryimage","url":"https:\/\/m.media-amazon.com\/images\/I\/41yl4DXT+yL._SL500_.jpg","contentUrl":"https:\/\/m.media-amazon.com\/images\/I\/41yl4DXT+yL._SL500_.jpg","width":500,"height":500},{"@type":"BreadcrumbList","@id":"https:\/\/marktxxl.de\/markt\/produkt\/beissringe-fuer-baby-bpa-freies-weiches-silikon-beissspielzeug-beissring-set-fuer-babys-ab-3-monaten-mit-clip-leicht-zu-greifende-leicht-zu-reinigende-beisshilfe-fuer-babys-rosa\/#breadcrumb","itemListElement":[{"@type":"ListItem","position":1,"name":"Startseite","item":"https:\/\/marktxxl.de\/markt\/"},{"@type":"ListItem","position":2,"name":"Markt","item":"https:\/\/marktxxl.de\/markt\/"},{"@type":"ListItem","position":3,"name":"Bei\u00dfringe f\u00fcr Baby &#8211; BPA freies weiches Silikon Bei\u00dfspielzeug, Bei\u00dfring-Set f\u00fcr Babys ab 3 Monaten mit Clip, Leicht zu greifende, leicht zu reinigende Bei\u00dfhilfe f\u00fcr Babys, Rosa"}]},{"@type":"WebSite","@id":"https:\/\/marktxxl.de\/markt\/#website","url":"https:\/\/marktxxl.de\/markt\/","name":"Markt-XXL","description":"Ihr Markt Online","publisher":{"@id":"https:\/\/marktxxl.de\/markt\/#organization"},"potentialAction":[{"@type":"SearchAction","target":{"@type":"EntryPoint","urlTemplate":"https:\/\/marktxxl.de\/markt\/?s={search_term_string}"},"query-input":{"@type":"PropertyValueSpecification","valueRequired":true,"valueName":"search_term_string"}}],"inLanguage":"de"},{"@type":"Organization","@id":"https:\/\/marktxxl.de\/markt\/#organization","name":"Markt-XXL","url":"https:\/\/marktxxl.de\/markt\/","logo":{"@type":"ImageObject","inLanguage":"de","@id":"https:\/\/marktxxl.de\/markt\/#\/schema\/logo\/image\/","url":"https:\/\/marktxxl.de\/markt\/wp-content\/uploads\/sites\/3\/2020\/12\/logo.png","contentUrl":"https:\/\/marktxxl.de\/markt\/wp-content\/uploads\/sites\/3\/2020\/12\/logo.png","width":200,"height":70,"caption":"Markt-XXL"},"image":{"@id":"https:\/\/marktxxl.de\/markt\/#\/schema\/logo\/image\/"}}]}},"_links":{"self":[{"href":"https:\/\/marktxxl.de\/markt\/wp-json\/wp\/v2\/product\/203689","targetHints":{"allow":["GET"]}}],"collection":[{"href":"https:\/\/marktxxl.de\/markt\/wp-json\/wp\/v2\/product"}],"about":[{"href":"https:\/\/marktxxl.de\/markt\/wp-json\/wp\/v2\/types\/product"}],"replies":[{"embeddable":true,"href":"https:\/\/marktxxl.de\/markt\/wp-json\/wp\/v2\/comments?post=203689"}],"wp:featuredmedia":[{"embeddable":true,"href":"https:\/\/marktxxl.de\/markt\/wp-json\/wp\/v2\/media\/203690"}],"wp:attachment":[{"href":"https:\/\/marktxxl.de\/markt\/wp-json\/wp\/v2\/media?parent=203689"}],"wp:term":[{"taxonomy":"product_brand","embeddable":true,"href":"https:\/\/marktxxl.de\/markt\/wp-json\/wp\/v2\/product_brand?post=203689"},{"taxonomy":"product_cat","embeddable":true,"href":"https:\/\/marktxxl.de\/markt\/wp-json\/wp\/v2\/product_cat?post=203689"},{"taxonomy":"product_tag","embeddable":true,"href":"https:\/\/marktxxl.de\/markt\/wp-json\/wp\/v2\/product_tag?post=203689"}],"curies":[{"name":"wp","href":"https:\/\/api.w.org\/{rel}","templated":true}]}}