{"id":203644,"date":"2023-05-10T00:46:05","date_gmt":"2023-05-09T22:46:05","guid":{"rendered":"https:\/\/marktxxl.de\/markt\/produkt\/increway-10-stueck-einen-splint-6-3mm-karbonstahl-verzinkt-splinte-sicherungsbolzen-oberlenkerbolzen-fuer-bauernhof-anhaenger-rasen-garten\/"},"modified":"2023-05-10T00:46:05","modified_gmt":"2023-05-09T22:46:05","slug":"increway-10-stueck-einen-splint-6-3mm-karbonstahl-verzinkt-splinte-sicherungsbolzen-oberlenkerbolzen-fuer-bauernhof-anhaenger-rasen-garten","status":"publish","type":"product","link":"https:\/\/marktxxl.de\/markt\/produkt\/increway-10-stueck-einen-splint-6-3mm-karbonstahl-verzinkt-splinte-sicherungsbolzen-oberlenkerbolzen-fuer-bauernhof-anhaenger-rasen-garten\/","title":{"rendered":"INCREWAY 10 St\u00fcck Einen Splint, 6.3mm Karbonstahl Verzinkt Splinte Sicherungsbolzen Oberlenkerbolzen f\u00fcr Bauernhof-Anh\u00e4nger, Rasen, Garten"},"content":{"rendered":"<p>\u3010STAHL MATERIAL\u3011 &#8212; Hohe H\u00e4rte, verformt sich nicht, starke Verschlei\u00dffestigkeit, robust und langlebig, lange Lebensdauer.<br \/>\n\u3010VERZINKT\u3011 &#8212; Die Oberfl\u00e4che ist verzinkt, sehr glatt, nicht leicht zu rosten und kann f\u00fcr eine lange Zeit verwendet werden.<br \/>\n\u3010WEIT VERBREITET\u3011 &#8212; Geeignet f\u00fcr Rasen, Garten, Landwirtschaft, LKW, Gebrauch auf Ihrem Auto, Leicht-LKW, Anh\u00e4nger, Rasenm\u00e4her, Traktor usw.<br \/>\n\u3010EINFACH ZU VERWENDEN\u3011 &#8212; Einfache Installation, Schutz Ihrer Ausr\u00fcstung, Anh\u00e4ngerladung usw.<br \/>\n\u3010PAKET BEINHALTET\u3011 &#8212; 10 St\u00fcck 6.3mm Splint.<br \/>\n<div class=\"main-cross-sell\" data-asin=\"B07KN4BVD1\">\n\n\t<div class=\"WooZone-cross-sell-loader\">\n\t\t<div>\n\t\t\t<div id=\"floatingBarsG\">\n\t\t\t\t<div class=\"blockG\" id=\"rotateG_01\"><\/div>\n\t\t\t\t<div class=\"blockG\" id=\"rotateG_02\"><\/div>\n\t\t\t\t<div class=\"blockG\" id=\"rotateG_03\"><\/div>\n\t\t\t\t<div class=\"blockG\" id=\"rotateG_04\"><\/div>\n\t\t\t\t<div class=\"blockG\" id=\"rotateG_05\"><\/div>\n\t\t\t\t<div class=\"blockG\" id=\"rotateG_06\"><\/div>\n\t\t\t\t<div class=\"blockG\" id=\"rotateG_07\"><\/div>\n\t\t\t\t<div class=\"blockG\" id=\"rotateG_08\"><\/div>\n\t\t\t<\/div>\n\t\t\t<div class=\"WooZone-cross-sell-loader-text\"><\/div>\n\t\t<\/div>\n\t<\/div>\n\n\t\t\n<\/div>\n<div style=\"clear:both;\"><\/div><\/p>\n","protected":false},"excerpt":{"rendered":"<p>\u3010STAHL MATERIAL\u3011 &#8212; Hohe H\u00e4rte, verformt sich nicht, starke Verschlei\u00dffestigkeit, robust und langlebig, lange Lebensdauer.<br \/>\n\u3010VERZINKT\u3011 &#8212; Die Oberfl\u00e4che ist verzinkt, sehr glatt, nicht leicht zu rosten und kann f\u00fcr eine lange Zeit verwendet werden.<br \/>\n\u3010WEIT VERBREITET\u3011 &#8212; Geeignet f\u00fcr Rasen, Garten, Landwirtschaft, LKW, Gebrauch auf Ihrem Auto, Leicht-LKW, Anh\u00e4nger, Rasenm\u00e4her, Traktor usw.<\/p>\n","protected":false},"featured_media":203645,"comment_status":"open","ping_status":"closed","template":"","meta":[],"product_brand":[],"product_cat":[1983,10767],"product_tag":[],"class_list":{"0":"post-203644","1":"product","2":"type-product","3":"status-publish","4":"has-post-thumbnail","6":"product_cat-baumarkt","7":"product_cat-baumaschinen-zubehoer","8":"pa_brand-increway","9":"pa_height-1-181102361-zoll","10":"pa_length-5-118110231-zoll","11":"pa_manufacturer-increway","12":"pa_width-4-724409444-zoll","14":"first","15":"instock","16":"shipping-taxable","17":"purchasable","18":"product-type-simple","19":"customify-col","20":"product-has-gallery"},"yoast_head":"<!-- This site is optimized with the Yoast SEO plugin v27.4 - https:\/\/yoast.com\/product\/yoast-seo-wordpress\/ -->\n<title>INCREWAY 10 St\u00fcck Einen Splint, 6.3mm Karbonstahl Verzinkt Splinte Sicherungsbolzen Oberlenkerbolzen f\u00fcr Bauernhof-Anh\u00e4nger, Rasen, Garten - Markt-XXL<\/title>\n<meta name=\"description\" content=\"Markt-XXL INCREWAY 10 St\u00fcck Einen Splint, 6.3mm Karbonstahl Verzinkt Splinte Sicherungsbolzen Oberlenkerbolzen f\u00fcr Bauernhof-Anh\u00e4nger, Rasen, Garten\" \/>\n<meta name=\"robots\" content=\"index, follow, max-snippet:-1, max-image-preview:large, max-video-preview:-1\" \/>\n<link rel=\"canonical\" href=\"https:\/\/marktxxl.de\/markt\/produkt\/increway-10-stueck-einen-splint-6-3mm-karbonstahl-verzinkt-splinte-sicherungsbolzen-oberlenkerbolzen-fuer-bauernhof-anhaenger-rasen-garten\/\" \/>\n<meta property=\"og:locale\" content=\"de_DE\" \/>\n<meta property=\"og:type\" content=\"article\" \/>\n<meta property=\"og:title\" content=\"INCREWAY 10 St\u00fcck Einen Splint, 6.3mm Karbonstahl Verzinkt Splinte Sicherungsbolzen Oberlenkerbolzen f\u00fcr Bauernhof-Anh\u00e4nger, Rasen, Garten - Markt-XXL\" \/>\n<meta property=\"og:description\" content=\"Markt-XXL INCREWAY 10 St\u00fcck Einen Splint, 6.3mm Karbonstahl Verzinkt Splinte Sicherungsbolzen Oberlenkerbolzen f\u00fcr Bauernhof-Anh\u00e4nger, Rasen, Garten\" \/>\n<meta property=\"og:url\" content=\"https:\/\/marktxxl.de\/markt\/produkt\/increway-10-stueck-einen-splint-6-3mm-karbonstahl-verzinkt-splinte-sicherungsbolzen-oberlenkerbolzen-fuer-bauernhof-anhaenger-rasen-garten\/\" \/>\n<meta property=\"og:site_name\" content=\"Markt-XXL\" \/>\n<meta name=\"twitter:card\" content=\"summary_large_image\" \/>\n<script type=\"application\/ld+json\" class=\"yoast-schema-graph\">{\"@context\":\"https:\\\/\\\/schema.org\",\"@graph\":[{\"@type\":\"WebPage\",\"@id\":\"https:\\\/\\\/marktxxl.de\\\/markt\\\/produkt\\\/increway-10-stueck-einen-splint-6-3mm-karbonstahl-verzinkt-splinte-sicherungsbolzen-oberlenkerbolzen-fuer-bauernhof-anhaenger-rasen-garten\\\/\",\"url\":\"https:\\\/\\\/marktxxl.de\\\/markt\\\/produkt\\\/increway-10-stueck-einen-splint-6-3mm-karbonstahl-verzinkt-splinte-sicherungsbolzen-oberlenkerbolzen-fuer-bauernhof-anhaenger-rasen-garten\\\/\",\"name\":\"INCREWAY 10 St\u00fcck Einen Splint, 6.3mm Karbonstahl Verzinkt Splinte Sicherungsbolzen Oberlenkerbolzen f\u00fcr Bauernhof-Anh\u00e4nger, Rasen, Garten - Markt-XXL\",\"isPartOf\":{\"@id\":\"https:\\\/\\\/marktxxl.de\\\/markt\\\/#website\"},\"primaryImageOfPage\":{\"@id\":\"https:\\\/\\\/marktxxl.de\\\/markt\\\/produkt\\\/increway-10-stueck-einen-splint-6-3mm-karbonstahl-verzinkt-splinte-sicherungsbolzen-oberlenkerbolzen-fuer-bauernhof-anhaenger-rasen-garten\\\/#primaryimage\"},\"image\":{\"@id\":\"https:\\\/\\\/marktxxl.de\\\/markt\\\/produkt\\\/increway-10-stueck-einen-splint-6-3mm-karbonstahl-verzinkt-splinte-sicherungsbolzen-oberlenkerbolzen-fuer-bauernhof-anhaenger-rasen-garten\\\/#primaryimage\"},\"thumbnailUrl\":\"https:\\\/\\\/m.media-amazon.com\\\/images\\\/I\\\/41ztMym0vFL._SL500_.jpg\",\"datePublished\":\"2023-05-09T22:46:05+00:00\",\"description\":\"Markt-XXL INCREWAY 10 St\u00fcck Einen Splint, 6.3mm Karbonstahl Verzinkt Splinte Sicherungsbolzen Oberlenkerbolzen f\u00fcr Bauernhof-Anh\u00e4nger, Rasen, Garten\",\"breadcrumb\":{\"@id\":\"https:\\\/\\\/marktxxl.de\\\/markt\\\/produkt\\\/increway-10-stueck-einen-splint-6-3mm-karbonstahl-verzinkt-splinte-sicherungsbolzen-oberlenkerbolzen-fuer-bauernhof-anhaenger-rasen-garten\\\/#breadcrumb\"},\"inLanguage\":\"de\",\"potentialAction\":[{\"@type\":\"ReadAction\",\"target\":[\"https:\\\/\\\/marktxxl.de\\\/markt\\\/produkt\\\/increway-10-stueck-einen-splint-6-3mm-karbonstahl-verzinkt-splinte-sicherungsbolzen-oberlenkerbolzen-fuer-bauernhof-anhaenger-rasen-garten\\\/\"]}]},{\"@type\":\"ImageObject\",\"inLanguage\":\"de\",\"@id\":\"https:\\\/\\\/marktxxl.de\\\/markt\\\/produkt\\\/increway-10-stueck-einen-splint-6-3mm-karbonstahl-verzinkt-splinte-sicherungsbolzen-oberlenkerbolzen-fuer-bauernhof-anhaenger-rasen-garten\\\/#primaryimage\",\"url\":\"https:\\\/\\\/m.media-amazon.com\\\/images\\\/I\\\/41ztMym0vFL._SL500_.jpg\",\"contentUrl\":\"https:\\\/\\\/m.media-amazon.com\\\/images\\\/I\\\/41ztMym0vFL._SL500_.jpg\",\"width\":500,\"height\":500},{\"@type\":\"BreadcrumbList\",\"@id\":\"https:\\\/\\\/marktxxl.de\\\/markt\\\/produkt\\\/increway-10-stueck-einen-splint-6-3mm-karbonstahl-verzinkt-splinte-sicherungsbolzen-oberlenkerbolzen-fuer-bauernhof-anhaenger-rasen-garten\\\/#breadcrumb\",\"itemListElement\":[{\"@type\":\"ListItem\",\"position\":1,\"name\":\"Startseite\",\"item\":\"https:\\\/\\\/marktxxl.de\\\/markt\\\/\"},{\"@type\":\"ListItem\",\"position\":2,\"name\":\"Markt\",\"item\":\"https:\\\/\\\/marktxxl.de\\\/markt\\\/\"},{\"@type\":\"ListItem\",\"position\":3,\"name\":\"INCREWAY 10 St\u00fcck Einen Splint, 6.3mm Karbonstahl Verzinkt Splinte Sicherungsbolzen Oberlenkerbolzen f\u00fcr Bauernhof-Anh\u00e4nger, Rasen, Garten\"}]},{\"@type\":\"WebSite\",\"@id\":\"https:\\\/\\\/marktxxl.de\\\/markt\\\/#website\",\"url\":\"https:\\\/\\\/marktxxl.de\\\/markt\\\/\",\"name\":\"Markt-XXL\",\"description\":\"Ihr Markt Online\",\"publisher\":{\"@id\":\"https:\\\/\\\/marktxxl.de\\\/markt\\\/#organization\"},\"potentialAction\":[{\"@type\":\"SearchAction\",\"target\":{\"@type\":\"EntryPoint\",\"urlTemplate\":\"https:\\\/\\\/marktxxl.de\\\/markt\\\/?s={search_term_string}\"},\"query-input\":{\"@type\":\"PropertyValueSpecification\",\"valueRequired\":true,\"valueName\":\"search_term_string\"}}],\"inLanguage\":\"de\"},{\"@type\":\"Organization\",\"@id\":\"https:\\\/\\\/marktxxl.de\\\/markt\\\/#organization\",\"name\":\"Markt-XXL\",\"url\":\"https:\\\/\\\/marktxxl.de\\\/markt\\\/\",\"logo\":{\"@type\":\"ImageObject\",\"inLanguage\":\"de\",\"@id\":\"https:\\\/\\\/marktxxl.de\\\/markt\\\/#\\\/schema\\\/logo\\\/image\\\/\",\"url\":\"https:\\\/\\\/marktxxl.de\\\/markt\\\/wp-content\\\/uploads\\\/sites\\\/3\\\/2020\\\/12\\\/logo.png\",\"contentUrl\":\"https:\\\/\\\/marktxxl.de\\\/markt\\\/wp-content\\\/uploads\\\/sites\\\/3\\\/2020\\\/12\\\/logo.png\",\"width\":200,\"height\":70,\"caption\":\"Markt-XXL\"},\"image\":{\"@id\":\"https:\\\/\\\/marktxxl.de\\\/markt\\\/#\\\/schema\\\/logo\\\/image\\\/\"}}]}<\/script>\n<!-- \/ Yoast SEO plugin. -->","yoast_head_json":{"title":"INCREWAY 10 St\u00fcck Einen Splint, 6.3mm Karbonstahl Verzinkt Splinte Sicherungsbolzen Oberlenkerbolzen f\u00fcr Bauernhof-Anh\u00e4nger, Rasen, Garten - Markt-XXL","description":"Markt-XXL INCREWAY 10 St\u00fcck Einen Splint, 6.3mm Karbonstahl Verzinkt Splinte Sicherungsbolzen Oberlenkerbolzen f\u00fcr Bauernhof-Anh\u00e4nger, Rasen, Garten","robots":{"index":"index","follow":"follow","max-snippet":"max-snippet:-1","max-image-preview":"max-image-preview:large","max-video-preview":"max-video-preview:-1"},"canonical":"https:\/\/marktxxl.de\/markt\/produkt\/increway-10-stueck-einen-splint-6-3mm-karbonstahl-verzinkt-splinte-sicherungsbolzen-oberlenkerbolzen-fuer-bauernhof-anhaenger-rasen-garten\/","og_locale":"de_DE","og_type":"article","og_title":"INCREWAY 10 St\u00fcck Einen Splint, 6.3mm Karbonstahl Verzinkt Splinte Sicherungsbolzen Oberlenkerbolzen f\u00fcr Bauernhof-Anh\u00e4nger, Rasen, Garten - Markt-XXL","og_description":"Markt-XXL INCREWAY 10 St\u00fcck Einen Splint, 6.3mm Karbonstahl Verzinkt Splinte Sicherungsbolzen Oberlenkerbolzen f\u00fcr Bauernhof-Anh\u00e4nger, Rasen, Garten","og_url":"https:\/\/marktxxl.de\/markt\/produkt\/increway-10-stueck-einen-splint-6-3mm-karbonstahl-verzinkt-splinte-sicherungsbolzen-oberlenkerbolzen-fuer-bauernhof-anhaenger-rasen-garten\/","og_site_name":"Markt-XXL","twitter_card":"summary_large_image","schema":{"@context":"https:\/\/schema.org","@graph":[{"@type":"WebPage","@id":"https:\/\/marktxxl.de\/markt\/produkt\/increway-10-stueck-einen-splint-6-3mm-karbonstahl-verzinkt-splinte-sicherungsbolzen-oberlenkerbolzen-fuer-bauernhof-anhaenger-rasen-garten\/","url":"https:\/\/marktxxl.de\/markt\/produkt\/increway-10-stueck-einen-splint-6-3mm-karbonstahl-verzinkt-splinte-sicherungsbolzen-oberlenkerbolzen-fuer-bauernhof-anhaenger-rasen-garten\/","name":"INCREWAY 10 St\u00fcck Einen Splint, 6.3mm Karbonstahl Verzinkt Splinte Sicherungsbolzen Oberlenkerbolzen f\u00fcr Bauernhof-Anh\u00e4nger, Rasen, Garten - Markt-XXL","isPartOf":{"@id":"https:\/\/marktxxl.de\/markt\/#website"},"primaryImageOfPage":{"@id":"https:\/\/marktxxl.de\/markt\/produkt\/increway-10-stueck-einen-splint-6-3mm-karbonstahl-verzinkt-splinte-sicherungsbolzen-oberlenkerbolzen-fuer-bauernhof-anhaenger-rasen-garten\/#primaryimage"},"image":{"@id":"https:\/\/marktxxl.de\/markt\/produkt\/increway-10-stueck-einen-splint-6-3mm-karbonstahl-verzinkt-splinte-sicherungsbolzen-oberlenkerbolzen-fuer-bauernhof-anhaenger-rasen-garten\/#primaryimage"},"thumbnailUrl":"https:\/\/m.media-amazon.com\/images\/I\/41ztMym0vFL._SL500_.jpg","datePublished":"2023-05-09T22:46:05+00:00","description":"Markt-XXL INCREWAY 10 St\u00fcck Einen Splint, 6.3mm Karbonstahl Verzinkt Splinte Sicherungsbolzen Oberlenkerbolzen f\u00fcr Bauernhof-Anh\u00e4nger, Rasen, Garten","breadcrumb":{"@id":"https:\/\/marktxxl.de\/markt\/produkt\/increway-10-stueck-einen-splint-6-3mm-karbonstahl-verzinkt-splinte-sicherungsbolzen-oberlenkerbolzen-fuer-bauernhof-anhaenger-rasen-garten\/#breadcrumb"},"inLanguage":"de","potentialAction":[{"@type":"ReadAction","target":["https:\/\/marktxxl.de\/markt\/produkt\/increway-10-stueck-einen-splint-6-3mm-karbonstahl-verzinkt-splinte-sicherungsbolzen-oberlenkerbolzen-fuer-bauernhof-anhaenger-rasen-garten\/"]}]},{"@type":"ImageObject","inLanguage":"de","@id":"https:\/\/marktxxl.de\/markt\/produkt\/increway-10-stueck-einen-splint-6-3mm-karbonstahl-verzinkt-splinte-sicherungsbolzen-oberlenkerbolzen-fuer-bauernhof-anhaenger-rasen-garten\/#primaryimage","url":"https:\/\/m.media-amazon.com\/images\/I\/41ztMym0vFL._SL500_.jpg","contentUrl":"https:\/\/m.media-amazon.com\/images\/I\/41ztMym0vFL._SL500_.jpg","width":500,"height":500},{"@type":"BreadcrumbList","@id":"https:\/\/marktxxl.de\/markt\/produkt\/increway-10-stueck-einen-splint-6-3mm-karbonstahl-verzinkt-splinte-sicherungsbolzen-oberlenkerbolzen-fuer-bauernhof-anhaenger-rasen-garten\/#breadcrumb","itemListElement":[{"@type":"ListItem","position":1,"name":"Startseite","item":"https:\/\/marktxxl.de\/markt\/"},{"@type":"ListItem","position":2,"name":"Markt","item":"https:\/\/marktxxl.de\/markt\/"},{"@type":"ListItem","position":3,"name":"INCREWAY 10 St\u00fcck Einen Splint, 6.3mm Karbonstahl Verzinkt Splinte Sicherungsbolzen Oberlenkerbolzen f\u00fcr Bauernhof-Anh\u00e4nger, Rasen, Garten"}]},{"@type":"WebSite","@id":"https:\/\/marktxxl.de\/markt\/#website","url":"https:\/\/marktxxl.de\/markt\/","name":"Markt-XXL","description":"Ihr Markt Online","publisher":{"@id":"https:\/\/marktxxl.de\/markt\/#organization"},"potentialAction":[{"@type":"SearchAction","target":{"@type":"EntryPoint","urlTemplate":"https:\/\/marktxxl.de\/markt\/?s={search_term_string}"},"query-input":{"@type":"PropertyValueSpecification","valueRequired":true,"valueName":"search_term_string"}}],"inLanguage":"de"},{"@type":"Organization","@id":"https:\/\/marktxxl.de\/markt\/#organization","name":"Markt-XXL","url":"https:\/\/marktxxl.de\/markt\/","logo":{"@type":"ImageObject","inLanguage":"de","@id":"https:\/\/marktxxl.de\/markt\/#\/schema\/logo\/image\/","url":"https:\/\/marktxxl.de\/markt\/wp-content\/uploads\/sites\/3\/2020\/12\/logo.png","contentUrl":"https:\/\/marktxxl.de\/markt\/wp-content\/uploads\/sites\/3\/2020\/12\/logo.png","width":200,"height":70,"caption":"Markt-XXL"},"image":{"@id":"https:\/\/marktxxl.de\/markt\/#\/schema\/logo\/image\/"}}]}},"_links":{"self":[{"href":"https:\/\/marktxxl.de\/markt\/wp-json\/wp\/v2\/product\/203644","targetHints":{"allow":["GET"]}}],"collection":[{"href":"https:\/\/marktxxl.de\/markt\/wp-json\/wp\/v2\/product"}],"about":[{"href":"https:\/\/marktxxl.de\/markt\/wp-json\/wp\/v2\/types\/product"}],"replies":[{"embeddable":true,"href":"https:\/\/marktxxl.de\/markt\/wp-json\/wp\/v2\/comments?post=203644"}],"wp:featuredmedia":[{"embeddable":true,"href":"https:\/\/marktxxl.de\/markt\/wp-json\/wp\/v2\/media\/203645"}],"wp:attachment":[{"href":"https:\/\/marktxxl.de\/markt\/wp-json\/wp\/v2\/media?parent=203644"}],"wp:term":[{"taxonomy":"product_brand","embeddable":true,"href":"https:\/\/marktxxl.de\/markt\/wp-json\/wp\/v2\/product_brand?post=203644"},{"taxonomy":"product_cat","embeddable":true,"href":"https:\/\/marktxxl.de\/markt\/wp-json\/wp\/v2\/product_cat?post=203644"},{"taxonomy":"product_tag","embeddable":true,"href":"https:\/\/marktxxl.de\/markt\/wp-json\/wp\/v2\/product_tag?post=203644"}],"curies":[{"name":"wp","href":"https:\/\/api.w.org\/{rel}","templated":true}]}}