{"id":203615,"date":"2023-05-09T23:40:21","date_gmt":"2023-05-09T21:40:21","guid":{"rendered":"https:\/\/marktxxl.de\/markt\/produkt\/kihoni-4-stueck-nasendusche-baby-wiederverwendbare-tragbares-nasenspuelung-nasensauger10ml-silikon-baby-kinder-nasensauger-fuer-saeuglinge-schnelles-spuelen-natuerliche-entlastung\/"},"modified":"2023-05-09T23:40:21","modified_gmt":"2023-05-09T21:40:21","slug":"kihoni-4-stueck-nasendusche-baby-wiederverwendbare-tragbares-nasenspuelung-nasensauger10ml-silikon-baby-kinder-nasensauger-fuer-saeuglinge-schnelles-spuelen-natuerliche-entlastung","status":"publish","type":"product","link":"https:\/\/marktxxl.de\/markt\/produkt\/kihoni-4-stueck-nasendusche-baby-wiederverwendbare-tragbares-nasenspuelung-nasensauger10ml-silikon-baby-kinder-nasensauger-fuer-saeuglinge-schnelles-spuelen-natuerliche-entlastung\/","title":{"rendered":"KIHONI 4 St\u00fcck Nasendusche Baby, Wiederverwendbare Tragbares Nasensp\u00fclung Nasensauger,10ml Silikon Baby Kinder Nasensauger f\u00fcr S\u00e4uglinge, Schnelles Sp\u00fclen, Nat\u00fcrliche Entlastung"},"content":{"rendered":"<p>\ud83d\udc76 Sichere Materialien &#8211; Baby nasensauger aus BPA-freiem umweltfreundlichem Material, hochwertige Silikon-Nasensauger, die ungiftig und geschmacksneutral sind, absolut sicher f\u00fcr Babys und k\u00f6nnen sicher von Kindern verwendet werden.<br \/>\n\ud83d\udc76 Das Baby Atmet Besser &#8211; Hat Ihr Baby eine verstopfte Nase, Kurzatmigkeit, Schwierigkeiten beim Essen und Schlafen? Unsere nasensp\u00fclung baby spritze zum Reinigen und Pflegen der Nasenh\u00f6hle von Kindern verwendet werden, zum Aufweichen von Nasenkruste, zum Sp\u00fclen der verstopften Nasenh\u00f6hle bei laufender Nase und zur Nasenpflege und -reinigung bei professioneller Staubinhalation, damit Kinder besser atmen k\u00f6nnen.<br \/>\n\ud83d\udc76 Beruhigende Nasensp\u00fclung- Diese baby nasensp\u00fclung hat einen kontrollierten Druck und einen gleichm\u00e4\u00dfigen Wasserfluss, um die Nasenwege von Kleinkindern sanft zu reinigen. Kein brennendes, stechendes oder ertrinkendes Gef\u00fchl, beruhigt und gl\u00e4ttet die Nasenh\u00f6hle des Kindes.<br \/>\n\ud83d\udc76 Gebrauchsanweisung &#8211; 1:\u00d6ffnen Sie die Verpackung und entfernen Sie die Spritze und den Silikon-Nasenreinigungskopf. Saugen Sie die eingestellte Kochsalzl\u00f6sung in die Spritze. 2: Halten Sie die Spritze in der Hand und f\u00fchren Sie die Nasensaugspitze in die Nasenh\u00f6hle ein; neigen Sie den Kopf leicht nach vorne, \u00f6ffnen Sie den Mund und dr\u00fccken Sie die Kochsalzl\u00f6sung in die Nasenh\u00f6hle. 3: Verwenden Sie nach dem Sp\u00fclen ein Papiertuch, um die Fl\u00fcssigkeit zu trocknen.<br \/>\n\ud83d\udc76Regelm\u00e4\u00dfig gereinigt, wiederverwendbar &#8211; Es ist ratsam, den Nasensauger regelm\u00e4\u00dfig zu verwenden, um die Naseng\u00e4nge zu reinigen, damit Ihr Baby gesund atmen kann und Nasenentz\u00fcndungen und Verstopfungen vermieden werden. Waschen und trocknen Sie den Nasensauger nach dem Gebrauch und verwenden Sie ihn beim n\u00e4chsten Mal wieder, indem Sie die D\u00fcse einfach wieder aufschrauben.<br \/>\n<div class=\"main-cross-sell\" data-asin=\"B0BQ2XR5V2\">\n\n\t<div class=\"WooZone-cross-sell-loader\">\n\t\t<div>\n\t\t\t<div id=\"floatingBarsG\">\n\t\t\t\t<div class=\"blockG\" id=\"rotateG_01\"><\/div>\n\t\t\t\t<div class=\"blockG\" id=\"rotateG_02\"><\/div>\n\t\t\t\t<div class=\"blockG\" id=\"rotateG_03\"><\/div>\n\t\t\t\t<div class=\"blockG\" id=\"rotateG_04\"><\/div>\n\t\t\t\t<div class=\"blockG\" id=\"rotateG_05\"><\/div>\n\t\t\t\t<div class=\"blockG\" id=\"rotateG_06\"><\/div>\n\t\t\t\t<div class=\"blockG\" id=\"rotateG_07\"><\/div>\n\t\t\t\t<div class=\"blockG\" id=\"rotateG_08\"><\/div>\n\t\t\t<\/div>\n\t\t\t<div class=\"WooZone-cross-sell-loader-text\"><\/div>\n\t\t<\/div>\n\t<\/div>\n\n\t\t\n<\/div>\n<div style=\"clear:both;\"><\/div><\/p>\n","protected":false},"excerpt":{"rendered":"<p>\ud83d\udc76 Sichere Materialien &#8211; Baby nasensauger aus BPA-freiem umweltfreundlichem Material, hochwertige Silikon-Nasensauger, die ungiftig und geschmacksneutral sind, absolut sicher f\u00fcr Babys und k\u00f6nnen sicher von Kindern verwendet werden.<br \/>\n\ud83d\udc76 Das Baby Atmet Besser &#8211; Hat Ihr Baby eine verstopfte Nase, Kurzatmigkeit, Schwierigkeiten beim Essen und Schlafen? Unsere nasensp\u00fclung baby spritze zum Reinigen und Pflegen der Nasenh\u00f6hle von Kindern verwendet werden, zum Aufweichen von Nasenkruste, zum Sp\u00fclen der verstopften Nasenh\u00f6hle bei laufender Nase und zur Nasenpflege und -reinigung bei professioneller Staubinhalation, damit Kinder besser atmen k\u00f6nnen.<br \/>\n\ud83d\udc76 Beruhigende Nasensp\u00fclung- Diese baby nasensp\u00fclung hat einen kontrollierten Druck und einen gleichm\u00e4\u00dfigen Wasserfluss, um die Nasenwege von Kleinkindern sanft zu reinigen. Kein brennendes, stechendes oder ertrinkendes Gef\u00fchl, beruhigt und gl\u00e4ttet die Nasenh\u00f6hle des Kindes.<\/p>\n","protected":false},"featured_media":203616,"comment_status":"open","ping_status":"closed","template":"","meta":[],"product_brand":[],"product_cat":[21,9009],"product_tag":[],"class_list":{"0":"post-203615","1":"product","2":"type-product","3":"status-publish","4":"has-post-thumbnail","6":"product_cat-baby","7":"product_cat-babypflege-baby","8":"pa_brand-kihoni","9":"pa_color-white","10":"pa_height-0-5905511805-zoll","11":"pa_length-7-87401574-zoll","12":"pa_manufacturer-kihoni","13":"pa_width-7-086614166-zoll","15":"first","16":"instock","17":"sale","18":"shipping-taxable","19":"purchasable","20":"product-type-simple","21":"customify-col","22":"product-has-gallery"},"yoast_head":"<!-- This site is optimized with the Yoast SEO plugin v27.3 - https:\/\/yoast.com\/product\/yoast-seo-wordpress\/ -->\n<title>KIHONI 4 St\u00fcck Nasendusche Baby, Wiederverwendbare Tragbares Nasensp\u00fclung Nasensauger,10ml Silikon Baby Kinder Nasensauger f\u00fcr S\u00e4uglinge, Schnelles Sp\u00fclen, Nat\u00fcrliche Entlastung - Markt-XXL<\/title>\n<meta name=\"description\" content=\"Markt-XXL KIHONI 4 St\u00fcck Nasendusche Baby, Wiederverwendbare Tragbares Nasensp\u00fclung Nasensauger,10ml Silikon Baby Kinder Nasensauger f\u00fcr S\u00e4uglinge, Schnelles Sp\u00fclen, Nat\u00fcrliche Entlastung\" \/>\n<meta name=\"robots\" content=\"index, follow, max-snippet:-1, max-image-preview:large, max-video-preview:-1\" \/>\n<link rel=\"canonical\" href=\"https:\/\/marktxxl.de\/markt\/produkt\/kihoni-4-stueck-nasendusche-baby-wiederverwendbare-tragbares-nasenspuelung-nasensauger10ml-silikon-baby-kinder-nasensauger-fuer-saeuglinge-schnelles-spuelen-natuerliche-entlastung\/\" \/>\n<meta property=\"og:locale\" content=\"de_DE\" \/>\n<meta property=\"og:type\" content=\"article\" \/>\n<meta property=\"og:title\" content=\"KIHONI 4 St\u00fcck Nasendusche Baby, Wiederverwendbare Tragbares Nasensp\u00fclung Nasensauger,10ml Silikon Baby Kinder Nasensauger f\u00fcr S\u00e4uglinge, Schnelles Sp\u00fclen, Nat\u00fcrliche Entlastung - Markt-XXL\" \/>\n<meta property=\"og:description\" content=\"Markt-XXL KIHONI 4 St\u00fcck Nasendusche Baby, Wiederverwendbare Tragbares Nasensp\u00fclung Nasensauger,10ml Silikon Baby Kinder Nasensauger f\u00fcr S\u00e4uglinge, Schnelles Sp\u00fclen, Nat\u00fcrliche Entlastung\" \/>\n<meta property=\"og:url\" content=\"https:\/\/marktxxl.de\/markt\/produkt\/kihoni-4-stueck-nasendusche-baby-wiederverwendbare-tragbares-nasenspuelung-nasensauger10ml-silikon-baby-kinder-nasensauger-fuer-saeuglinge-schnelles-spuelen-natuerliche-entlastung\/\" \/>\n<meta property=\"og:site_name\" content=\"Markt-XXL\" \/>\n<meta name=\"twitter:card\" content=\"summary_large_image\" \/>\n<meta name=\"twitter:label1\" content=\"Gesch\u00e4tzte Lesezeit\" \/>\n\t<meta name=\"twitter:data1\" content=\"1\u00a0Minute\" \/>\n<script type=\"application\/ld+json\" class=\"yoast-schema-graph\">{\"@context\":\"https:\\\/\\\/schema.org\",\"@graph\":[{\"@type\":\"WebPage\",\"@id\":\"https:\\\/\\\/marktxxl.de\\\/markt\\\/produkt\\\/kihoni-4-stueck-nasendusche-baby-wiederverwendbare-tragbares-nasenspuelung-nasensauger10ml-silikon-baby-kinder-nasensauger-fuer-saeuglinge-schnelles-spuelen-natuerliche-entlastung\\\/\",\"url\":\"https:\\\/\\\/marktxxl.de\\\/markt\\\/produkt\\\/kihoni-4-stueck-nasendusche-baby-wiederverwendbare-tragbares-nasenspuelung-nasensauger10ml-silikon-baby-kinder-nasensauger-fuer-saeuglinge-schnelles-spuelen-natuerliche-entlastung\\\/\",\"name\":\"KIHONI 4 St\u00fcck Nasendusche Baby, Wiederverwendbare Tragbares Nasensp\u00fclung Nasensauger,10ml Silikon Baby Kinder Nasensauger f\u00fcr S\u00e4uglinge, Schnelles Sp\u00fclen, Nat\u00fcrliche Entlastung - Markt-XXL\",\"isPartOf\":{\"@id\":\"https:\\\/\\\/marktxxl.de\\\/markt\\\/#website\"},\"primaryImageOfPage\":{\"@id\":\"https:\\\/\\\/marktxxl.de\\\/markt\\\/produkt\\\/kihoni-4-stueck-nasendusche-baby-wiederverwendbare-tragbares-nasenspuelung-nasensauger10ml-silikon-baby-kinder-nasensauger-fuer-saeuglinge-schnelles-spuelen-natuerliche-entlastung\\\/#primaryimage\"},\"image\":{\"@id\":\"https:\\\/\\\/marktxxl.de\\\/markt\\\/produkt\\\/kihoni-4-stueck-nasendusche-baby-wiederverwendbare-tragbares-nasenspuelung-nasensauger10ml-silikon-baby-kinder-nasensauger-fuer-saeuglinge-schnelles-spuelen-natuerliche-entlastung\\\/#primaryimage\"},\"thumbnailUrl\":\"https:\\\/\\\/m.media-amazon.com\\\/images\\\/I\\\/41Y4L2uyV5L._SL500_.jpg\",\"datePublished\":\"2023-05-09T21:40:21+00:00\",\"description\":\"Markt-XXL KIHONI 4 St\u00fcck Nasendusche Baby, Wiederverwendbare Tragbares Nasensp\u00fclung Nasensauger,10ml Silikon Baby Kinder Nasensauger f\u00fcr S\u00e4uglinge, Schnelles Sp\u00fclen, Nat\u00fcrliche Entlastung\",\"breadcrumb\":{\"@id\":\"https:\\\/\\\/marktxxl.de\\\/markt\\\/produkt\\\/kihoni-4-stueck-nasendusche-baby-wiederverwendbare-tragbares-nasenspuelung-nasensauger10ml-silikon-baby-kinder-nasensauger-fuer-saeuglinge-schnelles-spuelen-natuerliche-entlastung\\\/#breadcrumb\"},\"inLanguage\":\"de\",\"potentialAction\":[{\"@type\":\"ReadAction\",\"target\":[\"https:\\\/\\\/marktxxl.de\\\/markt\\\/produkt\\\/kihoni-4-stueck-nasendusche-baby-wiederverwendbare-tragbares-nasenspuelung-nasensauger10ml-silikon-baby-kinder-nasensauger-fuer-saeuglinge-schnelles-spuelen-natuerliche-entlastung\\\/\"]}]},{\"@type\":\"ImageObject\",\"inLanguage\":\"de\",\"@id\":\"https:\\\/\\\/marktxxl.de\\\/markt\\\/produkt\\\/kihoni-4-stueck-nasendusche-baby-wiederverwendbare-tragbares-nasenspuelung-nasensauger10ml-silikon-baby-kinder-nasensauger-fuer-saeuglinge-schnelles-spuelen-natuerliche-entlastung\\\/#primaryimage\",\"url\":\"https:\\\/\\\/m.media-amazon.com\\\/images\\\/I\\\/41Y4L2uyV5L._SL500_.jpg\",\"contentUrl\":\"https:\\\/\\\/m.media-amazon.com\\\/images\\\/I\\\/41Y4L2uyV5L._SL500_.jpg\",\"width\":500,\"height\":500},{\"@type\":\"BreadcrumbList\",\"@id\":\"https:\\\/\\\/marktxxl.de\\\/markt\\\/produkt\\\/kihoni-4-stueck-nasendusche-baby-wiederverwendbare-tragbares-nasenspuelung-nasensauger10ml-silikon-baby-kinder-nasensauger-fuer-saeuglinge-schnelles-spuelen-natuerliche-entlastung\\\/#breadcrumb\",\"itemListElement\":[{\"@type\":\"ListItem\",\"position\":1,\"name\":\"Startseite\",\"item\":\"https:\\\/\\\/marktxxl.de\\\/markt\\\/\"},{\"@type\":\"ListItem\",\"position\":2,\"name\":\"Markt\",\"item\":\"https:\\\/\\\/marktxxl.de\\\/markt\\\/\"},{\"@type\":\"ListItem\",\"position\":3,\"name\":\"KIHONI 4 St\u00fcck Nasendusche Baby, Wiederverwendbare Tragbares Nasensp\u00fclung Nasensauger,10ml Silikon Baby Kinder Nasensauger f\u00fcr S\u00e4uglinge, Schnelles Sp\u00fclen, Nat\u00fcrliche Entlastung\"}]},{\"@type\":\"WebSite\",\"@id\":\"https:\\\/\\\/marktxxl.de\\\/markt\\\/#website\",\"url\":\"https:\\\/\\\/marktxxl.de\\\/markt\\\/\",\"name\":\"Markt-XXL\",\"description\":\"Ihr Markt Online\",\"publisher\":{\"@id\":\"https:\\\/\\\/marktxxl.de\\\/markt\\\/#organization\"},\"potentialAction\":[{\"@type\":\"SearchAction\",\"target\":{\"@type\":\"EntryPoint\",\"urlTemplate\":\"https:\\\/\\\/marktxxl.de\\\/markt\\\/?s={search_term_string}\"},\"query-input\":{\"@type\":\"PropertyValueSpecification\",\"valueRequired\":true,\"valueName\":\"search_term_string\"}}],\"inLanguage\":\"de\"},{\"@type\":\"Organization\",\"@id\":\"https:\\\/\\\/marktxxl.de\\\/markt\\\/#organization\",\"name\":\"Markt-XXL\",\"url\":\"https:\\\/\\\/marktxxl.de\\\/markt\\\/\",\"logo\":{\"@type\":\"ImageObject\",\"inLanguage\":\"de\",\"@id\":\"https:\\\/\\\/marktxxl.de\\\/markt\\\/#\\\/schema\\\/logo\\\/image\\\/\",\"url\":\"https:\\\/\\\/marktxxl.de\\\/markt\\\/wp-content\\\/uploads\\\/sites\\\/3\\\/2020\\\/12\\\/logo.png\",\"contentUrl\":\"https:\\\/\\\/marktxxl.de\\\/markt\\\/wp-content\\\/uploads\\\/sites\\\/3\\\/2020\\\/12\\\/logo.png\",\"width\":200,\"height\":70,\"caption\":\"Markt-XXL\"},\"image\":{\"@id\":\"https:\\\/\\\/marktxxl.de\\\/markt\\\/#\\\/schema\\\/logo\\\/image\\\/\"}}]}<\/script>\n<!-- \/ Yoast SEO plugin. -->","yoast_head_json":{"title":"KIHONI 4 St\u00fcck Nasendusche Baby, Wiederverwendbare Tragbares Nasensp\u00fclung Nasensauger,10ml Silikon Baby Kinder Nasensauger f\u00fcr S\u00e4uglinge, Schnelles Sp\u00fclen, Nat\u00fcrliche Entlastung - Markt-XXL","description":"Markt-XXL KIHONI 4 St\u00fcck Nasendusche Baby, Wiederverwendbare Tragbares Nasensp\u00fclung Nasensauger,10ml Silikon Baby Kinder Nasensauger f\u00fcr S\u00e4uglinge, Schnelles Sp\u00fclen, Nat\u00fcrliche Entlastung","robots":{"index":"index","follow":"follow","max-snippet":"max-snippet:-1","max-image-preview":"max-image-preview:large","max-video-preview":"max-video-preview:-1"},"canonical":"https:\/\/marktxxl.de\/markt\/produkt\/kihoni-4-stueck-nasendusche-baby-wiederverwendbare-tragbares-nasenspuelung-nasensauger10ml-silikon-baby-kinder-nasensauger-fuer-saeuglinge-schnelles-spuelen-natuerliche-entlastung\/","og_locale":"de_DE","og_type":"article","og_title":"KIHONI 4 St\u00fcck Nasendusche Baby, Wiederverwendbare Tragbares Nasensp\u00fclung Nasensauger,10ml Silikon Baby Kinder Nasensauger f\u00fcr S\u00e4uglinge, Schnelles Sp\u00fclen, Nat\u00fcrliche Entlastung - Markt-XXL","og_description":"Markt-XXL KIHONI 4 St\u00fcck Nasendusche Baby, Wiederverwendbare Tragbares Nasensp\u00fclung Nasensauger,10ml Silikon Baby Kinder Nasensauger f\u00fcr S\u00e4uglinge, Schnelles Sp\u00fclen, Nat\u00fcrliche Entlastung","og_url":"https:\/\/marktxxl.de\/markt\/produkt\/kihoni-4-stueck-nasendusche-baby-wiederverwendbare-tragbares-nasenspuelung-nasensauger10ml-silikon-baby-kinder-nasensauger-fuer-saeuglinge-schnelles-spuelen-natuerliche-entlastung\/","og_site_name":"Markt-XXL","twitter_card":"summary_large_image","twitter_misc":{"Gesch\u00e4tzte Lesezeit":"1\u00a0Minute"},"schema":{"@context":"https:\/\/schema.org","@graph":[{"@type":"WebPage","@id":"https:\/\/marktxxl.de\/markt\/produkt\/kihoni-4-stueck-nasendusche-baby-wiederverwendbare-tragbares-nasenspuelung-nasensauger10ml-silikon-baby-kinder-nasensauger-fuer-saeuglinge-schnelles-spuelen-natuerliche-entlastung\/","url":"https:\/\/marktxxl.de\/markt\/produkt\/kihoni-4-stueck-nasendusche-baby-wiederverwendbare-tragbares-nasenspuelung-nasensauger10ml-silikon-baby-kinder-nasensauger-fuer-saeuglinge-schnelles-spuelen-natuerliche-entlastung\/","name":"KIHONI 4 St\u00fcck Nasendusche Baby, Wiederverwendbare Tragbares Nasensp\u00fclung Nasensauger,10ml Silikon Baby Kinder Nasensauger f\u00fcr S\u00e4uglinge, Schnelles Sp\u00fclen, Nat\u00fcrliche Entlastung - Markt-XXL","isPartOf":{"@id":"https:\/\/marktxxl.de\/markt\/#website"},"primaryImageOfPage":{"@id":"https:\/\/marktxxl.de\/markt\/produkt\/kihoni-4-stueck-nasendusche-baby-wiederverwendbare-tragbares-nasenspuelung-nasensauger10ml-silikon-baby-kinder-nasensauger-fuer-saeuglinge-schnelles-spuelen-natuerliche-entlastung\/#primaryimage"},"image":{"@id":"https:\/\/marktxxl.de\/markt\/produkt\/kihoni-4-stueck-nasendusche-baby-wiederverwendbare-tragbares-nasenspuelung-nasensauger10ml-silikon-baby-kinder-nasensauger-fuer-saeuglinge-schnelles-spuelen-natuerliche-entlastung\/#primaryimage"},"thumbnailUrl":"https:\/\/m.media-amazon.com\/images\/I\/41Y4L2uyV5L._SL500_.jpg","datePublished":"2023-05-09T21:40:21+00:00","description":"Markt-XXL KIHONI 4 St\u00fcck Nasendusche Baby, Wiederverwendbare Tragbares Nasensp\u00fclung Nasensauger,10ml Silikon Baby Kinder Nasensauger f\u00fcr S\u00e4uglinge, Schnelles Sp\u00fclen, Nat\u00fcrliche Entlastung","breadcrumb":{"@id":"https:\/\/marktxxl.de\/markt\/produkt\/kihoni-4-stueck-nasendusche-baby-wiederverwendbare-tragbares-nasenspuelung-nasensauger10ml-silikon-baby-kinder-nasensauger-fuer-saeuglinge-schnelles-spuelen-natuerliche-entlastung\/#breadcrumb"},"inLanguage":"de","potentialAction":[{"@type":"ReadAction","target":["https:\/\/marktxxl.de\/markt\/produkt\/kihoni-4-stueck-nasendusche-baby-wiederverwendbare-tragbares-nasenspuelung-nasensauger10ml-silikon-baby-kinder-nasensauger-fuer-saeuglinge-schnelles-spuelen-natuerliche-entlastung\/"]}]},{"@type":"ImageObject","inLanguage":"de","@id":"https:\/\/marktxxl.de\/markt\/produkt\/kihoni-4-stueck-nasendusche-baby-wiederverwendbare-tragbares-nasenspuelung-nasensauger10ml-silikon-baby-kinder-nasensauger-fuer-saeuglinge-schnelles-spuelen-natuerliche-entlastung\/#primaryimage","url":"https:\/\/m.media-amazon.com\/images\/I\/41Y4L2uyV5L._SL500_.jpg","contentUrl":"https:\/\/m.media-amazon.com\/images\/I\/41Y4L2uyV5L._SL500_.jpg","width":500,"height":500},{"@type":"BreadcrumbList","@id":"https:\/\/marktxxl.de\/markt\/produkt\/kihoni-4-stueck-nasendusche-baby-wiederverwendbare-tragbares-nasenspuelung-nasensauger10ml-silikon-baby-kinder-nasensauger-fuer-saeuglinge-schnelles-spuelen-natuerliche-entlastung\/#breadcrumb","itemListElement":[{"@type":"ListItem","position":1,"name":"Startseite","item":"https:\/\/marktxxl.de\/markt\/"},{"@type":"ListItem","position":2,"name":"Markt","item":"https:\/\/marktxxl.de\/markt\/"},{"@type":"ListItem","position":3,"name":"KIHONI 4 St\u00fcck Nasendusche Baby, Wiederverwendbare Tragbares Nasensp\u00fclung Nasensauger,10ml Silikon Baby Kinder Nasensauger f\u00fcr S\u00e4uglinge, Schnelles Sp\u00fclen, Nat\u00fcrliche Entlastung"}]},{"@type":"WebSite","@id":"https:\/\/marktxxl.de\/markt\/#website","url":"https:\/\/marktxxl.de\/markt\/","name":"Markt-XXL","description":"Ihr Markt Online","publisher":{"@id":"https:\/\/marktxxl.de\/markt\/#organization"},"potentialAction":[{"@type":"SearchAction","target":{"@type":"EntryPoint","urlTemplate":"https:\/\/marktxxl.de\/markt\/?s={search_term_string}"},"query-input":{"@type":"PropertyValueSpecification","valueRequired":true,"valueName":"search_term_string"}}],"inLanguage":"de"},{"@type":"Organization","@id":"https:\/\/marktxxl.de\/markt\/#organization","name":"Markt-XXL","url":"https:\/\/marktxxl.de\/markt\/","logo":{"@type":"ImageObject","inLanguage":"de","@id":"https:\/\/marktxxl.de\/markt\/#\/schema\/logo\/image\/","url":"https:\/\/marktxxl.de\/markt\/wp-content\/uploads\/sites\/3\/2020\/12\/logo.png","contentUrl":"https:\/\/marktxxl.de\/markt\/wp-content\/uploads\/sites\/3\/2020\/12\/logo.png","width":200,"height":70,"caption":"Markt-XXL"},"image":{"@id":"https:\/\/marktxxl.de\/markt\/#\/schema\/logo\/image\/"}}]}},"_links":{"self":[{"href":"https:\/\/marktxxl.de\/markt\/wp-json\/wp\/v2\/product\/203615","targetHints":{"allow":["GET"]}}],"collection":[{"href":"https:\/\/marktxxl.de\/markt\/wp-json\/wp\/v2\/product"}],"about":[{"href":"https:\/\/marktxxl.de\/markt\/wp-json\/wp\/v2\/types\/product"}],"replies":[{"embeddable":true,"href":"https:\/\/marktxxl.de\/markt\/wp-json\/wp\/v2\/comments?post=203615"}],"wp:featuredmedia":[{"embeddable":true,"href":"https:\/\/marktxxl.de\/markt\/wp-json\/wp\/v2\/media\/203616"}],"wp:attachment":[{"href":"https:\/\/marktxxl.de\/markt\/wp-json\/wp\/v2\/media?parent=203615"}],"wp:term":[{"taxonomy":"product_brand","embeddable":true,"href":"https:\/\/marktxxl.de\/markt\/wp-json\/wp\/v2\/product_brand?post=203615"},{"taxonomy":"product_cat","embeddable":true,"href":"https:\/\/marktxxl.de\/markt\/wp-json\/wp\/v2\/product_cat?post=203615"},{"taxonomy":"product_tag","embeddable":true,"href":"https:\/\/marktxxl.de\/markt\/wp-json\/wp\/v2\/product_tag?post=203615"}],"curies":[{"name":"wp","href":"https:\/\/api.w.org\/{rel}","templated":true}]}}