{"id":203445,"date":"2023-04-13T08:46:36","date_gmt":"2023-04-13T06:46:36","guid":{"rendered":"https:\/\/marktxxl.de\/markt\/produkt\/ricosta-jungen-und-maedchen-lauflernschuhe-cory-von-pepino-mittel-fuer-mittelkraeftige-fuesse-geeignet-wmsblau-nautic-171-25-eu\/"},"modified":"2023-04-13T08:46:36","modified_gmt":"2023-04-13T06:46:36","slug":"ricosta-jungen-und-maedchen-lauflernschuhe-cory-von-pepino-mittel-fuer-mittelkraeftige-fuesse-geeignet-wmsblau-nautic-171-25-eu","status":"publish","type":"product","link":"https:\/\/marktxxl.de\/markt\/produkt\/ricosta-jungen-und-maedchen-lauflernschuhe-cory-von-pepino-mittel-fuer-mittelkraeftige-fuesse-geeignet-wmsblau-nautic-171-25-eu\/","title":{"rendered":"RICOSTA Jungen und M\u00e4dchen Lauflernschuhe Cory von Pepino, Mittel &#8211; f\u00fcr mittelkr\u00e4ftige F\u00fc\u00dfe geeignet (WMS),Blau (Nautic) (171), 25 EU"},"content":{"rendered":"<p>Produkttyp: Lauflernschuhe,Boots,Stiefel,Schn\u00fcrstiefel,Stiefelchen<br \/>\nObermaterial: echt Leder (Leder 100%), Innenmaterial: Lederfutter, Laufsohle: Naturkautschuk, Decksohle: Leder<br \/>\nWeite: Mittel &#8211; f\u00fcr mittelkr\u00e4ftige F\u00fc\u00dfe geeignet (WMS)<br \/>\nDer trendige PEPINO Kinderschuh CORY aus dem Hause Ricosta \u00fcberzeugt bei jedem Schritt mit sicherem Halt. Der modische Schn\u00fcrstiefel ist mit einer extrem weichen und sehr flexiblen Sohle aus Naturkautschuk ausgestattet. Im Inneren sorgen eine herausnehmbare Einlegesohle aus echtem Leder und das Lederfutter f\u00fcr ein gesundes Fu\u00dfklima.<br \/>\nLauflernschuhe Erstlingsschuhe Babyschuhe Sch\u00fchchen Kinderschuhe Kindersch\u00fchchen Boots Booties Stiefel Stiefeletten Schn\u00fcrstiefel Schn\u00fcrstiefeletten Schn\u00fcrstiefelchen Sneaker High-Top Schn\u00fcrhalbschuhe Schn\u00fcrschuhe Schn\u00fcrer kn\u00f6chelhoch Wechselfu\u00dfbett Einlegesohle Leder Glattleder Nubukleder Echtleder<br \/>\n<div class=\"main-cross-sell\" data-asin=\"B0828R69HJ\">\n\n\t<div class=\"WooZone-cross-sell-loader\">\n\t\t<div>\n\t\t\t<div id=\"floatingBarsG\">\n\t\t\t\t<div class=\"blockG\" id=\"rotateG_01\"><\/div>\n\t\t\t\t<div class=\"blockG\" id=\"rotateG_02\"><\/div>\n\t\t\t\t<div class=\"blockG\" id=\"rotateG_03\"><\/div>\n\t\t\t\t<div class=\"blockG\" id=\"rotateG_04\"><\/div>\n\t\t\t\t<div class=\"blockG\" id=\"rotateG_05\"><\/div>\n\t\t\t\t<div class=\"blockG\" id=\"rotateG_06\"><\/div>\n\t\t\t\t<div class=\"blockG\" id=\"rotateG_07\"><\/div>\n\t\t\t\t<div class=\"blockG\" id=\"rotateG_08\"><\/div>\n\t\t\t<\/div>\n\t\t\t<div class=\"WooZone-cross-sell-loader-text\"><\/div>\n\t\t<\/div>\n\t<\/div>\n\n\t\t\n<\/div>\n<div style=\"clear:both;\"><\/div><\/p>\n","protected":false},"excerpt":{"rendered":"<p>Produkttyp: Lauflernschuhe,Boots,Stiefel,Schn\u00fcrstiefel,Stiefelchen<br \/>\nObermaterial: echt Leder (Leder 100%), Innenmaterial: Lederfutter, Laufsohle: Naturkautschuk, Decksohle: Leder<br \/>\nWeite: Mittel &#8211; f\u00fcr mittelkr\u00e4ftige F\u00fc\u00dfe geeignet (WMS)<\/p>\n","protected":false},"featured_media":203446,"comment_status":"open","ping_status":"closed","template":"","meta":[],"product_brand":[],"product_cat":[21,9036],"product_tag":[],"class_list":{"0":"post-203445","1":"product","2":"type-product","3":"status-publish","4":"has-post-thumbnail","6":"product_cat-baby","7":"product_cat-babyschuhe-baby","8":"pa_binding-textilien","9":"pa_brand-ricosta","10":"pa_color-blau-nautic-171","11":"pa_model-cory","12":"pa_size-25-eu","14":"first","15":"instock","16":"shipping-taxable","17":"purchasable","18":"product-type-simple","19":"customify-col","20":"product-has-gallery"},"yoast_head":"<!-- This site is optimized with the Yoast SEO plugin v27.4 - https:\/\/yoast.com\/product\/yoast-seo-wordpress\/ -->\n<title>RICOSTA Jungen und M\u00e4dchen Lauflernschuhe Cory von Pepino, Mittel - f\u00fcr mittelkr\u00e4ftige F\u00fc\u00dfe geeignet (WMS),Blau (Nautic) (171), 25 EU - Markt-XXL<\/title>\n<meta name=\"description\" content=\"Markt-XXL RICOSTA Jungen und M\u00e4dchen Lauflernschuhe Cory von Pepino, Mittel - f\u00fcr mittelkr\u00e4ftige F\u00fc\u00dfe geeignet (WMS),Blau (Nautic) (171), 25 EU\" \/>\n<meta name=\"robots\" content=\"index, follow, max-snippet:-1, max-image-preview:large, max-video-preview:-1\" \/>\n<link rel=\"canonical\" href=\"https:\/\/marktxxl.de\/markt\/produkt\/ricosta-jungen-und-maedchen-lauflernschuhe-cory-von-pepino-mittel-fuer-mittelkraeftige-fuesse-geeignet-wmsblau-nautic-171-25-eu\/\" \/>\n<meta property=\"og:locale\" content=\"de_DE\" \/>\n<meta property=\"og:type\" content=\"article\" \/>\n<meta property=\"og:title\" content=\"RICOSTA Jungen und M\u00e4dchen Lauflernschuhe Cory von Pepino, Mittel - f\u00fcr mittelkr\u00e4ftige F\u00fc\u00dfe geeignet (WMS),Blau (Nautic) (171), 25 EU - Markt-XXL\" \/>\n<meta property=\"og:description\" content=\"Markt-XXL RICOSTA Jungen und M\u00e4dchen Lauflernschuhe Cory von Pepino, Mittel - f\u00fcr mittelkr\u00e4ftige F\u00fc\u00dfe geeignet (WMS),Blau (Nautic) (171), 25 EU\" \/>\n<meta property=\"og:url\" content=\"https:\/\/marktxxl.de\/markt\/produkt\/ricosta-jungen-und-maedchen-lauflernschuhe-cory-von-pepino-mittel-fuer-mittelkraeftige-fuesse-geeignet-wmsblau-nautic-171-25-eu\/\" \/>\n<meta property=\"og:site_name\" content=\"Markt-XXL\" \/>\n<meta name=\"twitter:card\" content=\"summary_large_image\" \/>\n<meta name=\"twitter:label1\" content=\"Gesch\u00e4tzte Lesezeit\" \/>\n\t<meta name=\"twitter:data1\" content=\"1\u00a0Minute\" \/>\n<script type=\"application\/ld+json\" class=\"yoast-schema-graph\">{\"@context\":\"https:\\\/\\\/schema.org\",\"@graph\":[{\"@type\":\"WebPage\",\"@id\":\"https:\\\/\\\/marktxxl.de\\\/markt\\\/produkt\\\/ricosta-jungen-und-maedchen-lauflernschuhe-cory-von-pepino-mittel-fuer-mittelkraeftige-fuesse-geeignet-wmsblau-nautic-171-25-eu\\\/\",\"url\":\"https:\\\/\\\/marktxxl.de\\\/markt\\\/produkt\\\/ricosta-jungen-und-maedchen-lauflernschuhe-cory-von-pepino-mittel-fuer-mittelkraeftige-fuesse-geeignet-wmsblau-nautic-171-25-eu\\\/\",\"name\":\"RICOSTA Jungen und M\u00e4dchen Lauflernschuhe Cory von Pepino, Mittel - f\u00fcr mittelkr\u00e4ftige F\u00fc\u00dfe geeignet (WMS),Blau (Nautic) (171), 25 EU - Markt-XXL\",\"isPartOf\":{\"@id\":\"https:\\\/\\\/marktxxl.de\\\/markt\\\/#website\"},\"primaryImageOfPage\":{\"@id\":\"https:\\\/\\\/marktxxl.de\\\/markt\\\/produkt\\\/ricosta-jungen-und-maedchen-lauflernschuhe-cory-von-pepino-mittel-fuer-mittelkraeftige-fuesse-geeignet-wmsblau-nautic-171-25-eu\\\/#primaryimage\"},\"image\":{\"@id\":\"https:\\\/\\\/marktxxl.de\\\/markt\\\/produkt\\\/ricosta-jungen-und-maedchen-lauflernschuhe-cory-von-pepino-mittel-fuer-mittelkraeftige-fuesse-geeignet-wmsblau-nautic-171-25-eu\\\/#primaryimage\"},\"thumbnailUrl\":\"https:\\\/\\\/m.media-amazon.com\\\/images\\\/I\\\/41UeKz4KdKL._SL500_.jpg\",\"datePublished\":\"2023-04-13T06:46:36+00:00\",\"description\":\"Markt-XXL RICOSTA Jungen und M\u00e4dchen Lauflernschuhe Cory von Pepino, Mittel - f\u00fcr mittelkr\u00e4ftige F\u00fc\u00dfe geeignet (WMS),Blau (Nautic) (171), 25 EU\",\"breadcrumb\":{\"@id\":\"https:\\\/\\\/marktxxl.de\\\/markt\\\/produkt\\\/ricosta-jungen-und-maedchen-lauflernschuhe-cory-von-pepino-mittel-fuer-mittelkraeftige-fuesse-geeignet-wmsblau-nautic-171-25-eu\\\/#breadcrumb\"},\"inLanguage\":\"de\",\"potentialAction\":[{\"@type\":\"ReadAction\",\"target\":[\"https:\\\/\\\/marktxxl.de\\\/markt\\\/produkt\\\/ricosta-jungen-und-maedchen-lauflernschuhe-cory-von-pepino-mittel-fuer-mittelkraeftige-fuesse-geeignet-wmsblau-nautic-171-25-eu\\\/\"]}]},{\"@type\":\"ImageObject\",\"inLanguage\":\"de\",\"@id\":\"https:\\\/\\\/marktxxl.de\\\/markt\\\/produkt\\\/ricosta-jungen-und-maedchen-lauflernschuhe-cory-von-pepino-mittel-fuer-mittelkraeftige-fuesse-geeignet-wmsblau-nautic-171-25-eu\\\/#primaryimage\",\"url\":\"https:\\\/\\\/m.media-amazon.com\\\/images\\\/I\\\/41UeKz4KdKL._SL500_.jpg\",\"contentUrl\":\"https:\\\/\\\/m.media-amazon.com\\\/images\\\/I\\\/41UeKz4KdKL._SL500_.jpg\",\"width\":500,\"height\":500},{\"@type\":\"BreadcrumbList\",\"@id\":\"https:\\\/\\\/marktxxl.de\\\/markt\\\/produkt\\\/ricosta-jungen-und-maedchen-lauflernschuhe-cory-von-pepino-mittel-fuer-mittelkraeftige-fuesse-geeignet-wmsblau-nautic-171-25-eu\\\/#breadcrumb\",\"itemListElement\":[{\"@type\":\"ListItem\",\"position\":1,\"name\":\"Startseite\",\"item\":\"https:\\\/\\\/marktxxl.de\\\/markt\\\/\"},{\"@type\":\"ListItem\",\"position\":2,\"name\":\"Markt\",\"item\":\"https:\\\/\\\/marktxxl.de\\\/markt\\\/\"},{\"@type\":\"ListItem\",\"position\":3,\"name\":\"RICOSTA Jungen und M\u00e4dchen Lauflernschuhe Cory von Pepino, Mittel &#8211; f\u00fcr mittelkr\u00e4ftige F\u00fc\u00dfe geeignet (WMS),Blau (Nautic) (171), 25 EU\"}]},{\"@type\":\"WebSite\",\"@id\":\"https:\\\/\\\/marktxxl.de\\\/markt\\\/#website\",\"url\":\"https:\\\/\\\/marktxxl.de\\\/markt\\\/\",\"name\":\"Markt-XXL\",\"description\":\"Ihr Markt Online\",\"publisher\":{\"@id\":\"https:\\\/\\\/marktxxl.de\\\/markt\\\/#organization\"},\"potentialAction\":[{\"@type\":\"SearchAction\",\"target\":{\"@type\":\"EntryPoint\",\"urlTemplate\":\"https:\\\/\\\/marktxxl.de\\\/markt\\\/?s={search_term_string}\"},\"query-input\":{\"@type\":\"PropertyValueSpecification\",\"valueRequired\":true,\"valueName\":\"search_term_string\"}}],\"inLanguage\":\"de\"},{\"@type\":\"Organization\",\"@id\":\"https:\\\/\\\/marktxxl.de\\\/markt\\\/#organization\",\"name\":\"Markt-XXL\",\"url\":\"https:\\\/\\\/marktxxl.de\\\/markt\\\/\",\"logo\":{\"@type\":\"ImageObject\",\"inLanguage\":\"de\",\"@id\":\"https:\\\/\\\/marktxxl.de\\\/markt\\\/#\\\/schema\\\/logo\\\/image\\\/\",\"url\":\"https:\\\/\\\/marktxxl.de\\\/markt\\\/wp-content\\\/uploads\\\/sites\\\/3\\\/2020\\\/12\\\/logo.png\",\"contentUrl\":\"https:\\\/\\\/marktxxl.de\\\/markt\\\/wp-content\\\/uploads\\\/sites\\\/3\\\/2020\\\/12\\\/logo.png\",\"width\":200,\"height\":70,\"caption\":\"Markt-XXL\"},\"image\":{\"@id\":\"https:\\\/\\\/marktxxl.de\\\/markt\\\/#\\\/schema\\\/logo\\\/image\\\/\"}}]}<\/script>\n<!-- \/ Yoast SEO plugin. -->","yoast_head_json":{"title":"RICOSTA Jungen und M\u00e4dchen Lauflernschuhe Cory von Pepino, Mittel - f\u00fcr mittelkr\u00e4ftige F\u00fc\u00dfe geeignet (WMS),Blau (Nautic) (171), 25 EU - Markt-XXL","description":"Markt-XXL RICOSTA Jungen und M\u00e4dchen Lauflernschuhe Cory von Pepino, Mittel - f\u00fcr mittelkr\u00e4ftige F\u00fc\u00dfe geeignet (WMS),Blau (Nautic) (171), 25 EU","robots":{"index":"index","follow":"follow","max-snippet":"max-snippet:-1","max-image-preview":"max-image-preview:large","max-video-preview":"max-video-preview:-1"},"canonical":"https:\/\/marktxxl.de\/markt\/produkt\/ricosta-jungen-und-maedchen-lauflernschuhe-cory-von-pepino-mittel-fuer-mittelkraeftige-fuesse-geeignet-wmsblau-nautic-171-25-eu\/","og_locale":"de_DE","og_type":"article","og_title":"RICOSTA Jungen und M\u00e4dchen Lauflernschuhe Cory von Pepino, Mittel - f\u00fcr mittelkr\u00e4ftige F\u00fc\u00dfe geeignet (WMS),Blau (Nautic) (171), 25 EU - Markt-XXL","og_description":"Markt-XXL RICOSTA Jungen und M\u00e4dchen Lauflernschuhe Cory von Pepino, Mittel - f\u00fcr mittelkr\u00e4ftige F\u00fc\u00dfe geeignet (WMS),Blau (Nautic) (171), 25 EU","og_url":"https:\/\/marktxxl.de\/markt\/produkt\/ricosta-jungen-und-maedchen-lauflernschuhe-cory-von-pepino-mittel-fuer-mittelkraeftige-fuesse-geeignet-wmsblau-nautic-171-25-eu\/","og_site_name":"Markt-XXL","twitter_card":"summary_large_image","twitter_misc":{"Gesch\u00e4tzte Lesezeit":"1\u00a0Minute"},"schema":{"@context":"https:\/\/schema.org","@graph":[{"@type":"WebPage","@id":"https:\/\/marktxxl.de\/markt\/produkt\/ricosta-jungen-und-maedchen-lauflernschuhe-cory-von-pepino-mittel-fuer-mittelkraeftige-fuesse-geeignet-wmsblau-nautic-171-25-eu\/","url":"https:\/\/marktxxl.de\/markt\/produkt\/ricosta-jungen-und-maedchen-lauflernschuhe-cory-von-pepino-mittel-fuer-mittelkraeftige-fuesse-geeignet-wmsblau-nautic-171-25-eu\/","name":"RICOSTA Jungen und M\u00e4dchen Lauflernschuhe Cory von Pepino, Mittel - f\u00fcr mittelkr\u00e4ftige F\u00fc\u00dfe geeignet (WMS),Blau (Nautic) (171), 25 EU - Markt-XXL","isPartOf":{"@id":"https:\/\/marktxxl.de\/markt\/#website"},"primaryImageOfPage":{"@id":"https:\/\/marktxxl.de\/markt\/produkt\/ricosta-jungen-und-maedchen-lauflernschuhe-cory-von-pepino-mittel-fuer-mittelkraeftige-fuesse-geeignet-wmsblau-nautic-171-25-eu\/#primaryimage"},"image":{"@id":"https:\/\/marktxxl.de\/markt\/produkt\/ricosta-jungen-und-maedchen-lauflernschuhe-cory-von-pepino-mittel-fuer-mittelkraeftige-fuesse-geeignet-wmsblau-nautic-171-25-eu\/#primaryimage"},"thumbnailUrl":"https:\/\/m.media-amazon.com\/images\/I\/41UeKz4KdKL._SL500_.jpg","datePublished":"2023-04-13T06:46:36+00:00","description":"Markt-XXL RICOSTA Jungen und M\u00e4dchen Lauflernschuhe Cory von Pepino, Mittel - f\u00fcr mittelkr\u00e4ftige F\u00fc\u00dfe geeignet (WMS),Blau (Nautic) (171), 25 EU","breadcrumb":{"@id":"https:\/\/marktxxl.de\/markt\/produkt\/ricosta-jungen-und-maedchen-lauflernschuhe-cory-von-pepino-mittel-fuer-mittelkraeftige-fuesse-geeignet-wmsblau-nautic-171-25-eu\/#breadcrumb"},"inLanguage":"de","potentialAction":[{"@type":"ReadAction","target":["https:\/\/marktxxl.de\/markt\/produkt\/ricosta-jungen-und-maedchen-lauflernschuhe-cory-von-pepino-mittel-fuer-mittelkraeftige-fuesse-geeignet-wmsblau-nautic-171-25-eu\/"]}]},{"@type":"ImageObject","inLanguage":"de","@id":"https:\/\/marktxxl.de\/markt\/produkt\/ricosta-jungen-und-maedchen-lauflernschuhe-cory-von-pepino-mittel-fuer-mittelkraeftige-fuesse-geeignet-wmsblau-nautic-171-25-eu\/#primaryimage","url":"https:\/\/m.media-amazon.com\/images\/I\/41UeKz4KdKL._SL500_.jpg","contentUrl":"https:\/\/m.media-amazon.com\/images\/I\/41UeKz4KdKL._SL500_.jpg","width":500,"height":500},{"@type":"BreadcrumbList","@id":"https:\/\/marktxxl.de\/markt\/produkt\/ricosta-jungen-und-maedchen-lauflernschuhe-cory-von-pepino-mittel-fuer-mittelkraeftige-fuesse-geeignet-wmsblau-nautic-171-25-eu\/#breadcrumb","itemListElement":[{"@type":"ListItem","position":1,"name":"Startseite","item":"https:\/\/marktxxl.de\/markt\/"},{"@type":"ListItem","position":2,"name":"Markt","item":"https:\/\/marktxxl.de\/markt\/"},{"@type":"ListItem","position":3,"name":"RICOSTA Jungen und M\u00e4dchen Lauflernschuhe Cory von Pepino, Mittel &#8211; f\u00fcr mittelkr\u00e4ftige F\u00fc\u00dfe geeignet (WMS),Blau (Nautic) (171), 25 EU"}]},{"@type":"WebSite","@id":"https:\/\/marktxxl.de\/markt\/#website","url":"https:\/\/marktxxl.de\/markt\/","name":"Markt-XXL","description":"Ihr Markt Online","publisher":{"@id":"https:\/\/marktxxl.de\/markt\/#organization"},"potentialAction":[{"@type":"SearchAction","target":{"@type":"EntryPoint","urlTemplate":"https:\/\/marktxxl.de\/markt\/?s={search_term_string}"},"query-input":{"@type":"PropertyValueSpecification","valueRequired":true,"valueName":"search_term_string"}}],"inLanguage":"de"},{"@type":"Organization","@id":"https:\/\/marktxxl.de\/markt\/#organization","name":"Markt-XXL","url":"https:\/\/marktxxl.de\/markt\/","logo":{"@type":"ImageObject","inLanguage":"de","@id":"https:\/\/marktxxl.de\/markt\/#\/schema\/logo\/image\/","url":"https:\/\/marktxxl.de\/markt\/wp-content\/uploads\/sites\/3\/2020\/12\/logo.png","contentUrl":"https:\/\/marktxxl.de\/markt\/wp-content\/uploads\/sites\/3\/2020\/12\/logo.png","width":200,"height":70,"caption":"Markt-XXL"},"image":{"@id":"https:\/\/marktxxl.de\/markt\/#\/schema\/logo\/image\/"}}]}},"_links":{"self":[{"href":"https:\/\/marktxxl.de\/markt\/wp-json\/wp\/v2\/product\/203445","targetHints":{"allow":["GET"]}}],"collection":[{"href":"https:\/\/marktxxl.de\/markt\/wp-json\/wp\/v2\/product"}],"about":[{"href":"https:\/\/marktxxl.de\/markt\/wp-json\/wp\/v2\/types\/product"}],"replies":[{"embeddable":true,"href":"https:\/\/marktxxl.de\/markt\/wp-json\/wp\/v2\/comments?post=203445"}],"wp:featuredmedia":[{"embeddable":true,"href":"https:\/\/marktxxl.de\/markt\/wp-json\/wp\/v2\/media\/203446"}],"wp:attachment":[{"href":"https:\/\/marktxxl.de\/markt\/wp-json\/wp\/v2\/media?parent=203445"}],"wp:term":[{"taxonomy":"product_brand","embeddable":true,"href":"https:\/\/marktxxl.de\/markt\/wp-json\/wp\/v2\/product_brand?post=203445"},{"taxonomy":"product_cat","embeddable":true,"href":"https:\/\/marktxxl.de\/markt\/wp-json\/wp\/v2\/product_cat?post=203445"},{"taxonomy":"product_tag","embeddable":true,"href":"https:\/\/marktxxl.de\/markt\/wp-json\/wp\/v2\/product_tag?post=203445"}],"curies":[{"name":"wp","href":"https:\/\/api.w.org\/{rel}","templated":true}]}}