{"id":203415,"date":"2023-04-10T17:37:05","date_gmt":"2023-04-10T15:37:05","guid":{"rendered":"https:\/\/marktxxl.de\/markt\/produkt\/clevertest-multi-drogentest-fuer-5-drogen-arten-professioneller-drogenschnelltest-im-sterilen-hygienischen-becher-urintest-in-prueflabor-qualitaet\/"},"modified":"2023-04-11T05:42:24","modified_gmt":"2023-04-11T03:42:24","slug":"clevertest-multi-drogentest-fuer-5-drogen-arten-professioneller-drogenschnelltest-im-sterilen-hygienischen-becher-urintest-in-prueflabor-qualitaet","status":"publish","type":"product","link":"https:\/\/marktxxl.de\/markt\/produkt\/clevertest-multi-drogentest-fuer-5-drogen-arten-professioneller-drogenschnelltest-im-sterilen-hygienischen-becher-urintest-in-prueflabor-qualitaet\/","title":{"rendered":"Clevertest Multi Drogentest F\u00fcr 5 Drogen Arten &#8211; Professioneller Drogenschnelltest Im Sterilen &amp; Hygienischen Becher\u2026"},"content":{"rendered":"<p>PR\u00dcFLABOR QUALIT\u00c4T &#8211; Der Clevertest Multi Drogentest ist ein qualitativ hochwertiger Schnelltest. Mit 98% \u00dcbereinstimmung der Referenzmethode im Labor wird ein sicheres Ergebnis erzielt!<br \/>\nEINFACHE DURCHF\u00dcHRUNG &#8211; Eine einfachere Methode um Drogen im Urin zu testen gibt es nicht. Urin im Becher sammeln. Nach f\u00fcnf Minuten wird das Etikett am Testbecher entfernt und das Ergebnis kann am Teststreifen abgelesen werden!<br \/>\nSCHNELLES ERGEBNIS &#8211; Innerhalb von nur f\u00fcnf Minuten steht mit Hilfe des Tests ein pr\u00e4zises Ergebnis fest. Ein zeitraubender Labortest kann so umgangen werden!<br \/>\nBESTIMMUNG VON F\u00dcNF DROGEN ARTEN &#8211; Mit dem Drogentest k\u00f6nnen f\u00fcnf verschiedene Drogenarten bestimmt werden. Dazu geh\u00f6ren: Marihuana, Kokain, Amphetamin, Methamphetamin und Ecstasy!<br \/>\nDROGENTEST F\u00dcR ZUHAUSE &#8211; Der Urintest kann schnell und einfach zuhause vollzogen werden. Er ist sowohl f\u00fcr den professionellen als auch f\u00fcr den Privatgebrauch gedacht, um rasch Klarheit zu bekommen!<br \/>\n<div class=\"main-cross-sell\" data-asin=\"B07PNQLRV6\">\n\n\t<div class=\"WooZone-cross-sell-loader\">\n\t\t<div>\n\t\t\t<div id=\"floatingBarsG\">\n\t\t\t\t<div class=\"blockG\" id=\"rotateG_01\"><\/div>\n\t\t\t\t<div class=\"blockG\" id=\"rotateG_02\"><\/div>\n\t\t\t\t<div class=\"blockG\" id=\"rotateG_03\"><\/div>\n\t\t\t\t<div class=\"blockG\" id=\"rotateG_04\"><\/div>\n\t\t\t\t<div class=\"blockG\" id=\"rotateG_05\"><\/div>\n\t\t\t\t<div class=\"blockG\" id=\"rotateG_06\"><\/div>\n\t\t\t\t<div class=\"blockG\" id=\"rotateG_07\"><\/div>\n\t\t\t\t<div class=\"blockG\" id=\"rotateG_08\"><\/div>\n\t\t\t<\/div>\n\t\t\t<div class=\"WooZone-cross-sell-loader-text\"><\/div>\n\t\t<\/div>\n\t<\/div>\n\n\t\t\n<\/div>\n<div style=\"clear:both;\"><\/div><\/p>\n","protected":false},"excerpt":{"rendered":"<p>PR\u00dcFLABOR QUALIT\u00c4T &#8211; Der Clevertest Multi Drogentest ist ein qualitativ hochwertiger Schnelltest. Mit 98% \u00dcbereinstimmung der Referenzmethode im Labor wird ein sicheres Ergebnis erzielt!<br \/>\nEINFACHE DURCHF\u00dcHRUNG &#8211; Eine einfachere Methode um Drogen im Urin zu testen gibt es nicht. Urin im Becher sammeln. Nach f\u00fcnf Minuten wird das Etikett am Testbecher entfernt und das Ergebnis kann am Teststreifen abgelesen werden!<br \/>\nSCHNELLES ERGEBNIS &#8211; Innerhalb von nur f\u00fcnf Minuten steht mit Hilfe des Tests ein pr\u00e4zises Ergebnis fest. Ein zeitraubender Labortest kann so umgangen werden!<\/p>\n","protected":false},"featured_media":203416,"comment_status":"open","ping_status":"closed","template":"","meta":[],"product_brand":[],"product_cat":[566,5908],"product_tag":[],"class_list":{"0":"post-203415","1":"product","2":"type-product","3":"status-publish","4":"has-post-thumbnail","6":"product_cat-drogerie-koerperpflege","7":"product_cat-medizinische-geraete-verbrauchsmaterialien","8":"pa_binding-badartikel","9":"pa_brand-clevertest","10":"pa_languages-unbekannt-deutsch","11":"pa_manufacturer-clevertest","12":"pa_size-5-stueck-1er-pack","14":"first","15":"instock","16":"shipping-taxable","17":"purchasable","18":"product-type-simple","19":"customify-col","20":"product-has-gallery"},"yoast_head":"<!-- This site is optimized with the Yoast SEO plugin v27.4 - https:\/\/yoast.com\/product\/yoast-seo-wordpress\/ -->\n<title>Clevertest Multi Drogentest F\u00fcr 5 Drogen Arten - Professioneller Drogenschnelltest Im Sterilen &amp; Hygienischen Becher\u2026 - Markt-XXL<\/title>\n<meta name=\"description\" content=\"Markt-XXL Clevertest Multi Drogentest F\u00fcr 5 Drogen Arten - Professioneller Drogenschnelltest Im Sterilen &amp; Hygienischen Becher\u2026\" \/>\n<meta name=\"robots\" content=\"index, follow, max-snippet:-1, max-image-preview:large, max-video-preview:-1\" \/>\n<link rel=\"canonical\" href=\"https:\/\/marktxxl.de\/markt\/produkt\/clevertest-multi-drogentest-fuer-5-drogen-arten-professioneller-drogenschnelltest-im-sterilen-hygienischen-becher-urintest-in-prueflabor-qualitaet\/\" \/>\n<meta property=\"og:locale\" content=\"de_DE\" \/>\n<meta property=\"og:type\" content=\"article\" \/>\n<meta property=\"og:title\" content=\"Clevertest Multi Drogentest F\u00fcr 5 Drogen Arten - Professioneller Drogenschnelltest Im Sterilen &amp; Hygienischen Becher\u2026 - Markt-XXL\" \/>\n<meta property=\"og:description\" content=\"Markt-XXL Clevertest Multi Drogentest F\u00fcr 5 Drogen Arten - Professioneller Drogenschnelltest Im Sterilen &amp; Hygienischen Becher\u2026\" \/>\n<meta property=\"og:url\" content=\"https:\/\/marktxxl.de\/markt\/produkt\/clevertest-multi-drogentest-fuer-5-drogen-arten-professioneller-drogenschnelltest-im-sterilen-hygienischen-becher-urintest-in-prueflabor-qualitaet\/\" \/>\n<meta property=\"og:site_name\" content=\"Markt-XXL\" \/>\n<meta property=\"article:modified_time\" content=\"2023-04-11T03:42:24+00:00\" \/>\n<meta property=\"og:image\" content=\"https:\/\/m.media-amazon.com\/images\/I\/41Vk6WfNBML._SL500_.jpg\" \/>\n\t<meta property=\"og:image:width\" content=\"500\" \/>\n\t<meta property=\"og:image:height\" content=\"500\" \/>\n\t<meta property=\"og:image:type\" content=\"image\/jpeg\" \/>\n<meta name=\"twitter:card\" content=\"summary_large_image\" \/>\n<meta name=\"twitter:label1\" content=\"Gesch\u00e4tzte Lesezeit\" \/>\n\t<meta name=\"twitter:data1\" content=\"1\u00a0Minute\" \/>\n<script type=\"application\/ld+json\" class=\"yoast-schema-graph\">{\"@context\":\"https:\\\/\\\/schema.org\",\"@graph\":[{\"@type\":\"WebPage\",\"@id\":\"https:\\\/\\\/marktxxl.de\\\/markt\\\/produkt\\\/clevertest-multi-drogentest-fuer-5-drogen-arten-professioneller-drogenschnelltest-im-sterilen-hygienischen-becher-urintest-in-prueflabor-qualitaet\\\/\",\"url\":\"https:\\\/\\\/marktxxl.de\\\/markt\\\/produkt\\\/clevertest-multi-drogentest-fuer-5-drogen-arten-professioneller-drogenschnelltest-im-sterilen-hygienischen-becher-urintest-in-prueflabor-qualitaet\\\/\",\"name\":\"Clevertest Multi Drogentest F\u00fcr 5 Drogen Arten - Professioneller Drogenschnelltest Im Sterilen &amp; Hygienischen Becher\u2026 - Markt-XXL\",\"isPartOf\":{\"@id\":\"https:\\\/\\\/marktxxl.de\\\/markt\\\/#website\"},\"primaryImageOfPage\":{\"@id\":\"https:\\\/\\\/marktxxl.de\\\/markt\\\/produkt\\\/clevertest-multi-drogentest-fuer-5-drogen-arten-professioneller-drogenschnelltest-im-sterilen-hygienischen-becher-urintest-in-prueflabor-qualitaet\\\/#primaryimage\"},\"image\":{\"@id\":\"https:\\\/\\\/marktxxl.de\\\/markt\\\/produkt\\\/clevertest-multi-drogentest-fuer-5-drogen-arten-professioneller-drogenschnelltest-im-sterilen-hygienischen-becher-urintest-in-prueflabor-qualitaet\\\/#primaryimage\"},\"thumbnailUrl\":\"https:\\\/\\\/m.media-amazon.com\\\/images\\\/I\\\/41Vk6WfNBML._SL500_.jpg\",\"datePublished\":\"2023-04-10T15:37:05+00:00\",\"dateModified\":\"2023-04-11T03:42:24+00:00\",\"description\":\"Markt-XXL Clevertest Multi Drogentest F\u00fcr 5 Drogen Arten - Professioneller Drogenschnelltest Im Sterilen &amp; Hygienischen Becher\u2026\",\"breadcrumb\":{\"@id\":\"https:\\\/\\\/marktxxl.de\\\/markt\\\/produkt\\\/clevertest-multi-drogentest-fuer-5-drogen-arten-professioneller-drogenschnelltest-im-sterilen-hygienischen-becher-urintest-in-prueflabor-qualitaet\\\/#breadcrumb\"},\"inLanguage\":\"de\",\"potentialAction\":[{\"@type\":\"ReadAction\",\"target\":[\"https:\\\/\\\/marktxxl.de\\\/markt\\\/produkt\\\/clevertest-multi-drogentest-fuer-5-drogen-arten-professioneller-drogenschnelltest-im-sterilen-hygienischen-becher-urintest-in-prueflabor-qualitaet\\\/\"]}]},{\"@type\":\"ImageObject\",\"inLanguage\":\"de\",\"@id\":\"https:\\\/\\\/marktxxl.de\\\/markt\\\/produkt\\\/clevertest-multi-drogentest-fuer-5-drogen-arten-professioneller-drogenschnelltest-im-sterilen-hygienischen-becher-urintest-in-prueflabor-qualitaet\\\/#primaryimage\",\"url\":\"https:\\\/\\\/m.media-amazon.com\\\/images\\\/I\\\/41Vk6WfNBML._SL500_.jpg\",\"contentUrl\":\"https:\\\/\\\/m.media-amazon.com\\\/images\\\/I\\\/41Vk6WfNBML._SL500_.jpg\",\"width\":500,\"height\":500},{\"@type\":\"BreadcrumbList\",\"@id\":\"https:\\\/\\\/marktxxl.de\\\/markt\\\/produkt\\\/clevertest-multi-drogentest-fuer-5-drogen-arten-professioneller-drogenschnelltest-im-sterilen-hygienischen-becher-urintest-in-prueflabor-qualitaet\\\/#breadcrumb\",\"itemListElement\":[{\"@type\":\"ListItem\",\"position\":1,\"name\":\"Startseite\",\"item\":\"https:\\\/\\\/marktxxl.de\\\/markt\\\/\"},{\"@type\":\"ListItem\",\"position\":2,\"name\":\"Markt\",\"item\":\"https:\\\/\\\/marktxxl.de\\\/markt\\\/\"},{\"@type\":\"ListItem\",\"position\":3,\"name\":\"Clevertest Multi Drogentest F\u00fcr 5 Drogen Arten &#8211; Professioneller Drogenschnelltest Im Sterilen &amp; Hygienischen Becher\u2026\"}]},{\"@type\":\"WebSite\",\"@id\":\"https:\\\/\\\/marktxxl.de\\\/markt\\\/#website\",\"url\":\"https:\\\/\\\/marktxxl.de\\\/markt\\\/\",\"name\":\"Markt-XXL\",\"description\":\"Ihr Markt Online\",\"publisher\":{\"@id\":\"https:\\\/\\\/marktxxl.de\\\/markt\\\/#organization\"},\"potentialAction\":[{\"@type\":\"SearchAction\",\"target\":{\"@type\":\"EntryPoint\",\"urlTemplate\":\"https:\\\/\\\/marktxxl.de\\\/markt\\\/?s={search_term_string}\"},\"query-input\":{\"@type\":\"PropertyValueSpecification\",\"valueRequired\":true,\"valueName\":\"search_term_string\"}}],\"inLanguage\":\"de\"},{\"@type\":\"Organization\",\"@id\":\"https:\\\/\\\/marktxxl.de\\\/markt\\\/#organization\",\"name\":\"Markt-XXL\",\"url\":\"https:\\\/\\\/marktxxl.de\\\/markt\\\/\",\"logo\":{\"@type\":\"ImageObject\",\"inLanguage\":\"de\",\"@id\":\"https:\\\/\\\/marktxxl.de\\\/markt\\\/#\\\/schema\\\/logo\\\/image\\\/\",\"url\":\"https:\\\/\\\/marktxxl.de\\\/markt\\\/wp-content\\\/uploads\\\/sites\\\/3\\\/2020\\\/12\\\/logo.png\",\"contentUrl\":\"https:\\\/\\\/marktxxl.de\\\/markt\\\/wp-content\\\/uploads\\\/sites\\\/3\\\/2020\\\/12\\\/logo.png\",\"width\":200,\"height\":70,\"caption\":\"Markt-XXL\"},\"image\":{\"@id\":\"https:\\\/\\\/marktxxl.de\\\/markt\\\/#\\\/schema\\\/logo\\\/image\\\/\"}}]}<\/script>\n<!-- \/ Yoast SEO plugin. -->","yoast_head_json":{"title":"Clevertest Multi Drogentest F\u00fcr 5 Drogen Arten - Professioneller Drogenschnelltest Im Sterilen &amp; Hygienischen Becher\u2026 - Markt-XXL","description":"Markt-XXL Clevertest Multi Drogentest F\u00fcr 5 Drogen Arten - Professioneller Drogenschnelltest Im Sterilen &amp; Hygienischen Becher\u2026","robots":{"index":"index","follow":"follow","max-snippet":"max-snippet:-1","max-image-preview":"max-image-preview:large","max-video-preview":"max-video-preview:-1"},"canonical":"https:\/\/marktxxl.de\/markt\/produkt\/clevertest-multi-drogentest-fuer-5-drogen-arten-professioneller-drogenschnelltest-im-sterilen-hygienischen-becher-urintest-in-prueflabor-qualitaet\/","og_locale":"de_DE","og_type":"article","og_title":"Clevertest Multi Drogentest F\u00fcr 5 Drogen Arten - Professioneller Drogenschnelltest Im Sterilen &amp; Hygienischen Becher\u2026 - Markt-XXL","og_description":"Markt-XXL Clevertest Multi Drogentest F\u00fcr 5 Drogen Arten - Professioneller Drogenschnelltest Im Sterilen &amp; Hygienischen Becher\u2026","og_url":"https:\/\/marktxxl.de\/markt\/produkt\/clevertest-multi-drogentest-fuer-5-drogen-arten-professioneller-drogenschnelltest-im-sterilen-hygienischen-becher-urintest-in-prueflabor-qualitaet\/","og_site_name":"Markt-XXL","article_modified_time":"2023-04-11T03:42:24+00:00","og_image":[{"width":500,"height":500,"url":"https:\/\/m.media-amazon.com\/images\/I\/41Vk6WfNBML._SL500_.jpg","type":"image\/jpeg"}],"twitter_card":"summary_large_image","twitter_misc":{"Gesch\u00e4tzte Lesezeit":"1\u00a0Minute"},"schema":{"@context":"https:\/\/schema.org","@graph":[{"@type":"WebPage","@id":"https:\/\/marktxxl.de\/markt\/produkt\/clevertest-multi-drogentest-fuer-5-drogen-arten-professioneller-drogenschnelltest-im-sterilen-hygienischen-becher-urintest-in-prueflabor-qualitaet\/","url":"https:\/\/marktxxl.de\/markt\/produkt\/clevertest-multi-drogentest-fuer-5-drogen-arten-professioneller-drogenschnelltest-im-sterilen-hygienischen-becher-urintest-in-prueflabor-qualitaet\/","name":"Clevertest Multi Drogentest F\u00fcr 5 Drogen Arten - Professioneller Drogenschnelltest Im Sterilen &amp; Hygienischen Becher\u2026 - Markt-XXL","isPartOf":{"@id":"https:\/\/marktxxl.de\/markt\/#website"},"primaryImageOfPage":{"@id":"https:\/\/marktxxl.de\/markt\/produkt\/clevertest-multi-drogentest-fuer-5-drogen-arten-professioneller-drogenschnelltest-im-sterilen-hygienischen-becher-urintest-in-prueflabor-qualitaet\/#primaryimage"},"image":{"@id":"https:\/\/marktxxl.de\/markt\/produkt\/clevertest-multi-drogentest-fuer-5-drogen-arten-professioneller-drogenschnelltest-im-sterilen-hygienischen-becher-urintest-in-prueflabor-qualitaet\/#primaryimage"},"thumbnailUrl":"https:\/\/m.media-amazon.com\/images\/I\/41Vk6WfNBML._SL500_.jpg","datePublished":"2023-04-10T15:37:05+00:00","dateModified":"2023-04-11T03:42:24+00:00","description":"Markt-XXL Clevertest Multi Drogentest F\u00fcr 5 Drogen Arten - Professioneller Drogenschnelltest Im Sterilen &amp; Hygienischen Becher\u2026","breadcrumb":{"@id":"https:\/\/marktxxl.de\/markt\/produkt\/clevertest-multi-drogentest-fuer-5-drogen-arten-professioneller-drogenschnelltest-im-sterilen-hygienischen-becher-urintest-in-prueflabor-qualitaet\/#breadcrumb"},"inLanguage":"de","potentialAction":[{"@type":"ReadAction","target":["https:\/\/marktxxl.de\/markt\/produkt\/clevertest-multi-drogentest-fuer-5-drogen-arten-professioneller-drogenschnelltest-im-sterilen-hygienischen-becher-urintest-in-prueflabor-qualitaet\/"]}]},{"@type":"ImageObject","inLanguage":"de","@id":"https:\/\/marktxxl.de\/markt\/produkt\/clevertest-multi-drogentest-fuer-5-drogen-arten-professioneller-drogenschnelltest-im-sterilen-hygienischen-becher-urintest-in-prueflabor-qualitaet\/#primaryimage","url":"https:\/\/m.media-amazon.com\/images\/I\/41Vk6WfNBML._SL500_.jpg","contentUrl":"https:\/\/m.media-amazon.com\/images\/I\/41Vk6WfNBML._SL500_.jpg","width":500,"height":500},{"@type":"BreadcrumbList","@id":"https:\/\/marktxxl.de\/markt\/produkt\/clevertest-multi-drogentest-fuer-5-drogen-arten-professioneller-drogenschnelltest-im-sterilen-hygienischen-becher-urintest-in-prueflabor-qualitaet\/#breadcrumb","itemListElement":[{"@type":"ListItem","position":1,"name":"Startseite","item":"https:\/\/marktxxl.de\/markt\/"},{"@type":"ListItem","position":2,"name":"Markt","item":"https:\/\/marktxxl.de\/markt\/"},{"@type":"ListItem","position":3,"name":"Clevertest Multi Drogentest F\u00fcr 5 Drogen Arten &#8211; Professioneller Drogenschnelltest Im Sterilen &amp; Hygienischen Becher\u2026"}]},{"@type":"WebSite","@id":"https:\/\/marktxxl.de\/markt\/#website","url":"https:\/\/marktxxl.de\/markt\/","name":"Markt-XXL","description":"Ihr Markt Online","publisher":{"@id":"https:\/\/marktxxl.de\/markt\/#organization"},"potentialAction":[{"@type":"SearchAction","target":{"@type":"EntryPoint","urlTemplate":"https:\/\/marktxxl.de\/markt\/?s={search_term_string}"},"query-input":{"@type":"PropertyValueSpecification","valueRequired":true,"valueName":"search_term_string"}}],"inLanguage":"de"},{"@type":"Organization","@id":"https:\/\/marktxxl.de\/markt\/#organization","name":"Markt-XXL","url":"https:\/\/marktxxl.de\/markt\/","logo":{"@type":"ImageObject","inLanguage":"de","@id":"https:\/\/marktxxl.de\/markt\/#\/schema\/logo\/image\/","url":"https:\/\/marktxxl.de\/markt\/wp-content\/uploads\/sites\/3\/2020\/12\/logo.png","contentUrl":"https:\/\/marktxxl.de\/markt\/wp-content\/uploads\/sites\/3\/2020\/12\/logo.png","width":200,"height":70,"caption":"Markt-XXL"},"image":{"@id":"https:\/\/marktxxl.de\/markt\/#\/schema\/logo\/image\/"}}]}},"_links":{"self":[{"href":"https:\/\/marktxxl.de\/markt\/wp-json\/wp\/v2\/product\/203415","targetHints":{"allow":["GET"]}}],"collection":[{"href":"https:\/\/marktxxl.de\/markt\/wp-json\/wp\/v2\/product"}],"about":[{"href":"https:\/\/marktxxl.de\/markt\/wp-json\/wp\/v2\/types\/product"}],"replies":[{"embeddable":true,"href":"https:\/\/marktxxl.de\/markt\/wp-json\/wp\/v2\/comments?post=203415"}],"wp:featuredmedia":[{"embeddable":true,"href":"https:\/\/marktxxl.de\/markt\/wp-json\/wp\/v2\/media\/203416"}],"wp:attachment":[{"href":"https:\/\/marktxxl.de\/markt\/wp-json\/wp\/v2\/media?parent=203415"}],"wp:term":[{"taxonomy":"product_brand","embeddable":true,"href":"https:\/\/marktxxl.de\/markt\/wp-json\/wp\/v2\/product_brand?post=203415"},{"taxonomy":"product_cat","embeddable":true,"href":"https:\/\/marktxxl.de\/markt\/wp-json\/wp\/v2\/product_cat?post=203415"},{"taxonomy":"product_tag","embeddable":true,"href":"https:\/\/marktxxl.de\/markt\/wp-json\/wp\/v2\/product_tag?post=203415"}],"curies":[{"name":"wp","href":"https:\/\/api.w.org\/{rel}","templated":true}]}}