{"id":203273,"date":"2023-04-10T16:59:55","date_gmt":"2023-04-10T14:59:55","guid":{"rendered":"https:\/\/marktxxl.de\/markt\/produkt\/tageslichtlampe-simulation-von-tageslicht-einstellbaren-farben-helligkeiten-und-timer-einstellungen-medizinprodukt-mit-led-technologie-sonnenlampe-fuer-jahreszeitliche-depression-10000-lux\/"},"modified":"2023-04-11T05:42:22","modified_gmt":"2023-04-11T03:42:22","slug":"tageslichtlampe-simulation-von-tageslicht-einstellbaren-farben-helligkeiten-und-timer-einstellungen-medizinprodukt-mit-led-technologie-sonnenlampe-fuer-jahreszeitliche-depression-10000-lux","status":"publish","type":"product","link":"https:\/\/marktxxl.de\/markt\/produkt\/tageslichtlampe-simulation-von-tageslicht-einstellbaren-farben-helligkeiten-und-timer-einstellungen-medizinprodukt-mit-led-technologie-sonnenlampe-fuer-jahreszeitliche-depression-10000-lux\/","title":{"rendered":"Tageslichtlampe, Simulation von Tageslicht, Einstellbaren Farben, Helligkeiten und Timer-Einstellungen Medizinprodukt\u2026"},"content":{"rendered":"<p>\u2764\ufe0f\u301010.000 Lux Vollspektrum UV-freies Licht\u3011\uff1aDiese Tageslichtlampe sie liefert eine Intensit\u00e4t von bis zu 10.000 Lux f\u00fcr eine effektive Lichttherapie, um Sie bei der Bek\u00e4mpfung von jahreszeitlich bedingten affektiven St\u00f6rungen, Winterdepressionen, zirkadianen Schlafst\u00f6rungen, M\u00fcdigkeit und Schichtarbeit zu unterst\u00fctzen,tageslichtlampe 10000 lux hilft bei Unausgeglichenheit gedr\u00fcckte Stimmung Energie- sowie Antriebslosigkeit und sorgt stattdessen f\u00fcr einen positiven Stimmungsschwung<br \/>\n\u2764\ufe0f\u3010Einstellbare Farben und Helligkeiten\u3011\uff1aTageslichtlampe schreibtisch,Soulcker lichttherapielampe 10000 lux bietet 2 Lichtfarben (nat\u00fcrlich und warm), One-Botton zur Farbkonvertierung bei kaltem Licht und warmem Licht. Sie k\u00f6nnen die Farbtemperatur entsprechend der Umgebung w\u00e4hlen. Vier Helligkeitsstufen (25%\/50%\/75%\/100%), die nach Belieben ver\u00e4ndert werden k\u00f6nnen. Sie sorgen daf\u00fcr, dass Sie sich einfach entspannt und wohl f\u00fchlen. Gut f\u00fcr die Augen und gut f\u00fcr die Stimmung<br \/>\n\u2764\ufe0f\u3010Timer-Funktion und einstellbarer Standfu\u00df\u3011Ein eingebauter automatischer Timer erm\u00f6glicht es Ihnen, Timing-Modi von 15\/30\/45\/60 Minuten einzustellen; wir empfehlen zun\u00e4chst mit 15 Minuten zu beginnen und dann allm\u00e4hlich auf 30 Minuten bis 1 Stunde t\u00e4glich zu erh\u00f6hen, bis Sie die f\u00fcr Sie effektivste Zeit finden.daylight lamp mit 90\u00b0 drehbarem St\u00e4nder,moderne Tablett-Form f\u00fcgen sich nahtlos in jede Art von Dekor ein. Ideal f\u00fcr die Aufstellung zu Hause, B\u00fcro, Schlafzimmer oder Studentenwohnheim<br \/>\n\u2764\ufe0f\u3010Toutch-Bedienung &amp; Speicherfunktion\u3011:Tageslichtlampe 10000 lux,sonnenlicht lampe zwei Ber\u00fchrungsarten: kurzes Dr\u00fccken und langes Dr\u00fccken, was bequem zu bedienen ist und die Lebensdauer ist l\u00e4nger als bei einem herk\u00f6mmlichem Schalter. Die benutzerfreundliche Speicherfunktion nimmt Ihre bevorzugten Einstellungen (helle Farben, Helligkeit, Timer) auch bei ausgeschaltetem Ger\u00e4t wieder auf. Vermeiden Sie es, die Einstellungen jedes Mal neu zu w\u00e4hlen, wenn Sie sie verwenden<br \/>\n\u2764\ufe0f\u3010LED-Technologie\u3011\uff1aDas Lampengeh\u00e4use ist aus hochwertigen Materialien hergestellt, und seine langlebigen LEDs halten etwa 60.000 Stunden, d.h. zehnmal l\u00e4nger als gew\u00f6hnliche Leuchtstofflampen. Exzellente LED-Perlen, flimmerfreies und blendfreies Licht ohne Blitz und Strahlung, es kann Ihre Augen vor \u00dcberanstrengung sch\u00fctzen. tageslichtlampe schreibtisch hilft bei Unausgeglichenheit gedr\u00fcckte Stimmung Energie- sowie Antriebslosigkeit und sorgt stattdessen f\u00fcr einen positiven Stimmungsschwung.<br \/>\n<div class=\"main-cross-sell\" data-asin=\"B0992CR25P\">\n\n\t<div class=\"WooZone-cross-sell-loader\">\n\t\t<div>\n\t\t\t<div id=\"floatingBarsG\">\n\t\t\t\t<div class=\"blockG\" id=\"rotateG_01\"><\/div>\n\t\t\t\t<div class=\"blockG\" id=\"rotateG_02\"><\/div>\n\t\t\t\t<div class=\"blockG\" id=\"rotateG_03\"><\/div>\n\t\t\t\t<div class=\"blockG\" id=\"rotateG_04\"><\/div>\n\t\t\t\t<div class=\"blockG\" id=\"rotateG_05\"><\/div>\n\t\t\t\t<div class=\"blockG\" id=\"rotateG_06\"><\/div>\n\t\t\t\t<div class=\"blockG\" id=\"rotateG_07\"><\/div>\n\t\t\t\t<div class=\"blockG\" id=\"rotateG_08\"><\/div>\n\t\t\t<\/div>\n\t\t\t<div class=\"WooZone-cross-sell-loader-text\"><\/div>\n\t\t<\/div>\n\t<\/div>\n\n\t\t\n<\/div>\n<div style=\"clear:both;\"><\/div><\/p>\n","protected":false},"excerpt":{"rendered":"<p>\u2764\ufe0f\u301010.000 Lux Vollspektrum UV-freies Licht\u3011\uff1aDiese Tageslichtlampe sie liefert eine Intensit\u00e4t von bis zu 10.000 Lux f\u00fcr eine effektive Lichttherapie, um Sie bei der Bek\u00e4mpfung von jahreszeitlich bedingten affektiven St\u00f6rungen, Winterdepressionen, zirkadianen Schlafst\u00f6rungen, M\u00fcdigkeit und Schichtarbeit zu unterst\u00fctzen,tageslichtlampe 10000 lux hilft bei Unausgeglichenheit gedr\u00fcckte Stimmung Energie- sowie Antriebslosigkeit und sorgt stattdessen f\u00fcr einen positiven Stimmungsschwung<br \/>\n\u2764\ufe0f\u3010Einstellbare Farben und Helligkeiten\u3011\uff1aTageslichtlampe schreibtisch,Soulcker lichttherapielampe 10000 lux bietet 2 Lichtfarben (nat\u00fcrlich und warm), One-Botton zur Farbkonvertierung bei kaltem Licht und warmem Licht. Sie k\u00f6nnen die Farbtemperatur entsprechend der Umgebung w\u00e4hlen. Vier Helligkeitsstufen (25%\/50%\/75%\/100%), die nach Belieben ver\u00e4ndert werden k\u00f6nnen. Sie sorgen daf\u00fcr, dass Sie sich einfach entspannt und wohl f\u00fchlen. Gut f\u00fcr die Augen und gut f\u00fcr die Stimmung<br \/>\n\u2764\ufe0f\u3010Timer-Funktion und einstellbarer Standfu\u00df\u3011Ein eingebauter automatischer Timer erm\u00f6glicht es Ihnen, Timing-Modi von 15\/30\/45\/60 Minuten einzustellen; wir empfehlen zun\u00e4chst mit 15 Minuten zu beginnen und dann allm\u00e4hlich auf 30 Minuten bis 1 Stunde t\u00e4glich zu erh\u00f6hen, bis Sie die f\u00fcr Sie effektivste Zeit finden.daylight lamp mit 90\u00b0 drehbarem St\u00e4nder,moderne Tablett-Form f\u00fcgen sich nahtlos in jede Art von Dekor ein. Ideal f\u00fcr die Aufstellung zu Hause, B\u00fcro, Schlafzimmer oder Studentenwohnheim<\/p>\n","protected":false},"featured_media":203274,"comment_status":"open","ping_status":"closed","template":"","meta":[],"product_brand":[],"product_cat":[566,6496],"product_tag":[],"class_list":{"0":"post-203273","1":"product","2":"type-product","3":"status-publish","4":"has-post-thumbnail","6":"product_cat-drogerie-koerperpflege","7":"product_cat-wellness","8":"pa_binding-werkzeug","9":"pa_brand-lkkro","10":"pa_height-6-7716535364-zoll","11":"pa_length-10-5905511703-zoll","12":"pa_manufacturer-wuhan-chidilu-electronic-commerce-co-ltd","13":"pa_model-ghig-001","14":"pa_width-2-4015748007-zoll","16":"first","17":"instock","18":"shipping-taxable","19":"purchasable","20":"product-type-simple","21":"customify-col","22":"product-has-gallery"},"yoast_head":"<!-- This site is optimized with the Yoast SEO plugin v27.3 - https:\/\/yoast.com\/product\/yoast-seo-wordpress\/ -->\n<title>Tageslichtlampe, Simulation von Tageslicht, Einstellbaren Farben, Helligkeiten und Timer-Einstellungen Medizinprodukt\u2026 - Markt-XXL<\/title>\n<meta name=\"description\" content=\"Markt-XXL Tageslichtlampe, Simulation von Tageslicht, Einstellbaren Farben, Helligkeiten und Timer-Einstellungen Medizinprodukt\u2026\" \/>\n<meta name=\"robots\" content=\"index, follow, max-snippet:-1, max-image-preview:large, max-video-preview:-1\" \/>\n<link rel=\"canonical\" href=\"https:\/\/marktxxl.de\/markt\/produkt\/tageslichtlampe-simulation-von-tageslicht-einstellbaren-farben-helligkeiten-und-timer-einstellungen-medizinprodukt-mit-led-technologie-sonnenlampe-fuer-jahreszeitliche-depression-10000-lux\/\" \/>\n<meta property=\"og:locale\" content=\"de_DE\" \/>\n<meta property=\"og:type\" content=\"article\" \/>\n<meta property=\"og:title\" content=\"Tageslichtlampe, Simulation von Tageslicht, Einstellbaren Farben, Helligkeiten und Timer-Einstellungen Medizinprodukt\u2026 - Markt-XXL\" \/>\n<meta property=\"og:description\" content=\"Markt-XXL Tageslichtlampe, Simulation von Tageslicht, Einstellbaren Farben, Helligkeiten und Timer-Einstellungen Medizinprodukt\u2026\" \/>\n<meta property=\"og:url\" content=\"https:\/\/marktxxl.de\/markt\/produkt\/tageslichtlampe-simulation-von-tageslicht-einstellbaren-farben-helligkeiten-und-timer-einstellungen-medizinprodukt-mit-led-technologie-sonnenlampe-fuer-jahreszeitliche-depression-10000-lux\/\" \/>\n<meta property=\"og:site_name\" content=\"Markt-XXL\" \/>\n<meta property=\"article:modified_time\" content=\"2023-04-11T03:42:22+00:00\" \/>\n<meta property=\"og:image\" content=\"https:\/\/m.media-amazon.com\/images\/I\/31susm1ZsIL._SL500_.jpg\" \/>\n\t<meta property=\"og:image:width\" content=\"492\" \/>\n\t<meta property=\"og:image:height\" content=\"500\" \/>\n\t<meta property=\"og:image:type\" content=\"image\/jpeg\" \/>\n<meta name=\"twitter:card\" content=\"summary_large_image\" \/>\n<meta name=\"twitter:label1\" content=\"Gesch\u00e4tzte Lesezeit\" \/>\n\t<meta name=\"twitter:data1\" content=\"2\u00a0Minuten\" \/>\n<script type=\"application\/ld+json\" class=\"yoast-schema-graph\">{\"@context\":\"https:\\\/\\\/schema.org\",\"@graph\":[{\"@type\":\"WebPage\",\"@id\":\"https:\\\/\\\/marktxxl.de\\\/markt\\\/produkt\\\/tageslichtlampe-simulation-von-tageslicht-einstellbaren-farben-helligkeiten-und-timer-einstellungen-medizinprodukt-mit-led-technologie-sonnenlampe-fuer-jahreszeitliche-depression-10000-lux\\\/\",\"url\":\"https:\\\/\\\/marktxxl.de\\\/markt\\\/produkt\\\/tageslichtlampe-simulation-von-tageslicht-einstellbaren-farben-helligkeiten-und-timer-einstellungen-medizinprodukt-mit-led-technologie-sonnenlampe-fuer-jahreszeitliche-depression-10000-lux\\\/\",\"name\":\"Tageslichtlampe, Simulation von Tageslicht, Einstellbaren Farben, Helligkeiten und Timer-Einstellungen Medizinprodukt\u2026 - Markt-XXL\",\"isPartOf\":{\"@id\":\"https:\\\/\\\/marktxxl.de\\\/markt\\\/#website\"},\"primaryImageOfPage\":{\"@id\":\"https:\\\/\\\/marktxxl.de\\\/markt\\\/produkt\\\/tageslichtlampe-simulation-von-tageslicht-einstellbaren-farben-helligkeiten-und-timer-einstellungen-medizinprodukt-mit-led-technologie-sonnenlampe-fuer-jahreszeitliche-depression-10000-lux\\\/#primaryimage\"},\"image\":{\"@id\":\"https:\\\/\\\/marktxxl.de\\\/markt\\\/produkt\\\/tageslichtlampe-simulation-von-tageslicht-einstellbaren-farben-helligkeiten-und-timer-einstellungen-medizinprodukt-mit-led-technologie-sonnenlampe-fuer-jahreszeitliche-depression-10000-lux\\\/#primaryimage\"},\"thumbnailUrl\":\"https:\\\/\\\/m.media-amazon.com\\\/images\\\/I\\\/31susm1ZsIL._SL500_.jpg\",\"datePublished\":\"2023-04-10T14:59:55+00:00\",\"dateModified\":\"2023-04-11T03:42:22+00:00\",\"description\":\"Markt-XXL Tageslichtlampe, Simulation von Tageslicht, Einstellbaren Farben, Helligkeiten und Timer-Einstellungen Medizinprodukt\u2026\",\"breadcrumb\":{\"@id\":\"https:\\\/\\\/marktxxl.de\\\/markt\\\/produkt\\\/tageslichtlampe-simulation-von-tageslicht-einstellbaren-farben-helligkeiten-und-timer-einstellungen-medizinprodukt-mit-led-technologie-sonnenlampe-fuer-jahreszeitliche-depression-10000-lux\\\/#breadcrumb\"},\"inLanguage\":\"de\",\"potentialAction\":[{\"@type\":\"ReadAction\",\"target\":[\"https:\\\/\\\/marktxxl.de\\\/markt\\\/produkt\\\/tageslichtlampe-simulation-von-tageslicht-einstellbaren-farben-helligkeiten-und-timer-einstellungen-medizinprodukt-mit-led-technologie-sonnenlampe-fuer-jahreszeitliche-depression-10000-lux\\\/\"]}]},{\"@type\":\"ImageObject\",\"inLanguage\":\"de\",\"@id\":\"https:\\\/\\\/marktxxl.de\\\/markt\\\/produkt\\\/tageslichtlampe-simulation-von-tageslicht-einstellbaren-farben-helligkeiten-und-timer-einstellungen-medizinprodukt-mit-led-technologie-sonnenlampe-fuer-jahreszeitliche-depression-10000-lux\\\/#primaryimage\",\"url\":\"https:\\\/\\\/m.media-amazon.com\\\/images\\\/I\\\/31susm1ZsIL._SL500_.jpg\",\"contentUrl\":\"https:\\\/\\\/m.media-amazon.com\\\/images\\\/I\\\/31susm1ZsIL._SL500_.jpg\",\"width\":492,\"height\":500},{\"@type\":\"BreadcrumbList\",\"@id\":\"https:\\\/\\\/marktxxl.de\\\/markt\\\/produkt\\\/tageslichtlampe-simulation-von-tageslicht-einstellbaren-farben-helligkeiten-und-timer-einstellungen-medizinprodukt-mit-led-technologie-sonnenlampe-fuer-jahreszeitliche-depression-10000-lux\\\/#breadcrumb\",\"itemListElement\":[{\"@type\":\"ListItem\",\"position\":1,\"name\":\"Startseite\",\"item\":\"https:\\\/\\\/marktxxl.de\\\/markt\\\/\"},{\"@type\":\"ListItem\",\"position\":2,\"name\":\"Markt\",\"item\":\"https:\\\/\\\/marktxxl.de\\\/markt\\\/\"},{\"@type\":\"ListItem\",\"position\":3,\"name\":\"Tageslichtlampe, Simulation von Tageslicht, Einstellbaren Farben, Helligkeiten und Timer-Einstellungen Medizinprodukt\u2026\"}]},{\"@type\":\"WebSite\",\"@id\":\"https:\\\/\\\/marktxxl.de\\\/markt\\\/#website\",\"url\":\"https:\\\/\\\/marktxxl.de\\\/markt\\\/\",\"name\":\"Markt-XXL\",\"description\":\"Ihr Markt Online\",\"publisher\":{\"@id\":\"https:\\\/\\\/marktxxl.de\\\/markt\\\/#organization\"},\"potentialAction\":[{\"@type\":\"SearchAction\",\"target\":{\"@type\":\"EntryPoint\",\"urlTemplate\":\"https:\\\/\\\/marktxxl.de\\\/markt\\\/?s={search_term_string}\"},\"query-input\":{\"@type\":\"PropertyValueSpecification\",\"valueRequired\":true,\"valueName\":\"search_term_string\"}}],\"inLanguage\":\"de\"},{\"@type\":\"Organization\",\"@id\":\"https:\\\/\\\/marktxxl.de\\\/markt\\\/#organization\",\"name\":\"Markt-XXL\",\"url\":\"https:\\\/\\\/marktxxl.de\\\/markt\\\/\",\"logo\":{\"@type\":\"ImageObject\",\"inLanguage\":\"de\",\"@id\":\"https:\\\/\\\/marktxxl.de\\\/markt\\\/#\\\/schema\\\/logo\\\/image\\\/\",\"url\":\"https:\\\/\\\/marktxxl.de\\\/markt\\\/wp-content\\\/uploads\\\/sites\\\/3\\\/2020\\\/12\\\/logo.png\",\"contentUrl\":\"https:\\\/\\\/marktxxl.de\\\/markt\\\/wp-content\\\/uploads\\\/sites\\\/3\\\/2020\\\/12\\\/logo.png\",\"width\":200,\"height\":70,\"caption\":\"Markt-XXL\"},\"image\":{\"@id\":\"https:\\\/\\\/marktxxl.de\\\/markt\\\/#\\\/schema\\\/logo\\\/image\\\/\"}}]}<\/script>\n<!-- \/ Yoast SEO plugin. -->","yoast_head_json":{"title":"Tageslichtlampe, Simulation von Tageslicht, Einstellbaren Farben, Helligkeiten und Timer-Einstellungen Medizinprodukt\u2026 - Markt-XXL","description":"Markt-XXL Tageslichtlampe, Simulation von Tageslicht, Einstellbaren Farben, Helligkeiten und Timer-Einstellungen Medizinprodukt\u2026","robots":{"index":"index","follow":"follow","max-snippet":"max-snippet:-1","max-image-preview":"max-image-preview:large","max-video-preview":"max-video-preview:-1"},"canonical":"https:\/\/marktxxl.de\/markt\/produkt\/tageslichtlampe-simulation-von-tageslicht-einstellbaren-farben-helligkeiten-und-timer-einstellungen-medizinprodukt-mit-led-technologie-sonnenlampe-fuer-jahreszeitliche-depression-10000-lux\/","og_locale":"de_DE","og_type":"article","og_title":"Tageslichtlampe, Simulation von Tageslicht, Einstellbaren Farben, Helligkeiten und Timer-Einstellungen Medizinprodukt\u2026 - Markt-XXL","og_description":"Markt-XXL Tageslichtlampe, Simulation von Tageslicht, Einstellbaren Farben, Helligkeiten und Timer-Einstellungen Medizinprodukt\u2026","og_url":"https:\/\/marktxxl.de\/markt\/produkt\/tageslichtlampe-simulation-von-tageslicht-einstellbaren-farben-helligkeiten-und-timer-einstellungen-medizinprodukt-mit-led-technologie-sonnenlampe-fuer-jahreszeitliche-depression-10000-lux\/","og_site_name":"Markt-XXL","article_modified_time":"2023-04-11T03:42:22+00:00","og_image":[{"width":492,"height":500,"url":"https:\/\/m.media-amazon.com\/images\/I\/31susm1ZsIL._SL500_.jpg","type":"image\/jpeg"}],"twitter_card":"summary_large_image","twitter_misc":{"Gesch\u00e4tzte Lesezeit":"2\u00a0Minuten"},"schema":{"@context":"https:\/\/schema.org","@graph":[{"@type":"WebPage","@id":"https:\/\/marktxxl.de\/markt\/produkt\/tageslichtlampe-simulation-von-tageslicht-einstellbaren-farben-helligkeiten-und-timer-einstellungen-medizinprodukt-mit-led-technologie-sonnenlampe-fuer-jahreszeitliche-depression-10000-lux\/","url":"https:\/\/marktxxl.de\/markt\/produkt\/tageslichtlampe-simulation-von-tageslicht-einstellbaren-farben-helligkeiten-und-timer-einstellungen-medizinprodukt-mit-led-technologie-sonnenlampe-fuer-jahreszeitliche-depression-10000-lux\/","name":"Tageslichtlampe, Simulation von Tageslicht, Einstellbaren Farben, Helligkeiten und Timer-Einstellungen Medizinprodukt\u2026 - Markt-XXL","isPartOf":{"@id":"https:\/\/marktxxl.de\/markt\/#website"},"primaryImageOfPage":{"@id":"https:\/\/marktxxl.de\/markt\/produkt\/tageslichtlampe-simulation-von-tageslicht-einstellbaren-farben-helligkeiten-und-timer-einstellungen-medizinprodukt-mit-led-technologie-sonnenlampe-fuer-jahreszeitliche-depression-10000-lux\/#primaryimage"},"image":{"@id":"https:\/\/marktxxl.de\/markt\/produkt\/tageslichtlampe-simulation-von-tageslicht-einstellbaren-farben-helligkeiten-und-timer-einstellungen-medizinprodukt-mit-led-technologie-sonnenlampe-fuer-jahreszeitliche-depression-10000-lux\/#primaryimage"},"thumbnailUrl":"https:\/\/m.media-amazon.com\/images\/I\/31susm1ZsIL._SL500_.jpg","datePublished":"2023-04-10T14:59:55+00:00","dateModified":"2023-04-11T03:42:22+00:00","description":"Markt-XXL Tageslichtlampe, Simulation von Tageslicht, Einstellbaren Farben, Helligkeiten und Timer-Einstellungen Medizinprodukt\u2026","breadcrumb":{"@id":"https:\/\/marktxxl.de\/markt\/produkt\/tageslichtlampe-simulation-von-tageslicht-einstellbaren-farben-helligkeiten-und-timer-einstellungen-medizinprodukt-mit-led-technologie-sonnenlampe-fuer-jahreszeitliche-depression-10000-lux\/#breadcrumb"},"inLanguage":"de","potentialAction":[{"@type":"ReadAction","target":["https:\/\/marktxxl.de\/markt\/produkt\/tageslichtlampe-simulation-von-tageslicht-einstellbaren-farben-helligkeiten-und-timer-einstellungen-medizinprodukt-mit-led-technologie-sonnenlampe-fuer-jahreszeitliche-depression-10000-lux\/"]}]},{"@type":"ImageObject","inLanguage":"de","@id":"https:\/\/marktxxl.de\/markt\/produkt\/tageslichtlampe-simulation-von-tageslicht-einstellbaren-farben-helligkeiten-und-timer-einstellungen-medizinprodukt-mit-led-technologie-sonnenlampe-fuer-jahreszeitliche-depression-10000-lux\/#primaryimage","url":"https:\/\/m.media-amazon.com\/images\/I\/31susm1ZsIL._SL500_.jpg","contentUrl":"https:\/\/m.media-amazon.com\/images\/I\/31susm1ZsIL._SL500_.jpg","width":492,"height":500},{"@type":"BreadcrumbList","@id":"https:\/\/marktxxl.de\/markt\/produkt\/tageslichtlampe-simulation-von-tageslicht-einstellbaren-farben-helligkeiten-und-timer-einstellungen-medizinprodukt-mit-led-technologie-sonnenlampe-fuer-jahreszeitliche-depression-10000-lux\/#breadcrumb","itemListElement":[{"@type":"ListItem","position":1,"name":"Startseite","item":"https:\/\/marktxxl.de\/markt\/"},{"@type":"ListItem","position":2,"name":"Markt","item":"https:\/\/marktxxl.de\/markt\/"},{"@type":"ListItem","position":3,"name":"Tageslichtlampe, Simulation von Tageslicht, Einstellbaren Farben, Helligkeiten und Timer-Einstellungen Medizinprodukt\u2026"}]},{"@type":"WebSite","@id":"https:\/\/marktxxl.de\/markt\/#website","url":"https:\/\/marktxxl.de\/markt\/","name":"Markt-XXL","description":"Ihr Markt Online","publisher":{"@id":"https:\/\/marktxxl.de\/markt\/#organization"},"potentialAction":[{"@type":"SearchAction","target":{"@type":"EntryPoint","urlTemplate":"https:\/\/marktxxl.de\/markt\/?s={search_term_string}"},"query-input":{"@type":"PropertyValueSpecification","valueRequired":true,"valueName":"search_term_string"}}],"inLanguage":"de"},{"@type":"Organization","@id":"https:\/\/marktxxl.de\/markt\/#organization","name":"Markt-XXL","url":"https:\/\/marktxxl.de\/markt\/","logo":{"@type":"ImageObject","inLanguage":"de","@id":"https:\/\/marktxxl.de\/markt\/#\/schema\/logo\/image\/","url":"https:\/\/marktxxl.de\/markt\/wp-content\/uploads\/sites\/3\/2020\/12\/logo.png","contentUrl":"https:\/\/marktxxl.de\/markt\/wp-content\/uploads\/sites\/3\/2020\/12\/logo.png","width":200,"height":70,"caption":"Markt-XXL"},"image":{"@id":"https:\/\/marktxxl.de\/markt\/#\/schema\/logo\/image\/"}}]}},"_links":{"self":[{"href":"https:\/\/marktxxl.de\/markt\/wp-json\/wp\/v2\/product\/203273","targetHints":{"allow":["GET"]}}],"collection":[{"href":"https:\/\/marktxxl.de\/markt\/wp-json\/wp\/v2\/product"}],"about":[{"href":"https:\/\/marktxxl.de\/markt\/wp-json\/wp\/v2\/types\/product"}],"replies":[{"embeddable":true,"href":"https:\/\/marktxxl.de\/markt\/wp-json\/wp\/v2\/comments?post=203273"}],"wp:featuredmedia":[{"embeddable":true,"href":"https:\/\/marktxxl.de\/markt\/wp-json\/wp\/v2\/media\/203274"}],"wp:attachment":[{"href":"https:\/\/marktxxl.de\/markt\/wp-json\/wp\/v2\/media?parent=203273"}],"wp:term":[{"taxonomy":"product_brand","embeddable":true,"href":"https:\/\/marktxxl.de\/markt\/wp-json\/wp\/v2\/product_brand?post=203273"},{"taxonomy":"product_cat","embeddable":true,"href":"https:\/\/marktxxl.de\/markt\/wp-json\/wp\/v2\/product_cat?post=203273"},{"taxonomy":"product_tag","embeddable":true,"href":"https:\/\/marktxxl.de\/markt\/wp-json\/wp\/v2\/product_tag?post=203273"}],"curies":[{"name":"wp","href":"https:\/\/api.w.org\/{rel}","templated":true}]}}