{"id":203200,"date":"2023-04-10T16:56:28","date_gmt":"2023-04-10T14:56:28","guid":{"rendered":"https:\/\/marktxxl.de\/markt\/produkt\/rxl-sl-eva-wasserdicht-harte-aussenhuelle-aetherisches-oel-reisen-tasche-30-70-loecher-aromatherapie-aufbewahrungsboxhaelt-5-10-15mlschwarzblau-schwarzlila-aetherisches-oel-tragetasche\/"},"modified":"2023-04-10T16:56:28","modified_gmt":"2023-04-10T14:56:28","slug":"rxl-sl-eva-wasserdicht-harte-aussenhuelle-aetherisches-oel-reisen-tasche-30-70-loecher-aromatherapie-aufbewahrungsboxhaelt-5-10-15mlschwarzblau-schwarzlila-aetherisches-oel-tragetasche","status":"publish","type":"product","link":"https:\/\/marktxxl.de\/markt\/produkt\/rxl-sl-eva-wasserdicht-harte-aussenhuelle-aetherisches-oel-reisen-tasche-30-70-loecher-aromatherapie-aufbewahrungsboxhaelt-5-10-15mlschwarzblau-schwarzlila-aetherisches-oel-tragetasche\/","title":{"rendered":"RXL SL EVA Wasserdicht Harte Au\u00dfenh\u00fclle \u00c4therisches \u00d6l Reisen Tasche 30\/70 L\u00f6cher Aromatherapie Aufbewahrungsbox(H\u00e4lt 5\/10\/15ml)Schwarz+Blau\/Schwarz+Lila \u00e4therisches \u00d6l Tragetasche"},"content":{"rendered":"<p>20,5 * 15,5 * 9 cm\/31 * 21 * 9 cmgro\u00df genug f\u00fcr 30\/70Durchstechflaschen mit einem Durchmesser von 25 mm (5 ml, 10 ml, 15 ml). Hergestellt aus hochwertigem EVA-Material, das sich weich und elastisch anf\u00fchlt, robust und sto\u00dffest.<br \/>\nHochwertiger starker Rei\u00dfverschluss; Unser Etui hat eine robuste Au\u00dfenseite aus Nylontextil und einen flexiblen EVA-Schaum an der Au\u00dfenseite. Ein Schaumtrenner sch\u00fctzt Ihre \u00e4therischen \u00d6le unterwegs und sorgt daf\u00fcr, dass Ihre \u00e4therischen \u00d6lflaschen sicher und vor Sonnenlicht gesch\u00fctzt sind.<br \/>\nMit diesem starken Griff mit Gummigriff k\u00f6nnen Sie alle Ihre \u00d6le sicher und bequem mit einer Hand tragen.<br \/>\nKommt auch mit 2 Innentaschen f\u00fcr die Aufbewahrung Ihrer anderen kleinen Accessoires, wie Flaschenetiketten f\u00fcr \u00e4therische \u00d6le, Zettel, Stift usw. (Mit Beutel und Aufkleber).<br \/>\nSorglos-Garantie: Bei Qualit\u00e4tsproblemen mit diesem Produkt kontaktieren Sie uns bitte zuerst. Wir senden Ihnen einen kostenlosen Ersatz zu oder erstatten Ihre Bestellung vollst\u00e4ndig zur\u00fcck. Sie erhalten eine einj\u00e4hrige Garantie!<br \/>\n<div class=\"main-cross-sell\" data-asin=\"B07Z5P4WPS\">\n\n\t<div class=\"WooZone-cross-sell-loader\">\n\t\t<div>\n\t\t\t<div id=\"floatingBarsG\">\n\t\t\t\t<div class=\"blockG\" id=\"rotateG_01\"><\/div>\n\t\t\t\t<div class=\"blockG\" id=\"rotateG_02\"><\/div>\n\t\t\t\t<div class=\"blockG\" id=\"rotateG_03\"><\/div>\n\t\t\t\t<div class=\"blockG\" id=\"rotateG_04\"><\/div>\n\t\t\t\t<div class=\"blockG\" id=\"rotateG_05\"><\/div>\n\t\t\t\t<div class=\"blockG\" id=\"rotateG_06\"><\/div>\n\t\t\t\t<div class=\"blockG\" id=\"rotateG_07\"><\/div>\n\t\t\t\t<div class=\"blockG\" id=\"rotateG_08\"><\/div>\n\t\t\t<\/div>\n\t\t\t<div class=\"WooZone-cross-sell-loader-text\"><\/div>\n\t\t<\/div>\n\t<\/div>\n\n\t\t\n<\/div>\n<div style=\"clear:both;\"><\/div><\/p>\n","protected":false},"excerpt":{"rendered":"<p>20,5 * 15,5 * 9 cm\/31 * 21 * 9 cmgro\u00df genug f\u00fcr 30\/70Durchstechflaschen mit einem Durchmesser von 25 mm (5 ml, 10 ml, 15 ml). Hergestellt aus hochwertigem EVA-Material, das sich weich und elastisch anf\u00fchlt, robust und sto\u00dffest.<br \/>\nHochwertiger starker Rei\u00dfverschluss; Unser Etui hat eine robuste Au\u00dfenseite aus Nylontextil und einen flexiblen EVA-Schaum an der Au\u00dfenseite. Ein Schaumtrenner sch\u00fctzt Ihre \u00e4therischen \u00d6le unterwegs und sorgt daf\u00fcr, dass Ihre \u00e4therischen \u00d6lflaschen sicher und vor Sonnenlicht gesch\u00fctzt sind.<br \/>\nMit diesem starken Griff mit Gummigriff k\u00f6nnen Sie alle Ihre \u00d6le sicher und bequem mit einer Hand tragen.<\/p>\n","protected":false},"featured_media":203201,"comment_status":"open","ping_status":"closed","template":"","meta":[],"product_brand":[],"product_cat":[566,6496],"product_tag":[],"class_list":{"0":"post-203200","1":"product","2":"type-product","3":"status-publish","4":"has-post-thumbnail","6":"product_cat-drogerie-koerperpflege","7":"product_cat-wellness","8":"pa_brand-rxl-sl","9":"pa_manufacturer-rxl-sl","11":"first","12":"instock","13":"shipping-taxable","14":"product-type-simple","15":"customify-col","16":"product-has-gallery"},"yoast_head":"<!-- This site is optimized with the Yoast SEO plugin v27.4 - https:\/\/yoast.com\/product\/yoast-seo-wordpress\/ -->\n<title>RXL SL EVA Wasserdicht Harte Au\u00dfenh\u00fclle \u00c4therisches \u00d6l Reisen Tasche 30\/70 L\u00f6cher Aromatherapie Aufbewahrungsbox(H\u00e4lt 5\/10\/15ml)Schwarz+Blau\/Schwarz+Lila \u00e4therisches \u00d6l Tragetasche - Markt-XXL<\/title>\n<meta name=\"description\" content=\"Markt-XXL RXL SL EVA Wasserdicht Harte Au\u00dfenh\u00fclle \u00c4therisches \u00d6l Reisen Tasche 30\/70 L\u00f6cher Aromatherapie Aufbewahrungsbox(H\u00e4lt 5\/10\/15ml)Schwarz+Blau\/Schwarz+Lila \u00e4therisches \u00d6l Tragetasche\" \/>\n<meta name=\"robots\" content=\"index, follow, max-snippet:-1, max-image-preview:large, max-video-preview:-1\" \/>\n<link rel=\"canonical\" href=\"https:\/\/marktxxl.de\/markt\/produkt\/rxl-sl-eva-wasserdicht-harte-aussenhuelle-aetherisches-oel-reisen-tasche-30-70-loecher-aromatherapie-aufbewahrungsboxhaelt-5-10-15mlschwarzblau-schwarzlila-aetherisches-oel-tragetasche\/\" \/>\n<meta property=\"og:locale\" content=\"de_DE\" \/>\n<meta property=\"og:type\" content=\"article\" \/>\n<meta property=\"og:title\" content=\"RXL SL EVA Wasserdicht Harte Au\u00dfenh\u00fclle \u00c4therisches \u00d6l Reisen Tasche 30\/70 L\u00f6cher Aromatherapie Aufbewahrungsbox(H\u00e4lt 5\/10\/15ml)Schwarz+Blau\/Schwarz+Lila \u00e4therisches \u00d6l Tragetasche - Markt-XXL\" \/>\n<meta property=\"og:description\" content=\"Markt-XXL RXL SL EVA Wasserdicht Harte Au\u00dfenh\u00fclle \u00c4therisches \u00d6l Reisen Tasche 30\/70 L\u00f6cher Aromatherapie Aufbewahrungsbox(H\u00e4lt 5\/10\/15ml)Schwarz+Blau\/Schwarz+Lila \u00e4therisches \u00d6l Tragetasche\" \/>\n<meta property=\"og:url\" content=\"https:\/\/marktxxl.de\/markt\/produkt\/rxl-sl-eva-wasserdicht-harte-aussenhuelle-aetherisches-oel-reisen-tasche-30-70-loecher-aromatherapie-aufbewahrungsboxhaelt-5-10-15mlschwarzblau-schwarzlila-aetherisches-oel-tragetasche\/\" \/>\n<meta property=\"og:site_name\" content=\"Markt-XXL\" \/>\n<meta name=\"twitter:card\" content=\"summary_large_image\" \/>\n<meta name=\"twitter:label1\" content=\"Gesch\u00e4tzte Lesezeit\" \/>\n\t<meta name=\"twitter:data1\" content=\"1\u00a0Minute\" \/>\n<script type=\"application\/ld+json\" class=\"yoast-schema-graph\">{\"@context\":\"https:\\\/\\\/schema.org\",\"@graph\":[{\"@type\":\"WebPage\",\"@id\":\"https:\\\/\\\/marktxxl.de\\\/markt\\\/produkt\\\/rxl-sl-eva-wasserdicht-harte-aussenhuelle-aetherisches-oel-reisen-tasche-30-70-loecher-aromatherapie-aufbewahrungsboxhaelt-5-10-15mlschwarzblau-schwarzlila-aetherisches-oel-tragetasche\\\/\",\"url\":\"https:\\\/\\\/marktxxl.de\\\/markt\\\/produkt\\\/rxl-sl-eva-wasserdicht-harte-aussenhuelle-aetherisches-oel-reisen-tasche-30-70-loecher-aromatherapie-aufbewahrungsboxhaelt-5-10-15mlschwarzblau-schwarzlila-aetherisches-oel-tragetasche\\\/\",\"name\":\"RXL SL EVA Wasserdicht Harte Au\u00dfenh\u00fclle \u00c4therisches \u00d6l Reisen Tasche 30\\\/70 L\u00f6cher Aromatherapie Aufbewahrungsbox(H\u00e4lt 5\\\/10\\\/15ml)Schwarz+Blau\\\/Schwarz+Lila \u00e4therisches \u00d6l Tragetasche - Markt-XXL\",\"isPartOf\":{\"@id\":\"https:\\\/\\\/marktxxl.de\\\/markt\\\/#website\"},\"primaryImageOfPage\":{\"@id\":\"https:\\\/\\\/marktxxl.de\\\/markt\\\/produkt\\\/rxl-sl-eva-wasserdicht-harte-aussenhuelle-aetherisches-oel-reisen-tasche-30-70-loecher-aromatherapie-aufbewahrungsboxhaelt-5-10-15mlschwarzblau-schwarzlila-aetherisches-oel-tragetasche\\\/#primaryimage\"},\"image\":{\"@id\":\"https:\\\/\\\/marktxxl.de\\\/markt\\\/produkt\\\/rxl-sl-eva-wasserdicht-harte-aussenhuelle-aetherisches-oel-reisen-tasche-30-70-loecher-aromatherapie-aufbewahrungsboxhaelt-5-10-15mlschwarzblau-schwarzlila-aetherisches-oel-tragetasche\\\/#primaryimage\"},\"thumbnailUrl\":\"https:\\\/\\\/m.media-amazon.com\\\/images\\\/I\\\/311InnQtKpL._SL500_.jpg\",\"datePublished\":\"2023-04-10T14:56:28+00:00\",\"description\":\"Markt-XXL RXL SL EVA Wasserdicht Harte Au\u00dfenh\u00fclle \u00c4therisches \u00d6l Reisen Tasche 30\\\/70 L\u00f6cher Aromatherapie Aufbewahrungsbox(H\u00e4lt 5\\\/10\\\/15ml)Schwarz+Blau\\\/Schwarz+Lila \u00e4therisches \u00d6l Tragetasche\",\"breadcrumb\":{\"@id\":\"https:\\\/\\\/marktxxl.de\\\/markt\\\/produkt\\\/rxl-sl-eva-wasserdicht-harte-aussenhuelle-aetherisches-oel-reisen-tasche-30-70-loecher-aromatherapie-aufbewahrungsboxhaelt-5-10-15mlschwarzblau-schwarzlila-aetherisches-oel-tragetasche\\\/#breadcrumb\"},\"inLanguage\":\"de\",\"potentialAction\":[{\"@type\":\"ReadAction\",\"target\":[\"https:\\\/\\\/marktxxl.de\\\/markt\\\/produkt\\\/rxl-sl-eva-wasserdicht-harte-aussenhuelle-aetherisches-oel-reisen-tasche-30-70-loecher-aromatherapie-aufbewahrungsboxhaelt-5-10-15mlschwarzblau-schwarzlila-aetherisches-oel-tragetasche\\\/\"]}]},{\"@type\":\"ImageObject\",\"inLanguage\":\"de\",\"@id\":\"https:\\\/\\\/marktxxl.de\\\/markt\\\/produkt\\\/rxl-sl-eva-wasserdicht-harte-aussenhuelle-aetherisches-oel-reisen-tasche-30-70-loecher-aromatherapie-aufbewahrungsboxhaelt-5-10-15mlschwarzblau-schwarzlila-aetherisches-oel-tragetasche\\\/#primaryimage\",\"url\":\"https:\\\/\\\/m.media-amazon.com\\\/images\\\/I\\\/311InnQtKpL._SL500_.jpg\",\"contentUrl\":\"https:\\\/\\\/m.media-amazon.com\\\/images\\\/I\\\/311InnQtKpL._SL500_.jpg\",\"width\":500,\"height\":500},{\"@type\":\"BreadcrumbList\",\"@id\":\"https:\\\/\\\/marktxxl.de\\\/markt\\\/produkt\\\/rxl-sl-eva-wasserdicht-harte-aussenhuelle-aetherisches-oel-reisen-tasche-30-70-loecher-aromatherapie-aufbewahrungsboxhaelt-5-10-15mlschwarzblau-schwarzlila-aetherisches-oel-tragetasche\\\/#breadcrumb\",\"itemListElement\":[{\"@type\":\"ListItem\",\"position\":1,\"name\":\"Startseite\",\"item\":\"https:\\\/\\\/marktxxl.de\\\/markt\\\/\"},{\"@type\":\"ListItem\",\"position\":2,\"name\":\"Markt\",\"item\":\"https:\\\/\\\/marktxxl.de\\\/markt\\\/\"},{\"@type\":\"ListItem\",\"position\":3,\"name\":\"RXL SL EVA Wasserdicht Harte Au\u00dfenh\u00fclle \u00c4therisches \u00d6l Reisen Tasche 30\\\/70 L\u00f6cher Aromatherapie Aufbewahrungsbox(H\u00e4lt 5\\\/10\\\/15ml)Schwarz+Blau\\\/Schwarz+Lila \u00e4therisches \u00d6l Tragetasche\"}]},{\"@type\":\"WebSite\",\"@id\":\"https:\\\/\\\/marktxxl.de\\\/markt\\\/#website\",\"url\":\"https:\\\/\\\/marktxxl.de\\\/markt\\\/\",\"name\":\"Markt-XXL\",\"description\":\"Ihr Markt Online\",\"publisher\":{\"@id\":\"https:\\\/\\\/marktxxl.de\\\/markt\\\/#organization\"},\"potentialAction\":[{\"@type\":\"SearchAction\",\"target\":{\"@type\":\"EntryPoint\",\"urlTemplate\":\"https:\\\/\\\/marktxxl.de\\\/markt\\\/?s={search_term_string}\"},\"query-input\":{\"@type\":\"PropertyValueSpecification\",\"valueRequired\":true,\"valueName\":\"search_term_string\"}}],\"inLanguage\":\"de\"},{\"@type\":\"Organization\",\"@id\":\"https:\\\/\\\/marktxxl.de\\\/markt\\\/#organization\",\"name\":\"Markt-XXL\",\"url\":\"https:\\\/\\\/marktxxl.de\\\/markt\\\/\",\"logo\":{\"@type\":\"ImageObject\",\"inLanguage\":\"de\",\"@id\":\"https:\\\/\\\/marktxxl.de\\\/markt\\\/#\\\/schema\\\/logo\\\/image\\\/\",\"url\":\"https:\\\/\\\/marktxxl.de\\\/markt\\\/wp-content\\\/uploads\\\/sites\\\/3\\\/2020\\\/12\\\/logo.png\",\"contentUrl\":\"https:\\\/\\\/marktxxl.de\\\/markt\\\/wp-content\\\/uploads\\\/sites\\\/3\\\/2020\\\/12\\\/logo.png\",\"width\":200,\"height\":70,\"caption\":\"Markt-XXL\"},\"image\":{\"@id\":\"https:\\\/\\\/marktxxl.de\\\/markt\\\/#\\\/schema\\\/logo\\\/image\\\/\"}}]}<\/script>\n<!-- \/ Yoast SEO plugin. -->","yoast_head_json":{"title":"RXL SL EVA Wasserdicht Harte Au\u00dfenh\u00fclle \u00c4therisches \u00d6l Reisen Tasche 30\/70 L\u00f6cher Aromatherapie Aufbewahrungsbox(H\u00e4lt 5\/10\/15ml)Schwarz+Blau\/Schwarz+Lila \u00e4therisches \u00d6l Tragetasche - Markt-XXL","description":"Markt-XXL RXL SL EVA Wasserdicht Harte Au\u00dfenh\u00fclle \u00c4therisches \u00d6l Reisen Tasche 30\/70 L\u00f6cher Aromatherapie Aufbewahrungsbox(H\u00e4lt 5\/10\/15ml)Schwarz+Blau\/Schwarz+Lila \u00e4therisches \u00d6l Tragetasche","robots":{"index":"index","follow":"follow","max-snippet":"max-snippet:-1","max-image-preview":"max-image-preview:large","max-video-preview":"max-video-preview:-1"},"canonical":"https:\/\/marktxxl.de\/markt\/produkt\/rxl-sl-eva-wasserdicht-harte-aussenhuelle-aetherisches-oel-reisen-tasche-30-70-loecher-aromatherapie-aufbewahrungsboxhaelt-5-10-15mlschwarzblau-schwarzlila-aetherisches-oel-tragetasche\/","og_locale":"de_DE","og_type":"article","og_title":"RXL SL EVA Wasserdicht Harte Au\u00dfenh\u00fclle \u00c4therisches \u00d6l Reisen Tasche 30\/70 L\u00f6cher Aromatherapie Aufbewahrungsbox(H\u00e4lt 5\/10\/15ml)Schwarz+Blau\/Schwarz+Lila \u00e4therisches \u00d6l Tragetasche - Markt-XXL","og_description":"Markt-XXL RXL SL EVA Wasserdicht Harte Au\u00dfenh\u00fclle \u00c4therisches \u00d6l Reisen Tasche 30\/70 L\u00f6cher Aromatherapie Aufbewahrungsbox(H\u00e4lt 5\/10\/15ml)Schwarz+Blau\/Schwarz+Lila \u00e4therisches \u00d6l Tragetasche","og_url":"https:\/\/marktxxl.de\/markt\/produkt\/rxl-sl-eva-wasserdicht-harte-aussenhuelle-aetherisches-oel-reisen-tasche-30-70-loecher-aromatherapie-aufbewahrungsboxhaelt-5-10-15mlschwarzblau-schwarzlila-aetherisches-oel-tragetasche\/","og_site_name":"Markt-XXL","twitter_card":"summary_large_image","twitter_misc":{"Gesch\u00e4tzte Lesezeit":"1\u00a0Minute"},"schema":{"@context":"https:\/\/schema.org","@graph":[{"@type":"WebPage","@id":"https:\/\/marktxxl.de\/markt\/produkt\/rxl-sl-eva-wasserdicht-harte-aussenhuelle-aetherisches-oel-reisen-tasche-30-70-loecher-aromatherapie-aufbewahrungsboxhaelt-5-10-15mlschwarzblau-schwarzlila-aetherisches-oel-tragetasche\/","url":"https:\/\/marktxxl.de\/markt\/produkt\/rxl-sl-eva-wasserdicht-harte-aussenhuelle-aetherisches-oel-reisen-tasche-30-70-loecher-aromatherapie-aufbewahrungsboxhaelt-5-10-15mlschwarzblau-schwarzlila-aetherisches-oel-tragetasche\/","name":"RXL SL EVA Wasserdicht Harte Au\u00dfenh\u00fclle \u00c4therisches \u00d6l Reisen Tasche 30\/70 L\u00f6cher Aromatherapie Aufbewahrungsbox(H\u00e4lt 5\/10\/15ml)Schwarz+Blau\/Schwarz+Lila \u00e4therisches \u00d6l Tragetasche - Markt-XXL","isPartOf":{"@id":"https:\/\/marktxxl.de\/markt\/#website"},"primaryImageOfPage":{"@id":"https:\/\/marktxxl.de\/markt\/produkt\/rxl-sl-eva-wasserdicht-harte-aussenhuelle-aetherisches-oel-reisen-tasche-30-70-loecher-aromatherapie-aufbewahrungsboxhaelt-5-10-15mlschwarzblau-schwarzlila-aetherisches-oel-tragetasche\/#primaryimage"},"image":{"@id":"https:\/\/marktxxl.de\/markt\/produkt\/rxl-sl-eva-wasserdicht-harte-aussenhuelle-aetherisches-oel-reisen-tasche-30-70-loecher-aromatherapie-aufbewahrungsboxhaelt-5-10-15mlschwarzblau-schwarzlila-aetherisches-oel-tragetasche\/#primaryimage"},"thumbnailUrl":"https:\/\/m.media-amazon.com\/images\/I\/311InnQtKpL._SL500_.jpg","datePublished":"2023-04-10T14:56:28+00:00","description":"Markt-XXL RXL SL EVA Wasserdicht Harte Au\u00dfenh\u00fclle \u00c4therisches \u00d6l Reisen Tasche 30\/70 L\u00f6cher Aromatherapie Aufbewahrungsbox(H\u00e4lt 5\/10\/15ml)Schwarz+Blau\/Schwarz+Lila \u00e4therisches \u00d6l Tragetasche","breadcrumb":{"@id":"https:\/\/marktxxl.de\/markt\/produkt\/rxl-sl-eva-wasserdicht-harte-aussenhuelle-aetherisches-oel-reisen-tasche-30-70-loecher-aromatherapie-aufbewahrungsboxhaelt-5-10-15mlschwarzblau-schwarzlila-aetherisches-oel-tragetasche\/#breadcrumb"},"inLanguage":"de","potentialAction":[{"@type":"ReadAction","target":["https:\/\/marktxxl.de\/markt\/produkt\/rxl-sl-eva-wasserdicht-harte-aussenhuelle-aetherisches-oel-reisen-tasche-30-70-loecher-aromatherapie-aufbewahrungsboxhaelt-5-10-15mlschwarzblau-schwarzlila-aetherisches-oel-tragetasche\/"]}]},{"@type":"ImageObject","inLanguage":"de","@id":"https:\/\/marktxxl.de\/markt\/produkt\/rxl-sl-eva-wasserdicht-harte-aussenhuelle-aetherisches-oel-reisen-tasche-30-70-loecher-aromatherapie-aufbewahrungsboxhaelt-5-10-15mlschwarzblau-schwarzlila-aetherisches-oel-tragetasche\/#primaryimage","url":"https:\/\/m.media-amazon.com\/images\/I\/311InnQtKpL._SL500_.jpg","contentUrl":"https:\/\/m.media-amazon.com\/images\/I\/311InnQtKpL._SL500_.jpg","width":500,"height":500},{"@type":"BreadcrumbList","@id":"https:\/\/marktxxl.de\/markt\/produkt\/rxl-sl-eva-wasserdicht-harte-aussenhuelle-aetherisches-oel-reisen-tasche-30-70-loecher-aromatherapie-aufbewahrungsboxhaelt-5-10-15mlschwarzblau-schwarzlila-aetherisches-oel-tragetasche\/#breadcrumb","itemListElement":[{"@type":"ListItem","position":1,"name":"Startseite","item":"https:\/\/marktxxl.de\/markt\/"},{"@type":"ListItem","position":2,"name":"Markt","item":"https:\/\/marktxxl.de\/markt\/"},{"@type":"ListItem","position":3,"name":"RXL SL EVA Wasserdicht Harte Au\u00dfenh\u00fclle \u00c4therisches \u00d6l Reisen Tasche 30\/70 L\u00f6cher Aromatherapie Aufbewahrungsbox(H\u00e4lt 5\/10\/15ml)Schwarz+Blau\/Schwarz+Lila \u00e4therisches \u00d6l Tragetasche"}]},{"@type":"WebSite","@id":"https:\/\/marktxxl.de\/markt\/#website","url":"https:\/\/marktxxl.de\/markt\/","name":"Markt-XXL","description":"Ihr Markt Online","publisher":{"@id":"https:\/\/marktxxl.de\/markt\/#organization"},"potentialAction":[{"@type":"SearchAction","target":{"@type":"EntryPoint","urlTemplate":"https:\/\/marktxxl.de\/markt\/?s={search_term_string}"},"query-input":{"@type":"PropertyValueSpecification","valueRequired":true,"valueName":"search_term_string"}}],"inLanguage":"de"},{"@type":"Organization","@id":"https:\/\/marktxxl.de\/markt\/#organization","name":"Markt-XXL","url":"https:\/\/marktxxl.de\/markt\/","logo":{"@type":"ImageObject","inLanguage":"de","@id":"https:\/\/marktxxl.de\/markt\/#\/schema\/logo\/image\/","url":"https:\/\/marktxxl.de\/markt\/wp-content\/uploads\/sites\/3\/2020\/12\/logo.png","contentUrl":"https:\/\/marktxxl.de\/markt\/wp-content\/uploads\/sites\/3\/2020\/12\/logo.png","width":200,"height":70,"caption":"Markt-XXL"},"image":{"@id":"https:\/\/marktxxl.de\/markt\/#\/schema\/logo\/image\/"}}]}},"_links":{"self":[{"href":"https:\/\/marktxxl.de\/markt\/wp-json\/wp\/v2\/product\/203200","targetHints":{"allow":["GET"]}}],"collection":[{"href":"https:\/\/marktxxl.de\/markt\/wp-json\/wp\/v2\/product"}],"about":[{"href":"https:\/\/marktxxl.de\/markt\/wp-json\/wp\/v2\/types\/product"}],"replies":[{"embeddable":true,"href":"https:\/\/marktxxl.de\/markt\/wp-json\/wp\/v2\/comments?post=203200"}],"wp:featuredmedia":[{"embeddable":true,"href":"https:\/\/marktxxl.de\/markt\/wp-json\/wp\/v2\/media\/203201"}],"wp:attachment":[{"href":"https:\/\/marktxxl.de\/markt\/wp-json\/wp\/v2\/media?parent=203200"}],"wp:term":[{"taxonomy":"product_brand","embeddable":true,"href":"https:\/\/marktxxl.de\/markt\/wp-json\/wp\/v2\/product_brand?post=203200"},{"taxonomy":"product_cat","embeddable":true,"href":"https:\/\/marktxxl.de\/markt\/wp-json\/wp\/v2\/product_cat?post=203200"},{"taxonomy":"product_tag","embeddable":true,"href":"https:\/\/marktxxl.de\/markt\/wp-json\/wp\/v2\/product_tag?post=203200"}],"curies":[{"name":"wp","href":"https:\/\/api.w.org\/{rel}","templated":true}]}}