{"id":203192,"date":"2023-04-10T16:56:14","date_gmt":"2023-04-10T14:56:14","guid":{"rendered":"https:\/\/marktxxl.de\/markt\/produkt\/flammen-aroma-diffuser-upgrade-7-farben-licht-aetherische-oele-diffuser-luftbefeuchter-humidifier-duftoel-diffuser-fuer-kinder-zuhause-buero-raumduft-oder-yoga-wasserlose-abschaltautomatik\/"},"modified":"2023-04-10T16:56:14","modified_gmt":"2023-04-10T14:56:14","slug":"flammen-aroma-diffuser-upgrade-7-farben-licht-aetherische-oele-diffuser-luftbefeuchter-humidifier-duftoel-diffuser-fuer-kinder-zuhause-buero-raumduft-oder-yoga-wasserlose-abschaltautomatik","status":"publish","type":"product","link":"https:\/\/marktxxl.de\/markt\/produkt\/flammen-aroma-diffuser-upgrade-7-farben-licht-aetherische-oele-diffuser-luftbefeuchter-humidifier-duftoel-diffuser-fuer-kinder-zuhause-buero-raumduft-oder-yoga-wasserlose-abschaltautomatik\/","title":{"rendered":"Flammen Aroma Diffuser, Upgrade 7-Farben-Licht \u00c4therische \u00d6le Diffuser, Luftbefeuchter Humidifier Duft\u00f6L Diffuser f\u00fcr Kinder, Zuhause B\u00fcro, Raumduft oder Yoga &#8211; Wasserlose Abschaltautomatik"},"content":{"rendered":"<p>\u3010Diffuser &amp; Luftbefeuchter &amp; Nachtlicht 3 IN 1\u3011- Der multifunktionale Aroma-Luftbefeuchter kann auch als Luftbefeuchter \/ Aromamaschine \/ Nachtlicht verwendet werden. Unsere Aromatherapie-Diffusoren helfen, Ihre stimmung zu beruhigen, stress abzubauen, w\u00e4hrend sie die Luftqualit\u00e4t verbessern und Trockenheit vorbeugen.<br \/>\n\u30107 Farben LED-Licht\u3011- Es gibt viele farben und rotierende farben, die ausgew\u00e4hlt wurden, um nachts ein sch\u00f6nes ambiente in Ihrem schlafzimmer zu schaffen.<br \/>\n\u3010Ultra-leise und Automatische Abschaltfunktion\u3011- Unser Aromatherapie-Diffusor mit einer ultra-leisen betriebsstimmung von 25 dB friedlicher umgebung, um Ihre stimmung zu beruhigen, stress abzubauen und Ihre schlafqualit\u00e4t zu verbessern. Und mit hilfe des eingebauten intelligenten chips h\u00f6rt der luftdiffusor automatisch auf zu arbeiten, wenn wassermangel herrscht.<br \/>\n\u3010Lassen Sie Ihre M\u00fcdigkeit perfekt los\u3011 &#8211; Der Diffusor f\u00fcr \u00e4therische \u00d6le f\u00fcllt den Raum mit einem angenehmen Duft, der Ihre Stimmung heben und den Stress eines stressigen und m\u00fcden Tages lindern kann, und hilft, einen ruhigen Schlaf zu bekommen, umgeben von dem aromatischen Duft.<br \/>\n\u3010Stilvolles Geschenk\u3011- Unser flammendesign ist perfekt f\u00fcr jedes dekor. Es eignet sich hervorragend f\u00fcr schlafzimmer, dachboden, b\u00fcro und \u00fcberall dort, wo sie es aufstellen m\u00f6chten. und es ist das perfekte geschenk f\u00fcr Ihre familie oder freunde.<br \/>\n<div class=\"main-cross-sell\" data-asin=\"B0BMCL1PC3\">\n\n\t<div class=\"WooZone-cross-sell-loader\">\n\t\t<div>\n\t\t\t<div id=\"floatingBarsG\">\n\t\t\t\t<div class=\"blockG\" id=\"rotateG_01\"><\/div>\n\t\t\t\t<div class=\"blockG\" id=\"rotateG_02\"><\/div>\n\t\t\t\t<div class=\"blockG\" id=\"rotateG_03\"><\/div>\n\t\t\t\t<div class=\"blockG\" id=\"rotateG_04\"><\/div>\n\t\t\t\t<div class=\"blockG\" id=\"rotateG_05\"><\/div>\n\t\t\t\t<div class=\"blockG\" id=\"rotateG_06\"><\/div>\n\t\t\t\t<div class=\"blockG\" id=\"rotateG_07\"><\/div>\n\t\t\t\t<div class=\"blockG\" id=\"rotateG_08\"><\/div>\n\t\t\t<\/div>\n\t\t\t<div class=\"WooZone-cross-sell-loader-text\"><\/div>\n\t\t<\/div>\n\t<\/div>\n\n\t\t\n<\/div>\n<div style=\"clear:both;\"><\/div><\/p>\n","protected":false},"excerpt":{"rendered":"<p>\u3010Diffuser &amp; Luftbefeuchter &amp; Nachtlicht 3 IN 1\u3011- Der multifunktionale Aroma-Luftbefeuchter kann auch als Luftbefeuchter \/ Aromamaschine \/ Nachtlicht verwendet werden. Unsere Aromatherapie-Diffusoren helfen, Ihre stimmung zu beruhigen, stress abzubauen, w\u00e4hrend sie die Luftqualit\u00e4t verbessern und Trockenheit vorbeugen.<br \/>\n\u30107 Farben LED-Licht\u3011- Es gibt viele farben und rotierende farben, die ausgew\u00e4hlt wurden, um nachts ein sch\u00f6nes ambiente in Ihrem schlafzimmer zu schaffen.<br \/>\n\u3010Ultra-leise und Automatische Abschaltfunktion\u3011- Unser Aromatherapie-Diffusor mit einer ultra-leisen betriebsstimmung von 25 dB friedlicher umgebung, um Ihre stimmung zu beruhigen, stress abzubauen und Ihre schlafqualit\u00e4t zu verbessern. Und mit hilfe des eingebauten intelligenten chips h\u00f6rt der luftdiffusor automatisch auf zu arbeiten, wenn wassermangel herrscht.<\/p>\n","protected":false},"featured_media":203193,"comment_status":"open","ping_status":"closed","template":"","meta":[],"product_brand":[],"product_cat":[566,6496],"product_tag":[],"class_list":{"0":"post-203192","1":"product","2":"type-product","3":"status-publish","4":"has-post-thumbnail","6":"product_cat-drogerie-koerperpflege","7":"product_cat-wellness","8":"pa_brand-gzvxuny","9":"pa_manufacturer-gzvxuny","10":"pa_model-dq702","12":"first","13":"instock","14":"shipping-taxable","15":"product-type-simple","16":"customify-col","17":"product-has-gallery"},"yoast_head":"<!-- This site is optimized with the Yoast SEO plugin v27.4 - https:\/\/yoast.com\/product\/yoast-seo-wordpress\/ -->\n<title>Flammen Aroma Diffuser, Upgrade 7-Farben-Licht \u00c4therische \u00d6le Diffuser, Luftbefeuchter Humidifier Duft\u00f6L Diffuser f\u00fcr Kinder, Zuhause B\u00fcro, Raumduft oder Yoga - Wasserlose Abschaltautomatik - Markt-XXL<\/title>\n<meta name=\"description\" content=\"Markt-XXL Flammen Aroma Diffuser, Upgrade 7-Farben-Licht \u00c4therische \u00d6le Diffuser, Luftbefeuchter Humidifier Duft\u00f6L Diffuser f\u00fcr Kinder, Zuhause B\u00fcro, Raumduft oder Yoga - Wasserlose Abschaltautomatik\" \/>\n<meta name=\"robots\" content=\"index, follow, max-snippet:-1, max-image-preview:large, max-video-preview:-1\" \/>\n<link rel=\"canonical\" href=\"https:\/\/marktxxl.de\/markt\/produkt\/flammen-aroma-diffuser-upgrade-7-farben-licht-aetherische-oele-diffuser-luftbefeuchter-humidifier-duftoel-diffuser-fuer-kinder-zuhause-buero-raumduft-oder-yoga-wasserlose-abschaltautomatik\/\" \/>\n<meta property=\"og:locale\" content=\"de_DE\" \/>\n<meta property=\"og:type\" content=\"article\" \/>\n<meta property=\"og:title\" content=\"Flammen Aroma Diffuser, Upgrade 7-Farben-Licht \u00c4therische \u00d6le Diffuser, Luftbefeuchter Humidifier Duft\u00f6L Diffuser f\u00fcr Kinder, Zuhause B\u00fcro, Raumduft oder Yoga - Wasserlose Abschaltautomatik - Markt-XXL\" \/>\n<meta property=\"og:description\" content=\"Markt-XXL Flammen Aroma Diffuser, Upgrade 7-Farben-Licht \u00c4therische \u00d6le Diffuser, Luftbefeuchter Humidifier Duft\u00f6L Diffuser f\u00fcr Kinder, Zuhause B\u00fcro, Raumduft oder Yoga - Wasserlose Abschaltautomatik\" \/>\n<meta property=\"og:url\" content=\"https:\/\/marktxxl.de\/markt\/produkt\/flammen-aroma-diffuser-upgrade-7-farben-licht-aetherische-oele-diffuser-luftbefeuchter-humidifier-duftoel-diffuser-fuer-kinder-zuhause-buero-raumduft-oder-yoga-wasserlose-abschaltautomatik\/\" \/>\n<meta property=\"og:site_name\" content=\"Markt-XXL\" \/>\n<meta name=\"twitter:card\" content=\"summary_large_image\" \/>\n<meta name=\"twitter:label1\" content=\"Gesch\u00e4tzte Lesezeit\" \/>\n\t<meta name=\"twitter:data1\" content=\"1\u00a0Minute\" \/>\n<script type=\"application\/ld+json\" class=\"yoast-schema-graph\">{\"@context\":\"https:\\\/\\\/schema.org\",\"@graph\":[{\"@type\":\"WebPage\",\"@id\":\"https:\\\/\\\/marktxxl.de\\\/markt\\\/produkt\\\/flammen-aroma-diffuser-upgrade-7-farben-licht-aetherische-oele-diffuser-luftbefeuchter-humidifier-duftoel-diffuser-fuer-kinder-zuhause-buero-raumduft-oder-yoga-wasserlose-abschaltautomatik\\\/\",\"url\":\"https:\\\/\\\/marktxxl.de\\\/markt\\\/produkt\\\/flammen-aroma-diffuser-upgrade-7-farben-licht-aetherische-oele-diffuser-luftbefeuchter-humidifier-duftoel-diffuser-fuer-kinder-zuhause-buero-raumduft-oder-yoga-wasserlose-abschaltautomatik\\\/\",\"name\":\"Flammen Aroma Diffuser, Upgrade 7-Farben-Licht \u00c4therische \u00d6le Diffuser, Luftbefeuchter Humidifier Duft\u00f6L Diffuser f\u00fcr Kinder, Zuhause B\u00fcro, Raumduft oder Yoga - Wasserlose Abschaltautomatik - Markt-XXL\",\"isPartOf\":{\"@id\":\"https:\\\/\\\/marktxxl.de\\\/markt\\\/#website\"},\"primaryImageOfPage\":{\"@id\":\"https:\\\/\\\/marktxxl.de\\\/markt\\\/produkt\\\/flammen-aroma-diffuser-upgrade-7-farben-licht-aetherische-oele-diffuser-luftbefeuchter-humidifier-duftoel-diffuser-fuer-kinder-zuhause-buero-raumduft-oder-yoga-wasserlose-abschaltautomatik\\\/#primaryimage\"},\"image\":{\"@id\":\"https:\\\/\\\/marktxxl.de\\\/markt\\\/produkt\\\/flammen-aroma-diffuser-upgrade-7-farben-licht-aetherische-oele-diffuser-luftbefeuchter-humidifier-duftoel-diffuser-fuer-kinder-zuhause-buero-raumduft-oder-yoga-wasserlose-abschaltautomatik\\\/#primaryimage\"},\"thumbnailUrl\":\"https:\\\/\\\/m.media-amazon.com\\\/images\\\/I\\\/41ONI30jrcL._SL500_.jpg\",\"datePublished\":\"2023-04-10T14:56:14+00:00\",\"description\":\"Markt-XXL Flammen Aroma Diffuser, Upgrade 7-Farben-Licht \u00c4therische \u00d6le Diffuser, Luftbefeuchter Humidifier Duft\u00f6L Diffuser f\u00fcr Kinder, Zuhause B\u00fcro, Raumduft oder Yoga - Wasserlose Abschaltautomatik\",\"breadcrumb\":{\"@id\":\"https:\\\/\\\/marktxxl.de\\\/markt\\\/produkt\\\/flammen-aroma-diffuser-upgrade-7-farben-licht-aetherische-oele-diffuser-luftbefeuchter-humidifier-duftoel-diffuser-fuer-kinder-zuhause-buero-raumduft-oder-yoga-wasserlose-abschaltautomatik\\\/#breadcrumb\"},\"inLanguage\":\"de\",\"potentialAction\":[{\"@type\":\"ReadAction\",\"target\":[\"https:\\\/\\\/marktxxl.de\\\/markt\\\/produkt\\\/flammen-aroma-diffuser-upgrade-7-farben-licht-aetherische-oele-diffuser-luftbefeuchter-humidifier-duftoel-diffuser-fuer-kinder-zuhause-buero-raumduft-oder-yoga-wasserlose-abschaltautomatik\\\/\"]}]},{\"@type\":\"ImageObject\",\"inLanguage\":\"de\",\"@id\":\"https:\\\/\\\/marktxxl.de\\\/markt\\\/produkt\\\/flammen-aroma-diffuser-upgrade-7-farben-licht-aetherische-oele-diffuser-luftbefeuchter-humidifier-duftoel-diffuser-fuer-kinder-zuhause-buero-raumduft-oder-yoga-wasserlose-abschaltautomatik\\\/#primaryimage\",\"url\":\"https:\\\/\\\/m.media-amazon.com\\\/images\\\/I\\\/41ONI30jrcL._SL500_.jpg\",\"contentUrl\":\"https:\\\/\\\/m.media-amazon.com\\\/images\\\/I\\\/41ONI30jrcL._SL500_.jpg\",\"width\":500,\"height\":383},{\"@type\":\"BreadcrumbList\",\"@id\":\"https:\\\/\\\/marktxxl.de\\\/markt\\\/produkt\\\/flammen-aroma-diffuser-upgrade-7-farben-licht-aetherische-oele-diffuser-luftbefeuchter-humidifier-duftoel-diffuser-fuer-kinder-zuhause-buero-raumduft-oder-yoga-wasserlose-abschaltautomatik\\\/#breadcrumb\",\"itemListElement\":[{\"@type\":\"ListItem\",\"position\":1,\"name\":\"Startseite\",\"item\":\"https:\\\/\\\/marktxxl.de\\\/markt\\\/\"},{\"@type\":\"ListItem\",\"position\":2,\"name\":\"Markt\",\"item\":\"https:\\\/\\\/marktxxl.de\\\/markt\\\/\"},{\"@type\":\"ListItem\",\"position\":3,\"name\":\"Flammen Aroma Diffuser, Upgrade 7-Farben-Licht \u00c4therische \u00d6le Diffuser, Luftbefeuchter Humidifier Duft\u00f6L Diffuser f\u00fcr Kinder, Zuhause B\u00fcro, Raumduft oder Yoga &#8211; Wasserlose Abschaltautomatik\"}]},{\"@type\":\"WebSite\",\"@id\":\"https:\\\/\\\/marktxxl.de\\\/markt\\\/#website\",\"url\":\"https:\\\/\\\/marktxxl.de\\\/markt\\\/\",\"name\":\"Markt-XXL\",\"description\":\"Ihr Markt Online\",\"publisher\":{\"@id\":\"https:\\\/\\\/marktxxl.de\\\/markt\\\/#organization\"},\"potentialAction\":[{\"@type\":\"SearchAction\",\"target\":{\"@type\":\"EntryPoint\",\"urlTemplate\":\"https:\\\/\\\/marktxxl.de\\\/markt\\\/?s={search_term_string}\"},\"query-input\":{\"@type\":\"PropertyValueSpecification\",\"valueRequired\":true,\"valueName\":\"search_term_string\"}}],\"inLanguage\":\"de\"},{\"@type\":\"Organization\",\"@id\":\"https:\\\/\\\/marktxxl.de\\\/markt\\\/#organization\",\"name\":\"Markt-XXL\",\"url\":\"https:\\\/\\\/marktxxl.de\\\/markt\\\/\",\"logo\":{\"@type\":\"ImageObject\",\"inLanguage\":\"de\",\"@id\":\"https:\\\/\\\/marktxxl.de\\\/markt\\\/#\\\/schema\\\/logo\\\/image\\\/\",\"url\":\"https:\\\/\\\/marktxxl.de\\\/markt\\\/wp-content\\\/uploads\\\/sites\\\/3\\\/2020\\\/12\\\/logo.png\",\"contentUrl\":\"https:\\\/\\\/marktxxl.de\\\/markt\\\/wp-content\\\/uploads\\\/sites\\\/3\\\/2020\\\/12\\\/logo.png\",\"width\":200,\"height\":70,\"caption\":\"Markt-XXL\"},\"image\":{\"@id\":\"https:\\\/\\\/marktxxl.de\\\/markt\\\/#\\\/schema\\\/logo\\\/image\\\/\"}}]}<\/script>\n<!-- \/ Yoast SEO plugin. -->","yoast_head_json":{"title":"Flammen Aroma Diffuser, Upgrade 7-Farben-Licht \u00c4therische \u00d6le Diffuser, Luftbefeuchter Humidifier Duft\u00f6L Diffuser f\u00fcr Kinder, Zuhause B\u00fcro, Raumduft oder Yoga - Wasserlose Abschaltautomatik - Markt-XXL","description":"Markt-XXL Flammen Aroma Diffuser, Upgrade 7-Farben-Licht \u00c4therische \u00d6le Diffuser, Luftbefeuchter Humidifier Duft\u00f6L Diffuser f\u00fcr Kinder, Zuhause B\u00fcro, Raumduft oder Yoga - Wasserlose Abschaltautomatik","robots":{"index":"index","follow":"follow","max-snippet":"max-snippet:-1","max-image-preview":"max-image-preview:large","max-video-preview":"max-video-preview:-1"},"canonical":"https:\/\/marktxxl.de\/markt\/produkt\/flammen-aroma-diffuser-upgrade-7-farben-licht-aetherische-oele-diffuser-luftbefeuchter-humidifier-duftoel-diffuser-fuer-kinder-zuhause-buero-raumduft-oder-yoga-wasserlose-abschaltautomatik\/","og_locale":"de_DE","og_type":"article","og_title":"Flammen Aroma Diffuser, Upgrade 7-Farben-Licht \u00c4therische \u00d6le Diffuser, Luftbefeuchter Humidifier Duft\u00f6L Diffuser f\u00fcr Kinder, Zuhause B\u00fcro, Raumduft oder Yoga - Wasserlose Abschaltautomatik - Markt-XXL","og_description":"Markt-XXL Flammen Aroma Diffuser, Upgrade 7-Farben-Licht \u00c4therische \u00d6le Diffuser, Luftbefeuchter Humidifier Duft\u00f6L Diffuser f\u00fcr Kinder, Zuhause B\u00fcro, Raumduft oder Yoga - Wasserlose Abschaltautomatik","og_url":"https:\/\/marktxxl.de\/markt\/produkt\/flammen-aroma-diffuser-upgrade-7-farben-licht-aetherische-oele-diffuser-luftbefeuchter-humidifier-duftoel-diffuser-fuer-kinder-zuhause-buero-raumduft-oder-yoga-wasserlose-abschaltautomatik\/","og_site_name":"Markt-XXL","twitter_card":"summary_large_image","twitter_misc":{"Gesch\u00e4tzte Lesezeit":"1\u00a0Minute"},"schema":{"@context":"https:\/\/schema.org","@graph":[{"@type":"WebPage","@id":"https:\/\/marktxxl.de\/markt\/produkt\/flammen-aroma-diffuser-upgrade-7-farben-licht-aetherische-oele-diffuser-luftbefeuchter-humidifier-duftoel-diffuser-fuer-kinder-zuhause-buero-raumduft-oder-yoga-wasserlose-abschaltautomatik\/","url":"https:\/\/marktxxl.de\/markt\/produkt\/flammen-aroma-diffuser-upgrade-7-farben-licht-aetherische-oele-diffuser-luftbefeuchter-humidifier-duftoel-diffuser-fuer-kinder-zuhause-buero-raumduft-oder-yoga-wasserlose-abschaltautomatik\/","name":"Flammen Aroma Diffuser, Upgrade 7-Farben-Licht \u00c4therische \u00d6le Diffuser, Luftbefeuchter Humidifier Duft\u00f6L Diffuser f\u00fcr Kinder, Zuhause B\u00fcro, Raumduft oder Yoga - Wasserlose Abschaltautomatik - Markt-XXL","isPartOf":{"@id":"https:\/\/marktxxl.de\/markt\/#website"},"primaryImageOfPage":{"@id":"https:\/\/marktxxl.de\/markt\/produkt\/flammen-aroma-diffuser-upgrade-7-farben-licht-aetherische-oele-diffuser-luftbefeuchter-humidifier-duftoel-diffuser-fuer-kinder-zuhause-buero-raumduft-oder-yoga-wasserlose-abschaltautomatik\/#primaryimage"},"image":{"@id":"https:\/\/marktxxl.de\/markt\/produkt\/flammen-aroma-diffuser-upgrade-7-farben-licht-aetherische-oele-diffuser-luftbefeuchter-humidifier-duftoel-diffuser-fuer-kinder-zuhause-buero-raumduft-oder-yoga-wasserlose-abschaltautomatik\/#primaryimage"},"thumbnailUrl":"https:\/\/m.media-amazon.com\/images\/I\/41ONI30jrcL._SL500_.jpg","datePublished":"2023-04-10T14:56:14+00:00","description":"Markt-XXL Flammen Aroma Diffuser, Upgrade 7-Farben-Licht \u00c4therische \u00d6le Diffuser, Luftbefeuchter Humidifier Duft\u00f6L Diffuser f\u00fcr Kinder, Zuhause B\u00fcro, Raumduft oder Yoga - Wasserlose Abschaltautomatik","breadcrumb":{"@id":"https:\/\/marktxxl.de\/markt\/produkt\/flammen-aroma-diffuser-upgrade-7-farben-licht-aetherische-oele-diffuser-luftbefeuchter-humidifier-duftoel-diffuser-fuer-kinder-zuhause-buero-raumduft-oder-yoga-wasserlose-abschaltautomatik\/#breadcrumb"},"inLanguage":"de","potentialAction":[{"@type":"ReadAction","target":["https:\/\/marktxxl.de\/markt\/produkt\/flammen-aroma-diffuser-upgrade-7-farben-licht-aetherische-oele-diffuser-luftbefeuchter-humidifier-duftoel-diffuser-fuer-kinder-zuhause-buero-raumduft-oder-yoga-wasserlose-abschaltautomatik\/"]}]},{"@type":"ImageObject","inLanguage":"de","@id":"https:\/\/marktxxl.de\/markt\/produkt\/flammen-aroma-diffuser-upgrade-7-farben-licht-aetherische-oele-diffuser-luftbefeuchter-humidifier-duftoel-diffuser-fuer-kinder-zuhause-buero-raumduft-oder-yoga-wasserlose-abschaltautomatik\/#primaryimage","url":"https:\/\/m.media-amazon.com\/images\/I\/41ONI30jrcL._SL500_.jpg","contentUrl":"https:\/\/m.media-amazon.com\/images\/I\/41ONI30jrcL._SL500_.jpg","width":500,"height":383},{"@type":"BreadcrumbList","@id":"https:\/\/marktxxl.de\/markt\/produkt\/flammen-aroma-diffuser-upgrade-7-farben-licht-aetherische-oele-diffuser-luftbefeuchter-humidifier-duftoel-diffuser-fuer-kinder-zuhause-buero-raumduft-oder-yoga-wasserlose-abschaltautomatik\/#breadcrumb","itemListElement":[{"@type":"ListItem","position":1,"name":"Startseite","item":"https:\/\/marktxxl.de\/markt\/"},{"@type":"ListItem","position":2,"name":"Markt","item":"https:\/\/marktxxl.de\/markt\/"},{"@type":"ListItem","position":3,"name":"Flammen Aroma Diffuser, Upgrade 7-Farben-Licht \u00c4therische \u00d6le Diffuser, Luftbefeuchter Humidifier Duft\u00f6L Diffuser f\u00fcr Kinder, Zuhause B\u00fcro, Raumduft oder Yoga &#8211; Wasserlose Abschaltautomatik"}]},{"@type":"WebSite","@id":"https:\/\/marktxxl.de\/markt\/#website","url":"https:\/\/marktxxl.de\/markt\/","name":"Markt-XXL","description":"Ihr Markt Online","publisher":{"@id":"https:\/\/marktxxl.de\/markt\/#organization"},"potentialAction":[{"@type":"SearchAction","target":{"@type":"EntryPoint","urlTemplate":"https:\/\/marktxxl.de\/markt\/?s={search_term_string}"},"query-input":{"@type":"PropertyValueSpecification","valueRequired":true,"valueName":"search_term_string"}}],"inLanguage":"de"},{"@type":"Organization","@id":"https:\/\/marktxxl.de\/markt\/#organization","name":"Markt-XXL","url":"https:\/\/marktxxl.de\/markt\/","logo":{"@type":"ImageObject","inLanguage":"de","@id":"https:\/\/marktxxl.de\/markt\/#\/schema\/logo\/image\/","url":"https:\/\/marktxxl.de\/markt\/wp-content\/uploads\/sites\/3\/2020\/12\/logo.png","contentUrl":"https:\/\/marktxxl.de\/markt\/wp-content\/uploads\/sites\/3\/2020\/12\/logo.png","width":200,"height":70,"caption":"Markt-XXL"},"image":{"@id":"https:\/\/marktxxl.de\/markt\/#\/schema\/logo\/image\/"}}]}},"_links":{"self":[{"href":"https:\/\/marktxxl.de\/markt\/wp-json\/wp\/v2\/product\/203192","targetHints":{"allow":["GET"]}}],"collection":[{"href":"https:\/\/marktxxl.de\/markt\/wp-json\/wp\/v2\/product"}],"about":[{"href":"https:\/\/marktxxl.de\/markt\/wp-json\/wp\/v2\/types\/product"}],"replies":[{"embeddable":true,"href":"https:\/\/marktxxl.de\/markt\/wp-json\/wp\/v2\/comments?post=203192"}],"wp:featuredmedia":[{"embeddable":true,"href":"https:\/\/marktxxl.de\/markt\/wp-json\/wp\/v2\/media\/203193"}],"wp:attachment":[{"href":"https:\/\/marktxxl.de\/markt\/wp-json\/wp\/v2\/media?parent=203192"}],"wp:term":[{"taxonomy":"product_brand","embeddable":true,"href":"https:\/\/marktxxl.de\/markt\/wp-json\/wp\/v2\/product_brand?post=203192"},{"taxonomy":"product_cat","embeddable":true,"href":"https:\/\/marktxxl.de\/markt\/wp-json\/wp\/v2\/product_cat?post=203192"},{"taxonomy":"product_tag","embeddable":true,"href":"https:\/\/marktxxl.de\/markt\/wp-json\/wp\/v2\/product_tag?post=203192"}],"curies":[{"name":"wp","href":"https:\/\/api.w.org\/{rel}","templated":true}]}}