{"id":203182,"date":"2023-04-10T16:55:47","date_gmt":"2023-04-10T14:55:47","guid":{"rendered":"https:\/\/marktxxl.de\/markt\/produkt\/gua-sha-gesichtswerkzeug-natuerlicher-jadestein-guasha-brett-fuer-spa-akupunkturtherapie-triggerpunkt-behandlung-gua-sha-schab-massagewerkzeug\/"},"modified":"2023-04-10T16:55:47","modified_gmt":"2023-04-10T14:55:47","slug":"gua-sha-gesichtswerkzeug-natuerlicher-jadestein-guasha-brett-fuer-spa-akupunkturtherapie-triggerpunkt-behandlung-gua-sha-schab-massagewerkzeug","status":"publish","type":"product","link":"https:\/\/marktxxl.de\/markt\/produkt\/gua-sha-gesichtswerkzeug-natuerlicher-jadestein-guasha-brett-fuer-spa-akupunkturtherapie-triggerpunkt-behandlung-gua-sha-schab-massagewerkzeug\/","title":{"rendered":"Gua Sha Gesichtswerkzeug, nat\u00fcrlicher Jadestein, Guasha-Brett f\u00fcr Spa, Akupunkturtherapie, Triggerpunkt-Behandlung, Gua Sha Schab-Massagewerkzeug"},"content":{"rendered":"<p>Die Magie des Ostens: Das Gua Sha-Werkzeug wurde entwickelt, um das allgemeine Wohlbefinden Ihres K\u00f6rpers zu verbessern, die Mikrozirkulation der Gesichtsblutgef\u00e4\u00dfe zu verbessern, den Blutfluss von Blut, Lymphen und K\u00f6rperfl\u00fcssigkeiten zu erh\u00f6hen. Macht Sie weniger gestresst, konzentrierter, pr\u00e4sentierbar, f\u00fchlen Sie sich energetisiert und gesund.<br \/>\nNat\u00fcrliches Material: Gua-Sha-Schab-Massagewerkzeug aus 100% nat\u00fcrlichem Pemium-Jadestein, der ein wohltuendes Mineral f\u00fcr die Hautsch\u00f6nheit und die Gesundheit des K\u00f6rpers ist. Langlebig, super pflegeleicht, antistatisch.<br \/>\n\u2605 Ganzk\u00f6rper-Pflege: Diese Gua Sha-Jade eignet sich hervorragend f\u00fcr Nacken, Gesicht, R\u00fccken, Handgelenk, Schultern und Fu\u00df. Bietet Ihnen die umfassendste Massagetherapie.<br \/>\nHerzform: Ca. 8,1 cm lang, 5,6 cm breit, tragbar und handlich. Sehr weiches Hautgef\u00fchl, sodass die Haut nie schmerzt.<br \/>\nPerfektes Geschenk: In Geschenkkarton. Das Jade Gua Sha-Werkzeug ist das beste Geschenk f\u00fcr Weihnachten, Geburtstag, Muttertag, Valentinstag, Arbeitstag. Verschenken Sie ein Geschenk, das extrem praktisch ist aber auch nicht bald vergessen wird!<br \/>\n<div class=\"main-cross-sell\" data-asin=\"B08MQ3D2C6\">\n\n\t<div class=\"WooZone-cross-sell-loader\">\n\t\t<div>\n\t\t\t<div id=\"floatingBarsG\">\n\t\t\t\t<div class=\"blockG\" id=\"rotateG_01\"><\/div>\n\t\t\t\t<div class=\"blockG\" id=\"rotateG_02\"><\/div>\n\t\t\t\t<div class=\"blockG\" id=\"rotateG_03\"><\/div>\n\t\t\t\t<div class=\"blockG\" id=\"rotateG_04\"><\/div>\n\t\t\t\t<div class=\"blockG\" id=\"rotateG_05\"><\/div>\n\t\t\t\t<div class=\"blockG\" id=\"rotateG_06\"><\/div>\n\t\t\t\t<div class=\"blockG\" id=\"rotateG_07\"><\/div>\n\t\t\t\t<div class=\"blockG\" id=\"rotateG_08\"><\/div>\n\t\t\t<\/div>\n\t\t\t<div class=\"WooZone-cross-sell-loader-text\"><\/div>\n\t\t<\/div>\n\t<\/div>\n\n\t\t\n<\/div>\n<div style=\"clear:both;\"><\/div><\/p>\n","protected":false},"excerpt":{"rendered":"<p>Die Magie des Ostens: Das Gua Sha-Werkzeug wurde entwickelt, um das allgemeine Wohlbefinden Ihres K\u00f6rpers zu verbessern, die Mikrozirkulation der Gesichtsblutgef\u00e4\u00dfe zu verbessern, den Blutfluss von Blut, Lymphen und K\u00f6rperfl\u00fcssigkeiten zu erh\u00f6hen. Macht Sie weniger gestresst, konzentrierter, pr\u00e4sentierbar, f\u00fchlen Sie sich energetisiert und gesund.<br \/>\nNat\u00fcrliches Material: Gua-Sha-Schab-Massagewerkzeug aus 100% nat\u00fcrlichem Pemium-Jadestein, der ein wohltuendes Mineral f\u00fcr die Hautsch\u00f6nheit und die Gesundheit des K\u00f6rpers ist. Langlebig, super pflegeleicht, antistatisch.<br \/>\n\u2605 Ganzk\u00f6rper-Pflege: Diese Gua Sha-Jade eignet sich hervorragend f\u00fcr Nacken, Gesicht, R\u00fccken, Handgelenk, Schultern und Fu\u00df. Bietet Ihnen die umfassendste Massagetherapie.<\/p>\n","protected":false},"featured_media":203183,"comment_status":"open","ping_status":"closed","template":"","meta":[],"product_brand":[],"product_cat":[566,6496],"product_tag":[],"class_list":{"0":"post-203182","1":"product","2":"type-product","3":"status-publish","4":"has-post-thumbnail","6":"product_cat-drogerie-koerperpflege","7":"product_cat-wellness","8":"pa_binding-badartikel","9":"pa_brand-rena-chris","10":"pa_manufacturer-rena-chris","12":"first","13":"instock","14":"shipping-taxable","15":"product-type-simple","16":"customify-col","17":"product-has-gallery"},"yoast_head":"<!-- This site is optimized with the Yoast SEO plugin v27.4 - https:\/\/yoast.com\/product\/yoast-seo-wordpress\/ -->\n<title>Gua Sha Gesichtswerkzeug, nat\u00fcrlicher Jadestein, Guasha-Brett f\u00fcr Spa, Akupunkturtherapie, Triggerpunkt-Behandlung, Gua Sha Schab-Massagewerkzeug - Markt-XXL<\/title>\n<meta name=\"description\" content=\"Markt-XXL Gua Sha Gesichtswerkzeug, nat\u00fcrlicher Jadestein, Guasha-Brett f\u00fcr Spa, Akupunkturtherapie, Triggerpunkt-Behandlung, Gua Sha Schab-Massagewerkzeug\" \/>\n<meta name=\"robots\" content=\"index, follow, max-snippet:-1, max-image-preview:large, max-video-preview:-1\" \/>\n<link rel=\"canonical\" href=\"https:\/\/marktxxl.de\/markt\/produkt\/gua-sha-gesichtswerkzeug-natuerlicher-jadestein-guasha-brett-fuer-spa-akupunkturtherapie-triggerpunkt-behandlung-gua-sha-schab-massagewerkzeug\/\" \/>\n<meta property=\"og:locale\" content=\"de_DE\" \/>\n<meta property=\"og:type\" content=\"article\" \/>\n<meta property=\"og:title\" content=\"Gua Sha Gesichtswerkzeug, nat\u00fcrlicher Jadestein, Guasha-Brett f\u00fcr Spa, Akupunkturtherapie, Triggerpunkt-Behandlung, Gua Sha Schab-Massagewerkzeug - Markt-XXL\" \/>\n<meta property=\"og:description\" content=\"Markt-XXL Gua Sha Gesichtswerkzeug, nat\u00fcrlicher Jadestein, Guasha-Brett f\u00fcr Spa, Akupunkturtherapie, Triggerpunkt-Behandlung, Gua Sha Schab-Massagewerkzeug\" \/>\n<meta property=\"og:url\" content=\"https:\/\/marktxxl.de\/markt\/produkt\/gua-sha-gesichtswerkzeug-natuerlicher-jadestein-guasha-brett-fuer-spa-akupunkturtherapie-triggerpunkt-behandlung-gua-sha-schab-massagewerkzeug\/\" \/>\n<meta property=\"og:site_name\" content=\"Markt-XXL\" \/>\n<meta name=\"twitter:card\" content=\"summary_large_image\" \/>\n<meta name=\"twitter:label1\" content=\"Gesch\u00e4tzte Lesezeit\" \/>\n\t<meta name=\"twitter:data1\" content=\"1\u00a0Minute\" \/>\n<script type=\"application\/ld+json\" class=\"yoast-schema-graph\">{\"@context\":\"https:\\\/\\\/schema.org\",\"@graph\":[{\"@type\":\"WebPage\",\"@id\":\"https:\\\/\\\/marktxxl.de\\\/markt\\\/produkt\\\/gua-sha-gesichtswerkzeug-natuerlicher-jadestein-guasha-brett-fuer-spa-akupunkturtherapie-triggerpunkt-behandlung-gua-sha-schab-massagewerkzeug\\\/\",\"url\":\"https:\\\/\\\/marktxxl.de\\\/markt\\\/produkt\\\/gua-sha-gesichtswerkzeug-natuerlicher-jadestein-guasha-brett-fuer-spa-akupunkturtherapie-triggerpunkt-behandlung-gua-sha-schab-massagewerkzeug\\\/\",\"name\":\"Gua Sha Gesichtswerkzeug, nat\u00fcrlicher Jadestein, Guasha-Brett f\u00fcr Spa, Akupunkturtherapie, Triggerpunkt-Behandlung, Gua Sha Schab-Massagewerkzeug - Markt-XXL\",\"isPartOf\":{\"@id\":\"https:\\\/\\\/marktxxl.de\\\/markt\\\/#website\"},\"primaryImageOfPage\":{\"@id\":\"https:\\\/\\\/marktxxl.de\\\/markt\\\/produkt\\\/gua-sha-gesichtswerkzeug-natuerlicher-jadestein-guasha-brett-fuer-spa-akupunkturtherapie-triggerpunkt-behandlung-gua-sha-schab-massagewerkzeug\\\/#primaryimage\"},\"image\":{\"@id\":\"https:\\\/\\\/marktxxl.de\\\/markt\\\/produkt\\\/gua-sha-gesichtswerkzeug-natuerlicher-jadestein-guasha-brett-fuer-spa-akupunkturtherapie-triggerpunkt-behandlung-gua-sha-schab-massagewerkzeug\\\/#primaryimage\"},\"thumbnailUrl\":\"https:\\\/\\\/m.media-amazon.com\\\/images\\\/I\\\/31sBAYnr3fL._SL500_.jpg\",\"datePublished\":\"2023-04-10T14:55:47+00:00\",\"description\":\"Markt-XXL Gua Sha Gesichtswerkzeug, nat\u00fcrlicher Jadestein, Guasha-Brett f\u00fcr Spa, Akupunkturtherapie, Triggerpunkt-Behandlung, Gua Sha Schab-Massagewerkzeug\",\"breadcrumb\":{\"@id\":\"https:\\\/\\\/marktxxl.de\\\/markt\\\/produkt\\\/gua-sha-gesichtswerkzeug-natuerlicher-jadestein-guasha-brett-fuer-spa-akupunkturtherapie-triggerpunkt-behandlung-gua-sha-schab-massagewerkzeug\\\/#breadcrumb\"},\"inLanguage\":\"de\",\"potentialAction\":[{\"@type\":\"ReadAction\",\"target\":[\"https:\\\/\\\/marktxxl.de\\\/markt\\\/produkt\\\/gua-sha-gesichtswerkzeug-natuerlicher-jadestein-guasha-brett-fuer-spa-akupunkturtherapie-triggerpunkt-behandlung-gua-sha-schab-massagewerkzeug\\\/\"]}]},{\"@type\":\"ImageObject\",\"inLanguage\":\"de\",\"@id\":\"https:\\\/\\\/marktxxl.de\\\/markt\\\/produkt\\\/gua-sha-gesichtswerkzeug-natuerlicher-jadestein-guasha-brett-fuer-spa-akupunkturtherapie-triggerpunkt-behandlung-gua-sha-schab-massagewerkzeug\\\/#primaryimage\",\"url\":\"https:\\\/\\\/m.media-amazon.com\\\/images\\\/I\\\/31sBAYnr3fL._SL500_.jpg\",\"contentUrl\":\"https:\\\/\\\/m.media-amazon.com\\\/images\\\/I\\\/31sBAYnr3fL._SL500_.jpg\",\"width\":500,\"height\":500},{\"@type\":\"BreadcrumbList\",\"@id\":\"https:\\\/\\\/marktxxl.de\\\/markt\\\/produkt\\\/gua-sha-gesichtswerkzeug-natuerlicher-jadestein-guasha-brett-fuer-spa-akupunkturtherapie-triggerpunkt-behandlung-gua-sha-schab-massagewerkzeug\\\/#breadcrumb\",\"itemListElement\":[{\"@type\":\"ListItem\",\"position\":1,\"name\":\"Startseite\",\"item\":\"https:\\\/\\\/marktxxl.de\\\/markt\\\/\"},{\"@type\":\"ListItem\",\"position\":2,\"name\":\"Markt\",\"item\":\"https:\\\/\\\/marktxxl.de\\\/markt\\\/\"},{\"@type\":\"ListItem\",\"position\":3,\"name\":\"Gua Sha Gesichtswerkzeug, nat\u00fcrlicher Jadestein, Guasha-Brett f\u00fcr Spa, Akupunkturtherapie, Triggerpunkt-Behandlung, Gua Sha Schab-Massagewerkzeug\"}]},{\"@type\":\"WebSite\",\"@id\":\"https:\\\/\\\/marktxxl.de\\\/markt\\\/#website\",\"url\":\"https:\\\/\\\/marktxxl.de\\\/markt\\\/\",\"name\":\"Markt-XXL\",\"description\":\"Ihr Markt Online\",\"publisher\":{\"@id\":\"https:\\\/\\\/marktxxl.de\\\/markt\\\/#organization\"},\"potentialAction\":[{\"@type\":\"SearchAction\",\"target\":{\"@type\":\"EntryPoint\",\"urlTemplate\":\"https:\\\/\\\/marktxxl.de\\\/markt\\\/?s={search_term_string}\"},\"query-input\":{\"@type\":\"PropertyValueSpecification\",\"valueRequired\":true,\"valueName\":\"search_term_string\"}}],\"inLanguage\":\"de\"},{\"@type\":\"Organization\",\"@id\":\"https:\\\/\\\/marktxxl.de\\\/markt\\\/#organization\",\"name\":\"Markt-XXL\",\"url\":\"https:\\\/\\\/marktxxl.de\\\/markt\\\/\",\"logo\":{\"@type\":\"ImageObject\",\"inLanguage\":\"de\",\"@id\":\"https:\\\/\\\/marktxxl.de\\\/markt\\\/#\\\/schema\\\/logo\\\/image\\\/\",\"url\":\"https:\\\/\\\/marktxxl.de\\\/markt\\\/wp-content\\\/uploads\\\/sites\\\/3\\\/2020\\\/12\\\/logo.png\",\"contentUrl\":\"https:\\\/\\\/marktxxl.de\\\/markt\\\/wp-content\\\/uploads\\\/sites\\\/3\\\/2020\\\/12\\\/logo.png\",\"width\":200,\"height\":70,\"caption\":\"Markt-XXL\"},\"image\":{\"@id\":\"https:\\\/\\\/marktxxl.de\\\/markt\\\/#\\\/schema\\\/logo\\\/image\\\/\"}}]}<\/script>\n<!-- \/ Yoast SEO plugin. -->","yoast_head_json":{"title":"Gua Sha Gesichtswerkzeug, nat\u00fcrlicher Jadestein, Guasha-Brett f\u00fcr Spa, Akupunkturtherapie, Triggerpunkt-Behandlung, Gua Sha Schab-Massagewerkzeug - Markt-XXL","description":"Markt-XXL Gua Sha Gesichtswerkzeug, nat\u00fcrlicher Jadestein, Guasha-Brett f\u00fcr Spa, Akupunkturtherapie, Triggerpunkt-Behandlung, Gua Sha Schab-Massagewerkzeug","robots":{"index":"index","follow":"follow","max-snippet":"max-snippet:-1","max-image-preview":"max-image-preview:large","max-video-preview":"max-video-preview:-1"},"canonical":"https:\/\/marktxxl.de\/markt\/produkt\/gua-sha-gesichtswerkzeug-natuerlicher-jadestein-guasha-brett-fuer-spa-akupunkturtherapie-triggerpunkt-behandlung-gua-sha-schab-massagewerkzeug\/","og_locale":"de_DE","og_type":"article","og_title":"Gua Sha Gesichtswerkzeug, nat\u00fcrlicher Jadestein, Guasha-Brett f\u00fcr Spa, Akupunkturtherapie, Triggerpunkt-Behandlung, Gua Sha Schab-Massagewerkzeug - Markt-XXL","og_description":"Markt-XXL Gua Sha Gesichtswerkzeug, nat\u00fcrlicher Jadestein, Guasha-Brett f\u00fcr Spa, Akupunkturtherapie, Triggerpunkt-Behandlung, Gua Sha Schab-Massagewerkzeug","og_url":"https:\/\/marktxxl.de\/markt\/produkt\/gua-sha-gesichtswerkzeug-natuerlicher-jadestein-guasha-brett-fuer-spa-akupunkturtherapie-triggerpunkt-behandlung-gua-sha-schab-massagewerkzeug\/","og_site_name":"Markt-XXL","twitter_card":"summary_large_image","twitter_misc":{"Gesch\u00e4tzte Lesezeit":"1\u00a0Minute"},"schema":{"@context":"https:\/\/schema.org","@graph":[{"@type":"WebPage","@id":"https:\/\/marktxxl.de\/markt\/produkt\/gua-sha-gesichtswerkzeug-natuerlicher-jadestein-guasha-brett-fuer-spa-akupunkturtherapie-triggerpunkt-behandlung-gua-sha-schab-massagewerkzeug\/","url":"https:\/\/marktxxl.de\/markt\/produkt\/gua-sha-gesichtswerkzeug-natuerlicher-jadestein-guasha-brett-fuer-spa-akupunkturtherapie-triggerpunkt-behandlung-gua-sha-schab-massagewerkzeug\/","name":"Gua Sha Gesichtswerkzeug, nat\u00fcrlicher Jadestein, Guasha-Brett f\u00fcr Spa, Akupunkturtherapie, Triggerpunkt-Behandlung, Gua Sha Schab-Massagewerkzeug - Markt-XXL","isPartOf":{"@id":"https:\/\/marktxxl.de\/markt\/#website"},"primaryImageOfPage":{"@id":"https:\/\/marktxxl.de\/markt\/produkt\/gua-sha-gesichtswerkzeug-natuerlicher-jadestein-guasha-brett-fuer-spa-akupunkturtherapie-triggerpunkt-behandlung-gua-sha-schab-massagewerkzeug\/#primaryimage"},"image":{"@id":"https:\/\/marktxxl.de\/markt\/produkt\/gua-sha-gesichtswerkzeug-natuerlicher-jadestein-guasha-brett-fuer-spa-akupunkturtherapie-triggerpunkt-behandlung-gua-sha-schab-massagewerkzeug\/#primaryimage"},"thumbnailUrl":"https:\/\/m.media-amazon.com\/images\/I\/31sBAYnr3fL._SL500_.jpg","datePublished":"2023-04-10T14:55:47+00:00","description":"Markt-XXL Gua Sha Gesichtswerkzeug, nat\u00fcrlicher Jadestein, Guasha-Brett f\u00fcr Spa, Akupunkturtherapie, Triggerpunkt-Behandlung, Gua Sha Schab-Massagewerkzeug","breadcrumb":{"@id":"https:\/\/marktxxl.de\/markt\/produkt\/gua-sha-gesichtswerkzeug-natuerlicher-jadestein-guasha-brett-fuer-spa-akupunkturtherapie-triggerpunkt-behandlung-gua-sha-schab-massagewerkzeug\/#breadcrumb"},"inLanguage":"de","potentialAction":[{"@type":"ReadAction","target":["https:\/\/marktxxl.de\/markt\/produkt\/gua-sha-gesichtswerkzeug-natuerlicher-jadestein-guasha-brett-fuer-spa-akupunkturtherapie-triggerpunkt-behandlung-gua-sha-schab-massagewerkzeug\/"]}]},{"@type":"ImageObject","inLanguage":"de","@id":"https:\/\/marktxxl.de\/markt\/produkt\/gua-sha-gesichtswerkzeug-natuerlicher-jadestein-guasha-brett-fuer-spa-akupunkturtherapie-triggerpunkt-behandlung-gua-sha-schab-massagewerkzeug\/#primaryimage","url":"https:\/\/m.media-amazon.com\/images\/I\/31sBAYnr3fL._SL500_.jpg","contentUrl":"https:\/\/m.media-amazon.com\/images\/I\/31sBAYnr3fL._SL500_.jpg","width":500,"height":500},{"@type":"BreadcrumbList","@id":"https:\/\/marktxxl.de\/markt\/produkt\/gua-sha-gesichtswerkzeug-natuerlicher-jadestein-guasha-brett-fuer-spa-akupunkturtherapie-triggerpunkt-behandlung-gua-sha-schab-massagewerkzeug\/#breadcrumb","itemListElement":[{"@type":"ListItem","position":1,"name":"Startseite","item":"https:\/\/marktxxl.de\/markt\/"},{"@type":"ListItem","position":2,"name":"Markt","item":"https:\/\/marktxxl.de\/markt\/"},{"@type":"ListItem","position":3,"name":"Gua Sha Gesichtswerkzeug, nat\u00fcrlicher Jadestein, Guasha-Brett f\u00fcr Spa, Akupunkturtherapie, Triggerpunkt-Behandlung, Gua Sha Schab-Massagewerkzeug"}]},{"@type":"WebSite","@id":"https:\/\/marktxxl.de\/markt\/#website","url":"https:\/\/marktxxl.de\/markt\/","name":"Markt-XXL","description":"Ihr Markt Online","publisher":{"@id":"https:\/\/marktxxl.de\/markt\/#organization"},"potentialAction":[{"@type":"SearchAction","target":{"@type":"EntryPoint","urlTemplate":"https:\/\/marktxxl.de\/markt\/?s={search_term_string}"},"query-input":{"@type":"PropertyValueSpecification","valueRequired":true,"valueName":"search_term_string"}}],"inLanguage":"de"},{"@type":"Organization","@id":"https:\/\/marktxxl.de\/markt\/#organization","name":"Markt-XXL","url":"https:\/\/marktxxl.de\/markt\/","logo":{"@type":"ImageObject","inLanguage":"de","@id":"https:\/\/marktxxl.de\/markt\/#\/schema\/logo\/image\/","url":"https:\/\/marktxxl.de\/markt\/wp-content\/uploads\/sites\/3\/2020\/12\/logo.png","contentUrl":"https:\/\/marktxxl.de\/markt\/wp-content\/uploads\/sites\/3\/2020\/12\/logo.png","width":200,"height":70,"caption":"Markt-XXL"},"image":{"@id":"https:\/\/marktxxl.de\/markt\/#\/schema\/logo\/image\/"}}]}},"_links":{"self":[{"href":"https:\/\/marktxxl.de\/markt\/wp-json\/wp\/v2\/product\/203182","targetHints":{"allow":["GET"]}}],"collection":[{"href":"https:\/\/marktxxl.de\/markt\/wp-json\/wp\/v2\/product"}],"about":[{"href":"https:\/\/marktxxl.de\/markt\/wp-json\/wp\/v2\/types\/product"}],"replies":[{"embeddable":true,"href":"https:\/\/marktxxl.de\/markt\/wp-json\/wp\/v2\/comments?post=203182"}],"wp:featuredmedia":[{"embeddable":true,"href":"https:\/\/marktxxl.de\/markt\/wp-json\/wp\/v2\/media\/203183"}],"wp:attachment":[{"href":"https:\/\/marktxxl.de\/markt\/wp-json\/wp\/v2\/media?parent=203182"}],"wp:term":[{"taxonomy":"product_brand","embeddable":true,"href":"https:\/\/marktxxl.de\/markt\/wp-json\/wp\/v2\/product_brand?post=203182"},{"taxonomy":"product_cat","embeddable":true,"href":"https:\/\/marktxxl.de\/markt\/wp-json\/wp\/v2\/product_cat?post=203182"},{"taxonomy":"product_tag","embeddable":true,"href":"https:\/\/marktxxl.de\/markt\/wp-json\/wp\/v2\/product_tag?post=203182"}],"curies":[{"name":"wp","href":"https:\/\/api.w.org\/{rel}","templated":true}]}}