{"id":203134,"date":"2023-04-10T16:29:53","date_gmt":"2023-04-10T14:29:53","guid":{"rendered":"https:\/\/marktxxl.de\/markt\/produkt\/blenderbottle-pro28-tritan-trinkflasche-mit-blenderball-optimal-geeignet-als-eiweiss-shaker-protein-shaker-wasserflasche-bpa-frei-skaliert-bis-600-ml-fassungsvermoegen-820-ml-schwarz\/"},"modified":"2023-04-10T16:29:53","modified_gmt":"2023-04-10T14:29:53","slug":"blenderbottle-pro28-tritan-trinkflasche-mit-blenderball-optimal-geeignet-als-eiweiss-shaker-protein-shaker-wasserflasche-bpa-frei-skaliert-bis-600-ml-fassungsvermoegen-820-ml-schwarz","status":"publish","type":"product","link":"https:\/\/marktxxl.de\/markt\/produkt\/blenderbottle-pro28-tritan-trinkflasche-mit-blenderball-optimal-geeignet-als-eiweiss-shaker-protein-shaker-wasserflasche-bpa-frei-skaliert-bis-600-ml-fassungsvermoegen-820-ml-schwarz\/","title":{"rendered":"BlenderBottle Pro28 Tritan Trinkflasche mit BlenderBall, optimal geeignet als Eiwei\u00df Shaker, Protein Shaker, Wasserflasche, BPA frei, skaliert bis 600 ml, Fassungsverm\u00f6gen 820 ml, schwarz"},"content":{"rendered":"<p>Optimal Gemixt &#8211; Nie wieder klumpige Proteinshakes. Der BlenderBall wirbelt durch die Flasche und verleiht deinem Shake eine glatte und luftige Konsistenz. Der BlenderBall Schneebesen ist aus 316 chirurgischem, rostfreien Stahl gemacht und kann problemlos in der Flasche bleiben<br \/>\nAbgerundeter Boden &#8211; Dank des abgerundeten Bodens bleiben keine R\u00fcckst\u00e4nde in der Flasche, der BlenderBall mischt das gesamte Pulver, ohne R\u00fcckst\u00e4nde<br \/>\n100% BPA Frei &#8211; Geruchsresistenter Eastman Tritan &#8211; Das Material ist geruchsabweisend, im oberen Fach sp\u00fclmaschinenfest und sto\u00dffest.<br \/>\nHygienischer Spoutguard &#8211; Der Spoutguard erm\u00f6glicht das \u00d6ffnen des Trinkverschlusses ohne diesen zu ber\u00fchren und tr\u00e4gt zu besserer Hygiene bei<br \/>\n<div class=\"main-cross-sell\" data-asin=\"B07C82QZQR\">\n\n\t<div class=\"WooZone-cross-sell-loader\">\n\t\t<div>\n\t\t\t<div id=\"floatingBarsG\">\n\t\t\t\t<div class=\"blockG\" id=\"rotateG_01\"><\/div>\n\t\t\t\t<div class=\"blockG\" id=\"rotateG_02\"><\/div>\n\t\t\t\t<div class=\"blockG\" id=\"rotateG_03\"><\/div>\n\t\t\t\t<div class=\"blockG\" id=\"rotateG_04\"><\/div>\n\t\t\t\t<div class=\"blockG\" id=\"rotateG_05\"><\/div>\n\t\t\t\t<div class=\"blockG\" id=\"rotateG_06\"><\/div>\n\t\t\t\t<div class=\"blockG\" id=\"rotateG_07\"><\/div>\n\t\t\t\t<div class=\"blockG\" id=\"rotateG_08\"><\/div>\n\t\t\t<\/div>\n\t\t\t<div class=\"WooZone-cross-sell-loader-text\"><\/div>\n\t\t<\/div>\n\t<\/div>\n\n\t\t\n<\/div>\n<div style=\"clear:both;\"><\/div><\/p>\n","protected":false},"excerpt":{"rendered":"<p>Optimal Gemixt &#8211; Nie wieder klumpige Proteinshakes. Der BlenderBall wirbelt durch die Flasche und verleiht deinem Shake eine glatte und luftige Konsistenz. Der BlenderBall Schneebesen ist aus 316 chirurgischem, rostfreien Stahl gemacht und kann problemlos in der Flasche bleiben<br \/>\nAbgerundeter Boden &#8211; Dank des abgerundeten Bodens bleiben keine R\u00fcckst\u00e4nde in der Flasche, der BlenderBall mischt das gesamte Pulver, ohne R\u00fcckst\u00e4nde<br \/>\n100% BPA Frei &#8211; Geruchsresistenter Eastman Tritan &#8211; Das Material ist geruchsabweisend, im oberen Fach sp\u00fclmaschinenfest und sto\u00dffest.<\/p>\n","protected":false},"featured_media":203135,"comment_status":"open","ping_status":"closed","template":"","meta":[],"product_brand":[],"product_cat":[566,6104],"product_tag":[],"class_list":{"0":"post-203134","1":"product","2":"type-product","3":"status-publish","4":"has-post-thumbnail","6":"product_cat-drogerie-koerperpflege","7":"product_cat-nahrungsergaenzung","8":"pa_binding-ausruestung","9":"pa_brand-blenderbottle","10":"pa_color-black","11":"pa_height-8-9-zoll","12":"pa_length-4-1-zoll","13":"pa_manufacturer-blenderbottle","14":"pa_model-c03076","15":"pa_size-1-stueck-1er-pack","16":"pa_weight-0-04-pfund","17":"pa_width-4-1-zoll","19":"first","20":"instock","21":"shipping-taxable","22":"purchasable","23":"product-type-simple","24":"customify-col","25":"product-has-gallery"},"yoast_head":"<!-- This site is optimized with the Yoast SEO plugin v27.4 - https:\/\/yoast.com\/product\/yoast-seo-wordpress\/ -->\n<title>BlenderBottle Pro28 Tritan Trinkflasche mit BlenderBall, optimal geeignet als Eiwei\u00df Shaker, Protein Shaker, Wasserflasche, BPA frei, skaliert bis 600 ml, Fassungsverm\u00f6gen 820 ml, schwarz - Markt-XXL<\/title>\n<meta name=\"description\" content=\"Markt-XXL BlenderBottle Pro28 Tritan Trinkflasche mit BlenderBall, optimal geeignet als Eiwei\u00df Shaker, Protein Shaker, Wasserflasche, BPA frei, skaliert bis 600 ml, Fassungsverm\u00f6gen 820 ml, schwarz\" \/>\n<meta name=\"robots\" content=\"index, follow, max-snippet:-1, max-image-preview:large, max-video-preview:-1\" \/>\n<link rel=\"canonical\" href=\"https:\/\/marktxxl.de\/markt\/produkt\/blenderbottle-pro28-tritan-trinkflasche-mit-blenderball-optimal-geeignet-als-eiweiss-shaker-protein-shaker-wasserflasche-bpa-frei-skaliert-bis-600-ml-fassungsvermoegen-820-ml-schwarz\/\" \/>\n<meta property=\"og:locale\" content=\"de_DE\" \/>\n<meta property=\"og:type\" content=\"article\" \/>\n<meta property=\"og:title\" content=\"BlenderBottle Pro28 Tritan Trinkflasche mit BlenderBall, optimal geeignet als Eiwei\u00df Shaker, Protein Shaker, Wasserflasche, BPA frei, skaliert bis 600 ml, Fassungsverm\u00f6gen 820 ml, schwarz - Markt-XXL\" \/>\n<meta property=\"og:description\" content=\"Markt-XXL BlenderBottle Pro28 Tritan Trinkflasche mit BlenderBall, optimal geeignet als Eiwei\u00df Shaker, Protein Shaker, Wasserflasche, BPA frei, skaliert bis 600 ml, Fassungsverm\u00f6gen 820 ml, schwarz\" \/>\n<meta property=\"og:url\" content=\"https:\/\/marktxxl.de\/markt\/produkt\/blenderbottle-pro28-tritan-trinkflasche-mit-blenderball-optimal-geeignet-als-eiweiss-shaker-protein-shaker-wasserflasche-bpa-frei-skaliert-bis-600-ml-fassungsvermoegen-820-ml-schwarz\/\" \/>\n<meta property=\"og:site_name\" content=\"Markt-XXL\" \/>\n<meta name=\"twitter:card\" content=\"summary_large_image\" \/>\n<meta name=\"twitter:label1\" content=\"Gesch\u00e4tzte Lesezeit\" \/>\n\t<meta name=\"twitter:data1\" content=\"1\u00a0Minute\" \/>\n<script type=\"application\/ld+json\" class=\"yoast-schema-graph\">{\"@context\":\"https:\\\/\\\/schema.org\",\"@graph\":[{\"@type\":\"WebPage\",\"@id\":\"https:\\\/\\\/marktxxl.de\\\/markt\\\/produkt\\\/blenderbottle-pro28-tritan-trinkflasche-mit-blenderball-optimal-geeignet-als-eiweiss-shaker-protein-shaker-wasserflasche-bpa-frei-skaliert-bis-600-ml-fassungsvermoegen-820-ml-schwarz\\\/\",\"url\":\"https:\\\/\\\/marktxxl.de\\\/markt\\\/produkt\\\/blenderbottle-pro28-tritan-trinkflasche-mit-blenderball-optimal-geeignet-als-eiweiss-shaker-protein-shaker-wasserflasche-bpa-frei-skaliert-bis-600-ml-fassungsvermoegen-820-ml-schwarz\\\/\",\"name\":\"BlenderBottle Pro28 Tritan Trinkflasche mit BlenderBall, optimal geeignet als Eiwei\u00df Shaker, Protein Shaker, Wasserflasche, BPA frei, skaliert bis 600 ml, Fassungsverm\u00f6gen 820 ml, schwarz - Markt-XXL\",\"isPartOf\":{\"@id\":\"https:\\\/\\\/marktxxl.de\\\/markt\\\/#website\"},\"primaryImageOfPage\":{\"@id\":\"https:\\\/\\\/marktxxl.de\\\/markt\\\/produkt\\\/blenderbottle-pro28-tritan-trinkflasche-mit-blenderball-optimal-geeignet-als-eiweiss-shaker-protein-shaker-wasserflasche-bpa-frei-skaliert-bis-600-ml-fassungsvermoegen-820-ml-schwarz\\\/#primaryimage\"},\"image\":{\"@id\":\"https:\\\/\\\/marktxxl.de\\\/markt\\\/produkt\\\/blenderbottle-pro28-tritan-trinkflasche-mit-blenderball-optimal-geeignet-als-eiweiss-shaker-protein-shaker-wasserflasche-bpa-frei-skaliert-bis-600-ml-fassungsvermoegen-820-ml-schwarz\\\/#primaryimage\"},\"thumbnailUrl\":\"https:\\\/\\\/m.media-amazon.com\\\/images\\\/I\\\/31qpLHxGAVL._SL500_.jpg\",\"datePublished\":\"2023-04-10T14:29:53+00:00\",\"description\":\"Markt-XXL BlenderBottle Pro28 Tritan Trinkflasche mit BlenderBall, optimal geeignet als Eiwei\u00df Shaker, Protein Shaker, Wasserflasche, BPA frei, skaliert bis 600 ml, Fassungsverm\u00f6gen 820 ml, schwarz\",\"breadcrumb\":{\"@id\":\"https:\\\/\\\/marktxxl.de\\\/markt\\\/produkt\\\/blenderbottle-pro28-tritan-trinkflasche-mit-blenderball-optimal-geeignet-als-eiweiss-shaker-protein-shaker-wasserflasche-bpa-frei-skaliert-bis-600-ml-fassungsvermoegen-820-ml-schwarz\\\/#breadcrumb\"},\"inLanguage\":\"de\",\"potentialAction\":[{\"@type\":\"ReadAction\",\"target\":[\"https:\\\/\\\/marktxxl.de\\\/markt\\\/produkt\\\/blenderbottle-pro28-tritan-trinkflasche-mit-blenderball-optimal-geeignet-als-eiweiss-shaker-protein-shaker-wasserflasche-bpa-frei-skaliert-bis-600-ml-fassungsvermoegen-820-ml-schwarz\\\/\"]}]},{\"@type\":\"ImageObject\",\"inLanguage\":\"de\",\"@id\":\"https:\\\/\\\/marktxxl.de\\\/markt\\\/produkt\\\/blenderbottle-pro28-tritan-trinkflasche-mit-blenderball-optimal-geeignet-als-eiweiss-shaker-protein-shaker-wasserflasche-bpa-frei-skaliert-bis-600-ml-fassungsvermoegen-820-ml-schwarz\\\/#primaryimage\",\"url\":\"https:\\\/\\\/m.media-amazon.com\\\/images\\\/I\\\/31qpLHxGAVL._SL500_.jpg\",\"contentUrl\":\"https:\\\/\\\/m.media-amazon.com\\\/images\\\/I\\\/31qpLHxGAVL._SL500_.jpg\",\"width\":338,\"height\":500},{\"@type\":\"BreadcrumbList\",\"@id\":\"https:\\\/\\\/marktxxl.de\\\/markt\\\/produkt\\\/blenderbottle-pro28-tritan-trinkflasche-mit-blenderball-optimal-geeignet-als-eiweiss-shaker-protein-shaker-wasserflasche-bpa-frei-skaliert-bis-600-ml-fassungsvermoegen-820-ml-schwarz\\\/#breadcrumb\",\"itemListElement\":[{\"@type\":\"ListItem\",\"position\":1,\"name\":\"Startseite\",\"item\":\"https:\\\/\\\/marktxxl.de\\\/markt\\\/\"},{\"@type\":\"ListItem\",\"position\":2,\"name\":\"Markt\",\"item\":\"https:\\\/\\\/marktxxl.de\\\/markt\\\/\"},{\"@type\":\"ListItem\",\"position\":3,\"name\":\"BlenderBottle Pro28 Tritan Trinkflasche mit BlenderBall, optimal geeignet als Eiwei\u00df Shaker, Protein Shaker, Wasserflasche, BPA frei, skaliert bis 600 ml, Fassungsverm\u00f6gen 820 ml, schwarz\"}]},{\"@type\":\"WebSite\",\"@id\":\"https:\\\/\\\/marktxxl.de\\\/markt\\\/#website\",\"url\":\"https:\\\/\\\/marktxxl.de\\\/markt\\\/\",\"name\":\"Markt-XXL\",\"description\":\"Ihr Markt Online\",\"publisher\":{\"@id\":\"https:\\\/\\\/marktxxl.de\\\/markt\\\/#organization\"},\"potentialAction\":[{\"@type\":\"SearchAction\",\"target\":{\"@type\":\"EntryPoint\",\"urlTemplate\":\"https:\\\/\\\/marktxxl.de\\\/markt\\\/?s={search_term_string}\"},\"query-input\":{\"@type\":\"PropertyValueSpecification\",\"valueRequired\":true,\"valueName\":\"search_term_string\"}}],\"inLanguage\":\"de\"},{\"@type\":\"Organization\",\"@id\":\"https:\\\/\\\/marktxxl.de\\\/markt\\\/#organization\",\"name\":\"Markt-XXL\",\"url\":\"https:\\\/\\\/marktxxl.de\\\/markt\\\/\",\"logo\":{\"@type\":\"ImageObject\",\"inLanguage\":\"de\",\"@id\":\"https:\\\/\\\/marktxxl.de\\\/markt\\\/#\\\/schema\\\/logo\\\/image\\\/\",\"url\":\"https:\\\/\\\/marktxxl.de\\\/markt\\\/wp-content\\\/uploads\\\/sites\\\/3\\\/2020\\\/12\\\/logo.png\",\"contentUrl\":\"https:\\\/\\\/marktxxl.de\\\/markt\\\/wp-content\\\/uploads\\\/sites\\\/3\\\/2020\\\/12\\\/logo.png\",\"width\":200,\"height\":70,\"caption\":\"Markt-XXL\"},\"image\":{\"@id\":\"https:\\\/\\\/marktxxl.de\\\/markt\\\/#\\\/schema\\\/logo\\\/image\\\/\"}}]}<\/script>\n<!-- \/ Yoast SEO plugin. -->","yoast_head_json":{"title":"BlenderBottle Pro28 Tritan Trinkflasche mit BlenderBall, optimal geeignet als Eiwei\u00df Shaker, Protein Shaker, Wasserflasche, BPA frei, skaliert bis 600 ml, Fassungsverm\u00f6gen 820 ml, schwarz - Markt-XXL","description":"Markt-XXL BlenderBottle Pro28 Tritan Trinkflasche mit BlenderBall, optimal geeignet als Eiwei\u00df Shaker, Protein Shaker, Wasserflasche, BPA frei, skaliert bis 600 ml, Fassungsverm\u00f6gen 820 ml, schwarz","robots":{"index":"index","follow":"follow","max-snippet":"max-snippet:-1","max-image-preview":"max-image-preview:large","max-video-preview":"max-video-preview:-1"},"canonical":"https:\/\/marktxxl.de\/markt\/produkt\/blenderbottle-pro28-tritan-trinkflasche-mit-blenderball-optimal-geeignet-als-eiweiss-shaker-protein-shaker-wasserflasche-bpa-frei-skaliert-bis-600-ml-fassungsvermoegen-820-ml-schwarz\/","og_locale":"de_DE","og_type":"article","og_title":"BlenderBottle Pro28 Tritan Trinkflasche mit BlenderBall, optimal geeignet als Eiwei\u00df Shaker, Protein Shaker, Wasserflasche, BPA frei, skaliert bis 600 ml, Fassungsverm\u00f6gen 820 ml, schwarz - Markt-XXL","og_description":"Markt-XXL BlenderBottle Pro28 Tritan Trinkflasche mit BlenderBall, optimal geeignet als Eiwei\u00df Shaker, Protein Shaker, Wasserflasche, BPA frei, skaliert bis 600 ml, Fassungsverm\u00f6gen 820 ml, schwarz","og_url":"https:\/\/marktxxl.de\/markt\/produkt\/blenderbottle-pro28-tritan-trinkflasche-mit-blenderball-optimal-geeignet-als-eiweiss-shaker-protein-shaker-wasserflasche-bpa-frei-skaliert-bis-600-ml-fassungsvermoegen-820-ml-schwarz\/","og_site_name":"Markt-XXL","twitter_card":"summary_large_image","twitter_misc":{"Gesch\u00e4tzte Lesezeit":"1\u00a0Minute"},"schema":{"@context":"https:\/\/schema.org","@graph":[{"@type":"WebPage","@id":"https:\/\/marktxxl.de\/markt\/produkt\/blenderbottle-pro28-tritan-trinkflasche-mit-blenderball-optimal-geeignet-als-eiweiss-shaker-protein-shaker-wasserflasche-bpa-frei-skaliert-bis-600-ml-fassungsvermoegen-820-ml-schwarz\/","url":"https:\/\/marktxxl.de\/markt\/produkt\/blenderbottle-pro28-tritan-trinkflasche-mit-blenderball-optimal-geeignet-als-eiweiss-shaker-protein-shaker-wasserflasche-bpa-frei-skaliert-bis-600-ml-fassungsvermoegen-820-ml-schwarz\/","name":"BlenderBottle Pro28 Tritan Trinkflasche mit BlenderBall, optimal geeignet als Eiwei\u00df Shaker, Protein Shaker, Wasserflasche, BPA frei, skaliert bis 600 ml, Fassungsverm\u00f6gen 820 ml, schwarz - Markt-XXL","isPartOf":{"@id":"https:\/\/marktxxl.de\/markt\/#website"},"primaryImageOfPage":{"@id":"https:\/\/marktxxl.de\/markt\/produkt\/blenderbottle-pro28-tritan-trinkflasche-mit-blenderball-optimal-geeignet-als-eiweiss-shaker-protein-shaker-wasserflasche-bpa-frei-skaliert-bis-600-ml-fassungsvermoegen-820-ml-schwarz\/#primaryimage"},"image":{"@id":"https:\/\/marktxxl.de\/markt\/produkt\/blenderbottle-pro28-tritan-trinkflasche-mit-blenderball-optimal-geeignet-als-eiweiss-shaker-protein-shaker-wasserflasche-bpa-frei-skaliert-bis-600-ml-fassungsvermoegen-820-ml-schwarz\/#primaryimage"},"thumbnailUrl":"https:\/\/m.media-amazon.com\/images\/I\/31qpLHxGAVL._SL500_.jpg","datePublished":"2023-04-10T14:29:53+00:00","description":"Markt-XXL BlenderBottle Pro28 Tritan Trinkflasche mit BlenderBall, optimal geeignet als Eiwei\u00df Shaker, Protein Shaker, Wasserflasche, BPA frei, skaliert bis 600 ml, Fassungsverm\u00f6gen 820 ml, schwarz","breadcrumb":{"@id":"https:\/\/marktxxl.de\/markt\/produkt\/blenderbottle-pro28-tritan-trinkflasche-mit-blenderball-optimal-geeignet-als-eiweiss-shaker-protein-shaker-wasserflasche-bpa-frei-skaliert-bis-600-ml-fassungsvermoegen-820-ml-schwarz\/#breadcrumb"},"inLanguage":"de","potentialAction":[{"@type":"ReadAction","target":["https:\/\/marktxxl.de\/markt\/produkt\/blenderbottle-pro28-tritan-trinkflasche-mit-blenderball-optimal-geeignet-als-eiweiss-shaker-protein-shaker-wasserflasche-bpa-frei-skaliert-bis-600-ml-fassungsvermoegen-820-ml-schwarz\/"]}]},{"@type":"ImageObject","inLanguage":"de","@id":"https:\/\/marktxxl.de\/markt\/produkt\/blenderbottle-pro28-tritan-trinkflasche-mit-blenderball-optimal-geeignet-als-eiweiss-shaker-protein-shaker-wasserflasche-bpa-frei-skaliert-bis-600-ml-fassungsvermoegen-820-ml-schwarz\/#primaryimage","url":"https:\/\/m.media-amazon.com\/images\/I\/31qpLHxGAVL._SL500_.jpg","contentUrl":"https:\/\/m.media-amazon.com\/images\/I\/31qpLHxGAVL._SL500_.jpg","width":338,"height":500},{"@type":"BreadcrumbList","@id":"https:\/\/marktxxl.de\/markt\/produkt\/blenderbottle-pro28-tritan-trinkflasche-mit-blenderball-optimal-geeignet-als-eiweiss-shaker-protein-shaker-wasserflasche-bpa-frei-skaliert-bis-600-ml-fassungsvermoegen-820-ml-schwarz\/#breadcrumb","itemListElement":[{"@type":"ListItem","position":1,"name":"Startseite","item":"https:\/\/marktxxl.de\/markt\/"},{"@type":"ListItem","position":2,"name":"Markt","item":"https:\/\/marktxxl.de\/markt\/"},{"@type":"ListItem","position":3,"name":"BlenderBottle Pro28 Tritan Trinkflasche mit BlenderBall, optimal geeignet als Eiwei\u00df Shaker, Protein Shaker, Wasserflasche, BPA frei, skaliert bis 600 ml, Fassungsverm\u00f6gen 820 ml, schwarz"}]},{"@type":"WebSite","@id":"https:\/\/marktxxl.de\/markt\/#website","url":"https:\/\/marktxxl.de\/markt\/","name":"Markt-XXL","description":"Ihr Markt Online","publisher":{"@id":"https:\/\/marktxxl.de\/markt\/#organization"},"potentialAction":[{"@type":"SearchAction","target":{"@type":"EntryPoint","urlTemplate":"https:\/\/marktxxl.de\/markt\/?s={search_term_string}"},"query-input":{"@type":"PropertyValueSpecification","valueRequired":true,"valueName":"search_term_string"}}],"inLanguage":"de"},{"@type":"Organization","@id":"https:\/\/marktxxl.de\/markt\/#organization","name":"Markt-XXL","url":"https:\/\/marktxxl.de\/markt\/","logo":{"@type":"ImageObject","inLanguage":"de","@id":"https:\/\/marktxxl.de\/markt\/#\/schema\/logo\/image\/","url":"https:\/\/marktxxl.de\/markt\/wp-content\/uploads\/sites\/3\/2020\/12\/logo.png","contentUrl":"https:\/\/marktxxl.de\/markt\/wp-content\/uploads\/sites\/3\/2020\/12\/logo.png","width":200,"height":70,"caption":"Markt-XXL"},"image":{"@id":"https:\/\/marktxxl.de\/markt\/#\/schema\/logo\/image\/"}}]}},"_links":{"self":[{"href":"https:\/\/marktxxl.de\/markt\/wp-json\/wp\/v2\/product\/203134","targetHints":{"allow":["GET"]}}],"collection":[{"href":"https:\/\/marktxxl.de\/markt\/wp-json\/wp\/v2\/product"}],"about":[{"href":"https:\/\/marktxxl.de\/markt\/wp-json\/wp\/v2\/types\/product"}],"replies":[{"embeddable":true,"href":"https:\/\/marktxxl.de\/markt\/wp-json\/wp\/v2\/comments?post=203134"}],"wp:featuredmedia":[{"embeddable":true,"href":"https:\/\/marktxxl.de\/markt\/wp-json\/wp\/v2\/media\/203135"}],"wp:attachment":[{"href":"https:\/\/marktxxl.de\/markt\/wp-json\/wp\/v2\/media?parent=203134"}],"wp:term":[{"taxonomy":"product_brand","embeddable":true,"href":"https:\/\/marktxxl.de\/markt\/wp-json\/wp\/v2\/product_brand?post=203134"},{"taxonomy":"product_cat","embeddable":true,"href":"https:\/\/marktxxl.de\/markt\/wp-json\/wp\/v2\/product_cat?post=203134"},{"taxonomy":"product_tag","embeddable":true,"href":"https:\/\/marktxxl.de\/markt\/wp-json\/wp\/v2\/product_tag?post=203134"}],"curies":[{"name":"wp","href":"https:\/\/api.w.org\/{rel}","templated":true}]}}