{"id":203089,"date":"2023-04-10T16:26:38","date_gmt":"2023-04-10T14:26:38","guid":{"rendered":"https:\/\/marktxxl.de\/markt\/produkt\/creatin-monohydrat-100-reines-creastrong-patentmarke-von-vitastrong-kreatin-monohydrat-creatine-monohydrate-pulver-mit-optimaler-loeslichkeit-creatin-pulver-mikronisiertes-kreatin-pulve\/"},"modified":"2023-04-10T16:26:38","modified_gmt":"2023-04-10T14:26:38","slug":"creatin-monohydrat-100-reines-creastrong-patentmarke-von-vitastrong-kreatin-monohydrat-creatine-monohydrate-pulver-mit-optimaler-loeslichkeit-creatin-pulver-mikronisiertes-kreatin-pulve","status":"publish","type":"product","link":"https:\/\/marktxxl.de\/markt\/produkt\/creatin-monohydrat-100-reines-creastrong-patentmarke-von-vitastrong-kreatin-monohydrat-creatine-monohydrate-pulver-mit-optimaler-loeslichkeit-creatin-pulver-mikronisiertes-kreatin-pulve\/","title":{"rendered":"Creatin Monohydrat 100% REINES Creastrong\u00ae | Patentmarke von Vitastrong, Kreatin Monohydrat | Creatine Monohydrate Pulver mit Optimaler L\u00f6slichkeit | Creatin Pulver | Mikronisiertes Kreatin Pulver"},"content":{"rendered":"<p>\u2705 GETESTETE REINHEIT &#8211; Creastrong unterzieht jede Charge zahlreichen Reinheitstests, um die Qualit\u00e4t des Monohydrat-Creatins und die TOTALE Abwesenheit unerw\u00fcnschter Inhaltsstoffe zu gew\u00e4hrleisten.<br \/>\n\u2705 ABSENZ VON SCHWERMETALLEN &#8211; Creastrong verpflichtet sich, die maximale Qualit\u00e4t und Sicherheit seiner Produkte zu gew\u00e4hrleisten, indem jeder produzierte Charge im Labor auf das Vorhandensein.<br \/>\n\u2705 QUALIT\u00c4TSKONTROLLE CREASTRONG &#8211; Jede Phase des Produktionsprozesses wird streng \u00fcberwacht, von der Beschaffung der Rohstoffe \u00fcber die Produktion, Verpackung bis hin zum Versand.<br \/>\n\u2705 SCHNELLE ABSORPTION &#8211; Creastrong l\u00f6st sich schnell im Wasser auf, was eine schnellere Absorption im Vergleich zu kreatin monohydrat kapseln erm\u00f6glicht, die zuerst verdaut werden m\u00fcssen.<br \/>\n\u2705 VORTEILE &#8211; Micronisiertes Creatin Monohydrat Pulver von Vitastrong ist eines der am h\u00e4ufigsten verwendeten Nahrungserg\u00e4nzungsmittel zur Erh\u00f6hung der Muskelmasse<br \/>\n<div class=\"main-cross-sell\" data-asin=\"B0BXT3WZ32\">\n\n\t<div class=\"WooZone-cross-sell-loader\">\n\t\t<div>\n\t\t\t<div id=\"floatingBarsG\">\n\t\t\t\t<div class=\"blockG\" id=\"rotateG_01\"><\/div>\n\t\t\t\t<div class=\"blockG\" id=\"rotateG_02\"><\/div>\n\t\t\t\t<div class=\"blockG\" id=\"rotateG_03\"><\/div>\n\t\t\t\t<div class=\"blockG\" id=\"rotateG_04\"><\/div>\n\t\t\t\t<div class=\"blockG\" id=\"rotateG_05\"><\/div>\n\t\t\t\t<div class=\"blockG\" id=\"rotateG_06\"><\/div>\n\t\t\t\t<div class=\"blockG\" id=\"rotateG_07\"><\/div>\n\t\t\t\t<div class=\"blockG\" id=\"rotateG_08\"><\/div>\n\t\t\t<\/div>\n\t\t\t<div class=\"WooZone-cross-sell-loader-text\"><\/div>\n\t\t<\/div>\n\t<\/div>\n\n\t\t\n<\/div>\n<div style=\"clear:both;\"><\/div><\/p>\n","protected":false},"excerpt":{"rendered":"<p>\u2705 GETESTETE REINHEIT &#8211; Creastrong unterzieht jede Charge zahlreichen Reinheitstests, um die Qualit\u00e4t des Monohydrat-Creatins und die TOTALE Abwesenheit unerw\u00fcnschter Inhaltsstoffe zu gew\u00e4hrleisten.<br \/>\n\u2705 ABSENZ VON SCHWERMETALLEN &#8211; Creastrong verpflichtet sich, die maximale Qualit\u00e4t und Sicherheit seiner Produkte zu gew\u00e4hrleisten, indem jeder produzierte Charge im Labor auf das Vorhandensein.<br \/>\n\u2705 QUALIT\u00c4TSKONTROLLE CREASTRONG &#8211; Jede Phase des Produktionsprozesses wird streng \u00fcberwacht, von der Beschaffung der Rohstoffe \u00fcber die Produktion, Verpackung bis hin zum Versand.<\/p>\n","protected":false},"featured_media":203090,"comment_status":"open","ping_status":"closed","template":"","meta":[],"product_brand":[],"product_cat":[566,6104],"product_tag":[],"class_list":{"0":"post-203089","1":"product","2":"type-product","3":"status-publish","4":"has-post-thumbnail","6":"product_cat-drogerie-koerperpflege","7":"product_cat-nahrungsergaenzung","8":"pa_brand-vitastrong","9":"pa_manufacturer-vitastrong","10":"pa_weight-0-551155655-pfund","12":"first","13":"instock","14":"shipping-taxable","15":"purchasable","16":"product-type-simple","17":"customify-col","18":"product-has-gallery"},"yoast_head":"<!-- This site is optimized with the Yoast SEO plugin v27.4 - https:\/\/yoast.com\/product\/yoast-seo-wordpress\/ -->\n<title>Creatin Monohydrat 100% REINES Creastrong\u00ae | Patentmarke von Vitastrong, Kreatin Monohydrat | Creatine Monohydrate Pulver mit Optimaler L\u00f6slichkeit | Creatin Pulver | Mikronisiertes Kreatin Pulver - Markt-XXL<\/title>\n<meta name=\"description\" content=\"Markt-XXL Creatin Monohydrat 100% REINES Creastrong\u00ae | Patentmarke von Vitastrong, Kreatin Monohydrat | Creatine Monohydrate Pulver mit Optimaler L\u00f6slichkeit | Creatin Pulver | Mikronisiertes Kreatin Pulver\" \/>\n<meta name=\"robots\" content=\"index, follow, max-snippet:-1, max-image-preview:large, max-video-preview:-1\" \/>\n<link rel=\"canonical\" href=\"https:\/\/marktxxl.de\/markt\/produkt\/creatin-monohydrat-100-reines-creastrong-patentmarke-von-vitastrong-kreatin-monohydrat-creatine-monohydrate-pulver-mit-optimaler-loeslichkeit-creatin-pulver-mikronisiertes-kreatin-pulve\/\" \/>\n<meta property=\"og:locale\" content=\"de_DE\" \/>\n<meta property=\"og:type\" content=\"article\" \/>\n<meta property=\"og:title\" content=\"Creatin Monohydrat 100% REINES Creastrong\u00ae | Patentmarke von Vitastrong, Kreatin Monohydrat | Creatine Monohydrate Pulver mit Optimaler L\u00f6slichkeit | Creatin Pulver | Mikronisiertes Kreatin Pulver - Markt-XXL\" \/>\n<meta property=\"og:description\" content=\"Markt-XXL Creatin Monohydrat 100% REINES Creastrong\u00ae | Patentmarke von Vitastrong, Kreatin Monohydrat | Creatine Monohydrate Pulver mit Optimaler L\u00f6slichkeit | Creatin Pulver | Mikronisiertes Kreatin Pulver\" \/>\n<meta property=\"og:url\" content=\"https:\/\/marktxxl.de\/markt\/produkt\/creatin-monohydrat-100-reines-creastrong-patentmarke-von-vitastrong-kreatin-monohydrat-creatine-monohydrate-pulver-mit-optimaler-loeslichkeit-creatin-pulver-mikronisiertes-kreatin-pulve\/\" \/>\n<meta property=\"og:site_name\" content=\"Markt-XXL\" \/>\n<meta name=\"twitter:card\" content=\"summary_large_image\" \/>\n<meta name=\"twitter:label1\" content=\"Gesch\u00e4tzte Lesezeit\" \/>\n\t<meta name=\"twitter:data1\" content=\"1\u00a0Minute\" \/>\n<script type=\"application\/ld+json\" class=\"yoast-schema-graph\">{\"@context\":\"https:\\\/\\\/schema.org\",\"@graph\":[{\"@type\":\"WebPage\",\"@id\":\"https:\\\/\\\/marktxxl.de\\\/markt\\\/produkt\\\/creatin-monohydrat-100-reines-creastrong-patentmarke-von-vitastrong-kreatin-monohydrat-creatine-monohydrate-pulver-mit-optimaler-loeslichkeit-creatin-pulver-mikronisiertes-kreatin-pulve\\\/\",\"url\":\"https:\\\/\\\/marktxxl.de\\\/markt\\\/produkt\\\/creatin-monohydrat-100-reines-creastrong-patentmarke-von-vitastrong-kreatin-monohydrat-creatine-monohydrate-pulver-mit-optimaler-loeslichkeit-creatin-pulver-mikronisiertes-kreatin-pulve\\\/\",\"name\":\"Creatin Monohydrat 100% REINES Creastrong\u00ae | Patentmarke von Vitastrong, Kreatin Monohydrat | Creatine Monohydrate Pulver mit Optimaler L\u00f6slichkeit | Creatin Pulver | Mikronisiertes Kreatin Pulver - Markt-XXL\",\"isPartOf\":{\"@id\":\"https:\\\/\\\/marktxxl.de\\\/markt\\\/#website\"},\"primaryImageOfPage\":{\"@id\":\"https:\\\/\\\/marktxxl.de\\\/markt\\\/produkt\\\/creatin-monohydrat-100-reines-creastrong-patentmarke-von-vitastrong-kreatin-monohydrat-creatine-monohydrate-pulver-mit-optimaler-loeslichkeit-creatin-pulver-mikronisiertes-kreatin-pulve\\\/#primaryimage\"},\"image\":{\"@id\":\"https:\\\/\\\/marktxxl.de\\\/markt\\\/produkt\\\/creatin-monohydrat-100-reines-creastrong-patentmarke-von-vitastrong-kreatin-monohydrat-creatine-monohydrate-pulver-mit-optimaler-loeslichkeit-creatin-pulver-mikronisiertes-kreatin-pulve\\\/#primaryimage\"},\"thumbnailUrl\":\"https:\\\/\\\/m.media-amazon.com\\\/images\\\/I\\\/41aX7AIW2ZL._SL500_.jpg\",\"datePublished\":\"2023-04-10T14:26:38+00:00\",\"description\":\"Markt-XXL Creatin Monohydrat 100% REINES Creastrong\u00ae | Patentmarke von Vitastrong, Kreatin Monohydrat | Creatine Monohydrate Pulver mit Optimaler L\u00f6slichkeit | Creatin Pulver | Mikronisiertes Kreatin Pulver\",\"breadcrumb\":{\"@id\":\"https:\\\/\\\/marktxxl.de\\\/markt\\\/produkt\\\/creatin-monohydrat-100-reines-creastrong-patentmarke-von-vitastrong-kreatin-monohydrat-creatine-monohydrate-pulver-mit-optimaler-loeslichkeit-creatin-pulver-mikronisiertes-kreatin-pulve\\\/#breadcrumb\"},\"inLanguage\":\"de\",\"potentialAction\":[{\"@type\":\"ReadAction\",\"target\":[\"https:\\\/\\\/marktxxl.de\\\/markt\\\/produkt\\\/creatin-monohydrat-100-reines-creastrong-patentmarke-von-vitastrong-kreatin-monohydrat-creatine-monohydrate-pulver-mit-optimaler-loeslichkeit-creatin-pulver-mikronisiertes-kreatin-pulve\\\/\"]}]},{\"@type\":\"ImageObject\",\"inLanguage\":\"de\",\"@id\":\"https:\\\/\\\/marktxxl.de\\\/markt\\\/produkt\\\/creatin-monohydrat-100-reines-creastrong-patentmarke-von-vitastrong-kreatin-monohydrat-creatine-monohydrate-pulver-mit-optimaler-loeslichkeit-creatin-pulver-mikronisiertes-kreatin-pulve\\\/#primaryimage\",\"url\":\"https:\\\/\\\/m.media-amazon.com\\\/images\\\/I\\\/41aX7AIW2ZL._SL500_.jpg\",\"contentUrl\":\"https:\\\/\\\/m.media-amazon.com\\\/images\\\/I\\\/41aX7AIW2ZL._SL500_.jpg\",\"width\":343,\"height\":500},{\"@type\":\"BreadcrumbList\",\"@id\":\"https:\\\/\\\/marktxxl.de\\\/markt\\\/produkt\\\/creatin-monohydrat-100-reines-creastrong-patentmarke-von-vitastrong-kreatin-monohydrat-creatine-monohydrate-pulver-mit-optimaler-loeslichkeit-creatin-pulver-mikronisiertes-kreatin-pulve\\\/#breadcrumb\",\"itemListElement\":[{\"@type\":\"ListItem\",\"position\":1,\"name\":\"Startseite\",\"item\":\"https:\\\/\\\/marktxxl.de\\\/markt\\\/\"},{\"@type\":\"ListItem\",\"position\":2,\"name\":\"Markt\",\"item\":\"https:\\\/\\\/marktxxl.de\\\/markt\\\/\"},{\"@type\":\"ListItem\",\"position\":3,\"name\":\"Creatin Monohydrat 100% REINES Creastrong\u00ae | Patentmarke von Vitastrong, Kreatin Monohydrat | Creatine Monohydrate Pulver mit Optimaler L\u00f6slichkeit | Creatin Pulver | Mikronisiertes Kreatin Pulver\"}]},{\"@type\":\"WebSite\",\"@id\":\"https:\\\/\\\/marktxxl.de\\\/markt\\\/#website\",\"url\":\"https:\\\/\\\/marktxxl.de\\\/markt\\\/\",\"name\":\"Markt-XXL\",\"description\":\"Ihr Markt Online\",\"publisher\":{\"@id\":\"https:\\\/\\\/marktxxl.de\\\/markt\\\/#organization\"},\"potentialAction\":[{\"@type\":\"SearchAction\",\"target\":{\"@type\":\"EntryPoint\",\"urlTemplate\":\"https:\\\/\\\/marktxxl.de\\\/markt\\\/?s={search_term_string}\"},\"query-input\":{\"@type\":\"PropertyValueSpecification\",\"valueRequired\":true,\"valueName\":\"search_term_string\"}}],\"inLanguage\":\"de\"},{\"@type\":\"Organization\",\"@id\":\"https:\\\/\\\/marktxxl.de\\\/markt\\\/#organization\",\"name\":\"Markt-XXL\",\"url\":\"https:\\\/\\\/marktxxl.de\\\/markt\\\/\",\"logo\":{\"@type\":\"ImageObject\",\"inLanguage\":\"de\",\"@id\":\"https:\\\/\\\/marktxxl.de\\\/markt\\\/#\\\/schema\\\/logo\\\/image\\\/\",\"url\":\"https:\\\/\\\/marktxxl.de\\\/markt\\\/wp-content\\\/uploads\\\/sites\\\/3\\\/2020\\\/12\\\/logo.png\",\"contentUrl\":\"https:\\\/\\\/marktxxl.de\\\/markt\\\/wp-content\\\/uploads\\\/sites\\\/3\\\/2020\\\/12\\\/logo.png\",\"width\":200,\"height\":70,\"caption\":\"Markt-XXL\"},\"image\":{\"@id\":\"https:\\\/\\\/marktxxl.de\\\/markt\\\/#\\\/schema\\\/logo\\\/image\\\/\"}}]}<\/script>\n<!-- \/ Yoast SEO plugin. -->","yoast_head_json":{"title":"Creatin Monohydrat 100% REINES Creastrong\u00ae | Patentmarke von Vitastrong, Kreatin Monohydrat | Creatine Monohydrate Pulver mit Optimaler L\u00f6slichkeit | Creatin Pulver | Mikronisiertes Kreatin Pulver - Markt-XXL","description":"Markt-XXL Creatin Monohydrat 100% REINES Creastrong\u00ae | Patentmarke von Vitastrong, Kreatin Monohydrat | Creatine Monohydrate Pulver mit Optimaler L\u00f6slichkeit | Creatin Pulver | Mikronisiertes Kreatin Pulver","robots":{"index":"index","follow":"follow","max-snippet":"max-snippet:-1","max-image-preview":"max-image-preview:large","max-video-preview":"max-video-preview:-1"},"canonical":"https:\/\/marktxxl.de\/markt\/produkt\/creatin-monohydrat-100-reines-creastrong-patentmarke-von-vitastrong-kreatin-monohydrat-creatine-monohydrate-pulver-mit-optimaler-loeslichkeit-creatin-pulver-mikronisiertes-kreatin-pulve\/","og_locale":"de_DE","og_type":"article","og_title":"Creatin Monohydrat 100% REINES Creastrong\u00ae | Patentmarke von Vitastrong, Kreatin Monohydrat | Creatine Monohydrate Pulver mit Optimaler L\u00f6slichkeit | Creatin Pulver | Mikronisiertes Kreatin Pulver - Markt-XXL","og_description":"Markt-XXL Creatin Monohydrat 100% REINES Creastrong\u00ae | Patentmarke von Vitastrong, Kreatin Monohydrat | Creatine Monohydrate Pulver mit Optimaler L\u00f6slichkeit | Creatin Pulver | Mikronisiertes Kreatin Pulver","og_url":"https:\/\/marktxxl.de\/markt\/produkt\/creatin-monohydrat-100-reines-creastrong-patentmarke-von-vitastrong-kreatin-monohydrat-creatine-monohydrate-pulver-mit-optimaler-loeslichkeit-creatin-pulver-mikronisiertes-kreatin-pulve\/","og_site_name":"Markt-XXL","twitter_card":"summary_large_image","twitter_misc":{"Gesch\u00e4tzte Lesezeit":"1\u00a0Minute"},"schema":{"@context":"https:\/\/schema.org","@graph":[{"@type":"WebPage","@id":"https:\/\/marktxxl.de\/markt\/produkt\/creatin-monohydrat-100-reines-creastrong-patentmarke-von-vitastrong-kreatin-monohydrat-creatine-monohydrate-pulver-mit-optimaler-loeslichkeit-creatin-pulver-mikronisiertes-kreatin-pulve\/","url":"https:\/\/marktxxl.de\/markt\/produkt\/creatin-monohydrat-100-reines-creastrong-patentmarke-von-vitastrong-kreatin-monohydrat-creatine-monohydrate-pulver-mit-optimaler-loeslichkeit-creatin-pulver-mikronisiertes-kreatin-pulve\/","name":"Creatin Monohydrat 100% REINES Creastrong\u00ae | Patentmarke von Vitastrong, Kreatin Monohydrat | Creatine Monohydrate Pulver mit Optimaler L\u00f6slichkeit | Creatin Pulver | Mikronisiertes Kreatin Pulver - Markt-XXL","isPartOf":{"@id":"https:\/\/marktxxl.de\/markt\/#website"},"primaryImageOfPage":{"@id":"https:\/\/marktxxl.de\/markt\/produkt\/creatin-monohydrat-100-reines-creastrong-patentmarke-von-vitastrong-kreatin-monohydrat-creatine-monohydrate-pulver-mit-optimaler-loeslichkeit-creatin-pulver-mikronisiertes-kreatin-pulve\/#primaryimage"},"image":{"@id":"https:\/\/marktxxl.de\/markt\/produkt\/creatin-monohydrat-100-reines-creastrong-patentmarke-von-vitastrong-kreatin-monohydrat-creatine-monohydrate-pulver-mit-optimaler-loeslichkeit-creatin-pulver-mikronisiertes-kreatin-pulve\/#primaryimage"},"thumbnailUrl":"https:\/\/m.media-amazon.com\/images\/I\/41aX7AIW2ZL._SL500_.jpg","datePublished":"2023-04-10T14:26:38+00:00","description":"Markt-XXL Creatin Monohydrat 100% REINES Creastrong\u00ae | Patentmarke von Vitastrong, Kreatin Monohydrat | Creatine Monohydrate Pulver mit Optimaler L\u00f6slichkeit | Creatin Pulver | Mikronisiertes Kreatin Pulver","breadcrumb":{"@id":"https:\/\/marktxxl.de\/markt\/produkt\/creatin-monohydrat-100-reines-creastrong-patentmarke-von-vitastrong-kreatin-monohydrat-creatine-monohydrate-pulver-mit-optimaler-loeslichkeit-creatin-pulver-mikronisiertes-kreatin-pulve\/#breadcrumb"},"inLanguage":"de","potentialAction":[{"@type":"ReadAction","target":["https:\/\/marktxxl.de\/markt\/produkt\/creatin-monohydrat-100-reines-creastrong-patentmarke-von-vitastrong-kreatin-monohydrat-creatine-monohydrate-pulver-mit-optimaler-loeslichkeit-creatin-pulver-mikronisiertes-kreatin-pulve\/"]}]},{"@type":"ImageObject","inLanguage":"de","@id":"https:\/\/marktxxl.de\/markt\/produkt\/creatin-monohydrat-100-reines-creastrong-patentmarke-von-vitastrong-kreatin-monohydrat-creatine-monohydrate-pulver-mit-optimaler-loeslichkeit-creatin-pulver-mikronisiertes-kreatin-pulve\/#primaryimage","url":"https:\/\/m.media-amazon.com\/images\/I\/41aX7AIW2ZL._SL500_.jpg","contentUrl":"https:\/\/m.media-amazon.com\/images\/I\/41aX7AIW2ZL._SL500_.jpg","width":343,"height":500},{"@type":"BreadcrumbList","@id":"https:\/\/marktxxl.de\/markt\/produkt\/creatin-monohydrat-100-reines-creastrong-patentmarke-von-vitastrong-kreatin-monohydrat-creatine-monohydrate-pulver-mit-optimaler-loeslichkeit-creatin-pulver-mikronisiertes-kreatin-pulve\/#breadcrumb","itemListElement":[{"@type":"ListItem","position":1,"name":"Startseite","item":"https:\/\/marktxxl.de\/markt\/"},{"@type":"ListItem","position":2,"name":"Markt","item":"https:\/\/marktxxl.de\/markt\/"},{"@type":"ListItem","position":3,"name":"Creatin Monohydrat 100% REINES Creastrong\u00ae | Patentmarke von Vitastrong, Kreatin Monohydrat | Creatine Monohydrate Pulver mit Optimaler L\u00f6slichkeit | Creatin Pulver | Mikronisiertes Kreatin Pulver"}]},{"@type":"WebSite","@id":"https:\/\/marktxxl.de\/markt\/#website","url":"https:\/\/marktxxl.de\/markt\/","name":"Markt-XXL","description":"Ihr Markt Online","publisher":{"@id":"https:\/\/marktxxl.de\/markt\/#organization"},"potentialAction":[{"@type":"SearchAction","target":{"@type":"EntryPoint","urlTemplate":"https:\/\/marktxxl.de\/markt\/?s={search_term_string}"},"query-input":{"@type":"PropertyValueSpecification","valueRequired":true,"valueName":"search_term_string"}}],"inLanguage":"de"},{"@type":"Organization","@id":"https:\/\/marktxxl.de\/markt\/#organization","name":"Markt-XXL","url":"https:\/\/marktxxl.de\/markt\/","logo":{"@type":"ImageObject","inLanguage":"de","@id":"https:\/\/marktxxl.de\/markt\/#\/schema\/logo\/image\/","url":"https:\/\/marktxxl.de\/markt\/wp-content\/uploads\/sites\/3\/2020\/12\/logo.png","contentUrl":"https:\/\/marktxxl.de\/markt\/wp-content\/uploads\/sites\/3\/2020\/12\/logo.png","width":200,"height":70,"caption":"Markt-XXL"},"image":{"@id":"https:\/\/marktxxl.de\/markt\/#\/schema\/logo\/image\/"}}]}},"_links":{"self":[{"href":"https:\/\/marktxxl.de\/markt\/wp-json\/wp\/v2\/product\/203089","targetHints":{"allow":["GET"]}}],"collection":[{"href":"https:\/\/marktxxl.de\/markt\/wp-json\/wp\/v2\/product"}],"about":[{"href":"https:\/\/marktxxl.de\/markt\/wp-json\/wp\/v2\/types\/product"}],"replies":[{"embeddable":true,"href":"https:\/\/marktxxl.de\/markt\/wp-json\/wp\/v2\/comments?post=203089"}],"wp:featuredmedia":[{"embeddable":true,"href":"https:\/\/marktxxl.de\/markt\/wp-json\/wp\/v2\/media\/203090"}],"wp:attachment":[{"href":"https:\/\/marktxxl.de\/markt\/wp-json\/wp\/v2\/media?parent=203089"}],"wp:term":[{"taxonomy":"product_brand","embeddable":true,"href":"https:\/\/marktxxl.de\/markt\/wp-json\/wp\/v2\/product_brand?post=203089"},{"taxonomy":"product_cat","embeddable":true,"href":"https:\/\/marktxxl.de\/markt\/wp-json\/wp\/v2\/product_cat?post=203089"},{"taxonomy":"product_tag","embeddable":true,"href":"https:\/\/marktxxl.de\/markt\/wp-json\/wp\/v2\/product_tag?post=203089"}],"curies":[{"name":"wp","href":"https:\/\/api.w.org\/{rel}","templated":true}]}}