{"id":202815,"date":"2023-04-10T15:53:03","date_gmt":"2023-04-10T13:53:03","guid":{"rendered":"https:\/\/marktxxl.de\/markt\/produkt\/mibly-holzwachsstaebchen-fuer-augenbrauen-gesicht-koerper-beine-klein-mittelgross-gross-zum-wachsen-von-haaren-4-stile-250-stueck\/"},"modified":"2023-04-10T15:53:03","modified_gmt":"2023-04-10T13:53:03","slug":"mibly-holzwachsstaebchen-fuer-augenbrauen-gesicht-koerper-beine-klein-mittelgross-gross-zum-wachsen-von-haaren-4-stile-250-stueck","status":"publish","type":"product","link":"https:\/\/marktxxl.de\/markt\/produkt\/mibly-holzwachsstaebchen-fuer-augenbrauen-gesicht-koerper-beine-klein-mittelgross-gross-zum-wachsen-von-haaren-4-stile-250-stueck\/","title":{"rendered":"Mibly Holzwachsst\u00e4bchen f\u00fcr Augenbrauen, Gesicht, K\u00f6rper, Beine, klein, mittelgro\u00df, gro\u00df, zum Wachsen von Haaren, 4 Stile, 250 St\u00fcck"},"content":{"rendered":"<p>Breite Variante; Mibly Packung mit 250 sortierten St\u00e4bchen, enth\u00e4lt Small Style 1 (8,9 cm) 100 St\u00fcck, Small Style 2 (8,9 cm) 50 St\u00fcck, Medium (10,9 cm) 50 St\u00fcck und Large (15 cm) 50 St\u00fcck, Pro Waxing Sticks und Holz Crafting Sticks.<br \/>\nVielseitig verwendbar; Mini-Holzapplikatoren ideal f\u00fcr schwierige Bereiche. Wachsen von Augenbrauen, Ohren, Lippen, Nase und Gesichtshaarentfernung mit Pr\u00e4zisionswachs. Jumbo-Applikatoren aus Holz, ideal f\u00fcr allgemeine Bereiche<br \/>\nNat\u00fcrliches Material; Birkenholzst\u00e4bchen, die umweltfreundlich sind und wegwerfbar sind. Glatte Oberfl\u00e4che, die Ihre Haut im Falle einer Infektion nicht verletzt. Perfekt f\u00fcr Hartwachs, Wachsperlen, Wachst\u00f6pfe, Mikrowellenwachs, Wachsw\u00e4rmer und DIY-Wachs-Set<br \/>\nReichliche Menge; vier Stil-Packungen mit 250 Wachsst\u00e4bchen mit mehreren Gr\u00f6\u00dfenkombinationen reichen f\u00fcr Ihre Verwendung in allen Situationen. Ein Muss f\u00fcr den Salon oder den t\u00e4glichen Gebrauch und ein wichtiger Bestandteil von Kosmetikerbedarf. H\u00e4lt lange und einfach zu verstauen.<br \/>\nZus\u00e4tzliche Anwendungen; vielseitig als Bastelst\u00e4be in DIY-Projekten, kurze Wachsst\u00e4be und gro\u00dfe Wachsst\u00e4be auch als Zungenspatel, Mischst\u00e4be f\u00fcr Fl\u00fcssigkeit, Farbe, Harzmischen, R\u00fchren und als Eis am Stiel geeignet.<br \/>\n<div class=\"main-cross-sell\" data-asin=\"B091FLVBBQ\">\n\n\t<div class=\"WooZone-cross-sell-loader\">\n\t\t<div>\n\t\t\t<div id=\"floatingBarsG\">\n\t\t\t\t<div class=\"blockG\" id=\"rotateG_01\"><\/div>\n\t\t\t\t<div class=\"blockG\" id=\"rotateG_02\"><\/div>\n\t\t\t\t<div class=\"blockG\" id=\"rotateG_03\"><\/div>\n\t\t\t\t<div class=\"blockG\" id=\"rotateG_04\"><\/div>\n\t\t\t\t<div class=\"blockG\" id=\"rotateG_05\"><\/div>\n\t\t\t\t<div class=\"blockG\" id=\"rotateG_06\"><\/div>\n\t\t\t\t<div class=\"blockG\" id=\"rotateG_07\"><\/div>\n\t\t\t\t<div class=\"blockG\" id=\"rotateG_08\"><\/div>\n\t\t\t<\/div>\n\t\t\t<div class=\"WooZone-cross-sell-loader-text\"><\/div>\n\t\t<\/div>\n\t<\/div>\n\n\t\t\n<\/div>\n<div style=\"clear:both;\"><\/div><\/p>\n","protected":false},"excerpt":{"rendered":"<p>Breite Variante; Mibly Packung mit 250 sortierten St\u00e4bchen, enth\u00e4lt Small Style 1 (8,9 cm) 100 St\u00fcck, Small Style 2 (8,9 cm) 50 St\u00fcck, Medium (10,9 cm) 50 St\u00fcck und Large (15 cm) 50 St\u00fcck, Pro Waxing Sticks und Holz Crafting Sticks.<br \/>\nVielseitig verwendbar; Mini-Holzapplikatoren ideal f\u00fcr schwierige Bereiche. Wachsen von Augenbrauen, Ohren, Lippen, Nase und Gesichtshaarentfernung mit Pr\u00e4zisionswachs. Jumbo-Applikatoren aus Holz, ideal f\u00fcr allgemeine Bereiche<br \/>\nNat\u00fcrliches Material; Birkenholzst\u00e4bchen, die umweltfreundlich sind und wegwerfbar sind. Glatte Oberfl\u00e4che, die Ihre Haut im Falle einer Infektion nicht verletzt. Perfekt f\u00fcr Hartwachs, Wachsperlen, Wachst\u00f6pfe, Mikrowellenwachs, Wachsw\u00e4rmer und DIY-Wachs-Set<\/p>\n","protected":false},"featured_media":202816,"comment_status":"open","ping_status":"closed","template":"","meta":[],"product_brand":[],"product_cat":[566,6190],"product_tag":[],"class_list":{"0":"post-202815","1":"product","2":"type-product","3":"status-publish","4":"has-post-thumbnail","6":"product_cat-drogerie-koerperpflege","7":"product_cat-rasur-enthaarung","8":"pa_binding-badartikel","9":"pa_brand-mibly","10":"pa_manufacturer-sfr-trading","11":"pa_model-sfr0004","13":"first","14":"instock","15":"shipping-taxable","16":"purchasable","17":"product-type-simple","18":"customify-col","19":"product-has-gallery"},"yoast_head":"<!-- This site is optimized with the Yoast SEO plugin v27.3 - https:\/\/yoast.com\/product\/yoast-seo-wordpress\/ -->\n<title>Mibly Holzwachsst\u00e4bchen f\u00fcr Augenbrauen, Gesicht, K\u00f6rper, Beine, klein, mittelgro\u00df, gro\u00df, zum Wachsen von Haaren, 4 Stile, 250 St\u00fcck - Markt-XXL<\/title>\n<meta name=\"description\" content=\"Markt-XXL Mibly Holzwachsst\u00e4bchen f\u00fcr Augenbrauen, Gesicht, K\u00f6rper, Beine, klein, mittelgro\u00df, gro\u00df, zum Wachsen von Haaren, 4 Stile, 250 St\u00fcck\" \/>\n<meta name=\"robots\" content=\"index, follow, max-snippet:-1, max-image-preview:large, max-video-preview:-1\" \/>\n<link rel=\"canonical\" href=\"https:\/\/marktxxl.de\/markt\/produkt\/mibly-holzwachsstaebchen-fuer-augenbrauen-gesicht-koerper-beine-klein-mittelgross-gross-zum-wachsen-von-haaren-4-stile-250-stueck\/\" \/>\n<meta property=\"og:locale\" content=\"de_DE\" \/>\n<meta property=\"og:type\" content=\"article\" \/>\n<meta property=\"og:title\" content=\"Mibly Holzwachsst\u00e4bchen f\u00fcr Augenbrauen, Gesicht, K\u00f6rper, Beine, klein, mittelgro\u00df, gro\u00df, zum Wachsen von Haaren, 4 Stile, 250 St\u00fcck - Markt-XXL\" \/>\n<meta property=\"og:description\" content=\"Markt-XXL Mibly Holzwachsst\u00e4bchen f\u00fcr Augenbrauen, Gesicht, K\u00f6rper, Beine, klein, mittelgro\u00df, gro\u00df, zum Wachsen von Haaren, 4 Stile, 250 St\u00fcck\" \/>\n<meta property=\"og:url\" content=\"https:\/\/marktxxl.de\/markt\/produkt\/mibly-holzwachsstaebchen-fuer-augenbrauen-gesicht-koerper-beine-klein-mittelgross-gross-zum-wachsen-von-haaren-4-stile-250-stueck\/\" \/>\n<meta property=\"og:site_name\" content=\"Markt-XXL\" \/>\n<meta name=\"twitter:card\" content=\"summary_large_image\" \/>\n<meta name=\"twitter:label1\" content=\"Gesch\u00e4tzte Lesezeit\" \/>\n\t<meta name=\"twitter:data1\" content=\"1\u00a0Minute\" \/>\n<script type=\"application\/ld+json\" class=\"yoast-schema-graph\">{\"@context\":\"https:\\\/\\\/schema.org\",\"@graph\":[{\"@type\":\"WebPage\",\"@id\":\"https:\\\/\\\/marktxxl.de\\\/markt\\\/produkt\\\/mibly-holzwachsstaebchen-fuer-augenbrauen-gesicht-koerper-beine-klein-mittelgross-gross-zum-wachsen-von-haaren-4-stile-250-stueck\\\/\",\"url\":\"https:\\\/\\\/marktxxl.de\\\/markt\\\/produkt\\\/mibly-holzwachsstaebchen-fuer-augenbrauen-gesicht-koerper-beine-klein-mittelgross-gross-zum-wachsen-von-haaren-4-stile-250-stueck\\\/\",\"name\":\"Mibly Holzwachsst\u00e4bchen f\u00fcr Augenbrauen, Gesicht, K\u00f6rper, Beine, klein, mittelgro\u00df, gro\u00df, zum Wachsen von Haaren, 4 Stile, 250 St\u00fcck - Markt-XXL\",\"isPartOf\":{\"@id\":\"https:\\\/\\\/marktxxl.de\\\/markt\\\/#website\"},\"primaryImageOfPage\":{\"@id\":\"https:\\\/\\\/marktxxl.de\\\/markt\\\/produkt\\\/mibly-holzwachsstaebchen-fuer-augenbrauen-gesicht-koerper-beine-klein-mittelgross-gross-zum-wachsen-von-haaren-4-stile-250-stueck\\\/#primaryimage\"},\"image\":{\"@id\":\"https:\\\/\\\/marktxxl.de\\\/markt\\\/produkt\\\/mibly-holzwachsstaebchen-fuer-augenbrauen-gesicht-koerper-beine-klein-mittelgross-gross-zum-wachsen-von-haaren-4-stile-250-stueck\\\/#primaryimage\"},\"thumbnailUrl\":\"https:\\\/\\\/m.media-amazon.com\\\/images\\\/I\\\/517hIWvUDES._SL500_.jpg\",\"datePublished\":\"2023-04-10T13:53:03+00:00\",\"description\":\"Markt-XXL Mibly Holzwachsst\u00e4bchen f\u00fcr Augenbrauen, Gesicht, K\u00f6rper, Beine, klein, mittelgro\u00df, gro\u00df, zum Wachsen von Haaren, 4 Stile, 250 St\u00fcck\",\"breadcrumb\":{\"@id\":\"https:\\\/\\\/marktxxl.de\\\/markt\\\/produkt\\\/mibly-holzwachsstaebchen-fuer-augenbrauen-gesicht-koerper-beine-klein-mittelgross-gross-zum-wachsen-von-haaren-4-stile-250-stueck\\\/#breadcrumb\"},\"inLanguage\":\"de\",\"potentialAction\":[{\"@type\":\"ReadAction\",\"target\":[\"https:\\\/\\\/marktxxl.de\\\/markt\\\/produkt\\\/mibly-holzwachsstaebchen-fuer-augenbrauen-gesicht-koerper-beine-klein-mittelgross-gross-zum-wachsen-von-haaren-4-stile-250-stueck\\\/\"]}]},{\"@type\":\"ImageObject\",\"inLanguage\":\"de\",\"@id\":\"https:\\\/\\\/marktxxl.de\\\/markt\\\/produkt\\\/mibly-holzwachsstaebchen-fuer-augenbrauen-gesicht-koerper-beine-klein-mittelgross-gross-zum-wachsen-von-haaren-4-stile-250-stueck\\\/#primaryimage\",\"url\":\"https:\\\/\\\/m.media-amazon.com\\\/images\\\/I\\\/517hIWvUDES._SL500_.jpg\",\"contentUrl\":\"https:\\\/\\\/m.media-amazon.com\\\/images\\\/I\\\/517hIWvUDES._SL500_.jpg\",\"width\":500,\"height\":500},{\"@type\":\"BreadcrumbList\",\"@id\":\"https:\\\/\\\/marktxxl.de\\\/markt\\\/produkt\\\/mibly-holzwachsstaebchen-fuer-augenbrauen-gesicht-koerper-beine-klein-mittelgross-gross-zum-wachsen-von-haaren-4-stile-250-stueck\\\/#breadcrumb\",\"itemListElement\":[{\"@type\":\"ListItem\",\"position\":1,\"name\":\"Startseite\",\"item\":\"https:\\\/\\\/marktxxl.de\\\/markt\\\/\"},{\"@type\":\"ListItem\",\"position\":2,\"name\":\"Markt\",\"item\":\"https:\\\/\\\/marktxxl.de\\\/markt\\\/\"},{\"@type\":\"ListItem\",\"position\":3,\"name\":\"Mibly Holzwachsst\u00e4bchen f\u00fcr Augenbrauen, Gesicht, K\u00f6rper, Beine, klein, mittelgro\u00df, gro\u00df, zum Wachsen von Haaren, 4 Stile, 250 St\u00fcck\"}]},{\"@type\":\"WebSite\",\"@id\":\"https:\\\/\\\/marktxxl.de\\\/markt\\\/#website\",\"url\":\"https:\\\/\\\/marktxxl.de\\\/markt\\\/\",\"name\":\"Markt-XXL\",\"description\":\"Ihr Markt Online\",\"publisher\":{\"@id\":\"https:\\\/\\\/marktxxl.de\\\/markt\\\/#organization\"},\"potentialAction\":[{\"@type\":\"SearchAction\",\"target\":{\"@type\":\"EntryPoint\",\"urlTemplate\":\"https:\\\/\\\/marktxxl.de\\\/markt\\\/?s={search_term_string}\"},\"query-input\":{\"@type\":\"PropertyValueSpecification\",\"valueRequired\":true,\"valueName\":\"search_term_string\"}}],\"inLanguage\":\"de\"},{\"@type\":\"Organization\",\"@id\":\"https:\\\/\\\/marktxxl.de\\\/markt\\\/#organization\",\"name\":\"Markt-XXL\",\"url\":\"https:\\\/\\\/marktxxl.de\\\/markt\\\/\",\"logo\":{\"@type\":\"ImageObject\",\"inLanguage\":\"de\",\"@id\":\"https:\\\/\\\/marktxxl.de\\\/markt\\\/#\\\/schema\\\/logo\\\/image\\\/\",\"url\":\"https:\\\/\\\/marktxxl.de\\\/markt\\\/wp-content\\\/uploads\\\/sites\\\/3\\\/2020\\\/12\\\/logo.png\",\"contentUrl\":\"https:\\\/\\\/marktxxl.de\\\/markt\\\/wp-content\\\/uploads\\\/sites\\\/3\\\/2020\\\/12\\\/logo.png\",\"width\":200,\"height\":70,\"caption\":\"Markt-XXL\"},\"image\":{\"@id\":\"https:\\\/\\\/marktxxl.de\\\/markt\\\/#\\\/schema\\\/logo\\\/image\\\/\"}}]}<\/script>\n<!-- \/ Yoast SEO plugin. -->","yoast_head_json":{"title":"Mibly Holzwachsst\u00e4bchen f\u00fcr Augenbrauen, Gesicht, K\u00f6rper, Beine, klein, mittelgro\u00df, gro\u00df, zum Wachsen von Haaren, 4 Stile, 250 St\u00fcck - Markt-XXL","description":"Markt-XXL Mibly Holzwachsst\u00e4bchen f\u00fcr Augenbrauen, Gesicht, K\u00f6rper, Beine, klein, mittelgro\u00df, gro\u00df, zum Wachsen von Haaren, 4 Stile, 250 St\u00fcck","robots":{"index":"index","follow":"follow","max-snippet":"max-snippet:-1","max-image-preview":"max-image-preview:large","max-video-preview":"max-video-preview:-1"},"canonical":"https:\/\/marktxxl.de\/markt\/produkt\/mibly-holzwachsstaebchen-fuer-augenbrauen-gesicht-koerper-beine-klein-mittelgross-gross-zum-wachsen-von-haaren-4-stile-250-stueck\/","og_locale":"de_DE","og_type":"article","og_title":"Mibly Holzwachsst\u00e4bchen f\u00fcr Augenbrauen, Gesicht, K\u00f6rper, Beine, klein, mittelgro\u00df, gro\u00df, zum Wachsen von Haaren, 4 Stile, 250 St\u00fcck - Markt-XXL","og_description":"Markt-XXL Mibly Holzwachsst\u00e4bchen f\u00fcr Augenbrauen, Gesicht, K\u00f6rper, Beine, klein, mittelgro\u00df, gro\u00df, zum Wachsen von Haaren, 4 Stile, 250 St\u00fcck","og_url":"https:\/\/marktxxl.de\/markt\/produkt\/mibly-holzwachsstaebchen-fuer-augenbrauen-gesicht-koerper-beine-klein-mittelgross-gross-zum-wachsen-von-haaren-4-stile-250-stueck\/","og_site_name":"Markt-XXL","twitter_card":"summary_large_image","twitter_misc":{"Gesch\u00e4tzte Lesezeit":"1\u00a0Minute"},"schema":{"@context":"https:\/\/schema.org","@graph":[{"@type":"WebPage","@id":"https:\/\/marktxxl.de\/markt\/produkt\/mibly-holzwachsstaebchen-fuer-augenbrauen-gesicht-koerper-beine-klein-mittelgross-gross-zum-wachsen-von-haaren-4-stile-250-stueck\/","url":"https:\/\/marktxxl.de\/markt\/produkt\/mibly-holzwachsstaebchen-fuer-augenbrauen-gesicht-koerper-beine-klein-mittelgross-gross-zum-wachsen-von-haaren-4-stile-250-stueck\/","name":"Mibly Holzwachsst\u00e4bchen f\u00fcr Augenbrauen, Gesicht, K\u00f6rper, Beine, klein, mittelgro\u00df, gro\u00df, zum Wachsen von Haaren, 4 Stile, 250 St\u00fcck - Markt-XXL","isPartOf":{"@id":"https:\/\/marktxxl.de\/markt\/#website"},"primaryImageOfPage":{"@id":"https:\/\/marktxxl.de\/markt\/produkt\/mibly-holzwachsstaebchen-fuer-augenbrauen-gesicht-koerper-beine-klein-mittelgross-gross-zum-wachsen-von-haaren-4-stile-250-stueck\/#primaryimage"},"image":{"@id":"https:\/\/marktxxl.de\/markt\/produkt\/mibly-holzwachsstaebchen-fuer-augenbrauen-gesicht-koerper-beine-klein-mittelgross-gross-zum-wachsen-von-haaren-4-stile-250-stueck\/#primaryimage"},"thumbnailUrl":"https:\/\/m.media-amazon.com\/images\/I\/517hIWvUDES._SL500_.jpg","datePublished":"2023-04-10T13:53:03+00:00","description":"Markt-XXL Mibly Holzwachsst\u00e4bchen f\u00fcr Augenbrauen, Gesicht, K\u00f6rper, Beine, klein, mittelgro\u00df, gro\u00df, zum Wachsen von Haaren, 4 Stile, 250 St\u00fcck","breadcrumb":{"@id":"https:\/\/marktxxl.de\/markt\/produkt\/mibly-holzwachsstaebchen-fuer-augenbrauen-gesicht-koerper-beine-klein-mittelgross-gross-zum-wachsen-von-haaren-4-stile-250-stueck\/#breadcrumb"},"inLanguage":"de","potentialAction":[{"@type":"ReadAction","target":["https:\/\/marktxxl.de\/markt\/produkt\/mibly-holzwachsstaebchen-fuer-augenbrauen-gesicht-koerper-beine-klein-mittelgross-gross-zum-wachsen-von-haaren-4-stile-250-stueck\/"]}]},{"@type":"ImageObject","inLanguage":"de","@id":"https:\/\/marktxxl.de\/markt\/produkt\/mibly-holzwachsstaebchen-fuer-augenbrauen-gesicht-koerper-beine-klein-mittelgross-gross-zum-wachsen-von-haaren-4-stile-250-stueck\/#primaryimage","url":"https:\/\/m.media-amazon.com\/images\/I\/517hIWvUDES._SL500_.jpg","contentUrl":"https:\/\/m.media-amazon.com\/images\/I\/517hIWvUDES._SL500_.jpg","width":500,"height":500},{"@type":"BreadcrumbList","@id":"https:\/\/marktxxl.de\/markt\/produkt\/mibly-holzwachsstaebchen-fuer-augenbrauen-gesicht-koerper-beine-klein-mittelgross-gross-zum-wachsen-von-haaren-4-stile-250-stueck\/#breadcrumb","itemListElement":[{"@type":"ListItem","position":1,"name":"Startseite","item":"https:\/\/marktxxl.de\/markt\/"},{"@type":"ListItem","position":2,"name":"Markt","item":"https:\/\/marktxxl.de\/markt\/"},{"@type":"ListItem","position":3,"name":"Mibly Holzwachsst\u00e4bchen f\u00fcr Augenbrauen, Gesicht, K\u00f6rper, Beine, klein, mittelgro\u00df, gro\u00df, zum Wachsen von Haaren, 4 Stile, 250 St\u00fcck"}]},{"@type":"WebSite","@id":"https:\/\/marktxxl.de\/markt\/#website","url":"https:\/\/marktxxl.de\/markt\/","name":"Markt-XXL","description":"Ihr Markt Online","publisher":{"@id":"https:\/\/marktxxl.de\/markt\/#organization"},"potentialAction":[{"@type":"SearchAction","target":{"@type":"EntryPoint","urlTemplate":"https:\/\/marktxxl.de\/markt\/?s={search_term_string}"},"query-input":{"@type":"PropertyValueSpecification","valueRequired":true,"valueName":"search_term_string"}}],"inLanguage":"de"},{"@type":"Organization","@id":"https:\/\/marktxxl.de\/markt\/#organization","name":"Markt-XXL","url":"https:\/\/marktxxl.de\/markt\/","logo":{"@type":"ImageObject","inLanguage":"de","@id":"https:\/\/marktxxl.de\/markt\/#\/schema\/logo\/image\/","url":"https:\/\/marktxxl.de\/markt\/wp-content\/uploads\/sites\/3\/2020\/12\/logo.png","contentUrl":"https:\/\/marktxxl.de\/markt\/wp-content\/uploads\/sites\/3\/2020\/12\/logo.png","width":200,"height":70,"caption":"Markt-XXL"},"image":{"@id":"https:\/\/marktxxl.de\/markt\/#\/schema\/logo\/image\/"}}]}},"_links":{"self":[{"href":"https:\/\/marktxxl.de\/markt\/wp-json\/wp\/v2\/product\/202815","targetHints":{"allow":["GET"]}}],"collection":[{"href":"https:\/\/marktxxl.de\/markt\/wp-json\/wp\/v2\/product"}],"about":[{"href":"https:\/\/marktxxl.de\/markt\/wp-json\/wp\/v2\/types\/product"}],"replies":[{"embeddable":true,"href":"https:\/\/marktxxl.de\/markt\/wp-json\/wp\/v2\/comments?post=202815"}],"wp:featuredmedia":[{"embeddable":true,"href":"https:\/\/marktxxl.de\/markt\/wp-json\/wp\/v2\/media\/202816"}],"wp:attachment":[{"href":"https:\/\/marktxxl.de\/markt\/wp-json\/wp\/v2\/media?parent=202815"}],"wp:term":[{"taxonomy":"product_brand","embeddable":true,"href":"https:\/\/marktxxl.de\/markt\/wp-json\/wp\/v2\/product_brand?post=202815"},{"taxonomy":"product_cat","embeddable":true,"href":"https:\/\/marktxxl.de\/markt\/wp-json\/wp\/v2\/product_cat?post=202815"},{"taxonomy":"product_tag","embeddable":true,"href":"https:\/\/marktxxl.de\/markt\/wp-json\/wp\/v2\/product_tag?post=202815"}],"curies":[{"name":"wp","href":"https:\/\/api.w.org\/{rel}","templated":true}]}}