{"id":202781,"date":"2023-04-10T15:50:34","date_gmt":"2023-04-10T13:50:34","guid":{"rendered":"https:\/\/marktxxl.de\/markt\/produkt\/swiffer-nachfuellpack-trockentuecher-fuer-swiffer-120-3-x-40-stueck-reinigungstuecher-faengt-staub-auf\/"},"modified":"2023-04-10T15:50:34","modified_gmt":"2023-04-10T13:50:34","slug":"swiffer-nachfuellpack-trockentuecher-fuer-swiffer-120-3-x-40-stueck-reinigungstuecher-faengt-staub-auf","status":"publish","type":"product","link":"https:\/\/marktxxl.de\/markt\/produkt\/swiffer-nachfuellpack-trockentuecher-fuer-swiffer-120-3-x-40-stueck-reinigungstuecher-faengt-staub-auf\/","title":{"rendered":"Swiffer Nachf\u00fcllpack Trockent\u00fccher f\u00fcr Swiffer 120 (3 x 40 St\u00fcck) Reinigungst\u00fccher, f\u00e4ngt Staub auf"},"content":{"rendered":"<p>Besen-Reinigungstuch, das Staub, Schmutz und Haare viel besser anzieht und einschlie\u00dft als ein herk\u00f6mmlicher Besen<br \/>\nVerpackung kann variieren<br \/>\n20 Ersatzminen (Besen separat erh\u00e4ltlich)<br \/>\nElektrostatische Kapazit\u00e4t<br \/>\nIdeal f\u00fcr Holz-, Fliesen- oder Vinylb\u00f6den<br \/>\nWischt\u00fccher f\u00fcr Swiffer-Mopp<br \/>\nUm 360\u00b0 drehbarer Kopf f\u00fcr schwer zug\u00e4ngliche Stellen (z.B. unter dem Bett oder unter dem Sofa)<br \/>\nSpezielles Design zum Anziehen von Staub und Haaren, auch an Fugen<br \/>\nIdeal zum Auffangen von Tierhaaren<br \/>\nAuch als Swiffer Feuchtt\u00fccher erh\u00e4ltlich<br \/>\n<div class=\"main-cross-sell\" data-asin=\"B07639RBVJ\">\n\n\t<div class=\"WooZone-cross-sell-loader\">\n\t\t<div>\n\t\t\t<div id=\"floatingBarsG\">\n\t\t\t\t<div class=\"blockG\" id=\"rotateG_01\"><\/div>\n\t\t\t\t<div class=\"blockG\" id=\"rotateG_02\"><\/div>\n\t\t\t\t<div class=\"blockG\" id=\"rotateG_03\"><\/div>\n\t\t\t\t<div class=\"blockG\" id=\"rotateG_04\"><\/div>\n\t\t\t\t<div class=\"blockG\" id=\"rotateG_05\"><\/div>\n\t\t\t\t<div class=\"blockG\" id=\"rotateG_06\"><\/div>\n\t\t\t\t<div class=\"blockG\" id=\"rotateG_07\"><\/div>\n\t\t\t\t<div class=\"blockG\" id=\"rotateG_08\"><\/div>\n\t\t\t<\/div>\n\t\t\t<div class=\"WooZone-cross-sell-loader-text\"><\/div>\n\t\t<\/div>\n\t<\/div>\n\n\t\t\n<\/div>\n<div style=\"clear:both;\"><\/div><\/p>\n","protected":false},"excerpt":{"rendered":"<p>Besen-Reinigungstuch, das Staub, Schmutz und Haare viel besser anzieht und einschlie\u00dft als ein herk\u00f6mmlicher Besen<br \/>\nVerpackung kann variieren<br \/>\n20 Ersatzminen (Besen separat erh\u00e4ltlich)<\/p>\n","protected":false},"featured_media":202782,"comment_status":"open","ping_status":"closed","template":"","meta":[],"product_brand":[],"product_cat":[566],"product_tag":[],"class_list":{"0":"post-202781","1":"product","2":"type-product","3":"status-publish","4":"has-post-thumbnail","6":"product_cat-drogerie-koerperpflege","7":"pa_binding-misc","8":"pa_brand-swiffer","9":"pa_color-120-tuecher-alt","10":"pa_height-6-5354330642-zoll","11":"pa_length-10-236220462-zoll","12":"pa_manufacturer-procter-gamble","13":"pa_model-51434","14":"pa_size-120-stueck","15":"pa_weight-0-2645547144-pfund","16":"pa_width-8-267716527-zoll","18":"first","19":"instock","20":"shipping-taxable","21":"purchasable","22":"product-type-simple","23":"customify-col","24":"product-has-gallery"},"yoast_head":"<!-- This site is optimized with the Yoast SEO plugin v27.4 - https:\/\/yoast.com\/product\/yoast-seo-wordpress\/ -->\n<title>Swiffer Nachf\u00fcllpack Trockent\u00fccher f\u00fcr Swiffer 120 (3 x 40 St\u00fcck) Reinigungst\u00fccher, f\u00e4ngt Staub auf - Markt-XXL<\/title>\n<meta name=\"description\" content=\"Markt-XXL Swiffer Nachf\u00fcllpack Trockent\u00fccher f\u00fcr Swiffer 120 (3 x 40 St\u00fcck) Reinigungst\u00fccher, f\u00e4ngt Staub auf\" \/>\n<meta name=\"robots\" content=\"index, follow, max-snippet:-1, max-image-preview:large, max-video-preview:-1\" \/>\n<link rel=\"canonical\" href=\"https:\/\/marktxxl.de\/markt\/produkt\/swiffer-nachfuellpack-trockentuecher-fuer-swiffer-120-3-x-40-stueck-reinigungstuecher-faengt-staub-auf\/\" \/>\n<meta property=\"og:locale\" content=\"de_DE\" \/>\n<meta property=\"og:type\" content=\"article\" \/>\n<meta property=\"og:title\" content=\"Swiffer Nachf\u00fcllpack Trockent\u00fccher f\u00fcr Swiffer 120 (3 x 40 St\u00fcck) Reinigungst\u00fccher, f\u00e4ngt Staub auf - Markt-XXL\" \/>\n<meta property=\"og:description\" content=\"Markt-XXL Swiffer Nachf\u00fcllpack Trockent\u00fccher f\u00fcr Swiffer 120 (3 x 40 St\u00fcck) Reinigungst\u00fccher, f\u00e4ngt Staub auf\" \/>\n<meta property=\"og:url\" content=\"https:\/\/marktxxl.de\/markt\/produkt\/swiffer-nachfuellpack-trockentuecher-fuer-swiffer-120-3-x-40-stueck-reinigungstuecher-faengt-staub-auf\/\" \/>\n<meta property=\"og:site_name\" content=\"Markt-XXL\" \/>\n<meta name=\"twitter:card\" content=\"summary_large_image\" \/>\n<script type=\"application\/ld+json\" class=\"yoast-schema-graph\">{\"@context\":\"https:\\\/\\\/schema.org\",\"@graph\":[{\"@type\":\"WebPage\",\"@id\":\"https:\\\/\\\/marktxxl.de\\\/markt\\\/produkt\\\/swiffer-nachfuellpack-trockentuecher-fuer-swiffer-120-3-x-40-stueck-reinigungstuecher-faengt-staub-auf\\\/\",\"url\":\"https:\\\/\\\/marktxxl.de\\\/markt\\\/produkt\\\/swiffer-nachfuellpack-trockentuecher-fuer-swiffer-120-3-x-40-stueck-reinigungstuecher-faengt-staub-auf\\\/\",\"name\":\"Swiffer Nachf\u00fcllpack Trockent\u00fccher f\u00fcr Swiffer 120 (3 x 40 St\u00fcck) Reinigungst\u00fccher, f\u00e4ngt Staub auf - Markt-XXL\",\"isPartOf\":{\"@id\":\"https:\\\/\\\/marktxxl.de\\\/markt\\\/#website\"},\"primaryImageOfPage\":{\"@id\":\"https:\\\/\\\/marktxxl.de\\\/markt\\\/produkt\\\/swiffer-nachfuellpack-trockentuecher-fuer-swiffer-120-3-x-40-stueck-reinigungstuecher-faengt-staub-auf\\\/#primaryimage\"},\"image\":{\"@id\":\"https:\\\/\\\/marktxxl.de\\\/markt\\\/produkt\\\/swiffer-nachfuellpack-trockentuecher-fuer-swiffer-120-3-x-40-stueck-reinigungstuecher-faengt-staub-auf\\\/#primaryimage\"},\"thumbnailUrl\":\"https:\\\/\\\/m.media-amazon.com\\\/images\\\/I\\\/51yLISxEGlL._SL500_.jpg\",\"datePublished\":\"2023-04-10T13:50:34+00:00\",\"description\":\"Markt-XXL Swiffer Nachf\u00fcllpack Trockent\u00fccher f\u00fcr Swiffer 120 (3 x 40 St\u00fcck) Reinigungst\u00fccher, f\u00e4ngt Staub auf\",\"breadcrumb\":{\"@id\":\"https:\\\/\\\/marktxxl.de\\\/markt\\\/produkt\\\/swiffer-nachfuellpack-trockentuecher-fuer-swiffer-120-3-x-40-stueck-reinigungstuecher-faengt-staub-auf\\\/#breadcrumb\"},\"inLanguage\":\"de\",\"potentialAction\":[{\"@type\":\"ReadAction\",\"target\":[\"https:\\\/\\\/marktxxl.de\\\/markt\\\/produkt\\\/swiffer-nachfuellpack-trockentuecher-fuer-swiffer-120-3-x-40-stueck-reinigungstuecher-faengt-staub-auf\\\/\"]}]},{\"@type\":\"ImageObject\",\"inLanguage\":\"de\",\"@id\":\"https:\\\/\\\/marktxxl.de\\\/markt\\\/produkt\\\/swiffer-nachfuellpack-trockentuecher-fuer-swiffer-120-3-x-40-stueck-reinigungstuecher-faengt-staub-auf\\\/#primaryimage\",\"url\":\"https:\\\/\\\/m.media-amazon.com\\\/images\\\/I\\\/51yLISxEGlL._SL500_.jpg\",\"contentUrl\":\"https:\\\/\\\/m.media-amazon.com\\\/images\\\/I\\\/51yLISxEGlL._SL500_.jpg\",\"width\":500,\"height\":499},{\"@type\":\"BreadcrumbList\",\"@id\":\"https:\\\/\\\/marktxxl.de\\\/markt\\\/produkt\\\/swiffer-nachfuellpack-trockentuecher-fuer-swiffer-120-3-x-40-stueck-reinigungstuecher-faengt-staub-auf\\\/#breadcrumb\",\"itemListElement\":[{\"@type\":\"ListItem\",\"position\":1,\"name\":\"Startseite\",\"item\":\"https:\\\/\\\/marktxxl.de\\\/markt\\\/\"},{\"@type\":\"ListItem\",\"position\":2,\"name\":\"Markt\",\"item\":\"https:\\\/\\\/marktxxl.de\\\/markt\\\/\"},{\"@type\":\"ListItem\",\"position\":3,\"name\":\"Swiffer Nachf\u00fcllpack Trockent\u00fccher f\u00fcr Swiffer 120 (3 x 40 St\u00fcck) Reinigungst\u00fccher, f\u00e4ngt Staub auf\"}]},{\"@type\":\"WebSite\",\"@id\":\"https:\\\/\\\/marktxxl.de\\\/markt\\\/#website\",\"url\":\"https:\\\/\\\/marktxxl.de\\\/markt\\\/\",\"name\":\"Markt-XXL\",\"description\":\"Ihr Markt Online\",\"publisher\":{\"@id\":\"https:\\\/\\\/marktxxl.de\\\/markt\\\/#organization\"},\"potentialAction\":[{\"@type\":\"SearchAction\",\"target\":{\"@type\":\"EntryPoint\",\"urlTemplate\":\"https:\\\/\\\/marktxxl.de\\\/markt\\\/?s={search_term_string}\"},\"query-input\":{\"@type\":\"PropertyValueSpecification\",\"valueRequired\":true,\"valueName\":\"search_term_string\"}}],\"inLanguage\":\"de\"},{\"@type\":\"Organization\",\"@id\":\"https:\\\/\\\/marktxxl.de\\\/markt\\\/#organization\",\"name\":\"Markt-XXL\",\"url\":\"https:\\\/\\\/marktxxl.de\\\/markt\\\/\",\"logo\":{\"@type\":\"ImageObject\",\"inLanguage\":\"de\",\"@id\":\"https:\\\/\\\/marktxxl.de\\\/markt\\\/#\\\/schema\\\/logo\\\/image\\\/\",\"url\":\"https:\\\/\\\/marktxxl.de\\\/markt\\\/wp-content\\\/uploads\\\/sites\\\/3\\\/2020\\\/12\\\/logo.png\",\"contentUrl\":\"https:\\\/\\\/marktxxl.de\\\/markt\\\/wp-content\\\/uploads\\\/sites\\\/3\\\/2020\\\/12\\\/logo.png\",\"width\":200,\"height\":70,\"caption\":\"Markt-XXL\"},\"image\":{\"@id\":\"https:\\\/\\\/marktxxl.de\\\/markt\\\/#\\\/schema\\\/logo\\\/image\\\/\"}}]}<\/script>\n<!-- \/ Yoast SEO plugin. -->","yoast_head_json":{"title":"Swiffer Nachf\u00fcllpack Trockent\u00fccher f\u00fcr Swiffer 120 (3 x 40 St\u00fcck) Reinigungst\u00fccher, f\u00e4ngt Staub auf - Markt-XXL","description":"Markt-XXL Swiffer Nachf\u00fcllpack Trockent\u00fccher f\u00fcr Swiffer 120 (3 x 40 St\u00fcck) Reinigungst\u00fccher, f\u00e4ngt Staub auf","robots":{"index":"index","follow":"follow","max-snippet":"max-snippet:-1","max-image-preview":"max-image-preview:large","max-video-preview":"max-video-preview:-1"},"canonical":"https:\/\/marktxxl.de\/markt\/produkt\/swiffer-nachfuellpack-trockentuecher-fuer-swiffer-120-3-x-40-stueck-reinigungstuecher-faengt-staub-auf\/","og_locale":"de_DE","og_type":"article","og_title":"Swiffer Nachf\u00fcllpack Trockent\u00fccher f\u00fcr Swiffer 120 (3 x 40 St\u00fcck) Reinigungst\u00fccher, f\u00e4ngt Staub auf - Markt-XXL","og_description":"Markt-XXL Swiffer Nachf\u00fcllpack Trockent\u00fccher f\u00fcr Swiffer 120 (3 x 40 St\u00fcck) Reinigungst\u00fccher, f\u00e4ngt Staub auf","og_url":"https:\/\/marktxxl.de\/markt\/produkt\/swiffer-nachfuellpack-trockentuecher-fuer-swiffer-120-3-x-40-stueck-reinigungstuecher-faengt-staub-auf\/","og_site_name":"Markt-XXL","twitter_card":"summary_large_image","schema":{"@context":"https:\/\/schema.org","@graph":[{"@type":"WebPage","@id":"https:\/\/marktxxl.de\/markt\/produkt\/swiffer-nachfuellpack-trockentuecher-fuer-swiffer-120-3-x-40-stueck-reinigungstuecher-faengt-staub-auf\/","url":"https:\/\/marktxxl.de\/markt\/produkt\/swiffer-nachfuellpack-trockentuecher-fuer-swiffer-120-3-x-40-stueck-reinigungstuecher-faengt-staub-auf\/","name":"Swiffer Nachf\u00fcllpack Trockent\u00fccher f\u00fcr Swiffer 120 (3 x 40 St\u00fcck) Reinigungst\u00fccher, f\u00e4ngt Staub auf - Markt-XXL","isPartOf":{"@id":"https:\/\/marktxxl.de\/markt\/#website"},"primaryImageOfPage":{"@id":"https:\/\/marktxxl.de\/markt\/produkt\/swiffer-nachfuellpack-trockentuecher-fuer-swiffer-120-3-x-40-stueck-reinigungstuecher-faengt-staub-auf\/#primaryimage"},"image":{"@id":"https:\/\/marktxxl.de\/markt\/produkt\/swiffer-nachfuellpack-trockentuecher-fuer-swiffer-120-3-x-40-stueck-reinigungstuecher-faengt-staub-auf\/#primaryimage"},"thumbnailUrl":"https:\/\/m.media-amazon.com\/images\/I\/51yLISxEGlL._SL500_.jpg","datePublished":"2023-04-10T13:50:34+00:00","description":"Markt-XXL Swiffer Nachf\u00fcllpack Trockent\u00fccher f\u00fcr Swiffer 120 (3 x 40 St\u00fcck) Reinigungst\u00fccher, f\u00e4ngt Staub auf","breadcrumb":{"@id":"https:\/\/marktxxl.de\/markt\/produkt\/swiffer-nachfuellpack-trockentuecher-fuer-swiffer-120-3-x-40-stueck-reinigungstuecher-faengt-staub-auf\/#breadcrumb"},"inLanguage":"de","potentialAction":[{"@type":"ReadAction","target":["https:\/\/marktxxl.de\/markt\/produkt\/swiffer-nachfuellpack-trockentuecher-fuer-swiffer-120-3-x-40-stueck-reinigungstuecher-faengt-staub-auf\/"]}]},{"@type":"ImageObject","inLanguage":"de","@id":"https:\/\/marktxxl.de\/markt\/produkt\/swiffer-nachfuellpack-trockentuecher-fuer-swiffer-120-3-x-40-stueck-reinigungstuecher-faengt-staub-auf\/#primaryimage","url":"https:\/\/m.media-amazon.com\/images\/I\/51yLISxEGlL._SL500_.jpg","contentUrl":"https:\/\/m.media-amazon.com\/images\/I\/51yLISxEGlL._SL500_.jpg","width":500,"height":499},{"@type":"BreadcrumbList","@id":"https:\/\/marktxxl.de\/markt\/produkt\/swiffer-nachfuellpack-trockentuecher-fuer-swiffer-120-3-x-40-stueck-reinigungstuecher-faengt-staub-auf\/#breadcrumb","itemListElement":[{"@type":"ListItem","position":1,"name":"Startseite","item":"https:\/\/marktxxl.de\/markt\/"},{"@type":"ListItem","position":2,"name":"Markt","item":"https:\/\/marktxxl.de\/markt\/"},{"@type":"ListItem","position":3,"name":"Swiffer Nachf\u00fcllpack Trockent\u00fccher f\u00fcr Swiffer 120 (3 x 40 St\u00fcck) Reinigungst\u00fccher, f\u00e4ngt Staub auf"}]},{"@type":"WebSite","@id":"https:\/\/marktxxl.de\/markt\/#website","url":"https:\/\/marktxxl.de\/markt\/","name":"Markt-XXL","description":"Ihr Markt Online","publisher":{"@id":"https:\/\/marktxxl.de\/markt\/#organization"},"potentialAction":[{"@type":"SearchAction","target":{"@type":"EntryPoint","urlTemplate":"https:\/\/marktxxl.de\/markt\/?s={search_term_string}"},"query-input":{"@type":"PropertyValueSpecification","valueRequired":true,"valueName":"search_term_string"}}],"inLanguage":"de"},{"@type":"Organization","@id":"https:\/\/marktxxl.de\/markt\/#organization","name":"Markt-XXL","url":"https:\/\/marktxxl.de\/markt\/","logo":{"@type":"ImageObject","inLanguage":"de","@id":"https:\/\/marktxxl.de\/markt\/#\/schema\/logo\/image\/","url":"https:\/\/marktxxl.de\/markt\/wp-content\/uploads\/sites\/3\/2020\/12\/logo.png","contentUrl":"https:\/\/marktxxl.de\/markt\/wp-content\/uploads\/sites\/3\/2020\/12\/logo.png","width":200,"height":70,"caption":"Markt-XXL"},"image":{"@id":"https:\/\/marktxxl.de\/markt\/#\/schema\/logo\/image\/"}}]}},"_links":{"self":[{"href":"https:\/\/marktxxl.de\/markt\/wp-json\/wp\/v2\/product\/202781","targetHints":{"allow":["GET"]}}],"collection":[{"href":"https:\/\/marktxxl.de\/markt\/wp-json\/wp\/v2\/product"}],"about":[{"href":"https:\/\/marktxxl.de\/markt\/wp-json\/wp\/v2\/types\/product"}],"replies":[{"embeddable":true,"href":"https:\/\/marktxxl.de\/markt\/wp-json\/wp\/v2\/comments?post=202781"}],"wp:featuredmedia":[{"embeddable":true,"href":"https:\/\/marktxxl.de\/markt\/wp-json\/wp\/v2\/media\/202782"}],"wp:attachment":[{"href":"https:\/\/marktxxl.de\/markt\/wp-json\/wp\/v2\/media?parent=202781"}],"wp:term":[{"taxonomy":"product_brand","embeddable":true,"href":"https:\/\/marktxxl.de\/markt\/wp-json\/wp\/v2\/product_brand?post=202781"},{"taxonomy":"product_cat","embeddable":true,"href":"https:\/\/marktxxl.de\/markt\/wp-json\/wp\/v2\/product_cat?post=202781"},{"taxonomy":"product_tag","embeddable":true,"href":"https:\/\/marktxxl.de\/markt\/wp-json\/wp\/v2\/product_tag?post=202781"}],"curies":[{"name":"wp","href":"https:\/\/api.w.org\/{rel}","templated":true}]}}