{"id":202772,"date":"2023-04-10T15:50:22","date_gmt":"2023-04-10T13:50:22","guid":{"rendered":"https:\/\/marktxxl.de\/markt\/produkt\/aminzer-ipl-geraete-haarentfernung-laser-mit-999900-lichtimpulse-9-energiestufen-und-3-erweiterten-funktionen-hr-sc-ra-dauerhafte-schmerzlos-haarentfernungsgeraet-fuer-frauen-und-maenner\/"},"modified":"2023-04-10T15:50:22","modified_gmt":"2023-04-10T13:50:22","slug":"aminzer-ipl-geraete-haarentfernung-laser-mit-999900-lichtimpulse-9-energiestufen-und-3-erweiterten-funktionen-hr-sc-ra-dauerhafte-schmerzlos-haarentfernungsgeraet-fuer-frauen-und-maenner","status":"publish","type":"product","link":"https:\/\/marktxxl.de\/markt\/produkt\/aminzer-ipl-geraete-haarentfernung-laser-mit-999900-lichtimpulse-9-energiestufen-und-3-erweiterten-funktionen-hr-sc-ra-dauerhafte-schmerzlos-haarentfernungsgeraet-fuer-frauen-und-maenner\/","title":{"rendered":"AMINZER IPL Ger\u00e4te Haarentfernung Laser mit 999,900 Lichtimpulse 9 Energiestufen und 3 Erweiterten Funktionen HR\/SC\/RA Dauerhafte Schmerzlos Haarentfernungsger\u00e4t f\u00fcr Frauen und M\u00e4nner"},"content":{"rendered":"<p>\u3010IPL Dauerhafte Haarentfernung\u3011 AMINZER IPL ger\u00e4te haarentfernung verwenden die sicherste, schnellste und effektivste IPL-Technologie, um den Haarregenerationszyklus zu unterbrechen und dauerhafte Haarentfernung zu erreichen. Nach 8-w\u00f6chiger Behandlung nimmt das Haar um 96%. Die schnellste Haarentfernungszeit betr\u00e4gt zehn Minuten. Milde, schmerzlose, dauerhafte Haarentfernung.<br \/>\n\u30103-IN-1-HR\/SC\/RA\u3011 Der neu verbesserte haarentfernung laser f\u00fcgt HR (Haarentfernung), SC (Hautregeneration) und RA (Akneentfernung) Funktionen hinzu, die Ihnen helfen k\u00f6nnen, Hautpflegeeffekte w\u00e4hrend der Haarentfernung zu erzielen. Im Vergleich zu teuren Sch\u00f6nheitssalons kann Amizer Haarentferner mehr Geld und Zeit sparen und den gleichen Behandlungseffekt wie Sch\u00f6nheitssalons erhalten. Nicht nur Frauen k\u00f6nnen es verwenden, sondern auch M\u00e4nner k\u00f6nnen es verwenden.<br \/>\n\u3010Level 9 Justierbare Energie\u3011Die laser haarentfernungsausr\u00fcstung wird auf Niveau 9 Energie aufger\u00fcstet und erreicht 19.35 J Energie auf Niveau 9, die die h\u00f6chste auf dem Markt ist. Je h\u00f6her das Energieniveau, desto besser die Haarentfernung. Bitte verwenden Sie es zum ersten Mal von unten nach oben. Dr\u00fccken Sie einfach die Ein-\/Aus-Taste, um den Energiepegel einzustellen, der f\u00fcr Ihre Haut am besten geeignet ist und Ihnen eine genauere Behandlung bietet.<br \/>\n\u30102 Empfindlicher Modus\u3011IPL Haarentfernungsger\u00e4te k\u00f6nnen im ganzen K\u00f6rper verwendet werden und k\u00f6nnen bequem und effektiv auch in empfindlichen Bereichen verwendet werden. Zwei Modi f\u00fcr verschiedene K\u00f6rperteile und Automatikmodus (Dauerblitz) f\u00fcr Bein-, R\u00fccken- und Armpflege; Der manuelle Modus (Einzelblitz) eignet sich zur Behandlung empfindlicher oder kleiner Bereiche wie Bikinilinie, Oberlippe und Achselh\u00f6hle.<br \/>\n\u3010Kundensupport\u3011AMINZER Puls Light Haarentfernungsmaschine bietet eine 24-monatige Garantie und eine 100-t\u00e4gige R\u00fcckerstattungsrichtlinie. Wenn Sie Fragen zur R\u00fccksendung haben, z\u00f6gern Sie bitte nicht, uns zu kontaktieren. Hinweis: Verwenden Sie es nicht f\u00fcr T\u00e4towierungen, dunkelbraune oder schwarze Flecken (wie tiefe Sommersprossen, Muttermale, Muttermale oder Warzen). Vermeiden Sie Sonnenlicht innerhalb von 48 Stunden nach der Haarentfernung.<br \/>\n<div class=\"main-cross-sell\" data-asin=\"B0BWPKZM4G\">\n\n\t<div class=\"WooZone-cross-sell-loader\">\n\t\t<div>\n\t\t\t<div id=\"floatingBarsG\">\n\t\t\t\t<div class=\"blockG\" id=\"rotateG_01\"><\/div>\n\t\t\t\t<div class=\"blockG\" id=\"rotateG_02\"><\/div>\n\t\t\t\t<div class=\"blockG\" id=\"rotateG_03\"><\/div>\n\t\t\t\t<div class=\"blockG\" id=\"rotateG_04\"><\/div>\n\t\t\t\t<div class=\"blockG\" id=\"rotateG_05\"><\/div>\n\t\t\t\t<div class=\"blockG\" id=\"rotateG_06\"><\/div>\n\t\t\t\t<div class=\"blockG\" id=\"rotateG_07\"><\/div>\n\t\t\t\t<div class=\"blockG\" id=\"rotateG_08\"><\/div>\n\t\t\t<\/div>\n\t\t\t<div class=\"WooZone-cross-sell-loader-text\"><\/div>\n\t\t<\/div>\n\t<\/div>\n\n\t\t\n<\/div>\n<div style=\"clear:both;\"><\/div><\/p>\n","protected":false},"excerpt":{"rendered":"<p>\u3010IPL Dauerhafte Haarentfernung\u3011 AMINZER IPL ger\u00e4te haarentfernung verwenden die sicherste, schnellste und effektivste IPL-Technologie, um den Haarregenerationszyklus zu unterbrechen und dauerhafte Haarentfernung zu erreichen. Nach 8-w\u00f6chiger Behandlung nimmt das Haar um 96%. Die schnellste Haarentfernungszeit betr\u00e4gt zehn Minuten. Milde, schmerzlose, dauerhafte Haarentfernung.<br \/>\n\u30103-IN-1-HR\/SC\/RA\u3011 Der neu verbesserte haarentfernung laser f\u00fcgt HR (Haarentfernung), SC (Hautregeneration) und RA (Akneentfernung) Funktionen hinzu, die Ihnen helfen k\u00f6nnen, Hautpflegeeffekte w\u00e4hrend der Haarentfernung zu erzielen. Im Vergleich zu teuren Sch\u00f6nheitssalons kann Amizer Haarentferner mehr Geld und Zeit sparen und den gleichen Behandlungseffekt wie Sch\u00f6nheitssalons erhalten. Nicht nur Frauen k\u00f6nnen es verwenden, sondern auch M\u00e4nner k\u00f6nnen es verwenden.<br \/>\n\u3010Level 9 Justierbare Energie\u3011Die laser haarentfernungsausr\u00fcstung wird auf Niveau 9 Energie aufger\u00fcstet und erreicht 19.35 J Energie auf Niveau 9, die die h\u00f6chste auf dem Markt ist. Je h\u00f6her das Energieniveau, desto besser die Haarentfernung. Bitte verwenden Sie es zum ersten Mal von unten nach oben. Dr\u00fccken Sie einfach die Ein-\/Aus-Taste, um den Energiepegel einzustellen, der f\u00fcr Ihre Haut am besten geeignet ist und Ihnen eine genauere Behandlung bietet.<\/p>\n","protected":false},"featured_media":202773,"comment_status":"open","ping_status":"closed","template":"","meta":[],"product_brand":[],"product_cat":[566],"product_tag":[],"class_list":{"0":"post-202772","1":"product","2":"type-product","3":"status-publish","4":"has-post-thumbnail","6":"product_cat-drogerie-koerperpflege","7":"pa_brand-aminzer","8":"pa_color-platin","9":"pa_manufacturer-aminzer","11":"first","12":"instock","13":"shipping-taxable","14":"purchasable","15":"product-type-simple","16":"customify-col","17":"product-has-gallery"},"yoast_head":"<!-- This site is optimized with the Yoast SEO plugin v27.4 - https:\/\/yoast.com\/product\/yoast-seo-wordpress\/ -->\n<title>AMINZER IPL Ger\u00e4te Haarentfernung Laser mit 999,900 Lichtimpulse 9 Energiestufen und 3 Erweiterten Funktionen HR\/SC\/RA Dauerhafte Schmerzlos Haarentfernungsger\u00e4t f\u00fcr Frauen und M\u00e4nner - Markt-XXL<\/title>\n<meta name=\"description\" content=\"Markt-XXL AMINZER IPL Ger\u00e4te Haarentfernung Laser mit 999,900 Lichtimpulse 9 Energiestufen und 3 Erweiterten Funktionen HR\/SC\/RA Dauerhafte Schmerzlos Haarentfernungsger\u00e4t f\u00fcr Frauen und M\u00e4nner\" \/>\n<meta name=\"robots\" content=\"index, follow, max-snippet:-1, max-image-preview:large, max-video-preview:-1\" \/>\n<link rel=\"canonical\" href=\"https:\/\/marktxxl.de\/markt\/produkt\/aminzer-ipl-geraete-haarentfernung-laser-mit-999900-lichtimpulse-9-energiestufen-und-3-erweiterten-funktionen-hr-sc-ra-dauerhafte-schmerzlos-haarentfernungsgeraet-fuer-frauen-und-maenner\/\" \/>\n<meta property=\"og:locale\" content=\"de_DE\" \/>\n<meta property=\"og:type\" content=\"article\" \/>\n<meta property=\"og:title\" content=\"AMINZER IPL Ger\u00e4te Haarentfernung Laser mit 999,900 Lichtimpulse 9 Energiestufen und 3 Erweiterten Funktionen HR\/SC\/RA Dauerhafte Schmerzlos Haarentfernungsger\u00e4t f\u00fcr Frauen und M\u00e4nner - Markt-XXL\" \/>\n<meta property=\"og:description\" content=\"Markt-XXL AMINZER IPL Ger\u00e4te Haarentfernung Laser mit 999,900 Lichtimpulse 9 Energiestufen und 3 Erweiterten Funktionen HR\/SC\/RA Dauerhafte Schmerzlos Haarentfernungsger\u00e4t f\u00fcr Frauen und M\u00e4nner\" \/>\n<meta property=\"og:url\" content=\"https:\/\/marktxxl.de\/markt\/produkt\/aminzer-ipl-geraete-haarentfernung-laser-mit-999900-lichtimpulse-9-energiestufen-und-3-erweiterten-funktionen-hr-sc-ra-dauerhafte-schmerzlos-haarentfernungsgeraet-fuer-frauen-und-maenner\/\" \/>\n<meta property=\"og:site_name\" content=\"Markt-XXL\" \/>\n<meta name=\"twitter:card\" content=\"summary_large_image\" \/>\n<meta name=\"twitter:label1\" content=\"Gesch\u00e4tzte Lesezeit\" \/>\n\t<meta name=\"twitter:data1\" content=\"2\u00a0Minuten\" \/>\n<script type=\"application\/ld+json\" class=\"yoast-schema-graph\">{\"@context\":\"https:\\\/\\\/schema.org\",\"@graph\":[{\"@type\":\"WebPage\",\"@id\":\"https:\\\/\\\/marktxxl.de\\\/markt\\\/produkt\\\/aminzer-ipl-geraete-haarentfernung-laser-mit-999900-lichtimpulse-9-energiestufen-und-3-erweiterten-funktionen-hr-sc-ra-dauerhafte-schmerzlos-haarentfernungsgeraet-fuer-frauen-und-maenner\\\/\",\"url\":\"https:\\\/\\\/marktxxl.de\\\/markt\\\/produkt\\\/aminzer-ipl-geraete-haarentfernung-laser-mit-999900-lichtimpulse-9-energiestufen-und-3-erweiterten-funktionen-hr-sc-ra-dauerhafte-schmerzlos-haarentfernungsgeraet-fuer-frauen-und-maenner\\\/\",\"name\":\"AMINZER IPL Ger\u00e4te Haarentfernung Laser mit 999,900 Lichtimpulse 9 Energiestufen und 3 Erweiterten Funktionen HR\\\/SC\\\/RA Dauerhafte Schmerzlos Haarentfernungsger\u00e4t f\u00fcr Frauen und M\u00e4nner - Markt-XXL\",\"isPartOf\":{\"@id\":\"https:\\\/\\\/marktxxl.de\\\/markt\\\/#website\"},\"primaryImageOfPage\":{\"@id\":\"https:\\\/\\\/marktxxl.de\\\/markt\\\/produkt\\\/aminzer-ipl-geraete-haarentfernung-laser-mit-999900-lichtimpulse-9-energiestufen-und-3-erweiterten-funktionen-hr-sc-ra-dauerhafte-schmerzlos-haarentfernungsgeraet-fuer-frauen-und-maenner\\\/#primaryimage\"},\"image\":{\"@id\":\"https:\\\/\\\/marktxxl.de\\\/markt\\\/produkt\\\/aminzer-ipl-geraete-haarentfernung-laser-mit-999900-lichtimpulse-9-energiestufen-und-3-erweiterten-funktionen-hr-sc-ra-dauerhafte-schmerzlos-haarentfernungsgeraet-fuer-frauen-und-maenner\\\/#primaryimage\"},\"thumbnailUrl\":\"https:\\\/\\\/m.media-amazon.com\\\/images\\\/I\\\/41IeEJbp3ML._SL500_.jpg\",\"datePublished\":\"2023-04-10T13:50:22+00:00\",\"description\":\"Markt-XXL AMINZER IPL Ger\u00e4te Haarentfernung Laser mit 999,900 Lichtimpulse 9 Energiestufen und 3 Erweiterten Funktionen HR\\\/SC\\\/RA Dauerhafte Schmerzlos Haarentfernungsger\u00e4t f\u00fcr Frauen und M\u00e4nner\",\"breadcrumb\":{\"@id\":\"https:\\\/\\\/marktxxl.de\\\/markt\\\/produkt\\\/aminzer-ipl-geraete-haarentfernung-laser-mit-999900-lichtimpulse-9-energiestufen-und-3-erweiterten-funktionen-hr-sc-ra-dauerhafte-schmerzlos-haarentfernungsgeraet-fuer-frauen-und-maenner\\\/#breadcrumb\"},\"inLanguage\":\"de\",\"potentialAction\":[{\"@type\":\"ReadAction\",\"target\":[\"https:\\\/\\\/marktxxl.de\\\/markt\\\/produkt\\\/aminzer-ipl-geraete-haarentfernung-laser-mit-999900-lichtimpulse-9-energiestufen-und-3-erweiterten-funktionen-hr-sc-ra-dauerhafte-schmerzlos-haarentfernungsgeraet-fuer-frauen-und-maenner\\\/\"]}]},{\"@type\":\"ImageObject\",\"inLanguage\":\"de\",\"@id\":\"https:\\\/\\\/marktxxl.de\\\/markt\\\/produkt\\\/aminzer-ipl-geraete-haarentfernung-laser-mit-999900-lichtimpulse-9-energiestufen-und-3-erweiterten-funktionen-hr-sc-ra-dauerhafte-schmerzlos-haarentfernungsgeraet-fuer-frauen-und-maenner\\\/#primaryimage\",\"url\":\"https:\\\/\\\/m.media-amazon.com\\\/images\\\/I\\\/41IeEJbp3ML._SL500_.jpg\",\"contentUrl\":\"https:\\\/\\\/m.media-amazon.com\\\/images\\\/I\\\/41IeEJbp3ML._SL500_.jpg\",\"width\":500,\"height\":500},{\"@type\":\"BreadcrumbList\",\"@id\":\"https:\\\/\\\/marktxxl.de\\\/markt\\\/produkt\\\/aminzer-ipl-geraete-haarentfernung-laser-mit-999900-lichtimpulse-9-energiestufen-und-3-erweiterten-funktionen-hr-sc-ra-dauerhafte-schmerzlos-haarentfernungsgeraet-fuer-frauen-und-maenner\\\/#breadcrumb\",\"itemListElement\":[{\"@type\":\"ListItem\",\"position\":1,\"name\":\"Startseite\",\"item\":\"https:\\\/\\\/marktxxl.de\\\/markt\\\/\"},{\"@type\":\"ListItem\",\"position\":2,\"name\":\"Markt\",\"item\":\"https:\\\/\\\/marktxxl.de\\\/markt\\\/\"},{\"@type\":\"ListItem\",\"position\":3,\"name\":\"AMINZER IPL Ger\u00e4te Haarentfernung Laser mit 999,900 Lichtimpulse 9 Energiestufen und 3 Erweiterten Funktionen HR\\\/SC\\\/RA Dauerhafte Schmerzlos Haarentfernungsger\u00e4t f\u00fcr Frauen und M\u00e4nner\"}]},{\"@type\":\"WebSite\",\"@id\":\"https:\\\/\\\/marktxxl.de\\\/markt\\\/#website\",\"url\":\"https:\\\/\\\/marktxxl.de\\\/markt\\\/\",\"name\":\"Markt-XXL\",\"description\":\"Ihr Markt Online\",\"publisher\":{\"@id\":\"https:\\\/\\\/marktxxl.de\\\/markt\\\/#organization\"},\"potentialAction\":[{\"@type\":\"SearchAction\",\"target\":{\"@type\":\"EntryPoint\",\"urlTemplate\":\"https:\\\/\\\/marktxxl.de\\\/markt\\\/?s={search_term_string}\"},\"query-input\":{\"@type\":\"PropertyValueSpecification\",\"valueRequired\":true,\"valueName\":\"search_term_string\"}}],\"inLanguage\":\"de\"},{\"@type\":\"Organization\",\"@id\":\"https:\\\/\\\/marktxxl.de\\\/markt\\\/#organization\",\"name\":\"Markt-XXL\",\"url\":\"https:\\\/\\\/marktxxl.de\\\/markt\\\/\",\"logo\":{\"@type\":\"ImageObject\",\"inLanguage\":\"de\",\"@id\":\"https:\\\/\\\/marktxxl.de\\\/markt\\\/#\\\/schema\\\/logo\\\/image\\\/\",\"url\":\"https:\\\/\\\/marktxxl.de\\\/markt\\\/wp-content\\\/uploads\\\/sites\\\/3\\\/2020\\\/12\\\/logo.png\",\"contentUrl\":\"https:\\\/\\\/marktxxl.de\\\/markt\\\/wp-content\\\/uploads\\\/sites\\\/3\\\/2020\\\/12\\\/logo.png\",\"width\":200,\"height\":70,\"caption\":\"Markt-XXL\"},\"image\":{\"@id\":\"https:\\\/\\\/marktxxl.de\\\/markt\\\/#\\\/schema\\\/logo\\\/image\\\/\"}}]}<\/script>\n<!-- \/ Yoast SEO plugin. -->","yoast_head_json":{"title":"AMINZER IPL Ger\u00e4te Haarentfernung Laser mit 999,900 Lichtimpulse 9 Energiestufen und 3 Erweiterten Funktionen HR\/SC\/RA Dauerhafte Schmerzlos Haarentfernungsger\u00e4t f\u00fcr Frauen und M\u00e4nner - Markt-XXL","description":"Markt-XXL AMINZER IPL Ger\u00e4te Haarentfernung Laser mit 999,900 Lichtimpulse 9 Energiestufen und 3 Erweiterten Funktionen HR\/SC\/RA Dauerhafte Schmerzlos Haarentfernungsger\u00e4t f\u00fcr Frauen und M\u00e4nner","robots":{"index":"index","follow":"follow","max-snippet":"max-snippet:-1","max-image-preview":"max-image-preview:large","max-video-preview":"max-video-preview:-1"},"canonical":"https:\/\/marktxxl.de\/markt\/produkt\/aminzer-ipl-geraete-haarentfernung-laser-mit-999900-lichtimpulse-9-energiestufen-und-3-erweiterten-funktionen-hr-sc-ra-dauerhafte-schmerzlos-haarentfernungsgeraet-fuer-frauen-und-maenner\/","og_locale":"de_DE","og_type":"article","og_title":"AMINZER IPL Ger\u00e4te Haarentfernung Laser mit 999,900 Lichtimpulse 9 Energiestufen und 3 Erweiterten Funktionen HR\/SC\/RA Dauerhafte Schmerzlos Haarentfernungsger\u00e4t f\u00fcr Frauen und M\u00e4nner - Markt-XXL","og_description":"Markt-XXL AMINZER IPL Ger\u00e4te Haarentfernung Laser mit 999,900 Lichtimpulse 9 Energiestufen und 3 Erweiterten Funktionen HR\/SC\/RA Dauerhafte Schmerzlos Haarentfernungsger\u00e4t f\u00fcr Frauen und M\u00e4nner","og_url":"https:\/\/marktxxl.de\/markt\/produkt\/aminzer-ipl-geraete-haarentfernung-laser-mit-999900-lichtimpulse-9-energiestufen-und-3-erweiterten-funktionen-hr-sc-ra-dauerhafte-schmerzlos-haarentfernungsgeraet-fuer-frauen-und-maenner\/","og_site_name":"Markt-XXL","twitter_card":"summary_large_image","twitter_misc":{"Gesch\u00e4tzte Lesezeit":"2\u00a0Minuten"},"schema":{"@context":"https:\/\/schema.org","@graph":[{"@type":"WebPage","@id":"https:\/\/marktxxl.de\/markt\/produkt\/aminzer-ipl-geraete-haarentfernung-laser-mit-999900-lichtimpulse-9-energiestufen-und-3-erweiterten-funktionen-hr-sc-ra-dauerhafte-schmerzlos-haarentfernungsgeraet-fuer-frauen-und-maenner\/","url":"https:\/\/marktxxl.de\/markt\/produkt\/aminzer-ipl-geraete-haarentfernung-laser-mit-999900-lichtimpulse-9-energiestufen-und-3-erweiterten-funktionen-hr-sc-ra-dauerhafte-schmerzlos-haarentfernungsgeraet-fuer-frauen-und-maenner\/","name":"AMINZER IPL Ger\u00e4te Haarentfernung Laser mit 999,900 Lichtimpulse 9 Energiestufen und 3 Erweiterten Funktionen HR\/SC\/RA Dauerhafte Schmerzlos Haarentfernungsger\u00e4t f\u00fcr Frauen und M\u00e4nner - Markt-XXL","isPartOf":{"@id":"https:\/\/marktxxl.de\/markt\/#website"},"primaryImageOfPage":{"@id":"https:\/\/marktxxl.de\/markt\/produkt\/aminzer-ipl-geraete-haarentfernung-laser-mit-999900-lichtimpulse-9-energiestufen-und-3-erweiterten-funktionen-hr-sc-ra-dauerhafte-schmerzlos-haarentfernungsgeraet-fuer-frauen-und-maenner\/#primaryimage"},"image":{"@id":"https:\/\/marktxxl.de\/markt\/produkt\/aminzer-ipl-geraete-haarentfernung-laser-mit-999900-lichtimpulse-9-energiestufen-und-3-erweiterten-funktionen-hr-sc-ra-dauerhafte-schmerzlos-haarentfernungsgeraet-fuer-frauen-und-maenner\/#primaryimage"},"thumbnailUrl":"https:\/\/m.media-amazon.com\/images\/I\/41IeEJbp3ML._SL500_.jpg","datePublished":"2023-04-10T13:50:22+00:00","description":"Markt-XXL AMINZER IPL Ger\u00e4te Haarentfernung Laser mit 999,900 Lichtimpulse 9 Energiestufen und 3 Erweiterten Funktionen HR\/SC\/RA Dauerhafte Schmerzlos Haarentfernungsger\u00e4t f\u00fcr Frauen und M\u00e4nner","breadcrumb":{"@id":"https:\/\/marktxxl.de\/markt\/produkt\/aminzer-ipl-geraete-haarentfernung-laser-mit-999900-lichtimpulse-9-energiestufen-und-3-erweiterten-funktionen-hr-sc-ra-dauerhafte-schmerzlos-haarentfernungsgeraet-fuer-frauen-und-maenner\/#breadcrumb"},"inLanguage":"de","potentialAction":[{"@type":"ReadAction","target":["https:\/\/marktxxl.de\/markt\/produkt\/aminzer-ipl-geraete-haarentfernung-laser-mit-999900-lichtimpulse-9-energiestufen-und-3-erweiterten-funktionen-hr-sc-ra-dauerhafte-schmerzlos-haarentfernungsgeraet-fuer-frauen-und-maenner\/"]}]},{"@type":"ImageObject","inLanguage":"de","@id":"https:\/\/marktxxl.de\/markt\/produkt\/aminzer-ipl-geraete-haarentfernung-laser-mit-999900-lichtimpulse-9-energiestufen-und-3-erweiterten-funktionen-hr-sc-ra-dauerhafte-schmerzlos-haarentfernungsgeraet-fuer-frauen-und-maenner\/#primaryimage","url":"https:\/\/m.media-amazon.com\/images\/I\/41IeEJbp3ML._SL500_.jpg","contentUrl":"https:\/\/m.media-amazon.com\/images\/I\/41IeEJbp3ML._SL500_.jpg","width":500,"height":500},{"@type":"BreadcrumbList","@id":"https:\/\/marktxxl.de\/markt\/produkt\/aminzer-ipl-geraete-haarentfernung-laser-mit-999900-lichtimpulse-9-energiestufen-und-3-erweiterten-funktionen-hr-sc-ra-dauerhafte-schmerzlos-haarentfernungsgeraet-fuer-frauen-und-maenner\/#breadcrumb","itemListElement":[{"@type":"ListItem","position":1,"name":"Startseite","item":"https:\/\/marktxxl.de\/markt\/"},{"@type":"ListItem","position":2,"name":"Markt","item":"https:\/\/marktxxl.de\/markt\/"},{"@type":"ListItem","position":3,"name":"AMINZER IPL Ger\u00e4te Haarentfernung Laser mit 999,900 Lichtimpulse 9 Energiestufen und 3 Erweiterten Funktionen HR\/SC\/RA Dauerhafte Schmerzlos Haarentfernungsger\u00e4t f\u00fcr Frauen und M\u00e4nner"}]},{"@type":"WebSite","@id":"https:\/\/marktxxl.de\/markt\/#website","url":"https:\/\/marktxxl.de\/markt\/","name":"Markt-XXL","description":"Ihr Markt Online","publisher":{"@id":"https:\/\/marktxxl.de\/markt\/#organization"},"potentialAction":[{"@type":"SearchAction","target":{"@type":"EntryPoint","urlTemplate":"https:\/\/marktxxl.de\/markt\/?s={search_term_string}"},"query-input":{"@type":"PropertyValueSpecification","valueRequired":true,"valueName":"search_term_string"}}],"inLanguage":"de"},{"@type":"Organization","@id":"https:\/\/marktxxl.de\/markt\/#organization","name":"Markt-XXL","url":"https:\/\/marktxxl.de\/markt\/","logo":{"@type":"ImageObject","inLanguage":"de","@id":"https:\/\/marktxxl.de\/markt\/#\/schema\/logo\/image\/","url":"https:\/\/marktxxl.de\/markt\/wp-content\/uploads\/sites\/3\/2020\/12\/logo.png","contentUrl":"https:\/\/marktxxl.de\/markt\/wp-content\/uploads\/sites\/3\/2020\/12\/logo.png","width":200,"height":70,"caption":"Markt-XXL"},"image":{"@id":"https:\/\/marktxxl.de\/markt\/#\/schema\/logo\/image\/"}}]}},"_links":{"self":[{"href":"https:\/\/marktxxl.de\/markt\/wp-json\/wp\/v2\/product\/202772","targetHints":{"allow":["GET"]}}],"collection":[{"href":"https:\/\/marktxxl.de\/markt\/wp-json\/wp\/v2\/product"}],"about":[{"href":"https:\/\/marktxxl.de\/markt\/wp-json\/wp\/v2\/types\/product"}],"replies":[{"embeddable":true,"href":"https:\/\/marktxxl.de\/markt\/wp-json\/wp\/v2\/comments?post=202772"}],"wp:featuredmedia":[{"embeddable":true,"href":"https:\/\/marktxxl.de\/markt\/wp-json\/wp\/v2\/media\/202773"}],"wp:attachment":[{"href":"https:\/\/marktxxl.de\/markt\/wp-json\/wp\/v2\/media?parent=202772"}],"wp:term":[{"taxonomy":"product_brand","embeddable":true,"href":"https:\/\/marktxxl.de\/markt\/wp-json\/wp\/v2\/product_brand?post=202772"},{"taxonomy":"product_cat","embeddable":true,"href":"https:\/\/marktxxl.de\/markt\/wp-json\/wp\/v2\/product_cat?post=202772"},{"taxonomy":"product_tag","embeddable":true,"href":"https:\/\/marktxxl.de\/markt\/wp-json\/wp\/v2\/product_tag?post=202772"}],"curies":[{"name":"wp","href":"https:\/\/api.w.org\/{rel}","templated":true}]}}