{"id":202745,"date":"2023-04-10T15:49:43","date_gmt":"2023-04-10T13:49:43","guid":{"rendered":"https:\/\/marktxxl.de\/markt\/produkt\/nasenhaartrimmer-3-in-1-nasenhaarschneider-usb-wiederaufladbar-ohrhaarschneider-professioneller-schmerzfreier-augenbrauen-gesichtshaarschneider-haarschneider-mit-ladekabel-fuer-maenner-und-frauen\/"},"modified":"2023-04-10T15:49:43","modified_gmt":"2023-04-10T13:49:43","slug":"nasenhaartrimmer-3-in-1-nasenhaarschneider-usb-wiederaufladbar-ohrhaarschneider-professioneller-schmerzfreier-augenbrauen-gesichtshaarschneider-haarschneider-mit-ladekabel-fuer-maenner-und-frauen","status":"publish","type":"product","link":"https:\/\/marktxxl.de\/markt\/produkt\/nasenhaartrimmer-3-in-1-nasenhaarschneider-usb-wiederaufladbar-ohrhaarschneider-professioneller-schmerzfreier-augenbrauen-gesichtshaarschneider-haarschneider-mit-ladekabel-fuer-maenner-und-frauen\/","title":{"rendered":"Nasenhaartrimmer, 3 in 1 Nasenhaarschneider USB Wiederaufladbar Ohrhaarschneider, Professioneller Schmerzfreier Augenbrauen Gesichtshaarschneider, Haarschneider mit Ladekabel, f\u00fcr M\u00e4nner und Frauen"},"content":{"rendered":"<p>\u30103-IN-1-TRIMMER-KIT\u3011 Dieses vielseitige Nasenhaartrimmer-Kit beinhaltet drei austauschbare Aufs\u00e4tze, mit denen Sie m\u00fchelos Ihr Gesichtshaar, einschlie\u00dflich Nase, Ohr, Augenbraue, Bart, Seitenb\u00e4rte und mehr, pflegen k\u00f6nnen. Es kann auch zur Entfernung von Haaren an Hals, Achselh\u00f6hlen, Beinen und anderen K\u00f6rperteilen verwendet werden. Das Kit kommt mit einer Reihe von Zubeh\u00f6rteilen, um Ihre t\u00e4glichen Pflegebed\u00fcrfnisse zu erf\u00fcllen. Es ist die ultimative Wahl f\u00fcr Gesichts- und K\u00f6rperhaarpflege.<br \/>\n\u3010SCHNELLES AUFLADEN &amp; LANGE NUTZUNGSDAUER\u3011 Unser Nasenhaarschneider verf\u00fcgt \u00fcber einen wiederaufladbaren Akku, der nur 2 Stunden zum vollst\u00e4ndigen Aufladen ben\u00f6tigt und bis zu 2,5 Stunden durchgehend betrieben werden kann. Der Nasenhaartrimmer verf\u00fcgt \u00fcber einen bequemen Type-C Ladeanschluss, der an einen USB-Anschluss, eine Powerbank, einen Computer, einen Auto USB oder ein anderes USB-Ger\u00e4t angeschlossen werden kann, wodurch die Verschwendung von trockenen Batterien minimiert.<br \/>\n\u3010LEISTUNGSSTARKER MOTOR &amp; SCHMERZFREIES HAARENTFERNEN\u3011 Der Wiederaufladbar Haartrimmer verf\u00fcgt \u00fcber einen beeindruckenden 8500 Umdrehungen pro Minute (U\/min) hohen Drehzahlmotor, der eine effiziente und m\u00fchelose Haarentfernung garantiert. Seine metallische Antriebswelle \u00fcbertr\u00e4gt robuste Kraft auf den Schneidkopf, was ein glattes und kontinuierliches Trimmen des Nasenhaars durch die doppelseitigen Klingen erm\u00f6glicht. Genie\u00dfen Sie eine schmerzfreie Pflege mit diesem Nasenhaartrimmer.<br \/>\n\u3010EINFACH ZU REINIGEN UND AUFZUBEWAHREN\u3011 Dieser ohrhaarschneider ist dank seiner 3 abnehmbaren Schneidk\u00f6pfen bequem zu reinigen und aufzubewahren. Sp\u00fclen Sie den Schneidkopf einfach unter flie\u00dfendem Wasser oder verwenden Sie eine B\u00fcrste, um Haare von den Klingen zu entfernen. So erleben Sie eine m\u00fchelose Reinigung. Der Trimmer wird mit einem Aufbewahrungsbeutel geliefert, der eine einfache Aufbewahrung und Schutz der Schneidk\u00f6pfe und Zubeh\u00f6rteile erm\u00f6glicht.<br \/>\n\u3010IDEALE GESCHENKOPTION\u3011 Schenken Sie die Kunst des Pflegens mit diesem umfassenden Nasentrimmer-Set. Das Paket enth\u00e4lt einen Trimmerk\u00f6rper, 3 Schneidk\u00f6pfe, 4 K\u00e4mme, eine Reinigungsb\u00fcrste, ein Ladekabel, einen flauschigen Aufbewahrungsbeutel und eine Bedienungsanleitung. Ideal f\u00fcr M\u00e4nner und Frauen, es ist eine aufmerksame \u00dcberraschung f\u00fcr Freunde und Familie. Dar\u00fcber hinaus ist es mit einer 1-j\u00e4hrigen bedingungslosen R\u00fcckgabegarantie f\u00fcr zus\u00e4tzliche Beruhigung ausgestattet.<br \/>\n\u3010HINWEIS\u3011F\u00fcr eine optimale Leistung empfehlen wir, den Nasenhaarschneider nach Empfang f\u00fcr 2-3 Stunden aufzuladen. Wenn Sie Fragen oder Bedenken haben, z\u00f6gern Sie bitte nicht, uns zu kontaktieren. Wir sind hier, um zu helfen und werden unser Bestes tun, um Ihnen zu assistieren.<br \/>\n<div class=\"main-cross-sell\" data-asin=\"B0BSGN5RQ7\">\n\n\t<div class=\"WooZone-cross-sell-loader\">\n\t\t<div>\n\t\t\t<div id=\"floatingBarsG\">\n\t\t\t\t<div class=\"blockG\" id=\"rotateG_01\"><\/div>\n\t\t\t\t<div class=\"blockG\" id=\"rotateG_02\"><\/div>\n\t\t\t\t<div class=\"blockG\" id=\"rotateG_03\"><\/div>\n\t\t\t\t<div class=\"blockG\" id=\"rotateG_04\"><\/div>\n\t\t\t\t<div class=\"blockG\" id=\"rotateG_05\"><\/div>\n\t\t\t\t<div class=\"blockG\" id=\"rotateG_06\"><\/div>\n\t\t\t\t<div class=\"blockG\" id=\"rotateG_07\"><\/div>\n\t\t\t\t<div class=\"blockG\" id=\"rotateG_08\"><\/div>\n\t\t\t<\/div>\n\t\t\t<div class=\"WooZone-cross-sell-loader-text\"><\/div>\n\t\t<\/div>\n\t<\/div>\n\n\t\t\n<\/div>\n<div style=\"clear:both;\"><\/div><\/p>\n","protected":false},"excerpt":{"rendered":"<p>\u30103-IN-1-TRIMMER-KIT\u3011 Dieses vielseitige Nasenhaartrimmer-Kit beinhaltet drei austauschbare Aufs\u00e4tze, mit denen Sie m\u00fchelos Ihr Gesichtshaar, einschlie\u00dflich Nase, Ohr, Augenbraue, Bart, Seitenb\u00e4rte und mehr, pflegen k\u00f6nnen. Es kann auch zur Entfernung von Haaren an Hals, Achselh\u00f6hlen, Beinen und anderen K\u00f6rperteilen verwendet werden. Das Kit kommt mit einer Reihe von Zubeh\u00f6rteilen, um Ihre t\u00e4glichen Pflegebed\u00fcrfnisse zu erf\u00fcllen. Es ist die ultimative Wahl f\u00fcr Gesichts- und K\u00f6rperhaarpflege.<br \/>\n\u3010SCHNELLES AUFLADEN &amp; LANGE NUTZUNGSDAUER\u3011 Unser Nasenhaarschneider verf\u00fcgt \u00fcber einen wiederaufladbaren Akku, der nur 2 Stunden zum vollst\u00e4ndigen Aufladen ben\u00f6tigt und bis zu 2,5 Stunden durchgehend betrieben werden kann. Der Nasenhaartrimmer verf\u00fcgt \u00fcber einen bequemen Type-C Ladeanschluss, der an einen USB-Anschluss, eine Powerbank, einen Computer, einen Auto USB oder ein anderes USB-Ger\u00e4t angeschlossen werden kann, wodurch die Verschwendung von trockenen Batterien minimiert.<br \/>\n\u3010LEISTUNGSSTARKER MOTOR &amp; SCHMERZFREIES HAARENTFERNEN\u3011 Der Wiederaufladbar Haartrimmer verf\u00fcgt \u00fcber einen beeindruckenden 8500 Umdrehungen pro Minute (U\/min) hohen Drehzahlmotor, der eine effiziente und m\u00fchelose Haarentfernung garantiert. Seine metallische Antriebswelle \u00fcbertr\u00e4gt robuste Kraft auf den Schneidkopf, was ein glattes und kontinuierliches Trimmen des Nasenhaars durch die doppelseitigen Klingen erm\u00f6glicht. Genie\u00dfen Sie eine schmerzfreie Pflege mit diesem Nasenhaartrimmer.<\/p>\n","protected":false},"featured_media":202746,"comment_status":"open","ping_status":"closed","template":"","meta":[],"product_brand":[],"product_cat":[566],"product_tag":[],"class_list":{"0":"post-202745","1":"product","2":"type-product","3":"status-publish","4":"has-post-thumbnail","6":"product_cat-drogerie-koerperpflege","7":"pa_brand-jeetif","8":"pa_manufacturer-jeetif","9":"pa_model-tc-3670","11":"first","12":"instock","13":"sale","14":"shipping-taxable","15":"purchasable","16":"product-type-simple","17":"customify-col","18":"product-has-gallery"},"yoast_head":"<!-- This site is optimized with the Yoast SEO plugin v27.4 - https:\/\/yoast.com\/product\/yoast-seo-wordpress\/ -->\n<title>Nasenhaartrimmer, 3 in 1 Nasenhaarschneider USB Wiederaufladbar Ohrhaarschneider, Professioneller Schmerzfreier Augenbrauen Gesichtshaarschneider, Haarschneider mit Ladekabel, f\u00fcr M\u00e4nner und Frauen - Markt-XXL<\/title>\n<meta name=\"description\" content=\"Markt-XXL Nasenhaartrimmer, 3 in 1 Nasenhaarschneider USB Wiederaufladbar Ohrhaarschneider, Professioneller Schmerzfreier Augenbrauen Gesichtshaarschneider, Haarschneider mit Ladekabel, f\u00fcr M\u00e4nner und Frauen\" \/>\n<meta name=\"robots\" content=\"index, follow, max-snippet:-1, max-image-preview:large, max-video-preview:-1\" \/>\n<link rel=\"canonical\" href=\"https:\/\/marktxxl.de\/markt\/produkt\/nasenhaartrimmer-3-in-1-nasenhaarschneider-usb-wiederaufladbar-ohrhaarschneider-professioneller-schmerzfreier-augenbrauen-gesichtshaarschneider-haarschneider-mit-ladekabel-fuer-maenner-und-frauen\/\" \/>\n<meta property=\"og:locale\" content=\"de_DE\" \/>\n<meta property=\"og:type\" content=\"article\" \/>\n<meta property=\"og:title\" content=\"Nasenhaartrimmer, 3 in 1 Nasenhaarschneider USB Wiederaufladbar Ohrhaarschneider, Professioneller Schmerzfreier Augenbrauen Gesichtshaarschneider, Haarschneider mit Ladekabel, f\u00fcr M\u00e4nner und Frauen - Markt-XXL\" \/>\n<meta property=\"og:description\" content=\"Markt-XXL Nasenhaartrimmer, 3 in 1 Nasenhaarschneider USB Wiederaufladbar Ohrhaarschneider, Professioneller Schmerzfreier Augenbrauen Gesichtshaarschneider, Haarschneider mit Ladekabel, f\u00fcr M\u00e4nner und Frauen\" \/>\n<meta property=\"og:url\" content=\"https:\/\/marktxxl.de\/markt\/produkt\/nasenhaartrimmer-3-in-1-nasenhaarschneider-usb-wiederaufladbar-ohrhaarschneider-professioneller-schmerzfreier-augenbrauen-gesichtshaarschneider-haarschneider-mit-ladekabel-fuer-maenner-und-frauen\/\" \/>\n<meta property=\"og:site_name\" content=\"Markt-XXL\" \/>\n<meta name=\"twitter:card\" content=\"summary_large_image\" \/>\n<meta name=\"twitter:label1\" content=\"Gesch\u00e4tzte Lesezeit\" \/>\n\t<meta name=\"twitter:data1\" content=\"2\u00a0Minuten\" \/>\n<script type=\"application\/ld+json\" class=\"yoast-schema-graph\">{\"@context\":\"https:\\\/\\\/schema.org\",\"@graph\":[{\"@type\":\"WebPage\",\"@id\":\"https:\\\/\\\/marktxxl.de\\\/markt\\\/produkt\\\/nasenhaartrimmer-3-in-1-nasenhaarschneider-usb-wiederaufladbar-ohrhaarschneider-professioneller-schmerzfreier-augenbrauen-gesichtshaarschneider-haarschneider-mit-ladekabel-fuer-maenner-und-frauen\\\/\",\"url\":\"https:\\\/\\\/marktxxl.de\\\/markt\\\/produkt\\\/nasenhaartrimmer-3-in-1-nasenhaarschneider-usb-wiederaufladbar-ohrhaarschneider-professioneller-schmerzfreier-augenbrauen-gesichtshaarschneider-haarschneider-mit-ladekabel-fuer-maenner-und-frauen\\\/\",\"name\":\"Nasenhaartrimmer, 3 in 1 Nasenhaarschneider USB Wiederaufladbar Ohrhaarschneider, Professioneller Schmerzfreier Augenbrauen Gesichtshaarschneider, Haarschneider mit Ladekabel, f\u00fcr M\u00e4nner und Frauen - Markt-XXL\",\"isPartOf\":{\"@id\":\"https:\\\/\\\/marktxxl.de\\\/markt\\\/#website\"},\"primaryImageOfPage\":{\"@id\":\"https:\\\/\\\/marktxxl.de\\\/markt\\\/produkt\\\/nasenhaartrimmer-3-in-1-nasenhaarschneider-usb-wiederaufladbar-ohrhaarschneider-professioneller-schmerzfreier-augenbrauen-gesichtshaarschneider-haarschneider-mit-ladekabel-fuer-maenner-und-frauen\\\/#primaryimage\"},\"image\":{\"@id\":\"https:\\\/\\\/marktxxl.de\\\/markt\\\/produkt\\\/nasenhaartrimmer-3-in-1-nasenhaarschneider-usb-wiederaufladbar-ohrhaarschneider-professioneller-schmerzfreier-augenbrauen-gesichtshaarschneider-haarschneider-mit-ladekabel-fuer-maenner-und-frauen\\\/#primaryimage\"},\"thumbnailUrl\":\"https:\\\/\\\/m.media-amazon.com\\\/images\\\/I\\\/51Ciczl2UUL._SL500_.jpg\",\"datePublished\":\"2023-04-10T13:49:43+00:00\",\"description\":\"Markt-XXL Nasenhaartrimmer, 3 in 1 Nasenhaarschneider USB Wiederaufladbar Ohrhaarschneider, Professioneller Schmerzfreier Augenbrauen Gesichtshaarschneider, Haarschneider mit Ladekabel, f\u00fcr M\u00e4nner und Frauen\",\"breadcrumb\":{\"@id\":\"https:\\\/\\\/marktxxl.de\\\/markt\\\/produkt\\\/nasenhaartrimmer-3-in-1-nasenhaarschneider-usb-wiederaufladbar-ohrhaarschneider-professioneller-schmerzfreier-augenbrauen-gesichtshaarschneider-haarschneider-mit-ladekabel-fuer-maenner-und-frauen\\\/#breadcrumb\"},\"inLanguage\":\"de\",\"potentialAction\":[{\"@type\":\"ReadAction\",\"target\":[\"https:\\\/\\\/marktxxl.de\\\/markt\\\/produkt\\\/nasenhaartrimmer-3-in-1-nasenhaarschneider-usb-wiederaufladbar-ohrhaarschneider-professioneller-schmerzfreier-augenbrauen-gesichtshaarschneider-haarschneider-mit-ladekabel-fuer-maenner-und-frauen\\\/\"]}]},{\"@type\":\"ImageObject\",\"inLanguage\":\"de\",\"@id\":\"https:\\\/\\\/marktxxl.de\\\/markt\\\/produkt\\\/nasenhaartrimmer-3-in-1-nasenhaarschneider-usb-wiederaufladbar-ohrhaarschneider-professioneller-schmerzfreier-augenbrauen-gesichtshaarschneider-haarschneider-mit-ladekabel-fuer-maenner-und-frauen\\\/#primaryimage\",\"url\":\"https:\\\/\\\/m.media-amazon.com\\\/images\\\/I\\\/51Ciczl2UUL._SL500_.jpg\",\"contentUrl\":\"https:\\\/\\\/m.media-amazon.com\\\/images\\\/I\\\/51Ciczl2UUL._SL500_.jpg\",\"width\":500,\"height\":500},{\"@type\":\"BreadcrumbList\",\"@id\":\"https:\\\/\\\/marktxxl.de\\\/markt\\\/produkt\\\/nasenhaartrimmer-3-in-1-nasenhaarschneider-usb-wiederaufladbar-ohrhaarschneider-professioneller-schmerzfreier-augenbrauen-gesichtshaarschneider-haarschneider-mit-ladekabel-fuer-maenner-und-frauen\\\/#breadcrumb\",\"itemListElement\":[{\"@type\":\"ListItem\",\"position\":1,\"name\":\"Startseite\",\"item\":\"https:\\\/\\\/marktxxl.de\\\/markt\\\/\"},{\"@type\":\"ListItem\",\"position\":2,\"name\":\"Markt\",\"item\":\"https:\\\/\\\/marktxxl.de\\\/markt\\\/\"},{\"@type\":\"ListItem\",\"position\":3,\"name\":\"Nasenhaartrimmer, 3 in 1 Nasenhaarschneider USB Wiederaufladbar Ohrhaarschneider, Professioneller Schmerzfreier Augenbrauen Gesichtshaarschneider, Haarschneider mit Ladekabel, f\u00fcr M\u00e4nner und Frauen\"}]},{\"@type\":\"WebSite\",\"@id\":\"https:\\\/\\\/marktxxl.de\\\/markt\\\/#website\",\"url\":\"https:\\\/\\\/marktxxl.de\\\/markt\\\/\",\"name\":\"Markt-XXL\",\"description\":\"Ihr Markt Online\",\"publisher\":{\"@id\":\"https:\\\/\\\/marktxxl.de\\\/markt\\\/#organization\"},\"potentialAction\":[{\"@type\":\"SearchAction\",\"target\":{\"@type\":\"EntryPoint\",\"urlTemplate\":\"https:\\\/\\\/marktxxl.de\\\/markt\\\/?s={search_term_string}\"},\"query-input\":{\"@type\":\"PropertyValueSpecification\",\"valueRequired\":true,\"valueName\":\"search_term_string\"}}],\"inLanguage\":\"de\"},{\"@type\":\"Organization\",\"@id\":\"https:\\\/\\\/marktxxl.de\\\/markt\\\/#organization\",\"name\":\"Markt-XXL\",\"url\":\"https:\\\/\\\/marktxxl.de\\\/markt\\\/\",\"logo\":{\"@type\":\"ImageObject\",\"inLanguage\":\"de\",\"@id\":\"https:\\\/\\\/marktxxl.de\\\/markt\\\/#\\\/schema\\\/logo\\\/image\\\/\",\"url\":\"https:\\\/\\\/marktxxl.de\\\/markt\\\/wp-content\\\/uploads\\\/sites\\\/3\\\/2020\\\/12\\\/logo.png\",\"contentUrl\":\"https:\\\/\\\/marktxxl.de\\\/markt\\\/wp-content\\\/uploads\\\/sites\\\/3\\\/2020\\\/12\\\/logo.png\",\"width\":200,\"height\":70,\"caption\":\"Markt-XXL\"},\"image\":{\"@id\":\"https:\\\/\\\/marktxxl.de\\\/markt\\\/#\\\/schema\\\/logo\\\/image\\\/\"}}]}<\/script>\n<!-- \/ Yoast SEO plugin. -->","yoast_head_json":{"title":"Nasenhaartrimmer, 3 in 1 Nasenhaarschneider USB Wiederaufladbar Ohrhaarschneider, Professioneller Schmerzfreier Augenbrauen Gesichtshaarschneider, Haarschneider mit Ladekabel, f\u00fcr M\u00e4nner und Frauen - Markt-XXL","description":"Markt-XXL Nasenhaartrimmer, 3 in 1 Nasenhaarschneider USB Wiederaufladbar Ohrhaarschneider, Professioneller Schmerzfreier Augenbrauen Gesichtshaarschneider, Haarschneider mit Ladekabel, f\u00fcr M\u00e4nner und Frauen","robots":{"index":"index","follow":"follow","max-snippet":"max-snippet:-1","max-image-preview":"max-image-preview:large","max-video-preview":"max-video-preview:-1"},"canonical":"https:\/\/marktxxl.de\/markt\/produkt\/nasenhaartrimmer-3-in-1-nasenhaarschneider-usb-wiederaufladbar-ohrhaarschneider-professioneller-schmerzfreier-augenbrauen-gesichtshaarschneider-haarschneider-mit-ladekabel-fuer-maenner-und-frauen\/","og_locale":"de_DE","og_type":"article","og_title":"Nasenhaartrimmer, 3 in 1 Nasenhaarschneider USB Wiederaufladbar Ohrhaarschneider, Professioneller Schmerzfreier Augenbrauen Gesichtshaarschneider, Haarschneider mit Ladekabel, f\u00fcr M\u00e4nner und Frauen - Markt-XXL","og_description":"Markt-XXL Nasenhaartrimmer, 3 in 1 Nasenhaarschneider USB Wiederaufladbar Ohrhaarschneider, Professioneller Schmerzfreier Augenbrauen Gesichtshaarschneider, Haarschneider mit Ladekabel, f\u00fcr M\u00e4nner und Frauen","og_url":"https:\/\/marktxxl.de\/markt\/produkt\/nasenhaartrimmer-3-in-1-nasenhaarschneider-usb-wiederaufladbar-ohrhaarschneider-professioneller-schmerzfreier-augenbrauen-gesichtshaarschneider-haarschneider-mit-ladekabel-fuer-maenner-und-frauen\/","og_site_name":"Markt-XXL","twitter_card":"summary_large_image","twitter_misc":{"Gesch\u00e4tzte Lesezeit":"2\u00a0Minuten"},"schema":{"@context":"https:\/\/schema.org","@graph":[{"@type":"WebPage","@id":"https:\/\/marktxxl.de\/markt\/produkt\/nasenhaartrimmer-3-in-1-nasenhaarschneider-usb-wiederaufladbar-ohrhaarschneider-professioneller-schmerzfreier-augenbrauen-gesichtshaarschneider-haarschneider-mit-ladekabel-fuer-maenner-und-frauen\/","url":"https:\/\/marktxxl.de\/markt\/produkt\/nasenhaartrimmer-3-in-1-nasenhaarschneider-usb-wiederaufladbar-ohrhaarschneider-professioneller-schmerzfreier-augenbrauen-gesichtshaarschneider-haarschneider-mit-ladekabel-fuer-maenner-und-frauen\/","name":"Nasenhaartrimmer, 3 in 1 Nasenhaarschneider USB Wiederaufladbar Ohrhaarschneider, Professioneller Schmerzfreier Augenbrauen Gesichtshaarschneider, Haarschneider mit Ladekabel, f\u00fcr M\u00e4nner und Frauen - Markt-XXL","isPartOf":{"@id":"https:\/\/marktxxl.de\/markt\/#website"},"primaryImageOfPage":{"@id":"https:\/\/marktxxl.de\/markt\/produkt\/nasenhaartrimmer-3-in-1-nasenhaarschneider-usb-wiederaufladbar-ohrhaarschneider-professioneller-schmerzfreier-augenbrauen-gesichtshaarschneider-haarschneider-mit-ladekabel-fuer-maenner-und-frauen\/#primaryimage"},"image":{"@id":"https:\/\/marktxxl.de\/markt\/produkt\/nasenhaartrimmer-3-in-1-nasenhaarschneider-usb-wiederaufladbar-ohrhaarschneider-professioneller-schmerzfreier-augenbrauen-gesichtshaarschneider-haarschneider-mit-ladekabel-fuer-maenner-und-frauen\/#primaryimage"},"thumbnailUrl":"https:\/\/m.media-amazon.com\/images\/I\/51Ciczl2UUL._SL500_.jpg","datePublished":"2023-04-10T13:49:43+00:00","description":"Markt-XXL Nasenhaartrimmer, 3 in 1 Nasenhaarschneider USB Wiederaufladbar Ohrhaarschneider, Professioneller Schmerzfreier Augenbrauen Gesichtshaarschneider, Haarschneider mit Ladekabel, f\u00fcr M\u00e4nner und Frauen","breadcrumb":{"@id":"https:\/\/marktxxl.de\/markt\/produkt\/nasenhaartrimmer-3-in-1-nasenhaarschneider-usb-wiederaufladbar-ohrhaarschneider-professioneller-schmerzfreier-augenbrauen-gesichtshaarschneider-haarschneider-mit-ladekabel-fuer-maenner-und-frauen\/#breadcrumb"},"inLanguage":"de","potentialAction":[{"@type":"ReadAction","target":["https:\/\/marktxxl.de\/markt\/produkt\/nasenhaartrimmer-3-in-1-nasenhaarschneider-usb-wiederaufladbar-ohrhaarschneider-professioneller-schmerzfreier-augenbrauen-gesichtshaarschneider-haarschneider-mit-ladekabel-fuer-maenner-und-frauen\/"]}]},{"@type":"ImageObject","inLanguage":"de","@id":"https:\/\/marktxxl.de\/markt\/produkt\/nasenhaartrimmer-3-in-1-nasenhaarschneider-usb-wiederaufladbar-ohrhaarschneider-professioneller-schmerzfreier-augenbrauen-gesichtshaarschneider-haarschneider-mit-ladekabel-fuer-maenner-und-frauen\/#primaryimage","url":"https:\/\/m.media-amazon.com\/images\/I\/51Ciczl2UUL._SL500_.jpg","contentUrl":"https:\/\/m.media-amazon.com\/images\/I\/51Ciczl2UUL._SL500_.jpg","width":500,"height":500},{"@type":"BreadcrumbList","@id":"https:\/\/marktxxl.de\/markt\/produkt\/nasenhaartrimmer-3-in-1-nasenhaarschneider-usb-wiederaufladbar-ohrhaarschneider-professioneller-schmerzfreier-augenbrauen-gesichtshaarschneider-haarschneider-mit-ladekabel-fuer-maenner-und-frauen\/#breadcrumb","itemListElement":[{"@type":"ListItem","position":1,"name":"Startseite","item":"https:\/\/marktxxl.de\/markt\/"},{"@type":"ListItem","position":2,"name":"Markt","item":"https:\/\/marktxxl.de\/markt\/"},{"@type":"ListItem","position":3,"name":"Nasenhaartrimmer, 3 in 1 Nasenhaarschneider USB Wiederaufladbar Ohrhaarschneider, Professioneller Schmerzfreier Augenbrauen Gesichtshaarschneider, Haarschneider mit Ladekabel, f\u00fcr M\u00e4nner und Frauen"}]},{"@type":"WebSite","@id":"https:\/\/marktxxl.de\/markt\/#website","url":"https:\/\/marktxxl.de\/markt\/","name":"Markt-XXL","description":"Ihr Markt Online","publisher":{"@id":"https:\/\/marktxxl.de\/markt\/#organization"},"potentialAction":[{"@type":"SearchAction","target":{"@type":"EntryPoint","urlTemplate":"https:\/\/marktxxl.de\/markt\/?s={search_term_string}"},"query-input":{"@type":"PropertyValueSpecification","valueRequired":true,"valueName":"search_term_string"}}],"inLanguage":"de"},{"@type":"Organization","@id":"https:\/\/marktxxl.de\/markt\/#organization","name":"Markt-XXL","url":"https:\/\/marktxxl.de\/markt\/","logo":{"@type":"ImageObject","inLanguage":"de","@id":"https:\/\/marktxxl.de\/markt\/#\/schema\/logo\/image\/","url":"https:\/\/marktxxl.de\/markt\/wp-content\/uploads\/sites\/3\/2020\/12\/logo.png","contentUrl":"https:\/\/marktxxl.de\/markt\/wp-content\/uploads\/sites\/3\/2020\/12\/logo.png","width":200,"height":70,"caption":"Markt-XXL"},"image":{"@id":"https:\/\/marktxxl.de\/markt\/#\/schema\/logo\/image\/"}}]}},"_links":{"self":[{"href":"https:\/\/marktxxl.de\/markt\/wp-json\/wp\/v2\/product\/202745","targetHints":{"allow":["GET"]}}],"collection":[{"href":"https:\/\/marktxxl.de\/markt\/wp-json\/wp\/v2\/product"}],"about":[{"href":"https:\/\/marktxxl.de\/markt\/wp-json\/wp\/v2\/types\/product"}],"replies":[{"embeddable":true,"href":"https:\/\/marktxxl.de\/markt\/wp-json\/wp\/v2\/comments?post=202745"}],"wp:featuredmedia":[{"embeddable":true,"href":"https:\/\/marktxxl.de\/markt\/wp-json\/wp\/v2\/media\/202746"}],"wp:attachment":[{"href":"https:\/\/marktxxl.de\/markt\/wp-json\/wp\/v2\/media?parent=202745"}],"wp:term":[{"taxonomy":"product_brand","embeddable":true,"href":"https:\/\/marktxxl.de\/markt\/wp-json\/wp\/v2\/product_brand?post=202745"},{"taxonomy":"product_cat","embeddable":true,"href":"https:\/\/marktxxl.de\/markt\/wp-json\/wp\/v2\/product_cat?post=202745"},{"taxonomy":"product_tag","embeddable":true,"href":"https:\/\/marktxxl.de\/markt\/wp-json\/wp\/v2\/product_tag?post=202745"}],"curies":[{"name":"wp","href":"https:\/\/api.w.org\/{rel}","templated":true}]}}