{"id":202728,"date":"2023-04-10T15:49:18","date_gmt":"2023-04-10T13:49:18","guid":{"rendered":"https:\/\/marktxxl.de\/markt\/produkt\/isopropanol-alkohol-999-reiniger-und-entfetter-1-000ml-zum-reinigen-und-entfetten\/"},"modified":"2023-04-10T15:49:18","modified_gmt":"2023-04-10T13:49:18","slug":"isopropanol-alkohol-999-reiniger-und-entfetter-1-000ml-zum-reinigen-und-entfetten","status":"publish","type":"product","link":"https:\/\/marktxxl.de\/markt\/produkt\/isopropanol-alkohol-999-reiniger-und-entfetter-1-000ml-zum-reinigen-und-entfetten\/","title":{"rendered":"Isopropanol Alkohol 99,9% Reiniger und Entfetter &#8211; 1.000ml zum Reinigen und Entfetten"},"content":{"rendered":"<p>Isopropanol 99,9 % (IPA) auch 2-Propanol genannt aus Isopropylalkohol beinhaltet keine Farb- oder Duftstoffen. Verdampft schnell, r\u00fcckstandsfrei.<br \/>\nAnwendbar auch f\u00fcr elektronisches Ger\u00e4te wie Prozessoren, GPU K\u00fchlk\u00f6rper, CCD Sensoren. Vielseitig einsetzbar im Haushalt oder als Reiniger.<br \/>\nAuch f\u00fcr Druckerpatronen Tintenstrahldrucker oder zum s\u00e4ubern des Druckerbetts. Praktischen Ausgie\u00dfer einfach zu dosieren.<br \/>\nLeicht mit Wasser zu mischen. Fettl\u00f6sendes Reinigungsmittel zum Beispiel in Haushalt, Handwerk und der Industrie.<br \/>\nLeicht mit Wasser zu mischen. Fettl\u00f6sendes Reinigungsmittel zum Beispiel in Haushalt, Handwerk und der Industrie.<br \/>\n<div class=\"main-cross-sell\" data-asin=\"B07D4N472Q\">\n\n\t<div class=\"WooZone-cross-sell-loader\">\n\t\t<div>\n\t\t\t<div id=\"floatingBarsG\">\n\t\t\t\t<div class=\"blockG\" id=\"rotateG_01\"><\/div>\n\t\t\t\t<div class=\"blockG\" id=\"rotateG_02\"><\/div>\n\t\t\t\t<div class=\"blockG\" id=\"rotateG_03\"><\/div>\n\t\t\t\t<div class=\"blockG\" id=\"rotateG_04\"><\/div>\n\t\t\t\t<div class=\"blockG\" id=\"rotateG_05\"><\/div>\n\t\t\t\t<div class=\"blockG\" id=\"rotateG_06\"><\/div>\n\t\t\t\t<div class=\"blockG\" id=\"rotateG_07\"><\/div>\n\t\t\t\t<div class=\"blockG\" id=\"rotateG_08\"><\/div>\n\t\t\t<\/div>\n\t\t\t<div class=\"WooZone-cross-sell-loader-text\"><\/div>\n\t\t<\/div>\n\t<\/div>\n\n\t\t\n<\/div>\n<div style=\"clear:both;\"><\/div><\/p>\n","protected":false},"excerpt":{"rendered":"<p>Isopropanol 99,9 % (IPA) auch 2-Propanol genannt aus Isopropylalkohol beinhaltet keine Farb- oder Duftstoffen. Verdampft schnell, r\u00fcckstandsfrei.<br \/>\nAnwendbar auch f\u00fcr elektronisches Ger\u00e4te wie Prozessoren, GPU K\u00fchlk\u00f6rper, CCD Sensoren. Vielseitig einsetzbar im Haushalt oder als Reiniger.<br \/>\nAuch f\u00fcr Druckerpatronen Tintenstrahldrucker oder zum s\u00e4ubern des Druckerbetts. Praktischen Ausgie\u00dfer einfach zu dosieren.<\/p>\n","protected":false},"featured_media":202729,"comment_status":"open","ping_status":"closed","template":"","meta":[],"product_brand":[],"product_cat":[566],"product_tag":[],"class_list":{"0":"post-202728","1":"product","2":"type-product","3":"status-publish","4":"has-post-thumbnail","6":"product_cat-drogerie-koerperpflege","7":"pa_binding-misc","8":"pa_brand-woldoclean","9":"pa_height-1-968503935-zoll","10":"pa_length-7-87401574-zoll","11":"pa_manufacturer-woldoclean","12":"pa_size-1-l-1er-pack","13":"pa_width-1-968503935-zoll","15":"first","16":"instock","17":"shipping-taxable","18":"purchasable","19":"product-type-simple","20":"customify-col","21":"product-has-gallery"},"yoast_head":"<!-- This site is optimized with the Yoast SEO plugin v27.4 - https:\/\/yoast.com\/product\/yoast-seo-wordpress\/ -->\n<title>Isopropanol Alkohol 99,9% Reiniger und Entfetter - 1.000ml zum Reinigen und Entfetten - Markt-XXL<\/title>\n<meta name=\"description\" content=\"Markt-XXL Isopropanol Alkohol 99,9% Reiniger und Entfetter - 1.000ml zum Reinigen und Entfetten\" \/>\n<meta name=\"robots\" content=\"index, follow, max-snippet:-1, max-image-preview:large, max-video-preview:-1\" \/>\n<link rel=\"canonical\" href=\"https:\/\/marktxxl.de\/markt\/produkt\/isopropanol-alkohol-999-reiniger-und-entfetter-1-000ml-zum-reinigen-und-entfetten\/\" \/>\n<meta property=\"og:locale\" content=\"de_DE\" \/>\n<meta property=\"og:type\" content=\"article\" \/>\n<meta property=\"og:title\" content=\"Isopropanol Alkohol 99,9% Reiniger und Entfetter - 1.000ml zum Reinigen und Entfetten - Markt-XXL\" \/>\n<meta property=\"og:description\" content=\"Markt-XXL Isopropanol Alkohol 99,9% Reiniger und Entfetter - 1.000ml zum Reinigen und Entfetten\" \/>\n<meta property=\"og:url\" content=\"https:\/\/marktxxl.de\/markt\/produkt\/isopropanol-alkohol-999-reiniger-und-entfetter-1-000ml-zum-reinigen-und-entfetten\/\" \/>\n<meta property=\"og:site_name\" content=\"Markt-XXL\" \/>\n<meta name=\"twitter:card\" content=\"summary_large_image\" \/>\n<script type=\"application\/ld+json\" class=\"yoast-schema-graph\">{\"@context\":\"https:\\\/\\\/schema.org\",\"@graph\":[{\"@type\":\"WebPage\",\"@id\":\"https:\\\/\\\/marktxxl.de\\\/markt\\\/produkt\\\/isopropanol-alkohol-999-reiniger-und-entfetter-1-000ml-zum-reinigen-und-entfetten\\\/\",\"url\":\"https:\\\/\\\/marktxxl.de\\\/markt\\\/produkt\\\/isopropanol-alkohol-999-reiniger-und-entfetter-1-000ml-zum-reinigen-und-entfetten\\\/\",\"name\":\"Isopropanol Alkohol 99,9% Reiniger und Entfetter - 1.000ml zum Reinigen und Entfetten - Markt-XXL\",\"isPartOf\":{\"@id\":\"https:\\\/\\\/marktxxl.de\\\/markt\\\/#website\"},\"primaryImageOfPage\":{\"@id\":\"https:\\\/\\\/marktxxl.de\\\/markt\\\/produkt\\\/isopropanol-alkohol-999-reiniger-und-entfetter-1-000ml-zum-reinigen-und-entfetten\\\/#primaryimage\"},\"image\":{\"@id\":\"https:\\\/\\\/marktxxl.de\\\/markt\\\/produkt\\\/isopropanol-alkohol-999-reiniger-und-entfetter-1-000ml-zum-reinigen-und-entfetten\\\/#primaryimage\"},\"thumbnailUrl\":\"https:\\\/\\\/m.media-amazon.com\\\/images\\\/I\\\/414uSbCMN+L._SL500_.jpg\",\"datePublished\":\"2023-04-10T13:49:18+00:00\",\"description\":\"Markt-XXL Isopropanol Alkohol 99,9% Reiniger und Entfetter - 1.000ml zum Reinigen und Entfetten\",\"breadcrumb\":{\"@id\":\"https:\\\/\\\/marktxxl.de\\\/markt\\\/produkt\\\/isopropanol-alkohol-999-reiniger-und-entfetter-1-000ml-zum-reinigen-und-entfetten\\\/#breadcrumb\"},\"inLanguage\":\"de\",\"potentialAction\":[{\"@type\":\"ReadAction\",\"target\":[\"https:\\\/\\\/marktxxl.de\\\/markt\\\/produkt\\\/isopropanol-alkohol-999-reiniger-und-entfetter-1-000ml-zum-reinigen-und-entfetten\\\/\"]}]},{\"@type\":\"ImageObject\",\"inLanguage\":\"de\",\"@id\":\"https:\\\/\\\/marktxxl.de\\\/markt\\\/produkt\\\/isopropanol-alkohol-999-reiniger-und-entfetter-1-000ml-zum-reinigen-und-entfetten\\\/#primaryimage\",\"url\":\"https:\\\/\\\/m.media-amazon.com\\\/images\\\/I\\\/414uSbCMN+L._SL500_.jpg\",\"contentUrl\":\"https:\\\/\\\/m.media-amazon.com\\\/images\\\/I\\\/414uSbCMN+L._SL500_.jpg\",\"width\":426,\"height\":500},{\"@type\":\"BreadcrumbList\",\"@id\":\"https:\\\/\\\/marktxxl.de\\\/markt\\\/produkt\\\/isopropanol-alkohol-999-reiniger-und-entfetter-1-000ml-zum-reinigen-und-entfetten\\\/#breadcrumb\",\"itemListElement\":[{\"@type\":\"ListItem\",\"position\":1,\"name\":\"Startseite\",\"item\":\"https:\\\/\\\/marktxxl.de\\\/markt\\\/\"},{\"@type\":\"ListItem\",\"position\":2,\"name\":\"Markt\",\"item\":\"https:\\\/\\\/marktxxl.de\\\/markt\\\/\"},{\"@type\":\"ListItem\",\"position\":3,\"name\":\"Isopropanol Alkohol 99,9% Reiniger und Entfetter &#8211; 1.000ml zum Reinigen und Entfetten\"}]},{\"@type\":\"WebSite\",\"@id\":\"https:\\\/\\\/marktxxl.de\\\/markt\\\/#website\",\"url\":\"https:\\\/\\\/marktxxl.de\\\/markt\\\/\",\"name\":\"Markt-XXL\",\"description\":\"Ihr Markt Online\",\"publisher\":{\"@id\":\"https:\\\/\\\/marktxxl.de\\\/markt\\\/#organization\"},\"potentialAction\":[{\"@type\":\"SearchAction\",\"target\":{\"@type\":\"EntryPoint\",\"urlTemplate\":\"https:\\\/\\\/marktxxl.de\\\/markt\\\/?s={search_term_string}\"},\"query-input\":{\"@type\":\"PropertyValueSpecification\",\"valueRequired\":true,\"valueName\":\"search_term_string\"}}],\"inLanguage\":\"de\"},{\"@type\":\"Organization\",\"@id\":\"https:\\\/\\\/marktxxl.de\\\/markt\\\/#organization\",\"name\":\"Markt-XXL\",\"url\":\"https:\\\/\\\/marktxxl.de\\\/markt\\\/\",\"logo\":{\"@type\":\"ImageObject\",\"inLanguage\":\"de\",\"@id\":\"https:\\\/\\\/marktxxl.de\\\/markt\\\/#\\\/schema\\\/logo\\\/image\\\/\",\"url\":\"https:\\\/\\\/marktxxl.de\\\/markt\\\/wp-content\\\/uploads\\\/sites\\\/3\\\/2020\\\/12\\\/logo.png\",\"contentUrl\":\"https:\\\/\\\/marktxxl.de\\\/markt\\\/wp-content\\\/uploads\\\/sites\\\/3\\\/2020\\\/12\\\/logo.png\",\"width\":200,\"height\":70,\"caption\":\"Markt-XXL\"},\"image\":{\"@id\":\"https:\\\/\\\/marktxxl.de\\\/markt\\\/#\\\/schema\\\/logo\\\/image\\\/\"}}]}<\/script>\n<!-- \/ Yoast SEO plugin. -->","yoast_head_json":{"title":"Isopropanol Alkohol 99,9% Reiniger und Entfetter - 1.000ml zum Reinigen und Entfetten - Markt-XXL","description":"Markt-XXL Isopropanol Alkohol 99,9% Reiniger und Entfetter - 1.000ml zum Reinigen und Entfetten","robots":{"index":"index","follow":"follow","max-snippet":"max-snippet:-1","max-image-preview":"max-image-preview:large","max-video-preview":"max-video-preview:-1"},"canonical":"https:\/\/marktxxl.de\/markt\/produkt\/isopropanol-alkohol-999-reiniger-und-entfetter-1-000ml-zum-reinigen-und-entfetten\/","og_locale":"de_DE","og_type":"article","og_title":"Isopropanol Alkohol 99,9% Reiniger und Entfetter - 1.000ml zum Reinigen und Entfetten - Markt-XXL","og_description":"Markt-XXL Isopropanol Alkohol 99,9% Reiniger und Entfetter - 1.000ml zum Reinigen und Entfetten","og_url":"https:\/\/marktxxl.de\/markt\/produkt\/isopropanol-alkohol-999-reiniger-und-entfetter-1-000ml-zum-reinigen-und-entfetten\/","og_site_name":"Markt-XXL","twitter_card":"summary_large_image","schema":{"@context":"https:\/\/schema.org","@graph":[{"@type":"WebPage","@id":"https:\/\/marktxxl.de\/markt\/produkt\/isopropanol-alkohol-999-reiniger-und-entfetter-1-000ml-zum-reinigen-und-entfetten\/","url":"https:\/\/marktxxl.de\/markt\/produkt\/isopropanol-alkohol-999-reiniger-und-entfetter-1-000ml-zum-reinigen-und-entfetten\/","name":"Isopropanol Alkohol 99,9% Reiniger und Entfetter - 1.000ml zum Reinigen und Entfetten - Markt-XXL","isPartOf":{"@id":"https:\/\/marktxxl.de\/markt\/#website"},"primaryImageOfPage":{"@id":"https:\/\/marktxxl.de\/markt\/produkt\/isopropanol-alkohol-999-reiniger-und-entfetter-1-000ml-zum-reinigen-und-entfetten\/#primaryimage"},"image":{"@id":"https:\/\/marktxxl.de\/markt\/produkt\/isopropanol-alkohol-999-reiniger-und-entfetter-1-000ml-zum-reinigen-und-entfetten\/#primaryimage"},"thumbnailUrl":"https:\/\/m.media-amazon.com\/images\/I\/414uSbCMN+L._SL500_.jpg","datePublished":"2023-04-10T13:49:18+00:00","description":"Markt-XXL Isopropanol Alkohol 99,9% Reiniger und Entfetter - 1.000ml zum Reinigen und Entfetten","breadcrumb":{"@id":"https:\/\/marktxxl.de\/markt\/produkt\/isopropanol-alkohol-999-reiniger-und-entfetter-1-000ml-zum-reinigen-und-entfetten\/#breadcrumb"},"inLanguage":"de","potentialAction":[{"@type":"ReadAction","target":["https:\/\/marktxxl.de\/markt\/produkt\/isopropanol-alkohol-999-reiniger-und-entfetter-1-000ml-zum-reinigen-und-entfetten\/"]}]},{"@type":"ImageObject","inLanguage":"de","@id":"https:\/\/marktxxl.de\/markt\/produkt\/isopropanol-alkohol-999-reiniger-und-entfetter-1-000ml-zum-reinigen-und-entfetten\/#primaryimage","url":"https:\/\/m.media-amazon.com\/images\/I\/414uSbCMN+L._SL500_.jpg","contentUrl":"https:\/\/m.media-amazon.com\/images\/I\/414uSbCMN+L._SL500_.jpg","width":426,"height":500},{"@type":"BreadcrumbList","@id":"https:\/\/marktxxl.de\/markt\/produkt\/isopropanol-alkohol-999-reiniger-und-entfetter-1-000ml-zum-reinigen-und-entfetten\/#breadcrumb","itemListElement":[{"@type":"ListItem","position":1,"name":"Startseite","item":"https:\/\/marktxxl.de\/markt\/"},{"@type":"ListItem","position":2,"name":"Markt","item":"https:\/\/marktxxl.de\/markt\/"},{"@type":"ListItem","position":3,"name":"Isopropanol Alkohol 99,9% Reiniger und Entfetter &#8211; 1.000ml zum Reinigen und Entfetten"}]},{"@type":"WebSite","@id":"https:\/\/marktxxl.de\/markt\/#website","url":"https:\/\/marktxxl.de\/markt\/","name":"Markt-XXL","description":"Ihr Markt Online","publisher":{"@id":"https:\/\/marktxxl.de\/markt\/#organization"},"potentialAction":[{"@type":"SearchAction","target":{"@type":"EntryPoint","urlTemplate":"https:\/\/marktxxl.de\/markt\/?s={search_term_string}"},"query-input":{"@type":"PropertyValueSpecification","valueRequired":true,"valueName":"search_term_string"}}],"inLanguage":"de"},{"@type":"Organization","@id":"https:\/\/marktxxl.de\/markt\/#organization","name":"Markt-XXL","url":"https:\/\/marktxxl.de\/markt\/","logo":{"@type":"ImageObject","inLanguage":"de","@id":"https:\/\/marktxxl.de\/markt\/#\/schema\/logo\/image\/","url":"https:\/\/marktxxl.de\/markt\/wp-content\/uploads\/sites\/3\/2020\/12\/logo.png","contentUrl":"https:\/\/marktxxl.de\/markt\/wp-content\/uploads\/sites\/3\/2020\/12\/logo.png","width":200,"height":70,"caption":"Markt-XXL"},"image":{"@id":"https:\/\/marktxxl.de\/markt\/#\/schema\/logo\/image\/"}}]}},"_links":{"self":[{"href":"https:\/\/marktxxl.de\/markt\/wp-json\/wp\/v2\/product\/202728","targetHints":{"allow":["GET"]}}],"collection":[{"href":"https:\/\/marktxxl.de\/markt\/wp-json\/wp\/v2\/product"}],"about":[{"href":"https:\/\/marktxxl.de\/markt\/wp-json\/wp\/v2\/types\/product"}],"replies":[{"embeddable":true,"href":"https:\/\/marktxxl.de\/markt\/wp-json\/wp\/v2\/comments?post=202728"}],"wp:featuredmedia":[{"embeddable":true,"href":"https:\/\/marktxxl.de\/markt\/wp-json\/wp\/v2\/media\/202729"}],"wp:attachment":[{"href":"https:\/\/marktxxl.de\/markt\/wp-json\/wp\/v2\/media?parent=202728"}],"wp:term":[{"taxonomy":"product_brand","embeddable":true,"href":"https:\/\/marktxxl.de\/markt\/wp-json\/wp\/v2\/product_brand?post=202728"},{"taxonomy":"product_cat","embeddable":true,"href":"https:\/\/marktxxl.de\/markt\/wp-json\/wp\/v2\/product_cat?post=202728"},{"taxonomy":"product_tag","embeddable":true,"href":"https:\/\/marktxxl.de\/markt\/wp-json\/wp\/v2\/product_tag?post=202728"}],"curies":[{"name":"wp","href":"https:\/\/api.w.org\/{rel}","templated":true}]}}